{"id":2766,"date":"2011-09-20T17:14:42","date_gmt":"2011-09-20T15:14:42","guid":{"rendered":"http:\/\/abc-latina.com\/teofilo_cubillas-htm\/"},"modified":"2026-04-30T18:25:30","modified_gmt":"2026-04-30T16:25:30","slug":"teofilo_cubillas","status":"publish","type":"page","link":"https:\/\/abc-latina.com\/sport\/sportifs\/teofilo_cubillas\/","title":{"rendered":"Teofilio CUBILLAS"},"content":{"rendered":"<p><span class=\"tourisme-chapitre\">Te\u00f3filo Cubillas<\/span> est un ancien footballeur p\u00e9ruvien n\u00e9 le 8 mars 1949 \u00e0 <a href=\"https:\/\/www.abc-latina.com\/perou\/lima\" target=\"_blank\">Lima<\/a>.<\/p>\n<div>Si la Coupe du monde de football 1970 est souvent consid\u00e9r\u00e9e comme la plus spectaculaire de l&rsquo;histoire, c&rsquo;est aussi parce qu&rsquo;elle a r\u00e9v\u00e9l\u00e9 d&rsquo;incroyables artistes. Parmi eux, le P\u00e9ruvien Te\u00f3filo Cubillas. Couv\u00e9 par le prodige br\u00e9silien Didi, ce jeune avant-centre \u00e9pate la plan\u00e8te d\u00e8s le premier match contre la Bulgarie (3-2). Apr\u00e8s s&rsquo;\u00eatre jou\u00e9 de trois d\u00e9fenseurs, il conclut son action par une frappe dans la lucarne. Les observateurs sont \u00e9bahis par sa technique, sa percussion et sa complicit\u00e9 en attaque avec Hugo Sotil. Cubillas ne s&rsquo;arr\u00eatera pas \u00e0 ce coup d&rsquo;\u00e9clat, et avec 10 buts inscrits en trois participations (1970, 1978 et 1982), il pointe toujours au septi\u00e8me rang des buteurs, toutes phases finales confondues.<\/div>\n<div>&nbsp;<\/div>\n<div><a href=\"https:\/\/www.abc-latina.com\/sport\/football\/meilleur_footballeur_sud_americain\">Elu meilleur joueur sud-am\u00e9ricain de l&rsquo;ann\u00e9e<\/a> 1972, ni le FC B\u00e2le ni le FC Porto ne lui permettront de d\u00e9montrer l&rsquo;\u00e9tendue de son talent. Cubillas remporta la <a href=\"https:\/\/www.abc-latina.com\/sport\/football\/copa_america\">Copa America<\/a> sous le maillot national du <a href=\"https:\/\/www.abc-latina.com\/perou\/\" target=\"_blank\">P\u00e9rou<\/a> en 1975 avec lequel il compte 26 buts en 81 s\u00e9lections. Mais sa carri\u00e8re en club ne fut pas \u00e0 la hauteur, et Santiago Bernab\u00e9u, alors pr\u00e9sident du Real Madrid, se mordra les doigts de ne pas avoir associ\u00e9 les deux complices p\u00e9ruviens sous le maillot Merengue.<\/div>\n<p><a href=\"https:\/\/www.abc-latina.com\/sport\/football\/perou\">Le football p\u00e9ruvien<\/a>&nbsp;<br \/><a href=\"https:\/\/www.abc-latina.com\/sport\/bresil\">Le sport au Br\u00e9sil<\/a>&nbsp;<br \/><a href=\"https:\/\/www.abc-latina.com\/sport\/sportifs\/\">Autres sportifs latino-am\u00e9ricains<\/a>&nbsp;<br \/><a href=\"https:\/\/www.abc-latina.com\/perou\/\" target=\"_blank\">Le P\u00e9rou<\/a><\/p>\n","protected":false},"excerpt":{"rendered":"<p>Te\u00f3filo Cubillas est un ancien footballeur p\u00e9ruvien n\u00e9 le 8 mars 1949 \u00e0 Lima. Si la Coupe du monde de [&hellip;]<\/p>\n","protected":false},"author":3,"featured_media":0,"parent":2777,"menu_order":0,"comment_status":"closed","ping_status":"closed","template":"","meta":{"site-sidebar-layout":"default","site-content-layout":"","ast-site-content-layout":"default","site-content-style":"default","site-sidebar-style":"default","ast-global-header-display":"","ast-banner-title-visibility":"","ast-main-header-display":"","ast-hfb-above-header-display":"","ast-hfb-below-header-display":"","ast-hfb-mobile-header-display":"","site-post-title":"","ast-breadcrumbs-content":"","ast-featured-img":"","footer-sml-layout":"","ast-disable-related-posts":"","theme-transparent-header-meta":"","adv-header-id-meta":"","stick-header-meta":"","header-above-stick-meta":"","header-main-stick-meta":"","header-below-stick-meta":"","astra-migrate-meta-layouts":"default","ast-page-background-enabled":"default","ast-page-background-meta":{"desktop":{"background-color":"var(--ast-global-color-5)","background-image":"","background-repeat":"repeat","background-position":"center center","background-size":"auto","background-attachment":"scroll","background-type":"","background-media":"","overlay-type":"","overlay-color":"","overlay-opacity":"","overlay-gradient":""},"tablet":{"background-color":"","background-image":"","background-repeat":"repeat","background-position":"center center","background-size":"auto","background-attachment":"scroll","background-type":"","background-media":"","overlay-type":"","overlay-color":"","overlay-opacity":"","overlay-gradient":""},"mobile":{"background-color":"","background-image":"","background-repeat":"repeat","background-position":"center center","background-size":"auto","background-attachment":"scroll","background-type":"","background-media":"","overlay-type":"","overlay-color":"","overlay-opacity":"","overlay-gradient":""}},"ast-content-background-meta":{"desktop":{"background-color":"var(--ast-global-color-4)","background-image":"","background-repeat":"repeat","background-position":"center center","background-size":"auto","background-attachment":"scroll","background-type":"","background-media":"","overlay-type":"","overlay-color":"","overlay-opacity":"","overlay-gradient":""},"tablet":{"background-color":"var(--ast-global-color-4)","background-image":"","background-repeat":"repeat","background-position":"center center","background-size":"auto","background-attachment":"scroll","background-type":"","background-media":"","overlay-type":"","overlay-color":"","overlay-opacity":"","overlay-gradient":""},"mobile":{"background-color":"var(--ast-global-color-4)","background-image":"","background-repeat":"repeat","background-position":"center center","background-size":"auto","background-attachment":"scroll","background-type":"","background-media":"","overlay-type":"","overlay-color":"","overlay-opacity":"","overlay-gradient":""}},"footnotes":""},"class_list":["post-2766","page","type-page","status-publish","hentry"],"yoast_head":"<!-- This site is optimized with the Yoast SEO plugin v27.5 - https:\/\/yoast.com\/product\/yoast-seo-wordpress\/ -->\n<title>Teofilio CUBILLAS - Abc-latina<\/title>\n<meta name=\"description\" content=\"Le footballeur p\u00e9ruvien, Teofilo Cubillas.\" \/>\n<meta name=\"robots\" content=\"index, follow, max-snippet:-1, max-image-preview:large, max-video-preview:-1\" \/>\n<link rel=\"canonical\" href=\"https:\/\/abc-latina.com\/sport\/sportifs\/teofilo_cubillas\/\" \/>\n<meta property=\"og:locale\" content=\"fr_FR\" \/>\n<meta property=\"og:type\" content=\"article\" \/>\n<meta property=\"og:title\" content=\"Teofilio CUBILLAS - Abc-latina\" \/>\n<meta property=\"og:description\" content=\"Le footballeur p\u00e9ruvien, Teofilo Cubillas.\" \/>\n<meta property=\"og:url\" content=\"https:\/\/abc-latina.com\/sport\/sportifs\/teofilo_cubillas\/\" \/>\n<meta property=\"og:site_name\" content=\"Abc-latina\" \/>\n<meta property=\"article:modified_time\" content=\"2026-04-30T16:25:30+00:00\" \/>\n<meta name=\"twitter:card\" content=\"summary_large_image\" \/>\n<meta name=\"twitter:label1\" content=\"Dur\u00e9e de lecture estim\u00e9e\" \/>\n\t<meta name=\"twitter:data1\" content=\"1 minute\" \/>\n<script type=\"application\/ld+json\" class=\"yoast-schema-graph\">{\"@context\":\"https:\\\/\\\/schema.org\",\"@graph\":[{\"@type\":\"WebPage\",\"@id\":\"https:\\\/\\\/abc-latina.com\\\/sport\\\/sportifs\\\/teofilo_cubillas\\\/\",\"url\":\"https:\\\/\\\/abc-latina.com\\\/sport\\\/sportifs\\\/teofilo_cubillas\\\/\",\"name\":\"Teofilio CUBILLAS - Abc-latina\",\"isPartOf\":{\"@id\":\"https:\\\/\\\/abc-latina.com\\\/#website\"},\"datePublished\":\"2011-09-20T15:14:42+00:00\",\"dateModified\":\"2026-04-30T16:25:30+00:00\",\"description\":\"Le footballeur p\u00e9ruvien, Teofilo Cubillas.\",\"breadcrumb\":{\"@id\":\"https:\\\/\\\/abc-latina.com\\\/sport\\\/sportifs\\\/teofilo_cubillas\\\/#breadcrumb\"},\"inLanguage\":\"fr-FR\",\"potentialAction\":[{\"@type\":\"ReadAction\",\"target\":[\"https:\\\/\\\/abc-latina.com\\\/sport\\\/sportifs\\\/teofilo_cubillas\\\/\"]}]},{\"@type\":\"BreadcrumbList\",\"@id\":\"https:\\\/\\\/abc-latina.com\\\/sport\\\/sportifs\\\/teofilo_cubillas\\\/#breadcrumb\",\"itemListElement\":[{\"@type\":\"ListItem\",\"position\":1,\"name\":\"Accueil\",\"item\":\"https:\\\/\\\/abc-latina.com\\\/\"},{\"@type\":\"ListItem\",\"position\":2,\"name\":\"Teofilio CUBILLAS\"}]},{\"@type\":\"WebSite\",\"@id\":\"https:\\\/\\\/abc-latina.com\\\/#website\",\"url\":\"https:\\\/\\\/abc-latina.com\\\/\",\"name\":\"Abc-latina\",\"description\":\"\",\"publisher\":{\"@id\":\"https:\\\/\\\/abc-latina.com\\\/#organization\"},\"potentialAction\":[{\"@type\":\"SearchAction\",\"target\":{\"@type\":\"EntryPoint\",\"urlTemplate\":\"https:\\\/\\\/abc-latina.com\\\/?s={search_term_string}\"},\"query-input\":{\"@type\":\"PropertyValueSpecification\",\"valueRequired\":true,\"valueName\":\"search_term_string\"}}],\"inLanguage\":\"fr-FR\"},{\"@type\":\"Organization\",\"@id\":\"https:\\\/\\\/abc-latina.com\\\/#organization\",\"name\":\"Abc-latina\",\"url\":\"https:\\\/\\\/abc-latina.com\\\/\",\"logo\":{\"@type\":\"ImageObject\",\"inLanguage\":\"fr-FR\",\"@id\":\"https:\\\/\\\/abc-latina.com\\\/#\\\/schema\\\/logo\\\/image\\\/\",\"url\":\"https:\\\/\\\/abc-latina.com\\\/wp-content\\\/uploads\\\/2026\\\/05\\\/cropped-logo.gif\",\"contentUrl\":\"https:\\\/\\\/abc-latina.com\\\/wp-content\\\/uploads\\\/2026\\\/05\\\/cropped-logo.gif\",\"width\":89,\"height\":84,\"caption\":\"Abc-latina\"},\"image\":{\"@id\":\"https:\\\/\\\/abc-latina.com\\\/#\\\/schema\\\/logo\\\/image\\\/\"}}]}<\/script>\n<!-- \/ Yoast SEO plugin. -->","yoast_head_json":{"title":"Teofilio CUBILLAS - Abc-latina","description":"Le footballeur p\u00e9ruvien, Teofilo Cubillas.","robots":{"index":"index","follow":"follow","max-snippet":"max-snippet:-1","max-image-preview":"max-image-preview:large","max-video-preview":"max-video-preview:-1"},"canonical":"https:\/\/abc-latina.com\/sport\/sportifs\/teofilo_cubillas\/","og_locale":"fr_FR","og_type":"article","og_title":"Teofilio CUBILLAS - Abc-latina","og_description":"Le footballeur p\u00e9ruvien, Teofilo Cubillas.","og_url":"https:\/\/abc-latina.com\/sport\/sportifs\/teofilo_cubillas\/","og_site_name":"Abc-latina","article_modified_time":"2026-04-30T16:25:30+00:00","twitter_card":"summary_large_image","twitter_misc":{"Dur\u00e9e de lecture estim\u00e9e":"1 minute"},"schema":{"@context":"https:\/\/schema.org","@graph":[{"@type":"WebPage","@id":"https:\/\/abc-latina.com\/sport\/sportifs\/teofilo_cubillas\/","url":"https:\/\/abc-latina.com\/sport\/sportifs\/teofilo_cubillas\/","name":"Teofilio CUBILLAS - Abc-latina","isPartOf":{"@id":"https:\/\/abc-latina.com\/#website"},"datePublished":"2011-09-20T15:14:42+00:00","dateModified":"2026-04-30T16:25:30+00:00","description":"Le footballeur p\u00e9ruvien, Teofilo Cubillas.","breadcrumb":{"@id":"https:\/\/abc-latina.com\/sport\/sportifs\/teofilo_cubillas\/#breadcrumb"},"inLanguage":"fr-FR","potentialAction":[{"@type":"ReadAction","target":["https:\/\/abc-latina.com\/sport\/sportifs\/teofilo_cubillas\/"]}]},{"@type":"BreadcrumbList","@id":"https:\/\/abc-latina.com\/sport\/sportifs\/teofilo_cubillas\/#breadcrumb","itemListElement":[{"@type":"ListItem","position":1,"name":"Accueil","item":"https:\/\/abc-latina.com\/"},{"@type":"ListItem","position":2,"name":"Teofilio CUBILLAS"}]},{"@type":"WebSite","@id":"https:\/\/abc-latina.com\/#website","url":"https:\/\/abc-latina.com\/","name":"Abc-latina","description":"","publisher":{"@id":"https:\/\/abc-latina.com\/#organization"},"potentialAction":[{"@type":"SearchAction","target":{"@type":"EntryPoint","urlTemplate":"https:\/\/abc-latina.com\/?s={search_term_string}"},"query-input":{"@type":"PropertyValueSpecification","valueRequired":true,"valueName":"search_term_string"}}],"inLanguage":"fr-FR"},{"@type":"Organization","@id":"https:\/\/abc-latina.com\/#organization","name":"Abc-latina","url":"https:\/\/abc-latina.com\/","logo":{"@type":"ImageObject","inLanguage":"fr-FR","@id":"https:\/\/abc-latina.com\/#\/schema\/logo\/image\/","url":"https:\/\/abc-latina.com\/wp-content\/uploads\/2026\/05\/cropped-logo.gif","contentUrl":"https:\/\/abc-latina.com\/wp-content\/uploads\/2026\/05\/cropped-logo.gif","width":89,"height":84,"caption":"Abc-latina"},"image":{"@id":"https:\/\/abc-latina.com\/#\/schema\/logo\/image\/"}}]}},"_links":{"self":[{"href":"https:\/\/abc-latina.com\/wp-json\/wp\/v2\/pages\/2766","targetHints":{"allow":["GET"]}}],"collection":[{"href":"https:\/\/abc-latina.com\/wp-json\/wp\/v2\/pages"}],"about":[{"href":"https:\/\/abc-latina.com\/wp-json\/wp\/v2\/types\/page"}],"author":[{"embeddable":true,"href":"https:\/\/abc-latina.com\/wp-json\/wp\/v2\/users\/3"}],"replies":[{"embeddable":true,"href":"https:\/\/abc-latina.com\/wp-json\/wp\/v2\/comments?post=2766"}],"version-history":[{"count":1,"href":"https:\/\/abc-latina.com\/wp-json\/wp\/v2\/pages\/2766\/revisions"}],"predecessor-version":[{"id":4019,"href":"https:\/\/abc-latina.com\/wp-json\/wp\/v2\/pages\/2766\/revisions\/4019"}],"up":[{"embeddable":true,"href":"https:\/\/abc-latina.com\/wp-json\/wp\/v2\/pages\/2777"}],"wp:attachment":[{"href":"https:\/\/abc-latina.com\/wp-json\/wp\/v2\/media?parent=2766"}],"curies":[{"name":"wp","href":"https:\/\/api.w.org\/{rel}","templated":true}]}}