{"id":2767,"date":"2011-09-20T17:16:53","date_gmt":"2011-09-20T15:16:53","guid":{"rendered":"http:\/\/abc-latina.com\/tostao-htm\/"},"modified":"2026-04-30T18:25:30","modified_gmt":"2026-04-30T16:25:30","slug":"tostao","status":"publish","type":"page","link":"https:\/\/abc-latina.com\/sport\/sportifs\/tostao\/","title":{"rendered":"TOSTAO"},"content":{"rendered":"<p>&nbsp;Eduardo Gon\u00e7alves de Andrade, plus connu sous le nom de <span class=\"tourisme-chapitre\">Tost\u00e3o<\/span> \u00e9tait un footballeur br\u00e9silien n\u00e9 le 25 janvier 1947 \u00e0 Belo Horizonte. Il a occup\u00e9 le poste d&rsquo;attaquant dans des \u00e9quipes de club au Br\u00e9sil et dans l&rsquo;\u00e9quipe nationale du Br\u00e9sil avec laquelle il a gagn\u00e9 la coupe du monde 1970 et a particip\u00e9 \u00e0 la coupe du monde 1966.<\/p>\n<p>Tost\u00e3o a jou\u00e9 principalement avec Cruzeiro, club avec lequel il a gagn\u00e9 de nombreux titres dans l&rsquo;\u00e9tat du Minas Gerais et une coupe du Br\u00e9sil.&nbsp;<\/p>\n<p>En 1971, il a \u00e9t\u00e9 d\u00e9sign\u00e9 &quot;Meilleur joueur sud-am\u00e9ricain de l&rsquo;ann\u00e9e&quot;.<\/p>\n<p>Il souffrit d&rsquo;un d\u00e9collement de la r\u00e9tine en 1969, ce qui faillit le priver de la coupe du monde de 1970, et lorsqu&rsquo;il fut bless\u00e9 \u00e0 nouveau \u00e0 l&rsquo;\u0153il en 1973 il d\u00e9cida d&rsquo;arr\u00eater sa carri\u00e8re de joueur. Il devint m\u00e9decin et, plus r\u00e9cemment, il a repris contact avec le monde du football en faisant du journalisme sportif.<\/p>\n<p>Il a jou\u00e9 avec l&rsquo;\u00e9quipe du Br\u00e9sil lors de la coupe du monde 1966, mais il a eu son titre de gloire en participant activement \u00e0 la victoire du Br\u00e9sil lors de la coupe du monde de 1970. Son duo avec Pel\u00e9 fit merveille lors de cette coupe du monde de 1970, l&rsquo;\u00e9quipe du Br\u00e9sil \u00e9tait alors constell\u00e9e d&rsquo;\u00e9toiles, la meilleure \u00e9quipe sans doute de tous les temps avec celle de 1958.<\/p>\n<div>&nbsp;Source Wikip\u00e9dia<\/div>\n<div>&nbsp;<\/div>\n<div><a href=\"https:\/\/www.abc-latina.com\/sport\/football\/bresil\">Le football br\u00e9silien<\/a><\/div>\n<div><a href=\"https:\/\/www.abc-latina.com\/sport\/bresil\">Le sport au Br\u00e9sil<\/a><\/div>\n<div><a href=\"https:\/\/www.abc-latina.com\/sport\/sportifs\/\">Autres sportifs latino-am\u00e9ricains<\/a><\/div>\n<div><a href=\"https:\/\/www.abc-latina.com\/bresil\/\" target=\"_blank\">Le Br\u00e9sil<\/a><\/div>\n","protected":false},"excerpt":{"rendered":"<p>&nbsp;Eduardo Gon\u00e7alves de Andrade, plus connu sous le nom de Tost\u00e3o \u00e9tait un footballeur br\u00e9silien n\u00e9 le 25 janvier 1947 [&hellip;]<\/p>\n","protected":false},"author":3,"featured_media":0,"parent":2777,"menu_order":0,"comment_status":"closed","ping_status":"closed","template":"","meta":{"site-sidebar-layout":"default","site-content-layout":"","ast-site-content-layout":"default","site-content-style":"default","site-sidebar-style":"default","ast-global-header-display":"","ast-banner-title-visibility":"","ast-main-header-display":"","ast-hfb-above-header-display":"","ast-hfb-below-header-display":"","ast-hfb-mobile-header-display":"","site-post-title":"","ast-breadcrumbs-content":"","ast-featured-img":"","footer-sml-layout":"","ast-disable-related-posts":"","theme-transparent-header-meta":"","adv-header-id-meta":"","stick-header-meta":"","header-above-stick-meta":"","header-main-stick-meta":"","header-below-stick-meta":"","astra-migrate-meta-layouts":"default","ast-page-background-enabled":"default","ast-page-background-meta":{"desktop":{"background-color":"var(--ast-global-color-5)","background-image":"","background-repeat":"repeat","background-position":"center center","background-size":"auto","background-attachment":"scroll","background-type":"","background-media":"","overlay-type":"","overlay-color":"","overlay-opacity":"","overlay-gradient":""},"tablet":{"background-color":"","background-image":"","background-repeat":"repeat","background-position":"center center","background-size":"auto","background-attachment":"scroll","background-type":"","background-media":"","overlay-type":"","overlay-color":"","overlay-opacity":"","overlay-gradient":""},"mobile":{"background-color":"","background-image":"","background-repeat":"repeat","background-position":"center center","background-size":"auto","background-attachment":"scroll","background-type":"","background-media":"","overlay-type":"","overlay-color":"","overlay-opacity":"","overlay-gradient":""}},"ast-content-background-meta":{"desktop":{"background-color":"var(--ast-global-color-4)","background-image":"","background-repeat":"repeat","background-position":"center center","background-size":"auto","background-attachment":"scroll","background-type":"","background-media":"","overlay-type":"","overlay-color":"","overlay-opacity":"","overlay-gradient":""},"tablet":{"background-color":"var(--ast-global-color-4)","background-image":"","background-repeat":"repeat","background-position":"center center","background-size":"auto","background-attachment":"scroll","background-type":"","background-media":"","overlay-type":"","overlay-color":"","overlay-opacity":"","overlay-gradient":""},"mobile":{"background-color":"var(--ast-global-color-4)","background-image":"","background-repeat":"repeat","background-position":"center center","background-size":"auto","background-attachment":"scroll","background-type":"","background-media":"","overlay-type":"","overlay-color":"","overlay-opacity":"","overlay-gradient":""}},"footnotes":""},"class_list":["post-2767","page","type-page","status-publish","hentry"],"yoast_head":"<!-- This site is optimized with the Yoast SEO plugin v27.5 - https:\/\/yoast.com\/product\/yoast-seo-wordpress\/ -->\n<title>TOSTAO - Abc-latina<\/title>\n<meta name=\"description\" content=\"Le footballeur br\u00e9silien, Tostao.\" \/>\n<meta name=\"robots\" content=\"index, follow, max-snippet:-1, max-image-preview:large, max-video-preview:-1\" \/>\n<link rel=\"canonical\" href=\"https:\/\/abc-latina.com\/sport\/sportifs\/tostao\/\" \/>\n<meta property=\"og:locale\" content=\"fr_FR\" \/>\n<meta property=\"og:type\" content=\"article\" \/>\n<meta property=\"og:title\" content=\"TOSTAO - Abc-latina\" \/>\n<meta property=\"og:description\" content=\"Le footballeur br\u00e9silien, Tostao.\" \/>\n<meta property=\"og:url\" content=\"https:\/\/abc-latina.com\/sport\/sportifs\/tostao\/\" \/>\n<meta property=\"og:site_name\" content=\"Abc-latina\" \/>\n<meta property=\"article:modified_time\" content=\"2026-04-30T16:25:30+00:00\" \/>\n<meta name=\"twitter:card\" content=\"summary_large_image\" \/>\n<meta name=\"twitter:label1\" content=\"Dur\u00e9e de lecture estim\u00e9e\" \/>\n\t<meta name=\"twitter:data1\" content=\"1 minute\" \/>\n<script type=\"application\/ld+json\" class=\"yoast-schema-graph\">{\"@context\":\"https:\\\/\\\/schema.org\",\"@graph\":[{\"@type\":\"WebPage\",\"@id\":\"https:\\\/\\\/abc-latina.com\\\/sport\\\/sportifs\\\/tostao\\\/\",\"url\":\"https:\\\/\\\/abc-latina.com\\\/sport\\\/sportifs\\\/tostao\\\/\",\"name\":\"TOSTAO - Abc-latina\",\"isPartOf\":{\"@id\":\"https:\\\/\\\/abc-latina.com\\\/#website\"},\"datePublished\":\"2011-09-20T15:16:53+00:00\",\"dateModified\":\"2026-04-30T16:25:30+00:00\",\"description\":\"Le footballeur br\u00e9silien, Tostao.\",\"breadcrumb\":{\"@id\":\"https:\\\/\\\/abc-latina.com\\\/sport\\\/sportifs\\\/tostao\\\/#breadcrumb\"},\"inLanguage\":\"fr-FR\",\"potentialAction\":[{\"@type\":\"ReadAction\",\"target\":[\"https:\\\/\\\/abc-latina.com\\\/sport\\\/sportifs\\\/tostao\\\/\"]}]},{\"@type\":\"BreadcrumbList\",\"@id\":\"https:\\\/\\\/abc-latina.com\\\/sport\\\/sportifs\\\/tostao\\\/#breadcrumb\",\"itemListElement\":[{\"@type\":\"ListItem\",\"position\":1,\"name\":\"Accueil\",\"item\":\"https:\\\/\\\/abc-latina.com\\\/\"},{\"@type\":\"ListItem\",\"position\":2,\"name\":\"TOSTAO\"}]},{\"@type\":\"WebSite\",\"@id\":\"https:\\\/\\\/abc-latina.com\\\/#website\",\"url\":\"https:\\\/\\\/abc-latina.com\\\/\",\"name\":\"Abc-latina\",\"description\":\"\",\"publisher\":{\"@id\":\"https:\\\/\\\/abc-latina.com\\\/#organization\"},\"potentialAction\":[{\"@type\":\"SearchAction\",\"target\":{\"@type\":\"EntryPoint\",\"urlTemplate\":\"https:\\\/\\\/abc-latina.com\\\/?s={search_term_string}\"},\"query-input\":{\"@type\":\"PropertyValueSpecification\",\"valueRequired\":true,\"valueName\":\"search_term_string\"}}],\"inLanguage\":\"fr-FR\"},{\"@type\":\"Organization\",\"@id\":\"https:\\\/\\\/abc-latina.com\\\/#organization\",\"name\":\"Abc-latina\",\"url\":\"https:\\\/\\\/abc-latina.com\\\/\",\"logo\":{\"@type\":\"ImageObject\",\"inLanguage\":\"fr-FR\",\"@id\":\"https:\\\/\\\/abc-latina.com\\\/#\\\/schema\\\/logo\\\/image\\\/\",\"url\":\"https:\\\/\\\/abc-latina.com\\\/wp-content\\\/uploads\\\/2026\\\/05\\\/cropped-logo.gif\",\"contentUrl\":\"https:\\\/\\\/abc-latina.com\\\/wp-content\\\/uploads\\\/2026\\\/05\\\/cropped-logo.gif\",\"width\":89,\"height\":84,\"caption\":\"Abc-latina\"},\"image\":{\"@id\":\"https:\\\/\\\/abc-latina.com\\\/#\\\/schema\\\/logo\\\/image\\\/\"}}]}<\/script>\n<!-- \/ Yoast SEO plugin. -->","yoast_head_json":{"title":"TOSTAO - Abc-latina","description":"Le footballeur br\u00e9silien, Tostao.","robots":{"index":"index","follow":"follow","max-snippet":"max-snippet:-1","max-image-preview":"max-image-preview:large","max-video-preview":"max-video-preview:-1"},"canonical":"https:\/\/abc-latina.com\/sport\/sportifs\/tostao\/","og_locale":"fr_FR","og_type":"article","og_title":"TOSTAO - Abc-latina","og_description":"Le footballeur br\u00e9silien, Tostao.","og_url":"https:\/\/abc-latina.com\/sport\/sportifs\/tostao\/","og_site_name":"Abc-latina","article_modified_time":"2026-04-30T16:25:30+00:00","twitter_card":"summary_large_image","twitter_misc":{"Dur\u00e9e de lecture estim\u00e9e":"1 minute"},"schema":{"@context":"https:\/\/schema.org","@graph":[{"@type":"WebPage","@id":"https:\/\/abc-latina.com\/sport\/sportifs\/tostao\/","url":"https:\/\/abc-latina.com\/sport\/sportifs\/tostao\/","name":"TOSTAO - Abc-latina","isPartOf":{"@id":"https:\/\/abc-latina.com\/#website"},"datePublished":"2011-09-20T15:16:53+00:00","dateModified":"2026-04-30T16:25:30+00:00","description":"Le footballeur br\u00e9silien, Tostao.","breadcrumb":{"@id":"https:\/\/abc-latina.com\/sport\/sportifs\/tostao\/#breadcrumb"},"inLanguage":"fr-FR","potentialAction":[{"@type":"ReadAction","target":["https:\/\/abc-latina.com\/sport\/sportifs\/tostao\/"]}]},{"@type":"BreadcrumbList","@id":"https:\/\/abc-latina.com\/sport\/sportifs\/tostao\/#breadcrumb","itemListElement":[{"@type":"ListItem","position":1,"name":"Accueil","item":"https:\/\/abc-latina.com\/"},{"@type":"ListItem","position":2,"name":"TOSTAO"}]},{"@type":"WebSite","@id":"https:\/\/abc-latina.com\/#website","url":"https:\/\/abc-latina.com\/","name":"Abc-latina","description":"","publisher":{"@id":"https:\/\/abc-latina.com\/#organization"},"potentialAction":[{"@type":"SearchAction","target":{"@type":"EntryPoint","urlTemplate":"https:\/\/abc-latina.com\/?s={search_term_string}"},"query-input":{"@type":"PropertyValueSpecification","valueRequired":true,"valueName":"search_term_string"}}],"inLanguage":"fr-FR"},{"@type":"Organization","@id":"https:\/\/abc-latina.com\/#organization","name":"Abc-latina","url":"https:\/\/abc-latina.com\/","logo":{"@type":"ImageObject","inLanguage":"fr-FR","@id":"https:\/\/abc-latina.com\/#\/schema\/logo\/image\/","url":"https:\/\/abc-latina.com\/wp-content\/uploads\/2026\/05\/cropped-logo.gif","contentUrl":"https:\/\/abc-latina.com\/wp-content\/uploads\/2026\/05\/cropped-logo.gif","width":89,"height":84,"caption":"Abc-latina"},"image":{"@id":"https:\/\/abc-latina.com\/#\/schema\/logo\/image\/"}}]}},"_links":{"self":[{"href":"https:\/\/abc-latina.com\/wp-json\/wp\/v2\/pages\/2767","targetHints":{"allow":["GET"]}}],"collection":[{"href":"https:\/\/abc-latina.com\/wp-json\/wp\/v2\/pages"}],"about":[{"href":"https:\/\/abc-latina.com\/wp-json\/wp\/v2\/types\/page"}],"author":[{"embeddable":true,"href":"https:\/\/abc-latina.com\/wp-json\/wp\/v2\/users\/3"}],"replies":[{"embeddable":true,"href":"https:\/\/abc-latina.com\/wp-json\/wp\/v2\/comments?post=2767"}],"version-history":[{"count":1,"href":"https:\/\/abc-latina.com\/wp-json\/wp\/v2\/pages\/2767\/revisions"}],"predecessor-version":[{"id":4020,"href":"https:\/\/abc-latina.com\/wp-json\/wp\/v2\/pages\/2767\/revisions\/4020"}],"up":[{"embeddable":true,"href":"https:\/\/abc-latina.com\/wp-json\/wp\/v2\/pages\/2777"}],"wp:attachment":[{"href":"https:\/\/abc-latina.com\/wp-json\/wp\/v2\/media?parent=2767"}],"curies":[{"name":"wp","href":"https:\/\/api.w.org\/{rel}","templated":true}]}}