{"id":277,"date":"2010-06-04T06:53:42","date_gmt":"2010-06-04T04:53:42","guid":{"rendered":"http:\/\/abc-latina.com\/varadero-htm\/"},"modified":"2018-06-10T15:21:20","modified_gmt":"2018-06-10T13:21:20","slug":"varadero","status":"publish","type":"page","link":"https:\/\/abc-latina.com\/cuba\/varadero\/","title":{"rendered":"VARADERO"},"content":{"rendered":"<div>\n<div><img loading=\"lazy\" decoding=\"async\" class=\" alignright size-full wp-image-261\" title=\"VARADERO\" src=\"http:\/\/abc-latina.com\/wp-content\/uploads\/2010\/06\/camaguey.jpg\" alt=\"\" width=\"220\" vspace=\"9\" hspace=\"15\" height=\"220\" align=\"right\" srcset=\"https:\/\/abc-latina.com\/wp-content\/uploads\/2010\/06\/camaguey.jpg 220w, https:\/\/abc-latina.com\/wp-content\/uploads\/2010\/06\/camaguey-150x150.jpg 150w\" sizes=\"auto, (max-width: 220px) 100vw, 220px\" \/>Chic et superficielle (diront certains) est <span class=\"tourisme-chapitre\">Varadero<\/span>, nulle part ailleurs \u00e0 Cuba on ne trouve autant de restaurants, de bo\u00eetes de nuit et d&rsquo;h\u00f4tels de grand luxe.<\/div>\n<div>Varadero est un lieu de vill\u00e9giature id\u00e9ale si on se contente de longues plages de sable fin ourl\u00e9es de palmiers.<\/div>\n<div>&nbsp;<\/div>\n<div>Varadero occupe la presqu&rsquo;\u00eele de Hicacos, bord\u00e9e d&rsquo;un c\u00f4t\u00e9 par l&rsquo;oc\u00e9an et de l&rsquo;autre par la baie de C\u00e1rdenas, cette p\u00e9ninsule, form\u00e9e de sable blanc et de rochers, s&rsquo;\u00e9tire sur 18,5 km et a 700 m de large en moyenne.<\/div>\n<div>&nbsp;<\/div>\n<div>Avec une eau \u00e0 24 degr\u00e9s en moyenne, c&rsquo;est le paradis des baigneurs, Amateurs de surf, de ski nautique et de scooter de mers.<\/div>\n<div>&nbsp;<\/div>\n<div>Il peut \u00eatre agr\u00e9able de fl\u00e2ner dans le centre historique, o\u00f9 bon nombre des villas originales ont \u00e9t\u00e9 conserv\u00e9es, l&rsquo;\u00e9difice le plus remarquables est sans aucun doute la maison de Du Pont de Nemours.<\/div>\n<div>&nbsp;<\/div>\n<div>A voir :<\/div>\n<div>&#8211; Visite du mus\u00e9e municipal<\/div>\n<div>&#8211; Le parc d&rsquo;attractions<\/div>\n<div>&#8211; La Cueva de Ambrosio, une grotte d\u00e9couverte en 1961 qui renferme une cinquantaine de fresques pr\u00e9historiques.<\/div>\n<div>&nbsp;<\/div>\n<div>Cayo Libertad, un \u00eelot inhabit\u00e9 au large de Varadero,<\/div>\n<div>les amateurs de plong\u00e9e sous-marine auront l&rsquo;occasion d&rsquo;admirer des coraux noirs, une esp\u00e8ce recherch\u00e9e qui pousse \u00e0 25-30 m\u00e8tres de profondeur.<\/div>\n<div>&nbsp;<\/div>\n<div>Dans les environs de Varadero<\/div>\n<div>&nbsp;<\/div>\n<div>C\u00e1rdenas<\/div>\n<div>C\u00e1rdenas est une petite ville paisible \u00e0 15 km au sud de Varadero, fond\u00e9e en 1828 selon un plan consid\u00e9r\u00e9 comme l&rsquo;un des plus r\u00e9ussis de Cuba. On y circule encore en cal\u00e8che.<\/div>\n<div>&nbsp;<\/div>\n<div>Matanzas<\/div>\n<div>La capitale de la province de &nbsp;Matanzas, compte 110 000 habitants, \u00e0 34 km de Varadero.<\/div>\n<div>&nbsp;<\/div>\n<p><a style=\"text-decoration: none;\" target=\"_blank\" href=\"..\/tour_operateur\"><img loading=\"lazy\" decoding=\"async\" class=\"touroperateur size-full wp-image-41\" src=\"http:\/\/abc-latina.com\/wp-content\/uploads\/2010\/04\/timbre_to.gif\" alt=\"\" width=\"125\" height=\"90\" \/><\/a><\/p>\n<div>Autour de Matanzas :<\/div>\n<div>\u00e0 5 km au sud de Matanzas, les grottes deBellamar.<\/div>\n<div>&nbsp;<\/div>\n<div>Puerto Rico Libre, village de 1200 habitants est tout \u00e0 fait repr\u00e9sentatif de l&rsquo;industrie sucri\u00e8re.<\/div>\n<div>&nbsp;<\/div>\n<div>En prenant la V\u00eda Blanca en direction de La Havane, on traverse le pont de Bacunayagua. Ce pont, le plus long de Cuba que, offre une vue saisissante sur la vall\u00e9e du Yumur\u00ed,<\/div>\n<div>d&rsquo;un c\u00f4t\u00e9, un cirque de verdure luxuriante, de l&rsquo;autre, le bleu turquoise de l&rsquo;oc\u00e9an.<\/div>\n<\/div>\n<h3>Pr\u00e9parez votre voyage \u00e0 Varadero:<\/h3>\n<div><a href=\"https:\/\/www.abc-latina.com\/cuba\/agence_de_voyages\">Agences de voyage g\u00e9n\u00e9ralistes et discounteurs<\/a><\/div>\n<div><a href=\"https:\/\/www.abc-latina.com\/cuba\/tour_operateur\">Tours Op\u00e9rateurs sp\u00e9cialistes de Cuba<\/a><\/div>\n<div><a target=\"_blank\" href=\"https:\/\/www.abc-latina.com\/to\/reservation_billet_avion\">R\u00e9servez votre billet d&rsquo;avion<\/a><\/div>\n<div><a href=\"https:\/\/www.abc-latina.com\/cuba\/hotels\">R\u00e9servez votre h\u00f4tel \u00e0 Varadero<\/a>&nbsp;<\/div>\n<div><a target=\"_blank\" href=\"https:\/\/www.abc-latina.com\/to\/location_de_voiture_cuba\">Location de voiture<\/a><\/div>\n<p>&nbsp;<\/p>\n","protected":false},"excerpt":{"rendered":"<p>Chic et superficielle (diront certains) est Varadero, nulle part ailleurs \u00e0 Cuba on ne trouve autant de restaurants, de bo\u00eetes [&hellip;]<\/p>\n","protected":false},"author":3,"featured_media":261,"parent":2302,"menu_order":0,"comment_status":"closed","ping_status":"closed","template":"","meta":{"site-sidebar-layout":"default","site-content-layout":"","ast-site-content-layout":"default","site-content-style":"default","site-sidebar-style":"default","ast-global-header-display":"","ast-banner-title-visibility":"","ast-main-header-display":"","ast-hfb-above-header-display":"","ast-hfb-below-header-display":"","ast-hfb-mobile-header-display":"","site-post-title":"","ast-breadcrumbs-content":"","ast-featured-img":"","footer-sml-layout":"","ast-disable-related-posts":"","theme-transparent-header-meta":"","adv-header-id-meta":"","stick-header-meta":"","header-above-stick-meta":"","header-main-stick-meta":"","header-below-stick-meta":"","astra-migrate-meta-layouts":"default","ast-page-background-enabled":"default","ast-page-background-meta":{"desktop":{"background-color":"var(--ast-global-color-5)","background-image":"","background-repeat":"repeat","background-position":"center center","background-size":"auto","background-attachment":"scroll","background-type":"","background-media":"","overlay-type":"","overlay-color":"","overlay-opacity":"","overlay-gradient":""},"tablet":{"background-color":"","background-image":"","background-repeat":"repeat","background-position":"center center","background-size":"auto","background-attachment":"scroll","background-type":"","background-media":"","overlay-type":"","overlay-color":"","overlay-opacity":"","overlay-gradient":""},"mobile":{"background-color":"","background-image":"","background-repeat":"repeat","background-position":"center center","background-size":"auto","background-attachment":"scroll","background-type":"","background-media":"","overlay-type":"","overlay-color":"","overlay-opacity":"","overlay-gradient":""}},"ast-content-background-meta":{"desktop":{"background-color":"var(--ast-global-color-4)","background-image":"","background-repeat":"repeat","background-position":"center center","background-size":"auto","background-attachment":"scroll","background-type":"","background-media":"","overlay-type":"","overlay-color":"","overlay-opacity":"","overlay-gradient":""},"tablet":{"background-color":"var(--ast-global-color-4)","background-image":"","background-repeat":"repeat","background-position":"center center","background-size":"auto","background-attachment":"scroll","background-type":"","background-media":"","overlay-type":"","overlay-color":"","overlay-opacity":"","overlay-gradient":""},"mobile":{"background-color":"var(--ast-global-color-4)","background-image":"","background-repeat":"repeat","background-position":"center center","background-size":"auto","background-attachment":"scroll","background-type":"","background-media":"","overlay-type":"","overlay-color":"","overlay-opacity":"","overlay-gradient":""}},"footnotes":""},"class_list":["post-277","page","type-page","status-publish","has-post-thumbnail","hentry"],"yoast_head":"<!-- This site is optimized with the Yoast SEO plugin v27.5 - https:\/\/yoast.com\/product\/yoast-seo-wordpress\/ -->\n<title>VARADERO - Abc-latina<\/title>\n<meta name=\"description\" content=\"Nulle part ailleurs \u00e0 Cuba on ne trouve autant de restaurants, de bo\u00eetes de nuit et d\u2019h\u00f4tels de grand luxe. C&#039;est l&#039;endroit id\u00e9al si on se contente de longues plages de sable fin ourl\u00e9es de palmiers.\" \/>\n<meta name=\"robots\" content=\"index, follow, max-snippet:-1, max-image-preview:large, max-video-preview:-1\" \/>\n<link rel=\"canonical\" href=\"https:\/\/abc-latina.com\/cuba\/varadero\/\" \/>\n<meta property=\"og:locale\" content=\"fr_FR\" \/>\n<meta property=\"og:type\" content=\"article\" \/>\n<meta property=\"og:title\" content=\"VARADERO - Abc-latina\" \/>\n<meta property=\"og:description\" content=\"Nulle part ailleurs \u00e0 Cuba on ne trouve autant de restaurants, de bo\u00eetes de nuit et d\u2019h\u00f4tels de grand luxe. C&#039;est l&#039;endroit id\u00e9al si on se contente de longues plages de sable fin ourl\u00e9es de palmiers.\" \/>\n<meta property=\"og:url\" content=\"https:\/\/abc-latina.com\/cuba\/varadero\/\" \/>\n<meta property=\"og:site_name\" content=\"Abc-latina\" \/>\n<meta property=\"article:modified_time\" content=\"2018-06-10T13:21:20+00:00\" \/>\n<meta property=\"og:image\" content=\"https:\/\/abc-latina.com\/wp-content\/uploads\/2010\/06\/camaguey.jpg\" \/>\n\t<meta property=\"og:image:width\" content=\"220\" \/>\n\t<meta property=\"og:image:height\" content=\"220\" \/>\n\t<meta property=\"og:image:type\" content=\"image\/jpeg\" \/>\n<meta name=\"twitter:card\" content=\"summary_large_image\" \/>\n<meta name=\"twitter:label1\" content=\"Dur\u00e9e de lecture estim\u00e9e\" \/>\n\t<meta name=\"twitter:data1\" content=\"2 minutes\" \/>\n<script type=\"application\/ld+json\" class=\"yoast-schema-graph\">{\"@context\":\"https:\\\/\\\/schema.org\",\"@graph\":[{\"@type\":\"WebPage\",\"@id\":\"https:\\\/\\\/abc-latina.com\\\/cuba\\\/varadero\\\/\",\"url\":\"https:\\\/\\\/abc-latina.com\\\/cuba\\\/varadero\\\/\",\"name\":\"VARADERO - Abc-latina\",\"isPartOf\":{\"@id\":\"https:\\\/\\\/abc-latina.com\\\/#website\"},\"primaryImageOfPage\":{\"@id\":\"https:\\\/\\\/abc-latina.com\\\/cuba\\\/varadero\\\/#primaryimage\"},\"image\":{\"@id\":\"https:\\\/\\\/abc-latina.com\\\/cuba\\\/varadero\\\/#primaryimage\"},\"thumbnailUrl\":\"https:\\\/\\\/abc-latina.com\\\/wp-content\\\/uploads\\\/2010\\\/06\\\/camaguey.jpg\",\"datePublished\":\"2010-06-04T04:53:42+00:00\",\"dateModified\":\"2018-06-10T13:21:20+00:00\",\"description\":\"Nulle part ailleurs \u00e0 Cuba on ne trouve autant de restaurants, de bo\u00eetes de nuit et d\u2019h\u00f4tels de grand luxe. C'est l'endroit id\u00e9al si on se contente de longues plages de sable fin ourl\u00e9es de palmiers.\",\"breadcrumb\":{\"@id\":\"https:\\\/\\\/abc-latina.com\\\/cuba\\\/varadero\\\/#breadcrumb\"},\"inLanguage\":\"fr-FR\",\"potentialAction\":[{\"@type\":\"ReadAction\",\"target\":[\"https:\\\/\\\/abc-latina.com\\\/cuba\\\/varadero\\\/\"]}]},{\"@type\":\"ImageObject\",\"inLanguage\":\"fr-FR\",\"@id\":\"https:\\\/\\\/abc-latina.com\\\/cuba\\\/varadero\\\/#primaryimage\",\"url\":\"https:\\\/\\\/abc-latina.com\\\/wp-content\\\/uploads\\\/2010\\\/06\\\/camaguey.jpg\",\"contentUrl\":\"https:\\\/\\\/abc-latina.com\\\/wp-content\\\/uploads\\\/2010\\\/06\\\/camaguey.jpg\",\"width\":220,\"height\":220,\"caption\":\"PHOTOS DE CAMAGUEY\"},{\"@type\":\"BreadcrumbList\",\"@id\":\"https:\\\/\\\/abc-latina.com\\\/cuba\\\/varadero\\\/#breadcrumb\",\"itemListElement\":[{\"@type\":\"ListItem\",\"position\":1,\"name\":\"Accueil\",\"item\":\"https:\\\/\\\/abc-latina.com\\\/\"},{\"@type\":\"ListItem\",\"position\":2,\"name\":\"VARADERO\"}]},{\"@type\":\"WebSite\",\"@id\":\"https:\\\/\\\/abc-latina.com\\\/#website\",\"url\":\"https:\\\/\\\/abc-latina.com\\\/\",\"name\":\"Abc-latina\",\"description\":\"\",\"publisher\":{\"@id\":\"https:\\\/\\\/abc-latina.com\\\/#organization\"},\"potentialAction\":[{\"@type\":\"SearchAction\",\"target\":{\"@type\":\"EntryPoint\",\"urlTemplate\":\"https:\\\/\\\/abc-latina.com\\\/?s={search_term_string}\"},\"query-input\":{\"@type\":\"PropertyValueSpecification\",\"valueRequired\":true,\"valueName\":\"search_term_string\"}}],\"inLanguage\":\"fr-FR\"},{\"@type\":\"Organization\",\"@id\":\"https:\\\/\\\/abc-latina.com\\\/#organization\",\"name\":\"Abc-latina\",\"url\":\"https:\\\/\\\/abc-latina.com\\\/\",\"logo\":{\"@type\":\"ImageObject\",\"inLanguage\":\"fr-FR\",\"@id\":\"https:\\\/\\\/abc-latina.com\\\/#\\\/schema\\\/logo\\\/image\\\/\",\"url\":\"https:\\\/\\\/abc-latina.com\\\/wp-content\\\/uploads\\\/2026\\\/05\\\/cropped-logo.gif\",\"contentUrl\":\"https:\\\/\\\/abc-latina.com\\\/wp-content\\\/uploads\\\/2026\\\/05\\\/cropped-logo.gif\",\"width\":89,\"height\":84,\"caption\":\"Abc-latina\"},\"image\":{\"@id\":\"https:\\\/\\\/abc-latina.com\\\/#\\\/schema\\\/logo\\\/image\\\/\"}}]}<\/script>\n<!-- \/ Yoast SEO plugin. -->","yoast_head_json":{"title":"VARADERO - Abc-latina","description":"Nulle part ailleurs \u00e0 Cuba on ne trouve autant de restaurants, de bo\u00eetes de nuit et d\u2019h\u00f4tels de grand luxe. C'est l'endroit id\u00e9al si on se contente de longues plages de sable fin ourl\u00e9es de palmiers.","robots":{"index":"index","follow":"follow","max-snippet":"max-snippet:-1","max-image-preview":"max-image-preview:large","max-video-preview":"max-video-preview:-1"},"canonical":"https:\/\/abc-latina.com\/cuba\/varadero\/","og_locale":"fr_FR","og_type":"article","og_title":"VARADERO - Abc-latina","og_description":"Nulle part ailleurs \u00e0 Cuba on ne trouve autant de restaurants, de bo\u00eetes de nuit et d\u2019h\u00f4tels de grand luxe. C'est l'endroit id\u00e9al si on se contente de longues plages de sable fin ourl\u00e9es de palmiers.","og_url":"https:\/\/abc-latina.com\/cuba\/varadero\/","og_site_name":"Abc-latina","article_modified_time":"2018-06-10T13:21:20+00:00","og_image":[{"width":220,"height":220,"url":"https:\/\/abc-latina.com\/wp-content\/uploads\/2010\/06\/camaguey.jpg","type":"image\/jpeg"}],"twitter_card":"summary_large_image","twitter_misc":{"Dur\u00e9e de lecture estim\u00e9e":"2 minutes"},"schema":{"@context":"https:\/\/schema.org","@graph":[{"@type":"WebPage","@id":"https:\/\/abc-latina.com\/cuba\/varadero\/","url":"https:\/\/abc-latina.com\/cuba\/varadero\/","name":"VARADERO - Abc-latina","isPartOf":{"@id":"https:\/\/abc-latina.com\/#website"},"primaryImageOfPage":{"@id":"https:\/\/abc-latina.com\/cuba\/varadero\/#primaryimage"},"image":{"@id":"https:\/\/abc-latina.com\/cuba\/varadero\/#primaryimage"},"thumbnailUrl":"https:\/\/abc-latina.com\/wp-content\/uploads\/2010\/06\/camaguey.jpg","datePublished":"2010-06-04T04:53:42+00:00","dateModified":"2018-06-10T13:21:20+00:00","description":"Nulle part ailleurs \u00e0 Cuba on ne trouve autant de restaurants, de bo\u00eetes de nuit et d\u2019h\u00f4tels de grand luxe. C'est l'endroit id\u00e9al si on se contente de longues plages de sable fin ourl\u00e9es de palmiers.","breadcrumb":{"@id":"https:\/\/abc-latina.com\/cuba\/varadero\/#breadcrumb"},"inLanguage":"fr-FR","potentialAction":[{"@type":"ReadAction","target":["https:\/\/abc-latina.com\/cuba\/varadero\/"]}]},{"@type":"ImageObject","inLanguage":"fr-FR","@id":"https:\/\/abc-latina.com\/cuba\/varadero\/#primaryimage","url":"https:\/\/abc-latina.com\/wp-content\/uploads\/2010\/06\/camaguey.jpg","contentUrl":"https:\/\/abc-latina.com\/wp-content\/uploads\/2010\/06\/camaguey.jpg","width":220,"height":220,"caption":"PHOTOS DE CAMAGUEY"},{"@type":"BreadcrumbList","@id":"https:\/\/abc-latina.com\/cuba\/varadero\/#breadcrumb","itemListElement":[{"@type":"ListItem","position":1,"name":"Accueil","item":"https:\/\/abc-latina.com\/"},{"@type":"ListItem","position":2,"name":"VARADERO"}]},{"@type":"WebSite","@id":"https:\/\/abc-latina.com\/#website","url":"https:\/\/abc-latina.com\/","name":"Abc-latina","description":"","publisher":{"@id":"https:\/\/abc-latina.com\/#organization"},"potentialAction":[{"@type":"SearchAction","target":{"@type":"EntryPoint","urlTemplate":"https:\/\/abc-latina.com\/?s={search_term_string}"},"query-input":{"@type":"PropertyValueSpecification","valueRequired":true,"valueName":"search_term_string"}}],"inLanguage":"fr-FR"},{"@type":"Organization","@id":"https:\/\/abc-latina.com\/#organization","name":"Abc-latina","url":"https:\/\/abc-latina.com\/","logo":{"@type":"ImageObject","inLanguage":"fr-FR","@id":"https:\/\/abc-latina.com\/#\/schema\/logo\/image\/","url":"https:\/\/abc-latina.com\/wp-content\/uploads\/2026\/05\/cropped-logo.gif","contentUrl":"https:\/\/abc-latina.com\/wp-content\/uploads\/2026\/05\/cropped-logo.gif","width":89,"height":84,"caption":"Abc-latina"},"image":{"@id":"https:\/\/abc-latina.com\/#\/schema\/logo\/image\/"}}]}},"_links":{"self":[{"href":"https:\/\/abc-latina.com\/wp-json\/wp\/v2\/pages\/277","targetHints":{"allow":["GET"]}}],"collection":[{"href":"https:\/\/abc-latina.com\/wp-json\/wp\/v2\/pages"}],"about":[{"href":"https:\/\/abc-latina.com\/wp-json\/wp\/v2\/types\/page"}],"author":[{"embeddable":true,"href":"https:\/\/abc-latina.com\/wp-json\/wp\/v2\/users\/3"}],"replies":[{"embeddable":true,"href":"https:\/\/abc-latina.com\/wp-json\/wp\/v2\/comments?post=277"}],"version-history":[{"count":0,"href":"https:\/\/abc-latina.com\/wp-json\/wp\/v2\/pages\/277\/revisions"}],"up":[{"embeddable":true,"href":"https:\/\/abc-latina.com\/wp-json\/wp\/v2\/pages\/2302"}],"wp:featuredmedia":[{"embeddable":true,"href":"https:\/\/abc-latina.com\/wp-json\/wp\/v2\/media\/261"}],"wp:attachment":[{"href":"https:\/\/abc-latina.com\/wp-json\/wp\/v2\/media?parent=277"}],"curies":[{"name":"wp","href":"https:\/\/api.w.org\/{rel}","templated":true}]}}