{"id":2772,"date":"2011-09-20T17:25:39","date_gmt":"2011-09-20T15:25:39","guid":{"rendered":"http:\/\/abc-latina.com\/juan_martin_hernandez-php\/"},"modified":"2026-04-30T18:25:29","modified_gmt":"2026-04-30T16:25:29","slug":"juan_martin_hernandez","status":"publish","type":"page","link":"https:\/\/abc-latina.com\/sport\/sportifs\/juan_martin_hernandez\/","title":{"rendered":"JUAN MARTIN HERNANDEZ"},"content":{"rendered":"<p>&nbsp;Le <a href=\"https:\/\/www.abc-latina.com\/sport\/rugby\/\">rugby<\/a> aussi a ses surdou\u00e9s, et comme au <a href=\"https:\/\/www.abc-latina.com\/sport\/football\/\">football<\/a>, ils sont parfois argentins. <span class=\"tourisme-chapitre\">Juan Martin Hernandez<\/span> est de ceux-l\u00e0, et cet esth\u00e8te du jeu est bad\u00e9 par tous les entra\u00eeneurs du monde. Capable de tous les exploits ballons en main sans perdre une indispensable rigueur, il repr\u00e9sente mieux que quiconque le joueur moderne.<\/p>\n<p>Juan Martin Hernandez est le parfait symbole du <a href=\"https:\/\/www.abc-latina.com\/sport\/rugby\/rugby-argentin.php\">rugby argentin<\/a> qui gagne et qui frappe \u00e0 la porte du gotha. Depuis Hugo Porta, aucun Puma n&rsquo;avait autant fait l&rsquo;unanimit\u00e9, et la pr\u00e9sence de l&rsquo;arri\u00e8re du Stade Fran\u00e7ais parmi les meilleurs joueurs du monde ne fait aucun doute. Intrins\u00e8quement, l&rsquo;Argentin est m\u00eame peut-\u00eatre le joueur le plus dou\u00e9, celui qui a le plus de qualit\u00e9s physiques et techniques. Hernandez poss\u00e8de cette facult\u00e9 rare d&rsquo;inventer des gestes sur un terrain, de d\u00e9bloquer un match sur une action de g\u00e9nie, de faire basculer une rencontre sur une action individuelle dans le sport le plus collectif qui soit. D\u00e9barqu\u00e9 sur la pointe des pieds \u00e0 Paris en 2003, il est devenu l&rsquo;une des stars du Top 14 et l&rsquo;un des joueurs les plus convoit\u00e9s.<\/p>\n<p>Tr\u00e8s complet, Hernandez poss\u00e8de le profil du joueur moderne, dot\u00e9 d&rsquo;une ployvalence qui lui permet de pouvoir occuper tous les postes de la ligne de trois quarts, de l&rsquo;ouverture \u00e0 l&rsquo;arri\u00e8re. Seul b\u00e9mol \u00e0 ce concert de louanges, c&rsquo;est au poste d&rsquo;arri\u00e8re qu&rsquo;il brille actuellement, alors qu&rsquo;il r\u00eave de jouer ouvreur depuis longtemps. Or, il est barr\u00e9 en club (par Skrela ou Beauxis), comme en s\u00e9lection (par Contepomi ou Todeschini), et commence \u00e0 exprimer son impatience.<\/p>\n<p>Par Aymeric MARCHAL <br \/>Source: L&rsquo;Equipe<\/p>\n<div>&nbsp;<\/div>\n<div><a href=\"https:\/\/www.abc-latina.com\/sport\/rugby\/\">Le rugby en Am\u00e9rique latine<\/a><\/div>\n<div><a href=\"https:\/\/www.abc-latina.com\/sport\/rugby\/rugby-argentin.php\">Le rugby argentin<\/a><\/div>\n<div><a href=\"https:\/\/www.abc-latina.com\/sport\/argentine\">Le sport en Argentine<\/a><\/div>\n<div><a href=\"https:\/\/www.abc-latina.com\/argentine\/\" target=\"_blank\">L&rsquo;Argentine<\/a><\/div>\n","protected":false},"excerpt":{"rendered":"<p>&nbsp;Le rugby aussi a ses surdou\u00e9s, et comme au football, ils sont parfois argentins. Juan Martin Hernandez est de ceux-l\u00e0, [&hellip;]<\/p>\n","protected":false},"author":3,"featured_media":0,"parent":2777,"menu_order":0,"comment_status":"closed","ping_status":"closed","template":"","meta":{"site-sidebar-layout":"default","site-content-layout":"","ast-site-content-layout":"default","site-content-style":"default","site-sidebar-style":"default","ast-global-header-display":"","ast-banner-title-visibility":"","ast-main-header-display":"","ast-hfb-above-header-display":"","ast-hfb-below-header-display":"","ast-hfb-mobile-header-display":"","site-post-title":"","ast-breadcrumbs-content":"","ast-featured-img":"","footer-sml-layout":"","ast-disable-related-posts":"","theme-transparent-header-meta":"","adv-header-id-meta":"","stick-header-meta":"","header-above-stick-meta":"","header-main-stick-meta":"","header-below-stick-meta":"","astra-migrate-meta-layouts":"default","ast-page-background-enabled":"default","ast-page-background-meta":{"desktop":{"background-color":"var(--ast-global-color-5)","background-image":"","background-repeat":"repeat","background-position":"center center","background-size":"auto","background-attachment":"scroll","background-type":"","background-media":"","overlay-type":"","overlay-color":"","overlay-opacity":"","overlay-gradient":""},"tablet":{"background-color":"","background-image":"","background-repeat":"repeat","background-position":"center center","background-size":"auto","background-attachment":"scroll","background-type":"","background-media":"","overlay-type":"","overlay-color":"","overlay-opacity":"","overlay-gradient":""},"mobile":{"background-color":"","background-image":"","background-repeat":"repeat","background-position":"center center","background-size":"auto","background-attachment":"scroll","background-type":"","background-media":"","overlay-type":"","overlay-color":"","overlay-opacity":"","overlay-gradient":""}},"ast-content-background-meta":{"desktop":{"background-color":"var(--ast-global-color-4)","background-image":"","background-repeat":"repeat","background-position":"center center","background-size":"auto","background-attachment":"scroll","background-type":"","background-media":"","overlay-type":"","overlay-color":"","overlay-opacity":"","overlay-gradient":""},"tablet":{"background-color":"var(--ast-global-color-4)","background-image":"","background-repeat":"repeat","background-position":"center center","background-size":"auto","background-attachment":"scroll","background-type":"","background-media":"","overlay-type":"","overlay-color":"","overlay-opacity":"","overlay-gradient":""},"mobile":{"background-color":"var(--ast-global-color-4)","background-image":"","background-repeat":"repeat","background-position":"center center","background-size":"auto","background-attachment":"scroll","background-type":"","background-media":"","overlay-type":"","overlay-color":"","overlay-opacity":"","overlay-gradient":""}},"footnotes":""},"class_list":["post-2772","page","type-page","status-publish","hentry"],"yoast_head":"<!-- This site is optimized with the Yoast SEO plugin v27.5 - https:\/\/yoast.com\/product\/yoast-seo-wordpress\/ -->\n<title>JUAN MARTIN HERNANDEZ - Abc-latina<\/title>\n<meta name=\"description\" content=\"Le rugbyman argentin, Juan Martin Hernandez.\" \/>\n<meta name=\"robots\" content=\"index, follow, max-snippet:-1, max-image-preview:large, max-video-preview:-1\" \/>\n<link rel=\"canonical\" href=\"https:\/\/abc-latina.com\/sport\/sportifs\/juan_martin_hernandez\/\" \/>\n<meta property=\"og:locale\" content=\"fr_FR\" \/>\n<meta property=\"og:type\" content=\"article\" \/>\n<meta property=\"og:title\" content=\"JUAN MARTIN HERNANDEZ - Abc-latina\" \/>\n<meta property=\"og:description\" content=\"Le rugbyman argentin, Juan Martin Hernandez.\" \/>\n<meta property=\"og:url\" content=\"https:\/\/abc-latina.com\/sport\/sportifs\/juan_martin_hernandez\/\" \/>\n<meta property=\"og:site_name\" content=\"Abc-latina\" \/>\n<meta property=\"article:modified_time\" content=\"2026-04-30T16:25:29+00:00\" \/>\n<meta name=\"twitter:card\" content=\"summary_large_image\" \/>\n<meta name=\"twitter:label1\" content=\"Dur\u00e9e de lecture estim\u00e9e\" \/>\n\t<meta name=\"twitter:data1\" content=\"1 minute\" \/>\n<script type=\"application\/ld+json\" class=\"yoast-schema-graph\">{\"@context\":\"https:\\\/\\\/schema.org\",\"@graph\":[{\"@type\":\"WebPage\",\"@id\":\"https:\\\/\\\/abc-latina.com\\\/sport\\\/sportifs\\\/juan_martin_hernandez\\\/\",\"url\":\"https:\\\/\\\/abc-latina.com\\\/sport\\\/sportifs\\\/juan_martin_hernandez\\\/\",\"name\":\"JUAN MARTIN HERNANDEZ - Abc-latina\",\"isPartOf\":{\"@id\":\"https:\\\/\\\/abc-latina.com\\\/#website\"},\"datePublished\":\"2011-09-20T15:25:39+00:00\",\"dateModified\":\"2026-04-30T16:25:29+00:00\",\"description\":\"Le rugbyman argentin, Juan Martin Hernandez.\",\"breadcrumb\":{\"@id\":\"https:\\\/\\\/abc-latina.com\\\/sport\\\/sportifs\\\/juan_martin_hernandez\\\/#breadcrumb\"},\"inLanguage\":\"fr-FR\",\"potentialAction\":[{\"@type\":\"ReadAction\",\"target\":[\"https:\\\/\\\/abc-latina.com\\\/sport\\\/sportifs\\\/juan_martin_hernandez\\\/\"]}]},{\"@type\":\"BreadcrumbList\",\"@id\":\"https:\\\/\\\/abc-latina.com\\\/sport\\\/sportifs\\\/juan_martin_hernandez\\\/#breadcrumb\",\"itemListElement\":[{\"@type\":\"ListItem\",\"position\":1,\"name\":\"Accueil\",\"item\":\"https:\\\/\\\/abc-latina.com\\\/\"},{\"@type\":\"ListItem\",\"position\":2,\"name\":\"JUAN MARTIN HERNANDEZ\"}]},{\"@type\":\"WebSite\",\"@id\":\"https:\\\/\\\/abc-latina.com\\\/#website\",\"url\":\"https:\\\/\\\/abc-latina.com\\\/\",\"name\":\"Abc-latina\",\"description\":\"\",\"publisher\":{\"@id\":\"https:\\\/\\\/abc-latina.com\\\/#organization\"},\"potentialAction\":[{\"@type\":\"SearchAction\",\"target\":{\"@type\":\"EntryPoint\",\"urlTemplate\":\"https:\\\/\\\/abc-latina.com\\\/?s={search_term_string}\"},\"query-input\":{\"@type\":\"PropertyValueSpecification\",\"valueRequired\":true,\"valueName\":\"search_term_string\"}}],\"inLanguage\":\"fr-FR\"},{\"@type\":\"Organization\",\"@id\":\"https:\\\/\\\/abc-latina.com\\\/#organization\",\"name\":\"Abc-latina\",\"url\":\"https:\\\/\\\/abc-latina.com\\\/\",\"logo\":{\"@type\":\"ImageObject\",\"inLanguage\":\"fr-FR\",\"@id\":\"https:\\\/\\\/abc-latina.com\\\/#\\\/schema\\\/logo\\\/image\\\/\",\"url\":\"https:\\\/\\\/abc-latina.com\\\/wp-content\\\/uploads\\\/2026\\\/05\\\/cropped-logo.gif\",\"contentUrl\":\"https:\\\/\\\/abc-latina.com\\\/wp-content\\\/uploads\\\/2026\\\/05\\\/cropped-logo.gif\",\"width\":89,\"height\":84,\"caption\":\"Abc-latina\"},\"image\":{\"@id\":\"https:\\\/\\\/abc-latina.com\\\/#\\\/schema\\\/logo\\\/image\\\/\"}}]}<\/script>\n<!-- \/ Yoast SEO plugin. -->","yoast_head_json":{"title":"JUAN MARTIN HERNANDEZ - Abc-latina","description":"Le rugbyman argentin, Juan Martin Hernandez.","robots":{"index":"index","follow":"follow","max-snippet":"max-snippet:-1","max-image-preview":"max-image-preview:large","max-video-preview":"max-video-preview:-1"},"canonical":"https:\/\/abc-latina.com\/sport\/sportifs\/juan_martin_hernandez\/","og_locale":"fr_FR","og_type":"article","og_title":"JUAN MARTIN HERNANDEZ - Abc-latina","og_description":"Le rugbyman argentin, Juan Martin Hernandez.","og_url":"https:\/\/abc-latina.com\/sport\/sportifs\/juan_martin_hernandez\/","og_site_name":"Abc-latina","article_modified_time":"2026-04-30T16:25:29+00:00","twitter_card":"summary_large_image","twitter_misc":{"Dur\u00e9e de lecture estim\u00e9e":"1 minute"},"schema":{"@context":"https:\/\/schema.org","@graph":[{"@type":"WebPage","@id":"https:\/\/abc-latina.com\/sport\/sportifs\/juan_martin_hernandez\/","url":"https:\/\/abc-latina.com\/sport\/sportifs\/juan_martin_hernandez\/","name":"JUAN MARTIN HERNANDEZ - Abc-latina","isPartOf":{"@id":"https:\/\/abc-latina.com\/#website"},"datePublished":"2011-09-20T15:25:39+00:00","dateModified":"2026-04-30T16:25:29+00:00","description":"Le rugbyman argentin, Juan Martin Hernandez.","breadcrumb":{"@id":"https:\/\/abc-latina.com\/sport\/sportifs\/juan_martin_hernandez\/#breadcrumb"},"inLanguage":"fr-FR","potentialAction":[{"@type":"ReadAction","target":["https:\/\/abc-latina.com\/sport\/sportifs\/juan_martin_hernandez\/"]}]},{"@type":"BreadcrumbList","@id":"https:\/\/abc-latina.com\/sport\/sportifs\/juan_martin_hernandez\/#breadcrumb","itemListElement":[{"@type":"ListItem","position":1,"name":"Accueil","item":"https:\/\/abc-latina.com\/"},{"@type":"ListItem","position":2,"name":"JUAN MARTIN HERNANDEZ"}]},{"@type":"WebSite","@id":"https:\/\/abc-latina.com\/#website","url":"https:\/\/abc-latina.com\/","name":"Abc-latina","description":"","publisher":{"@id":"https:\/\/abc-latina.com\/#organization"},"potentialAction":[{"@type":"SearchAction","target":{"@type":"EntryPoint","urlTemplate":"https:\/\/abc-latina.com\/?s={search_term_string}"},"query-input":{"@type":"PropertyValueSpecification","valueRequired":true,"valueName":"search_term_string"}}],"inLanguage":"fr-FR"},{"@type":"Organization","@id":"https:\/\/abc-latina.com\/#organization","name":"Abc-latina","url":"https:\/\/abc-latina.com\/","logo":{"@type":"ImageObject","inLanguage":"fr-FR","@id":"https:\/\/abc-latina.com\/#\/schema\/logo\/image\/","url":"https:\/\/abc-latina.com\/wp-content\/uploads\/2026\/05\/cropped-logo.gif","contentUrl":"https:\/\/abc-latina.com\/wp-content\/uploads\/2026\/05\/cropped-logo.gif","width":89,"height":84,"caption":"Abc-latina"},"image":{"@id":"https:\/\/abc-latina.com\/#\/schema\/logo\/image\/"}}]}},"_links":{"self":[{"href":"https:\/\/abc-latina.com\/wp-json\/wp\/v2\/pages\/2772","targetHints":{"allow":["GET"]}}],"collection":[{"href":"https:\/\/abc-latina.com\/wp-json\/wp\/v2\/pages"}],"about":[{"href":"https:\/\/abc-latina.com\/wp-json\/wp\/v2\/types\/page"}],"author":[{"embeddable":true,"href":"https:\/\/abc-latina.com\/wp-json\/wp\/v2\/users\/3"}],"replies":[{"embeddable":true,"href":"https:\/\/abc-latina.com\/wp-json\/wp\/v2\/comments?post=2772"}],"version-history":[{"count":1,"href":"https:\/\/abc-latina.com\/wp-json\/wp\/v2\/pages\/2772\/revisions"}],"predecessor-version":[{"id":4009,"href":"https:\/\/abc-latina.com\/wp-json\/wp\/v2\/pages\/2772\/revisions\/4009"}],"up":[{"embeddable":true,"href":"https:\/\/abc-latina.com\/wp-json\/wp\/v2\/pages\/2777"}],"wp:attachment":[{"href":"https:\/\/abc-latina.com\/wp-json\/wp\/v2\/media?parent=2772"}],"curies":[{"name":"wp","href":"https:\/\/api.w.org\/{rel}","templated":true}]}}