{"id":2775,"date":"2011-09-20T17:30:59","date_gmt":"2011-09-20T15:30:59","guid":{"rendered":"http:\/\/abc-latina.com\/erwin_sanchez-php\/"},"modified":"2026-04-30T18:25:29","modified_gmt":"2026-04-30T16:25:29","slug":"erwin_sanchez","status":"publish","type":"page","link":"https:\/\/abc-latina.com\/sport\/sportifs\/erwin_sanchez\/","title":{"rendered":"ERWIN SANCHEZ"},"content":{"rendered":"<p><img loading=\"lazy\" decoding=\"async\" class=\" alignright size-full wp-image-2774\" src=\"http:\/\/abc-latina.com\/wp-content\/uploads\/2011\/09\/erwin-sanchez.jpg\" alt=\"ERWIN SANCHEZ\" title=\"ERWIN SANCHEZ\" width=\"220\" vspace=\"9\" hspace=\"15\" height=\"220\" align=\"right\" srcset=\"https:\/\/abc-latina.com\/wp-content\/uploads\/2011\/09\/erwin-sanchez.jpg 220w, https:\/\/abc-latina.com\/wp-content\/uploads\/2011\/09\/erwin-sanchez-150x150.jpg 150w\" sizes=\"auto, (max-width: 220px) 100vw, 220px\" \/><span class=\"tourisme-chapitre\">Erwin S\u00e1nchez<\/span> Freking est un ancien footballeur bolivien n\u00e9 le 19 octobre 1969 \u00e0 Santa Cruz de la Sierra (Bolivie). Meneur de jeu, il \u00e9tait surnomm\u00e9 Erwin &quot;Platini&quot; S\u00e1nchez en <a href=\"https:\/\/www.abc-latina.com\/bolivie\/\" target=\"_blank\">Bolivie<\/a> en raison de son aisance technique.<\/p>\n<p>Apr\u00e8s avoir d\u00e9but\u00e9 le football \u00e0 Nuevo Horizonte puis Tahuichi Aguilera, Erwin S\u00e1nchez entame sa carri\u00e8re professionnelle dans le club Destroyers Santa Cruz, puis \u00e0 Bol\u00edvar La Paz, avant d&rsquo;\u00eatre recrut\u00e9 \u00e0 l&rsquo;\u00e2ge de 21 ans par le Benfica Lisbonne. Apr\u00e8s la premi\u00e8re saison le club lisbo\u00e8te envoie le jeune bolivien en pr\u00eat \u00e0 Estoril. Il est finalement transf\u00e9r\u00e9 \u00e0 Boavista o\u00f9 il passe ses meilleures ann\u00e9es, remportant la coupe et la supercoupe du Portugal en 1997. Apr\u00e8s deux retours avort\u00e9s \u00e0 Lisbonne, S\u00e1nchez termine sa carri\u00e8re \u00e0 Boavista qui s&rsquo;impose dans le championnat du Portugal en 2001, interrompant ainsi la domination des trois grands clubs lusitaniens, Benfica, le Sporting de Lisbonne et le FC Porto. Il prend part \u00e0 l&rsquo;\u00e9dition 2001-2002 de la Ligue des Champions.<\/p>\n<p>Erwin S\u00e1nchez effectue ses d\u00e9buts en \u00e9quipe de Bolivie d\u00e8s 1989, il dispute la coupe du monde 1994 et le 27 juin inscrit le premier but bolivien de l&rsquo;histoire de la coupe du monde lors de la d\u00e9faite de la Verde face \u00e0 l&rsquo;Espagne.&nbsp;<\/p>\n<div><a href=\"https:\/\/www.abc-latina.com\/sport\/bolivie\">Le sport en Bolivie<\/a><\/div>\n<div><a href=\"https:\/\/www.abc-latina.com\/sport\/football\/bolivie\">Le football bolivien<\/a><\/div>\n<div><a href=\"https:\/\/www.abc-latina.com\/sport\/sportifs\">Les autres sportifs latino-am\u00e9ricains<\/a><\/div>\n<p>&nbsp;<\/p>\n","protected":false},"excerpt":{"rendered":"<p>Erwin S\u00e1nchez Freking est un ancien footballeur bolivien n\u00e9 le 19 octobre 1969 \u00e0 Santa Cruz de la Sierra (Bolivie). [&hellip;]<\/p>\n","protected":false},"author":3,"featured_media":2774,"parent":2777,"menu_order":0,"comment_status":"closed","ping_status":"closed","template":"","meta":{"site-sidebar-layout":"default","site-content-layout":"","ast-site-content-layout":"default","site-content-style":"default","site-sidebar-style":"default","ast-global-header-display":"","ast-banner-title-visibility":"","ast-main-header-display":"","ast-hfb-above-header-display":"","ast-hfb-below-header-display":"","ast-hfb-mobile-header-display":"","site-post-title":"","ast-breadcrumbs-content":"","ast-featured-img":"","footer-sml-layout":"","ast-disable-related-posts":"","theme-transparent-header-meta":"","adv-header-id-meta":"","stick-header-meta":"","header-above-stick-meta":"","header-main-stick-meta":"","header-below-stick-meta":"","astra-migrate-meta-layouts":"default","ast-page-background-enabled":"default","ast-page-background-meta":{"desktop":{"background-color":"var(--ast-global-color-5)","background-image":"","background-repeat":"repeat","background-position":"center center","background-size":"auto","background-attachment":"scroll","background-type":"","background-media":"","overlay-type":"","overlay-color":"","overlay-opacity":"","overlay-gradient":""},"tablet":{"background-color":"","background-image":"","background-repeat":"repeat","background-position":"center center","background-size":"auto","background-attachment":"scroll","background-type":"","background-media":"","overlay-type":"","overlay-color":"","overlay-opacity":"","overlay-gradient":""},"mobile":{"background-color":"","background-image":"","background-repeat":"repeat","background-position":"center center","background-size":"auto","background-attachment":"scroll","background-type":"","background-media":"","overlay-type":"","overlay-color":"","overlay-opacity":"","overlay-gradient":""}},"ast-content-background-meta":{"desktop":{"background-color":"var(--ast-global-color-4)","background-image":"","background-repeat":"repeat","background-position":"center center","background-size":"auto","background-attachment":"scroll","background-type":"","background-media":"","overlay-type":"","overlay-color":"","overlay-opacity":"","overlay-gradient":""},"tablet":{"background-color":"var(--ast-global-color-4)","background-image":"","background-repeat":"repeat","background-position":"center center","background-size":"auto","background-attachment":"scroll","background-type":"","background-media":"","overlay-type":"","overlay-color":"","overlay-opacity":"","overlay-gradient":""},"mobile":{"background-color":"var(--ast-global-color-4)","background-image":"","background-repeat":"repeat","background-position":"center center","background-size":"auto","background-attachment":"scroll","background-type":"","background-media":"","overlay-type":"","overlay-color":"","overlay-opacity":"","overlay-gradient":""}},"footnotes":""},"class_list":["post-2775","page","type-page","status-publish","has-post-thumbnail","hentry"],"yoast_head":"<!-- This site is optimized with the Yoast SEO plugin v27.5 - https:\/\/yoast.com\/product\/yoast-seo-wordpress\/ -->\n<title>ERWIN SANCHEZ - Abc-latina<\/title>\n<meta name=\"description\" content=\"Le footballeur bolivien, Erwin S\u00e1nchez.\" \/>\n<meta name=\"robots\" content=\"index, follow, max-snippet:-1, max-image-preview:large, max-video-preview:-1\" \/>\n<link rel=\"canonical\" href=\"https:\/\/abc-latina.com\/sport\/sportifs\/erwin_sanchez\/\" \/>\n<meta property=\"og:locale\" content=\"fr_FR\" \/>\n<meta property=\"og:type\" content=\"article\" \/>\n<meta property=\"og:title\" content=\"ERWIN SANCHEZ - Abc-latina\" \/>\n<meta property=\"og:description\" content=\"Le footballeur bolivien, Erwin S\u00e1nchez.\" \/>\n<meta property=\"og:url\" content=\"https:\/\/abc-latina.com\/sport\/sportifs\/erwin_sanchez\/\" \/>\n<meta property=\"og:site_name\" content=\"Abc-latina\" \/>\n<meta property=\"article:modified_time\" content=\"2026-04-30T16:25:29+00:00\" \/>\n<meta property=\"og:image\" content=\"https:\/\/abc-latina.com\/wp-content\/uploads\/2011\/09\/erwin-sanchez.jpg\" \/>\n\t<meta property=\"og:image:width\" content=\"220\" \/>\n\t<meta property=\"og:image:height\" content=\"220\" \/>\n\t<meta property=\"og:image:type\" content=\"image\/jpeg\" \/>\n<meta name=\"twitter:card\" content=\"summary_large_image\" \/>\n<meta name=\"twitter:label1\" content=\"Dur\u00e9e de lecture estim\u00e9e\" \/>\n\t<meta name=\"twitter:data1\" content=\"1 minute\" \/>\n<script type=\"application\/ld+json\" class=\"yoast-schema-graph\">{\"@context\":\"https:\\\/\\\/schema.org\",\"@graph\":[{\"@type\":\"WebPage\",\"@id\":\"https:\\\/\\\/abc-latina.com\\\/sport\\\/sportifs\\\/erwin_sanchez\\\/\",\"url\":\"https:\\\/\\\/abc-latina.com\\\/sport\\\/sportifs\\\/erwin_sanchez\\\/\",\"name\":\"ERWIN SANCHEZ - Abc-latina\",\"isPartOf\":{\"@id\":\"https:\\\/\\\/abc-latina.com\\\/#website\"},\"primaryImageOfPage\":{\"@id\":\"https:\\\/\\\/abc-latina.com\\\/sport\\\/sportifs\\\/erwin_sanchez\\\/#primaryimage\"},\"image\":{\"@id\":\"https:\\\/\\\/abc-latina.com\\\/sport\\\/sportifs\\\/erwin_sanchez\\\/#primaryimage\"},\"thumbnailUrl\":\"https:\\\/\\\/abc-latina.com\\\/wp-content\\\/uploads\\\/2011\\\/09\\\/erwin-sanchez.jpg\",\"datePublished\":\"2011-09-20T15:30:59+00:00\",\"dateModified\":\"2026-04-30T16:25:29+00:00\",\"description\":\"Le footballeur bolivien, Erwin S\u00e1nchez.\",\"breadcrumb\":{\"@id\":\"https:\\\/\\\/abc-latina.com\\\/sport\\\/sportifs\\\/erwin_sanchez\\\/#breadcrumb\"},\"inLanguage\":\"fr-FR\",\"potentialAction\":[{\"@type\":\"ReadAction\",\"target\":[\"https:\\\/\\\/abc-latina.com\\\/sport\\\/sportifs\\\/erwin_sanchez\\\/\"]}]},{\"@type\":\"ImageObject\",\"inLanguage\":\"fr-FR\",\"@id\":\"https:\\\/\\\/abc-latina.com\\\/sport\\\/sportifs\\\/erwin_sanchez\\\/#primaryimage\",\"url\":\"https:\\\/\\\/abc-latina.com\\\/wp-content\\\/uploads\\\/2011\\\/09\\\/erwin-sanchez.jpg\",\"contentUrl\":\"https:\\\/\\\/abc-latina.com\\\/wp-content\\\/uploads\\\/2011\\\/09\\\/erwin-sanchez.jpg\",\"width\":220,\"height\":220,\"caption\":\"ERWIN SANCHEZ\"},{\"@type\":\"BreadcrumbList\",\"@id\":\"https:\\\/\\\/abc-latina.com\\\/sport\\\/sportifs\\\/erwin_sanchez\\\/#breadcrumb\",\"itemListElement\":[{\"@type\":\"ListItem\",\"position\":1,\"name\":\"Accueil\",\"item\":\"https:\\\/\\\/abc-latina.com\\\/\"},{\"@type\":\"ListItem\",\"position\":2,\"name\":\"ERWIN SANCHEZ\"}]},{\"@type\":\"WebSite\",\"@id\":\"https:\\\/\\\/abc-latina.com\\\/#website\",\"url\":\"https:\\\/\\\/abc-latina.com\\\/\",\"name\":\"Abc-latina\",\"description\":\"\",\"publisher\":{\"@id\":\"https:\\\/\\\/abc-latina.com\\\/#organization\"},\"potentialAction\":[{\"@type\":\"SearchAction\",\"target\":{\"@type\":\"EntryPoint\",\"urlTemplate\":\"https:\\\/\\\/abc-latina.com\\\/?s={search_term_string}\"},\"query-input\":{\"@type\":\"PropertyValueSpecification\",\"valueRequired\":true,\"valueName\":\"search_term_string\"}}],\"inLanguage\":\"fr-FR\"},{\"@type\":\"Organization\",\"@id\":\"https:\\\/\\\/abc-latina.com\\\/#organization\",\"name\":\"Abc-latina\",\"url\":\"https:\\\/\\\/abc-latina.com\\\/\",\"logo\":{\"@type\":\"ImageObject\",\"inLanguage\":\"fr-FR\",\"@id\":\"https:\\\/\\\/abc-latina.com\\\/#\\\/schema\\\/logo\\\/image\\\/\",\"url\":\"https:\\\/\\\/abc-latina.com\\\/wp-content\\\/uploads\\\/2026\\\/05\\\/cropped-logo.gif\",\"contentUrl\":\"https:\\\/\\\/abc-latina.com\\\/wp-content\\\/uploads\\\/2026\\\/05\\\/cropped-logo.gif\",\"width\":89,\"height\":84,\"caption\":\"Abc-latina\"},\"image\":{\"@id\":\"https:\\\/\\\/abc-latina.com\\\/#\\\/schema\\\/logo\\\/image\\\/\"}}]}<\/script>\n<!-- \/ Yoast SEO plugin. -->","yoast_head_json":{"title":"ERWIN SANCHEZ - Abc-latina","description":"Le footballeur bolivien, Erwin S\u00e1nchez.","robots":{"index":"index","follow":"follow","max-snippet":"max-snippet:-1","max-image-preview":"max-image-preview:large","max-video-preview":"max-video-preview:-1"},"canonical":"https:\/\/abc-latina.com\/sport\/sportifs\/erwin_sanchez\/","og_locale":"fr_FR","og_type":"article","og_title":"ERWIN SANCHEZ - Abc-latina","og_description":"Le footballeur bolivien, Erwin S\u00e1nchez.","og_url":"https:\/\/abc-latina.com\/sport\/sportifs\/erwin_sanchez\/","og_site_name":"Abc-latina","article_modified_time":"2026-04-30T16:25:29+00:00","og_image":[{"width":220,"height":220,"url":"https:\/\/abc-latina.com\/wp-content\/uploads\/2011\/09\/erwin-sanchez.jpg","type":"image\/jpeg"}],"twitter_card":"summary_large_image","twitter_misc":{"Dur\u00e9e de lecture estim\u00e9e":"1 minute"},"schema":{"@context":"https:\/\/schema.org","@graph":[{"@type":"WebPage","@id":"https:\/\/abc-latina.com\/sport\/sportifs\/erwin_sanchez\/","url":"https:\/\/abc-latina.com\/sport\/sportifs\/erwin_sanchez\/","name":"ERWIN SANCHEZ - Abc-latina","isPartOf":{"@id":"https:\/\/abc-latina.com\/#website"},"primaryImageOfPage":{"@id":"https:\/\/abc-latina.com\/sport\/sportifs\/erwin_sanchez\/#primaryimage"},"image":{"@id":"https:\/\/abc-latina.com\/sport\/sportifs\/erwin_sanchez\/#primaryimage"},"thumbnailUrl":"https:\/\/abc-latina.com\/wp-content\/uploads\/2011\/09\/erwin-sanchez.jpg","datePublished":"2011-09-20T15:30:59+00:00","dateModified":"2026-04-30T16:25:29+00:00","description":"Le footballeur bolivien, Erwin S\u00e1nchez.","breadcrumb":{"@id":"https:\/\/abc-latina.com\/sport\/sportifs\/erwin_sanchez\/#breadcrumb"},"inLanguage":"fr-FR","potentialAction":[{"@type":"ReadAction","target":["https:\/\/abc-latina.com\/sport\/sportifs\/erwin_sanchez\/"]}]},{"@type":"ImageObject","inLanguage":"fr-FR","@id":"https:\/\/abc-latina.com\/sport\/sportifs\/erwin_sanchez\/#primaryimage","url":"https:\/\/abc-latina.com\/wp-content\/uploads\/2011\/09\/erwin-sanchez.jpg","contentUrl":"https:\/\/abc-latina.com\/wp-content\/uploads\/2011\/09\/erwin-sanchez.jpg","width":220,"height":220,"caption":"ERWIN SANCHEZ"},{"@type":"BreadcrumbList","@id":"https:\/\/abc-latina.com\/sport\/sportifs\/erwin_sanchez\/#breadcrumb","itemListElement":[{"@type":"ListItem","position":1,"name":"Accueil","item":"https:\/\/abc-latina.com\/"},{"@type":"ListItem","position":2,"name":"ERWIN SANCHEZ"}]},{"@type":"WebSite","@id":"https:\/\/abc-latina.com\/#website","url":"https:\/\/abc-latina.com\/","name":"Abc-latina","description":"","publisher":{"@id":"https:\/\/abc-latina.com\/#organization"},"potentialAction":[{"@type":"SearchAction","target":{"@type":"EntryPoint","urlTemplate":"https:\/\/abc-latina.com\/?s={search_term_string}"},"query-input":{"@type":"PropertyValueSpecification","valueRequired":true,"valueName":"search_term_string"}}],"inLanguage":"fr-FR"},{"@type":"Organization","@id":"https:\/\/abc-latina.com\/#organization","name":"Abc-latina","url":"https:\/\/abc-latina.com\/","logo":{"@type":"ImageObject","inLanguage":"fr-FR","@id":"https:\/\/abc-latina.com\/#\/schema\/logo\/image\/","url":"https:\/\/abc-latina.com\/wp-content\/uploads\/2026\/05\/cropped-logo.gif","contentUrl":"https:\/\/abc-latina.com\/wp-content\/uploads\/2026\/05\/cropped-logo.gif","width":89,"height":84,"caption":"Abc-latina"},"image":{"@id":"https:\/\/abc-latina.com\/#\/schema\/logo\/image\/"}}]}},"_links":{"self":[{"href":"https:\/\/abc-latina.com\/wp-json\/wp\/v2\/pages\/2775","targetHints":{"allow":["GET"]}}],"collection":[{"href":"https:\/\/abc-latina.com\/wp-json\/wp\/v2\/pages"}],"about":[{"href":"https:\/\/abc-latina.com\/wp-json\/wp\/v2\/types\/page"}],"author":[{"embeddable":true,"href":"https:\/\/abc-latina.com\/wp-json\/wp\/v2\/users\/3"}],"replies":[{"embeddable":true,"href":"https:\/\/abc-latina.com\/wp-json\/wp\/v2\/comments?post=2775"}],"version-history":[{"count":1,"href":"https:\/\/abc-latina.com\/wp-json\/wp\/v2\/pages\/2775\/revisions"}],"predecessor-version":[{"id":4001,"href":"https:\/\/abc-latina.com\/wp-json\/wp\/v2\/pages\/2775\/revisions\/4001"}],"up":[{"embeddable":true,"href":"https:\/\/abc-latina.com\/wp-json\/wp\/v2\/pages\/2777"}],"wp:featuredmedia":[{"embeddable":true,"href":"https:\/\/abc-latina.com\/wp-json\/wp\/v2\/media\/2774"}],"wp:attachment":[{"href":"https:\/\/abc-latina.com\/wp-json\/wp\/v2\/media?parent=2775"}],"curies":[{"name":"wp","href":"https:\/\/api.w.org\/{rel}","templated":true}]}}