{"id":2778,"date":"2011-09-20T17:37:08","date_gmt":"2011-09-20T15:37:08","guid":{"rendered":"http:\/\/abc-latina.com\/salaires-2007-php\/"},"modified":"2026-04-30T18:25:29","modified_gmt":"2026-04-30T16:25:29","slug":"salaires-2007","status":"publish","type":"page","link":"https:\/\/abc-latina.com\/sport\/sportifs\/salaires-2007\/","title":{"rendered":"TOP SALAIRES en 2007"},"content":{"rendered":"<h2>&nbsp;Les 30 sportifs les mieux pay\u00e9s dans le monde en 2007<\/h2>\n<p><strong>En gras les sportifs sud-am\u00e9ricains<\/strong><\/p>\n<div>&nbsp;<\/div>\n<div>Nom Sport Nationalit\u00e9 Revenus ($\/an)<\/div>\n<div>&nbsp;<\/div>\n<div>1 Tiger Woods Golf Am\u00e9ricain 83 000 000<\/div>\n<div>&nbsp;<\/div>\n<div>2 Oscar De La Hoya Boxe Am\u00e9ricain 40 000 000<\/div>\n<div>&nbsp;<\/div>\n<div>3 Phil Mickelson Golf Am\u00e9ricain 38 000 000<\/div>\n<div>&nbsp;<\/div>\n<div>4 Fernando Alonso Formule 1 Espagnol 26 000 000<\/div>\n<div>&nbsp;<\/div>\n<div>5 Shaquille O&rsquo;Neal Basket-ball Am\u00e9ricain 26 000 000<\/div>\n<div>&nbsp;<\/div>\n<div>6 Kobe Bryant Basket-ball Am\u00e9ricain 25 000 000<\/div>\n<div>&nbsp;<\/div>\n<div><strong>7 Ronaldinho Football Br\u00e9silien 24 000 000<\/strong><\/div>\n<div>&nbsp;<\/div>\n<div>8 Roger Federer Tennis Suisse 23 000 000<\/div>\n<div>&nbsp;<\/div>\n<div>9 LeBron James Basket-ball Am\u00e9ricain 23 000 000<\/div>\n<div>&nbsp;<\/div>\n<div>10 Valentino Rossi Moto Italien 22 000 000<\/div>\n<div>&nbsp;<\/div>\n<div>11 Kevin Garnett Basket-ball Am\u00e9ricain 21 000 000<\/div>\n<div>&nbsp;<\/div>\n<div>12 Derek Jeter Base-ball Am\u00e9ricain 21 000 000<\/div>\n<div>&nbsp;<\/div>\n<div>13 Alex Rodriguez Base-ball Am\u00e9ricain 21 000 000<\/div>\n<div>&nbsp;<\/div>\n<div>14 David Beckham Football Anglais 20 000 000<\/div>\n<div>&nbsp;<\/div>\n<div>15 Yao Ming Basket-ball Chinois 20 000 000<\/div>\n<div>&nbsp;<\/div>\n<div>16 Dale Earnhardt Jr. Course auto Am\u00e9ricain 20 000 000<\/div>\n<div>&nbsp;<\/div>\n<div>17 Allen Iverson Basket-ball Am\u00e9ricain 18 000 000<\/div>\n<div>&nbsp;<\/div>\n<div>18 Ichiro Suzuki Base-ball Japonais 18 000 000<\/div>\n<div>&nbsp;<\/div>\n<div>19 Maria Sharapova Tennis Russe 18 000 000<\/div>\n<div>&nbsp;<\/div>\n<div>20 Peyton Manning NFL Am\u00e9ricain 17 000 000<\/div>\n<div>&nbsp;<\/div>\n<div>21 Tracy McGrady Basket-ball Am\u00e9ricain 17 000 000<\/div>\n<div>&nbsp;<\/div>\n<div>22 Barry Bonds Base-ball Am\u00e9ricain 17 000 000<\/div>\n<div>&nbsp;<\/div>\n<div>23 Roger Clemens Base-ball Am\u00e9ricain 17 000 000<\/div>\n<div>&nbsp;<\/div>\n<div>24 Jeff Gordon Course auto Am\u00e9ricain 17 000 000 2<\/div>\n<div>&nbsp;<\/div>\n<div>5 Jason Giambi Base-ball Am\u00e9ricain 16 000 000<\/div>\n<div>&nbsp;<\/div>\n<div>26 Thierry Henry Football Fran\u00e7ais 16 000 000<\/div>\n<div>&nbsp;<\/div>\n<div>27 Tim Duncan Basket-ball Am\u00e9ricain 16 000 000<\/div>\n<div>&nbsp;<\/div>\n<div>28 Michael Ballack Football Allemand 15 000 000<\/div>\n<div>&nbsp;<\/div>\n<div><strong>29 Ronaldo Football Br\u00e9silien 15 000 000<\/strong><\/div>\n<div>&nbsp;<\/div>\n<div>30 Michael Finley Basket-ball Am\u00e9ricain 15 000 000&nbsp;<\/div>\n<p>&nbsp;<\/p>\n","protected":false},"excerpt":{"rendered":"<p>&nbsp;Les 30 sportifs les mieux pay\u00e9s dans le monde en 2007 En gras les sportifs sud-am\u00e9ricains &nbsp; Nom Sport Nationalit\u00e9 [&hellip;]<\/p>\n","protected":false},"author":3,"featured_media":0,"parent":2777,"menu_order":0,"comment_status":"closed","ping_status":"closed","template":"","meta":{"site-sidebar-layout":"default","site-content-layout":"","ast-site-content-layout":"default","site-content-style":"default","site-sidebar-style":"default","ast-global-header-display":"","ast-banner-title-visibility":"","ast-main-header-display":"","ast-hfb-above-header-display":"","ast-hfb-below-header-display":"","ast-hfb-mobile-header-display":"","site-post-title":"","ast-breadcrumbs-content":"","ast-featured-img":"","footer-sml-layout":"","ast-disable-related-posts":"","theme-transparent-header-meta":"","adv-header-id-meta":"","stick-header-meta":"","header-above-stick-meta":"","header-main-stick-meta":"","header-below-stick-meta":"","astra-migrate-meta-layouts":"default","ast-page-background-enabled":"default","ast-page-background-meta":{"desktop":{"background-color":"var(--ast-global-color-5)","background-image":"","background-repeat":"repeat","background-position":"center center","background-size":"auto","background-attachment":"scroll","background-type":"","background-media":"","overlay-type":"","overlay-color":"","overlay-opacity":"","overlay-gradient":""},"tablet":{"background-color":"","background-image":"","background-repeat":"repeat","background-position":"center center","background-size":"auto","background-attachment":"scroll","background-type":"","background-media":"","overlay-type":"","overlay-color":"","overlay-opacity":"","overlay-gradient":""},"mobile":{"background-color":"","background-image":"","background-repeat":"repeat","background-position":"center center","background-size":"auto","background-attachment":"scroll","background-type":"","background-media":"","overlay-type":"","overlay-color":"","overlay-opacity":"","overlay-gradient":""}},"ast-content-background-meta":{"desktop":{"background-color":"var(--ast-global-color-4)","background-image":"","background-repeat":"repeat","background-position":"center center","background-size":"auto","background-attachment":"scroll","background-type":"","background-media":"","overlay-type":"","overlay-color":"","overlay-opacity":"","overlay-gradient":""},"tablet":{"background-color":"var(--ast-global-color-4)","background-image":"","background-repeat":"repeat","background-position":"center center","background-size":"auto","background-attachment":"scroll","background-type":"","background-media":"","overlay-type":"","overlay-color":"","overlay-opacity":"","overlay-gradient":""},"mobile":{"background-color":"var(--ast-global-color-4)","background-image":"","background-repeat":"repeat","background-position":"center center","background-size":"auto","background-attachment":"scroll","background-type":"","background-media":"","overlay-type":"","overlay-color":"","overlay-opacity":"","overlay-gradient":""}},"footnotes":""},"class_list":["post-2778","page","type-page","status-publish","hentry"],"yoast_head":"<!-- This site is optimized with the Yoast SEO plugin v27.5 - https:\/\/yoast.com\/product\/yoast-seo-wordpress\/ -->\n<title>TOP SALAIRES en 2007 - Abc-latina<\/title>\n<meta name=\"description\" content=\"Les trente sportifs les mieux pay\u00e9s dans le monde durant l&#039;ann\u00e9e 2007.\" \/>\n<meta name=\"robots\" content=\"index, follow, max-snippet:-1, max-image-preview:large, max-video-preview:-1\" \/>\n<link rel=\"canonical\" href=\"https:\/\/abc-latina.com\/sport\/sportifs\/salaires-2007\/\" \/>\n<meta property=\"og:locale\" content=\"fr_FR\" \/>\n<meta property=\"og:type\" content=\"article\" \/>\n<meta property=\"og:title\" content=\"TOP SALAIRES en 2007 - Abc-latina\" \/>\n<meta property=\"og:description\" content=\"Les trente sportifs les mieux pay\u00e9s dans le monde durant l&#039;ann\u00e9e 2007.\" \/>\n<meta property=\"og:url\" content=\"https:\/\/abc-latina.com\/sport\/sportifs\/salaires-2007\/\" \/>\n<meta property=\"og:site_name\" content=\"Abc-latina\" \/>\n<meta property=\"article:modified_time\" content=\"2026-04-30T16:25:29+00:00\" \/>\n<meta name=\"twitter:card\" content=\"summary_large_image\" \/>\n<meta name=\"twitter:label1\" content=\"Dur\u00e9e de lecture estim\u00e9e\" \/>\n\t<meta name=\"twitter:data1\" content=\"1 minute\" \/>\n<script type=\"application\/ld+json\" class=\"yoast-schema-graph\">{\"@context\":\"https:\\\/\\\/schema.org\",\"@graph\":[{\"@type\":\"WebPage\",\"@id\":\"https:\\\/\\\/abc-latina.com\\\/sport\\\/sportifs\\\/salaires-2007\\\/\",\"url\":\"https:\\\/\\\/abc-latina.com\\\/sport\\\/sportifs\\\/salaires-2007\\\/\",\"name\":\"TOP SALAIRES en 2007 - Abc-latina\",\"isPartOf\":{\"@id\":\"https:\\\/\\\/abc-latina.com\\\/#website\"},\"datePublished\":\"2011-09-20T15:37:08+00:00\",\"dateModified\":\"2026-04-30T16:25:29+00:00\",\"description\":\"Les trente sportifs les mieux pay\u00e9s dans le monde durant l'ann\u00e9e 2007.\",\"breadcrumb\":{\"@id\":\"https:\\\/\\\/abc-latina.com\\\/sport\\\/sportifs\\\/salaires-2007\\\/#breadcrumb\"},\"inLanguage\":\"fr-FR\",\"potentialAction\":[{\"@type\":\"ReadAction\",\"target\":[\"https:\\\/\\\/abc-latina.com\\\/sport\\\/sportifs\\\/salaires-2007\\\/\"]}]},{\"@type\":\"BreadcrumbList\",\"@id\":\"https:\\\/\\\/abc-latina.com\\\/sport\\\/sportifs\\\/salaires-2007\\\/#breadcrumb\",\"itemListElement\":[{\"@type\":\"ListItem\",\"position\":1,\"name\":\"Accueil\",\"item\":\"https:\\\/\\\/abc-latina.com\\\/\"},{\"@type\":\"ListItem\",\"position\":2,\"name\":\"TOP SALAIRES en 2007\"}]},{\"@type\":\"WebSite\",\"@id\":\"https:\\\/\\\/abc-latina.com\\\/#website\",\"url\":\"https:\\\/\\\/abc-latina.com\\\/\",\"name\":\"Abc-latina\",\"description\":\"\",\"publisher\":{\"@id\":\"https:\\\/\\\/abc-latina.com\\\/#organization\"},\"potentialAction\":[{\"@type\":\"SearchAction\",\"target\":{\"@type\":\"EntryPoint\",\"urlTemplate\":\"https:\\\/\\\/abc-latina.com\\\/?s={search_term_string}\"},\"query-input\":{\"@type\":\"PropertyValueSpecification\",\"valueRequired\":true,\"valueName\":\"search_term_string\"}}],\"inLanguage\":\"fr-FR\"},{\"@type\":\"Organization\",\"@id\":\"https:\\\/\\\/abc-latina.com\\\/#organization\",\"name\":\"Abc-latina\",\"url\":\"https:\\\/\\\/abc-latina.com\\\/\",\"logo\":{\"@type\":\"ImageObject\",\"inLanguage\":\"fr-FR\",\"@id\":\"https:\\\/\\\/abc-latina.com\\\/#\\\/schema\\\/logo\\\/image\\\/\",\"url\":\"https:\\\/\\\/abc-latina.com\\\/wp-content\\\/uploads\\\/2026\\\/05\\\/cropped-logo.gif\",\"contentUrl\":\"https:\\\/\\\/abc-latina.com\\\/wp-content\\\/uploads\\\/2026\\\/05\\\/cropped-logo.gif\",\"width\":89,\"height\":84,\"caption\":\"Abc-latina\"},\"image\":{\"@id\":\"https:\\\/\\\/abc-latina.com\\\/#\\\/schema\\\/logo\\\/image\\\/\"}}]}<\/script>\n<!-- \/ Yoast SEO plugin. -->","yoast_head_json":{"title":"TOP SALAIRES en 2007 - Abc-latina","description":"Les trente sportifs les mieux pay\u00e9s dans le monde durant l'ann\u00e9e 2007.","robots":{"index":"index","follow":"follow","max-snippet":"max-snippet:-1","max-image-preview":"max-image-preview:large","max-video-preview":"max-video-preview:-1"},"canonical":"https:\/\/abc-latina.com\/sport\/sportifs\/salaires-2007\/","og_locale":"fr_FR","og_type":"article","og_title":"TOP SALAIRES en 2007 - Abc-latina","og_description":"Les trente sportifs les mieux pay\u00e9s dans le monde durant l'ann\u00e9e 2007.","og_url":"https:\/\/abc-latina.com\/sport\/sportifs\/salaires-2007\/","og_site_name":"Abc-latina","article_modified_time":"2026-04-30T16:25:29+00:00","twitter_card":"summary_large_image","twitter_misc":{"Dur\u00e9e de lecture estim\u00e9e":"1 minute"},"schema":{"@context":"https:\/\/schema.org","@graph":[{"@type":"WebPage","@id":"https:\/\/abc-latina.com\/sport\/sportifs\/salaires-2007\/","url":"https:\/\/abc-latina.com\/sport\/sportifs\/salaires-2007\/","name":"TOP SALAIRES en 2007 - Abc-latina","isPartOf":{"@id":"https:\/\/abc-latina.com\/#website"},"datePublished":"2011-09-20T15:37:08+00:00","dateModified":"2026-04-30T16:25:29+00:00","description":"Les trente sportifs les mieux pay\u00e9s dans le monde durant l'ann\u00e9e 2007.","breadcrumb":{"@id":"https:\/\/abc-latina.com\/sport\/sportifs\/salaires-2007\/#breadcrumb"},"inLanguage":"fr-FR","potentialAction":[{"@type":"ReadAction","target":["https:\/\/abc-latina.com\/sport\/sportifs\/salaires-2007\/"]}]},{"@type":"BreadcrumbList","@id":"https:\/\/abc-latina.com\/sport\/sportifs\/salaires-2007\/#breadcrumb","itemListElement":[{"@type":"ListItem","position":1,"name":"Accueil","item":"https:\/\/abc-latina.com\/"},{"@type":"ListItem","position":2,"name":"TOP SALAIRES en 2007"}]},{"@type":"WebSite","@id":"https:\/\/abc-latina.com\/#website","url":"https:\/\/abc-latina.com\/","name":"Abc-latina","description":"","publisher":{"@id":"https:\/\/abc-latina.com\/#organization"},"potentialAction":[{"@type":"SearchAction","target":{"@type":"EntryPoint","urlTemplate":"https:\/\/abc-latina.com\/?s={search_term_string}"},"query-input":{"@type":"PropertyValueSpecification","valueRequired":true,"valueName":"search_term_string"}}],"inLanguage":"fr-FR"},{"@type":"Organization","@id":"https:\/\/abc-latina.com\/#organization","name":"Abc-latina","url":"https:\/\/abc-latina.com\/","logo":{"@type":"ImageObject","inLanguage":"fr-FR","@id":"https:\/\/abc-latina.com\/#\/schema\/logo\/image\/","url":"https:\/\/abc-latina.com\/wp-content\/uploads\/2026\/05\/cropped-logo.gif","contentUrl":"https:\/\/abc-latina.com\/wp-content\/uploads\/2026\/05\/cropped-logo.gif","width":89,"height":84,"caption":"Abc-latina"},"image":{"@id":"https:\/\/abc-latina.com\/#\/schema\/logo\/image\/"}}]}},"_links":{"self":[{"href":"https:\/\/abc-latina.com\/wp-json\/wp\/v2\/pages\/2778","targetHints":{"allow":["GET"]}}],"collection":[{"href":"https:\/\/abc-latina.com\/wp-json\/wp\/v2\/pages"}],"about":[{"href":"https:\/\/abc-latina.com\/wp-json\/wp\/v2\/types\/page"}],"author":[{"embeddable":true,"href":"https:\/\/abc-latina.com\/wp-json\/wp\/v2\/users\/3"}],"replies":[{"embeddable":true,"href":"https:\/\/abc-latina.com\/wp-json\/wp\/v2\/comments?post=2778"}],"version-history":[{"count":1,"href":"https:\/\/abc-latina.com\/wp-json\/wp\/v2\/pages\/2778\/revisions"}],"predecessor-version":[{"id":4017,"href":"https:\/\/abc-latina.com\/wp-json\/wp\/v2\/pages\/2778\/revisions\/4017"}],"up":[{"embeddable":true,"href":"https:\/\/abc-latina.com\/wp-json\/wp\/v2\/pages\/2777"}],"wp:attachment":[{"href":"https:\/\/abc-latina.com\/wp-json\/wp\/v2\/media?parent=2778"}],"curies":[{"name":"wp","href":"https:\/\/api.w.org\/{rel}","templated":true}]}}