{"id":2779,"date":"2011-09-20T23:41:11","date_gmt":"2011-09-20T21:41:11","guid":{"rendered":"http:\/\/abc-latina.com\/index-php-20\/"},"modified":"2026-04-30T18:25:28","modified_gmt":"2026-04-30T16:25:28","slug":"jeux-panamericains","status":"publish","type":"page","link":"https:\/\/abc-latina.com\/sport\/jeux-panamericains\/","title":{"rendered":"JEUX PANAMERICAINS"},"content":{"rendered":"<p>&nbsp;Les Jeux  Panam\u00e9ricains sont une comp\u00e9tition multisports, organis\u00e9e tous les quatre ans,  dans laquelle participent les athl\u00e8thes des pays des Am\u00e9riques.<\/p>\n<p><font size=\"2\" face=\"Arial, Helvetica, sans-serif\">Editions<\/font><\/p>\n<table width=\"420\" border=\"0\">\n<tbody>\n<tr>\n<td width=\"10%\"><b><font size=\"1\" face=\"Arial, Helvetica, sans-serif\">Ann\u00e9e<\/font><\/b><\/td>\n<td width=\"28%\"><b><font size=\"1\" face=\"Arial, Helvetica, sans-serif\">Dates<\/font><\/b><\/td>\n<td width=\"23%\"><b><font size=\"1\" face=\"Arial, Helvetica, sans-serif\">Lieux<\/font><\/b><\/td>\n<td width=\"13%\">\n<div align=\"center\"><b><font size=\"1\" face=\"Arial, Helvetica, sans-serif\">Nations<\/font><\/b><\/div>\n<\/td>\n<td width=\"10%\">\n<div align=\"center\"><b><font size=\"1\" face=\"Arial, Helvetica, sans-serif\">Sports<\/font><\/b><\/div>\n<\/td>\n<td width=\"16%\">\n<div align=\"center\"><b><font size=\"1\" face=\"Arial, Helvetica, sans-serif\">Athl\u00e8tes<\/font><\/b><\/div>\n<\/td>\n<\/tr>\n<tr bgcolor=\"#ebebeb\">\n<td width=\"10%\" height=\"25\"><font size=\"1\" face=\"Arial, Helvetica, sans-serif\">1951<\/font><\/td>\n<td width=\"28%\"><font size=\"1\" face=\"Arial, Helvetica, sans-serif\">25 f\u00e9vrier &#8211; 9  mars<\/font><\/td>\n<td width=\"23%\"><font size=\"1\" face=\"Arial, Helvetica, sans-serif\">Buenos Aires,  Argentine <\/font><\/td>\n<td width=\"13%\">\n<div align=\"center\"><font size=\"1\" face=\"Arial, Helvetica, sans-serif\">21<\/font><\/div>\n<\/td>\n<td width=\"10%\">\n<div align=\"center\"><font size=\"1\" face=\"Arial, Helvetica, sans-serif\">18<\/font><\/div>\n<\/td>\n<td width=\"16%\">\n<div align=\"center\"><font size=\"1\" face=\"Arial, Helvetica, sans-serif\">2513  <\/font><\/div>\n<\/td>\n<\/tr>\n<tr>\n<td width=\"10%\" height=\"25\"><font size=\"1\" face=\"Arial, Helvetica, sans-serif\">1955  <\/font><\/td>\n<td width=\"28%\"><font size=\"1\" face=\"Arial, Helvetica, sans-serif\">12 &#8211; 26 mars  <\/font><\/td>\n<td width=\"23%\"><font size=\"1\" face=\"Arial, Helvetica, sans-serif\">Mexico, Mexique  <\/font><\/td>\n<td width=\"13%\">\n<div align=\"center\"><font size=\"1\" face=\"Arial, Helvetica, sans-serif\">22<\/font><\/div>\n<\/td>\n<td width=\"10%\">\n<div align=\"center\"><font size=\"1\" face=\"Arial, Helvetica, sans-serif\">17  <\/font><\/div>\n<\/td>\n<td width=\"16%\">\n<div align=\"center\"><font size=\"1\" face=\"Arial, Helvetica, sans-serif\">2583  <\/font><\/div>\n<\/td>\n<\/tr>\n<tr bgcolor=\"#ebebeb\">\n<td width=\"10%\" height=\"25\"><font size=\"1\" face=\"Arial, Helvetica, sans-serif\">1959<\/font><\/td>\n<td width=\"28%\"><font size=\"1\" face=\"Arial, Helvetica, sans-serif\">27 ao\u00fbt &#8211; 7  septembre <\/font><\/td>\n<td width=\"23%\"><font size=\"1\" face=\"Arial, Helvetica, sans-serif\">Chicago,  \u00c9tats-Unis<\/font><\/td>\n<td width=\"13%\">\n<div align=\"center\"><font size=\"1\" face=\"Arial, Helvetica, sans-serif\">25<\/font><\/div>\n<\/td>\n<td width=\"10%\">\n<div align=\"center\"><font size=\"1\" face=\"Arial, Helvetica, sans-serif\">18  <\/font><\/div>\n<\/td>\n<td width=\"16%\">\n<div align=\"center\"><font size=\"1\" face=\"Arial, Helvetica, sans-serif\">2263  <\/font><\/div>\n<\/td>\n<\/tr>\n<tr>\n<td width=\"10%\" height=\"25\"><font size=\"1\" face=\"Arial, Helvetica, sans-serif\">1963<\/font><\/td>\n<td width=\"28%\"><font size=\"1\" face=\"Arial, Helvetica, sans-serif\">20 avril &#8211; 5  mai <\/font><\/td>\n<td width=\"23%\"><font size=\"1\" face=\"Arial, Helvetica, sans-serif\">S\u00e3o Paulo,  Br\u00e9sil <\/font><\/td>\n<td width=\"13%\">\n<div align=\"center\"><font size=\"1\" face=\"Arial, Helvetica, sans-serif\">22<\/font><\/div>\n<\/td>\n<td width=\"10%\">\n<div align=\"center\"><font size=\"1\" face=\"Arial, Helvetica, sans-serif\">19  <\/font><\/div>\n<\/td>\n<td width=\"16%\">\n<div align=\"center\"><font size=\"1\" face=\"Arial, Helvetica, sans-serif\">1665<\/font><\/div>\n<\/td>\n<\/tr>\n<tr bgcolor=\"#ebebeb\">\n<td width=\"10%\" height=\"25\"><font size=\"1\" face=\"Arial, Helvetica, sans-serif\">1967<\/font><\/td>\n<td width=\"28%\"><font size=\"1\" face=\"Arial, Helvetica, sans-serif\">23 juillet &#8211; 6  ao\u00fbt <\/font><\/td>\n<td width=\"23%\"><font size=\"1\" face=\"Arial, Helvetica, sans-serif\">Winnipeg,  Canada <\/font><\/td>\n<td width=\"13%\">\n<div align=\"center\"><font size=\"1\" face=\"Arial, Helvetica, sans-serif\">29<\/font><\/div>\n<\/td>\n<td width=\"10%\">\n<div align=\"center\"><font size=\"1\" face=\"Arial, Helvetica, sans-serif\">19  <\/font><\/div>\n<\/td>\n<td width=\"16%\">\n<div align=\"center\"><font size=\"1\" face=\"Arial, Helvetica, sans-serif\">2361<\/font><\/div>\n<\/td>\n<\/tr>\n<tr>\n<td width=\"10%\" height=\"25\"><font size=\"1\" face=\"Arial, Helvetica, sans-serif\">1971<\/font><\/td>\n<td width=\"28%\"><font size=\"1\" face=\"Arial, Helvetica, sans-serif\">30 juillet &#8211; 13  ao\u00fbt <\/font><\/td>\n<td width=\"23%\"><font size=\"1\" face=\"Arial, Helvetica, sans-serif\">Cali, Colombie  <\/font><\/td>\n<td width=\"13%\">\n<div align=\"center\"><font size=\"1\" face=\"Arial, Helvetica, sans-serif\">32<\/font><\/div>\n<\/td>\n<td width=\"10%\">\n<div align=\"center\"><font size=\"1\" face=\"Arial, Helvetica, sans-serif\">17<\/font><\/div>\n<\/td>\n<td width=\"16%\">\n<div align=\"center\"><font size=\"1\" face=\"Arial, Helvetica, sans-serif\">2935<\/font><\/div>\n<\/td>\n<\/tr>\n<tr bgcolor=\"#ebebeb\">\n<td width=\"10%\" height=\"25\"><font size=\"1\" face=\"Arial, Helvetica, sans-serif\">1975<\/font><\/td>\n<td width=\"28%\"><font size=\"1\" face=\"Arial, Helvetica, sans-serif\">12 &#8211; 26  octobre<\/font><\/td>\n<td width=\"23%\"><font size=\"1\" face=\"Arial, Helvetica, sans-serif\">Mexico,  Mexique<\/font><\/td>\n<td width=\"13%\">\n<div align=\"center\"><font size=\"1\" face=\"Arial, Helvetica, sans-serif\">33<\/font><\/div>\n<\/td>\n<td width=\"10%\">\n<div align=\"center\"><font size=\"1\" face=\"Arial, Helvetica, sans-serif\">19<\/font><\/div>\n<\/td>\n<td width=\"16%\">\n<div align=\"center\"><font size=\"1\" face=\"Arial, Helvetica, sans-serif\">3146<\/font><\/div>\n<\/td>\n<\/tr>\n<tr>\n<td width=\"10%\" height=\"25\"><font size=\"1\" face=\"Arial, Helvetica, sans-serif\">1979  <\/font><\/td>\n<td width=\"28%\"><font size=\"1\" face=\"Arial, Helvetica, sans-serif\">1er &#8211;  15juillet<\/font><\/td>\n<td width=\"23%\"><font size=\"1\" face=\"Arial, Helvetica, sans-serif\"><br \/>San Juan,  Porto Rico<\/font><\/td>\n<td width=\"13%\">\n<div align=\"center\"><font size=\"1\" face=\"Arial, Helvetica, sans-serif\">34<\/font><\/div>\n<\/td>\n<td width=\"10%\">\n<div align=\"center\"><font size=\"1\" face=\"Arial, Helvetica, sans-serif\">22<\/font><\/div>\n<\/td>\n<td width=\"16%\">\n<div align=\"center\"><font size=\"1\" face=\"Arial, Helvetica, sans-serif\">3700  <\/font><\/div>\n<\/td>\n<\/tr>\n<tr bgcolor=\"#ebebeb\">\n<td width=\"10%\" height=\"25\"><font size=\"1\" face=\"Arial, Helvetica, sans-serif\">1983<\/font><\/td>\n<td width=\"28%\"><font size=\"1\" face=\"Arial, Helvetica, sans-serif\">14 &#8211; 29  ao\u00fbt<\/font><\/td>\n<td width=\"23%\"><font size=\"1\" face=\"Arial, Helvetica, sans-serif\">Caracas,  Venezuela<\/font><\/td>\n<td width=\"13%\">\n<div align=\"center\"><font size=\"1\" face=\"Arial, Helvetica, sans-serif\">36<\/font><\/div>\n<\/td>\n<td width=\"10%\">\n<div align=\"center\"><font size=\"1\" face=\"Arial, Helvetica, sans-serif\">22<\/font><\/div>\n<\/td>\n<td width=\"16%\">\n<div align=\"center\"><font size=\"1\" face=\"Arial, Helvetica, sans-serif\">3426  <\/font><\/div>\n<\/td>\n<\/tr>\n<tr>\n<td width=\"10%\" height=\"25\"><font size=\"1\" face=\"Arial, Helvetica, sans-serif\">1987<\/font><\/td>\n<td width=\"28%\"><font size=\"1\" face=\"Arial, Helvetica, sans-serif\">8 &#8211; 23  ao\u00fbt<\/font><\/td>\n<td width=\"23%\"><font size=\"1\" face=\"Arial, Helvetica, sans-serif\">Indianapolis,  \u00c9tats-Unis<\/font><\/td>\n<td width=\"13%\">\n<div align=\"center\"><font size=\"1\" face=\"Arial, Helvetica, sans-serif\">38<\/font><\/div>\n<\/td>\n<td width=\"10%\">\n<div align=\"center\"><font size=\"1\" face=\"Arial, Helvetica, sans-serif\">27<\/font><\/div>\n<\/td>\n<td width=\"16%\">\n<div align=\"center\"><font size=\"1\" face=\"Arial, Helvetica, sans-serif\">4453  <\/font><\/div>\n<\/td>\n<\/tr>\n<tr bgcolor=\"#ebebeb\">\n<td width=\"10%\" height=\"25\"><font size=\"1\" face=\"Arial, Helvetica, sans-serif\">1991<\/font><\/td>\n<td width=\"28%\"><font size=\"1\" face=\"Arial, Helvetica, sans-serif\">2 &#8211; 18  ao\u00fbt<\/font><\/td>\n<td width=\"23%\"><font size=\"1\" face=\"Arial, Helvetica, sans-serif\">La Havane, Cuba  <\/font><\/td>\n<td width=\"13%\">\n<div align=\"center\"><font size=\"1\" face=\"Arial, Helvetica, sans-serif\">39<\/font><\/div>\n<\/td>\n<td width=\"10%\">\n<div align=\"center\"><font size=\"1\" face=\"Arial, Helvetica, sans-serif\">34<\/font><\/div>\n<\/td>\n<td width=\"16%\">\n<div align=\"center\"><font size=\"1\" face=\"Arial, Helvetica, sans-serif\">4519  <\/font><\/div>\n<\/td>\n<\/tr>\n<tr>\n<td width=\"10%\" height=\"25\"><font size=\"1\" face=\"Arial, Helvetica, sans-serif\">1995<\/font><\/td>\n<td width=\"28%\"><font size=\"1\" face=\"Arial, Helvetica, sans-serif\">12 &#8211; 26  mars<\/font><\/td>\n<td width=\"23%\"><font size=\"1\" face=\"Arial, Helvetica, sans-serif\">Mar del Plata,  Argentine<\/font><\/td>\n<td width=\"13%\">\n<div align=\"center\"><font size=\"1\" face=\"Arial, Helvetica, sans-serif\">42<\/font><\/div>\n<\/td>\n<td width=\"10%\">\n<div align=\"center\"><font size=\"1\" face=\"Arial, Helvetica, sans-serif\">33<\/font><\/div>\n<\/td>\n<td width=\"16%\">\n<div align=\"center\"><font size=\"1\" face=\"Arial, Helvetica, sans-serif\">5144  <\/font><\/div>\n<\/td>\n<\/tr>\n<tr bgcolor=\"#ebebeb\">\n<td width=\"10%\" height=\"25\"><font size=\"1\" face=\"Arial, Helvetica, sans-serif\">1999<\/font><\/td>\n<td width=\"28%\"><font size=\"1\" face=\"Arial, Helvetica, sans-serif\">23 juillet &#8211; 8  ao\u00fbt<\/font><\/td>\n<td width=\"23%\"><font size=\"1\" face=\"Arial, Helvetica, sans-serif\">Winnipeg,  Canada<\/font><\/td>\n<td width=\"13%\">\n<div align=\"center\"><font size=\"1\" face=\"Arial, Helvetica, sans-serif\">42<\/font><\/div>\n<\/td>\n<td width=\"10%\">\n<div align=\"center\"><font size=\"1\" face=\"Arial, Helvetica, sans-serif\">34<\/font><\/div>\n<\/td>\n<td width=\"16%\">\n<div align=\"center\"><font size=\"1\" face=\"Arial, Helvetica, sans-serif\">5275  <\/font><\/div>\n<\/td>\n<\/tr>\n<tr>\n<td width=\"10%\" height=\"25\"><font size=\"1\" face=\"Arial, Helvetica, sans-serif\"><font color=\"#000000\">2003<\/font><\/font><\/td>\n<td width=\"28%\"><font size=\"1\" face=\"Arial, Helvetica, sans-serif\">1er &#8211; 17 ao\u00fbt  <\/font><\/td>\n<td width=\"23%\"><font size=\"1\" face=\"Arial, Helvetica, sans-serif\">Santo Domingo,  R\u00e9publique dominicaine<\/font><\/td>\n<td width=\"13%\">\n<div align=\"center\"><font size=\"1\" face=\"Arial, Helvetica, sans-serif\">42<\/font><\/div>\n<\/td>\n<td width=\"10%\">\n<div align=\"center\"><font size=\"1\" face=\"Arial, Helvetica, sans-serif\">35<\/font><\/div>\n<\/td>\n<td width=\"16%\">\n<div align=\"center\"><font size=\"1\" face=\"Arial, Helvetica, sans-serif\">5196  <\/font><\/div>\n<\/td>\n<\/tr>\n<tr bgcolor=\"#ebebeb\">\n<td width=\"10%\" height=\"25\" bgcolor=\"#ebebeb\"><font size=\"1\" face=\"Arial, Helvetica, sans-serif\"><font color=\"#000000\">2007<\/font><\/font><\/td>\n<td width=\"28%\"><font size=\"1\" face=\"Arial, Helvetica, sans-serif\">13 &#8211; 29  juillet<\/font><\/td>\n<td width=\"23%\"><font size=\"1\" face=\"Arial, Helvetica, sans-serif\">Rio de Janeiro,  Br\u00e9sil<\/font><\/td>\n<td width=\"13%\">\n<div align=\"center\"><font size=\"1\" face=\"Arial, Helvetica, sans-serif\">42<\/font><\/div>\n<\/td>\n<td width=\"10%\">\n<div align=\"center\"><font size=\"1\" face=\"Arial, Helvetica, sans-serif\">41<\/font><\/div>\n<\/td>\n<td width=\"16%\">\n<div align=\"center\"><font size=\"1\" face=\"Arial, Helvetica, sans-serif\">5500  <\/font><\/div>\n<\/td>\n<\/tr>\n<tr>\n<td width=\"10%\" height=\"25\"><font size=\"1\" face=\"Arial, Helvetica, sans-serif\">2011<\/font><\/td>\n<td width=\"28%\"><font size=\"1\" face=\"Arial, Helvetica, sans-serif\">13 &#8211; 30  octobre<\/font><\/td>\n<td width=\"23%\"><font size=\"1\" face=\"Arial, Helvetica, sans-serif\">Guadalajara,  Mexique<\/font><\/td>\n<\/tr>\n<\/tbody>\n<\/table>\n","protected":false},"excerpt":{"rendered":"<p>&nbsp;Les Jeux Panam\u00e9ricains sont une comp\u00e9tition multisports, organis\u00e9e tous les quatre ans, dans laquelle participent les athl\u00e8thes des pays des [&hellip;]<\/p>\n","protected":false},"author":3,"featured_media":0,"parent":2709,"menu_order":0,"comment_status":"closed","ping_status":"closed","template":"","meta":{"site-sidebar-layout":"default","site-content-layout":"","ast-site-content-layout":"default","site-content-style":"default","site-sidebar-style":"default","ast-global-header-display":"","ast-banner-title-visibility":"","ast-main-header-display":"","ast-hfb-above-header-display":"","ast-hfb-below-header-display":"","ast-hfb-mobile-header-display":"","site-post-title":"","ast-breadcrumbs-content":"","ast-featured-img":"","footer-sml-layout":"","ast-disable-related-posts":"","theme-transparent-header-meta":"","adv-header-id-meta":"","stick-header-meta":"","header-above-stick-meta":"","header-main-stick-meta":"","header-below-stick-meta":"","astra-migrate-meta-layouts":"default","ast-page-background-enabled":"default","ast-page-background-meta":{"desktop":{"background-color":"var(--ast-global-color-5)","background-image":"","background-repeat":"repeat","background-position":"center center","background-size":"auto","background-attachment":"scroll","background-type":"","background-media":"","overlay-type":"","overlay-color":"","overlay-opacity":"","overlay-gradient":""},"tablet":{"background-color":"","background-image":"","background-repeat":"repeat","background-position":"center center","background-size":"auto","background-attachment":"scroll","background-type":"","background-media":"","overlay-type":"","overlay-color":"","overlay-opacity":"","overlay-gradient":""},"mobile":{"background-color":"","background-image":"","background-repeat":"repeat","background-position":"center center","background-size":"auto","background-attachment":"scroll","background-type":"","background-media":"","overlay-type":"","overlay-color":"","overlay-opacity":"","overlay-gradient":""}},"ast-content-background-meta":{"desktop":{"background-color":"var(--ast-global-color-4)","background-image":"","background-repeat":"repeat","background-position":"center center","background-size":"auto","background-attachment":"scroll","background-type":"","background-media":"","overlay-type":"","overlay-color":"","overlay-opacity":"","overlay-gradient":""},"tablet":{"background-color":"var(--ast-global-color-4)","background-image":"","background-repeat":"repeat","background-position":"center center","background-size":"auto","background-attachment":"scroll","background-type":"","background-media":"","overlay-type":"","overlay-color":"","overlay-opacity":"","overlay-gradient":""},"mobile":{"background-color":"var(--ast-global-color-4)","background-image":"","background-repeat":"repeat","background-position":"center center","background-size":"auto","background-attachment":"scroll","background-type":"","background-media":"","overlay-type":"","overlay-color":"","overlay-opacity":"","overlay-gradient":""}},"footnotes":""},"class_list":["post-2779","page","type-page","status-publish","hentry"],"yoast_head":"<!-- This site is optimized with the Yoast SEO plugin v27.5 - https:\/\/yoast.com\/product\/yoast-seo-wordpress\/ -->\n<title>JEUX PANAMERICAINS - Abc-latina<\/title>\n<meta name=\"description\" content=\"Les Jeux Panam\u00e9ricains.\" \/>\n<meta name=\"robots\" content=\"index, follow, max-snippet:-1, max-image-preview:large, max-video-preview:-1\" \/>\n<link rel=\"canonical\" href=\"https:\/\/abc-latina.com\/sport\/jeux-panamericains\/\" \/>\n<meta property=\"og:locale\" content=\"fr_FR\" \/>\n<meta property=\"og:type\" content=\"article\" \/>\n<meta property=\"og:title\" content=\"JEUX PANAMERICAINS - Abc-latina\" \/>\n<meta property=\"og:description\" content=\"Les Jeux Panam\u00e9ricains.\" \/>\n<meta property=\"og:url\" content=\"https:\/\/abc-latina.com\/sport\/jeux-panamericains\/\" \/>\n<meta property=\"og:site_name\" content=\"Abc-latina\" \/>\n<meta property=\"article:modified_time\" content=\"2026-04-30T16:25:28+00:00\" \/>\n<meta name=\"twitter:card\" content=\"summary_large_image\" \/>\n<meta name=\"twitter:label1\" content=\"Dur\u00e9e de lecture estim\u00e9e\" \/>\n\t<meta name=\"twitter:data1\" content=\"1 minute\" \/>\n<script type=\"application\/ld+json\" class=\"yoast-schema-graph\">{\"@context\":\"https:\\\/\\\/schema.org\",\"@graph\":[{\"@type\":\"WebPage\",\"@id\":\"https:\\\/\\\/abc-latina.com\\\/sport\\\/jeux-panamericains\\\/\",\"url\":\"https:\\\/\\\/abc-latina.com\\\/sport\\\/jeux-panamericains\\\/\",\"name\":\"JEUX PANAMERICAINS - Abc-latina\",\"isPartOf\":{\"@id\":\"https:\\\/\\\/abc-latina.com\\\/#website\"},\"datePublished\":\"2011-09-20T21:41:11+00:00\",\"dateModified\":\"2026-04-30T16:25:28+00:00\",\"description\":\"Les Jeux Panam\u00e9ricains.\",\"breadcrumb\":{\"@id\":\"https:\\\/\\\/abc-latina.com\\\/sport\\\/jeux-panamericains\\\/#breadcrumb\"},\"inLanguage\":\"fr-FR\",\"potentialAction\":[{\"@type\":\"ReadAction\",\"target\":[\"https:\\\/\\\/abc-latina.com\\\/sport\\\/jeux-panamericains\\\/\"]}]},{\"@type\":\"BreadcrumbList\",\"@id\":\"https:\\\/\\\/abc-latina.com\\\/sport\\\/jeux-panamericains\\\/#breadcrumb\",\"itemListElement\":[{\"@type\":\"ListItem\",\"position\":1,\"name\":\"Accueil\",\"item\":\"https:\\\/\\\/abc-latina.com\\\/\"},{\"@type\":\"ListItem\",\"position\":2,\"name\":\"JEUX PANAMERICAINS\"}]},{\"@type\":\"WebSite\",\"@id\":\"https:\\\/\\\/abc-latina.com\\\/#website\",\"url\":\"https:\\\/\\\/abc-latina.com\\\/\",\"name\":\"Abc-latina\",\"description\":\"\",\"publisher\":{\"@id\":\"https:\\\/\\\/abc-latina.com\\\/#organization\"},\"potentialAction\":[{\"@type\":\"SearchAction\",\"target\":{\"@type\":\"EntryPoint\",\"urlTemplate\":\"https:\\\/\\\/abc-latina.com\\\/?s={search_term_string}\"},\"query-input\":{\"@type\":\"PropertyValueSpecification\",\"valueRequired\":true,\"valueName\":\"search_term_string\"}}],\"inLanguage\":\"fr-FR\"},{\"@type\":\"Organization\",\"@id\":\"https:\\\/\\\/abc-latina.com\\\/#organization\",\"name\":\"Abc-latina\",\"url\":\"https:\\\/\\\/abc-latina.com\\\/\",\"logo\":{\"@type\":\"ImageObject\",\"inLanguage\":\"fr-FR\",\"@id\":\"https:\\\/\\\/abc-latina.com\\\/#\\\/schema\\\/logo\\\/image\\\/\",\"url\":\"https:\\\/\\\/abc-latina.com\\\/wp-content\\\/uploads\\\/2026\\\/05\\\/cropped-logo.gif\",\"contentUrl\":\"https:\\\/\\\/abc-latina.com\\\/wp-content\\\/uploads\\\/2026\\\/05\\\/cropped-logo.gif\",\"width\":89,\"height\":84,\"caption\":\"Abc-latina\"},\"image\":{\"@id\":\"https:\\\/\\\/abc-latina.com\\\/#\\\/schema\\\/logo\\\/image\\\/\"}}]}<\/script>\n<!-- \/ Yoast SEO plugin. -->","yoast_head_json":{"title":"JEUX PANAMERICAINS - Abc-latina","description":"Les Jeux Panam\u00e9ricains.","robots":{"index":"index","follow":"follow","max-snippet":"max-snippet:-1","max-image-preview":"max-image-preview:large","max-video-preview":"max-video-preview:-1"},"canonical":"https:\/\/abc-latina.com\/sport\/jeux-panamericains\/","og_locale":"fr_FR","og_type":"article","og_title":"JEUX PANAMERICAINS - Abc-latina","og_description":"Les Jeux Panam\u00e9ricains.","og_url":"https:\/\/abc-latina.com\/sport\/jeux-panamericains\/","og_site_name":"Abc-latina","article_modified_time":"2026-04-30T16:25:28+00:00","twitter_card":"summary_large_image","twitter_misc":{"Dur\u00e9e de lecture estim\u00e9e":"1 minute"},"schema":{"@context":"https:\/\/schema.org","@graph":[{"@type":"WebPage","@id":"https:\/\/abc-latina.com\/sport\/jeux-panamericains\/","url":"https:\/\/abc-latina.com\/sport\/jeux-panamericains\/","name":"JEUX PANAMERICAINS - Abc-latina","isPartOf":{"@id":"https:\/\/abc-latina.com\/#website"},"datePublished":"2011-09-20T21:41:11+00:00","dateModified":"2026-04-30T16:25:28+00:00","description":"Les Jeux Panam\u00e9ricains.","breadcrumb":{"@id":"https:\/\/abc-latina.com\/sport\/jeux-panamericains\/#breadcrumb"},"inLanguage":"fr-FR","potentialAction":[{"@type":"ReadAction","target":["https:\/\/abc-latina.com\/sport\/jeux-panamericains\/"]}]},{"@type":"BreadcrumbList","@id":"https:\/\/abc-latina.com\/sport\/jeux-panamericains\/#breadcrumb","itemListElement":[{"@type":"ListItem","position":1,"name":"Accueil","item":"https:\/\/abc-latina.com\/"},{"@type":"ListItem","position":2,"name":"JEUX PANAMERICAINS"}]},{"@type":"WebSite","@id":"https:\/\/abc-latina.com\/#website","url":"https:\/\/abc-latina.com\/","name":"Abc-latina","description":"","publisher":{"@id":"https:\/\/abc-latina.com\/#organization"},"potentialAction":[{"@type":"SearchAction","target":{"@type":"EntryPoint","urlTemplate":"https:\/\/abc-latina.com\/?s={search_term_string}"},"query-input":{"@type":"PropertyValueSpecification","valueRequired":true,"valueName":"search_term_string"}}],"inLanguage":"fr-FR"},{"@type":"Organization","@id":"https:\/\/abc-latina.com\/#organization","name":"Abc-latina","url":"https:\/\/abc-latina.com\/","logo":{"@type":"ImageObject","inLanguage":"fr-FR","@id":"https:\/\/abc-latina.com\/#\/schema\/logo\/image\/","url":"https:\/\/abc-latina.com\/wp-content\/uploads\/2026\/05\/cropped-logo.gif","contentUrl":"https:\/\/abc-latina.com\/wp-content\/uploads\/2026\/05\/cropped-logo.gif","width":89,"height":84,"caption":"Abc-latina"},"image":{"@id":"https:\/\/abc-latina.com\/#\/schema\/logo\/image\/"}}]}},"_links":{"self":[{"href":"https:\/\/abc-latina.com\/wp-json\/wp\/v2\/pages\/2779","targetHints":{"allow":["GET"]}}],"collection":[{"href":"https:\/\/abc-latina.com\/wp-json\/wp\/v2\/pages"}],"about":[{"href":"https:\/\/abc-latina.com\/wp-json\/wp\/v2\/types\/page"}],"author":[{"embeddable":true,"href":"https:\/\/abc-latina.com\/wp-json\/wp\/v2\/users\/3"}],"replies":[{"embeddable":true,"href":"https:\/\/abc-latina.com\/wp-json\/wp\/v2\/comments?post=2779"}],"version-history":[{"count":2,"href":"https:\/\/abc-latina.com\/wp-json\/wp\/v2\/pages\/2779\/revisions"}],"predecessor-version":[{"id":3978,"href":"https:\/\/abc-latina.com\/wp-json\/wp\/v2\/pages\/2779\/revisions\/3978"}],"up":[{"embeddable":true,"href":"https:\/\/abc-latina.com\/wp-json\/wp\/v2\/pages\/2709"}],"wp:attachment":[{"href":"https:\/\/abc-latina.com\/wp-json\/wp\/v2\/media?parent=2779"}],"curies":[{"name":"wp","href":"https:\/\/api.w.org\/{rel}","templated":true}]}}