{"id":2783,"date":"2011-09-20T23:57:54","date_gmt":"2011-09-20T21:57:54","guid":{"rendered":"http:\/\/abc-latina.com\/index-php-23\/"},"modified":"2026-04-30T18:25:28","modified_gmt":"2026-04-30T16:25:28","slug":"index","status":"publish","type":"page","link":"https:\/\/abc-latina.com\/index\/","title":{"rendered":"RINK HOCKEY en AMERIQUE LATINE"},"content":{"rendered":"<p>&nbsp;L&rsquo;Argentine et le  chili s&rsquo;y distinguent.<\/p>\n<div align=\"left\">\n<p><font size=\"2\" face=\"Arial, Helvetica, sans-serif\"><b><font color=\"#ff8000\">Championnat du monde masculin, palmar\u00e8s par  pays:<\/font><\/b><\/font><\/p>\n<table width=\"90\" cellspacing=\"1\" border=\"0\" bgcolor=\"#666666\">\n<tbody>\n<tr>\n<td valign=\"top\" bgcolor=\"#ffffff\">\n<div align=\"center\">\n<table width=\"420\" cellspacing=\"0\" border=\"0\">\n<tbody>\n<tr bgcolor=\"#f2f2f2\">\n<td width=\"22%\" bgcolor=\"#f2f2f2\"><font size=\"2\" face=\"Arial, Helvetica, sans-serif\"><b><font color=\"#538efd\">Pays<\/font><\/b><\/font><\/td>\n<td width=\"51%\"><font size=\"2\" face=\"Arial, Helvetica, sans-serif\"><b><font color=\"#538efd\">Nbre de victoires<\/font><\/b><\/font><\/td>\n<\/tr>\n<tr>\n<td width=\"22%\"><font size=\"2\" face=\"Arial, Helvetica, sans-serif\">Portugal  <\/font><\/td>\n<td width=\"51%\"><font size=\"2\" face=\"Arial, Helvetica, sans-serif\">15  <\/font><\/td>\n<\/tr>\n<tr bgcolor=\"#f2f2f2\">\n<td width=\"22%\"><font size=\"2\" face=\"Arial, Helvetica, sans-serif\">Espagne  <\/font><\/td>\n<td width=\"51%\"><font size=\"2\" face=\"Arial, Helvetica, sans-serif\">13<\/font><\/td>\n<\/tr>\n<tr>\n<td width=\"22%\"><font size=\"2\" face=\"Arial, Helvetica, sans-serif\"><b>Argentine<\/b><\/font><\/td>\n<td width=\"51%\"><font size=\"2\" face=\"Arial, Helvetica, sans-serif\"><b>4  <\/b><\/font><\/td>\n<\/tr>\n<tr bgcolor=\"#f2f2f2\">\n<td width=\"22%\"><font size=\"2\" face=\"Arial, Helvetica, sans-serif\">Italie<\/font><\/td>\n<td width=\"51%\"><font size=\"2\" face=\"Arial, Helvetica, sans-serif\">4<\/font><\/td>\n<\/tr>\n<tr>\n<td width=\"22%\"><font size=\"2\" face=\"Arial, Helvetica, sans-serif\">Angleterre<\/font><\/td>\n<td width=\"51%\"><font size=\"2\" face=\"Arial, Helvetica, sans-serif\">4<\/font><\/td>\n<\/tr>\n<\/tbody>\n<\/table>\n<\/div>\n<\/td>\n<\/tr>\n<\/tbody>\n<\/table>\n<p>&nbsp;<\/p>\n<p><font size=\"2\" face=\"Arial, Helvetica, sans-serif\" color=\"#ff8000\"><b>Championnat  du monde f\u00e9minin, palmar\u00e8s par pays:<\/b><\/font><\/p>\n<table width=\"90\" cellspacing=\"1\" border=\"0\" bgcolor=\"#666666\">\n<tbody>\n<tr>\n<td valign=\"top\" bgcolor=\"#ffffff\">\n<div align=\"center\">\n<table width=\"420\" cellspacing=\"0\" border=\"0\">\n<tbody>\n<tr bgcolor=\"#f2f2f2\">\n<td width=\"22%\" bgcolor=\"#f2f2f2\"><font size=\"2\" face=\"Arial, Helvetica, sans-serif\"><b><font color=\"#538efd\">Pays<\/font><\/b><\/font><\/td>\n<td width=\"51%\"><font size=\"2\" face=\"Arial, Helvetica, sans-serif\"><b><font color=\"#538efd\">Nbre de victoires<\/font><\/b><\/font><\/td>\n<\/tr>\n<tr>\n<td width=\"22%\"><font size=\"2\" face=\"Arial, Helvetica, sans-serif\">Espagne  <\/font><\/td>\n<td width=\"51%\"><font size=\"2\" face=\"Arial, Helvetica, sans-serif\">4<\/font><\/td>\n<\/tr>\n<tr bgcolor=\"#f2f2f2\">\n<td width=\"22%\"><font size=\"2\" face=\"Arial, Helvetica, sans-serif\"><b>Argentine  <\/b><\/font><\/td>\n<td width=\"51%\"><font size=\"2\" face=\"Arial, Helvetica, sans-serif\"><b>3<\/b><\/font><\/td>\n<\/tr>\n<tr>\n<td width=\"22%\"><font size=\"2\" face=\"Arial, Helvetica, sans-serif\"><b>Chili<\/b><\/font><\/td>\n<td width=\"51%\"><font size=\"2\" face=\"Arial, Helvetica, sans-serif\"><b>1<\/b><\/font><\/td>\n<\/tr>\n<tr bgcolor=\"#f2f2f2\">\n<td width=\"22%\"><font size=\"2\" face=\"Arial, Helvetica, sans-serif\">Canada<\/font><\/td>\n<td width=\"51%\"><font size=\"2\" face=\"Arial, Helvetica, sans-serif\">1<\/font><\/td>\n<\/tr>\n<\/tbody>\n<\/table>\n<\/div>\n<\/td>\n<\/tr>\n<\/tbody>\n<\/table>\n<p>&nbsp;&nbsp;<\/p>\n<\/div>\n","protected":false},"excerpt":{"rendered":"<p>&nbsp;L&rsquo;Argentine et le chili s&rsquo;y distinguent. Championnat du monde masculin, palmar\u00e8s par pays: Pays Nbre de victoires Portugal 15 Espagne [&hellip;]<\/p>\n","protected":false},"author":3,"featured_media":0,"parent":0,"menu_order":0,"comment_status":"closed","ping_status":"closed","template":"","meta":{"site-sidebar-layout":"default","site-content-layout":"","ast-site-content-layout":"default","site-content-style":"default","site-sidebar-style":"default","ast-global-header-display":"","ast-banner-title-visibility":"","ast-main-header-display":"","ast-hfb-above-header-display":"","ast-hfb-below-header-display":"","ast-hfb-mobile-header-display":"","site-post-title":"","ast-breadcrumbs-content":"","ast-featured-img":"","footer-sml-layout":"","ast-disable-related-posts":"","theme-transparent-header-meta":"","adv-header-id-meta":"","stick-header-meta":"","header-above-stick-meta":"","header-main-stick-meta":"","header-below-stick-meta":"","astra-migrate-meta-layouts":"default","ast-page-background-enabled":"default","ast-page-background-meta":{"desktop":{"background-color":"var(--ast-global-color-5)","background-image":"","background-repeat":"repeat","background-position":"center center","background-size":"auto","background-attachment":"scroll","background-type":"","background-media":"","overlay-type":"","overlay-color":"","overlay-opacity":"","overlay-gradient":""},"tablet":{"background-color":"","background-image":"","background-repeat":"repeat","background-position":"center center","background-size":"auto","background-attachment":"scroll","background-type":"","background-media":"","overlay-type":"","overlay-color":"","overlay-opacity":"","overlay-gradient":""},"mobile":{"background-color":"","background-image":"","background-repeat":"repeat","background-position":"center center","background-size":"auto","background-attachment":"scroll","background-type":"","background-media":"","overlay-type":"","overlay-color":"","overlay-opacity":"","overlay-gradient":""}},"ast-content-background-meta":{"desktop":{"background-color":"var(--ast-global-color-4)","background-image":"","background-repeat":"repeat","background-position":"center center","background-size":"auto","background-attachment":"scroll","background-type":"","background-media":"","overlay-type":"","overlay-color":"","overlay-opacity":"","overlay-gradient":""},"tablet":{"background-color":"var(--ast-global-color-4)","background-image":"","background-repeat":"repeat","background-position":"center center","background-size":"auto","background-attachment":"scroll","background-type":"","background-media":"","overlay-type":"","overlay-color":"","overlay-opacity":"","overlay-gradient":""},"mobile":{"background-color":"var(--ast-global-color-4)","background-image":"","background-repeat":"repeat","background-position":"center center","background-size":"auto","background-attachment":"scroll","background-type":"","background-media":"","overlay-type":"","overlay-color":"","overlay-opacity":"","overlay-gradient":""}},"footnotes":""},"class_list":["post-2783","page","type-page","status-publish","hentry"],"yoast_head":"<!-- This site is optimized with the Yoast SEO plugin v27.5 - https:\/\/yoast.com\/product\/yoast-seo-wordpress\/ -->\n<title>RINK HOCKEY en AMERIQUE LATINE - Abc-latina<\/title>\n<meta name=\"description\" content=\"Le Rink hockey dans les pays latino-am\u00e9ricains. Rink hockey, r\u00e9sultats en comp\u00e9tition des pays d&#039;Am\u00e9rique latine.\" \/>\n<meta name=\"robots\" content=\"index, follow, max-snippet:-1, max-image-preview:large, max-video-preview:-1\" \/>\n<link rel=\"canonical\" href=\"https:\/\/abc-latina.com\/index\/\" \/>\n<meta property=\"og:locale\" content=\"fr_FR\" \/>\n<meta property=\"og:type\" content=\"article\" \/>\n<meta property=\"og:title\" content=\"RINK HOCKEY en AMERIQUE LATINE - Abc-latina\" \/>\n<meta property=\"og:description\" content=\"Le Rink hockey dans les pays latino-am\u00e9ricains. Rink hockey, r\u00e9sultats en comp\u00e9tition des pays d&#039;Am\u00e9rique latine.\" \/>\n<meta property=\"og:url\" content=\"https:\/\/abc-latina.com\/index\/\" \/>\n<meta property=\"og:site_name\" content=\"Abc-latina\" \/>\n<meta property=\"article:modified_time\" content=\"2026-04-30T16:25:28+00:00\" \/>\n<meta name=\"twitter:card\" content=\"summary_large_image\" \/>\n<script type=\"application\/ld+json\" class=\"yoast-schema-graph\">{\"@context\":\"https:\\\/\\\/schema.org\",\"@graph\":[{\"@type\":\"WebPage\",\"@id\":\"https:\\\/\\\/abc-latina.com\\\/index\\\/\",\"url\":\"https:\\\/\\\/abc-latina.com\\\/index\\\/\",\"name\":\"RINK HOCKEY en AMERIQUE LATINE - Abc-latina\",\"isPartOf\":{\"@id\":\"https:\\\/\\\/abc-latina.com\\\/#website\"},\"datePublished\":\"2011-09-20T21:57:54+00:00\",\"dateModified\":\"2026-04-30T16:25:28+00:00\",\"description\":\"Le Rink hockey dans les pays latino-am\u00e9ricains. Rink hockey, r\u00e9sultats en comp\u00e9tition des pays d'Am\u00e9rique latine.\",\"breadcrumb\":{\"@id\":\"https:\\\/\\\/abc-latina.com\\\/index\\\/#breadcrumb\"},\"inLanguage\":\"fr-FR\",\"potentialAction\":[{\"@type\":\"ReadAction\",\"target\":[\"https:\\\/\\\/abc-latina.com\\\/index\\\/\"]}]},{\"@type\":\"BreadcrumbList\",\"@id\":\"https:\\\/\\\/abc-latina.com\\\/index\\\/#breadcrumb\",\"itemListElement\":[{\"@type\":\"ListItem\",\"position\":1,\"name\":\"Accueil\",\"item\":\"https:\\\/\\\/abc-latina.com\\\/\"},{\"@type\":\"ListItem\",\"position\":2,\"name\":\"RINK HOCKEY en AMERIQUE LATINE\"}]},{\"@type\":\"WebSite\",\"@id\":\"https:\\\/\\\/abc-latina.com\\\/#website\",\"url\":\"https:\\\/\\\/abc-latina.com\\\/\",\"name\":\"Abc-latina\",\"description\":\"\",\"publisher\":{\"@id\":\"https:\\\/\\\/abc-latina.com\\\/#organization\"},\"potentialAction\":[{\"@type\":\"SearchAction\",\"target\":{\"@type\":\"EntryPoint\",\"urlTemplate\":\"https:\\\/\\\/abc-latina.com\\\/?s={search_term_string}\"},\"query-input\":{\"@type\":\"PropertyValueSpecification\",\"valueRequired\":true,\"valueName\":\"search_term_string\"}}],\"inLanguage\":\"fr-FR\"},{\"@type\":\"Organization\",\"@id\":\"https:\\\/\\\/abc-latina.com\\\/#organization\",\"name\":\"Abc-latina\",\"url\":\"https:\\\/\\\/abc-latina.com\\\/\",\"logo\":{\"@type\":\"ImageObject\",\"inLanguage\":\"fr-FR\",\"@id\":\"https:\\\/\\\/abc-latina.com\\\/#\\\/schema\\\/logo\\\/image\\\/\",\"url\":\"https:\\\/\\\/abc-latina.com\\\/wp-content\\\/uploads\\\/2026\\\/05\\\/cropped-logo.gif\",\"contentUrl\":\"https:\\\/\\\/abc-latina.com\\\/wp-content\\\/uploads\\\/2026\\\/05\\\/cropped-logo.gif\",\"width\":89,\"height\":84,\"caption\":\"Abc-latina\"},\"image\":{\"@id\":\"https:\\\/\\\/abc-latina.com\\\/#\\\/schema\\\/logo\\\/image\\\/\"}}]}<\/script>\n<!-- \/ Yoast SEO plugin. -->","yoast_head_json":{"title":"RINK HOCKEY en AMERIQUE LATINE - Abc-latina","description":"Le Rink hockey dans les pays latino-am\u00e9ricains. Rink hockey, r\u00e9sultats en comp\u00e9tition des pays d'Am\u00e9rique latine.","robots":{"index":"index","follow":"follow","max-snippet":"max-snippet:-1","max-image-preview":"max-image-preview:large","max-video-preview":"max-video-preview:-1"},"canonical":"https:\/\/abc-latina.com\/index\/","og_locale":"fr_FR","og_type":"article","og_title":"RINK HOCKEY en AMERIQUE LATINE - Abc-latina","og_description":"Le Rink hockey dans les pays latino-am\u00e9ricains. Rink hockey, r\u00e9sultats en comp\u00e9tition des pays d'Am\u00e9rique latine.","og_url":"https:\/\/abc-latina.com\/index\/","og_site_name":"Abc-latina","article_modified_time":"2026-04-30T16:25:28+00:00","twitter_card":"summary_large_image","schema":{"@context":"https:\/\/schema.org","@graph":[{"@type":"WebPage","@id":"https:\/\/abc-latina.com\/index\/","url":"https:\/\/abc-latina.com\/index\/","name":"RINK HOCKEY en AMERIQUE LATINE - Abc-latina","isPartOf":{"@id":"https:\/\/abc-latina.com\/#website"},"datePublished":"2011-09-20T21:57:54+00:00","dateModified":"2026-04-30T16:25:28+00:00","description":"Le Rink hockey dans les pays latino-am\u00e9ricains. Rink hockey, r\u00e9sultats en comp\u00e9tition des pays d'Am\u00e9rique latine.","breadcrumb":{"@id":"https:\/\/abc-latina.com\/index\/#breadcrumb"},"inLanguage":"fr-FR","potentialAction":[{"@type":"ReadAction","target":["https:\/\/abc-latina.com\/index\/"]}]},{"@type":"BreadcrumbList","@id":"https:\/\/abc-latina.com\/index\/#breadcrumb","itemListElement":[{"@type":"ListItem","position":1,"name":"Accueil","item":"https:\/\/abc-latina.com\/"},{"@type":"ListItem","position":2,"name":"RINK HOCKEY en AMERIQUE LATINE"}]},{"@type":"WebSite","@id":"https:\/\/abc-latina.com\/#website","url":"https:\/\/abc-latina.com\/","name":"Abc-latina","description":"","publisher":{"@id":"https:\/\/abc-latina.com\/#organization"},"potentialAction":[{"@type":"SearchAction","target":{"@type":"EntryPoint","urlTemplate":"https:\/\/abc-latina.com\/?s={search_term_string}"},"query-input":{"@type":"PropertyValueSpecification","valueRequired":true,"valueName":"search_term_string"}}],"inLanguage":"fr-FR"},{"@type":"Organization","@id":"https:\/\/abc-latina.com\/#organization","name":"Abc-latina","url":"https:\/\/abc-latina.com\/","logo":{"@type":"ImageObject","inLanguage":"fr-FR","@id":"https:\/\/abc-latina.com\/#\/schema\/logo\/image\/","url":"https:\/\/abc-latina.com\/wp-content\/uploads\/2026\/05\/cropped-logo.gif","contentUrl":"https:\/\/abc-latina.com\/wp-content\/uploads\/2026\/05\/cropped-logo.gif","width":89,"height":84,"caption":"Abc-latina"},"image":{"@id":"https:\/\/abc-latina.com\/#\/schema\/logo\/image\/"}}]}},"_links":{"self":[{"href":"https:\/\/abc-latina.com\/wp-json\/wp\/v2\/pages\/2783","targetHints":{"allow":["GET"]}}],"collection":[{"href":"https:\/\/abc-latina.com\/wp-json\/wp\/v2\/pages"}],"about":[{"href":"https:\/\/abc-latina.com\/wp-json\/wp\/v2\/types\/page"}],"author":[{"embeddable":true,"href":"https:\/\/abc-latina.com\/wp-json\/wp\/v2\/users\/3"}],"replies":[{"embeddable":true,"href":"https:\/\/abc-latina.com\/wp-json\/wp\/v2\/comments?post=2783"}],"version-history":[{"count":2,"href":"https:\/\/abc-latina.com\/wp-json\/wp\/v2\/pages\/2783\/revisions"}],"predecessor-version":[{"id":3991,"href":"https:\/\/abc-latina.com\/wp-json\/wp\/v2\/pages\/2783\/revisions\/3991"}],"wp:attachment":[{"href":"https:\/\/abc-latina.com\/wp-json\/wp\/v2\/media?parent=2783"}],"curies":[{"name":"wp","href":"https:\/\/api.w.org\/{rel}","templated":true}]}}