{"id":2786,"date":"2011-09-21T00:58:39","date_gmt":"2011-09-20T22:58:39","guid":{"rendered":"http:\/\/abc-latina.com\/index-htm-34\/"},"modified":"2026-04-30T18:25:27","modified_gmt":"2026-04-30T16:25:27","slug":"index","status":"publish","type":"page","link":"https:\/\/abc-latina.com\/index\/","title":{"rendered":"Le FOOTBALL LATINO-AMERICAIN"},"content":{"rendered":"<p><img loading=\"lazy\" decoding=\"async\" class=\" alignright size-full wp-image-2785\" alt=\"Le FOOTBALL SUD-AMERICAIN\" title=\"Le FOOTBALL SUD-AMERICAIN\" src=\"http:\/\/abc-latina.com\/wp-content\/uploads\/2011\/09\/football.jpg\" width=\"220\" vspace=\"9\" hspace=\"15\" height=\"220\" align=\"right\" srcset=\"https:\/\/abc-latina.com\/wp-content\/uploads\/2011\/09\/football.jpg 220w, https:\/\/abc-latina.com\/wp-content\/uploads\/2011\/09\/football-150x150.jpg 150w\" sizes=\"auto, (max-width: 220px) 100vw, 220px\" \/>&nbsp;<b style=\"color: rgb(255, 128, 0); font-family: Arial, Helvetica, sans-serif; font-size: small; \">Comp\u00e9titions continentales de  clubs<\/b><\/p>\n<p><font size=\"2\" face=\"Arial, Helvetica, sans-serif\"><b>La Copa  Libertadores<\/b><br \/>C&rsquo;est l&rsquo;\u00e9quivalent de la Ligue des champions europ\u00e9enne,  elle oppose tous les ans les meilleurs clubs d&rsquo;Am\u00e9rique du Sud (depuis peu, les  meilleurs clubs mexicains peuvent aussi y participer). Cr\u00e9\u00e9e en1960. elle se  d\u00e9roule entre janvier et juillet, l&rsquo;autre grande comp\u00e9tition latino-am\u00e9ricaine,  la Copa Sudamericana, se d\u00e9roule entre ao\u00fbt et d\u00e9cembre, permettant aux  meilleurs clubs du continent de se retrouver \u00e0 deux reprises dans l&rsquo;ann\u00e9e.<br \/><u><font color=\"#666666\">[<a href=\"https:\/\/www.abc-latina.com\/sport\/football\/copa-libertadores.php\">plus  d&rsquo;infos<\/a>]<\/font><\/u><\/font><\/p>\n<p><font size=\"2\" face=\"Arial, Helvetica, sans-serif\"><b>La Copa  Sudamericana<\/b><br \/>Moins prestigieuse que la Copa Libertadores, elle aussi  r\u00e9unit les meilleurs clubs du continent sud-am\u00e9ricains et de la f\u00e9d\u00e9ration du  CONCACAF (Am\u00e9rique du nord, centrale, et Cara\u00efbes). La comp\u00e9tition a lieu de  ao\u00fbt et d\u00e9cembre.<br \/><u><font color=\"#666666\">[<a href=\"https:\/\/www.abc-latina.com\/sport\/football\/copa-sudamericana.php\">plus  d&rsquo;infos<\/a>]<\/font><\/u><\/font><\/p>\n<p><font size=\"2\" face=\"Arial, Helvetica, sans-serif\"><b>La Recopa  Sudamericana<\/b><br \/>Le vainqueur de la Copa Sudamericana affronte l&rsquo;\u00e9quipe qui a  remport\u00e9 la Copa Libertadores. On peut ainsi dire que l&rsquo;\u00e9quipe qui remporte  cette confrontation devient le meilleur club d&rsquo;Am\u00e9rique latine. <\/font><\/p>\n<p><font size=\"2\" face=\"Arial, Helvetica, sans-serif\"><b><font color=\"#ff8000\">Competitions nationales<\/font><\/b><br \/>Dans la plupart des pays  d&rsquo;Am\u00e9rique latine, la saison se divise en deux tournois annuels (Apertura et  Clausura, ouverture et cl\u00f4ture).<br \/>Le Br\u00e9sil est le seul pays d&rsquo;Am\u00e9rique latine  qui conserve un championnat traditionnel \u00e0 38 journ\u00e9es, \u00e9tal\u00e9 sur toute la dur\u00e9e  de l&rsquo;ann\u00e9e.<\/font><font size=\"2\" face=\"Arial, Helvetica, sans-serif\"><b><font color=\"#ff8000\"><br \/><\/font><\/b><\/font><\/p>\n<p><font size=\"1\" color=\"#0000ff\"><b><font face=\"Arial\"><font size=\"3\" color=\"#ff8000\"><strong>.<font size=\"1\" face=\"Verdana, Arial, Helvetica, sans-serif\" color=\"#538efd\"> <\/font><\/strong><\/font><font size=\"1\" color=\"#0000ff\"><b><font face=\"Arial\"><font size=\"1\" face=\"Verdana, Arial, Helvetica, sans-serif\" color=\"#3f0f7d\"><b><a href=\"https:\/\/www.abc-latina.com\/sport\/football\/copa_america\"><font color=\"#538efd\">La COPA  AMERICA<\/font><\/a><\/b><\/font><\/font><\/b><\/font><\/font><\/b><\/font> <br \/><font size=\"1\" color=\"#0000ff\"><b><font face=\"Arial\"><font size=\"1\" color=\"#0000ff\"><b><font face=\"Arial\"><font size=\"1\" color=\"#0000ff\"><b><font face=\"Arial\"><font size=\"3\" color=\"#ff8000\"><strong>.<font size=\"1\" face=\"Verdana, Arial, Helvetica, sans-serif\" color=\"#538efd\"> <\/font><\/strong><\/font><font size=\"1\" color=\"#0000ff\"><b><font face=\"Arial\"><font size=\"1\" face=\"Verdana, Arial, Helvetica, sans-serif\" color=\"#3f0f7d\"><b><a href=\"https:\/\/www.abc-latina.com\/sport\/football\/copa-libertadores.php\"><font color=\"#538efd\">La COPA  LIBERTADORES<\/font><\/a><\/b><\/font><\/font><\/b><\/font><\/font><\/b><\/font><\/font><\/b><\/font><br \/><font size=\"1\" color=\"#0000ff\"><b><font face=\"Arial\"><font size=\"1\" color=\"#0000ff\"><b><font face=\"Arial\"><font size=\"1\" color=\"#0000ff\"><b><font face=\"Arial\"><font size=\"3\" color=\"#ff8000\"><strong>.<font size=\"1\" face=\"Verdana, Arial, Helvetica, sans-serif\" color=\"#538efd\"> <\/font><\/strong><\/font><font size=\"1\" color=\"#0000ff\"><b><font face=\"Arial\"><font size=\"1\" face=\"Verdana, Arial, Helvetica, sans-serif\" color=\"#3f0f7d\"><b><a href=\"https:\/\/www.abc-latina.com\/sport\/football\/copa-sudamericana.php\"><font color=\"#538efd\">La COPA  SUDAMERICANA<\/font><\/a><\/b><\/font><\/font><\/b><\/font><\/font><\/b><\/font><\/font><\/b><\/font><br \/><font size=\"1\" color=\"#0000ff\"><b><font face=\"Arial\"><font size=\"1\" color=\"#0000ff\"><b><font face=\"Arial\"><font size=\"1\" color=\"#0000ff\"><b><font face=\"Arial\"><font size=\"3\" color=\"#ff8000\"><strong>.<font size=\"1\" face=\"Verdana, Arial, Helvetica, sans-serif\" color=\"#538efd\"> <\/font><\/strong><\/font><font size=\"1\" color=\"#0000ff\"><b><font face=\"Arial\"><font size=\"1\" face=\"Verdana, Arial, Helvetica, sans-serif\" color=\"#3f0f7d\"><b><a href=\"https:\/\/www.abc-latina.com\/sport\/football\/gold-cup-concacaf.php\"><font color=\"#538efd\">La COLD CUP  (CONCACAF)<\/font><\/a><\/b><\/font><\/font><\/b><\/font><\/font><\/b><\/font><\/font><\/b><\/font><br \/><font size=\"1\" color=\"#0000ff\"><b><font face=\"Arial\"><font size=\"1\" color=\"#0000ff\"><b><font face=\"Arial\"><font size=\"1\" color=\"#0000ff\"><b><font face=\"Arial\"><font size=\"3\" color=\"#ff8000\"><strong>.<font size=\"1\" face=\"Verdana, Arial, Helvetica, sans-serif\" color=\"#538efd\"> <\/font><\/strong><\/font><font size=\"1\" color=\"#0000ff\"><b><font face=\"Arial\"><font size=\"1\" face=\"Verdana, Arial, Helvetica, sans-serif\" color=\"#3f0f7d\"><b><a href=\"https:\/\/www.abc-latina.com\/sport\/football\/meilleur_footballeur_sud_americain\"><font color=\"#538efd\">ELECTION DU  JOUEUR DE  L&rsquo;ANNEE<\/font><\/a><\/b><\/font><\/font><\/b><\/font><\/font><\/b><\/font><\/font><\/b><\/font><br \/><font size=\"1\" color=\"#0000ff\"><b><font face=\"Arial\"><font size=\"1\" color=\"#0000ff\"><b><font face=\"Arial\"><font size=\"1\" color=\"#0000ff\"><b><font face=\"Arial\"><font size=\"3\" color=\"#ff8000\"><strong>.<font size=\"1\" face=\"Verdana, Arial, Helvetica, sans-serif\" color=\"#538efd\"> <\/font><\/strong><\/font><font size=\"1\" color=\"#0000ff\"><b><font face=\"Arial\"><font size=\"1\" face=\"Verdana, Arial, Helvetica, sans-serif\" color=\"#3f0f7d\"><b><a href=\"https:\/\/www.abc-latina.com\/sport\/football\/ballon-d-or-sud-americain.php\"><font color=\"#538efd\">BALLONS D&rsquo;OR SUD  AMERICAINS<\/font><\/a><\/b><\/font><\/font><\/b><\/font><\/font><\/b><\/font><\/font><\/b><\/font>  <br \/><font size=\"1\" color=\"#0000ff\"><b><font face=\"Arial\"><font size=\"1\" color=\"#0000ff\"><b><font face=\"Arial\"><font size=\"1\" color=\"#0000ff\"><b><font face=\"Arial\"><font size=\"3\" color=\"#ff8000\"><strong>.<font size=\"1\" face=\"Verdana, Arial, Helvetica, sans-serif\" color=\"#538efd\"> <\/font><\/strong><\/font><font size=\"1\" color=\"#0000ff\"><b><font face=\"Arial\"><font size=\"1\" face=\"Verdana, Arial, Helvetica, sans-serif\" color=\"#3f0f7d\"><b><a href=\"https:\/\/www.abc-latina.com\/sport\/football\/footballeur-annee-fifa.php\"><font color=\"#538efd\">JOUEUR FIFA DE  L&rsquo;ANNEE<\/font><\/a><\/b><\/font><\/font><\/b><\/font><\/font><\/b><\/font><\/font><\/b><\/font><\/font><\/b><\/font><\/font><\/b><\/font><\/font><\/b><\/font><\/font><\/b><\/font><\/font><\/b><\/font><\/font><\/b><\/font><\/p>\n<p>Le football s&rsquo;\u00e9crit aussi avec le sang et les larmes sur le continent latino-americain, o\u00f9 plusieurs catastrophes eurent lieu. La ferveur populaire, la violence, la b\u00eatise ou simplement la malchance parfois ont donn\u00e9 lieu \u00e0 des drames presque inimaginables.<\/p>\n<p>SANTIAGO (Chili), le 30 mars 1955: 6 morts et 500 bless\u00e9s au stade Nacional, lors du match de Copa America entre le Chili et l&rsquo;Argentine.<\/p>\n<p>LIMA (P\u00e9rou), le 23 mai 1964: 318 morts au stade Nacional lors d&rsquo;un match de tournoi pr\u00e9-olympique P\u00e9rou-Argentine.<\/p>\n<p>BUENOS AIRES (Argentine), le 23 juin 1968: 71 morts et 150 bless\u00e9s au Monumental, lors du super-clasico River Plate-Boca Juniors. A la suite de jets de fus\u00e9es, les spectateurs de la &laquo; Puerta 12&Prime; s&rsquo;affolent, croyant \u00e0 un incendie dans le stade.<\/p>\n<p>GUATEMALA CITY (Guatemala), le 16 octobre 1996: 84 morts et 200 bless\u00e9s au stade Mateo Flores lors d&rsquo;un mouvement de foule avant un match qualificatif pour la Coupe du monde entre le Guatemala et Costa Rica.<\/p>\n<p>SALVADOR (Br\u00e9sil), le 25 novembre 2007: 8 morts et 40 bless\u00e9s lors de l&rsquo;effondrement de la tribune principale du stade de Fonte Nova lors d&rsquo;un match entre Bahia et Vila Nova.<\/p>\n","protected":false},"excerpt":{"rendered":"<p>&nbsp;Comp\u00e9titions continentales de clubs La Copa LibertadoresC&rsquo;est l&rsquo;\u00e9quivalent de la Ligue des champions europ\u00e9enne, elle oppose tous les ans les [&hellip;]<\/p>\n","protected":false},"author":3,"featured_media":2785,"parent":0,"menu_order":0,"comment_status":"closed","ping_status":"closed","template":"","meta":{"site-sidebar-layout":"default","site-content-layout":"","ast-site-content-layout":"default","site-content-style":"default","site-sidebar-style":"default","ast-global-header-display":"","ast-banner-title-visibility":"","ast-main-header-display":"","ast-hfb-above-header-display":"","ast-hfb-below-header-display":"","ast-hfb-mobile-header-display":"","site-post-title":"","ast-breadcrumbs-content":"","ast-featured-img":"","footer-sml-layout":"","ast-disable-related-posts":"","theme-transparent-header-meta":"","adv-header-id-meta":"","stick-header-meta":"","header-above-stick-meta":"","header-main-stick-meta":"","header-below-stick-meta":"","astra-migrate-meta-layouts":"default","ast-page-background-enabled":"default","ast-page-background-meta":{"desktop":{"background-color":"var(--ast-global-color-5)","background-image":"","background-repeat":"repeat","background-position":"center center","background-size":"auto","background-attachment":"scroll","background-type":"","background-media":"","overlay-type":"","overlay-color":"","overlay-opacity":"","overlay-gradient":""},"tablet":{"background-color":"","background-image":"","background-repeat":"repeat","background-position":"center center","background-size":"auto","background-attachment":"scroll","background-type":"","background-media":"","overlay-type":"","overlay-color":"","overlay-opacity":"","overlay-gradient":""},"mobile":{"background-color":"","background-image":"","background-repeat":"repeat","background-position":"center center","background-size":"auto","background-attachment":"scroll","background-type":"","background-media":"","overlay-type":"","overlay-color":"","overlay-opacity":"","overlay-gradient":""}},"ast-content-background-meta":{"desktop":{"background-color":"var(--ast-global-color-4)","background-image":"","background-repeat":"repeat","background-position":"center center","background-size":"auto","background-attachment":"scroll","background-type":"","background-media":"","overlay-type":"","overlay-color":"","overlay-opacity":"","overlay-gradient":""},"tablet":{"background-color":"var(--ast-global-color-4)","background-image":"","background-repeat":"repeat","background-position":"center center","background-size":"auto","background-attachment":"scroll","background-type":"","background-media":"","overlay-type":"","overlay-color":"","overlay-opacity":"","overlay-gradient":""},"mobile":{"background-color":"var(--ast-global-color-4)","background-image":"","background-repeat":"repeat","background-position":"center center","background-size":"auto","background-attachment":"scroll","background-type":"","background-media":"","overlay-type":"","overlay-color":"","overlay-opacity":"","overlay-gradient":""}},"footnotes":""},"class_list":["post-2786","page","type-page","status-publish","has-post-thumbnail","hentry"],"yoast_head":"<!-- This site is optimized with the Yoast SEO plugin v27.5 - https:\/\/yoast.com\/product\/yoast-seo-wordpress\/ -->\n<title>Le FOOTBALL LATINO-AMERICAIN - Abc-latina<\/title>\n<meta name=\"description\" content=\"Football en Am\u00e9rique latine: Description, palmar\u00e8s, informations et r\u00e9cits.\" \/>\n<meta name=\"robots\" content=\"index, follow, max-snippet:-1, max-image-preview:large, max-video-preview:-1\" \/>\n<link rel=\"canonical\" href=\"https:\/\/abc-latina.com\/index\/\" \/>\n<meta property=\"og:locale\" content=\"fr_FR\" \/>\n<meta property=\"og:type\" content=\"article\" \/>\n<meta property=\"og:title\" content=\"Le FOOTBALL LATINO-AMERICAIN - Abc-latina\" \/>\n<meta property=\"og:description\" content=\"Football en Am\u00e9rique latine: Description, palmar\u00e8s, informations et r\u00e9cits.\" \/>\n<meta property=\"og:url\" content=\"https:\/\/abc-latina.com\/index\/\" \/>\n<meta property=\"og:site_name\" content=\"Abc-latina\" \/>\n<meta property=\"article:modified_time\" content=\"2026-04-30T16:25:27+00:00\" \/>\n<meta property=\"og:image\" content=\"https:\/\/abc-latina.com\/wp-content\/uploads\/2011\/09\/football.jpg\" \/>\n\t<meta property=\"og:image:width\" content=\"220\" \/>\n\t<meta property=\"og:image:height\" content=\"220\" \/>\n\t<meta property=\"og:image:type\" content=\"image\/jpeg\" \/>\n<meta name=\"twitter:card\" content=\"summary_large_image\" \/>\n<meta name=\"twitter:label1\" content=\"Dur\u00e9e de lecture estim\u00e9e\" \/>\n\t<meta name=\"twitter:data1\" content=\"2 minutes\" \/>\n<script type=\"application\/ld+json\" class=\"yoast-schema-graph\">{\"@context\":\"https:\\\/\\\/schema.org\",\"@graph\":[{\"@type\":\"WebPage\",\"@id\":\"https:\\\/\\\/abc-latina.com\\\/index\\\/\",\"url\":\"https:\\\/\\\/abc-latina.com\\\/index\\\/\",\"name\":\"Le FOOTBALL LATINO-AMERICAIN - Abc-latina\",\"isPartOf\":{\"@id\":\"https:\\\/\\\/abc-latina.com\\\/#website\"},\"primaryImageOfPage\":{\"@id\":\"https:\\\/\\\/abc-latina.com\\\/index\\\/#primaryimage\"},\"image\":{\"@id\":\"https:\\\/\\\/abc-latina.com\\\/index\\\/#primaryimage\"},\"thumbnailUrl\":\"https:\\\/\\\/abc-latina.com\\\/wp-content\\\/uploads\\\/2011\\\/09\\\/football.jpg\",\"datePublished\":\"2011-09-20T22:58:39+00:00\",\"dateModified\":\"2026-04-30T16:25:27+00:00\",\"description\":\"Football en Am\u00e9rique latine: Description, palmar\u00e8s, informations et r\u00e9cits.\",\"breadcrumb\":{\"@id\":\"https:\\\/\\\/abc-latina.com\\\/index\\\/#breadcrumb\"},\"inLanguage\":\"fr-FR\",\"potentialAction\":[{\"@type\":\"ReadAction\",\"target\":[\"https:\\\/\\\/abc-latina.com\\\/index\\\/\"]}]},{\"@type\":\"ImageObject\",\"inLanguage\":\"fr-FR\",\"@id\":\"https:\\\/\\\/abc-latina.com\\\/index\\\/#primaryimage\",\"url\":\"https:\\\/\\\/abc-latina.com\\\/wp-content\\\/uploads\\\/2011\\\/09\\\/football.jpg\",\"contentUrl\":\"https:\\\/\\\/abc-latina.com\\\/wp-content\\\/uploads\\\/2011\\\/09\\\/football.jpg\",\"width\":220,\"height\":220,\"caption\":\"Le FOOTBALL SUD-AMERICAIN\"},{\"@type\":\"BreadcrumbList\",\"@id\":\"https:\\\/\\\/abc-latina.com\\\/index\\\/#breadcrumb\",\"itemListElement\":[{\"@type\":\"ListItem\",\"position\":1,\"name\":\"Accueil\",\"item\":\"https:\\\/\\\/abc-latina.com\\\/\"},{\"@type\":\"ListItem\",\"position\":2,\"name\":\"Le FOOTBALL LATINO-AMERICAIN\"}]},{\"@type\":\"WebSite\",\"@id\":\"https:\\\/\\\/abc-latina.com\\\/#website\",\"url\":\"https:\\\/\\\/abc-latina.com\\\/\",\"name\":\"Abc-latina\",\"description\":\"\",\"publisher\":{\"@id\":\"https:\\\/\\\/abc-latina.com\\\/#organization\"},\"potentialAction\":[{\"@type\":\"SearchAction\",\"target\":{\"@type\":\"EntryPoint\",\"urlTemplate\":\"https:\\\/\\\/abc-latina.com\\\/?s={search_term_string}\"},\"query-input\":{\"@type\":\"PropertyValueSpecification\",\"valueRequired\":true,\"valueName\":\"search_term_string\"}}],\"inLanguage\":\"fr-FR\"},{\"@type\":\"Organization\",\"@id\":\"https:\\\/\\\/abc-latina.com\\\/#organization\",\"name\":\"Abc-latina\",\"url\":\"https:\\\/\\\/abc-latina.com\\\/\",\"logo\":{\"@type\":\"ImageObject\",\"inLanguage\":\"fr-FR\",\"@id\":\"https:\\\/\\\/abc-latina.com\\\/#\\\/schema\\\/logo\\\/image\\\/\",\"url\":\"https:\\\/\\\/abc-latina.com\\\/wp-content\\\/uploads\\\/2026\\\/05\\\/cropped-logo.gif\",\"contentUrl\":\"https:\\\/\\\/abc-latina.com\\\/wp-content\\\/uploads\\\/2026\\\/05\\\/cropped-logo.gif\",\"width\":89,\"height\":84,\"caption\":\"Abc-latina\"},\"image\":{\"@id\":\"https:\\\/\\\/abc-latina.com\\\/#\\\/schema\\\/logo\\\/image\\\/\"}}]}<\/script>\n<!-- \/ Yoast SEO plugin. -->","yoast_head_json":{"title":"Le FOOTBALL LATINO-AMERICAIN - Abc-latina","description":"Football en Am\u00e9rique latine: Description, palmar\u00e8s, informations et r\u00e9cits.","robots":{"index":"index","follow":"follow","max-snippet":"max-snippet:-1","max-image-preview":"max-image-preview:large","max-video-preview":"max-video-preview:-1"},"canonical":"https:\/\/abc-latina.com\/index\/","og_locale":"fr_FR","og_type":"article","og_title":"Le FOOTBALL LATINO-AMERICAIN - Abc-latina","og_description":"Football en Am\u00e9rique latine: Description, palmar\u00e8s, informations et r\u00e9cits.","og_url":"https:\/\/abc-latina.com\/index\/","og_site_name":"Abc-latina","article_modified_time":"2026-04-30T16:25:27+00:00","og_image":[{"width":220,"height":220,"url":"https:\/\/abc-latina.com\/wp-content\/uploads\/2011\/09\/football.jpg","type":"image\/jpeg"}],"twitter_card":"summary_large_image","twitter_misc":{"Dur\u00e9e de lecture estim\u00e9e":"2 minutes"},"schema":{"@context":"https:\/\/schema.org","@graph":[{"@type":"WebPage","@id":"https:\/\/abc-latina.com\/index\/","url":"https:\/\/abc-latina.com\/index\/","name":"Le FOOTBALL LATINO-AMERICAIN - Abc-latina","isPartOf":{"@id":"https:\/\/abc-latina.com\/#website"},"primaryImageOfPage":{"@id":"https:\/\/abc-latina.com\/index\/#primaryimage"},"image":{"@id":"https:\/\/abc-latina.com\/index\/#primaryimage"},"thumbnailUrl":"https:\/\/abc-latina.com\/wp-content\/uploads\/2011\/09\/football.jpg","datePublished":"2011-09-20T22:58:39+00:00","dateModified":"2026-04-30T16:25:27+00:00","description":"Football en Am\u00e9rique latine: Description, palmar\u00e8s, informations et r\u00e9cits.","breadcrumb":{"@id":"https:\/\/abc-latina.com\/index\/#breadcrumb"},"inLanguage":"fr-FR","potentialAction":[{"@type":"ReadAction","target":["https:\/\/abc-latina.com\/index\/"]}]},{"@type":"ImageObject","inLanguage":"fr-FR","@id":"https:\/\/abc-latina.com\/index\/#primaryimage","url":"https:\/\/abc-latina.com\/wp-content\/uploads\/2011\/09\/football.jpg","contentUrl":"https:\/\/abc-latina.com\/wp-content\/uploads\/2011\/09\/football.jpg","width":220,"height":220,"caption":"Le FOOTBALL SUD-AMERICAIN"},{"@type":"BreadcrumbList","@id":"https:\/\/abc-latina.com\/index\/#breadcrumb","itemListElement":[{"@type":"ListItem","position":1,"name":"Accueil","item":"https:\/\/abc-latina.com\/"},{"@type":"ListItem","position":2,"name":"Le FOOTBALL LATINO-AMERICAIN"}]},{"@type":"WebSite","@id":"https:\/\/abc-latina.com\/#website","url":"https:\/\/abc-latina.com\/","name":"Abc-latina","description":"","publisher":{"@id":"https:\/\/abc-latina.com\/#organization"},"potentialAction":[{"@type":"SearchAction","target":{"@type":"EntryPoint","urlTemplate":"https:\/\/abc-latina.com\/?s={search_term_string}"},"query-input":{"@type":"PropertyValueSpecification","valueRequired":true,"valueName":"search_term_string"}}],"inLanguage":"fr-FR"},{"@type":"Organization","@id":"https:\/\/abc-latina.com\/#organization","name":"Abc-latina","url":"https:\/\/abc-latina.com\/","logo":{"@type":"ImageObject","inLanguage":"fr-FR","@id":"https:\/\/abc-latina.com\/#\/schema\/logo\/image\/","url":"https:\/\/abc-latina.com\/wp-content\/uploads\/2026\/05\/cropped-logo.gif","contentUrl":"https:\/\/abc-latina.com\/wp-content\/uploads\/2026\/05\/cropped-logo.gif","width":89,"height":84,"caption":"Abc-latina"},"image":{"@id":"https:\/\/abc-latina.com\/#\/schema\/logo\/image\/"}}]}},"_links":{"self":[{"href":"https:\/\/abc-latina.com\/wp-json\/wp\/v2\/pages\/2786","targetHints":{"allow":["GET"]}}],"collection":[{"href":"https:\/\/abc-latina.com\/wp-json\/wp\/v2\/pages"}],"about":[{"href":"https:\/\/abc-latina.com\/wp-json\/wp\/v2\/types\/page"}],"author":[{"embeddable":true,"href":"https:\/\/abc-latina.com\/wp-json\/wp\/v2\/users\/3"}],"replies":[{"embeddable":true,"href":"https:\/\/abc-latina.com\/wp-json\/wp\/v2\/comments?post=2786"}],"version-history":[{"count":2,"href":"https:\/\/abc-latina.com\/wp-json\/wp\/v2\/pages\/2786\/revisions"}],"predecessor-version":[{"id":3956,"href":"https:\/\/abc-latina.com\/wp-json\/wp\/v2\/pages\/2786\/revisions\/3956"}],"wp:featuredmedia":[{"embeddable":true,"href":"https:\/\/abc-latina.com\/wp-json\/wp\/v2\/media\/2785"}],"wp:attachment":[{"href":"https:\/\/abc-latina.com\/wp-json\/wp\/v2\/media?parent=2786"}],"curies":[{"name":"wp","href":"https:\/\/api.w.org\/{rel}","templated":true}]}}