{"id":2788,"date":"2011-10-04T01:00:36","date_gmt":"2011-10-03T23:00:36","guid":{"rendered":"http:\/\/abc-latina.com\/index-php-25\/"},"modified":"2026-04-30T18:25:26","modified_gmt":"2026-04-30T16:25:26","slug":"index","status":"publish","type":"page","link":"https:\/\/abc-latina.com\/index\/","title":{"rendered":"ATHLETISME en AMERIQUE LATINE"},"content":{"rendered":"<p>&nbsp;<strong style=\"color: rgb(255, 128, 0); font-family: Arial, Helvetica, sans-serif; font-size: small; \">CHAMPIONNATS du MONDE d&rsquo;  ATHLETISME<\/strong><\/p>\n<p><font size=\"2\" face=\"Arial, Helvetica, sans-serif\" color=\"#ff8000\"><strong><img loading=\"lazy\" decoding=\"async\" class=\" alignright size-full wp-image-2787\" src=\"http:\/\/abc-latina.com\/wp-content\/uploads\/2011\/10\/athletisme.jpg\" title=\"ATHLETISME en AMERIQUE LATINE\" alt=\"ATHLETISME en AMERIQUE LATINE\" width=\"220\" vspace=\"9\" hspace=\"15\" height=\"220\" align=\"right\" srcset=\"https:\/\/abc-latina.com\/wp-content\/uploads\/2011\/10\/athletisme.jpg 220w, https:\/\/abc-latina.com\/wp-content\/uploads\/2011\/10\/athletisme-150x150.jpg 150w\" sizes=\"auto, (max-width: 220px) 100vw, 220px\" \/> Tableaux des m\u00e9dailles<br \/><\/strong><\/font><font size=\"2\" face=\"Arial, Helvetica, sans-serif\"><u><font color=\"#000000\">Osaka  2007<\/font><\/u> <br \/><font color=\"#000000\"><u>Helsinki 2005<\/u><\/font><br \/><font color=\"#000000\"><u>Paris  2003<\/u><\/font><br \/><u><font color=\"#000000\">Edmonton 2001<\/font><\/u><br \/><u><font color=\"#000000\">Seville  1999<\/font><\/u><\/font><\/p>\n","protected":false},"excerpt":{"rendered":"<p>&nbsp;CHAMPIONNATS du MONDE d&rsquo; ATHLETISME Tableaux des m\u00e9daillesOsaka 2007 Helsinki 2005Paris 2003Edmonton 2001Seville 1999<\/p>\n","protected":false},"author":3,"featured_media":2787,"parent":0,"menu_order":0,"comment_status":"closed","ping_status":"closed","template":"","meta":{"site-sidebar-layout":"default","site-content-layout":"","ast-site-content-layout":"default","site-content-style":"default","site-sidebar-style":"default","ast-global-header-display":"","ast-banner-title-visibility":"","ast-main-header-display":"","ast-hfb-above-header-display":"","ast-hfb-below-header-display":"","ast-hfb-mobile-header-display":"","site-post-title":"","ast-breadcrumbs-content":"","ast-featured-img":"","footer-sml-layout":"","ast-disable-related-posts":"","theme-transparent-header-meta":"","adv-header-id-meta":"","stick-header-meta":"","header-above-stick-meta":"","header-main-stick-meta":"","header-below-stick-meta":"","astra-migrate-meta-layouts":"default","ast-page-background-enabled":"default","ast-page-background-meta":{"desktop":{"background-color":"var(--ast-global-color-5)","background-image":"","background-repeat":"repeat","background-position":"center center","background-size":"auto","background-attachment":"scroll","background-type":"","background-media":"","overlay-type":"","overlay-color":"","overlay-opacity":"","overlay-gradient":""},"tablet":{"background-color":"","background-image":"","background-repeat":"repeat","background-position":"center center","background-size":"auto","background-attachment":"scroll","background-type":"","background-media":"","overlay-type":"","overlay-color":"","overlay-opacity":"","overlay-gradient":""},"mobile":{"background-color":"","background-image":"","background-repeat":"repeat","background-position":"center center","background-size":"auto","background-attachment":"scroll","background-type":"","background-media":"","overlay-type":"","overlay-color":"","overlay-opacity":"","overlay-gradient":""}},"ast-content-background-meta":{"desktop":{"background-color":"var(--ast-global-color-4)","background-image":"","background-repeat":"repeat","background-position":"center center","background-size":"auto","background-attachment":"scroll","background-type":"","background-media":"","overlay-type":"","overlay-color":"","overlay-opacity":"","overlay-gradient":""},"tablet":{"background-color":"var(--ast-global-color-4)","background-image":"","background-repeat":"repeat","background-position":"center center","background-size":"auto","background-attachment":"scroll","background-type":"","background-media":"","overlay-type":"","overlay-color":"","overlay-opacity":"","overlay-gradient":""},"mobile":{"background-color":"var(--ast-global-color-4)","background-image":"","background-repeat":"repeat","background-position":"center center","background-size":"auto","background-attachment":"scroll","background-type":"","background-media":"","overlay-type":"","overlay-color":"","overlay-opacity":"","overlay-gradient":""}},"footnotes":""},"class_list":["post-2788","page","type-page","status-publish","has-post-thumbnail","hentry"],"yoast_head":"<!-- This site is optimized with the Yoast SEO plugin v27.5 - https:\/\/yoast.com\/product\/yoast-seo-wordpress\/ -->\n<title>ATHLETISME en AMERIQUE LATINE - Abc-latina<\/title>\n<meta name=\"description\" content=\"L\u2019athl\u00e9tisme dans les pays latino-am\u00e9ricains. R\u00e9sultats en comp\u00e9tition des pays d&#039;Am\u00e9rique latine.\" \/>\n<meta name=\"robots\" content=\"index, follow, max-snippet:-1, max-image-preview:large, max-video-preview:-1\" \/>\n<link rel=\"canonical\" href=\"https:\/\/abc-latina.com\/index\/\" \/>\n<meta property=\"og:locale\" content=\"fr_FR\" \/>\n<meta property=\"og:type\" content=\"article\" \/>\n<meta property=\"og:title\" content=\"ATHLETISME en AMERIQUE LATINE - Abc-latina\" \/>\n<meta property=\"og:description\" content=\"L\u2019athl\u00e9tisme dans les pays latino-am\u00e9ricains. R\u00e9sultats en comp\u00e9tition des pays d&#039;Am\u00e9rique latine.\" \/>\n<meta property=\"og:url\" content=\"https:\/\/abc-latina.com\/index\/\" \/>\n<meta property=\"og:site_name\" content=\"Abc-latina\" \/>\n<meta property=\"article:modified_time\" content=\"2026-04-30T16:25:26+00:00\" \/>\n<meta property=\"og:image\" content=\"https:\/\/abc-latina.com\/wp-content\/uploads\/2011\/10\/athletisme.jpg\" \/>\n\t<meta property=\"og:image:width\" content=\"220\" \/>\n\t<meta property=\"og:image:height\" content=\"220\" \/>\n\t<meta property=\"og:image:type\" content=\"image\/jpeg\" \/>\n<meta name=\"twitter:card\" content=\"summary_large_image\" \/>\n<script type=\"application\/ld+json\" class=\"yoast-schema-graph\">{\"@context\":\"https:\\\/\\\/schema.org\",\"@graph\":[{\"@type\":\"WebPage\",\"@id\":\"https:\\\/\\\/abc-latina.com\\\/index\\\/\",\"url\":\"https:\\\/\\\/abc-latina.com\\\/index\\\/\",\"name\":\"ATHLETISME en AMERIQUE LATINE - Abc-latina\",\"isPartOf\":{\"@id\":\"https:\\\/\\\/abc-latina.com\\\/#website\"},\"primaryImageOfPage\":{\"@id\":\"https:\\\/\\\/abc-latina.com\\\/index\\\/#primaryimage\"},\"image\":{\"@id\":\"https:\\\/\\\/abc-latina.com\\\/index\\\/#primaryimage\"},\"thumbnailUrl\":\"https:\\\/\\\/abc-latina.com\\\/wp-content\\\/uploads\\\/2011\\\/10\\\/athletisme.jpg\",\"datePublished\":\"2011-10-03T23:00:36+00:00\",\"dateModified\":\"2026-04-30T16:25:26+00:00\",\"description\":\"L\u2019athl\u00e9tisme dans les pays latino-am\u00e9ricains. R\u00e9sultats en comp\u00e9tition des pays d'Am\u00e9rique latine.\",\"breadcrumb\":{\"@id\":\"https:\\\/\\\/abc-latina.com\\\/index\\\/#breadcrumb\"},\"inLanguage\":\"fr-FR\",\"potentialAction\":[{\"@type\":\"ReadAction\",\"target\":[\"https:\\\/\\\/abc-latina.com\\\/index\\\/\"]}]},{\"@type\":\"ImageObject\",\"inLanguage\":\"fr-FR\",\"@id\":\"https:\\\/\\\/abc-latina.com\\\/index\\\/#primaryimage\",\"url\":\"https:\\\/\\\/abc-latina.com\\\/wp-content\\\/uploads\\\/2011\\\/10\\\/athletisme.jpg\",\"contentUrl\":\"https:\\\/\\\/abc-latina.com\\\/wp-content\\\/uploads\\\/2011\\\/10\\\/athletisme.jpg\",\"width\":220,\"height\":220,\"caption\":\"ATHLETISME en AMERIQUE LATINE\"},{\"@type\":\"BreadcrumbList\",\"@id\":\"https:\\\/\\\/abc-latina.com\\\/index\\\/#breadcrumb\",\"itemListElement\":[{\"@type\":\"ListItem\",\"position\":1,\"name\":\"Accueil\",\"item\":\"https:\\\/\\\/abc-latina.com\\\/\"},{\"@type\":\"ListItem\",\"position\":2,\"name\":\"ATHLETISME en AMERIQUE LATINE\"}]},{\"@type\":\"WebSite\",\"@id\":\"https:\\\/\\\/abc-latina.com\\\/#website\",\"url\":\"https:\\\/\\\/abc-latina.com\\\/\",\"name\":\"Abc-latina\",\"description\":\"\",\"publisher\":{\"@id\":\"https:\\\/\\\/abc-latina.com\\\/#organization\"},\"potentialAction\":[{\"@type\":\"SearchAction\",\"target\":{\"@type\":\"EntryPoint\",\"urlTemplate\":\"https:\\\/\\\/abc-latina.com\\\/?s={search_term_string}\"},\"query-input\":{\"@type\":\"PropertyValueSpecification\",\"valueRequired\":true,\"valueName\":\"search_term_string\"}}],\"inLanguage\":\"fr-FR\"},{\"@type\":\"Organization\",\"@id\":\"https:\\\/\\\/abc-latina.com\\\/#organization\",\"name\":\"Abc-latina\",\"url\":\"https:\\\/\\\/abc-latina.com\\\/\",\"logo\":{\"@type\":\"ImageObject\",\"inLanguage\":\"fr-FR\",\"@id\":\"https:\\\/\\\/abc-latina.com\\\/#\\\/schema\\\/logo\\\/image\\\/\",\"url\":\"https:\\\/\\\/abc-latina.com\\\/wp-content\\\/uploads\\\/2026\\\/05\\\/cropped-logo.gif\",\"contentUrl\":\"https:\\\/\\\/abc-latina.com\\\/wp-content\\\/uploads\\\/2026\\\/05\\\/cropped-logo.gif\",\"width\":89,\"height\":84,\"caption\":\"Abc-latina\"},\"image\":{\"@id\":\"https:\\\/\\\/abc-latina.com\\\/#\\\/schema\\\/logo\\\/image\\\/\"}}]}<\/script>\n<!-- \/ Yoast SEO plugin. -->","yoast_head_json":{"title":"ATHLETISME en AMERIQUE LATINE - Abc-latina","description":"L\u2019athl\u00e9tisme dans les pays latino-am\u00e9ricains. R\u00e9sultats en comp\u00e9tition des pays d'Am\u00e9rique latine.","robots":{"index":"index","follow":"follow","max-snippet":"max-snippet:-1","max-image-preview":"max-image-preview:large","max-video-preview":"max-video-preview:-1"},"canonical":"https:\/\/abc-latina.com\/index\/","og_locale":"fr_FR","og_type":"article","og_title":"ATHLETISME en AMERIQUE LATINE - Abc-latina","og_description":"L\u2019athl\u00e9tisme dans les pays latino-am\u00e9ricains. R\u00e9sultats en comp\u00e9tition des pays d'Am\u00e9rique latine.","og_url":"https:\/\/abc-latina.com\/index\/","og_site_name":"Abc-latina","article_modified_time":"2026-04-30T16:25:26+00:00","og_image":[{"width":220,"height":220,"url":"https:\/\/abc-latina.com\/wp-content\/uploads\/2011\/10\/athletisme.jpg","type":"image\/jpeg"}],"twitter_card":"summary_large_image","schema":{"@context":"https:\/\/schema.org","@graph":[{"@type":"WebPage","@id":"https:\/\/abc-latina.com\/index\/","url":"https:\/\/abc-latina.com\/index\/","name":"ATHLETISME en AMERIQUE LATINE - Abc-latina","isPartOf":{"@id":"https:\/\/abc-latina.com\/#website"},"primaryImageOfPage":{"@id":"https:\/\/abc-latina.com\/index\/#primaryimage"},"image":{"@id":"https:\/\/abc-latina.com\/index\/#primaryimage"},"thumbnailUrl":"https:\/\/abc-latina.com\/wp-content\/uploads\/2011\/10\/athletisme.jpg","datePublished":"2011-10-03T23:00:36+00:00","dateModified":"2026-04-30T16:25:26+00:00","description":"L\u2019athl\u00e9tisme dans les pays latino-am\u00e9ricains. R\u00e9sultats en comp\u00e9tition des pays d'Am\u00e9rique latine.","breadcrumb":{"@id":"https:\/\/abc-latina.com\/index\/#breadcrumb"},"inLanguage":"fr-FR","potentialAction":[{"@type":"ReadAction","target":["https:\/\/abc-latina.com\/index\/"]}]},{"@type":"ImageObject","inLanguage":"fr-FR","@id":"https:\/\/abc-latina.com\/index\/#primaryimage","url":"https:\/\/abc-latina.com\/wp-content\/uploads\/2011\/10\/athletisme.jpg","contentUrl":"https:\/\/abc-latina.com\/wp-content\/uploads\/2011\/10\/athletisme.jpg","width":220,"height":220,"caption":"ATHLETISME en AMERIQUE LATINE"},{"@type":"BreadcrumbList","@id":"https:\/\/abc-latina.com\/index\/#breadcrumb","itemListElement":[{"@type":"ListItem","position":1,"name":"Accueil","item":"https:\/\/abc-latina.com\/"},{"@type":"ListItem","position":2,"name":"ATHLETISME en AMERIQUE LATINE"}]},{"@type":"WebSite","@id":"https:\/\/abc-latina.com\/#website","url":"https:\/\/abc-latina.com\/","name":"Abc-latina","description":"","publisher":{"@id":"https:\/\/abc-latina.com\/#organization"},"potentialAction":[{"@type":"SearchAction","target":{"@type":"EntryPoint","urlTemplate":"https:\/\/abc-latina.com\/?s={search_term_string}"},"query-input":{"@type":"PropertyValueSpecification","valueRequired":true,"valueName":"search_term_string"}}],"inLanguage":"fr-FR"},{"@type":"Organization","@id":"https:\/\/abc-latina.com\/#organization","name":"Abc-latina","url":"https:\/\/abc-latina.com\/","logo":{"@type":"ImageObject","inLanguage":"fr-FR","@id":"https:\/\/abc-latina.com\/#\/schema\/logo\/image\/","url":"https:\/\/abc-latina.com\/wp-content\/uploads\/2026\/05\/cropped-logo.gif","contentUrl":"https:\/\/abc-latina.com\/wp-content\/uploads\/2026\/05\/cropped-logo.gif","width":89,"height":84,"caption":"Abc-latina"},"image":{"@id":"https:\/\/abc-latina.com\/#\/schema\/logo\/image\/"}}]}},"_links":{"self":[{"href":"https:\/\/abc-latina.com\/wp-json\/wp\/v2\/pages\/2788","targetHints":{"allow":["GET"]}}],"collection":[{"href":"https:\/\/abc-latina.com\/wp-json\/wp\/v2\/pages"}],"about":[{"href":"https:\/\/abc-latina.com\/wp-json\/wp\/v2\/types\/page"}],"author":[{"embeddable":true,"href":"https:\/\/abc-latina.com\/wp-json\/wp\/v2\/users\/3"}],"replies":[{"embeddable":true,"href":"https:\/\/abc-latina.com\/wp-json\/wp\/v2\/comments?post=2788"}],"version-history":[{"count":2,"href":"https:\/\/abc-latina.com\/wp-json\/wp\/v2\/pages\/2788\/revisions"}],"predecessor-version":[{"id":3920,"href":"https:\/\/abc-latina.com\/wp-json\/wp\/v2\/pages\/2788\/revisions\/3920"}],"wp:featuredmedia":[{"embeddable":true,"href":"https:\/\/abc-latina.com\/wp-json\/wp\/v2\/media\/2787"}],"wp:attachment":[{"href":"https:\/\/abc-latina.com\/wp-json\/wp\/v2\/media?parent=2788"}],"curies":[{"name":"wp","href":"https:\/\/api.w.org\/{rel}","templated":true}]}}