{"id":279,"date":"2010-06-04T16:52:30","date_gmt":"2010-06-04T14:52:30","guid":{"rendered":"http:\/\/abc-latina.com\/amazonie-htm-2\/"},"modified":"2018-06-12T12:08:28","modified_gmt":"2018-06-12T10:08:28","slug":"amazonie","status":"publish","type":"page","link":"https:\/\/abc-latina.com\/equateur\/amazonie\/","title":{"rendered":"AMAZONIE Equateur"},"content":{"rendered":"<div>A partir des quatre grandes villes de l&rsquo;Amazonie, (du nord au sud : Lago Agrio, Coca, Tena et Macas), bien desservies par route ou par avion depuis Quito, les excursions pr\u00e9sent\u00e9es ci-dessous pr\u00e9sentent les diff\u00e9rents visages de l&rsquo;Amazonie \u00e9quatorienne : la for\u00eat vierge et les Indiens aux modes de vie traditionnels, la for\u00eat colonis\u00e9e par les p\u00e9troliers ou encore les organisations Shuars au sud de Macas.<\/div>\n<div>&nbsp;<\/div>\n<div><span class=\"tourisme-chapitre\">Depuis Lago Agrio.<\/span><\/div>\n<div>Cette ville baptis\u00e9e par les travailleurs am\u00e9ricains de la Texaco est devenu le centre p\u00e9trolier le plus important d&rsquo;\u00e9quateur.<\/div>\n<div>Mais surtout, Lago Agrio est l&rsquo;entr\u00e9e de la r\u00e9serve naturelle de Cuyabeno. Cette r\u00e9serve cr\u00e9\u00e9e en 1979 pour prot\u00e9ger 650 000 hectares de for\u00eat, dont une partie, l&rsquo;igapo, est inond\u00e9e, laissant alors vies animales et v\u00e9g\u00e9tales se chevaucher de fa\u00e7on insolite. Elle abrite une \u00e9norme vari\u00e9t\u00e9 d&rsquo;esp\u00e8ces v\u00e9g\u00e9tales et animales, les plus facilement observables \u00e9tant les oiseaux, les tortues, les singes, les paresseux et, parfois, les ca\u00efmans. Des communaut\u00e9s indiennes, les Sionas-Secoyas, les Cofanes et les Quechuas habitent dans la r\u00e9serve.<\/div>\n<div>&nbsp;<\/div>\n<div><span class=\"tourisme-chapitre\">Depuis Coca<\/span><\/div>\n<div>Pompeya, mission capucine, poss\u00e8dent un mus\u00e9e ethnoculturel. En face on peut visiter l&rsquo;\u00eele des singes, qui y abrite une grande colonie. Un sentier \u00e0 travers la for\u00eat relie Pompeya \u00e0 Limoncocha, qui poss\u00e8de un lac superbe o\u00f9 vivent plus de 400 esp\u00e8ces d&rsquo;oiseaux, dont des toucans et des perroquets. Au sud, la r\u00e9serve ethnobotanique prot\u00e8ge les Indiens Huaorani.<\/div>\n<div>Le parc national Yasuni et le plus grand d&rsquo;\u00e9quateur. L&rsquo;Unesco qui l&rsquo;a d\u00e9clar\u00e9 &quot; r\u00e9serve de la biosph\u00e8re internationale &quot;, n&rsquo;a malheureusement pu emp\u00eacher l&rsquo;installation d&rsquo;une compagnie p\u00e9troli\u00e8re (elf).<\/div>\n<div>&nbsp;<\/div>\n<div><span class=\"tourisme-chapitre\">Depuis Tena<\/span><\/div>\n<div><a href=\"..\/tour_operateur\" target=\"_blank\"><img loading=\"lazy\" decoding=\"async\" class=\" size-full wp-image-41\" alt=\"\" class=\"touroperateur\" src=\"http:\/\/abc-latina.com\/wp-content\/uploads\/2010\/04\/timbre_to.gif\" width=\"125\" height=\"90\" \/><\/a>Tena fut fond\u00e9e par les missionnaires espagnols en 1560. Devenue un centre agricole, elle est entour\u00e9e de plantations de caf\u00e9, de bananes et de fermes d&rsquo;\u00e9levage. Tout pr\u00e8s de la ville, les fleuves Pano et Tena sont bord\u00e9s de plages agr\u00e9ables et de piscines thermales. Ici, la colonisation a entra\u00een\u00e9 la disparition de quelques esp\u00e8ces animales (singes, Jaguar, porcs sauvages), mais une grande vari\u00e9t\u00e9 d&rsquo;oiseaux, de fleurs et surtout de papillons y prolif\u00e8rent.&nbsp;<\/div>\n<div>La route de Puyo \u00e0 Tena traverse l&rsquo;impressionnant canyon du fleuve Pastaza, o\u00f9 l&rsquo;\u00e9paisse v\u00e9g\u00e9tation m\u00eale arbres g\u00e9ants, brom\u00e9liac\u00e9es et orchid\u00e9es.<\/div>\n<div>&nbsp;<\/div>\n<div><span class=\"tourisme-chapitre\">Depuis Macas<\/span><\/div>\n<div>La Cueva de los Tayos propose aux aventureux, apr\u00e8s plusieurs heures de cano\u00eb et quelques kilom\u00e8tres de marche, l&rsquo;occasion de tester leur courage. En effet, dans cette grotte prolif\u00e8rent : tarentules, scarab\u00e9es de 20 cm, chauves-souris, boas constrictors, et des milliers de tayos (curieux oiseaux nocturnes).<\/div>\n<div>La r\u00e9gion de Zamora est connue depuis l&rsquo;\u00e9poque pr\u00e9colombienne pour sa richesse en or. Les centres aurif\u00e8res poursuivent leur d\u00e9veloppement \u00e0 l&rsquo;image du village de Nambija o\u00f9 des centaines de mineurs risquent quotidiennement leur vie dans une atmosph\u00e8re f\u00e9brile. S&rsquo;y rendre peut \u00eatre dangereux.<\/div>\n<h3>Pr\u00e9parez votre voyage en Amazonie:<\/h3>\n<div><a href=\"https:\/\/www.abc-latina.com\/equateur\/agence_de_voyages\">Agences de voyage g\u00e9n\u00e9ralistes et discounteurs<\/a><\/div>\n<div><a href=\"https:\/\/www.abc-latina.com\/equateur\/tour_operateur\">Tours Op\u00e9rateurs sp\u00e9cialistes de l&rsquo;Equateur<\/a><\/div>\n<div><a href=\"https:\/\/www.abc-latina.com\/to\/reservation_billet_avion\" target=\"_blank\">R\u00e9servez votre billet d&rsquo;avion<\/a><\/div>\n<div><a href=\"https:\/\/www.abc-latina.com\/equateur\/hotels\">R\u00e9servez votre hebergement en Amazonie<\/a><\/div>\n<div><a href=\"https:\/\/www.abc-latina.com\/to\/location_de_voiture_equateur\" target=\"_blank\">Location de voiture<\/a><\/div>\n<p>&nbsp;<\/p>\n","protected":false},"excerpt":{"rendered":"<p>A partir des quatre grandes villes de l&rsquo;Amazonie, (du nord au sud : Lago Agrio, Coca, Tena et Macas), bien [&hellip;]<\/p>\n","protected":false},"author":3,"featured_media":41,"parent":2303,"menu_order":0,"comment_status":"closed","ping_status":"closed","template":"","meta":{"site-sidebar-layout":"default","site-content-layout":"","ast-site-content-layout":"default","site-content-style":"default","site-sidebar-style":"default","ast-global-header-display":"","ast-banner-title-visibility":"","ast-main-header-display":"","ast-hfb-above-header-display":"","ast-hfb-below-header-display":"","ast-hfb-mobile-header-display":"","site-post-title":"","ast-breadcrumbs-content":"","ast-featured-img":"","footer-sml-layout":"","ast-disable-related-posts":"","theme-transparent-header-meta":"","adv-header-id-meta":"","stick-header-meta":"","header-above-stick-meta":"","header-main-stick-meta":"","header-below-stick-meta":"","astra-migrate-meta-layouts":"default","ast-page-background-enabled":"default","ast-page-background-meta":{"desktop":{"background-color":"var(--ast-global-color-5)","background-image":"","background-repeat":"repeat","background-position":"center center","background-size":"auto","background-attachment":"scroll","background-type":"","background-media":"","overlay-type":"","overlay-color":"","overlay-opacity":"","overlay-gradient":""},"tablet":{"background-color":"","background-image":"","background-repeat":"repeat","background-position":"center center","background-size":"auto","background-attachment":"scroll","background-type":"","background-media":"","overlay-type":"","overlay-color":"","overlay-opacity":"","overlay-gradient":""},"mobile":{"background-color":"","background-image":"","background-repeat":"repeat","background-position":"center center","background-size":"auto","background-attachment":"scroll","background-type":"","background-media":"","overlay-type":"","overlay-color":"","overlay-opacity":"","overlay-gradient":""}},"ast-content-background-meta":{"desktop":{"background-color":"var(--ast-global-color-4)","background-image":"","background-repeat":"repeat","background-position":"center center","background-size":"auto","background-attachment":"scroll","background-type":"","background-media":"","overlay-type":"","overlay-color":"","overlay-opacity":"","overlay-gradient":""},"tablet":{"background-color":"var(--ast-global-color-4)","background-image":"","background-repeat":"repeat","background-position":"center center","background-size":"auto","background-attachment":"scroll","background-type":"","background-media":"","overlay-type":"","overlay-color":"","overlay-opacity":"","overlay-gradient":""},"mobile":{"background-color":"var(--ast-global-color-4)","background-image":"","background-repeat":"repeat","background-position":"center center","background-size":"auto","background-attachment":"scroll","background-type":"","background-media":"","overlay-type":"","overlay-color":"","overlay-opacity":"","overlay-gradient":""}},"footnotes":""},"class_list":["post-279","page","type-page","status-publish","has-post-thumbnail","hentry"],"yoast_head":"<!-- This site is optimized with the Yoast SEO plugin v27.5 - https:\/\/yoast.com\/product\/yoast-seo-wordpress\/ -->\n<title>AMAZONIE Equateur - Abc-latina<\/title>\n<meta name=\"description\" content=\"Tourisme en Equateur: Voyage en Amazonie.\" \/>\n<meta name=\"robots\" content=\"index, follow, max-snippet:-1, max-image-preview:large, max-video-preview:-1\" \/>\n<link rel=\"canonical\" href=\"https:\/\/abc-latina.com\/equateur\/amazonie\/\" \/>\n<meta property=\"og:locale\" content=\"fr_FR\" \/>\n<meta property=\"og:type\" content=\"article\" \/>\n<meta property=\"og:title\" content=\"AMAZONIE Equateur - Abc-latina\" \/>\n<meta property=\"og:description\" content=\"Tourisme en Equateur: Voyage en Amazonie.\" \/>\n<meta property=\"og:url\" content=\"https:\/\/abc-latina.com\/equateur\/amazonie\/\" \/>\n<meta property=\"og:site_name\" content=\"Abc-latina\" \/>\n<meta property=\"article:modified_time\" content=\"2018-06-12T10:08:28+00:00\" \/>\n<meta property=\"og:image\" content=\"https:\/\/abc-latina.com\/wp-content\/uploads\/2010\/04\/timbre_to.gif\" \/>\n\t<meta property=\"og:image:width\" content=\"125\" \/>\n\t<meta property=\"og:image:height\" content=\"90\" \/>\n\t<meta property=\"og:image:type\" content=\"image\/gif\" \/>\n<meta name=\"twitter:card\" content=\"summary_large_image\" \/>\n<meta name=\"twitter:label1\" content=\"Dur\u00e9e de lecture estim\u00e9e\" \/>\n\t<meta name=\"twitter:data1\" content=\"3 minutes\" \/>\n<script type=\"application\/ld+json\" class=\"yoast-schema-graph\">{\"@context\":\"https:\\\/\\\/schema.org\",\"@graph\":[{\"@type\":\"WebPage\",\"@id\":\"https:\\\/\\\/abc-latina.com\\\/equateur\\\/amazonie\\\/\",\"url\":\"https:\\\/\\\/abc-latina.com\\\/equateur\\\/amazonie\\\/\",\"name\":\"AMAZONIE Equateur - Abc-latina\",\"isPartOf\":{\"@id\":\"https:\\\/\\\/abc-latina.com\\\/#website\"},\"primaryImageOfPage\":{\"@id\":\"https:\\\/\\\/abc-latina.com\\\/equateur\\\/amazonie\\\/#primaryimage\"},\"image\":{\"@id\":\"https:\\\/\\\/abc-latina.com\\\/equateur\\\/amazonie\\\/#primaryimage\"},\"thumbnailUrl\":\"https:\\\/\\\/abc-latina.com\\\/wp-content\\\/uploads\\\/2010\\\/04\\\/timbre_to.gif\",\"datePublished\":\"2010-06-04T14:52:30+00:00\",\"dateModified\":\"2018-06-12T10:08:28+00:00\",\"description\":\"Tourisme en Equateur: Voyage en Amazonie.\",\"breadcrumb\":{\"@id\":\"https:\\\/\\\/abc-latina.com\\\/equateur\\\/amazonie\\\/#breadcrumb\"},\"inLanguage\":\"fr-FR\",\"potentialAction\":[{\"@type\":\"ReadAction\",\"target\":[\"https:\\\/\\\/abc-latina.com\\\/equateur\\\/amazonie\\\/\"]}]},{\"@type\":\"ImageObject\",\"inLanguage\":\"fr-FR\",\"@id\":\"https:\\\/\\\/abc-latina.com\\\/equateur\\\/amazonie\\\/#primaryimage\",\"url\":\"https:\\\/\\\/abc-latina.com\\\/wp-content\\\/uploads\\\/2010\\\/04\\\/timbre_to.gif\",\"contentUrl\":\"https:\\\/\\\/abc-latina.com\\\/wp-content\\\/uploads\\\/2010\\\/04\\\/timbre_to.gif\",\"width\":125,\"height\":90},{\"@type\":\"BreadcrumbList\",\"@id\":\"https:\\\/\\\/abc-latina.com\\\/equateur\\\/amazonie\\\/#breadcrumb\",\"itemListElement\":[{\"@type\":\"ListItem\",\"position\":1,\"name\":\"Accueil\",\"item\":\"https:\\\/\\\/abc-latina.com\\\/\"},{\"@type\":\"ListItem\",\"position\":2,\"name\":\"AMAZONIE Equateur\"}]},{\"@type\":\"WebSite\",\"@id\":\"https:\\\/\\\/abc-latina.com\\\/#website\",\"url\":\"https:\\\/\\\/abc-latina.com\\\/\",\"name\":\"Abc-latina\",\"description\":\"\",\"publisher\":{\"@id\":\"https:\\\/\\\/abc-latina.com\\\/#organization\"},\"potentialAction\":[{\"@type\":\"SearchAction\",\"target\":{\"@type\":\"EntryPoint\",\"urlTemplate\":\"https:\\\/\\\/abc-latina.com\\\/?s={search_term_string}\"},\"query-input\":{\"@type\":\"PropertyValueSpecification\",\"valueRequired\":true,\"valueName\":\"search_term_string\"}}],\"inLanguage\":\"fr-FR\"},{\"@type\":\"Organization\",\"@id\":\"https:\\\/\\\/abc-latina.com\\\/#organization\",\"name\":\"Abc-latina\",\"url\":\"https:\\\/\\\/abc-latina.com\\\/\",\"logo\":{\"@type\":\"ImageObject\",\"inLanguage\":\"fr-FR\",\"@id\":\"https:\\\/\\\/abc-latina.com\\\/#\\\/schema\\\/logo\\\/image\\\/\",\"url\":\"https:\\\/\\\/abc-latina.com\\\/wp-content\\\/uploads\\\/2026\\\/05\\\/cropped-logo.gif\",\"contentUrl\":\"https:\\\/\\\/abc-latina.com\\\/wp-content\\\/uploads\\\/2026\\\/05\\\/cropped-logo.gif\",\"width\":89,\"height\":84,\"caption\":\"Abc-latina\"},\"image\":{\"@id\":\"https:\\\/\\\/abc-latina.com\\\/#\\\/schema\\\/logo\\\/image\\\/\"}}]}<\/script>\n<!-- \/ Yoast SEO plugin. -->","yoast_head_json":{"title":"AMAZONIE Equateur - Abc-latina","description":"Tourisme en Equateur: Voyage en Amazonie.","robots":{"index":"index","follow":"follow","max-snippet":"max-snippet:-1","max-image-preview":"max-image-preview:large","max-video-preview":"max-video-preview:-1"},"canonical":"https:\/\/abc-latina.com\/equateur\/amazonie\/","og_locale":"fr_FR","og_type":"article","og_title":"AMAZONIE Equateur - Abc-latina","og_description":"Tourisme en Equateur: Voyage en Amazonie.","og_url":"https:\/\/abc-latina.com\/equateur\/amazonie\/","og_site_name":"Abc-latina","article_modified_time":"2018-06-12T10:08:28+00:00","og_image":[{"width":125,"height":90,"url":"https:\/\/abc-latina.com\/wp-content\/uploads\/2010\/04\/timbre_to.gif","type":"image\/gif"}],"twitter_card":"summary_large_image","twitter_misc":{"Dur\u00e9e de lecture estim\u00e9e":"3 minutes"},"schema":{"@context":"https:\/\/schema.org","@graph":[{"@type":"WebPage","@id":"https:\/\/abc-latina.com\/equateur\/amazonie\/","url":"https:\/\/abc-latina.com\/equateur\/amazonie\/","name":"AMAZONIE Equateur - Abc-latina","isPartOf":{"@id":"https:\/\/abc-latina.com\/#website"},"primaryImageOfPage":{"@id":"https:\/\/abc-latina.com\/equateur\/amazonie\/#primaryimage"},"image":{"@id":"https:\/\/abc-latina.com\/equateur\/amazonie\/#primaryimage"},"thumbnailUrl":"https:\/\/abc-latina.com\/wp-content\/uploads\/2010\/04\/timbre_to.gif","datePublished":"2010-06-04T14:52:30+00:00","dateModified":"2018-06-12T10:08:28+00:00","description":"Tourisme en Equateur: Voyage en Amazonie.","breadcrumb":{"@id":"https:\/\/abc-latina.com\/equateur\/amazonie\/#breadcrumb"},"inLanguage":"fr-FR","potentialAction":[{"@type":"ReadAction","target":["https:\/\/abc-latina.com\/equateur\/amazonie\/"]}]},{"@type":"ImageObject","inLanguage":"fr-FR","@id":"https:\/\/abc-latina.com\/equateur\/amazonie\/#primaryimage","url":"https:\/\/abc-latina.com\/wp-content\/uploads\/2010\/04\/timbre_to.gif","contentUrl":"https:\/\/abc-latina.com\/wp-content\/uploads\/2010\/04\/timbre_to.gif","width":125,"height":90},{"@type":"BreadcrumbList","@id":"https:\/\/abc-latina.com\/equateur\/amazonie\/#breadcrumb","itemListElement":[{"@type":"ListItem","position":1,"name":"Accueil","item":"https:\/\/abc-latina.com\/"},{"@type":"ListItem","position":2,"name":"AMAZONIE Equateur"}]},{"@type":"WebSite","@id":"https:\/\/abc-latina.com\/#website","url":"https:\/\/abc-latina.com\/","name":"Abc-latina","description":"","publisher":{"@id":"https:\/\/abc-latina.com\/#organization"},"potentialAction":[{"@type":"SearchAction","target":{"@type":"EntryPoint","urlTemplate":"https:\/\/abc-latina.com\/?s={search_term_string}"},"query-input":{"@type":"PropertyValueSpecification","valueRequired":true,"valueName":"search_term_string"}}],"inLanguage":"fr-FR"},{"@type":"Organization","@id":"https:\/\/abc-latina.com\/#organization","name":"Abc-latina","url":"https:\/\/abc-latina.com\/","logo":{"@type":"ImageObject","inLanguage":"fr-FR","@id":"https:\/\/abc-latina.com\/#\/schema\/logo\/image\/","url":"https:\/\/abc-latina.com\/wp-content\/uploads\/2026\/05\/cropped-logo.gif","contentUrl":"https:\/\/abc-latina.com\/wp-content\/uploads\/2026\/05\/cropped-logo.gif","width":89,"height":84,"caption":"Abc-latina"},"image":{"@id":"https:\/\/abc-latina.com\/#\/schema\/logo\/image\/"}}]}},"_links":{"self":[{"href":"https:\/\/abc-latina.com\/wp-json\/wp\/v2\/pages\/279","targetHints":{"allow":["GET"]}}],"collection":[{"href":"https:\/\/abc-latina.com\/wp-json\/wp\/v2\/pages"}],"about":[{"href":"https:\/\/abc-latina.com\/wp-json\/wp\/v2\/types\/page"}],"author":[{"embeddable":true,"href":"https:\/\/abc-latina.com\/wp-json\/wp\/v2\/users\/3"}],"replies":[{"embeddable":true,"href":"https:\/\/abc-latina.com\/wp-json\/wp\/v2\/comments?post=279"}],"version-history":[{"count":0,"href":"https:\/\/abc-latina.com\/wp-json\/wp\/v2\/pages\/279\/revisions"}],"up":[{"embeddable":true,"href":"https:\/\/abc-latina.com\/wp-json\/wp\/v2\/pages\/2303"}],"wp:featuredmedia":[{"embeddable":true,"href":"https:\/\/abc-latina.com\/wp-json\/wp\/v2\/media\/41"}],"wp:attachment":[{"href":"https:\/\/abc-latina.com\/wp-json\/wp\/v2\/media?parent=279"}],"curies":[{"name":"wp","href":"https:\/\/api.w.org\/{rel}","templated":true}]}}