{"id":2794,"date":"2011-10-04T03:00:00","date_gmt":"2011-10-04T01:00:00","guid":{"rendered":"http:\/\/abc-latina.com\/index-php-29\/"},"modified":"2026-04-30T18:25:28","modified_gmt":"2026-04-30T16:25:28","slug":"index","status":"publish","type":"page","link":"https:\/\/abc-latina.com\/index\/","title":{"rendered":"Le RUGBY en AMERIQUE LATINE"},"content":{"rendered":"<p><span style=\"color: rgb(255, 153, 0); \"><strong><img loading=\"lazy\" decoding=\"async\" class=\" alignright size-full wp-image-2793\" src=\"http:\/\/abc-latina.com\/wp-content\/uploads\/2011\/10\/rugby.jpg\" title=\"Le RUGBY en AMERIQUE LATINE\" alt=\"Le RUGBY en AMERIQUE LATINE\" width=\"220\" vspace=\"9\" hspace=\"15\" height=\"220\" align=\"right\" srcset=\"https:\/\/abc-latina.com\/wp-content\/uploads\/2011\/10\/rugby.jpg 220w, https:\/\/abc-latina.com\/wp-content\/uploads\/2011\/10\/rugby-150x150.jpg 150w\" sizes=\"auto, (max-width: 220px) 100vw, 220px\" \/>En Argentine<\/strong><\/span><\/p>\n<div>Arriv\u00e9 en Argentine en 1873, sport de la classe moyenne ais\u00e9e et cultiv\u00e9e. le rugby est rest\u00e9 un sport 100% amateur et pourtant il a termin\u00e9 troisi\u00e8me lors de la coupe du monde 2007&#8230; &nbsp; <a href=\"https:\/\/www.abc-latina.com\/sport\/rugby\/rugby-argentin.php\">en savoir plus<\/a><\/div>\n<div>&nbsp;<\/div>\n<div><strong><span style=\"color: rgb(255, 153, 0); \">Au Chili&nbsp;<\/span><\/strong><\/div>\n<div>&nbsp;<\/div>\n<div>Le rugby est un sport confidentiel au Chili, il compte portant de nombreux adeptes qui tentent de le faire vivre malgr\u00e9 des structures tr\u00e8s limit\u00e9es. Au niveau international, le Chili se situe, selon le classement de la F\u00e9d\u00e9ration internationale de rugby, entre la vingti\u00e8me et la trenti\u00e8me place. Il est le troisi\u00e8me pays latino-am\u00e9ricain derri\u00e8re l&rsquo;Argentine et l&rsquo;Uruguay.&nbsp;<\/div>\n<div>&nbsp;<\/div>\n<div><span style=\"color: rgb(255, 153, 0); \"><strong>En Uruguay&nbsp;<\/strong><\/span><\/div>\n<div>&nbsp;<\/div>\n<div>Seconde \u00e9quipe sud-am\u00e9ricaine, derri\u00e8re l&rsquo;Argentine et devant le Chili, l&rsquo;Uruguay s&rsquo;est qualifi\u00e9 \u00e0 deux reprises pour la coupe du monde de rugby (1999 et 2003).<\/div>\n<div>&nbsp;<\/div>\n<div>&nbsp;<\/div>\n<div>Quelques grands noms du rugby latino-am\u00e9ricains<\/div>\n<div><a href=\"https:\/\/www.abc-latina.com\/sport\/sportifs\/juan_martin_hernandez.php\">Juan Martin Hernandez<\/a><\/div>\n","protected":false},"excerpt":{"rendered":"<p>En Argentine Arriv\u00e9 en Argentine en 1873, sport de la classe moyenne ais\u00e9e et cultiv\u00e9e. le rugby est rest\u00e9 un [&hellip;]<\/p>\n","protected":false},"author":3,"featured_media":2793,"parent":0,"menu_order":0,"comment_status":"closed","ping_status":"closed","template":"","meta":{"site-sidebar-layout":"default","site-content-layout":"","ast-site-content-layout":"default","site-content-style":"default","site-sidebar-style":"default","ast-global-header-display":"","ast-banner-title-visibility":"","ast-main-header-display":"","ast-hfb-above-header-display":"","ast-hfb-below-header-display":"","ast-hfb-mobile-header-display":"","site-post-title":"","ast-breadcrumbs-content":"","ast-featured-img":"","footer-sml-layout":"","ast-disable-related-posts":"","theme-transparent-header-meta":"","adv-header-id-meta":"","stick-header-meta":"","header-above-stick-meta":"","header-main-stick-meta":"","header-below-stick-meta":"","astra-migrate-meta-layouts":"default","ast-page-background-enabled":"default","ast-page-background-meta":{"desktop":{"background-color":"var(--ast-global-color-5)","background-image":"","background-repeat":"repeat","background-position":"center center","background-size":"auto","background-attachment":"scroll","background-type":"","background-media":"","overlay-type":"","overlay-color":"","overlay-opacity":"","overlay-gradient":""},"tablet":{"background-color":"","background-image":"","background-repeat":"repeat","background-position":"center center","background-size":"auto","background-attachment":"scroll","background-type":"","background-media":"","overlay-type":"","overlay-color":"","overlay-opacity":"","overlay-gradient":""},"mobile":{"background-color":"","background-image":"","background-repeat":"repeat","background-position":"center center","background-size":"auto","background-attachment":"scroll","background-type":"","background-media":"","overlay-type":"","overlay-color":"","overlay-opacity":"","overlay-gradient":""}},"ast-content-background-meta":{"desktop":{"background-color":"var(--ast-global-color-4)","background-image":"","background-repeat":"repeat","background-position":"center center","background-size":"auto","background-attachment":"scroll","background-type":"","background-media":"","overlay-type":"","overlay-color":"","overlay-opacity":"","overlay-gradient":""},"tablet":{"background-color":"var(--ast-global-color-4)","background-image":"","background-repeat":"repeat","background-position":"center center","background-size":"auto","background-attachment":"scroll","background-type":"","background-media":"","overlay-type":"","overlay-color":"","overlay-opacity":"","overlay-gradient":""},"mobile":{"background-color":"var(--ast-global-color-4)","background-image":"","background-repeat":"repeat","background-position":"center center","background-size":"auto","background-attachment":"scroll","background-type":"","background-media":"","overlay-type":"","overlay-color":"","overlay-opacity":"","overlay-gradient":""}},"footnotes":""},"class_list":["post-2794","page","type-page","status-publish","has-post-thumbnail","hentry"],"yoast_head":"<!-- This site is optimized with the Yoast SEO plugin v27.5 - https:\/\/yoast.com\/product\/yoast-seo-wordpress\/ -->\n<title>Le RUGBY en AMERIQUE LATINE - Abc-latina<\/title>\n<meta name=\"description\" content=\"Le rugby en Am\u00e9rique latine.\" \/>\n<meta name=\"robots\" content=\"index, follow, max-snippet:-1, max-image-preview:large, max-video-preview:-1\" \/>\n<link rel=\"canonical\" href=\"https:\/\/abc-latina.com\/index\/\" \/>\n<meta property=\"og:locale\" content=\"fr_FR\" \/>\n<meta property=\"og:type\" content=\"article\" \/>\n<meta property=\"og:title\" content=\"Le RUGBY en AMERIQUE LATINE - Abc-latina\" \/>\n<meta property=\"og:description\" content=\"Le rugby en Am\u00e9rique latine.\" \/>\n<meta property=\"og:url\" content=\"https:\/\/abc-latina.com\/index\/\" \/>\n<meta property=\"og:site_name\" content=\"Abc-latina\" \/>\n<meta property=\"article:modified_time\" content=\"2026-04-30T16:25:28+00:00\" \/>\n<meta property=\"og:image\" content=\"https:\/\/abc-latina.com\/wp-content\/uploads\/2011\/10\/rugby.jpg\" \/>\n\t<meta property=\"og:image:width\" content=\"220\" \/>\n\t<meta property=\"og:image:height\" content=\"220\" \/>\n\t<meta property=\"og:image:type\" content=\"image\/jpeg\" \/>\n<meta name=\"twitter:card\" content=\"summary_large_image\" \/>\n<meta name=\"twitter:label1\" content=\"Dur\u00e9e de lecture estim\u00e9e\" \/>\n\t<meta name=\"twitter:data1\" content=\"1 minute\" \/>\n<script type=\"application\/ld+json\" class=\"yoast-schema-graph\">{\"@context\":\"https:\\\/\\\/schema.org\",\"@graph\":[{\"@type\":\"WebPage\",\"@id\":\"https:\\\/\\\/abc-latina.com\\\/index\\\/\",\"url\":\"https:\\\/\\\/abc-latina.com\\\/index\\\/\",\"name\":\"Le RUGBY en AMERIQUE LATINE - Abc-latina\",\"isPartOf\":{\"@id\":\"https:\\\/\\\/abc-latina.com\\\/#website\"},\"primaryImageOfPage\":{\"@id\":\"https:\\\/\\\/abc-latina.com\\\/index\\\/#primaryimage\"},\"image\":{\"@id\":\"https:\\\/\\\/abc-latina.com\\\/index\\\/#primaryimage\"},\"thumbnailUrl\":\"https:\\\/\\\/abc-latina.com\\\/wp-content\\\/uploads\\\/2011\\\/10\\\/rugby.jpg\",\"datePublished\":\"2011-10-04T01:00:00+00:00\",\"dateModified\":\"2026-04-30T16:25:28+00:00\",\"description\":\"Le rugby en Am\u00e9rique latine.\",\"breadcrumb\":{\"@id\":\"https:\\\/\\\/abc-latina.com\\\/index\\\/#breadcrumb\"},\"inLanguage\":\"fr-FR\",\"potentialAction\":[{\"@type\":\"ReadAction\",\"target\":[\"https:\\\/\\\/abc-latina.com\\\/index\\\/\"]}]},{\"@type\":\"ImageObject\",\"inLanguage\":\"fr-FR\",\"@id\":\"https:\\\/\\\/abc-latina.com\\\/index\\\/#primaryimage\",\"url\":\"https:\\\/\\\/abc-latina.com\\\/wp-content\\\/uploads\\\/2011\\\/10\\\/rugby.jpg\",\"contentUrl\":\"https:\\\/\\\/abc-latina.com\\\/wp-content\\\/uploads\\\/2011\\\/10\\\/rugby.jpg\",\"width\":220,\"height\":220,\"caption\":\"Le RUGBY en AMERIQUE LATINE\"},{\"@type\":\"BreadcrumbList\",\"@id\":\"https:\\\/\\\/abc-latina.com\\\/index\\\/#breadcrumb\",\"itemListElement\":[{\"@type\":\"ListItem\",\"position\":1,\"name\":\"Accueil\",\"item\":\"https:\\\/\\\/abc-latina.com\\\/\"},{\"@type\":\"ListItem\",\"position\":2,\"name\":\"Le RUGBY en AMERIQUE LATINE\"}]},{\"@type\":\"WebSite\",\"@id\":\"https:\\\/\\\/abc-latina.com\\\/#website\",\"url\":\"https:\\\/\\\/abc-latina.com\\\/\",\"name\":\"Abc-latina\",\"description\":\"\",\"publisher\":{\"@id\":\"https:\\\/\\\/abc-latina.com\\\/#organization\"},\"potentialAction\":[{\"@type\":\"SearchAction\",\"target\":{\"@type\":\"EntryPoint\",\"urlTemplate\":\"https:\\\/\\\/abc-latina.com\\\/?s={search_term_string}\"},\"query-input\":{\"@type\":\"PropertyValueSpecification\",\"valueRequired\":true,\"valueName\":\"search_term_string\"}}],\"inLanguage\":\"fr-FR\"},{\"@type\":\"Organization\",\"@id\":\"https:\\\/\\\/abc-latina.com\\\/#organization\",\"name\":\"Abc-latina\",\"url\":\"https:\\\/\\\/abc-latina.com\\\/\",\"logo\":{\"@type\":\"ImageObject\",\"inLanguage\":\"fr-FR\",\"@id\":\"https:\\\/\\\/abc-latina.com\\\/#\\\/schema\\\/logo\\\/image\\\/\",\"url\":\"https:\\\/\\\/abc-latina.com\\\/wp-content\\\/uploads\\\/2026\\\/05\\\/cropped-logo.gif\",\"contentUrl\":\"https:\\\/\\\/abc-latina.com\\\/wp-content\\\/uploads\\\/2026\\\/05\\\/cropped-logo.gif\",\"width\":89,\"height\":84,\"caption\":\"Abc-latina\"},\"image\":{\"@id\":\"https:\\\/\\\/abc-latina.com\\\/#\\\/schema\\\/logo\\\/image\\\/\"}}]}<\/script>\n<!-- \/ Yoast SEO plugin. -->","yoast_head_json":{"title":"Le RUGBY en AMERIQUE LATINE - Abc-latina","description":"Le rugby en Am\u00e9rique latine.","robots":{"index":"index","follow":"follow","max-snippet":"max-snippet:-1","max-image-preview":"max-image-preview:large","max-video-preview":"max-video-preview:-1"},"canonical":"https:\/\/abc-latina.com\/index\/","og_locale":"fr_FR","og_type":"article","og_title":"Le RUGBY en AMERIQUE LATINE - Abc-latina","og_description":"Le rugby en Am\u00e9rique latine.","og_url":"https:\/\/abc-latina.com\/index\/","og_site_name":"Abc-latina","article_modified_time":"2026-04-30T16:25:28+00:00","og_image":[{"width":220,"height":220,"url":"https:\/\/abc-latina.com\/wp-content\/uploads\/2011\/10\/rugby.jpg","type":"image\/jpeg"}],"twitter_card":"summary_large_image","twitter_misc":{"Dur\u00e9e de lecture estim\u00e9e":"1 minute"},"schema":{"@context":"https:\/\/schema.org","@graph":[{"@type":"WebPage","@id":"https:\/\/abc-latina.com\/index\/","url":"https:\/\/abc-latina.com\/index\/","name":"Le RUGBY en AMERIQUE LATINE - Abc-latina","isPartOf":{"@id":"https:\/\/abc-latina.com\/#website"},"primaryImageOfPage":{"@id":"https:\/\/abc-latina.com\/index\/#primaryimage"},"image":{"@id":"https:\/\/abc-latina.com\/index\/#primaryimage"},"thumbnailUrl":"https:\/\/abc-latina.com\/wp-content\/uploads\/2011\/10\/rugby.jpg","datePublished":"2011-10-04T01:00:00+00:00","dateModified":"2026-04-30T16:25:28+00:00","description":"Le rugby en Am\u00e9rique latine.","breadcrumb":{"@id":"https:\/\/abc-latina.com\/index\/#breadcrumb"},"inLanguage":"fr-FR","potentialAction":[{"@type":"ReadAction","target":["https:\/\/abc-latina.com\/index\/"]}]},{"@type":"ImageObject","inLanguage":"fr-FR","@id":"https:\/\/abc-latina.com\/index\/#primaryimage","url":"https:\/\/abc-latina.com\/wp-content\/uploads\/2011\/10\/rugby.jpg","contentUrl":"https:\/\/abc-latina.com\/wp-content\/uploads\/2011\/10\/rugby.jpg","width":220,"height":220,"caption":"Le RUGBY en AMERIQUE LATINE"},{"@type":"BreadcrumbList","@id":"https:\/\/abc-latina.com\/index\/#breadcrumb","itemListElement":[{"@type":"ListItem","position":1,"name":"Accueil","item":"https:\/\/abc-latina.com\/"},{"@type":"ListItem","position":2,"name":"Le RUGBY en AMERIQUE LATINE"}]},{"@type":"WebSite","@id":"https:\/\/abc-latina.com\/#website","url":"https:\/\/abc-latina.com\/","name":"Abc-latina","description":"","publisher":{"@id":"https:\/\/abc-latina.com\/#organization"},"potentialAction":[{"@type":"SearchAction","target":{"@type":"EntryPoint","urlTemplate":"https:\/\/abc-latina.com\/?s={search_term_string}"},"query-input":{"@type":"PropertyValueSpecification","valueRequired":true,"valueName":"search_term_string"}}],"inLanguage":"fr-FR"},{"@type":"Organization","@id":"https:\/\/abc-latina.com\/#organization","name":"Abc-latina","url":"https:\/\/abc-latina.com\/","logo":{"@type":"ImageObject","inLanguage":"fr-FR","@id":"https:\/\/abc-latina.com\/#\/schema\/logo\/image\/","url":"https:\/\/abc-latina.com\/wp-content\/uploads\/2026\/05\/cropped-logo.gif","contentUrl":"https:\/\/abc-latina.com\/wp-content\/uploads\/2026\/05\/cropped-logo.gif","width":89,"height":84,"caption":"Abc-latina"},"image":{"@id":"https:\/\/abc-latina.com\/#\/schema\/logo\/image\/"}}]}},"_links":{"self":[{"href":"https:\/\/abc-latina.com\/wp-json\/wp\/v2\/pages\/2794","targetHints":{"allow":["GET"]}}],"collection":[{"href":"https:\/\/abc-latina.com\/wp-json\/wp\/v2\/pages"}],"about":[{"href":"https:\/\/abc-latina.com\/wp-json\/wp\/v2\/types\/page"}],"author":[{"embeddable":true,"href":"https:\/\/abc-latina.com\/wp-json\/wp\/v2\/users\/3"}],"replies":[{"embeddable":true,"href":"https:\/\/abc-latina.com\/wp-json\/wp\/v2\/comments?post=2794"}],"version-history":[{"count":2,"href":"https:\/\/abc-latina.com\/wp-json\/wp\/v2\/pages\/2794\/revisions"}],"predecessor-version":[{"id":3993,"href":"https:\/\/abc-latina.com\/wp-json\/wp\/v2\/pages\/2794\/revisions\/3993"}],"wp:featuredmedia":[{"embeddable":true,"href":"https:\/\/abc-latina.com\/wp-json\/wp\/v2\/media\/2793"}],"wp:attachment":[{"href":"https:\/\/abc-latina.com\/wp-json\/wp\/v2\/media?parent=2794"}],"curies":[{"name":"wp","href":"https:\/\/api.w.org\/{rel}","templated":true}]}}