{"id":2796,"date":"2011-10-04T03:02:18","date_gmt":"2011-10-04T01:02:18","guid":{"rendered":"http:\/\/abc-latina.com\/index-htm-35\/"},"modified":"2026-04-30T18:25:30","modified_gmt":"2026-04-30T16:25:30","slug":"index","status":"publish","type":"page","link":"https:\/\/abc-latina.com\/index\/","title":{"rendered":"Le TENNIS en AMERIQUE LATINE"},"content":{"rendered":"<div><span style=\"font-family: Arial, Helvetica, sans-serif; font-size: small; background-color: rgb(255, 255, 255);\"><img loading=\"lazy\" decoding=\"async\" class=\" alignright size-full wp-image-2795\" src=\"http:\/\/abc-latina.com\/wp-content\/uploads\/2011\/10\/tennis.jpg\" title=\"Le TENNIS en AMERIQUE LATINE\" alt=\"Le TENNIS en AMERIQUE LATINE\" width=\"220\" vspace=\"9\" hspace=\"15\" height=\"220\" align=\"right\" srcset=\"https:\/\/abc-latina.com\/wp-content\/uploads\/2011\/10\/tennis.jpg 220w, https:\/\/abc-latina.com\/wp-content\/uploads\/2011\/10\/tennis-150x150.jpg 150w\" sizes=\"auto, (max-width: 220px) 100vw, 220px\" \/><br \/><\/span><\/p>\n<p style=\"background-color: rgb(255, 255, 255);\" align=\"left\"><span style=\"font-size: smaller;\"><span style=\"font-family: Arial;\"><span style=\"color: rgb(255, 102, 0);\"><strong>Tournois<\/strong><\/span><\/span><\/span><span style=\"color: rgb(255, 102, 0);\"><strong>&nbsp;<br \/><\/strong><\/span>Rolland garros&nbsp;<br \/>Wimbledon<br \/>Us Open&nbsp;<br \/><font size=\"2\" face=\"Arial, Helvetica, sans-serif\"><font color=\"#000000\">L&rsquo; Open d&rsquo;Australie<\/font><\/font><\/p>\n<p style=\"background-color: rgb(255, 255, 255);\" align=\"left\">&nbsp;<\/p>\n<p style=\"background-color: rgb(255, 255, 255);\" align=\"left\"><font size=\"2\" face=\"Arial, Helvetica, sans-serif\"><b><font color=\"#FF8000\">Joueurs de tennis<\/font><\/b><br \/><a href=\"https:\/\/www.abc-latina.com\/sport\/sportifs\/guillermo_vilas\" style=\"text-decoration: none;\"><font color=\"#000000\"><u>Guillermo Vilas<\/u><\/font><\/a><br \/><a href=\"https:\/\/www.abc-latina.com\/sport\/sportifs\/jose_luis_clerc\" style=\"text-decoration: none;\"><font color=\"#000000\"><u>Jose Luis Clerc<\/u><\/font><\/a><\/font><\/p>\n<\/div>\n<p>&nbsp;<\/p>\n<h3>Les vainquers latino-am\u00e9ricains au tournoi de Rolland Garros<\/h3>\n<div>1977<span class=\"Apple-tab-span\" style=\"white-space:pre\">\t\t<\/span> <strong>Guillermo Vilas<\/strong>&nbsp; &nbsp; bat &nbsp; Brian Gottfried &nbsp; &nbsp; &nbsp; &nbsp; &nbsp; 6-0, 6-3, 6-0<\/div>\n<div>1990<span class=\"Apple-tab-span\" style=\"white-space:pre\">\t\t<\/span> <strong>Andr\u00e9s G\u00f3mez<\/strong> &nbsp; &nbsp; &nbsp;bat &nbsp; Andre Agassi<span class=\"Apple-tab-span\" style=\"white-space:pre\">\t<\/span> &nbsp; &nbsp;6-3, 2-6, 6-4, 6-4<\/div>\n<div>1997<span class=\"Apple-tab-span\" style=\"white-space:pre\">\t\t<\/span> <strong>Gustavo Kuerten<\/strong> &nbsp; bat &nbsp; Sergi Bruguera<span class=\"Apple-tab-span\" style=\"white-space:pre\">\t<\/span> &nbsp; &nbsp;6-3, 6-4, 6-2<\/div>\n<div>2000<span class=\"Apple-tab-span\" style=\"white-space:pre\">\t\t<\/span> <strong>Gustavo Kuerten<\/strong> &nbsp; bat &nbsp; Magnus Norman<span class=\"Apple-tab-span\" style=\"white-space:pre\">\t<\/span> &nbsp; &nbsp;6-2, 6-3, 2-6, 7-6<span class=\"Apple-tab-span\" style=\"white-space:pre\">\t<\/span><\/div>\n<div>2001<span class=\"Apple-tab-span\" style=\"white-space:pre\">\t\t<\/span> <strong>Gustavo Kuerten<\/strong> &nbsp; bat &nbsp; \u00c0lex Corretja<span class=\"Apple-tab-span\" style=\"white-space:pre\">\t<\/span> &nbsp; &nbsp;6-7, 7-5, 6-2, 6-0<\/div>\n<div>2004<span class=\"Apple-tab-span\" style=\"white-space:pre\">\t\t<\/span> <strong>Gast\u00f3n Gaudio<\/strong>&nbsp; &nbsp; &nbsp; bat &nbsp; Guillermo Coria &nbsp; &nbsp; &nbsp; &nbsp;0-6, 3-6, 6-4, 6-1, 8-6<\/div>\n<h3>Les vainqueurs latino-am\u00e9ricains au tournoi de tennis de l&rsquo;US OPEN<\/h3>\n<div><strong><br \/>Tournoi Messieurs<\/strong><\/div>\n<div>1963 &nbsp;Mexique &nbsp; &nbsp; &nbsp;<strong>Rafael Osuna<\/strong> bat Frank Froehling&nbsp;7-5, 6-4, 6-2<\/div>\n<div>1977 &nbsp;Argentine &nbsp; &nbsp;<strong>Guillermo Vilas<\/strong> bat Jimmy Connors&nbsp;2-6, 6-3, 7-6, 6-0<\/div>\n<div>2009 &nbsp;Argentine &nbsp; &nbsp;<strong>Juan Mart\u00edn del Potro<\/strong>&nbsp;bat Roger Federer&nbsp;3-6, 7-6, 4-6, 7-6, 6-2<\/div>\n<div>&nbsp;<\/div>\n<div><strong>Tournoi Dames<\/strong><\/div>\n<div>1937 &nbsp;Chili &nbsp; &nbsp; &nbsp;<strong>Anita Lizana<\/strong> bat Jadwiga J\u0119drzejowska&nbsp;6-4, 6-2<\/div>\n<div>1959 &nbsp;Br\u00e9sil &nbsp; &nbsp; <strong>Maria Bueno<\/strong> bat Christine Truman&nbsp;6-1, 6-4<\/div>\n<div>1963 &nbsp;Br\u00e9sil &nbsp; &nbsp; <strong>Maria Bueno<\/strong>&nbsp;bat Margaret Smith Court&nbsp;7-5, 6-4<\/div>\n<div>1964 &nbsp;Br\u00e9sil &nbsp; &nbsp; <strong>Maria Bueno<\/strong>&nbsp;bat Carole Caldwell&nbsp;6-1, 6-0<\/div>\n<div>1966 &nbsp;Br\u00e9sil &nbsp; &nbsp; <strong>Maria Bueno<\/strong>&nbsp;bat Nancy Richey&nbsp;6-3, 6-1<\/div>\n<div>1990 &nbsp;Argentine &nbsp;<strong>Gabriela Sabatini<\/strong> bat Steffi Graf&nbsp;6-2, 7-6<\/div>\n<h3>Open d&rsquo;Australie<\/h3>\n<p>Les vainqueurs et finalistes latino-am\u00e9ricains ne sont que trois, tous originaires du sud de l&rsquo;Am\u00e9rique du sud, l&rsquo;Argentine et le Chili. <a href=\"https:\/\/www.abc-latina.com\/sport\/sportifs\/guillermo_vilas\">Guillermo Villas<\/a> est le seul a avoir remport\u00e9 le troph\u00e9 (\u00e0 deus reprises).<\/p>\n<div>2007 &#8211;&nbsp;Fernando GONZALEZ (Chili) est finaliste.<\/div>\n<div>1998 &#8211;&nbsp;Marcelo RIOS (Chili) est finaliste.<\/div>\n<div>1979 &#8211;&nbsp;Guillermo VILAS (Argentine) est vainqueur.<\/div>\n<div>1978 &#8211;&nbsp;Guillermo VILAS (Argentine) est vainqueur.<\/div>\n<div>1977 &#8211;&nbsp;Guillermo VILAS (Argentine) est finaliste.<\/div>\n<h3>Tournoi de Wimbledon<\/h3>\n<p>2002 &#8211;&nbsp;Nalbandian (Argentine) &#8211; Finaliste<\/p>\n<p>&nbsp;<\/p>\n","protected":false},"excerpt":{"rendered":"<p>Tournois&nbsp;Rolland garros&nbsp;WimbledonUs Open&nbsp;L&rsquo; Open d&rsquo;Australie &nbsp; Joueurs de tennisGuillermo VilasJose Luis Clerc &nbsp; Les vainquers latino-am\u00e9ricains au tournoi de Rolland [&hellip;]<\/p>\n","protected":false},"author":3,"featured_media":2795,"parent":0,"menu_order":0,"comment_status":"closed","ping_status":"closed","template":"","meta":{"site-sidebar-layout":"default","site-content-layout":"","ast-site-content-layout":"default","site-content-style":"default","site-sidebar-style":"default","ast-global-header-display":"","ast-banner-title-visibility":"","ast-main-header-display":"","ast-hfb-above-header-display":"","ast-hfb-below-header-display":"","ast-hfb-mobile-header-display":"","site-post-title":"","ast-breadcrumbs-content":"","ast-featured-img":"","footer-sml-layout":"","ast-disable-related-posts":"","theme-transparent-header-meta":"","adv-header-id-meta":"","stick-header-meta":"","header-above-stick-meta":"","header-main-stick-meta":"","header-below-stick-meta":"","astra-migrate-meta-layouts":"default","ast-page-background-enabled":"default","ast-page-background-meta":{"desktop":{"background-color":"var(--ast-global-color-5)","background-image":"","background-repeat":"repeat","background-position":"center center","background-size":"auto","background-attachment":"scroll","background-type":"","background-media":"","overlay-type":"","overlay-color":"","overlay-opacity":"","overlay-gradient":""},"tablet":{"background-color":"","background-image":"","background-repeat":"repeat","background-position":"center center","background-size":"auto","background-attachment":"scroll","background-type":"","background-media":"","overlay-type":"","overlay-color":"","overlay-opacity":"","overlay-gradient":""},"mobile":{"background-color":"","background-image":"","background-repeat":"repeat","background-position":"center center","background-size":"auto","background-attachment":"scroll","background-type":"","background-media":"","overlay-type":"","overlay-color":"","overlay-opacity":"","overlay-gradient":""}},"ast-content-background-meta":{"desktop":{"background-color":"var(--ast-global-color-4)","background-image":"","background-repeat":"repeat","background-position":"center center","background-size":"auto","background-attachment":"scroll","background-type":"","background-media":"","overlay-type":"","overlay-color":"","overlay-opacity":"","overlay-gradient":""},"tablet":{"background-color":"var(--ast-global-color-4)","background-image":"","background-repeat":"repeat","background-position":"center center","background-size":"auto","background-attachment":"scroll","background-type":"","background-media":"","overlay-type":"","overlay-color":"","overlay-opacity":"","overlay-gradient":""},"mobile":{"background-color":"var(--ast-global-color-4)","background-image":"","background-repeat":"repeat","background-position":"center center","background-size":"auto","background-attachment":"scroll","background-type":"","background-media":"","overlay-type":"","overlay-color":"","overlay-opacity":"","overlay-gradient":""}},"footnotes":""},"class_list":["post-2796","page","type-page","status-publish","has-post-thumbnail","hentry"],"yoast_head":"<!-- This site is optimized with the Yoast SEO plugin v27.5 - https:\/\/yoast.com\/product\/yoast-seo-wordpress\/ -->\n<title>Le TENNIS en AMERIQUE LATINE - Abc-latina<\/title>\n<meta name=\"description\" content=\"R\u00e9sultats du tennis latino-am\u00e9ricain.\" \/>\n<meta name=\"robots\" content=\"index, follow, max-snippet:-1, max-image-preview:large, max-video-preview:-1\" \/>\n<link rel=\"canonical\" href=\"https:\/\/abc-latina.com\/index\/\" \/>\n<meta property=\"og:locale\" content=\"fr_FR\" \/>\n<meta property=\"og:type\" content=\"article\" \/>\n<meta property=\"og:title\" content=\"Le TENNIS en AMERIQUE LATINE - Abc-latina\" \/>\n<meta property=\"og:description\" content=\"R\u00e9sultats du tennis latino-am\u00e9ricain.\" \/>\n<meta property=\"og:url\" content=\"https:\/\/abc-latina.com\/index\/\" \/>\n<meta property=\"og:site_name\" content=\"Abc-latina\" \/>\n<meta property=\"article:modified_time\" content=\"2026-04-30T16:25:30+00:00\" \/>\n<meta property=\"og:image\" content=\"https:\/\/abc-latina.com\/wp-content\/uploads\/2011\/10\/tennis.jpg\" \/>\n\t<meta property=\"og:image:width\" content=\"220\" \/>\n\t<meta property=\"og:image:height\" content=\"220\" \/>\n\t<meta property=\"og:image:type\" content=\"image\/jpeg\" \/>\n<meta name=\"twitter:card\" content=\"summary_large_image\" \/>\n<meta name=\"twitter:label1\" content=\"Dur\u00e9e de lecture estim\u00e9e\" \/>\n\t<meta name=\"twitter:data1\" content=\"2 minutes\" \/>\n<script type=\"application\/ld+json\" class=\"yoast-schema-graph\">{\"@context\":\"https:\\\/\\\/schema.org\",\"@graph\":[{\"@type\":\"WebPage\",\"@id\":\"https:\\\/\\\/abc-latina.com\\\/index\\\/\",\"url\":\"https:\\\/\\\/abc-latina.com\\\/index\\\/\",\"name\":\"Le TENNIS en AMERIQUE LATINE - Abc-latina\",\"isPartOf\":{\"@id\":\"https:\\\/\\\/abc-latina.com\\\/#website\"},\"primaryImageOfPage\":{\"@id\":\"https:\\\/\\\/abc-latina.com\\\/index\\\/#primaryimage\"},\"image\":{\"@id\":\"https:\\\/\\\/abc-latina.com\\\/index\\\/#primaryimage\"},\"thumbnailUrl\":\"https:\\\/\\\/abc-latina.com\\\/wp-content\\\/uploads\\\/2011\\\/10\\\/tennis.jpg\",\"datePublished\":\"2011-10-04T01:02:18+00:00\",\"dateModified\":\"2026-04-30T16:25:30+00:00\",\"description\":\"R\u00e9sultats du tennis latino-am\u00e9ricain.\",\"breadcrumb\":{\"@id\":\"https:\\\/\\\/abc-latina.com\\\/index\\\/#breadcrumb\"},\"inLanguage\":\"fr-FR\",\"potentialAction\":[{\"@type\":\"ReadAction\",\"target\":[\"https:\\\/\\\/abc-latina.com\\\/index\\\/\"]}]},{\"@type\":\"ImageObject\",\"inLanguage\":\"fr-FR\",\"@id\":\"https:\\\/\\\/abc-latina.com\\\/index\\\/#primaryimage\",\"url\":\"https:\\\/\\\/abc-latina.com\\\/wp-content\\\/uploads\\\/2011\\\/10\\\/tennis.jpg\",\"contentUrl\":\"https:\\\/\\\/abc-latina.com\\\/wp-content\\\/uploads\\\/2011\\\/10\\\/tennis.jpg\",\"width\":220,\"height\":220,\"caption\":\"Le TENNIS en AMERIQUE LATINE\"},{\"@type\":\"BreadcrumbList\",\"@id\":\"https:\\\/\\\/abc-latina.com\\\/index\\\/#breadcrumb\",\"itemListElement\":[{\"@type\":\"ListItem\",\"position\":1,\"name\":\"Accueil\",\"item\":\"https:\\\/\\\/abc-latina.com\\\/\"},{\"@type\":\"ListItem\",\"position\":2,\"name\":\"Le TENNIS en AMERIQUE LATINE\"}]},{\"@type\":\"WebSite\",\"@id\":\"https:\\\/\\\/abc-latina.com\\\/#website\",\"url\":\"https:\\\/\\\/abc-latina.com\\\/\",\"name\":\"Abc-latina\",\"description\":\"\",\"publisher\":{\"@id\":\"https:\\\/\\\/abc-latina.com\\\/#organization\"},\"potentialAction\":[{\"@type\":\"SearchAction\",\"target\":{\"@type\":\"EntryPoint\",\"urlTemplate\":\"https:\\\/\\\/abc-latina.com\\\/?s={search_term_string}\"},\"query-input\":{\"@type\":\"PropertyValueSpecification\",\"valueRequired\":true,\"valueName\":\"search_term_string\"}}],\"inLanguage\":\"fr-FR\"},{\"@type\":\"Organization\",\"@id\":\"https:\\\/\\\/abc-latina.com\\\/#organization\",\"name\":\"Abc-latina\",\"url\":\"https:\\\/\\\/abc-latina.com\\\/\",\"logo\":{\"@type\":\"ImageObject\",\"inLanguage\":\"fr-FR\",\"@id\":\"https:\\\/\\\/abc-latina.com\\\/#\\\/schema\\\/logo\\\/image\\\/\",\"url\":\"https:\\\/\\\/abc-latina.com\\\/wp-content\\\/uploads\\\/2026\\\/05\\\/cropped-logo.gif\",\"contentUrl\":\"https:\\\/\\\/abc-latina.com\\\/wp-content\\\/uploads\\\/2026\\\/05\\\/cropped-logo.gif\",\"width\":89,\"height\":84,\"caption\":\"Abc-latina\"},\"image\":{\"@id\":\"https:\\\/\\\/abc-latina.com\\\/#\\\/schema\\\/logo\\\/image\\\/\"}}]}<\/script>\n<!-- \/ Yoast SEO plugin. -->","yoast_head_json":{"title":"Le TENNIS en AMERIQUE LATINE - Abc-latina","description":"R\u00e9sultats du tennis latino-am\u00e9ricain.","robots":{"index":"index","follow":"follow","max-snippet":"max-snippet:-1","max-image-preview":"max-image-preview:large","max-video-preview":"max-video-preview:-1"},"canonical":"https:\/\/abc-latina.com\/index\/","og_locale":"fr_FR","og_type":"article","og_title":"Le TENNIS en AMERIQUE LATINE - Abc-latina","og_description":"R\u00e9sultats du tennis latino-am\u00e9ricain.","og_url":"https:\/\/abc-latina.com\/index\/","og_site_name":"Abc-latina","article_modified_time":"2026-04-30T16:25:30+00:00","og_image":[{"width":220,"height":220,"url":"https:\/\/abc-latina.com\/wp-content\/uploads\/2011\/10\/tennis.jpg","type":"image\/jpeg"}],"twitter_card":"summary_large_image","twitter_misc":{"Dur\u00e9e de lecture estim\u00e9e":"2 minutes"},"schema":{"@context":"https:\/\/schema.org","@graph":[{"@type":"WebPage","@id":"https:\/\/abc-latina.com\/index\/","url":"https:\/\/abc-latina.com\/index\/","name":"Le TENNIS en AMERIQUE LATINE - Abc-latina","isPartOf":{"@id":"https:\/\/abc-latina.com\/#website"},"primaryImageOfPage":{"@id":"https:\/\/abc-latina.com\/index\/#primaryimage"},"image":{"@id":"https:\/\/abc-latina.com\/index\/#primaryimage"},"thumbnailUrl":"https:\/\/abc-latina.com\/wp-content\/uploads\/2011\/10\/tennis.jpg","datePublished":"2011-10-04T01:02:18+00:00","dateModified":"2026-04-30T16:25:30+00:00","description":"R\u00e9sultats du tennis latino-am\u00e9ricain.","breadcrumb":{"@id":"https:\/\/abc-latina.com\/index\/#breadcrumb"},"inLanguage":"fr-FR","potentialAction":[{"@type":"ReadAction","target":["https:\/\/abc-latina.com\/index\/"]}]},{"@type":"ImageObject","inLanguage":"fr-FR","@id":"https:\/\/abc-latina.com\/index\/#primaryimage","url":"https:\/\/abc-latina.com\/wp-content\/uploads\/2011\/10\/tennis.jpg","contentUrl":"https:\/\/abc-latina.com\/wp-content\/uploads\/2011\/10\/tennis.jpg","width":220,"height":220,"caption":"Le TENNIS en AMERIQUE LATINE"},{"@type":"BreadcrumbList","@id":"https:\/\/abc-latina.com\/index\/#breadcrumb","itemListElement":[{"@type":"ListItem","position":1,"name":"Accueil","item":"https:\/\/abc-latina.com\/"},{"@type":"ListItem","position":2,"name":"Le TENNIS en AMERIQUE LATINE"}]},{"@type":"WebSite","@id":"https:\/\/abc-latina.com\/#website","url":"https:\/\/abc-latina.com\/","name":"Abc-latina","description":"","publisher":{"@id":"https:\/\/abc-latina.com\/#organization"},"potentialAction":[{"@type":"SearchAction","target":{"@type":"EntryPoint","urlTemplate":"https:\/\/abc-latina.com\/?s={search_term_string}"},"query-input":{"@type":"PropertyValueSpecification","valueRequired":true,"valueName":"search_term_string"}}],"inLanguage":"fr-FR"},{"@type":"Organization","@id":"https:\/\/abc-latina.com\/#organization","name":"Abc-latina","url":"https:\/\/abc-latina.com\/","logo":{"@type":"ImageObject","inLanguage":"fr-FR","@id":"https:\/\/abc-latina.com\/#\/schema\/logo\/image\/","url":"https:\/\/abc-latina.com\/wp-content\/uploads\/2026\/05\/cropped-logo.gif","contentUrl":"https:\/\/abc-latina.com\/wp-content\/uploads\/2026\/05\/cropped-logo.gif","width":89,"height":84,"caption":"Abc-latina"},"image":{"@id":"https:\/\/abc-latina.com\/#\/schema\/logo\/image\/"}}]}},"_links":{"self":[{"href":"https:\/\/abc-latina.com\/wp-json\/wp\/v2\/pages\/2796","targetHints":{"allow":["GET"]}}],"collection":[{"href":"https:\/\/abc-latina.com\/wp-json\/wp\/v2\/pages"}],"about":[{"href":"https:\/\/abc-latina.com\/wp-json\/wp\/v2\/types\/page"}],"author":[{"embeddable":true,"href":"https:\/\/abc-latina.com\/wp-json\/wp\/v2\/users\/3"}],"replies":[{"embeddable":true,"href":"https:\/\/abc-latina.com\/wp-json\/wp\/v2\/comments?post=2796"}],"version-history":[{"count":2,"href":"https:\/\/abc-latina.com\/wp-json\/wp\/v2\/pages\/2796\/revisions"}],"predecessor-version":[{"id":4023,"href":"https:\/\/abc-latina.com\/wp-json\/wp\/v2\/pages\/2796\/revisions\/4023"}],"wp:featuredmedia":[{"embeddable":true,"href":"https:\/\/abc-latina.com\/wp-json\/wp\/v2\/media\/2795"}],"wp:attachment":[{"href":"https:\/\/abc-latina.com\/wp-json\/wp\/v2\/media?parent=2796"}],"curies":[{"name":"wp","href":"https:\/\/api.w.org\/{rel}","templated":true}]}}