{"id":2801,"date":"2011-10-04T03:20:55","date_gmt":"2011-10-04T01:20:55","guid":{"rendered":"http:\/\/abc-latina.com\/index-htm-36\/"},"modified":"2026-04-30T18:25:27","modified_gmt":"2026-04-30T16:25:27","slug":"index","status":"publish","type":"page","link":"https:\/\/abc-latina.com\/index\/","title":{"rendered":"La FORMULE 1 et l&rsquo;AMERIQUE LATINE"},"content":{"rendered":"<p><img loading=\"lazy\" decoding=\"async\" class=\" alignright size-full wp-image-2800\" src=\"http:\/\/abc-latina.com\/wp-content\/uploads\/2011\/10\/formule1.jpg\" title=\"La FORMULE 1 en AMERIQUE LATINE\" alt=\"La FORMULE 1 en AMERIQUE LATINE\" width=\"220\" vspace=\"9\" hspace=\"15\" height=\"220\" align=\"right\" srcset=\"https:\/\/abc-latina.com\/wp-content\/uploads\/2011\/10\/formule1.jpg 220w, https:\/\/abc-latina.com\/wp-content\/uploads\/2011\/10\/formule1-150x150.jpg 150w\" sizes=\"auto, (max-width: 220px) 100vw, 220px\" \/>Les Grands prix en Am\u00e9rique latine<\/p>\n<div>Trois pays latino-am\u00e9ricains ont organis\u00e9s des Grands prix dans le cadre d&rsquo;un championnat du monde de F1.<\/div>\n<div>&nbsp;<\/div>\n<div><strong>ARGENTINE<\/strong><\/div>\n<div>Le Grand prix d&rsquo; <a target=\"_blank\" href=\"https:\/\/www.abc-latina.com\/argentine\/\">Argentine<\/a> fut programm\u00e9 pour la premi\u00e8re fois en 1953. Dans les ann\u00e9es 50, l&rsquo;idole du pays <a href=\"https:\/\/www.abc-latina.com\/sport\/sportifs\/juan_manuel_fangio\">Juan Manuel Fangio<\/a> s&rsquo;y imposa \u00e0 quatre reprises (record de victoires sur ce circuit). Depuis sa cr\u00e9ation, ce circuit fut r\u00e9guli\u00e8rement retenu dans le calendrier de la FIA, mais plus depuis 1998, malgr\u00e9 la volont\u00e9 locale de l&rsquo;organiser de nouveau dans les ann\u00e9es \u00e0 venir.<\/div>\n<div>&nbsp;<\/div>\n<div><strong>BRESIL<\/strong><\/div>\n<div>Le Grand Prix du <a target=\"_blank\" href=\"https:\/\/www.abc-latina.com\/bresil\/\">Br\u00e9sil<\/a> est une \u00e9preuve du championnat du monde de Formule 1. Il se dispute depuis 1972 et compte pour le championnat du monde depuis 1973. Le Grand prix se d\u00e9roule pr\u00e9s de S\u00e3o Paulo, sur le <a href=\"https:\/\/www.abc-latina.com\/sport\/formule_1\/circuit-interlagos\">circuit d&rsquo;Interlagos<\/a>.&nbsp;<\/div>\n<div>&nbsp;<\/div>\n<div><strong>MEXIQUE<\/strong><\/div>\n<div>Le Grand Prix automobile du <a href=\"https:\/\/www.abc-latina.com\/mexique\/\">Mexique<\/a> est une ancienne \u00e9preuve du championnat du monde de Formule 1 qui se d\u00e9roulait sur le circuit de <a href=\"https:\/\/www.abc-latina.com\/sport\/formule_1\/circuit-autodromo-hermanos-rodriguez\">Autodromo Hermanos Rodriguez<\/a> \u00e0 <a target=\"_blank\" href=\"https:\/\/www.abc-latina.com\/mexique\/voyages\/mexico\">Mexico<\/a>. Elle a fait partie du championnat des ann\u00e9es 1963-1970 et 1986-1992.<\/div>\n<div>Le Grand Prix du Mexique devrait faire un retour en Formule 1 pour la saison 2009 avec un nouveau circuit de 70M$, Mantarraya, dessin\u00e9 par Hermann Tilke \u00e0 proximit\u00e9 de <a target=\"_blank\" href=\"https:\/\/www.abc-latina.com\/mexique\/voyages\/cancun\">Cancun<\/a>.<\/div>\n<div>&nbsp;<\/div>\n<div>&nbsp;<\/div>\n<div><strong>Quelques grands noms de coureur de F1 latino-am\u00e9ricains<\/strong><\/div>\n<div><a href=\"https:\/\/www.abc-latina.com\/sport\/sportifs\/juan_manuel_fangio\">Juan Manuel Fangio<\/a><\/div>\n<div><a href=\"https:\/\/www.abc-latina.com\/sport\/sportifs\/ayrton_senna\">Ayrton Senna<\/a><\/div>\n<div><a href=\"https:\/\/www.abc-latina.com\/sport\/sportifs\/nelson_piquet\">Nelson Piquet<\/a><\/div>\n<div><a href=\"https:\/\/www.abc-latina.com\/sport\/sportifs\/emerson_fittipaldi\">Emerson Fittipaldi<\/a><\/div>\n<div><a href=\"https:\/\/www.abc-latina.com\/sport\/sportifs\/rubens_barrichello\">Rubens Barrichello<\/a><\/div>\n<div>&nbsp;<\/div>\n<div><strong>Les circuits F1 latino-am\u00e9ricains&nbsp;<\/strong><\/div>\n<div><a href=\"https:\/\/www.abc-latina.com\/sport\/formule_1\/circuit-interlagos\">Interlagos \u00e0 S\u00e0o Paulo<\/a><\/div>\n<div><a href=\"https:\/\/www.abc-latina.com\/sport\/formule_1\/circuit-jacarepagua\">Jacarepagua \u00e0 Rio de Janeiro<\/a><\/div>\n<div><a href=\"https:\/\/www.abc-latina.com\/sport\/formule_1\/circuit-autodromo-hermanos-rodriguez\">Autodromo Hermanos Rodriguez \u00e0 Mexico<\/a><\/div>\n","protected":false},"excerpt":{"rendered":"<p>Les Grands prix en Am\u00e9rique latine Trois pays latino-am\u00e9ricains ont organis\u00e9s des Grands prix dans le cadre d&rsquo;un championnat du [&hellip;]<\/p>\n","protected":false},"author":3,"featured_media":2800,"parent":0,"menu_order":0,"comment_status":"closed","ping_status":"closed","template":"","meta":{"site-sidebar-layout":"default","site-content-layout":"","ast-site-content-layout":"default","site-content-style":"default","site-sidebar-style":"default","ast-global-header-display":"","ast-banner-title-visibility":"","ast-main-header-display":"","ast-hfb-above-header-display":"","ast-hfb-below-header-display":"","ast-hfb-mobile-header-display":"","site-post-title":"","ast-breadcrumbs-content":"","ast-featured-img":"","footer-sml-layout":"","ast-disable-related-posts":"","theme-transparent-header-meta":"","adv-header-id-meta":"","stick-header-meta":"","header-above-stick-meta":"","header-main-stick-meta":"","header-below-stick-meta":"","astra-migrate-meta-layouts":"default","ast-page-background-enabled":"default","ast-page-background-meta":{"desktop":{"background-color":"var(--ast-global-color-5)","background-image":"","background-repeat":"repeat","background-position":"center center","background-size":"auto","background-attachment":"scroll","background-type":"","background-media":"","overlay-type":"","overlay-color":"","overlay-opacity":"","overlay-gradient":""},"tablet":{"background-color":"","background-image":"","background-repeat":"repeat","background-position":"center center","background-size":"auto","background-attachment":"scroll","background-type":"","background-media":"","overlay-type":"","overlay-color":"","overlay-opacity":"","overlay-gradient":""},"mobile":{"background-color":"","background-image":"","background-repeat":"repeat","background-position":"center center","background-size":"auto","background-attachment":"scroll","background-type":"","background-media":"","overlay-type":"","overlay-color":"","overlay-opacity":"","overlay-gradient":""}},"ast-content-background-meta":{"desktop":{"background-color":"var(--ast-global-color-4)","background-image":"","background-repeat":"repeat","background-position":"center center","background-size":"auto","background-attachment":"scroll","background-type":"","background-media":"","overlay-type":"","overlay-color":"","overlay-opacity":"","overlay-gradient":""},"tablet":{"background-color":"var(--ast-global-color-4)","background-image":"","background-repeat":"repeat","background-position":"center center","background-size":"auto","background-attachment":"scroll","background-type":"","background-media":"","overlay-type":"","overlay-color":"","overlay-opacity":"","overlay-gradient":""},"mobile":{"background-color":"var(--ast-global-color-4)","background-image":"","background-repeat":"repeat","background-position":"center center","background-size":"auto","background-attachment":"scroll","background-type":"","background-media":"","overlay-type":"","overlay-color":"","overlay-opacity":"","overlay-gradient":""}},"footnotes":""},"class_list":["post-2801","page","type-page","status-publish","has-post-thumbnail","hentry"],"yoast_head":"<!-- This site is optimized with the Yoast SEO plugin v27.5 - https:\/\/yoast.com\/product\/yoast-seo-wordpress\/ -->\n<title>La FORMULE 1 et l&#039;AMERIQUE LATINE - Abc-latina<\/title>\n<meta name=\"description\" content=\"Coup de projecteur sur la Formule 1 en Am\u00e9rique du sud et au Mexique.\" \/>\n<meta name=\"robots\" content=\"index, follow, max-snippet:-1, max-image-preview:large, max-video-preview:-1\" \/>\n<link rel=\"canonical\" href=\"https:\/\/abc-latina.com\/index\/\" \/>\n<meta property=\"og:locale\" content=\"fr_FR\" \/>\n<meta property=\"og:type\" content=\"article\" \/>\n<meta property=\"og:title\" content=\"La FORMULE 1 et l&#039;AMERIQUE LATINE - Abc-latina\" \/>\n<meta property=\"og:description\" content=\"Coup de projecteur sur la Formule 1 en Am\u00e9rique du sud et au Mexique.\" \/>\n<meta property=\"og:url\" content=\"https:\/\/abc-latina.com\/index\/\" \/>\n<meta property=\"og:site_name\" content=\"Abc-latina\" \/>\n<meta property=\"article:modified_time\" content=\"2026-04-30T16:25:27+00:00\" \/>\n<meta property=\"og:image\" content=\"https:\/\/abc-latina.com\/wp-content\/uploads\/2011\/10\/formule1.jpg\" \/>\n\t<meta property=\"og:image:width\" content=\"220\" \/>\n\t<meta property=\"og:image:height\" content=\"220\" \/>\n\t<meta property=\"og:image:type\" content=\"image\/jpeg\" \/>\n<meta name=\"twitter:card\" content=\"summary_large_image\" \/>\n<meta name=\"twitter:label1\" content=\"Dur\u00e9e de lecture estim\u00e9e\" \/>\n\t<meta name=\"twitter:data1\" content=\"1 minute\" \/>\n<script type=\"application\/ld+json\" class=\"yoast-schema-graph\">{\"@context\":\"https:\\\/\\\/schema.org\",\"@graph\":[{\"@type\":\"WebPage\",\"@id\":\"https:\\\/\\\/abc-latina.com\\\/index\\\/\",\"url\":\"https:\\\/\\\/abc-latina.com\\\/index\\\/\",\"name\":\"La FORMULE 1 et l'AMERIQUE LATINE - Abc-latina\",\"isPartOf\":{\"@id\":\"https:\\\/\\\/abc-latina.com\\\/#website\"},\"primaryImageOfPage\":{\"@id\":\"https:\\\/\\\/abc-latina.com\\\/index\\\/#primaryimage\"},\"image\":{\"@id\":\"https:\\\/\\\/abc-latina.com\\\/index\\\/#primaryimage\"},\"thumbnailUrl\":\"https:\\\/\\\/abc-latina.com\\\/wp-content\\\/uploads\\\/2011\\\/10\\\/formule1.jpg\",\"datePublished\":\"2011-10-04T01:20:55+00:00\",\"dateModified\":\"2026-04-30T16:25:27+00:00\",\"description\":\"Coup de projecteur sur la Formule 1 en Am\u00e9rique du sud et au Mexique.\",\"breadcrumb\":{\"@id\":\"https:\\\/\\\/abc-latina.com\\\/index\\\/#breadcrumb\"},\"inLanguage\":\"fr-FR\",\"potentialAction\":[{\"@type\":\"ReadAction\",\"target\":[\"https:\\\/\\\/abc-latina.com\\\/index\\\/\"]}]},{\"@type\":\"ImageObject\",\"inLanguage\":\"fr-FR\",\"@id\":\"https:\\\/\\\/abc-latina.com\\\/index\\\/#primaryimage\",\"url\":\"https:\\\/\\\/abc-latina.com\\\/wp-content\\\/uploads\\\/2011\\\/10\\\/formule1.jpg\",\"contentUrl\":\"https:\\\/\\\/abc-latina.com\\\/wp-content\\\/uploads\\\/2011\\\/10\\\/formule1.jpg\",\"width\":220,\"height\":220,\"caption\":\"La FORMULE 1 en AMERIQUE LATINE\"},{\"@type\":\"BreadcrumbList\",\"@id\":\"https:\\\/\\\/abc-latina.com\\\/index\\\/#breadcrumb\",\"itemListElement\":[{\"@type\":\"ListItem\",\"position\":1,\"name\":\"Accueil\",\"item\":\"https:\\\/\\\/abc-latina.com\\\/\"},{\"@type\":\"ListItem\",\"position\":2,\"name\":\"La FORMULE 1 et l&rsquo;AMERIQUE LATINE\"}]},{\"@type\":\"WebSite\",\"@id\":\"https:\\\/\\\/abc-latina.com\\\/#website\",\"url\":\"https:\\\/\\\/abc-latina.com\\\/\",\"name\":\"Abc-latina\",\"description\":\"\",\"publisher\":{\"@id\":\"https:\\\/\\\/abc-latina.com\\\/#organization\"},\"potentialAction\":[{\"@type\":\"SearchAction\",\"target\":{\"@type\":\"EntryPoint\",\"urlTemplate\":\"https:\\\/\\\/abc-latina.com\\\/?s={search_term_string}\"},\"query-input\":{\"@type\":\"PropertyValueSpecification\",\"valueRequired\":true,\"valueName\":\"search_term_string\"}}],\"inLanguage\":\"fr-FR\"},{\"@type\":\"Organization\",\"@id\":\"https:\\\/\\\/abc-latina.com\\\/#organization\",\"name\":\"Abc-latina\",\"url\":\"https:\\\/\\\/abc-latina.com\\\/\",\"logo\":{\"@type\":\"ImageObject\",\"inLanguage\":\"fr-FR\",\"@id\":\"https:\\\/\\\/abc-latina.com\\\/#\\\/schema\\\/logo\\\/image\\\/\",\"url\":\"https:\\\/\\\/abc-latina.com\\\/wp-content\\\/uploads\\\/2026\\\/05\\\/cropped-logo.gif\",\"contentUrl\":\"https:\\\/\\\/abc-latina.com\\\/wp-content\\\/uploads\\\/2026\\\/05\\\/cropped-logo.gif\",\"width\":89,\"height\":84,\"caption\":\"Abc-latina\"},\"image\":{\"@id\":\"https:\\\/\\\/abc-latina.com\\\/#\\\/schema\\\/logo\\\/image\\\/\"}}]}<\/script>\n<!-- \/ Yoast SEO plugin. -->","yoast_head_json":{"title":"La FORMULE 1 et l'AMERIQUE LATINE - Abc-latina","description":"Coup de projecteur sur la Formule 1 en Am\u00e9rique du sud et au Mexique.","robots":{"index":"index","follow":"follow","max-snippet":"max-snippet:-1","max-image-preview":"max-image-preview:large","max-video-preview":"max-video-preview:-1"},"canonical":"https:\/\/abc-latina.com\/index\/","og_locale":"fr_FR","og_type":"article","og_title":"La FORMULE 1 et l'AMERIQUE LATINE - Abc-latina","og_description":"Coup de projecteur sur la Formule 1 en Am\u00e9rique du sud et au Mexique.","og_url":"https:\/\/abc-latina.com\/index\/","og_site_name":"Abc-latina","article_modified_time":"2026-04-30T16:25:27+00:00","og_image":[{"width":220,"height":220,"url":"https:\/\/abc-latina.com\/wp-content\/uploads\/2011\/10\/formule1.jpg","type":"image\/jpeg"}],"twitter_card":"summary_large_image","twitter_misc":{"Dur\u00e9e de lecture estim\u00e9e":"1 minute"},"schema":{"@context":"https:\/\/schema.org","@graph":[{"@type":"WebPage","@id":"https:\/\/abc-latina.com\/index\/","url":"https:\/\/abc-latina.com\/index\/","name":"La FORMULE 1 et l'AMERIQUE LATINE - Abc-latina","isPartOf":{"@id":"https:\/\/abc-latina.com\/#website"},"primaryImageOfPage":{"@id":"https:\/\/abc-latina.com\/index\/#primaryimage"},"image":{"@id":"https:\/\/abc-latina.com\/index\/#primaryimage"},"thumbnailUrl":"https:\/\/abc-latina.com\/wp-content\/uploads\/2011\/10\/formule1.jpg","datePublished":"2011-10-04T01:20:55+00:00","dateModified":"2026-04-30T16:25:27+00:00","description":"Coup de projecteur sur la Formule 1 en Am\u00e9rique du sud et au Mexique.","breadcrumb":{"@id":"https:\/\/abc-latina.com\/index\/#breadcrumb"},"inLanguage":"fr-FR","potentialAction":[{"@type":"ReadAction","target":["https:\/\/abc-latina.com\/index\/"]}]},{"@type":"ImageObject","inLanguage":"fr-FR","@id":"https:\/\/abc-latina.com\/index\/#primaryimage","url":"https:\/\/abc-latina.com\/wp-content\/uploads\/2011\/10\/formule1.jpg","contentUrl":"https:\/\/abc-latina.com\/wp-content\/uploads\/2011\/10\/formule1.jpg","width":220,"height":220,"caption":"La FORMULE 1 en AMERIQUE LATINE"},{"@type":"BreadcrumbList","@id":"https:\/\/abc-latina.com\/index\/#breadcrumb","itemListElement":[{"@type":"ListItem","position":1,"name":"Accueil","item":"https:\/\/abc-latina.com\/"},{"@type":"ListItem","position":2,"name":"La FORMULE 1 et l&rsquo;AMERIQUE LATINE"}]},{"@type":"WebSite","@id":"https:\/\/abc-latina.com\/#website","url":"https:\/\/abc-latina.com\/","name":"Abc-latina","description":"","publisher":{"@id":"https:\/\/abc-latina.com\/#organization"},"potentialAction":[{"@type":"SearchAction","target":{"@type":"EntryPoint","urlTemplate":"https:\/\/abc-latina.com\/?s={search_term_string}"},"query-input":{"@type":"PropertyValueSpecification","valueRequired":true,"valueName":"search_term_string"}}],"inLanguage":"fr-FR"},{"@type":"Organization","@id":"https:\/\/abc-latina.com\/#organization","name":"Abc-latina","url":"https:\/\/abc-latina.com\/","logo":{"@type":"ImageObject","inLanguage":"fr-FR","@id":"https:\/\/abc-latina.com\/#\/schema\/logo\/image\/","url":"https:\/\/abc-latina.com\/wp-content\/uploads\/2026\/05\/cropped-logo.gif","contentUrl":"https:\/\/abc-latina.com\/wp-content\/uploads\/2026\/05\/cropped-logo.gif","width":89,"height":84,"caption":"Abc-latina"},"image":{"@id":"https:\/\/abc-latina.com\/#\/schema\/logo\/image\/"}}]}},"_links":{"self":[{"href":"https:\/\/abc-latina.com\/wp-json\/wp\/v2\/pages\/2801","targetHints":{"allow":["GET"]}}],"collection":[{"href":"https:\/\/abc-latina.com\/wp-json\/wp\/v2\/pages"}],"about":[{"href":"https:\/\/abc-latina.com\/wp-json\/wp\/v2\/types\/page"}],"author":[{"embeddable":true,"href":"https:\/\/abc-latina.com\/wp-json\/wp\/v2\/users\/3"}],"replies":[{"embeddable":true,"href":"https:\/\/abc-latina.com\/wp-json\/wp\/v2\/comments?post=2801"}],"version-history":[{"count":2,"href":"https:\/\/abc-latina.com\/wp-json\/wp\/v2\/pages\/2801\/revisions"}],"predecessor-version":[{"id":3967,"href":"https:\/\/abc-latina.com\/wp-json\/wp\/v2\/pages\/2801\/revisions\/3967"}],"wp:featuredmedia":[{"embeddable":true,"href":"https:\/\/abc-latina.com\/wp-json\/wp\/v2\/media\/2800"}],"wp:attachment":[{"href":"https:\/\/abc-latina.com\/wp-json\/wp\/v2\/media?parent=2801"}],"curies":[{"name":"wp","href":"https:\/\/api.w.org\/{rel}","templated":true}]}}