{"id":2803,"date":"2011-10-04T03:23:25","date_gmt":"2011-10-04T01:23:25","guid":{"rendered":"http:\/\/abc-latina.com\/index-php-32\/"},"modified":"2026-04-30T18:25:26","modified_gmt":"2026-04-30T16:25:26","slug":"index","status":"publish","type":"page","link":"https:\/\/abc-latina.com\/index\/","title":{"rendered":"Le CYCLISME en AMERIQUE LATINE"},"content":{"rendered":"<p>&nbsp;<img loading=\"lazy\" decoding=\"async\" class=\" alignright size-full wp-image-2802\" src=\"http:\/\/abc-latina.com\/wp-content\/uploads\/2011\/10\/cyclisme.jpg\" title=\"CYCLISME en AMERIQUE LATINE\" alt=\"Le CYCLISME en AMERIQUE LATINE\" width=\"220\" vspace=\"9\" hspace=\"15\" height=\"220\" align=\"right\" srcset=\"https:\/\/abc-latina.com\/wp-content\/uploads\/2011\/10\/cyclisme.jpg 220w, https:\/\/abc-latina.com\/wp-content\/uploads\/2011\/10\/cyclisme-150x150.jpg 150w\" sizes=\"auto, (max-width: 220px) 100vw, 220px\" \/>Quelques courses cyclistes organis\u00e9es en Am\u00e9rique latine<\/p>\n<div>&#8211; Tour d&rsquo;Argentine<\/div>\n<div>&#8211; Tour de Colombie<\/div>\n<div>&#8211; Tour du Costa rica<\/div>\n<div>&#8211; Tour de Cuba<\/div>\n<div>&#8211; Tour du Guatemala<\/div>\n<div>&#8211; Copa America de ciclismo&nbsp;<\/div>\n<div>&nbsp;<\/div>\n<div>&nbsp;<\/div>\n<div>Quelques grands noms du cyclisme latino-am\u00e9ricains<\/div>\n<div>&#8211; <a href=\"https:\/\/www.abc-latina.com\/sport\/sportifs\/fabio_parra\">Fabio Parra<\/a><\/div>\n<p>&nbsp;<\/p>\n<h3>La colombie et le cyclisme<\/h3>\n<div>&nbsp;<\/div>\n<div>La Colombie est la nation qui c&rsquo;est la plus illustr\u00e9e dans le domaine du cyclisme international. La g\u00e9ographie pour le moins escarp\u00e9e du relief colombien aura donn\u00e9 un terrain d&rsquo;entrainement propice \u00e0 accumuler les places d&rsquo;honneurs dans les \u00e9tapes de montagnes des trois grands tours europ\u00e9ens (France, Italie et Espagne).<\/div>\n<div>&nbsp;<\/div>\n<h3>Tour de France&nbsp;<\/h3>\n<div>Les grimpeurs colombiens se sont souvent illustr\u00e9s en montagne, principalement Lucho Herrera (surnomm\u00e9 &quot;le petit jardinier&quot;) qui a remport\u00e9 pour la premi\u00e8re fois une \u00e9tape en 1984 \u00e0 L&rsquo;Alpe-d&rsquo;Huez.<\/div>\n<div>Au classement g\u00e9n\u00e9ral, les meilleurs r\u00e9sultats ont \u00e9t\u00e9 obtenus jusqu&rsquo;\u00e0 pr\u00e9sent par Fabio Parra, troisi\u00e8me de l&rsquo;\u00e9dition 1988, \u00e0 9 min 58 sec de l&rsquo;Espagnol Pedro Delgado. Et depuis peu par Nairo Quintana, second du Tour 2013.<\/div>\n<div>&nbsp;<\/div>\n<div>D\u00e9tail des 14 victoires d&rsquo;\u00e9tape colombiennes dans le Tour de France :<\/div>\n<div>1984: Lucho Herrera (L&rsquo;Alpe-d&rsquo;Huez)<\/div>\n<div>1985: Lucho Herrera (Avoriaz et Saint-Etienne)<\/div>\n<div>Fabio Parra (Lans-en-Vercors)<\/div>\n<div>1988: Fabio Parra (Morzine)<\/div>\n<div>1993: Oliverio Rincon (Andorre)<\/div>\n<div>1994: &quot;Cacaito&quot; Rodriguez (Val-Thorens)<\/div>\n<div>1996: &quot;Chepe&quot; Gonzalez (Valence)<\/div>\n<div>2000: Santiago Botero (Brian\u00e7on)<\/div>\n<div>2001: F\u00e9lix Cardenas (Ax-les-Thermes)<\/div>\n<div>2002: Santiago Botero (Lorient contre-la-montre et Les Deux-Alpes)<\/div>\n<div>2007: Maurizio Soler (Brian\u00e7on)<\/div>\n<div>2013: Nairo Quintana (Annecy-Semnoz)<\/div>\n<div>&nbsp;<\/div>\n<h3>Tour d&rsquo;Italie&nbsp;<\/h3>\n<div>La victoire finale dans un Giro a jusqu&rsquo;\u00e0 pr\u00e9sent \u00e9chapp\u00e9 \u00e0 un coureur colombien, bien que Rigoberto Uran ait pris, en mai 2013, la deuxi\u00e8me place de cette \u00e9dition.&nbsp;<\/div>\n<div>&nbsp;<\/div>\n<h3>Tour d&rsquo;Espagne&nbsp;<\/h3>\n<div>En revanche, la Vuelta a d\u00e9j\u00e0 \u00e9t\u00e9 gagn\u00e9 par un repr\u00e9sentant du cyclisme le plus performant d&rsquo;Am\u00e9rique du Sud (Lucho Herrera en 1987).<\/div>\n<div>&nbsp;<\/div>\n","protected":false},"excerpt":{"rendered":"<p>&nbsp;Quelques courses cyclistes organis\u00e9es en Am\u00e9rique latine &#8211; Tour d&rsquo;Argentine &#8211; Tour de Colombie &#8211; Tour du Costa rica &#8211; [&hellip;]<\/p>\n","protected":false},"author":3,"featured_media":2802,"parent":0,"menu_order":0,"comment_status":"closed","ping_status":"closed","template":"","meta":{"site-sidebar-layout":"default","site-content-layout":"","ast-site-content-layout":"default","site-content-style":"default","site-sidebar-style":"default","ast-global-header-display":"","ast-banner-title-visibility":"","ast-main-header-display":"","ast-hfb-above-header-display":"","ast-hfb-below-header-display":"","ast-hfb-mobile-header-display":"","site-post-title":"","ast-breadcrumbs-content":"","ast-featured-img":"","footer-sml-layout":"","ast-disable-related-posts":"","theme-transparent-header-meta":"","adv-header-id-meta":"","stick-header-meta":"","header-above-stick-meta":"","header-main-stick-meta":"","header-below-stick-meta":"","astra-migrate-meta-layouts":"default","ast-page-background-enabled":"default","ast-page-background-meta":{"desktop":{"background-color":"var(--ast-global-color-5)","background-image":"","background-repeat":"repeat","background-position":"center center","background-size":"auto","background-attachment":"scroll","background-type":"","background-media":"","overlay-type":"","overlay-color":"","overlay-opacity":"","overlay-gradient":""},"tablet":{"background-color":"","background-image":"","background-repeat":"repeat","background-position":"center center","background-size":"auto","background-attachment":"scroll","background-type":"","background-media":"","overlay-type":"","overlay-color":"","overlay-opacity":"","overlay-gradient":""},"mobile":{"background-color":"","background-image":"","background-repeat":"repeat","background-position":"center center","background-size":"auto","background-attachment":"scroll","background-type":"","background-media":"","overlay-type":"","overlay-color":"","overlay-opacity":"","overlay-gradient":""}},"ast-content-background-meta":{"desktop":{"background-color":"var(--ast-global-color-4)","background-image":"","background-repeat":"repeat","background-position":"center center","background-size":"auto","background-attachment":"scroll","background-type":"","background-media":"","overlay-type":"","overlay-color":"","overlay-opacity":"","overlay-gradient":""},"tablet":{"background-color":"var(--ast-global-color-4)","background-image":"","background-repeat":"repeat","background-position":"center center","background-size":"auto","background-attachment":"scroll","background-type":"","background-media":"","overlay-type":"","overlay-color":"","overlay-opacity":"","overlay-gradient":""},"mobile":{"background-color":"var(--ast-global-color-4)","background-image":"","background-repeat":"repeat","background-position":"center center","background-size":"auto","background-attachment":"scroll","background-type":"","background-media":"","overlay-type":"","overlay-color":"","overlay-opacity":"","overlay-gradient":""}},"footnotes":""},"class_list":["post-2803","page","type-page","status-publish","has-post-thumbnail","hentry"],"yoast_head":"<!-- This site is optimized with the Yoast SEO plugin v27.5 - https:\/\/yoast.com\/product\/yoast-seo-wordpress\/ -->\n<title>Le CYCLISME en AMERIQUE LATINE - Abc-latina<\/title>\n<meta name=\"description\" content=\"Le cyclisme en Am\u00e9rique latine.\" \/>\n<meta name=\"robots\" content=\"index, follow, max-snippet:-1, max-image-preview:large, max-video-preview:-1\" \/>\n<link rel=\"canonical\" href=\"https:\/\/abc-latina.com\/index\/\" \/>\n<meta property=\"og:locale\" content=\"fr_FR\" \/>\n<meta property=\"og:type\" content=\"article\" \/>\n<meta property=\"og:title\" content=\"Le CYCLISME en AMERIQUE LATINE - Abc-latina\" \/>\n<meta property=\"og:description\" content=\"Le cyclisme en Am\u00e9rique latine.\" \/>\n<meta property=\"og:url\" content=\"https:\/\/abc-latina.com\/index\/\" \/>\n<meta property=\"og:site_name\" content=\"Abc-latina\" \/>\n<meta property=\"article:modified_time\" content=\"2026-04-30T16:25:26+00:00\" \/>\n<meta property=\"og:image\" content=\"https:\/\/abc-latina.com\/wp-content\/uploads\/2011\/10\/cyclisme.jpg\" \/>\n\t<meta property=\"og:image:width\" content=\"220\" \/>\n\t<meta property=\"og:image:height\" content=\"220\" \/>\n\t<meta property=\"og:image:type\" content=\"image\/jpeg\" \/>\n<meta name=\"twitter:card\" content=\"summary_large_image\" \/>\n<meta name=\"twitter:label1\" content=\"Dur\u00e9e de lecture estim\u00e9e\" \/>\n\t<meta name=\"twitter:data1\" content=\"2 minutes\" \/>\n<script type=\"application\/ld+json\" class=\"yoast-schema-graph\">{\"@context\":\"https:\\\/\\\/schema.org\",\"@graph\":[{\"@type\":\"WebPage\",\"@id\":\"https:\\\/\\\/abc-latina.com\\\/index\\\/\",\"url\":\"https:\\\/\\\/abc-latina.com\\\/index\\\/\",\"name\":\"Le CYCLISME en AMERIQUE LATINE - Abc-latina\",\"isPartOf\":{\"@id\":\"https:\\\/\\\/abc-latina.com\\\/#website\"},\"primaryImageOfPage\":{\"@id\":\"https:\\\/\\\/abc-latina.com\\\/index\\\/#primaryimage\"},\"image\":{\"@id\":\"https:\\\/\\\/abc-latina.com\\\/index\\\/#primaryimage\"},\"thumbnailUrl\":\"https:\\\/\\\/abc-latina.com\\\/wp-content\\\/uploads\\\/2011\\\/10\\\/cyclisme.jpg\",\"datePublished\":\"2011-10-04T01:23:25+00:00\",\"dateModified\":\"2026-04-30T16:25:26+00:00\",\"description\":\"Le cyclisme en Am\u00e9rique latine.\",\"breadcrumb\":{\"@id\":\"https:\\\/\\\/abc-latina.com\\\/index\\\/#breadcrumb\"},\"inLanguage\":\"fr-FR\",\"potentialAction\":[{\"@type\":\"ReadAction\",\"target\":[\"https:\\\/\\\/abc-latina.com\\\/index\\\/\"]}]},{\"@type\":\"ImageObject\",\"inLanguage\":\"fr-FR\",\"@id\":\"https:\\\/\\\/abc-latina.com\\\/index\\\/#primaryimage\",\"url\":\"https:\\\/\\\/abc-latina.com\\\/wp-content\\\/uploads\\\/2011\\\/10\\\/cyclisme.jpg\",\"contentUrl\":\"https:\\\/\\\/abc-latina.com\\\/wp-content\\\/uploads\\\/2011\\\/10\\\/cyclisme.jpg\",\"width\":220,\"height\":220,\"caption\":\"CYCLISME en AMERIQUE LATINE\"},{\"@type\":\"BreadcrumbList\",\"@id\":\"https:\\\/\\\/abc-latina.com\\\/index\\\/#breadcrumb\",\"itemListElement\":[{\"@type\":\"ListItem\",\"position\":1,\"name\":\"Accueil\",\"item\":\"https:\\\/\\\/abc-latina.com\\\/\"},{\"@type\":\"ListItem\",\"position\":2,\"name\":\"Le CYCLISME en AMERIQUE LATINE\"}]},{\"@type\":\"WebSite\",\"@id\":\"https:\\\/\\\/abc-latina.com\\\/#website\",\"url\":\"https:\\\/\\\/abc-latina.com\\\/\",\"name\":\"Abc-latina\",\"description\":\"\",\"publisher\":{\"@id\":\"https:\\\/\\\/abc-latina.com\\\/#organization\"},\"potentialAction\":[{\"@type\":\"SearchAction\",\"target\":{\"@type\":\"EntryPoint\",\"urlTemplate\":\"https:\\\/\\\/abc-latina.com\\\/?s={search_term_string}\"},\"query-input\":{\"@type\":\"PropertyValueSpecification\",\"valueRequired\":true,\"valueName\":\"search_term_string\"}}],\"inLanguage\":\"fr-FR\"},{\"@type\":\"Organization\",\"@id\":\"https:\\\/\\\/abc-latina.com\\\/#organization\",\"name\":\"Abc-latina\",\"url\":\"https:\\\/\\\/abc-latina.com\\\/\",\"logo\":{\"@type\":\"ImageObject\",\"inLanguage\":\"fr-FR\",\"@id\":\"https:\\\/\\\/abc-latina.com\\\/#\\\/schema\\\/logo\\\/image\\\/\",\"url\":\"https:\\\/\\\/abc-latina.com\\\/wp-content\\\/uploads\\\/2026\\\/05\\\/cropped-logo.gif\",\"contentUrl\":\"https:\\\/\\\/abc-latina.com\\\/wp-content\\\/uploads\\\/2026\\\/05\\\/cropped-logo.gif\",\"width\":89,\"height\":84,\"caption\":\"Abc-latina\"},\"image\":{\"@id\":\"https:\\\/\\\/abc-latina.com\\\/#\\\/schema\\\/logo\\\/image\\\/\"}}]}<\/script>\n<!-- \/ Yoast SEO plugin. -->","yoast_head_json":{"title":"Le CYCLISME en AMERIQUE LATINE - Abc-latina","description":"Le cyclisme en Am\u00e9rique latine.","robots":{"index":"index","follow":"follow","max-snippet":"max-snippet:-1","max-image-preview":"max-image-preview:large","max-video-preview":"max-video-preview:-1"},"canonical":"https:\/\/abc-latina.com\/index\/","og_locale":"fr_FR","og_type":"article","og_title":"Le CYCLISME en AMERIQUE LATINE - Abc-latina","og_description":"Le cyclisme en Am\u00e9rique latine.","og_url":"https:\/\/abc-latina.com\/index\/","og_site_name":"Abc-latina","article_modified_time":"2026-04-30T16:25:26+00:00","og_image":[{"width":220,"height":220,"url":"https:\/\/abc-latina.com\/wp-content\/uploads\/2011\/10\/cyclisme.jpg","type":"image\/jpeg"}],"twitter_card":"summary_large_image","twitter_misc":{"Dur\u00e9e de lecture estim\u00e9e":"2 minutes"},"schema":{"@context":"https:\/\/schema.org","@graph":[{"@type":"WebPage","@id":"https:\/\/abc-latina.com\/index\/","url":"https:\/\/abc-latina.com\/index\/","name":"Le CYCLISME en AMERIQUE LATINE - Abc-latina","isPartOf":{"@id":"https:\/\/abc-latina.com\/#website"},"primaryImageOfPage":{"@id":"https:\/\/abc-latina.com\/index\/#primaryimage"},"image":{"@id":"https:\/\/abc-latina.com\/index\/#primaryimage"},"thumbnailUrl":"https:\/\/abc-latina.com\/wp-content\/uploads\/2011\/10\/cyclisme.jpg","datePublished":"2011-10-04T01:23:25+00:00","dateModified":"2026-04-30T16:25:26+00:00","description":"Le cyclisme en Am\u00e9rique latine.","breadcrumb":{"@id":"https:\/\/abc-latina.com\/index\/#breadcrumb"},"inLanguage":"fr-FR","potentialAction":[{"@type":"ReadAction","target":["https:\/\/abc-latina.com\/index\/"]}]},{"@type":"ImageObject","inLanguage":"fr-FR","@id":"https:\/\/abc-latina.com\/index\/#primaryimage","url":"https:\/\/abc-latina.com\/wp-content\/uploads\/2011\/10\/cyclisme.jpg","contentUrl":"https:\/\/abc-latina.com\/wp-content\/uploads\/2011\/10\/cyclisme.jpg","width":220,"height":220,"caption":"CYCLISME en AMERIQUE LATINE"},{"@type":"BreadcrumbList","@id":"https:\/\/abc-latina.com\/index\/#breadcrumb","itemListElement":[{"@type":"ListItem","position":1,"name":"Accueil","item":"https:\/\/abc-latina.com\/"},{"@type":"ListItem","position":2,"name":"Le CYCLISME en AMERIQUE LATINE"}]},{"@type":"WebSite","@id":"https:\/\/abc-latina.com\/#website","url":"https:\/\/abc-latina.com\/","name":"Abc-latina","description":"","publisher":{"@id":"https:\/\/abc-latina.com\/#organization"},"potentialAction":[{"@type":"SearchAction","target":{"@type":"EntryPoint","urlTemplate":"https:\/\/abc-latina.com\/?s={search_term_string}"},"query-input":{"@type":"PropertyValueSpecification","valueRequired":true,"valueName":"search_term_string"}}],"inLanguage":"fr-FR"},{"@type":"Organization","@id":"https:\/\/abc-latina.com\/#organization","name":"Abc-latina","url":"https:\/\/abc-latina.com\/","logo":{"@type":"ImageObject","inLanguage":"fr-FR","@id":"https:\/\/abc-latina.com\/#\/schema\/logo\/image\/","url":"https:\/\/abc-latina.com\/wp-content\/uploads\/2026\/05\/cropped-logo.gif","contentUrl":"https:\/\/abc-latina.com\/wp-content\/uploads\/2026\/05\/cropped-logo.gif","width":89,"height":84,"caption":"Abc-latina"},"image":{"@id":"https:\/\/abc-latina.com\/#\/schema\/logo\/image\/"}}]}},"_links":{"self":[{"href":"https:\/\/abc-latina.com\/wp-json\/wp\/v2\/pages\/2803","targetHints":{"allow":["GET"]}}],"collection":[{"href":"https:\/\/abc-latina.com\/wp-json\/wp\/v2\/pages"}],"about":[{"href":"https:\/\/abc-latina.com\/wp-json\/wp\/v2\/types\/page"}],"author":[{"embeddable":true,"href":"https:\/\/abc-latina.com\/wp-json\/wp\/v2\/users\/3"}],"replies":[{"embeddable":true,"href":"https:\/\/abc-latina.com\/wp-json\/wp\/v2\/comments?post=2803"}],"version-history":[{"count":2,"href":"https:\/\/abc-latina.com\/wp-json\/wp\/v2\/pages\/2803\/revisions"}],"predecessor-version":[{"id":3935,"href":"https:\/\/abc-latina.com\/wp-json\/wp\/v2\/pages\/2803\/revisions\/3935"}],"wp:featuredmedia":[{"embeddable":true,"href":"https:\/\/abc-latina.com\/wp-json\/wp\/v2\/media\/2802"}],"wp:attachment":[{"href":"https:\/\/abc-latina.com\/wp-json\/wp\/v2\/media?parent=2803"}],"curies":[{"name":"wp","href":"https:\/\/api.w.org\/{rel}","templated":true}]}}