{"id":2805,"date":"2011-10-04T03:26:10","date_gmt":"2011-10-04T01:26:10","guid":{"rendered":"http:\/\/abc-latina.com\/index-php-33\/"},"modified":"2026-04-30T18:25:26","modified_gmt":"2026-04-30T16:25:26","slug":"index","status":"publish","type":"page","link":"https:\/\/abc-latina.com\/index\/","title":{"rendered":"Le BASKET BALL en AMERIQUE LATINE"},"content":{"rendered":"<p><font size=\"2\" face=\"Arial, Helvetica, sans-serif\"><img loading=\"lazy\" decoding=\"async\" class=\" alignright size-full wp-image-2804\" src=\"http:\/\/abc-latina.com\/wp-content\/uploads\/2011\/10\/basket.jpg\" title=\"Le BASKET en AMERIQUE LATINE\" alt=\"Le BASKET en AMERIQUE LATINE\" width=\"220\" vspace=\"9\" hspace=\"15\" height=\"220\" align=\"right\" srcset=\"https:\/\/abc-latina.com\/wp-content\/uploads\/2011\/10\/basket.jpg 220w, https:\/\/abc-latina.com\/wp-content\/uploads\/2011\/10\/basket-150x150.jpg 150w\" sizes=\"auto, (max-width: 220px) 100vw, 220px\" \/>L&rsquo;Argentine, le Br\u00e9sil et le Chili sont les trois seules nations latino-am\u00e9ricaines \u00e0 avoir obtenues quelques r\u00e9sultats au niveau mondial.<\/font><font size=\"2\" face=\"Arial, Helvetica, sans-serif\" color=\"#ff8000\"><strong><br \/><\/strong><\/font><\/p>\n<p><strong><font size=\"2\" face=\"Arial, Helvetica, sans-serif\" color=\"#000000\"><a href=\"https:\/\/www.abc-latina.com\/sport\/basket\/argentine.php\">Argentine<\/a><\/font><\/strong><\/p>\n<p><strong>La f\u00e9d\u00e9ration de Basket pour l&rsquo;Am\u00e9rique du sud:<\/strong><br \/><a href=\"http:\/\/abasudamerica.com\/\" target=\"_blank\">ABASU<\/a> (Asociacion del basquetbol sudamericano)<\/p>\n<p>&nbsp;<\/p>\n<p>&nbsp;<\/p>\n<p>&nbsp;<\/p>\n<p>&nbsp;<\/p>\n<p><strong style=\"color: rgb(255, 128, 0); font-family: Arial, Helvetica, sans-serif; font-size: small; \">BILAN  par NATION<\/strong><\/p>\n<p><font size=\"2\" face=\"Arial, Helvetica, sans-serif\" color=\"#ff8000\"><strong>&nbsp;Tableaux<\/strong><\/font><\/p>\n<table width=\"90\" cellspacing=\"1\" border=\"0\" bgcolor=\"#666666\">\n<tbody>\n<tr>\n<td valign=\"top\" bgcolor=\"#ffffff\">\n<div align=\"center\">\n<table width=\"420\" cellspacing=\"0\" border=\"0\">\n<tbody>\n<tr bgcolor=\"#ffffff\">\n<td width=\"5%\"><b><font size=\"2\" face=\"Arial, Helvetica, sans-serif\" color=\"#ff8000\">Rg<\/font><\/b><\/td>\n<td width=\"4%\">&nbsp;<\/td>\n<td width=\"44%\"><b><font size=\"2\" face=\"Arial, Helvetica, sans-serif\" color=\"#ff8000\">Pays<\/font><\/b><\/td>\n<td width=\"12%\"><b><font size=\"2\" face=\"Arial, Helvetica, sans-serif\" color=\"#ff8000\">Or<\/font><\/b><\/td>\n<td width=\"11%\"><b><font size=\"2\" face=\"Arial, Helvetica, sans-serif\" color=\"#ff8000\">Argent<\/font><\/b><\/td>\n<td width=\"12%\"><b><font size=\"2\" face=\"Arial, Helvetica, sans-serif\" color=\"#ff8000\">Bronze<\/font><\/b><\/td>\n<td width=\"12%\"><b><font size=\"2\" face=\"Arial, Helvetica, sans-serif\" color=\"#ff8000\">Total <\/font><\/b><\/td>\n<\/tr>\n<tr bgcolor=\"#f2f2f2\">\n<td width=\"5%\"><font size=\"2\" face=\"Arial, Helvetica, sans-serif\" color=\"#000000\">1<\/font><\/td>\n<td width=\"4%\">&nbsp;<\/td>\n<td width=\"44%\"><font size=\"2\" face=\"Arial, Helvetica, sans-serif\">Yougoslavie &#8211;  Serbie<\/font><\/td>\n<td width=\"12%\"><font size=\"2\" face=\"Arial, Helvetica, sans-serif\">5<\/font><\/td>\n<td width=\"11%\"><font size=\"2\" face=\"Arial, Helvetica, sans-serif\">3<\/font><\/td>\n<td width=\"12%\"><font size=\"2\" face=\"Arial, Helvetica, sans-serif\">2<\/font><\/td>\n<td width=\"12%\"><font size=\"2\" face=\"Arial, Helvetica, sans-serif\">10<\/font><\/td>\n<\/tr>\n<tr>\n<td width=\"5%\"><font size=\"2\" face=\"Arial, Helvetica, sans-serif\" color=\"#000000\">2<\/font><\/td>\n<td width=\"4%\">&nbsp;<\/td>\n<td width=\"44%\"><font size=\"2\" face=\"Arial, Helvetica, sans-serif\">\u00c9tats-Unis  <\/font><\/td>\n<td width=\"12%\"><font size=\"2\" face=\"Arial, Helvetica, sans-serif\">3<\/font><\/td>\n<td width=\"11%\"><font size=\"2\" face=\"Arial, Helvetica, sans-serif\">3<\/font><\/td>\n<td width=\"12%\"><font size=\"2\" face=\"Arial, Helvetica, sans-serif\">4<\/font><\/td>\n<td width=\"12%\"><font size=\"2\" face=\"Arial, Helvetica, sans-serif\">10<\/font><\/td>\n<\/tr>\n<tr bgcolor=\"#f2f2f2\">\n<td width=\"5%\"><font size=\"2\" face=\"Arial, Helvetica, sans-serif\" color=\"#000000\">3<\/font><\/td>\n<td width=\"4%\">&nbsp;<\/td>\n<td width=\"44%\"><font size=\"2\" face=\"Arial, Helvetica, sans-serif\">URSS<\/font><\/td>\n<td width=\"12%\"><font size=\"2\" face=\"Arial, Helvetica, sans-serif\">3<\/font><\/td>\n<td width=\"11%\"><font size=\"2\" face=\"Arial, Helvetica, sans-serif\">3<\/font><\/td>\n<td width=\"12%\"><font size=\"2\" face=\"Arial, Helvetica, sans-serif\">2<\/font><\/td>\n<td width=\"12%\"><font size=\"2\" face=\"Arial, Helvetica, sans-serif\">8<\/font><\/td>\n<\/tr>\n<tr bgcolor=\"#ffffff\">\n<td width=\"5%\"><b><font size=\"2\" face=\"Arial, Helvetica, sans-serif\" color=\"#ff8000\">4<\/font><\/b><\/td>\n<td width=\"4%\">&nbsp;<\/td>\n<td width=\"44%\"><b><font size=\"2\" face=\"Arial, Helvetica, sans-serif\" color=\"#ff8000\">Br\u00e9sil <\/font><\/b><\/td>\n<td width=\"12%\"><b><font size=\"2\" face=\"Arial, Helvetica, sans-serif\" color=\"#ff8000\">2<\/font><\/b><\/td>\n<td width=\"11%\"><b><font size=\"2\" face=\"Arial, Helvetica, sans-serif\" color=\"#ff8000\">2<\/font><\/b><\/td>\n<td width=\"12%\"><b><font size=\"2\" face=\"Arial, Helvetica, sans-serif\" color=\"#ff8000\">2<\/font><\/b><\/td>\n<td width=\"12%\"><b><font size=\"2\" face=\"Arial, Helvetica, sans-serif\" color=\"#ff8000\">6<\/font><\/b><\/td>\n<\/tr>\n<tr bgcolor=\"#f2f2f2\">\n<td width=\"5%\"><b><font size=\"2\" face=\"Arial, Helvetica, sans-serif\" color=\"#ff8000\">5<\/font><\/b><\/td>\n<td width=\"4%\">&nbsp;<\/td>\n<td width=\"44%\"><b><font size=\"2\" face=\"Arial, Helvetica, sans-serif\" color=\"#ff8000\">Argentine <\/font><\/b><\/td>\n<td width=\"12%\"><b><font size=\"2\" face=\"Arial, Helvetica, sans-serif\" color=\"#ff8000\">1<\/font><\/b><\/td>\n<td width=\"11%\"><b><font size=\"2\" face=\"Arial, Helvetica, sans-serif\" color=\"#ff8000\">1<\/font><\/b><\/td>\n<td width=\"12%\"><b><font size=\"2\" face=\"Arial, Helvetica, sans-serif\" color=\"#ff8000\">0<\/font><\/b><\/td>\n<td width=\"12%\"><b><font size=\"2\" face=\"Arial, Helvetica, sans-serif\" color=\"#ff8000\">2<\/font><\/b><\/td>\n<\/tr>\n<tr bgcolor=\"#ffffff\">\n<td width=\"5%\"><font size=\"2\" face=\"Arial, Helvetica, sans-serif\" color=\"#000000\">6<\/font><\/td>\n<td width=\"4%\">&nbsp;<\/td>\n<td width=\"44%\"><font size=\"2\" face=\"Arial, Helvetica, sans-serif\">Espagne  <\/font><\/td>\n<td width=\"12%\"><font size=\"2\" face=\"Arial, Helvetica, sans-serif\">1<\/font><\/td>\n<td width=\"11%\"><font size=\"2\" face=\"Arial, Helvetica, sans-serif\">0<\/font><\/td>\n<td width=\"12%\"><font size=\"2\" face=\"Arial, Helvetica, sans-serif\">0<\/font><\/td>\n<td width=\"12%\"><font size=\"2\" face=\"Arial, Helvetica, sans-serif\">1<\/font><\/td>\n<\/tr>\n<tr bgcolor=\"#f2f2f2\">\n<td width=\"5%\"><font size=\"2\" face=\"Arial, Helvetica, sans-serif\">7<\/font><\/td>\n<td width=\"4%\">&nbsp;<\/td>\n<td width=\"44%\"><font size=\"2\" face=\"Arial, Helvetica, sans-serif\">Russie  <\/font><\/td>\n<td width=\"12%\"><font size=\"2\" face=\"Arial, Helvetica, sans-serif\">0<\/font><\/td>\n<td width=\"11%\"><font size=\"2\" face=\"Arial, Helvetica, sans-serif\">2<\/font><\/td>\n<td width=\"12%\"><font size=\"2\" face=\"Arial, Helvetica, sans-serif\">0<\/font><\/td>\n<td width=\"12%\"><font size=\"2\" face=\"Arial, Helvetica, sans-serif\">2<\/font><\/td>\n<\/tr>\n<tr bgcolor=\"#ffffff\">\n<td width=\"5%\"><b><font size=\"2\" face=\"Arial, Helvetica, sans-serif\" color=\"#ff8000\">8<\/font><\/b><\/td>\n<td width=\"4%\">&nbsp;<\/td>\n<td width=\"44%\"><b><font size=\"2\" face=\"Arial, Helvetica, sans-serif\" color=\"#ff8000\">Chili <\/font><\/b><\/td>\n<td width=\"12%\"><b><font size=\"2\" face=\"Arial, Helvetica, sans-serif\" color=\"#ff8000\">0<\/font><\/b><\/td>\n<td width=\"11%\"><b><font size=\"2\" face=\"Arial, Helvetica, sans-serif\" color=\"#ff8000\">0<\/font><\/b><\/td>\n<td width=\"12%\"><b><font size=\"2\" face=\"Arial, Helvetica, sans-serif\" color=\"#ff8000\">2<\/font><\/b><\/td>\n<td width=\"12%\"><b><font size=\"2\" face=\"Arial, Helvetica, sans-serif\" color=\"#ff8000\">2<\/font><\/b><\/td>\n<\/tr>\n<tr bgcolor=\"#f2f2f2\">\n<td width=\"5%\"><font size=\"2\" face=\"Arial, Helvetica, sans-serif\">9<\/font><\/td>\n<td width=\"4%\">&nbsp;<\/td>\n<td width=\"44%\"><font size=\"2\" face=\"Arial, Helvetica, sans-serif\">Gr\u00e8ce  <\/font><\/td>\n<td width=\"12%\"><font size=\"2\" face=\"Arial, Helvetica, sans-serif\">0<\/font><\/td>\n<td width=\"11%\"><font size=\"2\" face=\"Arial, Helvetica, sans-serif\">1<\/font><\/td>\n<td width=\"12%\"><font size=\"2\" face=\"Arial, Helvetica, sans-serif\">0<\/font><\/td>\n<td width=\"12%\"><font size=\"2\" face=\"Arial, Helvetica, sans-serif\">1<\/font><\/td>\n<\/tr>\n<tr bgcolor=\"#ffffff\">\n<td width=\"5%\"><font size=\"2\" face=\"Arial, Helvetica, sans-serif\">10<\/font><\/td>\n<td width=\"4%\">&nbsp;<\/td>\n<td width=\"44%\"><font size=\"2\" face=\"Arial, Helvetica, sans-serif\">Allemagne  <\/font><\/td>\n<td width=\"12%\"><font size=\"2\" face=\"Arial, Helvetica, sans-serif\">0<\/font><\/td>\n<td width=\"11%\"><font size=\"2\" face=\"Arial, Helvetica, sans-serif\">0<\/font><\/td>\n<td width=\"12%\"><font size=\"2\" face=\"Arial, Helvetica, sans-serif\">1<\/font><\/td>\n<td width=\"12%\"><font size=\"2\" face=\"Arial, Helvetica, sans-serif\">1<\/font><\/td>\n<\/tr>\n<tr bgcolor=\"#f2f2f2\">\n<td width=\"5%\"><font size=\"2\" face=\"Arial, Helvetica, sans-serif\">11<\/font><\/td>\n<td width=\"4%\">&nbsp;<\/td>\n<td width=\"44%\"><font size=\"2\" face=\"Arial, Helvetica, sans-serif\">Croatie  <\/font><\/td>\n<td width=\"12%\"><font size=\"2\" face=\"Arial, Helvetica, sans-serif\">0<\/font><\/td>\n<td width=\"11%\"><font size=\"2\" face=\"Arial, Helvetica, sans-serif\">0<\/font><\/td>\n<td width=\"12%\"><font size=\"2\" face=\"Arial, Helvetica, sans-serif\">1<\/font><\/td>\n<td width=\"12%\"><font size=\"2\" face=\"Arial, Helvetica, sans-serif\">1<\/font><\/td>\n<\/tr>\n<tr bgcolor=\"#ffffff\">\n<td width=\"5%\"><font size=\"2\" face=\"Arial, Helvetica, sans-serif\">12<\/font><\/td>\n<td width=\"4%\">&nbsp;<\/td>\n<td width=\"44%\"><font size=\"2\" face=\"Arial, Helvetica, sans-serif\">Philippines  <\/font><\/td>\n<td width=\"12%\"><font size=\"2\" face=\"Arial, Helvetica, sans-serif\">0<\/font><\/td>\n<td width=\"11%\"><font size=\"2\" face=\"Arial, Helvetica, sans-serif\">0<\/font><\/td>\n<td width=\"12%\"><font size=\"2\" face=\"Arial, Helvetica, sans-serif\">1<\/font><\/td>\n<td width=\"12%\"><font size=\"2\" face=\"Arial, Helvetica, sans-serif\">1<\/font><\/td>\n<\/tr>\n<\/tbody>\n<\/table>\n<\/div>\n<\/td>\n<\/tr>\n<\/tbody>\n<\/table>\n","protected":false},"excerpt":{"rendered":"<p>L&rsquo;Argentine, le Br\u00e9sil et le Chili sont les trois seules nations latino-am\u00e9ricaines \u00e0 avoir obtenues quelques r\u00e9sultats au niveau mondial. [&hellip;]<\/p>\n","protected":false},"author":3,"featured_media":2804,"parent":0,"menu_order":0,"comment_status":"closed","ping_status":"closed","template":"","meta":{"site-sidebar-layout":"default","site-content-layout":"","ast-site-content-layout":"default","site-content-style":"default","site-sidebar-style":"default","ast-global-header-display":"","ast-banner-title-visibility":"","ast-main-header-display":"","ast-hfb-above-header-display":"","ast-hfb-below-header-display":"","ast-hfb-mobile-header-display":"","site-post-title":"","ast-breadcrumbs-content":"","ast-featured-img":"","footer-sml-layout":"","ast-disable-related-posts":"","theme-transparent-header-meta":"","adv-header-id-meta":"","stick-header-meta":"","header-above-stick-meta":"","header-main-stick-meta":"","header-below-stick-meta":"","astra-migrate-meta-layouts":"default","ast-page-background-enabled":"default","ast-page-background-meta":{"desktop":{"background-color":"var(--ast-global-color-5)","background-image":"","background-repeat":"repeat","background-position":"center center","background-size":"auto","background-attachment":"scroll","background-type":"","background-media":"","overlay-type":"","overlay-color":"","overlay-opacity":"","overlay-gradient":""},"tablet":{"background-color":"","background-image":"","background-repeat":"repeat","background-position":"center center","background-size":"auto","background-attachment":"scroll","background-type":"","background-media":"","overlay-type":"","overlay-color":"","overlay-opacity":"","overlay-gradient":""},"mobile":{"background-color":"","background-image":"","background-repeat":"repeat","background-position":"center center","background-size":"auto","background-attachment":"scroll","background-type":"","background-media":"","overlay-type":"","overlay-color":"","overlay-opacity":"","overlay-gradient":""}},"ast-content-background-meta":{"desktop":{"background-color":"var(--ast-global-color-4)","background-image":"","background-repeat":"repeat","background-position":"center center","background-size":"auto","background-attachment":"scroll","background-type":"","background-media":"","overlay-type":"","overlay-color":"","overlay-opacity":"","overlay-gradient":""},"tablet":{"background-color":"var(--ast-global-color-4)","background-image":"","background-repeat":"repeat","background-position":"center center","background-size":"auto","background-attachment":"scroll","background-type":"","background-media":"","overlay-type":"","overlay-color":"","overlay-opacity":"","overlay-gradient":""},"mobile":{"background-color":"var(--ast-global-color-4)","background-image":"","background-repeat":"repeat","background-position":"center center","background-size":"auto","background-attachment":"scroll","background-type":"","background-media":"","overlay-type":"","overlay-color":"","overlay-opacity":"","overlay-gradient":""}},"footnotes":""},"class_list":["post-2805","page","type-page","status-publish","has-post-thumbnail","hentry"],"yoast_head":"<!-- This site is optimized with the Yoast SEO plugin v27.5 - https:\/\/yoast.com\/product\/yoast-seo-wordpress\/ -->\n<title>Le BASKET BALL en AMERIQUE LATINE - Abc-latina<\/title>\n<meta name=\"description\" content=\"Le Basket dans les pays latino-am\u00e9ricains. Basket-ball, r\u00e9sultats en comp\u00e9tition des pays d&#039;Am\u00e9rique latine.\" \/>\n<meta name=\"robots\" content=\"index, follow, max-snippet:-1, max-image-preview:large, max-video-preview:-1\" \/>\n<link rel=\"canonical\" href=\"https:\/\/abc-latina.com\/index\/\" \/>\n<meta property=\"og:locale\" content=\"fr_FR\" \/>\n<meta property=\"og:type\" content=\"article\" \/>\n<meta property=\"og:title\" content=\"Le BASKET BALL en AMERIQUE LATINE - Abc-latina\" \/>\n<meta property=\"og:description\" content=\"Le Basket dans les pays latino-am\u00e9ricains. Basket-ball, r\u00e9sultats en comp\u00e9tition des pays d&#039;Am\u00e9rique latine.\" \/>\n<meta property=\"og:url\" content=\"https:\/\/abc-latina.com\/index\/\" \/>\n<meta property=\"og:site_name\" content=\"Abc-latina\" \/>\n<meta property=\"article:modified_time\" content=\"2026-04-30T16:25:26+00:00\" \/>\n<meta property=\"og:image\" content=\"https:\/\/abc-latina.com\/wp-content\/uploads\/2011\/10\/basket.jpg\" \/>\n\t<meta property=\"og:image:width\" content=\"220\" \/>\n\t<meta property=\"og:image:height\" content=\"220\" \/>\n\t<meta property=\"og:image:type\" content=\"image\/jpeg\" \/>\n<meta name=\"twitter:card\" content=\"summary_large_image\" \/>\n<script type=\"application\/ld+json\" class=\"yoast-schema-graph\">{\"@context\":\"https:\\\/\\\/schema.org\",\"@graph\":[{\"@type\":\"WebPage\",\"@id\":\"https:\\\/\\\/abc-latina.com\\\/index\\\/\",\"url\":\"https:\\\/\\\/abc-latina.com\\\/index\\\/\",\"name\":\"Le BASKET BALL en AMERIQUE LATINE - Abc-latina\",\"isPartOf\":{\"@id\":\"https:\\\/\\\/abc-latina.com\\\/#website\"},\"primaryImageOfPage\":{\"@id\":\"https:\\\/\\\/abc-latina.com\\\/index\\\/#primaryimage\"},\"image\":{\"@id\":\"https:\\\/\\\/abc-latina.com\\\/index\\\/#primaryimage\"},\"thumbnailUrl\":\"https:\\\/\\\/abc-latina.com\\\/wp-content\\\/uploads\\\/2011\\\/10\\\/basket.jpg\",\"datePublished\":\"2011-10-04T01:26:10+00:00\",\"dateModified\":\"2026-04-30T16:25:26+00:00\",\"description\":\"Le Basket dans les pays latino-am\u00e9ricains. Basket-ball, r\u00e9sultats en comp\u00e9tition des pays d'Am\u00e9rique latine.\",\"breadcrumb\":{\"@id\":\"https:\\\/\\\/abc-latina.com\\\/index\\\/#breadcrumb\"},\"inLanguage\":\"fr-FR\",\"potentialAction\":[{\"@type\":\"ReadAction\",\"target\":[\"https:\\\/\\\/abc-latina.com\\\/index\\\/\"]}]},{\"@type\":\"ImageObject\",\"inLanguage\":\"fr-FR\",\"@id\":\"https:\\\/\\\/abc-latina.com\\\/index\\\/#primaryimage\",\"url\":\"https:\\\/\\\/abc-latina.com\\\/wp-content\\\/uploads\\\/2011\\\/10\\\/basket.jpg\",\"contentUrl\":\"https:\\\/\\\/abc-latina.com\\\/wp-content\\\/uploads\\\/2011\\\/10\\\/basket.jpg\",\"width\":220,\"height\":220,\"caption\":\"Le BASKET en AMERIQUE LATINE\"},{\"@type\":\"BreadcrumbList\",\"@id\":\"https:\\\/\\\/abc-latina.com\\\/index\\\/#breadcrumb\",\"itemListElement\":[{\"@type\":\"ListItem\",\"position\":1,\"name\":\"Accueil\",\"item\":\"https:\\\/\\\/abc-latina.com\\\/\"},{\"@type\":\"ListItem\",\"position\":2,\"name\":\"Le BASKET BALL en AMERIQUE LATINE\"}]},{\"@type\":\"WebSite\",\"@id\":\"https:\\\/\\\/abc-latina.com\\\/#website\",\"url\":\"https:\\\/\\\/abc-latina.com\\\/\",\"name\":\"Abc-latina\",\"description\":\"\",\"publisher\":{\"@id\":\"https:\\\/\\\/abc-latina.com\\\/#organization\"},\"potentialAction\":[{\"@type\":\"SearchAction\",\"target\":{\"@type\":\"EntryPoint\",\"urlTemplate\":\"https:\\\/\\\/abc-latina.com\\\/?s={search_term_string}\"},\"query-input\":{\"@type\":\"PropertyValueSpecification\",\"valueRequired\":true,\"valueName\":\"search_term_string\"}}],\"inLanguage\":\"fr-FR\"},{\"@type\":\"Organization\",\"@id\":\"https:\\\/\\\/abc-latina.com\\\/#organization\",\"name\":\"Abc-latina\",\"url\":\"https:\\\/\\\/abc-latina.com\\\/\",\"logo\":{\"@type\":\"ImageObject\",\"inLanguage\":\"fr-FR\",\"@id\":\"https:\\\/\\\/abc-latina.com\\\/#\\\/schema\\\/logo\\\/image\\\/\",\"url\":\"https:\\\/\\\/abc-latina.com\\\/wp-content\\\/uploads\\\/2026\\\/05\\\/cropped-logo.gif\",\"contentUrl\":\"https:\\\/\\\/abc-latina.com\\\/wp-content\\\/uploads\\\/2026\\\/05\\\/cropped-logo.gif\",\"width\":89,\"height\":84,\"caption\":\"Abc-latina\"},\"image\":{\"@id\":\"https:\\\/\\\/abc-latina.com\\\/#\\\/schema\\\/logo\\\/image\\\/\"}}]}<\/script>\n<!-- \/ Yoast SEO plugin. -->","yoast_head_json":{"title":"Le BASKET BALL en AMERIQUE LATINE - Abc-latina","description":"Le Basket dans les pays latino-am\u00e9ricains. Basket-ball, r\u00e9sultats en comp\u00e9tition des pays d'Am\u00e9rique latine.","robots":{"index":"index","follow":"follow","max-snippet":"max-snippet:-1","max-image-preview":"max-image-preview:large","max-video-preview":"max-video-preview:-1"},"canonical":"https:\/\/abc-latina.com\/index\/","og_locale":"fr_FR","og_type":"article","og_title":"Le BASKET BALL en AMERIQUE LATINE - Abc-latina","og_description":"Le Basket dans les pays latino-am\u00e9ricains. Basket-ball, r\u00e9sultats en comp\u00e9tition des pays d'Am\u00e9rique latine.","og_url":"https:\/\/abc-latina.com\/index\/","og_site_name":"Abc-latina","article_modified_time":"2026-04-30T16:25:26+00:00","og_image":[{"width":220,"height":220,"url":"https:\/\/abc-latina.com\/wp-content\/uploads\/2011\/10\/basket.jpg","type":"image\/jpeg"}],"twitter_card":"summary_large_image","schema":{"@context":"https:\/\/schema.org","@graph":[{"@type":"WebPage","@id":"https:\/\/abc-latina.com\/index\/","url":"https:\/\/abc-latina.com\/index\/","name":"Le BASKET BALL en AMERIQUE LATINE - Abc-latina","isPartOf":{"@id":"https:\/\/abc-latina.com\/#website"},"primaryImageOfPage":{"@id":"https:\/\/abc-latina.com\/index\/#primaryimage"},"image":{"@id":"https:\/\/abc-latina.com\/index\/#primaryimage"},"thumbnailUrl":"https:\/\/abc-latina.com\/wp-content\/uploads\/2011\/10\/basket.jpg","datePublished":"2011-10-04T01:26:10+00:00","dateModified":"2026-04-30T16:25:26+00:00","description":"Le Basket dans les pays latino-am\u00e9ricains. Basket-ball, r\u00e9sultats en comp\u00e9tition des pays d'Am\u00e9rique latine.","breadcrumb":{"@id":"https:\/\/abc-latina.com\/index\/#breadcrumb"},"inLanguage":"fr-FR","potentialAction":[{"@type":"ReadAction","target":["https:\/\/abc-latina.com\/index\/"]}]},{"@type":"ImageObject","inLanguage":"fr-FR","@id":"https:\/\/abc-latina.com\/index\/#primaryimage","url":"https:\/\/abc-latina.com\/wp-content\/uploads\/2011\/10\/basket.jpg","contentUrl":"https:\/\/abc-latina.com\/wp-content\/uploads\/2011\/10\/basket.jpg","width":220,"height":220,"caption":"Le BASKET en AMERIQUE LATINE"},{"@type":"BreadcrumbList","@id":"https:\/\/abc-latina.com\/index\/#breadcrumb","itemListElement":[{"@type":"ListItem","position":1,"name":"Accueil","item":"https:\/\/abc-latina.com\/"},{"@type":"ListItem","position":2,"name":"Le BASKET BALL en AMERIQUE LATINE"}]},{"@type":"WebSite","@id":"https:\/\/abc-latina.com\/#website","url":"https:\/\/abc-latina.com\/","name":"Abc-latina","description":"","publisher":{"@id":"https:\/\/abc-latina.com\/#organization"},"potentialAction":[{"@type":"SearchAction","target":{"@type":"EntryPoint","urlTemplate":"https:\/\/abc-latina.com\/?s={search_term_string}"},"query-input":{"@type":"PropertyValueSpecification","valueRequired":true,"valueName":"search_term_string"}}],"inLanguage":"fr-FR"},{"@type":"Organization","@id":"https:\/\/abc-latina.com\/#organization","name":"Abc-latina","url":"https:\/\/abc-latina.com\/","logo":{"@type":"ImageObject","inLanguage":"fr-FR","@id":"https:\/\/abc-latina.com\/#\/schema\/logo\/image\/","url":"https:\/\/abc-latina.com\/wp-content\/uploads\/2026\/05\/cropped-logo.gif","contentUrl":"https:\/\/abc-latina.com\/wp-content\/uploads\/2026\/05\/cropped-logo.gif","width":89,"height":84,"caption":"Abc-latina"},"image":{"@id":"https:\/\/abc-latina.com\/#\/schema\/logo\/image\/"}}]}},"_links":{"self":[{"href":"https:\/\/abc-latina.com\/wp-json\/wp\/v2\/pages\/2805","targetHints":{"allow":["GET"]}}],"collection":[{"href":"https:\/\/abc-latina.com\/wp-json\/wp\/v2\/pages"}],"about":[{"href":"https:\/\/abc-latina.com\/wp-json\/wp\/v2\/types\/page"}],"author":[{"embeddable":true,"href":"https:\/\/abc-latina.com\/wp-json\/wp\/v2\/users\/3"}],"replies":[{"embeddable":true,"href":"https:\/\/abc-latina.com\/wp-json\/wp\/v2\/comments?post=2805"}],"version-history":[{"count":2,"href":"https:\/\/abc-latina.com\/wp-json\/wp\/v2\/pages\/2805\/revisions"}],"predecessor-version":[{"id":3925,"href":"https:\/\/abc-latina.com\/wp-json\/wp\/v2\/pages\/2805\/revisions\/3925"}],"wp:featuredmedia":[{"embeddable":true,"href":"https:\/\/abc-latina.com\/wp-json\/wp\/v2\/media\/2804"}],"wp:attachment":[{"href":"https:\/\/abc-latina.com\/wp-json\/wp\/v2\/media?parent=2805"}],"curies":[{"name":"wp","href":"https:\/\/api.w.org\/{rel}","templated":true}]}}