{"id":2810,"date":"2011-10-07T05:57:25","date_gmt":"2011-10-07T03:57:25","guid":{"rendered":"http:\/\/abc-latina.com\/bresil-htm-2\/"},"modified":"2026-04-30T18:25:27","modified_gmt":"2026-04-30T16:25:27","slug":"bresil","status":"publish","type":"page","link":"https:\/\/abc-latina.com\/index\/bresil\/","title":{"rendered":"Le FOOTBALL BRESILIEN"},"content":{"rendered":"<p>&nbsp;<img loading=\"lazy\" decoding=\"async\" class=\" size-full wp-image-2809\" src=\"http:\/\/abc-latina.com\/wp-content\/uploads\/2011\/10\/063-football-au-bresil.jpg\" title=\"FOOTBALL AU BRESIL\" alt=\"\" width=\"480\" height=\"306\" srcset=\"https:\/\/abc-latina.com\/wp-content\/uploads\/2011\/10\/063-football-au-bresil.jpg 700w, https:\/\/abc-latina.com\/wp-content\/uploads\/2011\/10\/063-football-au-bresil-300x191.jpg 300w\" sizes=\"auto, (max-width: 480px) 100vw, 480px\" \/><\/p>\n<div>&nbsp;<\/div>\n<div>Nom: <strong>Confederacao Brasileira de Futbol<\/strong>&nbsp;<\/div>\n<div>Ann\u00e9e de fondation : 1914<\/div>\n<div>Affiliations CONMEBOL en 1923 &#8211; FIFA en 1916&nbsp;<\/div>\n<div>Couleur maillot jaune, short bleu, bas blancs&nbsp;<\/div>\n<div>Rechange maillot bleu, short blanc, bas bleus&nbsp;<\/div>\n<div>&nbsp;<\/div>\n<div>Nombre de clubs : 1.2987<\/div>\n<div>Nombre de licenci\u00e9s : 932.000<\/div>\n<div>Nombre d&rsquo;arbitres : 5.250<\/div>\n<div>&nbsp;<\/div>\n<div><span class=\"tourisme-chapitre\">PALMARES&nbsp;<\/span><\/div>\n<div>Coupe du Monde : 5&nbsp;<\/div>\n<div>1958, 1962, 1970, 1994, 2002<\/div>\n<div>Coupe des Conf\u00e9d\u00e9rations : 1<\/div>\n<div>1997<\/div>\n<div>Copa America : 8<\/div>\n<div>1919, 1922, 1949, 1989, 1997, 1999, 2004, 2007<\/div>\n<div>Coupe du Monde Juniors : 3&nbsp;<\/div>\n<div>1983, 1985, 1993<\/div>\n<div>Autres performances :&nbsp;<\/div>\n<div>Vainqueur \u00e0 la Coupe du Monde U-20 de la FIFA (1983, 1985, 1993, 2003),&nbsp;<\/div>\n<div>Vainqueur \u00e0 la Coupe du Monde de Futsal de la FIFA (1989, 1992, 1996),&nbsp;<\/div>\n<div>Vainqueur \u00e0 la Coupe des Conf\u00e9d\u00e9rations de la FIFA (1997, 2005),<\/div>\n<div>Vainqueur \u00e0 la Coupe du Monde U-17 de la FIFA (1997, 1999, 2003),<\/div>\n<div>Vainqueur \u00e0 la Coupe du Monde des Clubs de la FIFA (2000, 2005, 2006)<\/div>\n<div>Vainqueur \u00e0 la Coupe du Monde de Beach Soccer de la FIFA (2006, 2007, 2008)<\/div>\n<div>Second \u00e0 la Copa America (1921, 1925, 1936, 1945, 1946, 1953, 1957, 1959, 1983, 1991, 1995)<\/div>\n<div>Second \u00e0 la CONCACAF Gold Cup (1996 USA, 2003 USA\/Mexico)<\/div>\n<div>Second au Tournoi Olympique de Football Final (1984, 1988)<\/div>\n<div>Second \u00e0 la Coupe du Monde U-20 de la FIFA (1991, 1995)<\/div>\n<div>Second \u00e0 la Coupe du Monde U-17 de la FIFA (1995, 2005)<\/div>\n<div>Second \u00e0 la Coupe des Conf\u00e9d\u00e9rations de la FIFA (1999)<\/div>\n<div>Second \u00e0 la Coupe du Monde de Futsal de la FIFA (2000)<\/div>\n<div>Second \u00e0 la Tournoi Olympique de Football F\u00e9minin (2004)<\/div>\n<div>Second \u00e0 la Coupe du Monde F\u00e9minine de la FIFA&nbsp;<\/div>\n<div>Troisi\u00e8me \u00e0 la Coupe du Monde U-20 de la FIFA (1977, 1989, 2005)<\/div>\n<div>Troisi\u00e8me \u00e0 la Coupe du Monde U-17 de la FIFA (1985),&nbsp;<\/div>\n<div>Troisi\u00e8me \u00e0 la Tournoi Olympique de Football Final (1996)<\/div>\n<div>Troisi\u00e8me \u00e0 la Coupe du Monde F\u00e9minine de la FIFA (1999)<\/div>\n<div>Troisi\u00e8me \u00e0 la Coupe du Monde de Futsal de la FIFA (2004)<\/div>\n<div>Troisi\u00e8me \u00e0 la Coupe du Monde de Beach Soccer de la FIFA (2005)<\/div>\n<div>Troisi\u00e8me \u00e0 la Coupe du Monde F\u00e9minine U-20 de la FIFA (2006)<\/div>\n<div>Quatri\u00e8me au Tournoi Olympique de Football Final (1976)<\/div>\n<div>Quatri\u00e8me au Tournoi Olympique de Football F\u00e9minin (1996, 2000)<\/div>\n<div>Quatri\u00e8me au Coupe des Conf\u00e9d\u00e9rations de la FIFA (2001)<\/div>\n<div>Quatri\u00e8me au Coupe du Monde F\u00e9minine U-20 de la FIFA (2002, 2004)<\/div>\n<div>&nbsp;<\/div>\n<div><span class=\"tourisme-chapitre\">PERFORMANCES EN COUPE DU MONDE<\/span>&nbsp;<\/div>\n<div>Nombre de participations : 18<\/div>\n<div>1930, 1934, 1938, 1950, 1954, 1958, 1962, 1966, 1970, 1974, 1978, 1982, 1986, 1990, 1994, 1998, 2002, 2006<\/div>\n<div>Meilleures Performances :&nbsp;<\/div>\n<div>Vainqueur en 1958, 1962, 1970, 1994, 2002<\/div>\n<div>Second en 1950, 1998<\/div>\n<div>Troisi\u00e8me en 1938, 1978<\/div>\n<div>Quatri\u00e8me en 1974<\/div>\n<div>&nbsp;<\/div>\n","protected":false},"excerpt":{"rendered":"<p>&nbsp; &nbsp; Nom: Confederacao Brasileira de Futbol&nbsp; Ann\u00e9e de fondation : 1914 Affiliations CONMEBOL en 1923 &#8211; FIFA en 1916&nbsp; [&hellip;]<\/p>\n","protected":false},"author":3,"featured_media":2809,"parent":2786,"menu_order":0,"comment_status":"closed","ping_status":"closed","template":"","meta":{"site-sidebar-layout":"default","site-content-layout":"","ast-site-content-layout":"default","site-content-style":"default","site-sidebar-style":"default","ast-global-header-display":"","ast-banner-title-visibility":"","ast-main-header-display":"","ast-hfb-above-header-display":"","ast-hfb-below-header-display":"","ast-hfb-mobile-header-display":"","site-post-title":"","ast-breadcrumbs-content":"","ast-featured-img":"","footer-sml-layout":"","ast-disable-related-posts":"","theme-transparent-header-meta":"","adv-header-id-meta":"","stick-header-meta":"","header-above-stick-meta":"","header-main-stick-meta":"","header-below-stick-meta":"","astra-migrate-meta-layouts":"default","ast-page-background-enabled":"default","ast-page-background-meta":{"desktop":{"background-color":"var(--ast-global-color-5)","background-image":"","background-repeat":"repeat","background-position":"center center","background-size":"auto","background-attachment":"scroll","background-type":"","background-media":"","overlay-type":"","overlay-color":"","overlay-opacity":"","overlay-gradient":""},"tablet":{"background-color":"","background-image":"","background-repeat":"repeat","background-position":"center center","background-size":"auto","background-attachment":"scroll","background-type":"","background-media":"","overlay-type":"","overlay-color":"","overlay-opacity":"","overlay-gradient":""},"mobile":{"background-color":"","background-image":"","background-repeat":"repeat","background-position":"center center","background-size":"auto","background-attachment":"scroll","background-type":"","background-media":"","overlay-type":"","overlay-color":"","overlay-opacity":"","overlay-gradient":""}},"ast-content-background-meta":{"desktop":{"background-color":"var(--ast-global-color-4)","background-image":"","background-repeat":"repeat","background-position":"center center","background-size":"auto","background-attachment":"scroll","background-type":"","background-media":"","overlay-type":"","overlay-color":"","overlay-opacity":"","overlay-gradient":""},"tablet":{"background-color":"var(--ast-global-color-4)","background-image":"","background-repeat":"repeat","background-position":"center center","background-size":"auto","background-attachment":"scroll","background-type":"","background-media":"","overlay-type":"","overlay-color":"","overlay-opacity":"","overlay-gradient":""},"mobile":{"background-color":"var(--ast-global-color-4)","background-image":"","background-repeat":"repeat","background-position":"center center","background-size":"auto","background-attachment":"scroll","background-type":"","background-media":"","overlay-type":"","overlay-color":"","overlay-opacity":"","overlay-gradient":""}},"footnotes":""},"class_list":["post-2810","page","type-page","status-publish","has-post-thumbnail","hentry"],"yoast_head":"<!-- This site is optimized with the Yoast SEO plugin v27.5 - https:\/\/yoast.com\/product\/yoast-seo-wordpress\/ -->\n<title>Le FOOTBALL BRESILIEN - Abc-latina<\/title>\n<meta name=\"description\" content=\"Le football br\u00e9silien.\" \/>\n<meta name=\"robots\" content=\"index, follow, max-snippet:-1, max-image-preview:large, max-video-preview:-1\" \/>\n<link rel=\"canonical\" href=\"https:\/\/abc-latina.com\/index\/bresil\/\" \/>\n<meta property=\"og:locale\" content=\"fr_FR\" \/>\n<meta property=\"og:type\" content=\"article\" \/>\n<meta property=\"og:title\" content=\"Le FOOTBALL BRESILIEN - Abc-latina\" \/>\n<meta property=\"og:description\" content=\"Le football br\u00e9silien.\" \/>\n<meta property=\"og:url\" content=\"https:\/\/abc-latina.com\/index\/bresil\/\" \/>\n<meta property=\"og:site_name\" content=\"Abc-latina\" \/>\n<meta property=\"article:modified_time\" content=\"2026-04-30T16:25:27+00:00\" \/>\n<meta property=\"og:image\" content=\"https:\/\/abc-latina.com\/wp-content\/uploads\/2011\/10\/063-football-au-bresil.jpg\" \/>\n\t<meta property=\"og:image:width\" content=\"700\" \/>\n\t<meta property=\"og:image:height\" content=\"446\" \/>\n\t<meta property=\"og:image:type\" content=\"image\/jpeg\" \/>\n<meta name=\"twitter:card\" content=\"summary_large_image\" \/>\n<meta name=\"twitter:label1\" content=\"Dur\u00e9e de lecture estim\u00e9e\" \/>\n\t<meta name=\"twitter:data1\" content=\"2 minutes\" \/>\n<script type=\"application\/ld+json\" class=\"yoast-schema-graph\">{\"@context\":\"https:\\\/\\\/schema.org\",\"@graph\":[{\"@type\":\"WebPage\",\"@id\":\"https:\\\/\\\/abc-latina.com\\\/index\\\/bresil\\\/\",\"url\":\"https:\\\/\\\/abc-latina.com\\\/index\\\/bresil\\\/\",\"name\":\"Le FOOTBALL BRESILIEN - Abc-latina\",\"isPartOf\":{\"@id\":\"https:\\\/\\\/abc-latina.com\\\/#website\"},\"primaryImageOfPage\":{\"@id\":\"https:\\\/\\\/abc-latina.com\\\/index\\\/bresil\\\/#primaryimage\"},\"image\":{\"@id\":\"https:\\\/\\\/abc-latina.com\\\/index\\\/bresil\\\/#primaryimage\"},\"thumbnailUrl\":\"https:\\\/\\\/abc-latina.com\\\/wp-content\\\/uploads\\\/2011\\\/10\\\/063-football-au-bresil.jpg\",\"datePublished\":\"2011-10-07T03:57:25+00:00\",\"dateModified\":\"2026-04-30T16:25:27+00:00\",\"description\":\"Le football br\u00e9silien.\",\"breadcrumb\":{\"@id\":\"https:\\\/\\\/abc-latina.com\\\/index\\\/bresil\\\/#breadcrumb\"},\"inLanguage\":\"fr-FR\",\"potentialAction\":[{\"@type\":\"ReadAction\",\"target\":[\"https:\\\/\\\/abc-latina.com\\\/index\\\/bresil\\\/\"]}]},{\"@type\":\"ImageObject\",\"inLanguage\":\"fr-FR\",\"@id\":\"https:\\\/\\\/abc-latina.com\\\/index\\\/bresil\\\/#primaryimage\",\"url\":\"https:\\\/\\\/abc-latina.com\\\/wp-content\\\/uploads\\\/2011\\\/10\\\/063-football-au-bresil.jpg\",\"contentUrl\":\"https:\\\/\\\/abc-latina.com\\\/wp-content\\\/uploads\\\/2011\\\/10\\\/063-football-au-bresil.jpg\",\"width\":700,\"height\":446,\"caption\":\"FOOTBALL AU BRESIL\"},{\"@type\":\"BreadcrumbList\",\"@id\":\"https:\\\/\\\/abc-latina.com\\\/index\\\/bresil\\\/#breadcrumb\",\"itemListElement\":[{\"@type\":\"ListItem\",\"position\":1,\"name\":\"Accueil\",\"item\":\"https:\\\/\\\/abc-latina.com\\\/\"},{\"@type\":\"ListItem\",\"position\":2,\"name\":\"Le FOOTBALL BRESILIEN\"}]},{\"@type\":\"WebSite\",\"@id\":\"https:\\\/\\\/abc-latina.com\\\/#website\",\"url\":\"https:\\\/\\\/abc-latina.com\\\/\",\"name\":\"Abc-latina\",\"description\":\"\",\"publisher\":{\"@id\":\"https:\\\/\\\/abc-latina.com\\\/#organization\"},\"potentialAction\":[{\"@type\":\"SearchAction\",\"target\":{\"@type\":\"EntryPoint\",\"urlTemplate\":\"https:\\\/\\\/abc-latina.com\\\/?s={search_term_string}\"},\"query-input\":{\"@type\":\"PropertyValueSpecification\",\"valueRequired\":true,\"valueName\":\"search_term_string\"}}],\"inLanguage\":\"fr-FR\"},{\"@type\":\"Organization\",\"@id\":\"https:\\\/\\\/abc-latina.com\\\/#organization\",\"name\":\"Abc-latina\",\"url\":\"https:\\\/\\\/abc-latina.com\\\/\",\"logo\":{\"@type\":\"ImageObject\",\"inLanguage\":\"fr-FR\",\"@id\":\"https:\\\/\\\/abc-latina.com\\\/#\\\/schema\\\/logo\\\/image\\\/\",\"url\":\"https:\\\/\\\/abc-latina.com\\\/wp-content\\\/uploads\\\/2026\\\/05\\\/cropped-logo.gif\",\"contentUrl\":\"https:\\\/\\\/abc-latina.com\\\/wp-content\\\/uploads\\\/2026\\\/05\\\/cropped-logo.gif\",\"width\":89,\"height\":84,\"caption\":\"Abc-latina\"},\"image\":{\"@id\":\"https:\\\/\\\/abc-latina.com\\\/#\\\/schema\\\/logo\\\/image\\\/\"}}]}<\/script>\n<!-- \/ Yoast SEO plugin. -->","yoast_head_json":{"title":"Le FOOTBALL BRESILIEN - Abc-latina","description":"Le football br\u00e9silien.","robots":{"index":"index","follow":"follow","max-snippet":"max-snippet:-1","max-image-preview":"max-image-preview:large","max-video-preview":"max-video-preview:-1"},"canonical":"https:\/\/abc-latina.com\/index\/bresil\/","og_locale":"fr_FR","og_type":"article","og_title":"Le FOOTBALL BRESILIEN - Abc-latina","og_description":"Le football br\u00e9silien.","og_url":"https:\/\/abc-latina.com\/index\/bresil\/","og_site_name":"Abc-latina","article_modified_time":"2026-04-30T16:25:27+00:00","og_image":[{"width":700,"height":446,"url":"https:\/\/abc-latina.com\/wp-content\/uploads\/2011\/10\/063-football-au-bresil.jpg","type":"image\/jpeg"}],"twitter_card":"summary_large_image","twitter_misc":{"Dur\u00e9e de lecture estim\u00e9e":"2 minutes"},"schema":{"@context":"https:\/\/schema.org","@graph":[{"@type":"WebPage","@id":"https:\/\/abc-latina.com\/index\/bresil\/","url":"https:\/\/abc-latina.com\/index\/bresil\/","name":"Le FOOTBALL BRESILIEN - Abc-latina","isPartOf":{"@id":"https:\/\/abc-latina.com\/#website"},"primaryImageOfPage":{"@id":"https:\/\/abc-latina.com\/index\/bresil\/#primaryimage"},"image":{"@id":"https:\/\/abc-latina.com\/index\/bresil\/#primaryimage"},"thumbnailUrl":"https:\/\/abc-latina.com\/wp-content\/uploads\/2011\/10\/063-football-au-bresil.jpg","datePublished":"2011-10-07T03:57:25+00:00","dateModified":"2026-04-30T16:25:27+00:00","description":"Le football br\u00e9silien.","breadcrumb":{"@id":"https:\/\/abc-latina.com\/index\/bresil\/#breadcrumb"},"inLanguage":"fr-FR","potentialAction":[{"@type":"ReadAction","target":["https:\/\/abc-latina.com\/index\/bresil\/"]}]},{"@type":"ImageObject","inLanguage":"fr-FR","@id":"https:\/\/abc-latina.com\/index\/bresil\/#primaryimage","url":"https:\/\/abc-latina.com\/wp-content\/uploads\/2011\/10\/063-football-au-bresil.jpg","contentUrl":"https:\/\/abc-latina.com\/wp-content\/uploads\/2011\/10\/063-football-au-bresil.jpg","width":700,"height":446,"caption":"FOOTBALL AU BRESIL"},{"@type":"BreadcrumbList","@id":"https:\/\/abc-latina.com\/index\/bresil\/#breadcrumb","itemListElement":[{"@type":"ListItem","position":1,"name":"Accueil","item":"https:\/\/abc-latina.com\/"},{"@type":"ListItem","position":2,"name":"Le FOOTBALL BRESILIEN"}]},{"@type":"WebSite","@id":"https:\/\/abc-latina.com\/#website","url":"https:\/\/abc-latina.com\/","name":"Abc-latina","description":"","publisher":{"@id":"https:\/\/abc-latina.com\/#organization"},"potentialAction":[{"@type":"SearchAction","target":{"@type":"EntryPoint","urlTemplate":"https:\/\/abc-latina.com\/?s={search_term_string}"},"query-input":{"@type":"PropertyValueSpecification","valueRequired":true,"valueName":"search_term_string"}}],"inLanguage":"fr-FR"},{"@type":"Organization","@id":"https:\/\/abc-latina.com\/#organization","name":"Abc-latina","url":"https:\/\/abc-latina.com\/","logo":{"@type":"ImageObject","inLanguage":"fr-FR","@id":"https:\/\/abc-latina.com\/#\/schema\/logo\/image\/","url":"https:\/\/abc-latina.com\/wp-content\/uploads\/2026\/05\/cropped-logo.gif","contentUrl":"https:\/\/abc-latina.com\/wp-content\/uploads\/2026\/05\/cropped-logo.gif","width":89,"height":84,"caption":"Abc-latina"},"image":{"@id":"https:\/\/abc-latina.com\/#\/schema\/logo\/image\/"}}]}},"_links":{"self":[{"href":"https:\/\/abc-latina.com\/wp-json\/wp\/v2\/pages\/2810","targetHints":{"allow":["GET"]}}],"collection":[{"href":"https:\/\/abc-latina.com\/wp-json\/wp\/v2\/pages"}],"about":[{"href":"https:\/\/abc-latina.com\/wp-json\/wp\/v2\/types\/page"}],"author":[{"embeddable":true,"href":"https:\/\/abc-latina.com\/wp-json\/wp\/v2\/users\/3"}],"replies":[{"embeddable":true,"href":"https:\/\/abc-latina.com\/wp-json\/wp\/v2\/comments?post=2810"}],"version-history":[{"count":1,"href":"https:\/\/abc-latina.com\/wp-json\/wp\/v2\/pages\/2810\/revisions"}],"predecessor-version":[{"id":3946,"href":"https:\/\/abc-latina.com\/wp-json\/wp\/v2\/pages\/2810\/revisions\/3946"}],"up":[{"embeddable":true,"href":"https:\/\/abc-latina.com\/wp-json\/wp\/v2\/pages\/2786"}],"wp:featuredmedia":[{"embeddable":true,"href":"https:\/\/abc-latina.com\/wp-json\/wp\/v2\/media\/2809"}],"wp:attachment":[{"href":"https:\/\/abc-latina.com\/wp-json\/wp\/v2\/media?parent=2810"}],"curies":[{"name":"wp","href":"https:\/\/api.w.org\/{rel}","templated":true}]}}