{"id":2811,"date":"2011-10-07T05:58:46","date_gmt":"2011-10-07T03:58:46","guid":{"rendered":"http:\/\/abc-latina.com\/chili-htm-2\/"},"modified":"2026-04-30T18:25:27","modified_gmt":"2026-04-30T16:25:27","slug":"chili","status":"publish","type":"page","link":"https:\/\/abc-latina.com\/index\/chili\/","title":{"rendered":"FOOTBALL &#8211; CHILI"},"content":{"rendered":"<div>Nom: <strong>Federaci\u00f3n de F\u00fatbol de Chile<\/strong>&nbsp;<\/div>\n<div>Ann\u00e9e de fondation : 1895&nbsp;<\/div>\n<div>Affiliations CONMEBOL en 1916 &#8211; FIFA en 1912&nbsp;<\/div>\n<div>Couleur maillot rouge, short bleu, bas blancs&nbsp;<\/div>\n<div>Rechange maillot blanc, short bleu, bas blancs&nbsp;<\/div>\n<div>&nbsp;<\/div>\n<div>Nombre de clubs : 4.650&nbsp;<\/div>\n<div>Nombre de licenci\u00e9s : 618.200&nbsp;<\/div>\n<div>Nombre d&rsquo;arbitres : 5.700&nbsp;<\/div>\n<div>&nbsp;<\/div>\n<div><span class=\"tourisme-chapitre\">PALMARES&nbsp;<\/span><\/div>\n<div>Coupe du Monde : 0<\/div>\n<div>Coupe des Conf\u00e9d\u00e9rations : 0<\/div>\n<div>Copa America : 0<\/div>\n<div>Meilleurs r\u00e9sultats, second en 1955, 1956, 1979 et 1987.<\/div>\n<div>&nbsp;<\/div>\n<div>Autres performances :&nbsp;<\/div>\n<div>Troisi\u00e8me \u00e0 la Coupe du Monde U-17 de la FIFA (1993),<\/div>\n<div>Troisi\u00e8me au Tournoi Olympique de Football Final (2000),&nbsp;<\/div>\n<div>Troisi\u00e8me \u00e0 la Coupe du Monde U-20 de la FIFA (2007)<\/div>\n<div>Quatri\u00e8me \u00e0 la Coupe du Monde U-20 de la FIFA (1987)<\/div>\n<div>&nbsp;<\/div>\n<div><span class=\"tourisme-chapitre\">PERFORMANCES EN COUPE DU MONDE<\/span>&nbsp;<\/div>\n<div>Nombre de participations :&nbsp;<\/div>\n<div>7 (1930, 1950, 1962, 1966, 1974, 1982, 1998)<\/div>\n<div>Meilleures Performances&nbsp;<\/div>\n<div>Troisi\u00e8me (1962)<\/div>\n<div>&nbsp;<\/div>\n<div>Site Internet officiel : <a target=\"_blank\" href=\"http:\/\/www.anfp.cl\">www.anfp.cl<\/a><\/div>\n<div>Si\u00e8ge Casilla 3733 Avenida Quil\u00edn No. 5635 SANTIAGO DE CHILE&nbsp;<\/div>\n<div>T\u00e9l\u00e9phone\/Fax 56-2\/284 9000 \/ 56-2\/284 3510&nbsp;<\/div>\n<div>Pr\u00e9sident Miguel Bauza&nbsp;<\/div>\n<div>Secr\u00e9taire G\u00e9n\u00e9ral Marcos Araya&nbsp;<\/div>\n","protected":false},"excerpt":{"rendered":"<p>Nom: Federaci\u00f3n de F\u00fatbol de Chile&nbsp; Ann\u00e9e de fondation : 1895&nbsp; Affiliations CONMEBOL en 1916 &#8211; FIFA en 1912&nbsp; Couleur [&hellip;]<\/p>\n","protected":false},"author":3,"featured_media":0,"parent":2786,"menu_order":0,"comment_status":"closed","ping_status":"closed","template":"","meta":{"site-sidebar-layout":"default","site-content-layout":"","ast-site-content-layout":"default","site-content-style":"default","site-sidebar-style":"default","ast-global-header-display":"","ast-banner-title-visibility":"","ast-main-header-display":"","ast-hfb-above-header-display":"","ast-hfb-below-header-display":"","ast-hfb-mobile-header-display":"","site-post-title":"","ast-breadcrumbs-content":"","ast-featured-img":"","footer-sml-layout":"","ast-disable-related-posts":"","theme-transparent-header-meta":"","adv-header-id-meta":"","stick-header-meta":"","header-above-stick-meta":"","header-main-stick-meta":"","header-below-stick-meta":"","astra-migrate-meta-layouts":"default","ast-page-background-enabled":"default","ast-page-background-meta":{"desktop":{"background-color":"var(--ast-global-color-5)","background-image":"","background-repeat":"repeat","background-position":"center center","background-size":"auto","background-attachment":"scroll","background-type":"","background-media":"","overlay-type":"","overlay-color":"","overlay-opacity":"","overlay-gradient":""},"tablet":{"background-color":"","background-image":"","background-repeat":"repeat","background-position":"center center","background-size":"auto","background-attachment":"scroll","background-type":"","background-media":"","overlay-type":"","overlay-color":"","overlay-opacity":"","overlay-gradient":""},"mobile":{"background-color":"","background-image":"","background-repeat":"repeat","background-position":"center center","background-size":"auto","background-attachment":"scroll","background-type":"","background-media":"","overlay-type":"","overlay-color":"","overlay-opacity":"","overlay-gradient":""}},"ast-content-background-meta":{"desktop":{"background-color":"var(--ast-global-color-4)","background-image":"","background-repeat":"repeat","background-position":"center center","background-size":"auto","background-attachment":"scroll","background-type":"","background-media":"","overlay-type":"","overlay-color":"","overlay-opacity":"","overlay-gradient":""},"tablet":{"background-color":"var(--ast-global-color-4)","background-image":"","background-repeat":"repeat","background-position":"center center","background-size":"auto","background-attachment":"scroll","background-type":"","background-media":"","overlay-type":"","overlay-color":"","overlay-opacity":"","overlay-gradient":""},"mobile":{"background-color":"var(--ast-global-color-4)","background-image":"","background-repeat":"repeat","background-position":"center center","background-size":"auto","background-attachment":"scroll","background-type":"","background-media":"","overlay-type":"","overlay-color":"","overlay-opacity":"","overlay-gradient":""}},"footnotes":""},"class_list":["post-2811","page","type-page","status-publish","hentry"],"yoast_head":"<!-- This site is optimized with the Yoast SEO plugin v27.5 - https:\/\/yoast.com\/product\/yoast-seo-wordpress\/ -->\n<title>FOOTBALL - CHILI - Abc-latina<\/title>\n<meta name=\"description\" content=\"Le football chilien.\" \/>\n<meta name=\"robots\" content=\"index, follow, max-snippet:-1, max-image-preview:large, max-video-preview:-1\" \/>\n<link rel=\"canonical\" href=\"https:\/\/abc-latina.com\/index\/chili\/\" \/>\n<meta property=\"og:locale\" content=\"fr_FR\" \/>\n<meta property=\"og:type\" content=\"article\" \/>\n<meta property=\"og:title\" content=\"FOOTBALL - CHILI - Abc-latina\" \/>\n<meta property=\"og:description\" content=\"Le football chilien.\" \/>\n<meta property=\"og:url\" content=\"https:\/\/abc-latina.com\/index\/chili\/\" \/>\n<meta property=\"og:site_name\" content=\"Abc-latina\" \/>\n<meta property=\"article:modified_time\" content=\"2026-04-30T16:25:27+00:00\" \/>\n<meta name=\"twitter:card\" content=\"summary_large_image\" \/>\n<meta name=\"twitter:label1\" content=\"Dur\u00e9e de lecture estim\u00e9e\" \/>\n\t<meta name=\"twitter:data1\" content=\"1 minute\" \/>\n<script type=\"application\/ld+json\" class=\"yoast-schema-graph\">{\"@context\":\"https:\\\/\\\/schema.org\",\"@graph\":[{\"@type\":\"WebPage\",\"@id\":\"https:\\\/\\\/abc-latina.com\\\/index\\\/chili\\\/\",\"url\":\"https:\\\/\\\/abc-latina.com\\\/index\\\/chili\\\/\",\"name\":\"FOOTBALL - CHILI - Abc-latina\",\"isPartOf\":{\"@id\":\"https:\\\/\\\/abc-latina.com\\\/#website\"},\"datePublished\":\"2011-10-07T03:58:46+00:00\",\"dateModified\":\"2026-04-30T16:25:27+00:00\",\"description\":\"Le football chilien.\",\"breadcrumb\":{\"@id\":\"https:\\\/\\\/abc-latina.com\\\/index\\\/chili\\\/#breadcrumb\"},\"inLanguage\":\"fr-FR\",\"potentialAction\":[{\"@type\":\"ReadAction\",\"target\":[\"https:\\\/\\\/abc-latina.com\\\/index\\\/chili\\\/\"]}]},{\"@type\":\"BreadcrumbList\",\"@id\":\"https:\\\/\\\/abc-latina.com\\\/index\\\/chili\\\/#breadcrumb\",\"itemListElement\":[{\"@type\":\"ListItem\",\"position\":1,\"name\":\"Accueil\",\"item\":\"https:\\\/\\\/abc-latina.com\\\/\"},{\"@type\":\"ListItem\",\"position\":2,\"name\":\"FOOTBALL &#8211; CHILI\"}]},{\"@type\":\"WebSite\",\"@id\":\"https:\\\/\\\/abc-latina.com\\\/#website\",\"url\":\"https:\\\/\\\/abc-latina.com\\\/\",\"name\":\"Abc-latina\",\"description\":\"\",\"publisher\":{\"@id\":\"https:\\\/\\\/abc-latina.com\\\/#organization\"},\"potentialAction\":[{\"@type\":\"SearchAction\",\"target\":{\"@type\":\"EntryPoint\",\"urlTemplate\":\"https:\\\/\\\/abc-latina.com\\\/?s={search_term_string}\"},\"query-input\":{\"@type\":\"PropertyValueSpecification\",\"valueRequired\":true,\"valueName\":\"search_term_string\"}}],\"inLanguage\":\"fr-FR\"},{\"@type\":\"Organization\",\"@id\":\"https:\\\/\\\/abc-latina.com\\\/#organization\",\"name\":\"Abc-latina\",\"url\":\"https:\\\/\\\/abc-latina.com\\\/\",\"logo\":{\"@type\":\"ImageObject\",\"inLanguage\":\"fr-FR\",\"@id\":\"https:\\\/\\\/abc-latina.com\\\/#\\\/schema\\\/logo\\\/image\\\/\",\"url\":\"https:\\\/\\\/abc-latina.com\\\/wp-content\\\/uploads\\\/2026\\\/05\\\/cropped-logo.gif\",\"contentUrl\":\"https:\\\/\\\/abc-latina.com\\\/wp-content\\\/uploads\\\/2026\\\/05\\\/cropped-logo.gif\",\"width\":89,\"height\":84,\"caption\":\"Abc-latina\"},\"image\":{\"@id\":\"https:\\\/\\\/abc-latina.com\\\/#\\\/schema\\\/logo\\\/image\\\/\"}}]}<\/script>\n<!-- \/ Yoast SEO plugin. -->","yoast_head_json":{"title":"FOOTBALL - CHILI - Abc-latina","description":"Le football chilien.","robots":{"index":"index","follow":"follow","max-snippet":"max-snippet:-1","max-image-preview":"max-image-preview:large","max-video-preview":"max-video-preview:-1"},"canonical":"https:\/\/abc-latina.com\/index\/chili\/","og_locale":"fr_FR","og_type":"article","og_title":"FOOTBALL - CHILI - Abc-latina","og_description":"Le football chilien.","og_url":"https:\/\/abc-latina.com\/index\/chili\/","og_site_name":"Abc-latina","article_modified_time":"2026-04-30T16:25:27+00:00","twitter_card":"summary_large_image","twitter_misc":{"Dur\u00e9e de lecture estim\u00e9e":"1 minute"},"schema":{"@context":"https:\/\/schema.org","@graph":[{"@type":"WebPage","@id":"https:\/\/abc-latina.com\/index\/chili\/","url":"https:\/\/abc-latina.com\/index\/chili\/","name":"FOOTBALL - CHILI - Abc-latina","isPartOf":{"@id":"https:\/\/abc-latina.com\/#website"},"datePublished":"2011-10-07T03:58:46+00:00","dateModified":"2026-04-30T16:25:27+00:00","description":"Le football chilien.","breadcrumb":{"@id":"https:\/\/abc-latina.com\/index\/chili\/#breadcrumb"},"inLanguage":"fr-FR","potentialAction":[{"@type":"ReadAction","target":["https:\/\/abc-latina.com\/index\/chili\/"]}]},{"@type":"BreadcrumbList","@id":"https:\/\/abc-latina.com\/index\/chili\/#breadcrumb","itemListElement":[{"@type":"ListItem","position":1,"name":"Accueil","item":"https:\/\/abc-latina.com\/"},{"@type":"ListItem","position":2,"name":"FOOTBALL &#8211; CHILI"}]},{"@type":"WebSite","@id":"https:\/\/abc-latina.com\/#website","url":"https:\/\/abc-latina.com\/","name":"Abc-latina","description":"","publisher":{"@id":"https:\/\/abc-latina.com\/#organization"},"potentialAction":[{"@type":"SearchAction","target":{"@type":"EntryPoint","urlTemplate":"https:\/\/abc-latina.com\/?s={search_term_string}"},"query-input":{"@type":"PropertyValueSpecification","valueRequired":true,"valueName":"search_term_string"}}],"inLanguage":"fr-FR"},{"@type":"Organization","@id":"https:\/\/abc-latina.com\/#organization","name":"Abc-latina","url":"https:\/\/abc-latina.com\/","logo":{"@type":"ImageObject","inLanguage":"fr-FR","@id":"https:\/\/abc-latina.com\/#\/schema\/logo\/image\/","url":"https:\/\/abc-latina.com\/wp-content\/uploads\/2026\/05\/cropped-logo.gif","contentUrl":"https:\/\/abc-latina.com\/wp-content\/uploads\/2026\/05\/cropped-logo.gif","width":89,"height":84,"caption":"Abc-latina"},"image":{"@id":"https:\/\/abc-latina.com\/#\/schema\/logo\/image\/"}}]}},"_links":{"self":[{"href":"https:\/\/abc-latina.com\/wp-json\/wp\/v2\/pages\/2811","targetHints":{"allow":["GET"]}}],"collection":[{"href":"https:\/\/abc-latina.com\/wp-json\/wp\/v2\/pages"}],"about":[{"href":"https:\/\/abc-latina.com\/wp-json\/wp\/v2\/types\/page"}],"author":[{"embeddable":true,"href":"https:\/\/abc-latina.com\/wp-json\/wp\/v2\/users\/3"}],"replies":[{"embeddable":true,"href":"https:\/\/abc-latina.com\/wp-json\/wp\/v2\/comments?post=2811"}],"version-history":[{"count":1,"href":"https:\/\/abc-latina.com\/wp-json\/wp\/v2\/pages\/2811\/revisions"}],"predecessor-version":[{"id":3947,"href":"https:\/\/abc-latina.com\/wp-json\/wp\/v2\/pages\/2811\/revisions\/3947"}],"up":[{"embeddable":true,"href":"https:\/\/abc-latina.com\/wp-json\/wp\/v2\/pages\/2786"}],"wp:attachment":[{"href":"https:\/\/abc-latina.com\/wp-json\/wp\/v2\/media?parent=2811"}],"curies":[{"name":"wp","href":"https:\/\/api.w.org\/{rel}","templated":true}]}}