{"id":2815,"date":"2011-10-07T06:15:30","date_gmt":"2011-10-07T04:15:30","guid":{"rendered":"http:\/\/abc-latina.com\/mexique-htm-2\/"},"modified":"2026-04-30T18:25:27","modified_gmt":"2026-04-30T16:25:27","slug":"mexique","status":"publish","type":"page","link":"https:\/\/abc-latina.com\/index\/mexique\/","title":{"rendered":"Le FOOTBALL MEXICAIN"},"content":{"rendered":"<div><img loading=\"lazy\" decoding=\"async\" class=\" size-full wp-image-2814\" src=\"http:\/\/abc-latina.com\/wp-content\/uploads\/2011\/10\/053-football-au-mexique.jpg\" title=\"LE FOOTBALL MEXICAIN\" width=\"480\" height=\"296\" alt=\"\" srcset=\"https:\/\/abc-latina.com\/wp-content\/uploads\/2011\/10\/053-football-au-mexique.jpg 700w, https:\/\/abc-latina.com\/wp-content\/uploads\/2011\/10\/053-football-au-mexique-300x185.jpg 300w\" sizes=\"auto, (max-width: 480px) 100vw, 480px\" \/><\/div>\n<div>&nbsp;<\/div>\n<div>Nom:&nbsp;<\/div>\n<div>Ann\u00e9e de fondation :&nbsp;<\/div>\n<div>Affiliations&nbsp;<\/div>\n<div>Couleur&nbsp;<\/div>\n<div>&nbsp;<\/div>\n<div>Nombre de clubs :&nbsp;<\/div>\n<div>Nombre de licenci\u00e9s :&nbsp;<\/div>\n<div>Nombre d&rsquo;arbitres :&nbsp;<\/div>\n<div>&nbsp;<\/div>\n<div><span class=\"tourisme-chapitre\">PALMARES&nbsp;<\/span><\/div>\n<div>Coupe du Monde : 0<\/div>\n<div>Coupe des Conf\u00e9d\u00e9rations : 1<\/div>\n<div>1999<\/div>\n<div>Concacaf : 6<\/div>\n<div>1965, 1971, 1993, 1996, 1998, 2003.<\/div>\n<div>&nbsp;<\/div>\n<div>Autres performances :&nbsp;<\/div>\n<div>Vainqueur de la Coupe du Monde U-17 de la FIFA (2005)&nbsp;<\/div>\n<div>Second \u00e0 la Coupe du Monde U-20 de la FIFA (1977)<\/div>\n<div>Second \u00e0 la Coupe du Monde de Beach Soccer de la FIFA (2007)<\/div>\n<div>Troisi\u00e8me \u00e0 la Coupe des Conf\u00e9d\u00e9rations de la FIFA (1995)<\/div>\n<div>Quatri\u00e8me au Tournoi Olympique de Football Final (1968)<\/div>\n<div>Quatri\u00e8me \u00e0 la Coupe des Conf\u00e9d\u00e9rations de la FIFA (2005)<\/div>\n<div>&nbsp;<\/div>\n<div><span class=\"tourisme-chapitre\">PERFORMANCES EN COUPE DU MONDE<\/span>&nbsp;<\/div>\n<div>Nombre de participations : 13<\/div>\n<div>1930, 1950, 1954, 1958, 1962, 1966, 1970, 1978, 1986, 1994, 1998, 2002, 2006<\/div>\n<div>&nbsp;<\/div>\n<div>Site Internet officiel :&nbsp;<\/div>\n<div>Si\u00e8ge&nbsp;<\/div>\n<div>Pr\u00e9sident&nbsp;<\/div>\n<div>Secr\u00e9taire G\u00e9n\u00e9ral<\/div>\n","protected":false},"excerpt":{"rendered":"<p>&nbsp; Nom:&nbsp; Ann\u00e9e de fondation :&nbsp; Affiliations&nbsp; Couleur&nbsp; &nbsp; Nombre de clubs :&nbsp; Nombre de licenci\u00e9s :&nbsp; Nombre d&rsquo;arbitres :&nbsp; [&hellip;]<\/p>\n","protected":false},"author":3,"featured_media":0,"parent":2786,"menu_order":0,"comment_status":"closed","ping_status":"closed","template":"","meta":{"site-sidebar-layout":"default","site-content-layout":"","ast-site-content-layout":"default","site-content-style":"default","site-sidebar-style":"default","ast-global-header-display":"","ast-banner-title-visibility":"","ast-main-header-display":"","ast-hfb-above-header-display":"","ast-hfb-below-header-display":"","ast-hfb-mobile-header-display":"","site-post-title":"","ast-breadcrumbs-content":"","ast-featured-img":"","footer-sml-layout":"","ast-disable-related-posts":"","theme-transparent-header-meta":"","adv-header-id-meta":"","stick-header-meta":"","header-above-stick-meta":"","header-main-stick-meta":"","header-below-stick-meta":"","astra-migrate-meta-layouts":"default","ast-page-background-enabled":"default","ast-page-background-meta":{"desktop":{"background-color":"var(--ast-global-color-5)","background-image":"","background-repeat":"repeat","background-position":"center center","background-size":"auto","background-attachment":"scroll","background-type":"","background-media":"","overlay-type":"","overlay-color":"","overlay-opacity":"","overlay-gradient":""},"tablet":{"background-color":"","background-image":"","background-repeat":"repeat","background-position":"center center","background-size":"auto","background-attachment":"scroll","background-type":"","background-media":"","overlay-type":"","overlay-color":"","overlay-opacity":"","overlay-gradient":""},"mobile":{"background-color":"","background-image":"","background-repeat":"repeat","background-position":"center center","background-size":"auto","background-attachment":"scroll","background-type":"","background-media":"","overlay-type":"","overlay-color":"","overlay-opacity":"","overlay-gradient":""}},"ast-content-background-meta":{"desktop":{"background-color":"var(--ast-global-color-4)","background-image":"","background-repeat":"repeat","background-position":"center center","background-size":"auto","background-attachment":"scroll","background-type":"","background-media":"","overlay-type":"","overlay-color":"","overlay-opacity":"","overlay-gradient":""},"tablet":{"background-color":"var(--ast-global-color-4)","background-image":"","background-repeat":"repeat","background-position":"center center","background-size":"auto","background-attachment":"scroll","background-type":"","background-media":"","overlay-type":"","overlay-color":"","overlay-opacity":"","overlay-gradient":""},"mobile":{"background-color":"var(--ast-global-color-4)","background-image":"","background-repeat":"repeat","background-position":"center center","background-size":"auto","background-attachment":"scroll","background-type":"","background-media":"","overlay-type":"","overlay-color":"","overlay-opacity":"","overlay-gradient":""}},"footnotes":""},"class_list":["post-2815","page","type-page","status-publish","hentry"],"yoast_head":"<!-- This site is optimized with the Yoast SEO plugin v27.5 - https:\/\/yoast.com\/product\/yoast-seo-wordpress\/ -->\n<title>Le FOOTBALL MEXICAIN - Abc-latina<\/title>\n<meta name=\"description\" content=\"Le football mexicain.\" \/>\n<meta name=\"robots\" content=\"index, follow, max-snippet:-1, max-image-preview:large, max-video-preview:-1\" \/>\n<link rel=\"canonical\" href=\"https:\/\/abc-latina.com\/index\/mexique\/\" \/>\n<meta property=\"og:locale\" content=\"fr_FR\" \/>\n<meta property=\"og:type\" content=\"article\" \/>\n<meta property=\"og:title\" content=\"Le FOOTBALL MEXICAIN - Abc-latina\" \/>\n<meta property=\"og:description\" content=\"Le football mexicain.\" \/>\n<meta property=\"og:url\" content=\"https:\/\/abc-latina.com\/index\/mexique\/\" \/>\n<meta property=\"og:site_name\" content=\"Abc-latina\" \/>\n<meta property=\"article:modified_time\" content=\"2026-04-30T16:25:27+00:00\" \/>\n<meta property=\"og:image\" content=\"http:\/\/abc-latina.com\/wp-content\/uploads\/2011\/10\/053-football-au-mexique.jpg\" \/>\n<meta name=\"twitter:card\" content=\"summary_large_image\" \/>\n<meta name=\"twitter:label1\" content=\"Dur\u00e9e de lecture estim\u00e9e\" \/>\n\t<meta name=\"twitter:data1\" content=\"1 minute\" \/>\n<script type=\"application\/ld+json\" class=\"yoast-schema-graph\">{\"@context\":\"https:\\\/\\\/schema.org\",\"@graph\":[{\"@type\":\"WebPage\",\"@id\":\"https:\\\/\\\/abc-latina.com\\\/index\\\/mexique\\\/\",\"url\":\"https:\\\/\\\/abc-latina.com\\\/index\\\/mexique\\\/\",\"name\":\"Le FOOTBALL MEXICAIN - Abc-latina\",\"isPartOf\":{\"@id\":\"https:\\\/\\\/abc-latina.com\\\/#website\"},\"primaryImageOfPage\":{\"@id\":\"https:\\\/\\\/abc-latina.com\\\/index\\\/mexique\\\/#primaryimage\"},\"image\":{\"@id\":\"https:\\\/\\\/abc-latina.com\\\/index\\\/mexique\\\/#primaryimage\"},\"thumbnailUrl\":\"http:\\\/\\\/abc-latina.com\\\/wp-content\\\/uploads\\\/2011\\\/10\\\/053-football-au-mexique.jpg\",\"datePublished\":\"2011-10-07T04:15:30+00:00\",\"dateModified\":\"2026-04-30T16:25:27+00:00\",\"description\":\"Le football mexicain.\",\"breadcrumb\":{\"@id\":\"https:\\\/\\\/abc-latina.com\\\/index\\\/mexique\\\/#breadcrumb\"},\"inLanguage\":\"fr-FR\",\"potentialAction\":[{\"@type\":\"ReadAction\",\"target\":[\"https:\\\/\\\/abc-latina.com\\\/index\\\/mexique\\\/\"]}]},{\"@type\":\"ImageObject\",\"inLanguage\":\"fr-FR\",\"@id\":\"https:\\\/\\\/abc-latina.com\\\/index\\\/mexique\\\/#primaryimage\",\"url\":\"http:\\\/\\\/abc-latina.com\\\/wp-content\\\/uploads\\\/2011\\\/10\\\/053-football-au-mexique.jpg\",\"contentUrl\":\"http:\\\/\\\/abc-latina.com\\\/wp-content\\\/uploads\\\/2011\\\/10\\\/053-football-au-mexique.jpg\"},{\"@type\":\"BreadcrumbList\",\"@id\":\"https:\\\/\\\/abc-latina.com\\\/index\\\/mexique\\\/#breadcrumb\",\"itemListElement\":[{\"@type\":\"ListItem\",\"position\":1,\"name\":\"Accueil\",\"item\":\"https:\\\/\\\/abc-latina.com\\\/\"},{\"@type\":\"ListItem\",\"position\":2,\"name\":\"Le FOOTBALL MEXICAIN\"}]},{\"@type\":\"WebSite\",\"@id\":\"https:\\\/\\\/abc-latina.com\\\/#website\",\"url\":\"https:\\\/\\\/abc-latina.com\\\/\",\"name\":\"Abc-latina\",\"description\":\"\",\"publisher\":{\"@id\":\"https:\\\/\\\/abc-latina.com\\\/#organization\"},\"potentialAction\":[{\"@type\":\"SearchAction\",\"target\":{\"@type\":\"EntryPoint\",\"urlTemplate\":\"https:\\\/\\\/abc-latina.com\\\/?s={search_term_string}\"},\"query-input\":{\"@type\":\"PropertyValueSpecification\",\"valueRequired\":true,\"valueName\":\"search_term_string\"}}],\"inLanguage\":\"fr-FR\"},{\"@type\":\"Organization\",\"@id\":\"https:\\\/\\\/abc-latina.com\\\/#organization\",\"name\":\"Abc-latina\",\"url\":\"https:\\\/\\\/abc-latina.com\\\/\",\"logo\":{\"@type\":\"ImageObject\",\"inLanguage\":\"fr-FR\",\"@id\":\"https:\\\/\\\/abc-latina.com\\\/#\\\/schema\\\/logo\\\/image\\\/\",\"url\":\"https:\\\/\\\/abc-latina.com\\\/wp-content\\\/uploads\\\/2026\\\/05\\\/cropped-logo.gif\",\"contentUrl\":\"https:\\\/\\\/abc-latina.com\\\/wp-content\\\/uploads\\\/2026\\\/05\\\/cropped-logo.gif\",\"width\":89,\"height\":84,\"caption\":\"Abc-latina\"},\"image\":{\"@id\":\"https:\\\/\\\/abc-latina.com\\\/#\\\/schema\\\/logo\\\/image\\\/\"}}]}<\/script>\n<!-- \/ Yoast SEO plugin. -->","yoast_head_json":{"title":"Le FOOTBALL MEXICAIN - Abc-latina","description":"Le football mexicain.","robots":{"index":"index","follow":"follow","max-snippet":"max-snippet:-1","max-image-preview":"max-image-preview:large","max-video-preview":"max-video-preview:-1"},"canonical":"https:\/\/abc-latina.com\/index\/mexique\/","og_locale":"fr_FR","og_type":"article","og_title":"Le FOOTBALL MEXICAIN - Abc-latina","og_description":"Le football mexicain.","og_url":"https:\/\/abc-latina.com\/index\/mexique\/","og_site_name":"Abc-latina","article_modified_time":"2026-04-30T16:25:27+00:00","og_image":[{"url":"http:\/\/abc-latina.com\/wp-content\/uploads\/2011\/10\/053-football-au-mexique.jpg","type":"","width":"","height":""}],"twitter_card":"summary_large_image","twitter_misc":{"Dur\u00e9e de lecture estim\u00e9e":"1 minute"},"schema":{"@context":"https:\/\/schema.org","@graph":[{"@type":"WebPage","@id":"https:\/\/abc-latina.com\/index\/mexique\/","url":"https:\/\/abc-latina.com\/index\/mexique\/","name":"Le FOOTBALL MEXICAIN - Abc-latina","isPartOf":{"@id":"https:\/\/abc-latina.com\/#website"},"primaryImageOfPage":{"@id":"https:\/\/abc-latina.com\/index\/mexique\/#primaryimage"},"image":{"@id":"https:\/\/abc-latina.com\/index\/mexique\/#primaryimage"},"thumbnailUrl":"http:\/\/abc-latina.com\/wp-content\/uploads\/2011\/10\/053-football-au-mexique.jpg","datePublished":"2011-10-07T04:15:30+00:00","dateModified":"2026-04-30T16:25:27+00:00","description":"Le football mexicain.","breadcrumb":{"@id":"https:\/\/abc-latina.com\/index\/mexique\/#breadcrumb"},"inLanguage":"fr-FR","potentialAction":[{"@type":"ReadAction","target":["https:\/\/abc-latina.com\/index\/mexique\/"]}]},{"@type":"ImageObject","inLanguage":"fr-FR","@id":"https:\/\/abc-latina.com\/index\/mexique\/#primaryimage","url":"http:\/\/abc-latina.com\/wp-content\/uploads\/2011\/10\/053-football-au-mexique.jpg","contentUrl":"http:\/\/abc-latina.com\/wp-content\/uploads\/2011\/10\/053-football-au-mexique.jpg"},{"@type":"BreadcrumbList","@id":"https:\/\/abc-latina.com\/index\/mexique\/#breadcrumb","itemListElement":[{"@type":"ListItem","position":1,"name":"Accueil","item":"https:\/\/abc-latina.com\/"},{"@type":"ListItem","position":2,"name":"Le FOOTBALL MEXICAIN"}]},{"@type":"WebSite","@id":"https:\/\/abc-latina.com\/#website","url":"https:\/\/abc-latina.com\/","name":"Abc-latina","description":"","publisher":{"@id":"https:\/\/abc-latina.com\/#organization"},"potentialAction":[{"@type":"SearchAction","target":{"@type":"EntryPoint","urlTemplate":"https:\/\/abc-latina.com\/?s={search_term_string}"},"query-input":{"@type":"PropertyValueSpecification","valueRequired":true,"valueName":"search_term_string"}}],"inLanguage":"fr-FR"},{"@type":"Organization","@id":"https:\/\/abc-latina.com\/#organization","name":"Abc-latina","url":"https:\/\/abc-latina.com\/","logo":{"@type":"ImageObject","inLanguage":"fr-FR","@id":"https:\/\/abc-latina.com\/#\/schema\/logo\/image\/","url":"https:\/\/abc-latina.com\/wp-content\/uploads\/2026\/05\/cropped-logo.gif","contentUrl":"https:\/\/abc-latina.com\/wp-content\/uploads\/2026\/05\/cropped-logo.gif","width":89,"height":84,"caption":"Abc-latina"},"image":{"@id":"https:\/\/abc-latina.com\/#\/schema\/logo\/image\/"}}]}},"_links":{"self":[{"href":"https:\/\/abc-latina.com\/wp-json\/wp\/v2\/pages\/2815","targetHints":{"allow":["GET"]}}],"collection":[{"href":"https:\/\/abc-latina.com\/wp-json\/wp\/v2\/pages"}],"about":[{"href":"https:\/\/abc-latina.com\/wp-json\/wp\/v2\/types\/page"}],"author":[{"embeddable":true,"href":"https:\/\/abc-latina.com\/wp-json\/wp\/v2\/users\/3"}],"replies":[{"embeddable":true,"href":"https:\/\/abc-latina.com\/wp-json\/wp\/v2\/comments?post=2815"}],"version-history":[{"count":1,"href":"https:\/\/abc-latina.com\/wp-json\/wp\/v2\/pages\/2815\/revisions"}],"predecessor-version":[{"id":3958,"href":"https:\/\/abc-latina.com\/wp-json\/wp\/v2\/pages\/2815\/revisions\/3958"}],"up":[{"embeddable":true,"href":"https:\/\/abc-latina.com\/wp-json\/wp\/v2\/pages\/2786"}],"wp:attachment":[{"href":"https:\/\/abc-latina.com\/wp-json\/wp\/v2\/media?parent=2815"}],"curies":[{"name":"wp","href":"https:\/\/api.w.org\/{rel}","templated":true}]}}