{"id":2817,"date":"2011-10-07T06:23:54","date_gmt":"2011-10-07T04:23:54","guid":{"rendered":"http:\/\/abc-latina.com\/perou-htm-2\/"},"modified":"2026-04-30T18:25:27","modified_gmt":"2026-04-30T16:25:27","slug":"perou","status":"publish","type":"page","link":"https:\/\/abc-latina.com\/index\/perou\/","title":{"rendered":"Le FOOTBALL PERUVIEN"},"content":{"rendered":"<p>PEROU<\/p>\n<div>Nom: <strong>Federaci\u00f3n Peruana de F\u00fatbol<\/strong><\/div>\n<div>Ann\u00e9e de fondation : 1922<\/div>\n<div>Affiliations : CONMEBOL en 1922 &#8211; FIFA en 1924<\/div>\n<div>Couleur : Couleur maillot blanc avec une bande rouge,&nbsp;<\/div>\n<div>short blanc, bas blancs<\/div>\n<div>&nbsp;<\/div>\n<div>Nombre de clubs :&nbsp;<\/div>\n<div>Nombre de licenci\u00e9s :&nbsp;<\/div>\n<div>Nombre d&rsquo;arbitres :&nbsp;<\/div>\n<div>&nbsp;<\/div>\n<div><span class=\"tourisme-chapitre\">PALMARES<\/span>&nbsp;<\/div>\n<div>Coupe du Monde : 0<\/div>\n<div>Coupe des Conf\u00e9d\u00e9rations : 0<\/div>\n<div>Copa America : 2<\/div>\n<div>1939, 1975<\/div>\n<div>&nbsp;<\/div>\n<div><span class=\"tourisme-chapitre\">PERFORMANCES EN COUPE DU MONDE<\/span>&nbsp;<\/div>\n<div>Nombre de participations : 4<\/div>\n<div>1930, 1970, 1978, 1982<\/div>\n<div>&nbsp;<\/div>\n<div>Site Internet officiel : <a href=\"http:\/\/www.fpf.com.pe\/\" target=\"_blank\">www.fpf.com.pe\/<\/a><\/div>\n<div>Si\u00e8ge Av. Aviaci\u00f3n Cdra. 20 s\/n San Luis LIMA<\/div>\n<div>51-1\/225 8236 \/ 51-1\/225 8240<\/div>\n<div>Pr\u00e9sident Nicol\u00e1s, Dr Delfino Puccinelli<\/div>\n<div>Secr\u00e9taire G\u00e9n\u00e9ral Javier, Dr. Quintana Arraiza<\/div>\n<div>&nbsp;<\/div>\n<div><strong>ARTICLES &#8211; REPORTAGES<\/strong><\/div>\n<div>&nbsp;<\/div>\n<div>A Lima, le 23 mai 1964, il y a eu 318 morts lors d&rsquo;un match de tournoi pr\u00e9-olympique P\u00e9rou-Argentine.<\/div>\n<div>Il s&rsquo;agit de la plus grande trag\u00e9die, du plus grand nombre de mort lors d&rsquo;une rencontre de football.<\/div>\n<div><a target=\"_blank\" href=\"http:\/\/www.wearefootball.org\/hors-jeu\/52\/lire\/lima-1964-la-tragedie-du-football\/\">http:\/\/www.wearefootball.org\/hors-jeu\/52\/lire\/lima-1964-la-tragedie-du-football\/<\/a><\/div>\n","protected":false},"excerpt":{"rendered":"<p>PEROU Nom: Federaci\u00f3n Peruana de F\u00fatbol Ann\u00e9e de fondation : 1922 Affiliations : CONMEBOL en 1922 &#8211; FIFA en 1924 [&hellip;]<\/p>\n","protected":false},"author":3,"featured_media":0,"parent":2786,"menu_order":0,"comment_status":"closed","ping_status":"closed","template":"","meta":{"site-sidebar-layout":"default","site-content-layout":"","ast-site-content-layout":"default","site-content-style":"default","site-sidebar-style":"default","ast-global-header-display":"","ast-banner-title-visibility":"","ast-main-header-display":"","ast-hfb-above-header-display":"","ast-hfb-below-header-display":"","ast-hfb-mobile-header-display":"","site-post-title":"","ast-breadcrumbs-content":"","ast-featured-img":"","footer-sml-layout":"","ast-disable-related-posts":"","theme-transparent-header-meta":"","adv-header-id-meta":"","stick-header-meta":"","header-above-stick-meta":"","header-main-stick-meta":"","header-below-stick-meta":"","astra-migrate-meta-layouts":"default","ast-page-background-enabled":"default","ast-page-background-meta":{"desktop":{"background-color":"var(--ast-global-color-5)","background-image":"","background-repeat":"repeat","background-position":"center center","background-size":"auto","background-attachment":"scroll","background-type":"","background-media":"","overlay-type":"","overlay-color":"","overlay-opacity":"","overlay-gradient":""},"tablet":{"background-color":"","background-image":"","background-repeat":"repeat","background-position":"center center","background-size":"auto","background-attachment":"scroll","background-type":"","background-media":"","overlay-type":"","overlay-color":"","overlay-opacity":"","overlay-gradient":""},"mobile":{"background-color":"","background-image":"","background-repeat":"repeat","background-position":"center center","background-size":"auto","background-attachment":"scroll","background-type":"","background-media":"","overlay-type":"","overlay-color":"","overlay-opacity":"","overlay-gradient":""}},"ast-content-background-meta":{"desktop":{"background-color":"var(--ast-global-color-4)","background-image":"","background-repeat":"repeat","background-position":"center center","background-size":"auto","background-attachment":"scroll","background-type":"","background-media":"","overlay-type":"","overlay-color":"","overlay-opacity":"","overlay-gradient":""},"tablet":{"background-color":"var(--ast-global-color-4)","background-image":"","background-repeat":"repeat","background-position":"center center","background-size":"auto","background-attachment":"scroll","background-type":"","background-media":"","overlay-type":"","overlay-color":"","overlay-opacity":"","overlay-gradient":""},"mobile":{"background-color":"var(--ast-global-color-4)","background-image":"","background-repeat":"repeat","background-position":"center center","background-size":"auto","background-attachment":"scroll","background-type":"","background-media":"","overlay-type":"","overlay-color":"","overlay-opacity":"","overlay-gradient":""}},"footnotes":""},"class_list":["post-2817","page","type-page","status-publish","hentry"],"yoast_head":"<!-- This site is optimized with the Yoast SEO plugin v27.5 - https:\/\/yoast.com\/product\/yoast-seo-wordpress\/ -->\n<title>Le FOOTBALL PERUVIEN - Abc-latina<\/title>\n<meta name=\"description\" content=\"Le football p\u00e9ruvien.\" \/>\n<meta name=\"robots\" content=\"index, follow, max-snippet:-1, max-image-preview:large, max-video-preview:-1\" \/>\n<link rel=\"canonical\" href=\"https:\/\/abc-latina.com\/index\/perou\/\" \/>\n<meta property=\"og:locale\" content=\"fr_FR\" \/>\n<meta property=\"og:type\" content=\"article\" \/>\n<meta property=\"og:title\" content=\"Le FOOTBALL PERUVIEN - Abc-latina\" \/>\n<meta property=\"og:description\" content=\"Le football p\u00e9ruvien.\" \/>\n<meta property=\"og:url\" content=\"https:\/\/abc-latina.com\/index\/perou\/\" \/>\n<meta property=\"og:site_name\" content=\"Abc-latina\" \/>\n<meta property=\"article:modified_time\" content=\"2026-04-30T16:25:27+00:00\" \/>\n<meta name=\"twitter:card\" content=\"summary_large_image\" \/>\n<meta name=\"twitter:label1\" content=\"Dur\u00e9e de lecture estim\u00e9e\" \/>\n\t<meta name=\"twitter:data1\" content=\"1 minute\" \/>\n<script type=\"application\/ld+json\" class=\"yoast-schema-graph\">{\"@context\":\"https:\\\/\\\/schema.org\",\"@graph\":[{\"@type\":\"WebPage\",\"@id\":\"https:\\\/\\\/abc-latina.com\\\/index\\\/perou\\\/\",\"url\":\"https:\\\/\\\/abc-latina.com\\\/index\\\/perou\\\/\",\"name\":\"Le FOOTBALL PERUVIEN - Abc-latina\",\"isPartOf\":{\"@id\":\"https:\\\/\\\/abc-latina.com\\\/#website\"},\"datePublished\":\"2011-10-07T04:23:54+00:00\",\"dateModified\":\"2026-04-30T16:25:27+00:00\",\"description\":\"Le football p\u00e9ruvien.\",\"breadcrumb\":{\"@id\":\"https:\\\/\\\/abc-latina.com\\\/index\\\/perou\\\/#breadcrumb\"},\"inLanguage\":\"fr-FR\",\"potentialAction\":[{\"@type\":\"ReadAction\",\"target\":[\"https:\\\/\\\/abc-latina.com\\\/index\\\/perou\\\/\"]}]},{\"@type\":\"BreadcrumbList\",\"@id\":\"https:\\\/\\\/abc-latina.com\\\/index\\\/perou\\\/#breadcrumb\",\"itemListElement\":[{\"@type\":\"ListItem\",\"position\":1,\"name\":\"Accueil\",\"item\":\"https:\\\/\\\/abc-latina.com\\\/\"},{\"@type\":\"ListItem\",\"position\":2,\"name\":\"Le FOOTBALL PERUVIEN\"}]},{\"@type\":\"WebSite\",\"@id\":\"https:\\\/\\\/abc-latina.com\\\/#website\",\"url\":\"https:\\\/\\\/abc-latina.com\\\/\",\"name\":\"Abc-latina\",\"description\":\"\",\"publisher\":{\"@id\":\"https:\\\/\\\/abc-latina.com\\\/#organization\"},\"potentialAction\":[{\"@type\":\"SearchAction\",\"target\":{\"@type\":\"EntryPoint\",\"urlTemplate\":\"https:\\\/\\\/abc-latina.com\\\/?s={search_term_string}\"},\"query-input\":{\"@type\":\"PropertyValueSpecification\",\"valueRequired\":true,\"valueName\":\"search_term_string\"}}],\"inLanguage\":\"fr-FR\"},{\"@type\":\"Organization\",\"@id\":\"https:\\\/\\\/abc-latina.com\\\/#organization\",\"name\":\"Abc-latina\",\"url\":\"https:\\\/\\\/abc-latina.com\\\/\",\"logo\":{\"@type\":\"ImageObject\",\"inLanguage\":\"fr-FR\",\"@id\":\"https:\\\/\\\/abc-latina.com\\\/#\\\/schema\\\/logo\\\/image\\\/\",\"url\":\"https:\\\/\\\/abc-latina.com\\\/wp-content\\\/uploads\\\/2026\\\/05\\\/cropped-logo.gif\",\"contentUrl\":\"https:\\\/\\\/abc-latina.com\\\/wp-content\\\/uploads\\\/2026\\\/05\\\/cropped-logo.gif\",\"width\":89,\"height\":84,\"caption\":\"Abc-latina\"},\"image\":{\"@id\":\"https:\\\/\\\/abc-latina.com\\\/#\\\/schema\\\/logo\\\/image\\\/\"}}]}<\/script>\n<!-- \/ Yoast SEO plugin. -->","yoast_head_json":{"title":"Le FOOTBALL PERUVIEN - Abc-latina","description":"Le football p\u00e9ruvien.","robots":{"index":"index","follow":"follow","max-snippet":"max-snippet:-1","max-image-preview":"max-image-preview:large","max-video-preview":"max-video-preview:-1"},"canonical":"https:\/\/abc-latina.com\/index\/perou\/","og_locale":"fr_FR","og_type":"article","og_title":"Le FOOTBALL PERUVIEN - Abc-latina","og_description":"Le football p\u00e9ruvien.","og_url":"https:\/\/abc-latina.com\/index\/perou\/","og_site_name":"Abc-latina","article_modified_time":"2026-04-30T16:25:27+00:00","twitter_card":"summary_large_image","twitter_misc":{"Dur\u00e9e de lecture estim\u00e9e":"1 minute"},"schema":{"@context":"https:\/\/schema.org","@graph":[{"@type":"WebPage","@id":"https:\/\/abc-latina.com\/index\/perou\/","url":"https:\/\/abc-latina.com\/index\/perou\/","name":"Le FOOTBALL PERUVIEN - Abc-latina","isPartOf":{"@id":"https:\/\/abc-latina.com\/#website"},"datePublished":"2011-10-07T04:23:54+00:00","dateModified":"2026-04-30T16:25:27+00:00","description":"Le football p\u00e9ruvien.","breadcrumb":{"@id":"https:\/\/abc-latina.com\/index\/perou\/#breadcrumb"},"inLanguage":"fr-FR","potentialAction":[{"@type":"ReadAction","target":["https:\/\/abc-latina.com\/index\/perou\/"]}]},{"@type":"BreadcrumbList","@id":"https:\/\/abc-latina.com\/index\/perou\/#breadcrumb","itemListElement":[{"@type":"ListItem","position":1,"name":"Accueil","item":"https:\/\/abc-latina.com\/"},{"@type":"ListItem","position":2,"name":"Le FOOTBALL PERUVIEN"}]},{"@type":"WebSite","@id":"https:\/\/abc-latina.com\/#website","url":"https:\/\/abc-latina.com\/","name":"Abc-latina","description":"","publisher":{"@id":"https:\/\/abc-latina.com\/#organization"},"potentialAction":[{"@type":"SearchAction","target":{"@type":"EntryPoint","urlTemplate":"https:\/\/abc-latina.com\/?s={search_term_string}"},"query-input":{"@type":"PropertyValueSpecification","valueRequired":true,"valueName":"search_term_string"}}],"inLanguage":"fr-FR"},{"@type":"Organization","@id":"https:\/\/abc-latina.com\/#organization","name":"Abc-latina","url":"https:\/\/abc-latina.com\/","logo":{"@type":"ImageObject","inLanguage":"fr-FR","@id":"https:\/\/abc-latina.com\/#\/schema\/logo\/image\/","url":"https:\/\/abc-latina.com\/wp-content\/uploads\/2026\/05\/cropped-logo.gif","contentUrl":"https:\/\/abc-latina.com\/wp-content\/uploads\/2026\/05\/cropped-logo.gif","width":89,"height":84,"caption":"Abc-latina"},"image":{"@id":"https:\/\/abc-latina.com\/#\/schema\/logo\/image\/"}}]}},"_links":{"self":[{"href":"https:\/\/abc-latina.com\/wp-json\/wp\/v2\/pages\/2817","targetHints":{"allow":["GET"]}}],"collection":[{"href":"https:\/\/abc-latina.com\/wp-json\/wp\/v2\/pages"}],"about":[{"href":"https:\/\/abc-latina.com\/wp-json\/wp\/v2\/types\/page"}],"author":[{"embeddable":true,"href":"https:\/\/abc-latina.com\/wp-json\/wp\/v2\/users\/3"}],"replies":[{"embeddable":true,"href":"https:\/\/abc-latina.com\/wp-json\/wp\/v2\/comments?post=2817"}],"version-history":[{"count":1,"href":"https:\/\/abc-latina.com\/wp-json\/wp\/v2\/pages\/2817\/revisions"}],"predecessor-version":[{"id":3960,"href":"https:\/\/abc-latina.com\/wp-json\/wp\/v2\/pages\/2817\/revisions\/3960"}],"up":[{"embeddable":true,"href":"https:\/\/abc-latina.com\/wp-json\/wp\/v2\/pages\/2786"}],"wp:attachment":[{"href":"https:\/\/abc-latina.com\/wp-json\/wp\/v2\/media?parent=2817"}],"curies":[{"name":"wp","href":"https:\/\/api.w.org\/{rel}","templated":true}]}}