{"id":2822,"date":"2011-10-08T02:32:02","date_gmt":"2011-10-08T00:32:02","guid":{"rendered":"http:\/\/abc-latina.com\/circuit-jacarepagua-php\/"},"modified":"2026-04-30T18:25:27","modified_gmt":"2026-04-30T16:25:27","slug":"circuit-jacarepagua","status":"publish","type":"page","link":"https:\/\/abc-latina.com\/index\/circuit-jacarepagua\/","title":{"rendered":"Le CIRCUIT AUTOMOBILE JACAREPAGUA"},"content":{"rendered":"<p>&nbsp;Le circuit automobile Jacarepagu\u00e1<\/p>\n<div>&nbsp;<\/div>\n<div>10 GP<\/div>\n<div>En 1978 et de 1981 \u00e0 1989<\/div>\n<p style=\"text-align: center; \"><img loading=\"lazy\" decoding=\"async\" class=\" size-full wp-image-2821\" src=\"http:\/\/abc-latina.com\/wp-content\/uploads\/2011\/10\/circuit-jacarepagua.gif\" title=\"CIRCUIT JACAREPAGUA\" alt=\"Le CIRCUIT AUTOMOBILE JACAREPAGUA\" width=\"470\" height=\"334\" \/><\/p>\n<div><strong>Les autres circuits F1 latino-am\u00e9ricains&nbsp;<\/strong><\/div>\n<div><a href=\"circuit-interlagos.php\">Interlagos \u00e0 S\u00e0o Paulo<\/a><\/div>\n<div><a href=\"circuit-autodromo-hermanos-rodriguez.php\">Autodromo Hermanos Rodriguez \u00e0 Mexico<\/a><\/div>\n","protected":false},"excerpt":{"rendered":"<p>&nbsp;Le circuit automobile Jacarepagu\u00e1 &nbsp; 10 GP En 1978 et de 1981 \u00e0 1989 Les autres circuits F1 latino-am\u00e9ricains&nbsp; Interlagos [&hellip;]<\/p>\n","protected":false},"author":3,"featured_media":2821,"parent":2801,"menu_order":0,"comment_status":"closed","ping_status":"closed","template":"","meta":{"site-sidebar-layout":"default","site-content-layout":"","ast-site-content-layout":"default","site-content-style":"default","site-sidebar-style":"default","ast-global-header-display":"","ast-banner-title-visibility":"","ast-main-header-display":"","ast-hfb-above-header-display":"","ast-hfb-below-header-display":"","ast-hfb-mobile-header-display":"","site-post-title":"","ast-breadcrumbs-content":"","ast-featured-img":"","footer-sml-layout":"","ast-disable-related-posts":"","theme-transparent-header-meta":"","adv-header-id-meta":"","stick-header-meta":"","header-above-stick-meta":"","header-main-stick-meta":"","header-below-stick-meta":"","astra-migrate-meta-layouts":"default","ast-page-background-enabled":"default","ast-page-background-meta":{"desktop":{"background-color":"var(--ast-global-color-5)","background-image":"","background-repeat":"repeat","background-position":"center center","background-size":"auto","background-attachment":"scroll","background-type":"","background-media":"","overlay-type":"","overlay-color":"","overlay-opacity":"","overlay-gradient":""},"tablet":{"background-color":"","background-image":"","background-repeat":"repeat","background-position":"center center","background-size":"auto","background-attachment":"scroll","background-type":"","background-media":"","overlay-type":"","overlay-color":"","overlay-opacity":"","overlay-gradient":""},"mobile":{"background-color":"","background-image":"","background-repeat":"repeat","background-position":"center center","background-size":"auto","background-attachment":"scroll","background-type":"","background-media":"","overlay-type":"","overlay-color":"","overlay-opacity":"","overlay-gradient":""}},"ast-content-background-meta":{"desktop":{"background-color":"var(--ast-global-color-4)","background-image":"","background-repeat":"repeat","background-position":"center center","background-size":"auto","background-attachment":"scroll","background-type":"","background-media":"","overlay-type":"","overlay-color":"","overlay-opacity":"","overlay-gradient":""},"tablet":{"background-color":"var(--ast-global-color-4)","background-image":"","background-repeat":"repeat","background-position":"center center","background-size":"auto","background-attachment":"scroll","background-type":"","background-media":"","overlay-type":"","overlay-color":"","overlay-opacity":"","overlay-gradient":""},"mobile":{"background-color":"var(--ast-global-color-4)","background-image":"","background-repeat":"repeat","background-position":"center center","background-size":"auto","background-attachment":"scroll","background-type":"","background-media":"","overlay-type":"","overlay-color":"","overlay-opacity":"","overlay-gradient":""}},"footnotes":""},"class_list":["post-2822","page","type-page","status-publish","has-post-thumbnail","hentry"],"yoast_head":"<!-- This site is optimized with the Yoast SEO plugin v27.5 - https:\/\/yoast.com\/product\/yoast-seo-wordpress\/ -->\n<title>Le CIRCUIT AUTOMOBILE JACAREPAGUA - Abc-latina<\/title>\n<meta name=\"description\" content=\"Le circuit de Formule 1 de Jacarepagua au Br\u00e9sil.\" \/>\n<meta name=\"robots\" content=\"index, follow, max-snippet:-1, max-image-preview:large, max-video-preview:-1\" \/>\n<link rel=\"canonical\" href=\"https:\/\/abc-latina.com\/index\/circuit-jacarepagua\/\" \/>\n<meta property=\"og:locale\" content=\"fr_FR\" \/>\n<meta property=\"og:type\" content=\"article\" \/>\n<meta property=\"og:title\" content=\"Le CIRCUIT AUTOMOBILE JACAREPAGUA - Abc-latina\" \/>\n<meta property=\"og:description\" content=\"Le circuit de Formule 1 de Jacarepagua au Br\u00e9sil.\" \/>\n<meta property=\"og:url\" content=\"https:\/\/abc-latina.com\/index\/circuit-jacarepagua\/\" \/>\n<meta property=\"og:site_name\" content=\"Abc-latina\" \/>\n<meta property=\"article:modified_time\" content=\"2026-04-30T16:25:27+00:00\" \/>\n<meta property=\"og:image\" content=\"https:\/\/abc-latina.com\/wp-content\/uploads\/2011\/10\/circuit-jacarepagua.gif\" \/>\n\t<meta property=\"og:image:width\" content=\"470\" \/>\n\t<meta property=\"og:image:height\" content=\"334\" \/>\n\t<meta property=\"og:image:type\" content=\"image\/gif\" \/>\n<meta name=\"twitter:card\" content=\"summary_large_image\" \/>\n<script type=\"application\/ld+json\" class=\"yoast-schema-graph\">{\"@context\":\"https:\\\/\\\/schema.org\",\"@graph\":[{\"@type\":\"WebPage\",\"@id\":\"https:\\\/\\\/abc-latina.com\\\/index\\\/circuit-jacarepagua\\\/\",\"url\":\"https:\\\/\\\/abc-latina.com\\\/index\\\/circuit-jacarepagua\\\/\",\"name\":\"Le CIRCUIT AUTOMOBILE JACAREPAGUA - Abc-latina\",\"isPartOf\":{\"@id\":\"https:\\\/\\\/abc-latina.com\\\/#website\"},\"primaryImageOfPage\":{\"@id\":\"https:\\\/\\\/abc-latina.com\\\/index\\\/circuit-jacarepagua\\\/#primaryimage\"},\"image\":{\"@id\":\"https:\\\/\\\/abc-latina.com\\\/index\\\/circuit-jacarepagua\\\/#primaryimage\"},\"thumbnailUrl\":\"https:\\\/\\\/abc-latina.com\\\/wp-content\\\/uploads\\\/2011\\\/10\\\/circuit-jacarepagua.gif\",\"datePublished\":\"2011-10-08T00:32:02+00:00\",\"dateModified\":\"2026-04-30T16:25:27+00:00\",\"description\":\"Le circuit de Formule 1 de Jacarepagua au Br\u00e9sil.\",\"breadcrumb\":{\"@id\":\"https:\\\/\\\/abc-latina.com\\\/index\\\/circuit-jacarepagua\\\/#breadcrumb\"},\"inLanguage\":\"fr-FR\",\"potentialAction\":[{\"@type\":\"ReadAction\",\"target\":[\"https:\\\/\\\/abc-latina.com\\\/index\\\/circuit-jacarepagua\\\/\"]}]},{\"@type\":\"ImageObject\",\"inLanguage\":\"fr-FR\",\"@id\":\"https:\\\/\\\/abc-latina.com\\\/index\\\/circuit-jacarepagua\\\/#primaryimage\",\"url\":\"https:\\\/\\\/abc-latina.com\\\/wp-content\\\/uploads\\\/2011\\\/10\\\/circuit-jacarepagua.gif\",\"contentUrl\":\"https:\\\/\\\/abc-latina.com\\\/wp-content\\\/uploads\\\/2011\\\/10\\\/circuit-jacarepagua.gif\",\"width\":470,\"height\":334,\"caption\":\"CIRCUIT JACAREPAGUA\"},{\"@type\":\"BreadcrumbList\",\"@id\":\"https:\\\/\\\/abc-latina.com\\\/index\\\/circuit-jacarepagua\\\/#breadcrumb\",\"itemListElement\":[{\"@type\":\"ListItem\",\"position\":1,\"name\":\"Accueil\",\"item\":\"https:\\\/\\\/abc-latina.com\\\/\"},{\"@type\":\"ListItem\",\"position\":2,\"name\":\"Le CIRCUIT AUTOMOBILE JACAREPAGUA\"}]},{\"@type\":\"WebSite\",\"@id\":\"https:\\\/\\\/abc-latina.com\\\/#website\",\"url\":\"https:\\\/\\\/abc-latina.com\\\/\",\"name\":\"Abc-latina\",\"description\":\"\",\"publisher\":{\"@id\":\"https:\\\/\\\/abc-latina.com\\\/#organization\"},\"potentialAction\":[{\"@type\":\"SearchAction\",\"target\":{\"@type\":\"EntryPoint\",\"urlTemplate\":\"https:\\\/\\\/abc-latina.com\\\/?s={search_term_string}\"},\"query-input\":{\"@type\":\"PropertyValueSpecification\",\"valueRequired\":true,\"valueName\":\"search_term_string\"}}],\"inLanguage\":\"fr-FR\"},{\"@type\":\"Organization\",\"@id\":\"https:\\\/\\\/abc-latina.com\\\/#organization\",\"name\":\"Abc-latina\",\"url\":\"https:\\\/\\\/abc-latina.com\\\/\",\"logo\":{\"@type\":\"ImageObject\",\"inLanguage\":\"fr-FR\",\"@id\":\"https:\\\/\\\/abc-latina.com\\\/#\\\/schema\\\/logo\\\/image\\\/\",\"url\":\"https:\\\/\\\/abc-latina.com\\\/wp-content\\\/uploads\\\/2026\\\/05\\\/cropped-logo.gif\",\"contentUrl\":\"https:\\\/\\\/abc-latina.com\\\/wp-content\\\/uploads\\\/2026\\\/05\\\/cropped-logo.gif\",\"width\":89,\"height\":84,\"caption\":\"Abc-latina\"},\"image\":{\"@id\":\"https:\\\/\\\/abc-latina.com\\\/#\\\/schema\\\/logo\\\/image\\\/\"}}]}<\/script>\n<!-- \/ Yoast SEO plugin. -->","yoast_head_json":{"title":"Le CIRCUIT AUTOMOBILE JACAREPAGUA - Abc-latina","description":"Le circuit de Formule 1 de Jacarepagua au Br\u00e9sil.","robots":{"index":"index","follow":"follow","max-snippet":"max-snippet:-1","max-image-preview":"max-image-preview:large","max-video-preview":"max-video-preview:-1"},"canonical":"https:\/\/abc-latina.com\/index\/circuit-jacarepagua\/","og_locale":"fr_FR","og_type":"article","og_title":"Le CIRCUIT AUTOMOBILE JACAREPAGUA - Abc-latina","og_description":"Le circuit de Formule 1 de Jacarepagua au Br\u00e9sil.","og_url":"https:\/\/abc-latina.com\/index\/circuit-jacarepagua\/","og_site_name":"Abc-latina","article_modified_time":"2026-04-30T16:25:27+00:00","og_image":[{"width":470,"height":334,"url":"https:\/\/abc-latina.com\/wp-content\/uploads\/2011\/10\/circuit-jacarepagua.gif","type":"image\/gif"}],"twitter_card":"summary_large_image","schema":{"@context":"https:\/\/schema.org","@graph":[{"@type":"WebPage","@id":"https:\/\/abc-latina.com\/index\/circuit-jacarepagua\/","url":"https:\/\/abc-latina.com\/index\/circuit-jacarepagua\/","name":"Le CIRCUIT AUTOMOBILE JACAREPAGUA - Abc-latina","isPartOf":{"@id":"https:\/\/abc-latina.com\/#website"},"primaryImageOfPage":{"@id":"https:\/\/abc-latina.com\/index\/circuit-jacarepagua\/#primaryimage"},"image":{"@id":"https:\/\/abc-latina.com\/index\/circuit-jacarepagua\/#primaryimage"},"thumbnailUrl":"https:\/\/abc-latina.com\/wp-content\/uploads\/2011\/10\/circuit-jacarepagua.gif","datePublished":"2011-10-08T00:32:02+00:00","dateModified":"2026-04-30T16:25:27+00:00","description":"Le circuit de Formule 1 de Jacarepagua au Br\u00e9sil.","breadcrumb":{"@id":"https:\/\/abc-latina.com\/index\/circuit-jacarepagua\/#breadcrumb"},"inLanguage":"fr-FR","potentialAction":[{"@type":"ReadAction","target":["https:\/\/abc-latina.com\/index\/circuit-jacarepagua\/"]}]},{"@type":"ImageObject","inLanguage":"fr-FR","@id":"https:\/\/abc-latina.com\/index\/circuit-jacarepagua\/#primaryimage","url":"https:\/\/abc-latina.com\/wp-content\/uploads\/2011\/10\/circuit-jacarepagua.gif","contentUrl":"https:\/\/abc-latina.com\/wp-content\/uploads\/2011\/10\/circuit-jacarepagua.gif","width":470,"height":334,"caption":"CIRCUIT JACAREPAGUA"},{"@type":"BreadcrumbList","@id":"https:\/\/abc-latina.com\/index\/circuit-jacarepagua\/#breadcrumb","itemListElement":[{"@type":"ListItem","position":1,"name":"Accueil","item":"https:\/\/abc-latina.com\/"},{"@type":"ListItem","position":2,"name":"Le CIRCUIT AUTOMOBILE JACAREPAGUA"}]},{"@type":"WebSite","@id":"https:\/\/abc-latina.com\/#website","url":"https:\/\/abc-latina.com\/","name":"Abc-latina","description":"","publisher":{"@id":"https:\/\/abc-latina.com\/#organization"},"potentialAction":[{"@type":"SearchAction","target":{"@type":"EntryPoint","urlTemplate":"https:\/\/abc-latina.com\/?s={search_term_string}"},"query-input":{"@type":"PropertyValueSpecification","valueRequired":true,"valueName":"search_term_string"}}],"inLanguage":"fr-FR"},{"@type":"Organization","@id":"https:\/\/abc-latina.com\/#organization","name":"Abc-latina","url":"https:\/\/abc-latina.com\/","logo":{"@type":"ImageObject","inLanguage":"fr-FR","@id":"https:\/\/abc-latina.com\/#\/schema\/logo\/image\/","url":"https:\/\/abc-latina.com\/wp-content\/uploads\/2026\/05\/cropped-logo.gif","contentUrl":"https:\/\/abc-latina.com\/wp-content\/uploads\/2026\/05\/cropped-logo.gif","width":89,"height":84,"caption":"Abc-latina"},"image":{"@id":"https:\/\/abc-latina.com\/#\/schema\/logo\/image\/"}}]}},"_links":{"self":[{"href":"https:\/\/abc-latina.com\/wp-json\/wp\/v2\/pages\/2822","targetHints":{"allow":["GET"]}}],"collection":[{"href":"https:\/\/abc-latina.com\/wp-json\/wp\/v2\/pages"}],"about":[{"href":"https:\/\/abc-latina.com\/wp-json\/wp\/v2\/types\/page"}],"author":[{"embeddable":true,"href":"https:\/\/abc-latina.com\/wp-json\/wp\/v2\/users\/3"}],"replies":[{"embeddable":true,"href":"https:\/\/abc-latina.com\/wp-json\/wp\/v2\/comments?post=2822"}],"version-history":[{"count":1,"href":"https:\/\/abc-latina.com\/wp-json\/wp\/v2\/pages\/2822\/revisions"}],"predecessor-version":[{"id":3966,"href":"https:\/\/abc-latina.com\/wp-json\/wp\/v2\/pages\/2822\/revisions\/3966"}],"up":[{"embeddable":true,"href":"https:\/\/abc-latina.com\/wp-json\/wp\/v2\/pages\/2801"}],"wp:featuredmedia":[{"embeddable":true,"href":"https:\/\/abc-latina.com\/wp-json\/wp\/v2\/media\/2821"}],"wp:attachment":[{"href":"https:\/\/abc-latina.com\/wp-json\/wp\/v2\/media?parent=2822"}],"curies":[{"name":"wp","href":"https:\/\/api.w.org\/{rel}","templated":true}]}}