{"id":2837,"date":"2011-10-31T21:57:47","date_gmt":"2011-10-31T20:57:47","guid":{"rendered":"http:\/\/abc-latina.com\/copa-libertadores-php\/"},"modified":"2026-04-30T18:25:27","modified_gmt":"2026-04-30T16:25:27","slug":"copa-libertadores","status":"publish","type":"page","link":"https:\/\/abc-latina.com\/index\/copa-libertadores\/","title":{"rendered":"La COPA LIBERTADORES"},"content":{"rendered":"<p>&nbsp;C&rsquo;est l&rsquo;\u00e9quivalent de la Ligue des champions europ\u00e9enne, elle oppose tous les ans les meilleurs clubs d&rsquo;Am\u00e9rique du Sud (depuis peu, les meilleurs clubs mexicains peuvent aussi y participer). Cr\u00e9\u00e9e en1960. elle se d\u00e9roule entre janvier et juillet, l&rsquo;autre grande comp\u00e9tition latino-am\u00e9ricaine, la <a href=\"copa-sudamericana\">Copa Sudamericana<\/a>, se d\u00e9roule entre ao\u00fbt et d\u00e9cembre, permettant aux meilleurs clubs du continent de se retrouver \u00e0 deux reprises dans l&rsquo;ann\u00e9e.<\/p>\n<div>&nbsp;<\/div>\n<div>Le vainqueur de la Copa Libertadores affronte l&rsquo;\u00e9quipe qui a remport\u00e9 la Copa Sudamericana. On peut ainsi dire que l&rsquo;\u00e9quipe qui remporte cette confrontation devient le meilleur club d&rsquo;Am\u00e9rique latine.<\/div>\n<div>&nbsp;<\/div>\n<div><span class=\"tourisme-chapitre\">Palmar\u00e8s de la Copa Libertadores<\/span><\/div>\n<div>&nbsp;<\/div>\n<div>1960 Pe\u00f1arol Club Olimpia 1 &#8211; 0 ; 1 &#8211; 1 San Lorenzo \/\/\/ Millonarios<\/div>\n<div>&nbsp;<\/div>\n<div>1961 Pe\u00f1arol SE Palmeiras 1 &#8211; 0 ; 1 &#8211; 1 Club Olimpia \/\/\/ Independiente Santa Fe<\/div>\n<div>&nbsp;<\/div>\n<div>1962 Santos FC Pe\u00f1arol 2 &#8211; 1 ; 2 &#8211; 3 (match d&rsquo;appui 3 &#8211; 0) Universidad Cat\u00f3lica \/\/\/ Nacional<\/div>\n<div>&nbsp;<\/div>\n<div>1963 Santos FC Boca Juniors 3 &#8211; 2 ; 2 &#8211; 1 Botafogo FR \/\/\/ Pe\u00f1arol<\/div>\n<div>&nbsp;<\/div>\n<div>1964 Independiente Nacional 0 &#8211; 0 ; 1 &#8211; 0 Santos FC \/\/\/ Colo Colo<\/div>\n<div>&nbsp;<\/div>\n<div>1965 Independiente Pe\u00f1arol 1 &#8211; 0 ; 1 &#8211; 3 (match d&rsquo;appui 4 &#8211; 1) Santos FC \/\/\/ Boca Juniors<\/div>\n<div>&nbsp;<\/div>\n<div>1966 Pe\u00f1arol River Plate 2 &#8211; 0 ; 2 &#8211; 3 (match d&rsquo;appui 4 &#8211; 2) Independiente \/\/\/ Universidad Cat\u00f3lica<\/div>\n<div>&nbsp;<\/div>\n<div>1967 Racing Club Nacional 0 &#8211; 0 ; 0 &#8211; 0 (match d&rsquo;appui 2 &#8211; 1) Universitario de Deportes \/\/\/ Cruzeiro EC<\/div>\n<div>&nbsp;<\/div>\n<div>1968 Estudiantes LP SE Palmeiras 2 &#8211; 1 ; 1 &#8211; 3 (match d&rsquo;appui 2 &#8211; 0) Pe\u00f1arol \/\/\/ Racing Club<\/div>\n<div>&nbsp;<\/div>\n<div>1969 Estudiantes LP Nacional 1 &#8211; 0 ; 2 &#8211; 0 Pe\u00f1arol \/\/\/ Universidad Cat\u00f3lica<\/div>\n<div>&nbsp;<\/div>\n<div>1970 Estudiantes LP Pe\u00f1arol 1 &#8211; 0 ; 0 &#8211; 0 Universidad de Chile \/\/\/ River Plate<\/div>\n<div>&nbsp;<\/div>\n<div>1971 Nacional Estudiantes LP 0 &#8211; 1 ; 1 &#8211; 0 (match d&rsquo;appui 2 &#8211; 0) SE Palmeiras \/\/\/ Barcelona SC<\/div>\n<div>&nbsp;<\/div>\n<div>1972 Independiente Universitario de Deportes 0 &#8211; 0 ; 2 &#8211; 1 Nacional \/\/\/ S\u00e3o Paulo FC<\/div>\n<div>&nbsp;<\/div>\n<div>1973 Independiente Colo Colo 1 &#8211; 1 ; 0 &#8211; 0 (match d&rsquo;appui 2 &#8211; 1 San Lorenzo \/\/\/ CD Los Millonarios<\/div>\n<div>&nbsp;<\/div>\n<div>1974 Independiente S\u00e3o Paulo FC 1 &#8211; 2 ; 2 &#8211; 0 (match d&rsquo;appui 1 &#8211; 0) Pe\u00f1arol \/\/\/ Millonarios<\/div>\n<div>&nbsp;<\/div>\n<div>1975 Independiente Club de Deportes Union Espa\u00f1ola 0 &#8211; 1 ; 3 &#8211; 1 (match d&rsquo;appui 2 &#8211; 0) CA Rosario Central \/\/\/ Universitario de Deportes<\/div>\n<div>&nbsp;<\/div>\n<div>1976 Cruzeiro EC River Plate 4 &#8211; 1 ; 1 &#8211; 2 (match d&rsquo;appui 3 &#8211; 2) LDU Quito \/\/\/ Independiente<\/div>\n<div>&nbsp;<\/div>\n<div>1977 Boca Juniors Cruzeiro EC 1 &#8211; 0 ; 0 &#8211; 1 (match d&rsquo;appui 0 &#8211; 0 (5 &#8211; 4 tab)) Deportivo Cali \/\/\/ SC Internacional<\/div>\n<div>&nbsp;<\/div>\n<div>1978 Boca Juniors Deportivo Cali 0 &#8211; 0 ; 4 &#8211; 0 River Plate \/\/\/ Cerro Porte\u00f1o<\/div>\n<div>&nbsp;<\/div>\n<div>1979 Club Olimpia Boca Juniors 2 &#8211; 0 ; 0 &#8211; 0 Independiente \/\/\/ Guarani FC<\/div>\n<div>&nbsp;<\/div>\n<div>1980 Nacional SC Internacional 0 &#8211; 0 ; 1 &#8211; 0 Club Olimpia \/\/\/ Am\u00e9rica Cali<\/div>\n<div>&nbsp;<\/div>\n<div>1981 CR Flamengo Cobreloa 2 &#8211; 1 ; 0 &#8211; 1 (match d&rsquo;appui 2 &#8211; 0) Deportivo Cali \/\/\/ Nacional<\/div>\n<div>&nbsp;<\/div>\n<div>1982 Pe\u00f1arol Cobreloa 0 &#8211; 0 ; 1 &#8211; 0 CR Flamengo \/\/\/ Club Olimpia<\/div>\n<div>&nbsp;<\/div>\n<div>1983 Gr\u00eamio Porto Alegre Pe\u00f1arol 1 &#8211; 1 ; 2 &#8211; 1 Nacional \/\/\/ Estudiantes LP<\/div>\n<div>&nbsp;<\/div>\n<div>1984 Independiente Gr\u00eamio Porto Alegre 1 &#8211; 0 ; 0 &#8211; 0 Nacional \/\/\/ CR Flamengo<\/div>\n<div>&nbsp;<\/div>\n<div>1985 Argentinos Juniors Am\u00e9rica Cali 1 &#8211; 0 ; 0 &#8211; 1 (match d&rsquo;appui 1 &#8211; 1 (5 &#8211; 4 tab)) El Nacional \/\/\/ Independiente<\/div>\n<div>&nbsp;<\/div>\n<div>1986 River Plate Am\u00e9rica Cali 2 &#8211; 1 ; 1 &#8211; 0 Argentinos Juniors \/\/\/ Club Olimpia<\/div>\n<div>&nbsp;<\/div>\n<div>1987 Pe\u00f1arol Am\u00e9rica Cali 0 &#8211; 2 ; 2 &#8211; 1 (match d&rsquo;appui 1 &#8211; 0) Cobreloa \/\/\/ River Plate<\/div>\n<div>&nbsp;<\/div>\n<div>1988 Nacional Newell&rsquo;s Old Boys 0 &#8211; 1 ; 3 &#8211; 0 Am\u00e9rica Cali \/\/\/ San Lorenzo<\/div>\n<div>&nbsp;<\/div>\n<div>1989 Atl\u00e9tico Nacional Club Olimpia 0 &#8211; 2 ; 2 &#8211; 0 (5 &#8211; 4 tab) Danubio FC \/\/\/ SC Internacional<\/div>\n<div>&nbsp;<\/div>\n<div>1990 Club Olimpia Barcelona SC 2 &#8211; 0 ; 1 &#8211; 1 River Plate \/\/\/ Atl\u00e9tico Nacional<\/div>\n<div>&nbsp;<\/div>\n<div>1991 Colo Colo Club Olimpia 0 &#8211; 0 ; 3 &#8211; 0 Atl\u00e9tico Nacional \/\/\/ Boca Juniors<\/div>\n<div>&nbsp;<\/div>\n<div>1992 S\u00e3o Paulo FC Newell&rsquo;s Old Boys 0 &#8211; 1 ; 1 &#8211; 0 (3 &#8211; 2 tab) Am\u00e9rica Cali \/\/\/ Barcelona SC<\/div>\n<div>&nbsp;<\/div>\n<div>1993 S\u00e3o Paulo FC Universidad Cat\u00f3lica 5 &#8211; 1 ; 0 &#8211; 2 Am\u00e9rica Cali \/\/\/ Cerro Porte\u00f1o<\/div>\n<div>&nbsp;<\/div>\n<div>1994 CA V\u00e9lez S\u00e1rsfield S\u00e3o Paulo FC 1 &#8211; 0 ; 0 &#8211; 1 (5 &#8211; 3 tab) Junior \/\/\/ Club Olimpia<\/div>\n<div>&nbsp;<\/div>\n<div>1995 Gr\u00eamio Porto Alegre Atl\u00e9tico Nacional 3 &#8211; 1 ; 1 &#8211; 1 River Plate \/\/\/ CS Emelec<\/div>\n<div>&nbsp;<\/div>\n<div>1996 River Plate Am\u00e9rica Cali 0 &#8211; 1 ; 2 &#8211; 0 Gr\u00eamio Porto Alegre \/\/\/ Universidad de Chile<\/div>\n<div>&nbsp;<\/div>\n<div>1997 Cruzeiro EC Sporting Cristal 0 &#8211; 0 ; 1 &#8211; 0 Colo Colo \/\/\/ Racing Club<\/div>\n<div>&nbsp;<\/div>\n<div>1998 CR Vasco da Gama Barcelona SC 2 &#8211; 0 ; 2 &#8211; 1 Cerro Porte\u00f1o \/\/\/ River Plate<\/div>\n<div>&nbsp;<\/div>\n<div>1999 SE Palmeiras Deportivo Cali 0 &#8211; 1 ; 2 &#8211; 1 (4 &#8211; 3 tab) River Plate \/\/\/ Cerro Porte\u00f1o<\/div>\n<div>&nbsp;<\/div>\n<div>2000 Boca Juniors SE Palmeiras 2 &#8211; 2 ; 0 &#8211; 0 (4 &#8211; 2 tab) SC Corinthians \/\/\/ Club Am\u00e9rica<\/div>\n<div>&nbsp;<\/div>\n<div>2001 Boca Juniors CD Cruz Azul 1 &#8211; 0 ; 0 &#8211; 1 (3 &#8211; 1 tab) SE Palmeiras \/\/\/ CA Rosario Central<\/div>\n<div>&nbsp;<\/div>\n<div>2002 Club Olimpia AD S\u00e3o Caetano 0 &#8211; 1 ; 2 &#8211; 1 (4 &#8211; 2 tab) Club Am\u00e9rica \/\/\/ Gr\u00eamio Porto Alegre<\/div>\n<div>&nbsp;<\/div>\n<div>2003 Boca Juniors Santos FC 2 &#8211; 0 ; 3 &#8211; 1 Independiente Medell\u00edn \/\/\/ Am\u00e9rica Cali<\/div>\n<div>&nbsp;<\/div>\n<div>2004 Once Caldas Boca Juniors 0 &#8211; 0 ; 1 &#8211; 1 (2 &#8211; 0 tab) River Plate \/\/\/ S\u00e3o Paulo FC<\/div>\n<div>&nbsp;<\/div>\n<div>2005 S\u00e3o Paulo FC Atl\u00e9tico Paranaense 1 &#8211; 1 ; 4 &#8211; 0 Chivas de Guadalajara \/\/\/ River Plate<\/div>\n<div>&nbsp;<\/div>\n<div>2006 SC Internacional S\u00e3o Paulo FC 2 &#8211; 1 ; 2 &#8211; 2 Club Libertad \/\/\/ Chivas de Guadalajara<\/div>\n<div>&nbsp;<\/div>\n<div>2007 Boca Juniors Gr\u00eamio Porto Alegre 3 &#8211; 0 ; 2 &#8211; 0 Santos FC \/\/\/ C\u00facuta Deportivo<\/div>\n<div>&nbsp;<\/div>\n<div>2008 LDU Quito Fluminense 4 &#8211; 2 ; 1 &#8211; 3 (3 &#8211; 1 tab) Club Am\u00e9rica \/\/\/ Boca Juniors&nbsp;<\/div>\n","protected":false},"excerpt":{"rendered":"<p>&nbsp;C&rsquo;est l&rsquo;\u00e9quivalent de la Ligue des champions europ\u00e9enne, elle oppose tous les ans les meilleurs clubs d&rsquo;Am\u00e9rique du Sud (depuis [&hellip;]<\/p>\n","protected":false},"author":3,"featured_media":0,"parent":2786,"menu_order":0,"comment_status":"closed","ping_status":"closed","template":"","meta":{"site-sidebar-layout":"default","site-content-layout":"","ast-site-content-layout":"default","site-content-style":"default","site-sidebar-style":"default","ast-global-header-display":"","ast-banner-title-visibility":"","ast-main-header-display":"","ast-hfb-above-header-display":"","ast-hfb-below-header-display":"","ast-hfb-mobile-header-display":"","site-post-title":"","ast-breadcrumbs-content":"","ast-featured-img":"","footer-sml-layout":"","ast-disable-related-posts":"","theme-transparent-header-meta":"","adv-header-id-meta":"","stick-header-meta":"","header-above-stick-meta":"","header-main-stick-meta":"","header-below-stick-meta":"","astra-migrate-meta-layouts":"default","ast-page-background-enabled":"default","ast-page-background-meta":{"desktop":{"background-color":"var(--ast-global-color-5)","background-image":"","background-repeat":"repeat","background-position":"center center","background-size":"auto","background-attachment":"scroll","background-type":"","background-media":"","overlay-type":"","overlay-color":"","overlay-opacity":"","overlay-gradient":""},"tablet":{"background-color":"","background-image":"","background-repeat":"repeat","background-position":"center center","background-size":"auto","background-attachment":"scroll","background-type":"","background-media":"","overlay-type":"","overlay-color":"","overlay-opacity":"","overlay-gradient":""},"mobile":{"background-color":"","background-image":"","background-repeat":"repeat","background-position":"center center","background-size":"auto","background-attachment":"scroll","background-type":"","background-media":"","overlay-type":"","overlay-color":"","overlay-opacity":"","overlay-gradient":""}},"ast-content-background-meta":{"desktop":{"background-color":"var(--ast-global-color-4)","background-image":"","background-repeat":"repeat","background-position":"center center","background-size":"auto","background-attachment":"scroll","background-type":"","background-media":"","overlay-type":"","overlay-color":"","overlay-opacity":"","overlay-gradient":""},"tablet":{"background-color":"var(--ast-global-color-4)","background-image":"","background-repeat":"repeat","background-position":"center center","background-size":"auto","background-attachment":"scroll","background-type":"","background-media":"","overlay-type":"","overlay-color":"","overlay-opacity":"","overlay-gradient":""},"mobile":{"background-color":"var(--ast-global-color-4)","background-image":"","background-repeat":"repeat","background-position":"center center","background-size":"auto","background-attachment":"scroll","background-type":"","background-media":"","overlay-type":"","overlay-color":"","overlay-opacity":"","overlay-gradient":""}},"footnotes":""},"class_list":["post-2837","page","type-page","status-publish","hentry"],"yoast_head":"<!-- This site is optimized with the Yoast SEO plugin v27.5 - https:\/\/yoast.com\/product\/yoast-seo-wordpress\/ -->\n<title>La COPA LIBERTADORES - Abc-latina<\/title>\n<meta name=\"description\" content=\"La Copa Libertadores.\" \/>\n<meta name=\"robots\" content=\"index, follow, max-snippet:-1, max-image-preview:large, max-video-preview:-1\" \/>\n<link rel=\"canonical\" href=\"https:\/\/abc-latina.com\/index\/copa-libertadores\/\" \/>\n<meta property=\"og:locale\" content=\"fr_FR\" \/>\n<meta property=\"og:type\" content=\"article\" \/>\n<meta property=\"og:title\" content=\"La COPA LIBERTADORES - Abc-latina\" \/>\n<meta property=\"og:description\" content=\"La Copa Libertadores.\" \/>\n<meta property=\"og:url\" content=\"https:\/\/abc-latina.com\/index\/copa-libertadores\/\" \/>\n<meta property=\"og:site_name\" content=\"Abc-latina\" \/>\n<meta property=\"article:modified_time\" content=\"2026-04-30T16:25:27+00:00\" \/>\n<meta name=\"twitter:card\" content=\"summary_large_image\" \/>\n<meta name=\"twitter:label1\" content=\"Dur\u00e9e de lecture estim\u00e9e\" \/>\n\t<meta name=\"twitter:data1\" content=\"4 minutes\" \/>\n<script type=\"application\/ld+json\" class=\"yoast-schema-graph\">{\"@context\":\"https:\\\/\\\/schema.org\",\"@graph\":[{\"@type\":\"WebPage\",\"@id\":\"https:\\\/\\\/abc-latina.com\\\/index\\\/copa-libertadores\\\/\",\"url\":\"https:\\\/\\\/abc-latina.com\\\/index\\\/copa-libertadores\\\/\",\"name\":\"La COPA LIBERTADORES - Abc-latina\",\"isPartOf\":{\"@id\":\"https:\\\/\\\/abc-latina.com\\\/#website\"},\"datePublished\":\"2011-10-31T20:57:47+00:00\",\"dateModified\":\"2026-04-30T16:25:27+00:00\",\"description\":\"La Copa Libertadores.\",\"breadcrumb\":{\"@id\":\"https:\\\/\\\/abc-latina.com\\\/index\\\/copa-libertadores\\\/#breadcrumb\"},\"inLanguage\":\"fr-FR\",\"potentialAction\":[{\"@type\":\"ReadAction\",\"target\":[\"https:\\\/\\\/abc-latina.com\\\/index\\\/copa-libertadores\\\/\"]}]},{\"@type\":\"BreadcrumbList\",\"@id\":\"https:\\\/\\\/abc-latina.com\\\/index\\\/copa-libertadores\\\/#breadcrumb\",\"itemListElement\":[{\"@type\":\"ListItem\",\"position\":1,\"name\":\"Accueil\",\"item\":\"https:\\\/\\\/abc-latina.com\\\/\"},{\"@type\":\"ListItem\",\"position\":2,\"name\":\"La COPA LIBERTADORES\"}]},{\"@type\":\"WebSite\",\"@id\":\"https:\\\/\\\/abc-latina.com\\\/#website\",\"url\":\"https:\\\/\\\/abc-latina.com\\\/\",\"name\":\"Abc-latina\",\"description\":\"\",\"publisher\":{\"@id\":\"https:\\\/\\\/abc-latina.com\\\/#organization\"},\"potentialAction\":[{\"@type\":\"SearchAction\",\"target\":{\"@type\":\"EntryPoint\",\"urlTemplate\":\"https:\\\/\\\/abc-latina.com\\\/?s={search_term_string}\"},\"query-input\":{\"@type\":\"PropertyValueSpecification\",\"valueRequired\":true,\"valueName\":\"search_term_string\"}}],\"inLanguage\":\"fr-FR\"},{\"@type\":\"Organization\",\"@id\":\"https:\\\/\\\/abc-latina.com\\\/#organization\",\"name\":\"Abc-latina\",\"url\":\"https:\\\/\\\/abc-latina.com\\\/\",\"logo\":{\"@type\":\"ImageObject\",\"inLanguage\":\"fr-FR\",\"@id\":\"https:\\\/\\\/abc-latina.com\\\/#\\\/schema\\\/logo\\\/image\\\/\",\"url\":\"https:\\\/\\\/abc-latina.com\\\/wp-content\\\/uploads\\\/2026\\\/05\\\/cropped-logo.gif\",\"contentUrl\":\"https:\\\/\\\/abc-latina.com\\\/wp-content\\\/uploads\\\/2026\\\/05\\\/cropped-logo.gif\",\"width\":89,\"height\":84,\"caption\":\"Abc-latina\"},\"image\":{\"@id\":\"https:\\\/\\\/abc-latina.com\\\/#\\\/schema\\\/logo\\\/image\\\/\"}}]}<\/script>\n<!-- \/ Yoast SEO plugin. -->","yoast_head_json":{"title":"La COPA LIBERTADORES - Abc-latina","description":"La Copa Libertadores.","robots":{"index":"index","follow":"follow","max-snippet":"max-snippet:-1","max-image-preview":"max-image-preview:large","max-video-preview":"max-video-preview:-1"},"canonical":"https:\/\/abc-latina.com\/index\/copa-libertadores\/","og_locale":"fr_FR","og_type":"article","og_title":"La COPA LIBERTADORES - Abc-latina","og_description":"La Copa Libertadores.","og_url":"https:\/\/abc-latina.com\/index\/copa-libertadores\/","og_site_name":"Abc-latina","article_modified_time":"2026-04-30T16:25:27+00:00","twitter_card":"summary_large_image","twitter_misc":{"Dur\u00e9e de lecture estim\u00e9e":"4 minutes"},"schema":{"@context":"https:\/\/schema.org","@graph":[{"@type":"WebPage","@id":"https:\/\/abc-latina.com\/index\/copa-libertadores\/","url":"https:\/\/abc-latina.com\/index\/copa-libertadores\/","name":"La COPA LIBERTADORES - Abc-latina","isPartOf":{"@id":"https:\/\/abc-latina.com\/#website"},"datePublished":"2011-10-31T20:57:47+00:00","dateModified":"2026-04-30T16:25:27+00:00","description":"La Copa Libertadores.","breadcrumb":{"@id":"https:\/\/abc-latina.com\/index\/copa-libertadores\/#breadcrumb"},"inLanguage":"fr-FR","potentialAction":[{"@type":"ReadAction","target":["https:\/\/abc-latina.com\/index\/copa-libertadores\/"]}]},{"@type":"BreadcrumbList","@id":"https:\/\/abc-latina.com\/index\/copa-libertadores\/#breadcrumb","itemListElement":[{"@type":"ListItem","position":1,"name":"Accueil","item":"https:\/\/abc-latina.com\/"},{"@type":"ListItem","position":2,"name":"La COPA LIBERTADORES"}]},{"@type":"WebSite","@id":"https:\/\/abc-latina.com\/#website","url":"https:\/\/abc-latina.com\/","name":"Abc-latina","description":"","publisher":{"@id":"https:\/\/abc-latina.com\/#organization"},"potentialAction":[{"@type":"SearchAction","target":{"@type":"EntryPoint","urlTemplate":"https:\/\/abc-latina.com\/?s={search_term_string}"},"query-input":{"@type":"PropertyValueSpecification","valueRequired":true,"valueName":"search_term_string"}}],"inLanguage":"fr-FR"},{"@type":"Organization","@id":"https:\/\/abc-latina.com\/#organization","name":"Abc-latina","url":"https:\/\/abc-latina.com\/","logo":{"@type":"ImageObject","inLanguage":"fr-FR","@id":"https:\/\/abc-latina.com\/#\/schema\/logo\/image\/","url":"https:\/\/abc-latina.com\/wp-content\/uploads\/2026\/05\/cropped-logo.gif","contentUrl":"https:\/\/abc-latina.com\/wp-content\/uploads\/2026\/05\/cropped-logo.gif","width":89,"height":84,"caption":"Abc-latina"},"image":{"@id":"https:\/\/abc-latina.com\/#\/schema\/logo\/image\/"}}]}},"_links":{"self":[{"href":"https:\/\/abc-latina.com\/wp-json\/wp\/v2\/pages\/2837","targetHints":{"allow":["GET"]}}],"collection":[{"href":"https:\/\/abc-latina.com\/wp-json\/wp\/v2\/pages"}],"about":[{"href":"https:\/\/abc-latina.com\/wp-json\/wp\/v2\/types\/page"}],"author":[{"embeddable":true,"href":"https:\/\/abc-latina.com\/wp-json\/wp\/v2\/users\/3"}],"replies":[{"embeddable":true,"href":"https:\/\/abc-latina.com\/wp-json\/wp\/v2\/comments?post=2837"}],"version-history":[{"count":1,"href":"https:\/\/abc-latina.com\/wp-json\/wp\/v2\/pages\/2837\/revisions"}],"predecessor-version":[{"id":3951,"href":"https:\/\/abc-latina.com\/wp-json\/wp\/v2\/pages\/2837\/revisions\/3951"}],"up":[{"embeddable":true,"href":"https:\/\/abc-latina.com\/wp-json\/wp\/v2\/pages\/2786"}],"wp:attachment":[{"href":"https:\/\/abc-latina.com\/wp-json\/wp\/v2\/media?parent=2837"}],"curies":[{"name":"wp","href":"https:\/\/api.w.org\/{rel}","templated":true}]}}