{"id":2838,"date":"2011-10-31T22:00:14","date_gmt":"2011-10-31T21:00:14","guid":{"rendered":"http:\/\/abc-latina.com\/copa-sudamericana-php\/"},"modified":"2026-04-30T18:25:27","modified_gmt":"2026-04-30T16:25:27","slug":"copa-sudamericana","status":"publish","type":"page","link":"https:\/\/abc-latina.com\/index\/copa-sudamericana\/","title":{"rendered":"La COPA SUDAMERICANA"},"content":{"rendered":"<p>&nbsp;Moins prestigieuse que la <a href=\"copa-libertadores\">Copa Libertadores<\/a>, elle aussi r\u00e9unit les meilleurs clubs du continent sud-am\u00e9ricains et de la f\u00e9d\u00e9ration du CONCACAF (Am\u00e9rique du nord, centrale, et Cara\u00efbes). La comp\u00e9tition a lieu de ao\u00fbt et d\u00e9cembre.<\/p>\n<div>Le vainqueur de la Copa Sudamericana affronte l&rsquo;\u00e9quipe qui a remport\u00e9 la Copa Libertadores. On peut ainsi dire que l&rsquo;\u00e9quipe qui remporte cette confrontation devient le meilleur club d&rsquo;Am\u00e9rique latine.<\/div>\n<div>&nbsp;<\/div>\n<div><span class=\"tourisme-chapitre\">Palmar\u00e8s de la Copa Sudamericana<\/span><\/div>\n<div>&nbsp;<\/div>\n<div>2002 <strong>San Lorenzo<\/strong> ( Argentine) 4 &#8211; 0 et 0 &#8211; 0<\/div>\n<div>Atl\u00e9tico Nacional ( Colombie)<\/div>\n<div>&nbsp;<\/div>\n<div>2003<strong> Cienciano de Cuzco<\/strong> ( P\u00e9rou) 3 &#8211; 3 et 1 &#8211; 0<\/div>\n<div>River Plate ( Argentine)<\/div>\n<div>&nbsp;<\/div>\n<div>2004 <strong>Boca Juniors<\/strong> ( Argentine) 0 &#8211; 1 et 2 &#8211; 0<\/div>\n<div>Bol\u00edvar La Paz ( Bolivie)<\/div>\n<div>&nbsp;<\/div>\n<div>2005 <strong>Boca Juniors<\/strong> ( Argentine) 1 &#8211; 1 et 1 &#8211; 1 (tab : 4-3)<\/div>\n<div>UNAM Pumas ( Mexique)<\/div>\n<div>&nbsp;<\/div>\n<div>2006 <strong>CF Pachuca<\/strong> ( Mexique) 1 &#8211; 1 et 2 &#8211; 1<\/div>\n<div>Colo Colo ( Chili)<\/div>\n<div>&nbsp;<\/div>\n<div>2007 <strong>Arsenal F\u00fatbol Club<\/strong> ( Argentine) 3 &#8211; 2 et 1 &#8211; 2<\/div>\n<div>Club Am\u00e9rica ( Mexique)<\/div>\n","protected":false},"excerpt":{"rendered":"<p>&nbsp;Moins prestigieuse que la Copa Libertadores, elle aussi r\u00e9unit les meilleurs clubs du continent sud-am\u00e9ricains et de la f\u00e9d\u00e9ration du [&hellip;]<\/p>\n","protected":false},"author":3,"featured_media":0,"parent":2786,"menu_order":0,"comment_status":"closed","ping_status":"closed","template":"","meta":{"site-sidebar-layout":"default","site-content-layout":"","ast-site-content-layout":"default","site-content-style":"default","site-sidebar-style":"default","ast-global-header-display":"","ast-banner-title-visibility":"","ast-main-header-display":"","ast-hfb-above-header-display":"","ast-hfb-below-header-display":"","ast-hfb-mobile-header-display":"","site-post-title":"","ast-breadcrumbs-content":"","ast-featured-img":"","footer-sml-layout":"","ast-disable-related-posts":"","theme-transparent-header-meta":"","adv-header-id-meta":"","stick-header-meta":"","header-above-stick-meta":"","header-main-stick-meta":"","header-below-stick-meta":"","astra-migrate-meta-layouts":"default","ast-page-background-enabled":"default","ast-page-background-meta":{"desktop":{"background-color":"var(--ast-global-color-5)","background-image":"","background-repeat":"repeat","background-position":"center center","background-size":"auto","background-attachment":"scroll","background-type":"","background-media":"","overlay-type":"","overlay-color":"","overlay-opacity":"","overlay-gradient":""},"tablet":{"background-color":"","background-image":"","background-repeat":"repeat","background-position":"center center","background-size":"auto","background-attachment":"scroll","background-type":"","background-media":"","overlay-type":"","overlay-color":"","overlay-opacity":"","overlay-gradient":""},"mobile":{"background-color":"","background-image":"","background-repeat":"repeat","background-position":"center center","background-size":"auto","background-attachment":"scroll","background-type":"","background-media":"","overlay-type":"","overlay-color":"","overlay-opacity":"","overlay-gradient":""}},"ast-content-background-meta":{"desktop":{"background-color":"var(--ast-global-color-4)","background-image":"","background-repeat":"repeat","background-position":"center center","background-size":"auto","background-attachment":"scroll","background-type":"","background-media":"","overlay-type":"","overlay-color":"","overlay-opacity":"","overlay-gradient":""},"tablet":{"background-color":"var(--ast-global-color-4)","background-image":"","background-repeat":"repeat","background-position":"center center","background-size":"auto","background-attachment":"scroll","background-type":"","background-media":"","overlay-type":"","overlay-color":"","overlay-opacity":"","overlay-gradient":""},"mobile":{"background-color":"var(--ast-global-color-4)","background-image":"","background-repeat":"repeat","background-position":"center center","background-size":"auto","background-attachment":"scroll","background-type":"","background-media":"","overlay-type":"","overlay-color":"","overlay-opacity":"","overlay-gradient":""}},"footnotes":""},"class_list":["post-2838","page","type-page","status-publish","hentry"],"yoast_head":"<!-- This site is optimized with the Yoast SEO plugin v27.5 - https:\/\/yoast.com\/product\/yoast-seo-wordpress\/ -->\n<title>La COPA SUDAMERICANA - Abc-latina<\/title>\n<meta name=\"description\" content=\"La Copa Sudamericana.\" \/>\n<meta name=\"robots\" content=\"index, follow, max-snippet:-1, max-image-preview:large, max-video-preview:-1\" \/>\n<link rel=\"canonical\" href=\"https:\/\/abc-latina.com\/index\/copa-sudamericana\/\" \/>\n<meta property=\"og:locale\" content=\"fr_FR\" \/>\n<meta property=\"og:type\" content=\"article\" \/>\n<meta property=\"og:title\" content=\"La COPA SUDAMERICANA - Abc-latina\" \/>\n<meta property=\"og:description\" content=\"La Copa Sudamericana.\" \/>\n<meta property=\"og:url\" content=\"https:\/\/abc-latina.com\/index\/copa-sudamericana\/\" \/>\n<meta property=\"og:site_name\" content=\"Abc-latina\" \/>\n<meta property=\"article:modified_time\" content=\"2026-04-30T16:25:27+00:00\" \/>\n<meta name=\"twitter:card\" content=\"summary_large_image\" \/>\n<meta name=\"twitter:label1\" content=\"Dur\u00e9e de lecture estim\u00e9e\" \/>\n\t<meta name=\"twitter:data1\" content=\"1 minute\" \/>\n<script type=\"application\/ld+json\" class=\"yoast-schema-graph\">{\"@context\":\"https:\\\/\\\/schema.org\",\"@graph\":[{\"@type\":\"WebPage\",\"@id\":\"https:\\\/\\\/abc-latina.com\\\/index\\\/copa-sudamericana\\\/\",\"url\":\"https:\\\/\\\/abc-latina.com\\\/index\\\/copa-sudamericana\\\/\",\"name\":\"La COPA SUDAMERICANA - Abc-latina\",\"isPartOf\":{\"@id\":\"https:\\\/\\\/abc-latina.com\\\/#website\"},\"datePublished\":\"2011-10-31T21:00:14+00:00\",\"dateModified\":\"2026-04-30T16:25:27+00:00\",\"description\":\"La Copa Sudamericana.\",\"breadcrumb\":{\"@id\":\"https:\\\/\\\/abc-latina.com\\\/index\\\/copa-sudamericana\\\/#breadcrumb\"},\"inLanguage\":\"fr-FR\",\"potentialAction\":[{\"@type\":\"ReadAction\",\"target\":[\"https:\\\/\\\/abc-latina.com\\\/index\\\/copa-sudamericana\\\/\"]}]},{\"@type\":\"BreadcrumbList\",\"@id\":\"https:\\\/\\\/abc-latina.com\\\/index\\\/copa-sudamericana\\\/#breadcrumb\",\"itemListElement\":[{\"@type\":\"ListItem\",\"position\":1,\"name\":\"Accueil\",\"item\":\"https:\\\/\\\/abc-latina.com\\\/\"},{\"@type\":\"ListItem\",\"position\":2,\"name\":\"La COPA SUDAMERICANA\"}]},{\"@type\":\"WebSite\",\"@id\":\"https:\\\/\\\/abc-latina.com\\\/#website\",\"url\":\"https:\\\/\\\/abc-latina.com\\\/\",\"name\":\"Abc-latina\",\"description\":\"\",\"publisher\":{\"@id\":\"https:\\\/\\\/abc-latina.com\\\/#organization\"},\"potentialAction\":[{\"@type\":\"SearchAction\",\"target\":{\"@type\":\"EntryPoint\",\"urlTemplate\":\"https:\\\/\\\/abc-latina.com\\\/?s={search_term_string}\"},\"query-input\":{\"@type\":\"PropertyValueSpecification\",\"valueRequired\":true,\"valueName\":\"search_term_string\"}}],\"inLanguage\":\"fr-FR\"},{\"@type\":\"Organization\",\"@id\":\"https:\\\/\\\/abc-latina.com\\\/#organization\",\"name\":\"Abc-latina\",\"url\":\"https:\\\/\\\/abc-latina.com\\\/\",\"logo\":{\"@type\":\"ImageObject\",\"inLanguage\":\"fr-FR\",\"@id\":\"https:\\\/\\\/abc-latina.com\\\/#\\\/schema\\\/logo\\\/image\\\/\",\"url\":\"https:\\\/\\\/abc-latina.com\\\/wp-content\\\/uploads\\\/2026\\\/05\\\/cropped-logo.gif\",\"contentUrl\":\"https:\\\/\\\/abc-latina.com\\\/wp-content\\\/uploads\\\/2026\\\/05\\\/cropped-logo.gif\",\"width\":89,\"height\":84,\"caption\":\"Abc-latina\"},\"image\":{\"@id\":\"https:\\\/\\\/abc-latina.com\\\/#\\\/schema\\\/logo\\\/image\\\/\"}}]}<\/script>\n<!-- \/ Yoast SEO plugin. -->","yoast_head_json":{"title":"La COPA SUDAMERICANA - Abc-latina","description":"La Copa Sudamericana.","robots":{"index":"index","follow":"follow","max-snippet":"max-snippet:-1","max-image-preview":"max-image-preview:large","max-video-preview":"max-video-preview:-1"},"canonical":"https:\/\/abc-latina.com\/index\/copa-sudamericana\/","og_locale":"fr_FR","og_type":"article","og_title":"La COPA SUDAMERICANA - Abc-latina","og_description":"La Copa Sudamericana.","og_url":"https:\/\/abc-latina.com\/index\/copa-sudamericana\/","og_site_name":"Abc-latina","article_modified_time":"2026-04-30T16:25:27+00:00","twitter_card":"summary_large_image","twitter_misc":{"Dur\u00e9e de lecture estim\u00e9e":"1 minute"},"schema":{"@context":"https:\/\/schema.org","@graph":[{"@type":"WebPage","@id":"https:\/\/abc-latina.com\/index\/copa-sudamericana\/","url":"https:\/\/abc-latina.com\/index\/copa-sudamericana\/","name":"La COPA SUDAMERICANA - Abc-latina","isPartOf":{"@id":"https:\/\/abc-latina.com\/#website"},"datePublished":"2011-10-31T21:00:14+00:00","dateModified":"2026-04-30T16:25:27+00:00","description":"La Copa Sudamericana.","breadcrumb":{"@id":"https:\/\/abc-latina.com\/index\/copa-sudamericana\/#breadcrumb"},"inLanguage":"fr-FR","potentialAction":[{"@type":"ReadAction","target":["https:\/\/abc-latina.com\/index\/copa-sudamericana\/"]}]},{"@type":"BreadcrumbList","@id":"https:\/\/abc-latina.com\/index\/copa-sudamericana\/#breadcrumb","itemListElement":[{"@type":"ListItem","position":1,"name":"Accueil","item":"https:\/\/abc-latina.com\/"},{"@type":"ListItem","position":2,"name":"La COPA SUDAMERICANA"}]},{"@type":"WebSite","@id":"https:\/\/abc-latina.com\/#website","url":"https:\/\/abc-latina.com\/","name":"Abc-latina","description":"","publisher":{"@id":"https:\/\/abc-latina.com\/#organization"},"potentialAction":[{"@type":"SearchAction","target":{"@type":"EntryPoint","urlTemplate":"https:\/\/abc-latina.com\/?s={search_term_string}"},"query-input":{"@type":"PropertyValueSpecification","valueRequired":true,"valueName":"search_term_string"}}],"inLanguage":"fr-FR"},{"@type":"Organization","@id":"https:\/\/abc-latina.com\/#organization","name":"Abc-latina","url":"https:\/\/abc-latina.com\/","logo":{"@type":"ImageObject","inLanguage":"fr-FR","@id":"https:\/\/abc-latina.com\/#\/schema\/logo\/image\/","url":"https:\/\/abc-latina.com\/wp-content\/uploads\/2026\/05\/cropped-logo.gif","contentUrl":"https:\/\/abc-latina.com\/wp-content\/uploads\/2026\/05\/cropped-logo.gif","width":89,"height":84,"caption":"Abc-latina"},"image":{"@id":"https:\/\/abc-latina.com\/#\/schema\/logo\/image\/"}}]}},"_links":{"self":[{"href":"https:\/\/abc-latina.com\/wp-json\/wp\/v2\/pages\/2838","targetHints":{"allow":["GET"]}}],"collection":[{"href":"https:\/\/abc-latina.com\/wp-json\/wp\/v2\/pages"}],"about":[{"href":"https:\/\/abc-latina.com\/wp-json\/wp\/v2\/types\/page"}],"author":[{"embeddable":true,"href":"https:\/\/abc-latina.com\/wp-json\/wp\/v2\/users\/3"}],"replies":[{"embeddable":true,"href":"https:\/\/abc-latina.com\/wp-json\/wp\/v2\/comments?post=2838"}],"version-history":[{"count":1,"href":"https:\/\/abc-latina.com\/wp-json\/wp\/v2\/pages\/2838\/revisions"}],"predecessor-version":[{"id":3952,"href":"https:\/\/abc-latina.com\/wp-json\/wp\/v2\/pages\/2838\/revisions\/3952"}],"up":[{"embeddable":true,"href":"https:\/\/abc-latina.com\/wp-json\/wp\/v2\/pages\/2786"}],"wp:attachment":[{"href":"https:\/\/abc-latina.com\/wp-json\/wp\/v2\/media?parent=2838"}],"curies":[{"name":"wp","href":"https:\/\/api.w.org\/{rel}","templated":true}]}}