{"id":2842,"date":"2011-11-01T00:03:46","date_gmt":"2011-10-31T23:03:46","guid":{"rendered":"http:\/\/abc-latina.com\/reglement-ballon-d-or-php\/"},"modified":"2026-04-30T18:25:27","modified_gmt":"2026-04-30T16:25:27","slug":"reglement-ballon-d-or","status":"publish","type":"page","link":"https:\/\/abc-latina.com\/index\/reglement-ballon-d-or\/","title":{"rendered":"REGLEMENT BALLON D&rsquo;OR"},"content":{"rendered":"<p><span class=\"tourisme-chapitre\">&nbsp;<span style=\"font-family: Arial, Helvetica, sans-serif; font-size: small; background-color: rgb(255, 255, 255);\">REGLEMENT DU &laquo; BALLON D&rsquo;OR FRANCE FOOTBALL &raquo;<\/span><\/span><\/p>\n<p style=\"background-color: rgb(255, 255, 255);\"><font size=\"2\" face=\"Arial, Helvetica, sans-serif\">Article 1 &#8211; Le troph\u00e9e annuel du Ballon d&rsquo;Or est organis\u00e9 depuis 1956 par l&rsquo;hebdomadaire France Football devenu bihebdomadaire en 1997.<\/font><\/p>\n<p style=\"background-color: rgb(255, 255, 255);\"><font size=\"2\" face=\"Arial, Helvetica, sans-serif\">Article 2 &#8211; De 1956 \u00e0 1994, le &laquo; Ballon d&rsquo;Or France Football &raquo; a \u00e9t\u00e9 attribu\u00e9 au meilleur joueur disposant d&rsquo;une nationalit\u00e9 europ\u00e9enne \u00e9voluant dans un championnat europ\u00e9en.&nbsp;<br \/>De 1995 \u00e0 2006, le &laquo; Ballon d&rsquo;Or France Football &raquo; a \u00e9t\u00e9 attribu\u00e9 au meilleur joueur \u00e9voluant dans un championnat europ\u00e9en sans distinction de nationalit\u00e9.&nbsp;<br \/>A compter de 2007, le &laquo; Ballon d&rsquo;Or France Football &raquo; r\u00e9compense le meilleur joueur au monde, c&rsquo;est-\u00e0-dire sans distinction de championnat ni de nationalit\u00e9.<\/font><\/p>\n<p style=\"background-color: rgb(255, 255, 255);\"><font size=\"2\" face=\"Arial, Helvetica, sans-serif\">Article 3 &#8211; De 1956 \u00e0 2006, le &laquo; Ballon d&rsquo;Or France Football &raquo; a \u00e9t\u00e9 \u00e9lu par un jury international compos\u00e9 de journalistes sp\u00e9cialis\u00e9s \u00e0 raison d&rsquo;un repr\u00e9sentant par f\u00e9d\u00e9ration affili\u00e9e \u00e0 l&rsquo;Union europ\u00e9enne de football (UEFA).&nbsp;<br \/>A compter de 2007, le &laquo; Ballon d&rsquo;Or France Football &raquo; est attribu\u00e9 par un jury international compos\u00e9 de journalistes sp\u00e9cialis\u00e9s, \u00e0 raison d&rsquo;un repr\u00e9sentant par f\u00e9d\u00e9ration affili\u00e9e \u00e0 l&rsquo;Union europ\u00e9enne de football (UEFA) et d&rsquo;un repr\u00e9sentant par f\u00e9d\u00e9ration ayant particip\u00e9 au moins une fois \u00e0 une phase finale de Coupe du Monde affili\u00e9e \u00e0 la Conf\u00e9d\u00e9ration africaine de football (CAF), \u00e0 la Conf\u00e9d\u00e9ration sud-am\u00e9ricaine de football (CONMEBOL), \u00e0 la Conf\u00e9d\u00e9ration d&rsquo;Am\u00e9rique du Nord, d&rsquo;Am\u00e9rique Centrale et des Cara\u00efbes de football (CONCACAF), \u00e0 la Conf\u00e9d\u00e9ration asiatique de football (AFC), \u00e0 la Conf\u00e9d\u00e9ration d&rsquo;Oc\u00e9anie de football (OFC).<\/font><\/p>\n<p style=\"background-color: rgb(255, 255, 255);\"><font size=\"2\" face=\"Arial, Helvetica, sans-serif\">Article 4 &#8211; Chaque jur\u00e9 d\u00e9signe les noms de cinq joueurs par ordre d\u00e9croissant de m\u00e9rite. Depuis 1995, ces noms sont puis\u00e9s dans une liste de 50 joueurs pr\u00e9alablement \u00e9tablie par la r\u00e9daction parisienne de France Football.<\/font><\/p>\n<p style=\"background-color: rgb(255, 255, 255);\"><font size=\"2\" face=\"Arial, Helvetica, sans-serif\">Article 5 &#8211; Les cinq joueurs cit\u00e9s se voient respectivement attribuer 5, 4, 3, 2 et 1 points.<\/font><\/p>\n<p style=\"background-color: rgb(255, 255, 255);\"><font size=\"2\" face=\"Arial, Helvetica, sans-serif\">Article 6 &#8211; Le troph\u00e9e du &laquo; Ballon d&rsquo;Or France Football &raquo; est attribu\u00e9 au joueur totalisant le plus grand nombre de points.<\/font><\/p>\n<p style=\"background-color: rgb(255, 255, 255);\"><font size=\"2\" face=\"Arial, Helvetica, sans-serif\">Article 7 &#8211; En cas d&rsquo;\u00e9galit\u00e9, un nouveau tour de scrutin est organis\u00e9 entre les joueurs class\u00e9s ex-aequo.<\/font><\/p>\n<p style=\"background-color: rgb(255, 255, 255);\"><font size=\"2\" face=\"Arial, Helvetica, sans-serif\">Article 8 &#8211; Le scrutin du &laquo; Ballon d&rsquo;Or France Football &raquo; porte sur l&rsquo;activit\u00e9 des joueurs dans le cadre de l&rsquo;ann\u00e9e civile.<\/font><\/p>\n<p style=\"background-color: rgb(255, 255, 255);\"><font size=\"2\" face=\"Arial, Helvetica, sans-serif\">Article 9 &#8211; Le &laquo; Ballon d&rsquo;Or France Football &raquo; est attribu\u00e9 en fonction de quatre crit\u00e8res principaux :&nbsp;<br \/>a) Ensemble des performances individuelles et collectives (palmar\u00e8s) pendant l&rsquo;ann\u00e9e consid\u00e9r\u00e9e ;&nbsp;<br \/>b) Classe de joueur (talent + fair play)&nbsp;<br \/>c) Carri\u00e8re&nbsp;<br \/>d) Personnalit\u00e9, rayonnement.<\/font><\/p>\n<p style=\"background-color: rgb(255, 255, 255);\"><font size=\"2\" face=\"Arial, Helvetica, sans-serif\">Article 10 &#8211; Tout litige n\u00e9 du scrutin du Ballon d&rsquo;Or France Football est tranch\u00e9 par le Directeur de la r\u00e9daction de France Football en tant qu&rsquo;organisateur et Pr\u00e9sident du jury.<\/font><\/p>\n","protected":false},"excerpt":{"rendered":"<p>&nbsp;REGLEMENT DU &laquo; BALLON D&rsquo;OR FRANCE FOOTBALL &raquo; Article 1 &#8211; Le troph\u00e9e annuel du Ballon d&rsquo;Or est organis\u00e9 depuis [&hellip;]<\/p>\n","protected":false},"author":3,"featured_media":0,"parent":2786,"menu_order":0,"comment_status":"closed","ping_status":"closed","template":"","meta":{"site-sidebar-layout":"default","site-content-layout":"","ast-site-content-layout":"default","site-content-style":"default","site-sidebar-style":"default","ast-global-header-display":"","ast-banner-title-visibility":"","ast-main-header-display":"","ast-hfb-above-header-display":"","ast-hfb-below-header-display":"","ast-hfb-mobile-header-display":"","site-post-title":"","ast-breadcrumbs-content":"","ast-featured-img":"","footer-sml-layout":"","ast-disable-related-posts":"","theme-transparent-header-meta":"","adv-header-id-meta":"","stick-header-meta":"","header-above-stick-meta":"","header-main-stick-meta":"","header-below-stick-meta":"","astra-migrate-meta-layouts":"default","ast-page-background-enabled":"default","ast-page-background-meta":{"desktop":{"background-color":"var(--ast-global-color-5)","background-image":"","background-repeat":"repeat","background-position":"center center","background-size":"auto","background-attachment":"scroll","background-type":"","background-media":"","overlay-type":"","overlay-color":"","overlay-opacity":"","overlay-gradient":""},"tablet":{"background-color":"","background-image":"","background-repeat":"repeat","background-position":"center center","background-size":"auto","background-attachment":"scroll","background-type":"","background-media":"","overlay-type":"","overlay-color":"","overlay-opacity":"","overlay-gradient":""},"mobile":{"background-color":"","background-image":"","background-repeat":"repeat","background-position":"center center","background-size":"auto","background-attachment":"scroll","background-type":"","background-media":"","overlay-type":"","overlay-color":"","overlay-opacity":"","overlay-gradient":""}},"ast-content-background-meta":{"desktop":{"background-color":"var(--ast-global-color-4)","background-image":"","background-repeat":"repeat","background-position":"center center","background-size":"auto","background-attachment":"scroll","background-type":"","background-media":"","overlay-type":"","overlay-color":"","overlay-opacity":"","overlay-gradient":""},"tablet":{"background-color":"var(--ast-global-color-4)","background-image":"","background-repeat":"repeat","background-position":"center center","background-size":"auto","background-attachment":"scroll","background-type":"","background-media":"","overlay-type":"","overlay-color":"","overlay-opacity":"","overlay-gradient":""},"mobile":{"background-color":"var(--ast-global-color-4)","background-image":"","background-repeat":"repeat","background-position":"center center","background-size":"auto","background-attachment":"scroll","background-type":"","background-media":"","overlay-type":"","overlay-color":"","overlay-opacity":"","overlay-gradient":""}},"footnotes":""},"class_list":["post-2842","page","type-page","status-publish","hentry"],"yoast_head":"<!-- This site is optimized with the Yoast SEO plugin v27.5 - https:\/\/yoast.com\/product\/yoast-seo-wordpress\/ -->\n<title>REGLEMENT BALLON D&#039;OR - Abc-latina<\/title>\n<meta name=\"description\" content=\"R\u00e9glement du ballon d&#039;Or de France Football.\" \/>\n<meta name=\"robots\" content=\"index, follow, max-snippet:-1, max-image-preview:large, max-video-preview:-1\" \/>\n<link rel=\"canonical\" href=\"https:\/\/abc-latina.com\/index\/reglement-ballon-d-or\/\" \/>\n<meta property=\"og:locale\" content=\"fr_FR\" \/>\n<meta property=\"og:type\" content=\"article\" \/>\n<meta property=\"og:title\" content=\"REGLEMENT BALLON D&#039;OR - Abc-latina\" \/>\n<meta property=\"og:description\" content=\"R\u00e9glement du ballon d&#039;Or de France Football.\" \/>\n<meta property=\"og:url\" content=\"https:\/\/abc-latina.com\/index\/reglement-ballon-d-or\/\" \/>\n<meta property=\"og:site_name\" content=\"Abc-latina\" \/>\n<meta property=\"article:modified_time\" content=\"2026-04-30T16:25:27+00:00\" \/>\n<meta name=\"twitter:card\" content=\"summary_large_image\" \/>\n<meta name=\"twitter:label1\" content=\"Dur\u00e9e de lecture estim\u00e9e\" \/>\n\t<meta name=\"twitter:data1\" content=\"2 minutes\" \/>\n<script type=\"application\/ld+json\" class=\"yoast-schema-graph\">{\"@context\":\"https:\\\/\\\/schema.org\",\"@graph\":[{\"@type\":\"WebPage\",\"@id\":\"https:\\\/\\\/abc-latina.com\\\/index\\\/reglement-ballon-d-or\\\/\",\"url\":\"https:\\\/\\\/abc-latina.com\\\/index\\\/reglement-ballon-d-or\\\/\",\"name\":\"REGLEMENT BALLON D'OR - Abc-latina\",\"isPartOf\":{\"@id\":\"https:\\\/\\\/abc-latina.com\\\/#website\"},\"datePublished\":\"2011-10-31T23:03:46+00:00\",\"dateModified\":\"2026-04-30T16:25:27+00:00\",\"description\":\"R\u00e9glement du ballon d'Or de France Football.\",\"breadcrumb\":{\"@id\":\"https:\\\/\\\/abc-latina.com\\\/index\\\/reglement-ballon-d-or\\\/#breadcrumb\"},\"inLanguage\":\"fr-FR\",\"potentialAction\":[{\"@type\":\"ReadAction\",\"target\":[\"https:\\\/\\\/abc-latina.com\\\/index\\\/reglement-ballon-d-or\\\/\"]}]},{\"@type\":\"BreadcrumbList\",\"@id\":\"https:\\\/\\\/abc-latina.com\\\/index\\\/reglement-ballon-d-or\\\/#breadcrumb\",\"itemListElement\":[{\"@type\":\"ListItem\",\"position\":1,\"name\":\"Accueil\",\"item\":\"https:\\\/\\\/abc-latina.com\\\/\"},{\"@type\":\"ListItem\",\"position\":2,\"name\":\"REGLEMENT BALLON D&rsquo;OR\"}]},{\"@type\":\"WebSite\",\"@id\":\"https:\\\/\\\/abc-latina.com\\\/#website\",\"url\":\"https:\\\/\\\/abc-latina.com\\\/\",\"name\":\"Abc-latina\",\"description\":\"\",\"publisher\":{\"@id\":\"https:\\\/\\\/abc-latina.com\\\/#organization\"},\"potentialAction\":[{\"@type\":\"SearchAction\",\"target\":{\"@type\":\"EntryPoint\",\"urlTemplate\":\"https:\\\/\\\/abc-latina.com\\\/?s={search_term_string}\"},\"query-input\":{\"@type\":\"PropertyValueSpecification\",\"valueRequired\":true,\"valueName\":\"search_term_string\"}}],\"inLanguage\":\"fr-FR\"},{\"@type\":\"Organization\",\"@id\":\"https:\\\/\\\/abc-latina.com\\\/#organization\",\"name\":\"Abc-latina\",\"url\":\"https:\\\/\\\/abc-latina.com\\\/\",\"logo\":{\"@type\":\"ImageObject\",\"inLanguage\":\"fr-FR\",\"@id\":\"https:\\\/\\\/abc-latina.com\\\/#\\\/schema\\\/logo\\\/image\\\/\",\"url\":\"https:\\\/\\\/abc-latina.com\\\/wp-content\\\/uploads\\\/2026\\\/05\\\/cropped-logo.gif\",\"contentUrl\":\"https:\\\/\\\/abc-latina.com\\\/wp-content\\\/uploads\\\/2026\\\/05\\\/cropped-logo.gif\",\"width\":89,\"height\":84,\"caption\":\"Abc-latina\"},\"image\":{\"@id\":\"https:\\\/\\\/abc-latina.com\\\/#\\\/schema\\\/logo\\\/image\\\/\"}}]}<\/script>\n<!-- \/ Yoast SEO plugin. -->","yoast_head_json":{"title":"REGLEMENT BALLON D'OR - Abc-latina","description":"R\u00e9glement du ballon d'Or de France Football.","robots":{"index":"index","follow":"follow","max-snippet":"max-snippet:-1","max-image-preview":"max-image-preview:large","max-video-preview":"max-video-preview:-1"},"canonical":"https:\/\/abc-latina.com\/index\/reglement-ballon-d-or\/","og_locale":"fr_FR","og_type":"article","og_title":"REGLEMENT BALLON D'OR - Abc-latina","og_description":"R\u00e9glement du ballon d'Or de France Football.","og_url":"https:\/\/abc-latina.com\/index\/reglement-ballon-d-or\/","og_site_name":"Abc-latina","article_modified_time":"2026-04-30T16:25:27+00:00","twitter_card":"summary_large_image","twitter_misc":{"Dur\u00e9e de lecture estim\u00e9e":"2 minutes"},"schema":{"@context":"https:\/\/schema.org","@graph":[{"@type":"WebPage","@id":"https:\/\/abc-latina.com\/index\/reglement-ballon-d-or\/","url":"https:\/\/abc-latina.com\/index\/reglement-ballon-d-or\/","name":"REGLEMENT BALLON D'OR - Abc-latina","isPartOf":{"@id":"https:\/\/abc-latina.com\/#website"},"datePublished":"2011-10-31T23:03:46+00:00","dateModified":"2026-04-30T16:25:27+00:00","description":"R\u00e9glement du ballon d'Or de France Football.","breadcrumb":{"@id":"https:\/\/abc-latina.com\/index\/reglement-ballon-d-or\/#breadcrumb"},"inLanguage":"fr-FR","potentialAction":[{"@type":"ReadAction","target":["https:\/\/abc-latina.com\/index\/reglement-ballon-d-or\/"]}]},{"@type":"BreadcrumbList","@id":"https:\/\/abc-latina.com\/index\/reglement-ballon-d-or\/#breadcrumb","itemListElement":[{"@type":"ListItem","position":1,"name":"Accueil","item":"https:\/\/abc-latina.com\/"},{"@type":"ListItem","position":2,"name":"REGLEMENT BALLON D&rsquo;OR"}]},{"@type":"WebSite","@id":"https:\/\/abc-latina.com\/#website","url":"https:\/\/abc-latina.com\/","name":"Abc-latina","description":"","publisher":{"@id":"https:\/\/abc-latina.com\/#organization"},"potentialAction":[{"@type":"SearchAction","target":{"@type":"EntryPoint","urlTemplate":"https:\/\/abc-latina.com\/?s={search_term_string}"},"query-input":{"@type":"PropertyValueSpecification","valueRequired":true,"valueName":"search_term_string"}}],"inLanguage":"fr-FR"},{"@type":"Organization","@id":"https:\/\/abc-latina.com\/#organization","name":"Abc-latina","url":"https:\/\/abc-latina.com\/","logo":{"@type":"ImageObject","inLanguage":"fr-FR","@id":"https:\/\/abc-latina.com\/#\/schema\/logo\/image\/","url":"https:\/\/abc-latina.com\/wp-content\/uploads\/2026\/05\/cropped-logo.gif","contentUrl":"https:\/\/abc-latina.com\/wp-content\/uploads\/2026\/05\/cropped-logo.gif","width":89,"height":84,"caption":"Abc-latina"},"image":{"@id":"https:\/\/abc-latina.com\/#\/schema\/logo\/image\/"}}]}},"_links":{"self":[{"href":"https:\/\/abc-latina.com\/wp-json\/wp\/v2\/pages\/2842","targetHints":{"allow":["GET"]}}],"collection":[{"href":"https:\/\/abc-latina.com\/wp-json\/wp\/v2\/pages"}],"about":[{"href":"https:\/\/abc-latina.com\/wp-json\/wp\/v2\/types\/page"}],"author":[{"embeddable":true,"href":"https:\/\/abc-latina.com\/wp-json\/wp\/v2\/users\/3"}],"replies":[{"embeddable":true,"href":"https:\/\/abc-latina.com\/wp-json\/wp\/v2\/comments?post=2842"}],"version-history":[{"count":1,"href":"https:\/\/abc-latina.com\/wp-json\/wp\/v2\/pages\/2842\/revisions"}],"predecessor-version":[{"id":3961,"href":"https:\/\/abc-latina.com\/wp-json\/wp\/v2\/pages\/2842\/revisions\/3961"}],"up":[{"embeddable":true,"href":"https:\/\/abc-latina.com\/wp-json\/wp\/v2\/pages\/2786"}],"wp:attachment":[{"href":"https:\/\/abc-latina.com\/wp-json\/wp\/v2\/media?parent=2842"}],"curies":[{"name":"wp","href":"https:\/\/api.w.org\/{rel}","templated":true}]}}