{"id":285,"date":"2010-06-04T17:00:46","date_gmt":"2010-06-04T15:00:46","guid":{"rendered":"http:\/\/abc-latina.com\/cuenca-htm\/"},"modified":"2018-06-10T16:21:48","modified_gmt":"2018-06-10T14:21:48","slug":"cuenca","status":"publish","type":"page","link":"https:\/\/abc-latina.com\/equateur\/cuenca\/","title":{"rendered":"CUENCA"},"content":{"rendered":"<div><img loading=\"lazy\" decoding=\"async\" class=\" size-full wp-image-283\" src=\"http:\/\/abc-latina.com\/wp-content\/uploads\/2010\/06\/cuenca_1.jpg\" title=\"VOYAGE \u00e0 CUENCA\" alt=\"VOYAGE \u00e0 CUENCA\" width=\"480\" height=\"360\" srcset=\"https:\/\/abc-latina.com\/wp-content\/uploads\/2010\/06\/cuenca_1.jpg 550w, https:\/\/abc-latina.com\/wp-content\/uploads\/2010\/06\/cuenca_1-300x225.jpg 300w\" sizes=\"auto, (max-width: 480px) 100vw, 480px\" \/><\/div>\n<div>&nbsp;<\/div>\n<div>Un peu d&rsquo;histoire.<\/div>\n<div>Description g\u00e9n\u00e9rale.<\/div>\n<div>Attraits touristiques.<\/div>\n<div>&nbsp;<\/div>\n<div><span class=\"tourisme-chapitre\">Histoire de la ville et de la r\u00e9gion &#8230;<\/span><\/div>\n<div>Cuenca fut fond\u00e9e la 12 avril 1557 sur l&rsquo;ordre du vice-roi du P\u00e9rou. La vall\u00e9e que les premiers habitants de la r\u00e9gion (les indiens Ca\u00f1aris) appelaient Guapondeleg, \u00e9tait le site d&rsquo;un ancien site Inca de Tomebamba. Les Incas venus du sud, l&rsquo;appel\u00e8rent Paucabamba &quot; vall\u00e9e fleurie &quot;.<\/div>\n<div>La fondation de Cuenca correspondait \u00e0 la colonisation de nouveaux territoires pour une population espagnole croissante. Tr\u00e8s t\u00f4t ; des artisans venus d&rsquo;Espagne et d&rsquo;Italie cr\u00e9\u00e8rent des \u00e9coles d&rsquo;architecture, de sculpture et de peinture. R\u00e9put\u00e9es jadis dans toute l&rsquo;Am\u00e9rique latine, elles sont \u00e0 l&rsquo;origine des tr\u00e9sors artistiques de la ville.<\/div>\n<div>Les autorit\u00e9s espagnoles soutenaient sans rel\u00e2che le d\u00e9veloppement de la ville, qui devint un \u00e9v\u00each\u00e9 en 1785. Depuis, l&rsquo;importance de Cuenca ne s&rsquo;est jamais d\u00e9mentie.<\/div>\n<div>&nbsp;<\/div>\n<div><span class=\"tourisme-chapitre\">Description g\u00e9n\u00e9rale &#8230;<\/span><\/div>\n<div>Capitale de la province de Azuay, avec une population de 300.000 ha, Cuenca est aujourd&rsquo;hui la troisi\u00e8me ville du pays, avec ses trois universit\u00e9s, son intense activit\u00e9 commerciale et culturelle et la vie artistique qui la caract\u00e9rise depuis toujours.<\/div>\n<div>&nbsp;<\/div>\n<div><span class=\"tourisme-chapitre\">Attraits touristiques &#8230;&nbsp;<\/span><\/div>\n<div><img loading=\"lazy\" decoding=\"async\" class=\" alignright size-full wp-image-284\" title=\"CUENCA\" src=\"http:\/\/abc-latina.com\/wp-content\/uploads\/2010\/06\/cuenca.jpg\" alt=\"\" width=\"220\" vspace=\"9\" hspace=\"15\" height=\"220\" align=\"right\" \/>Cuenca poss\u00e8de un charme ind\u00e9finissable. Son centre historique t\u00e9moigne fastueusement des temps coloniaux.&nbsp;<\/div>\n<div>On fl\u00e2ne avec plaisir dans les petites rues pav\u00e9es, bord\u00e9es de maisons blanches aux toits de tuiles romanes et agr\u00e9ment\u00e9es de jolis balcons fleuris.<\/div>\n<div>Le long des berges de la rivi\u00e8re, au d\u00e9tour d&rsquo;un pont, o\u00f9 des lavandi\u00e8res lavent le linge \u00e0 la force des poignets. Mais ce qui rend Cuenca unique, r\u00e9side dans les tr\u00e9sors d&rsquo;art colonial qu&rsquo;elle cache au c\u0153ur de ses nombreuses \u00e9glises et couvents des 17 &amp; 18e si\u00e8cles.<\/div>\n<div>&nbsp;<\/div>\n<div>Si la visite du sud des Andes passe obligatoirement par Cuenca. Il ne faut oublier de visiter ses alentours qui sont peupl\u00e9s de pittoresques petits villages am\u00e9rindiens dont Gualaceo et S\u00edgsig ne sont que quelques exemples.<\/div>\n<div>&nbsp;<\/div>\n<div><a target=\"_blank\" href=\"..\/tour_operateur\"><img loading=\"lazy\" decoding=\"async\" class=\"touroperateur size-full wp-image-41\" src=\"http:\/\/abc-latina.com\/wp-content\/uploads\/2010\/04\/timbre_to.gif\" alt=\"\" width=\"125\" height=\"90\" \/><\/a>Les amateurs d&rsquo;espaces verts ne manqueront, non plus, pas de visiter le magnifique Parque de recreac\u00edon El Cajas, situ\u00e9 \u00e0 une altitude moyenne de 3.000 m, il compte plus de 200 lacs magnifiques form\u00e9s par le passage d&rsquo;anciens glaciers.<\/div>\n<div>&nbsp;<\/div>\n<div>Le complexe arch\u00e9ologique d&rsquo;Ingapirca, t\u00e9moin de l&rsquo;occupation Inca, m\u00e9rite aussi qu&rsquo;on s&rsquo;y attarde.&nbsp;<\/div>\n<div>&nbsp;<\/div>\n<div>Plus au sud de Cuenca, la route panam\u00e9ricaine passe par la vall\u00e9e de Tarqu\u00ed, lieu charg\u00e9 d&rsquo;histoire et riche en paysages grandioses.<\/div>\n<div>Loja, ville peu fr\u00e9quent\u00e9e par les touristes, sans doute en raison de son \u00e9loignement, a r\u00e9ussi \u00e0 garder son cachet d&rsquo;antan. Autour de Loja gravitent de pittoresques petites bourgades telles qu&rsquo;El Cisne ou Vilcabamba, qui ont un charme certain.<\/div>\n<div>&nbsp;<\/div>\n<div><a href=\"https:\/\/www.abc-latina.com\/equateur\/musee\/cuenca\">Mus\u00e9es de Cuenca<\/a>&nbsp;<\/div>\n<div>&nbsp;<\/div>\n<h3>Pr\u00e9parez votre voyage \u00e0 Cuenca:<\/h3>\n<div><a href=\"https:\/\/www.abc-latina.com\/equateur\/agence_de_voyages\">Agences de voyage g\u00e9n\u00e9ralistes et discounteurs<\/a><\/div>\n<div><a href=\"https:\/\/www.abc-latina.com\/equateur\/tour_operateur\">Tours Op\u00e9rateurs sp\u00e9cialistes de l&rsquo;Equateur<\/a><\/div>\n<div><a target=\"_blank\" href=\"https:\/\/www.abc-latina.com\/to\/reservation_billet_avion\">R\u00e9servez votre billet d&rsquo;avion<\/a><\/div>\n<div><a href=\"https:\/\/www.abc-latina.com\/equateur\/hotels\">R\u00e9servez votre h\u00f4tel \u00e0 Cuenca<\/a>&nbsp;<\/div>\n<div><a target=\"_blank\" href=\"https:\/\/www.abc-latina.com\/to\/location_de_voiture_equateur\">Location de voiture<\/a><\/div>\n<p>&nbsp;<\/p>\n","protected":false},"excerpt":{"rendered":"<p>&nbsp; Un peu d&rsquo;histoire. Description g\u00e9n\u00e9rale. Attraits touristiques. &nbsp; Histoire de la ville et de la r\u00e9gion &#8230; Cuenca fut [&hellip;]<\/p>\n","protected":false},"author":3,"featured_media":283,"parent":2303,"menu_order":0,"comment_status":"closed","ping_status":"closed","template":"","meta":{"site-sidebar-layout":"default","site-content-layout":"","ast-site-content-layout":"default","site-content-style":"default","site-sidebar-style":"default","ast-global-header-display":"","ast-banner-title-visibility":"","ast-main-header-display":"","ast-hfb-above-header-display":"","ast-hfb-below-header-display":"","ast-hfb-mobile-header-display":"","site-post-title":"","ast-breadcrumbs-content":"","ast-featured-img":"","footer-sml-layout":"","ast-disable-related-posts":"","theme-transparent-header-meta":"","adv-header-id-meta":"","stick-header-meta":"","header-above-stick-meta":"","header-main-stick-meta":"","header-below-stick-meta":"","astra-migrate-meta-layouts":"default","ast-page-background-enabled":"default","ast-page-background-meta":{"desktop":{"background-color":"var(--ast-global-color-5)","background-image":"","background-repeat":"repeat","background-position":"center center","background-size":"auto","background-attachment":"scroll","background-type":"","background-media":"","overlay-type":"","overlay-color":"","overlay-opacity":"","overlay-gradient":""},"tablet":{"background-color":"","background-image":"","background-repeat":"repeat","background-position":"center center","background-size":"auto","background-attachment":"scroll","background-type":"","background-media":"","overlay-type":"","overlay-color":"","overlay-opacity":"","overlay-gradient":""},"mobile":{"background-color":"","background-image":"","background-repeat":"repeat","background-position":"center center","background-size":"auto","background-attachment":"scroll","background-type":"","background-media":"","overlay-type":"","overlay-color":"","overlay-opacity":"","overlay-gradient":""}},"ast-content-background-meta":{"desktop":{"background-color":"var(--ast-global-color-4)","background-image":"","background-repeat":"repeat","background-position":"center center","background-size":"auto","background-attachment":"scroll","background-type":"","background-media":"","overlay-type":"","overlay-color":"","overlay-opacity":"","overlay-gradient":""},"tablet":{"background-color":"var(--ast-global-color-4)","background-image":"","background-repeat":"repeat","background-position":"center center","background-size":"auto","background-attachment":"scroll","background-type":"","background-media":"","overlay-type":"","overlay-color":"","overlay-opacity":"","overlay-gradient":""},"mobile":{"background-color":"var(--ast-global-color-4)","background-image":"","background-repeat":"repeat","background-position":"center center","background-size":"auto","background-attachment":"scroll","background-type":"","background-media":"","overlay-type":"","overlay-color":"","overlay-opacity":"","overlay-gradient":""}},"footnotes":""},"class_list":["post-285","page","type-page","status-publish","has-post-thumbnail","hentry"],"yoast_head":"<!-- This site is optimized with the Yoast SEO plugin v27.5 - https:\/\/yoast.com\/product\/yoast-seo-wordpress\/ -->\n<title>CUENCA - Abc-latina<\/title>\n<meta name=\"description\" content=\"Cuenca poss\u00e8de un charme ind\u00e9finissable. Son centre historique t\u00e9moigne fastueusement des temps coloniaux.  On fl\u00e2ne avec plaisir dans les petites rues pav\u00e9es...\" \/>\n<meta name=\"robots\" content=\"index, follow, max-snippet:-1, max-image-preview:large, max-video-preview:-1\" \/>\n<link rel=\"canonical\" href=\"https:\/\/abc-latina.com\/equateur\/cuenca\/\" \/>\n<meta property=\"og:locale\" content=\"fr_FR\" \/>\n<meta property=\"og:type\" content=\"article\" \/>\n<meta property=\"og:title\" content=\"CUENCA - Abc-latina\" \/>\n<meta property=\"og:description\" content=\"Cuenca poss\u00e8de un charme ind\u00e9finissable. Son centre historique t\u00e9moigne fastueusement des temps coloniaux.  On fl\u00e2ne avec plaisir dans les petites rues pav\u00e9es...\" \/>\n<meta property=\"og:url\" content=\"https:\/\/abc-latina.com\/equateur\/cuenca\/\" \/>\n<meta property=\"og:site_name\" content=\"Abc-latina\" \/>\n<meta property=\"article:modified_time\" content=\"2018-06-10T14:21:48+00:00\" \/>\n<meta property=\"og:image\" content=\"https:\/\/abc-latina.com\/wp-content\/uploads\/2010\/06\/cuenca_1.jpg\" \/>\n\t<meta property=\"og:image:width\" content=\"550\" \/>\n\t<meta property=\"og:image:height\" content=\"413\" \/>\n\t<meta property=\"og:image:type\" content=\"image\/jpeg\" \/>\n<meta name=\"twitter:card\" content=\"summary_large_image\" \/>\n<meta name=\"twitter:label1\" content=\"Dur\u00e9e de lecture estim\u00e9e\" \/>\n\t<meta name=\"twitter:data1\" content=\"3 minutes\" \/>\n<script type=\"application\/ld+json\" class=\"yoast-schema-graph\">{\"@context\":\"https:\\\/\\\/schema.org\",\"@graph\":[{\"@type\":\"WebPage\",\"@id\":\"https:\\\/\\\/abc-latina.com\\\/equateur\\\/cuenca\\\/\",\"url\":\"https:\\\/\\\/abc-latina.com\\\/equateur\\\/cuenca\\\/\",\"name\":\"CUENCA - Abc-latina\",\"isPartOf\":{\"@id\":\"https:\\\/\\\/abc-latina.com\\\/#website\"},\"primaryImageOfPage\":{\"@id\":\"https:\\\/\\\/abc-latina.com\\\/equateur\\\/cuenca\\\/#primaryimage\"},\"image\":{\"@id\":\"https:\\\/\\\/abc-latina.com\\\/equateur\\\/cuenca\\\/#primaryimage\"},\"thumbnailUrl\":\"https:\\\/\\\/abc-latina.com\\\/wp-content\\\/uploads\\\/2010\\\/06\\\/cuenca_1.jpg\",\"datePublished\":\"2010-06-04T15:00:46+00:00\",\"dateModified\":\"2018-06-10T14:21:48+00:00\",\"description\":\"Cuenca poss\u00e8de un charme ind\u00e9finissable. Son centre historique t\u00e9moigne fastueusement des temps coloniaux. On fl\u00e2ne avec plaisir dans les petites rues pav\u00e9es...\",\"breadcrumb\":{\"@id\":\"https:\\\/\\\/abc-latina.com\\\/equateur\\\/cuenca\\\/#breadcrumb\"},\"inLanguage\":\"fr-FR\",\"potentialAction\":[{\"@type\":\"ReadAction\",\"target\":[\"https:\\\/\\\/abc-latina.com\\\/equateur\\\/cuenca\\\/\"]}]},{\"@type\":\"ImageObject\",\"inLanguage\":\"fr-FR\",\"@id\":\"https:\\\/\\\/abc-latina.com\\\/equateur\\\/cuenca\\\/#primaryimage\",\"url\":\"https:\\\/\\\/abc-latina.com\\\/wp-content\\\/uploads\\\/2010\\\/06\\\/cuenca_1.jpg\",\"contentUrl\":\"https:\\\/\\\/abc-latina.com\\\/wp-content\\\/uploads\\\/2010\\\/06\\\/cuenca_1.jpg\",\"width\":550,\"height\":413,\"caption\":\"VOYAGE \u00e0 CUENCA\"},{\"@type\":\"BreadcrumbList\",\"@id\":\"https:\\\/\\\/abc-latina.com\\\/equateur\\\/cuenca\\\/#breadcrumb\",\"itemListElement\":[{\"@type\":\"ListItem\",\"position\":1,\"name\":\"Accueil\",\"item\":\"https:\\\/\\\/abc-latina.com\\\/\"},{\"@type\":\"ListItem\",\"position\":2,\"name\":\"CUENCA\"}]},{\"@type\":\"WebSite\",\"@id\":\"https:\\\/\\\/abc-latina.com\\\/#website\",\"url\":\"https:\\\/\\\/abc-latina.com\\\/\",\"name\":\"Abc-latina\",\"description\":\"\",\"publisher\":{\"@id\":\"https:\\\/\\\/abc-latina.com\\\/#organization\"},\"potentialAction\":[{\"@type\":\"SearchAction\",\"target\":{\"@type\":\"EntryPoint\",\"urlTemplate\":\"https:\\\/\\\/abc-latina.com\\\/?s={search_term_string}\"},\"query-input\":{\"@type\":\"PropertyValueSpecification\",\"valueRequired\":true,\"valueName\":\"search_term_string\"}}],\"inLanguage\":\"fr-FR\"},{\"@type\":\"Organization\",\"@id\":\"https:\\\/\\\/abc-latina.com\\\/#organization\",\"name\":\"Abc-latina\",\"url\":\"https:\\\/\\\/abc-latina.com\\\/\",\"logo\":{\"@type\":\"ImageObject\",\"inLanguage\":\"fr-FR\",\"@id\":\"https:\\\/\\\/abc-latina.com\\\/#\\\/schema\\\/logo\\\/image\\\/\",\"url\":\"https:\\\/\\\/abc-latina.com\\\/wp-content\\\/uploads\\\/2026\\\/05\\\/cropped-logo.gif\",\"contentUrl\":\"https:\\\/\\\/abc-latina.com\\\/wp-content\\\/uploads\\\/2026\\\/05\\\/cropped-logo.gif\",\"width\":89,\"height\":84,\"caption\":\"Abc-latina\"},\"image\":{\"@id\":\"https:\\\/\\\/abc-latina.com\\\/#\\\/schema\\\/logo\\\/image\\\/\"}}]}<\/script>\n<!-- \/ Yoast SEO plugin. -->","yoast_head_json":{"title":"CUENCA - Abc-latina","description":"Cuenca poss\u00e8de un charme ind\u00e9finissable. Son centre historique t\u00e9moigne fastueusement des temps coloniaux.  On fl\u00e2ne avec plaisir dans les petites rues pav\u00e9es...","robots":{"index":"index","follow":"follow","max-snippet":"max-snippet:-1","max-image-preview":"max-image-preview:large","max-video-preview":"max-video-preview:-1"},"canonical":"https:\/\/abc-latina.com\/equateur\/cuenca\/","og_locale":"fr_FR","og_type":"article","og_title":"CUENCA - Abc-latina","og_description":"Cuenca poss\u00e8de un charme ind\u00e9finissable. Son centre historique t\u00e9moigne fastueusement des temps coloniaux.  On fl\u00e2ne avec plaisir dans les petites rues pav\u00e9es...","og_url":"https:\/\/abc-latina.com\/equateur\/cuenca\/","og_site_name":"Abc-latina","article_modified_time":"2018-06-10T14:21:48+00:00","og_image":[{"width":550,"height":413,"url":"https:\/\/abc-latina.com\/wp-content\/uploads\/2010\/06\/cuenca_1.jpg","type":"image\/jpeg"}],"twitter_card":"summary_large_image","twitter_misc":{"Dur\u00e9e de lecture estim\u00e9e":"3 minutes"},"schema":{"@context":"https:\/\/schema.org","@graph":[{"@type":"WebPage","@id":"https:\/\/abc-latina.com\/equateur\/cuenca\/","url":"https:\/\/abc-latina.com\/equateur\/cuenca\/","name":"CUENCA - Abc-latina","isPartOf":{"@id":"https:\/\/abc-latina.com\/#website"},"primaryImageOfPage":{"@id":"https:\/\/abc-latina.com\/equateur\/cuenca\/#primaryimage"},"image":{"@id":"https:\/\/abc-latina.com\/equateur\/cuenca\/#primaryimage"},"thumbnailUrl":"https:\/\/abc-latina.com\/wp-content\/uploads\/2010\/06\/cuenca_1.jpg","datePublished":"2010-06-04T15:00:46+00:00","dateModified":"2018-06-10T14:21:48+00:00","description":"Cuenca poss\u00e8de un charme ind\u00e9finissable. Son centre historique t\u00e9moigne fastueusement des temps coloniaux. On fl\u00e2ne avec plaisir dans les petites rues pav\u00e9es...","breadcrumb":{"@id":"https:\/\/abc-latina.com\/equateur\/cuenca\/#breadcrumb"},"inLanguage":"fr-FR","potentialAction":[{"@type":"ReadAction","target":["https:\/\/abc-latina.com\/equateur\/cuenca\/"]}]},{"@type":"ImageObject","inLanguage":"fr-FR","@id":"https:\/\/abc-latina.com\/equateur\/cuenca\/#primaryimage","url":"https:\/\/abc-latina.com\/wp-content\/uploads\/2010\/06\/cuenca_1.jpg","contentUrl":"https:\/\/abc-latina.com\/wp-content\/uploads\/2010\/06\/cuenca_1.jpg","width":550,"height":413,"caption":"VOYAGE \u00e0 CUENCA"},{"@type":"BreadcrumbList","@id":"https:\/\/abc-latina.com\/equateur\/cuenca\/#breadcrumb","itemListElement":[{"@type":"ListItem","position":1,"name":"Accueil","item":"https:\/\/abc-latina.com\/"},{"@type":"ListItem","position":2,"name":"CUENCA"}]},{"@type":"WebSite","@id":"https:\/\/abc-latina.com\/#website","url":"https:\/\/abc-latina.com\/","name":"Abc-latina","description":"","publisher":{"@id":"https:\/\/abc-latina.com\/#organization"},"potentialAction":[{"@type":"SearchAction","target":{"@type":"EntryPoint","urlTemplate":"https:\/\/abc-latina.com\/?s={search_term_string}"},"query-input":{"@type":"PropertyValueSpecification","valueRequired":true,"valueName":"search_term_string"}}],"inLanguage":"fr-FR"},{"@type":"Organization","@id":"https:\/\/abc-latina.com\/#organization","name":"Abc-latina","url":"https:\/\/abc-latina.com\/","logo":{"@type":"ImageObject","inLanguage":"fr-FR","@id":"https:\/\/abc-latina.com\/#\/schema\/logo\/image\/","url":"https:\/\/abc-latina.com\/wp-content\/uploads\/2026\/05\/cropped-logo.gif","contentUrl":"https:\/\/abc-latina.com\/wp-content\/uploads\/2026\/05\/cropped-logo.gif","width":89,"height":84,"caption":"Abc-latina"},"image":{"@id":"https:\/\/abc-latina.com\/#\/schema\/logo\/image\/"}}]}},"_links":{"self":[{"href":"https:\/\/abc-latina.com\/wp-json\/wp\/v2\/pages\/285","targetHints":{"allow":["GET"]}}],"collection":[{"href":"https:\/\/abc-latina.com\/wp-json\/wp\/v2\/pages"}],"about":[{"href":"https:\/\/abc-latina.com\/wp-json\/wp\/v2\/types\/page"}],"author":[{"embeddable":true,"href":"https:\/\/abc-latina.com\/wp-json\/wp\/v2\/users\/3"}],"replies":[{"embeddable":true,"href":"https:\/\/abc-latina.com\/wp-json\/wp\/v2\/comments?post=285"}],"version-history":[{"count":0,"href":"https:\/\/abc-latina.com\/wp-json\/wp\/v2\/pages\/285\/revisions"}],"up":[{"embeddable":true,"href":"https:\/\/abc-latina.com\/wp-json\/wp\/v2\/pages\/2303"}],"wp:featuredmedia":[{"embeddable":true,"href":"https:\/\/abc-latina.com\/wp-json\/wp\/v2\/media\/283"}],"wp:attachment":[{"href":"https:\/\/abc-latina.com\/wp-json\/wp\/v2\/media?parent=285"}],"curies":[{"name":"wp","href":"https:\/\/api.w.org\/{rel}","templated":true}]}}