{"id":286,"date":"2010-06-04T17:06:20","date_gmt":"2010-06-04T15:06:20","guid":{"rendered":"http:\/\/abc-latina.com\/galapagos-htm\/"},"modified":"2018-06-12T12:00:39","modified_gmt":"2018-06-12T10:00:39","slug":"galapagos","status":"publish","type":"page","link":"https:\/\/abc-latina.com\/equateur\/galapagos\/","title":{"rendered":"Les \u00eeles GALAPAGOS"},"content":{"rendered":"<div>Cet archipel de 13 \u00eeles, 17 \u00eelots et 47 r\u00e9cifs, diss\u00e9min\u00e9s sur une surface de 8.000 km&sup2; dans l&rsquo;oc\u00e9an Pacifique, est un monde \u00e0 part, \u00e0 quelque 1.000 km des c\u00f4tes \u00e9quatoriennes.&nbsp;<\/div>\n<div>Pr\u00e9serv\u00e9 de la vie continentale, l&rsquo;<span class=\"tourisme-chapitre\">archipel des Galapagos<\/span>&nbsp;est un coin du monde \u00e0 nul autre pareil, o\u00f9 la nature r\u00e9serve les plus belles surprises. La meilleure fa\u00e7on de d\u00e9couvrir l&rsquo;archipel est certainement d&rsquo;y faire une croisi\u00e8re.&nbsp;<\/div>\n<div>&nbsp;<\/div>\n<div>A cause de leur \u00e9cosyst\u00e8me trop fragile, certaines \u00eeles ne peuvent \u00eatre visit\u00e9es. C&rsquo;est le cas de Pinta, Marchena, Wolfe, Darwin et Pinzon.<\/div>\n<div>Parmi les \u00eeles les plus int\u00e9ressantes, et que vous pourrez visiter, vous trouverez :<\/div>\n<div>&nbsp;<\/div>\n<h3>Isla Santa Cruz<\/h3>\n<div>&nbsp;<\/div>\n<div>Il s&rsquo;agit de l&rsquo;\u00eele la plus peupl\u00e9e de l&rsquo;archipel. Sa ville principale est Puerto Ayora, o\u00f9 sont install\u00e9s la grande majorit\u00e9 des h\u00f4tels, des restaurants et des boutiques de souvenirs.<\/div>\n<div>&nbsp;<\/div>\n<h3>Isla Espanola<\/h3>\n<div>&nbsp;<\/div>\n<div>Il s&rsquo;agit de l&rsquo;une de \u00eeles les plus int\u00e9ressantes de l&rsquo;archipel. Cette \u00eele abrite les plus importantes colonies d&rsquo;oiseaux marins de l&rsquo;archipel des Galapagos. Une curiosit\u00e9 \u00e0 voir est le &quot; trou souffleur &quot;, il s&rsquo;agit d&rsquo;une formation rocheuse qui cr\u00e9e un geyser d&rsquo;eau d&rsquo;une hauteur pouvant atteindre jusqu&rsquo;\u00e0 20m de hauteur quand la mer est forte.<\/div>\n<div>L&rsquo;\u00eele est inhabit\u00e9e.<\/div>\n<div>&nbsp;<\/div>\n<h3>Isla Santa F\u00e9<\/h3>\n<div>&nbsp;<\/div>\n<div>Les origines de cette petite \u00eele de 24 km&sup2; remontent \u00e0 pr\u00e8s de 4 millions d&rsquo;ann\u00e9es et en font l&rsquo;une des plus vieilles \u00eeles de l&rsquo;archipel. Cette \u00eele poss\u00e8de une belle v\u00e9g\u00e9tation de Palo Santo et Cactus \u00e0 raquettes.<\/div>\n<div>&nbsp;<\/div>\n<h3>Isla Santa Maria ou Floarena<\/h3>\n<div>&nbsp;<\/div>\n<div>Elle s&rsquo;\u00e9tale sur 173 km&sup2; et constitue l&rsquo;une des cinq \u00eeles habit\u00e9es de l&rsquo;archipel (environ 70 h). Cette \u00eele est d&rsquo;un grand int\u00e9r\u00eat botanique, les esp\u00e8ces y sont nombreuses et la v\u00e9g\u00e9tation lui donne l&rsquo;aspect d&rsquo;un paradis tropical.<\/div>\n<div>&nbsp;<\/div>\n<h3>Isla Santiago<\/h3>\n<div>&nbsp;<\/div>\n<div><a href=\"..\/tour_operateur\" target=\"_blank\"><img loading=\"lazy\" decoding=\"async\" class=\" size-full wp-image-41\" alt=\"\" class=\"touroperateur\" src=\"http:\/\/abc-latina.com\/wp-content\/uploads\/2010\/04\/timbre_to.gif\" width=\"125\" height=\"90\" \/><\/a>Quatri\u00e8me plus grande \u00eele des Gal\u00e1pagos avec 585 km&sup2;, elle poss\u00e8de quatre sites int\u00e9ressants:<\/div>\n<div>&#8211; La baie James est l&rsquo;un des lieus les plus visit\u00e9s, des grottes marines y abritent d&rsquo;importantes colonies d&rsquo;otaries \u00e0 fourrure.<\/div>\n<div>&#8211; L&rsquo;\u00eele de Bartolom\u00e9 est l&rsquo;une des plus spectaculaire de l&rsquo;archipel. Elle est totalement d\u00e9pourvue de v\u00e9g\u00e9tation et offre un paysage lunaire totalement irr\u00e9el.<\/div>\n<div>&#8211; La plage de sable brun d&rsquo;Espumilla se pr\u00eate bien \u00e0 la baignade, c&rsquo;est l&rsquo;une des plus belles de l&rsquo;\u00eele, elle est bord\u00e9e de pal\u00e9tuviers o\u00f9 se r\u00e9fugient de nombreux oiseaux, \u00e9chasses, flamants roses et canards.<\/div>\n<div>&#8211; La baie Sullivan est d&rsquo;un grand int\u00e9r\u00eat g\u00e9ologique. Les formations volcaniques sont tr\u00e8s \u00e9tonnantes et on peut y observer des poches de gaz prises sous de fines couches de lave.<\/div>\n<div>Cette \u00eele est inhabit\u00e9e.<\/div>\n<div>&nbsp;<\/div>\n<h3>Isla Bartolom\u00e9<\/h3>\n<div>&nbsp;<\/div>\n<div>C&rsquo;est l&rsquo;une des plus petites (1,1 km&sup2;) de l&rsquo;archipel, mais aussi l&rsquo;une des plus int\u00e9ressantes. Au sommet du Pinnacle Rock vous pourrez contempler l&rsquo;un des panoramas les plus photographi\u00e9s de l&rsquo;archipel.&nbsp;<\/div>\n<div>Ensuite allez vous d\u00e9tendre sur la plage, ou baignez-vous avec les otaries. Des manchots, des requins-marteaux et des tortues marines peuvent parfois y \u00eatre aper\u00e7us.<\/div>\n<div>&nbsp;<\/div>\n<h3>Isla Genovesa<\/h3>\n<div>&nbsp;<\/div>\n<div>Avec pr\u00e8s de deux millions d&rsquo;oiseaux sur une superficie de 14 km&sup2;, \u00eele de Genovesa m\u00e9rite le d\u00e9placement si l&rsquo;on est un f\u00e9ru d&rsquo;ornithologie. Parmi les esp\u00e8ces que l&rsquo;on y trouve, il y a le fou \u00e0 pattes rouges, le p\u00e9trel, la fr\u00e9gate, le fou masqu\u00e9 et parfois le fou \u00e0 pattes bleues.<\/div>\n<div>&nbsp;<\/div>\n<h3>Isla Isabela<\/h3>\n<div>&nbsp;<\/div>\n<div>S&rsquo;\u00e9talant sur 4.588 km&sup2; et parsem\u00e9e de nombreux volcans actifs, Isla Isabela est la plus grande \u00eele de l&rsquo;archipel des Gal\u00e1pagos , longue de 132 km sur 84 km de large.<\/div>\n<div>La vue depuis le sommet du volcan Sierra Negra (1.390m) y est spectaculaire, et son crat\u00e8re de 11 km de diam\u00e8tre est le deuxi\u00e8me plus grand du monde.<\/div>\n<div>Elle poss\u00e8de une abondante faune dont les flamants, les pingouins, les cormorans et les iguanes marins.<\/div>\n<div>&nbsp;<\/div>\n<h3>Isla Fernandina<\/h3>\n<div>&nbsp;<\/div>\n<div>Il s&rsquo;agit de l&rsquo;une des rares \u00eeles du monde sur laquelle aucun animal n&rsquo;a jamais \u00e9t\u00e9 introduit par l&rsquo;homme, et elle a aussi la particularit\u00e9 de poss\u00e9der le volcan le plus actif du monde.<\/div>\n<div>Elle est le troisi\u00e8me \u00eele de l&rsquo;archipel par la taille avec 642 km&sup2;<\/div>\n<div>On y trouve une impressionnante concentration d&rsquo;iguanes marins, d&rsquo;otaries, de cormorans et de manchots. Cette \u00eele est peu visit\u00e9e.&nbsp;<\/div>\n<div>&nbsp;<\/div>\n<h3>Pr\u00e9parez votre voyage aux \u00eeles Galapagos:<\/h3>\n<div><a href=\"https:\/\/www.abc-latina.com\/equateur\/agence_de_voyages\">Agences de voyage g\u00e9n\u00e9ralistes et discounteurs<\/a><\/div>\n<div><a href=\"https:\/\/www.abc-latina.com\/equateur\/tour_operateur\">Tours Op\u00e9rateurs sp\u00e9cialistes de l&rsquo;Equateur<\/a><\/div>\n<div><a href=\"https:\/\/www.abc-latina.com\/to\/reservation_billet_avion\" target=\"_blank\">R\u00e9servez votre billet d&rsquo;avion<\/a><\/div>\n<div><a href=\"https:\/\/www.abc-latina.com\/equateur\/hotels\">R\u00e9servez votre h\u00f4tel aux \u00eeles Galapagos<\/a>&nbsp;<\/div>\n<div><a href=\"https:\/\/www.abc-latina.com\/to\/location_de_voiture_equateur\" target=\"_blank\">Location de voiture<\/a><\/div>\n<p>&nbsp;<\/p>\n","protected":false},"excerpt":{"rendered":"<p>Cet archipel de 13 \u00eeles, 17 \u00eelots et 47 r\u00e9cifs, diss\u00e9min\u00e9s sur une surface de 8.000 km&sup2; dans l&rsquo;oc\u00e9an Pacifique, [&hellip;]<\/p>\n","protected":false},"author":3,"featured_media":41,"parent":2303,"menu_order":0,"comment_status":"closed","ping_status":"closed","template":"","meta":{"site-sidebar-layout":"default","site-content-layout":"","ast-site-content-layout":"default","site-content-style":"default","site-sidebar-style":"default","ast-global-header-display":"","ast-banner-title-visibility":"","ast-main-header-display":"","ast-hfb-above-header-display":"","ast-hfb-below-header-display":"","ast-hfb-mobile-header-display":"","site-post-title":"","ast-breadcrumbs-content":"","ast-featured-img":"","footer-sml-layout":"","ast-disable-related-posts":"","theme-transparent-header-meta":"","adv-header-id-meta":"","stick-header-meta":"","header-above-stick-meta":"","header-main-stick-meta":"","header-below-stick-meta":"","astra-migrate-meta-layouts":"default","ast-page-background-enabled":"default","ast-page-background-meta":{"desktop":{"background-color":"var(--ast-global-color-5)","background-image":"","background-repeat":"repeat","background-position":"center center","background-size":"auto","background-attachment":"scroll","background-type":"","background-media":"","overlay-type":"","overlay-color":"","overlay-opacity":"","overlay-gradient":""},"tablet":{"background-color":"","background-image":"","background-repeat":"repeat","background-position":"center center","background-size":"auto","background-attachment":"scroll","background-type":"","background-media":"","overlay-type":"","overlay-color":"","overlay-opacity":"","overlay-gradient":""},"mobile":{"background-color":"","background-image":"","background-repeat":"repeat","background-position":"center center","background-size":"auto","background-attachment":"scroll","background-type":"","background-media":"","overlay-type":"","overlay-color":"","overlay-opacity":"","overlay-gradient":""}},"ast-content-background-meta":{"desktop":{"background-color":"var(--ast-global-color-4)","background-image":"","background-repeat":"repeat","background-position":"center center","background-size":"auto","background-attachment":"scroll","background-type":"","background-media":"","overlay-type":"","overlay-color":"","overlay-opacity":"","overlay-gradient":""},"tablet":{"background-color":"var(--ast-global-color-4)","background-image":"","background-repeat":"repeat","background-position":"center center","background-size":"auto","background-attachment":"scroll","background-type":"","background-media":"","overlay-type":"","overlay-color":"","overlay-opacity":"","overlay-gradient":""},"mobile":{"background-color":"var(--ast-global-color-4)","background-image":"","background-repeat":"repeat","background-position":"center center","background-size":"auto","background-attachment":"scroll","background-type":"","background-media":"","overlay-type":"","overlay-color":"","overlay-opacity":"","overlay-gradient":""}},"footnotes":""},"class_list":["post-286","page","type-page","status-publish","has-post-thumbnail","hentry"],"yoast_head":"<!-- This site is optimized with the Yoast SEO plugin v27.5 - https:\/\/yoast.com\/product\/yoast-seo-wordpress\/ -->\n<title>Les \u00eeles GALAPAGOS - Abc-latina<\/title>\n<meta name=\"description\" content=\"Pr\u00e9serv\u00e9 de la vie continentale, l&#039;archipel des Galapagos est un coin du monde \u00e0 nul autre pareil, o\u00f9 la nature r\u00e9serve les plus belles surprises\" \/>\n<meta name=\"robots\" content=\"index, follow, max-snippet:-1, max-image-preview:large, max-video-preview:-1\" \/>\n<link rel=\"canonical\" href=\"https:\/\/abc-latina.com\/equateur\/galapagos\/\" \/>\n<meta property=\"og:locale\" content=\"fr_FR\" \/>\n<meta property=\"og:type\" content=\"article\" \/>\n<meta property=\"og:title\" content=\"Les \u00eeles GALAPAGOS - Abc-latina\" \/>\n<meta property=\"og:description\" content=\"Pr\u00e9serv\u00e9 de la vie continentale, l&#039;archipel des Galapagos est un coin du monde \u00e0 nul autre pareil, o\u00f9 la nature r\u00e9serve les plus belles surprises\" \/>\n<meta property=\"og:url\" content=\"https:\/\/abc-latina.com\/equateur\/galapagos\/\" \/>\n<meta property=\"og:site_name\" content=\"Abc-latina\" \/>\n<meta property=\"article:modified_time\" content=\"2018-06-12T10:00:39+00:00\" \/>\n<meta property=\"og:image\" content=\"https:\/\/abc-latina.com\/wp-content\/uploads\/2010\/04\/timbre_to.gif\" \/>\n\t<meta property=\"og:image:width\" content=\"125\" \/>\n\t<meta property=\"og:image:height\" content=\"90\" \/>\n\t<meta property=\"og:image:type\" content=\"image\/gif\" \/>\n<meta name=\"twitter:card\" content=\"summary_large_image\" \/>\n<meta name=\"twitter:label1\" content=\"Dur\u00e9e de lecture estim\u00e9e\" \/>\n\t<meta name=\"twitter:data1\" content=\"4 minutes\" \/>\n<script type=\"application\/ld+json\" class=\"yoast-schema-graph\">{\"@context\":\"https:\\\/\\\/schema.org\",\"@graph\":[{\"@type\":\"WebPage\",\"@id\":\"https:\\\/\\\/abc-latina.com\\\/equateur\\\/galapagos\\\/\",\"url\":\"https:\\\/\\\/abc-latina.com\\\/equateur\\\/galapagos\\\/\",\"name\":\"Les \u00eeles GALAPAGOS - Abc-latina\",\"isPartOf\":{\"@id\":\"https:\\\/\\\/abc-latina.com\\\/#website\"},\"primaryImageOfPage\":{\"@id\":\"https:\\\/\\\/abc-latina.com\\\/equateur\\\/galapagos\\\/#primaryimage\"},\"image\":{\"@id\":\"https:\\\/\\\/abc-latina.com\\\/equateur\\\/galapagos\\\/#primaryimage\"},\"thumbnailUrl\":\"https:\\\/\\\/abc-latina.com\\\/wp-content\\\/uploads\\\/2010\\\/04\\\/timbre_to.gif\",\"datePublished\":\"2010-06-04T15:06:20+00:00\",\"dateModified\":\"2018-06-12T10:00:39+00:00\",\"description\":\"Pr\u00e9serv\u00e9 de la vie continentale, l'archipel des Galapagos est un coin du monde \u00e0 nul autre pareil, o\u00f9 la nature r\u00e9serve les plus belles surprises\",\"breadcrumb\":{\"@id\":\"https:\\\/\\\/abc-latina.com\\\/equateur\\\/galapagos\\\/#breadcrumb\"},\"inLanguage\":\"fr-FR\",\"potentialAction\":[{\"@type\":\"ReadAction\",\"target\":[\"https:\\\/\\\/abc-latina.com\\\/equateur\\\/galapagos\\\/\"]}]},{\"@type\":\"ImageObject\",\"inLanguage\":\"fr-FR\",\"@id\":\"https:\\\/\\\/abc-latina.com\\\/equateur\\\/galapagos\\\/#primaryimage\",\"url\":\"https:\\\/\\\/abc-latina.com\\\/wp-content\\\/uploads\\\/2010\\\/04\\\/timbre_to.gif\",\"contentUrl\":\"https:\\\/\\\/abc-latina.com\\\/wp-content\\\/uploads\\\/2010\\\/04\\\/timbre_to.gif\",\"width\":125,\"height\":90},{\"@type\":\"BreadcrumbList\",\"@id\":\"https:\\\/\\\/abc-latina.com\\\/equateur\\\/galapagos\\\/#breadcrumb\",\"itemListElement\":[{\"@type\":\"ListItem\",\"position\":1,\"name\":\"Accueil\",\"item\":\"https:\\\/\\\/abc-latina.com\\\/\"},{\"@type\":\"ListItem\",\"position\":2,\"name\":\"Les \u00eeles GALAPAGOS\"}]},{\"@type\":\"WebSite\",\"@id\":\"https:\\\/\\\/abc-latina.com\\\/#website\",\"url\":\"https:\\\/\\\/abc-latina.com\\\/\",\"name\":\"Abc-latina\",\"description\":\"\",\"publisher\":{\"@id\":\"https:\\\/\\\/abc-latina.com\\\/#organization\"},\"potentialAction\":[{\"@type\":\"SearchAction\",\"target\":{\"@type\":\"EntryPoint\",\"urlTemplate\":\"https:\\\/\\\/abc-latina.com\\\/?s={search_term_string}\"},\"query-input\":{\"@type\":\"PropertyValueSpecification\",\"valueRequired\":true,\"valueName\":\"search_term_string\"}}],\"inLanguage\":\"fr-FR\"},{\"@type\":\"Organization\",\"@id\":\"https:\\\/\\\/abc-latina.com\\\/#organization\",\"name\":\"Abc-latina\",\"url\":\"https:\\\/\\\/abc-latina.com\\\/\",\"logo\":{\"@type\":\"ImageObject\",\"inLanguage\":\"fr-FR\",\"@id\":\"https:\\\/\\\/abc-latina.com\\\/#\\\/schema\\\/logo\\\/image\\\/\",\"url\":\"https:\\\/\\\/abc-latina.com\\\/wp-content\\\/uploads\\\/2026\\\/05\\\/cropped-logo.gif\",\"contentUrl\":\"https:\\\/\\\/abc-latina.com\\\/wp-content\\\/uploads\\\/2026\\\/05\\\/cropped-logo.gif\",\"width\":89,\"height\":84,\"caption\":\"Abc-latina\"},\"image\":{\"@id\":\"https:\\\/\\\/abc-latina.com\\\/#\\\/schema\\\/logo\\\/image\\\/\"}}]}<\/script>\n<!-- \/ Yoast SEO plugin. -->","yoast_head_json":{"title":"Les \u00eeles GALAPAGOS - Abc-latina","description":"Pr\u00e9serv\u00e9 de la vie continentale, l'archipel des Galapagos est un coin du monde \u00e0 nul autre pareil, o\u00f9 la nature r\u00e9serve les plus belles surprises","robots":{"index":"index","follow":"follow","max-snippet":"max-snippet:-1","max-image-preview":"max-image-preview:large","max-video-preview":"max-video-preview:-1"},"canonical":"https:\/\/abc-latina.com\/equateur\/galapagos\/","og_locale":"fr_FR","og_type":"article","og_title":"Les \u00eeles GALAPAGOS - Abc-latina","og_description":"Pr\u00e9serv\u00e9 de la vie continentale, l'archipel des Galapagos est un coin du monde \u00e0 nul autre pareil, o\u00f9 la nature r\u00e9serve les plus belles surprises","og_url":"https:\/\/abc-latina.com\/equateur\/galapagos\/","og_site_name":"Abc-latina","article_modified_time":"2018-06-12T10:00:39+00:00","og_image":[{"width":125,"height":90,"url":"https:\/\/abc-latina.com\/wp-content\/uploads\/2010\/04\/timbre_to.gif","type":"image\/gif"}],"twitter_card":"summary_large_image","twitter_misc":{"Dur\u00e9e de lecture estim\u00e9e":"4 minutes"},"schema":{"@context":"https:\/\/schema.org","@graph":[{"@type":"WebPage","@id":"https:\/\/abc-latina.com\/equateur\/galapagos\/","url":"https:\/\/abc-latina.com\/equateur\/galapagos\/","name":"Les \u00eeles GALAPAGOS - Abc-latina","isPartOf":{"@id":"https:\/\/abc-latina.com\/#website"},"primaryImageOfPage":{"@id":"https:\/\/abc-latina.com\/equateur\/galapagos\/#primaryimage"},"image":{"@id":"https:\/\/abc-latina.com\/equateur\/galapagos\/#primaryimage"},"thumbnailUrl":"https:\/\/abc-latina.com\/wp-content\/uploads\/2010\/04\/timbre_to.gif","datePublished":"2010-06-04T15:06:20+00:00","dateModified":"2018-06-12T10:00:39+00:00","description":"Pr\u00e9serv\u00e9 de la vie continentale, l'archipel des Galapagos est un coin du monde \u00e0 nul autre pareil, o\u00f9 la nature r\u00e9serve les plus belles surprises","breadcrumb":{"@id":"https:\/\/abc-latina.com\/equateur\/galapagos\/#breadcrumb"},"inLanguage":"fr-FR","potentialAction":[{"@type":"ReadAction","target":["https:\/\/abc-latina.com\/equateur\/galapagos\/"]}]},{"@type":"ImageObject","inLanguage":"fr-FR","@id":"https:\/\/abc-latina.com\/equateur\/galapagos\/#primaryimage","url":"https:\/\/abc-latina.com\/wp-content\/uploads\/2010\/04\/timbre_to.gif","contentUrl":"https:\/\/abc-latina.com\/wp-content\/uploads\/2010\/04\/timbre_to.gif","width":125,"height":90},{"@type":"BreadcrumbList","@id":"https:\/\/abc-latina.com\/equateur\/galapagos\/#breadcrumb","itemListElement":[{"@type":"ListItem","position":1,"name":"Accueil","item":"https:\/\/abc-latina.com\/"},{"@type":"ListItem","position":2,"name":"Les \u00eeles GALAPAGOS"}]},{"@type":"WebSite","@id":"https:\/\/abc-latina.com\/#website","url":"https:\/\/abc-latina.com\/","name":"Abc-latina","description":"","publisher":{"@id":"https:\/\/abc-latina.com\/#organization"},"potentialAction":[{"@type":"SearchAction","target":{"@type":"EntryPoint","urlTemplate":"https:\/\/abc-latina.com\/?s={search_term_string}"},"query-input":{"@type":"PropertyValueSpecification","valueRequired":true,"valueName":"search_term_string"}}],"inLanguage":"fr-FR"},{"@type":"Organization","@id":"https:\/\/abc-latina.com\/#organization","name":"Abc-latina","url":"https:\/\/abc-latina.com\/","logo":{"@type":"ImageObject","inLanguage":"fr-FR","@id":"https:\/\/abc-latina.com\/#\/schema\/logo\/image\/","url":"https:\/\/abc-latina.com\/wp-content\/uploads\/2026\/05\/cropped-logo.gif","contentUrl":"https:\/\/abc-latina.com\/wp-content\/uploads\/2026\/05\/cropped-logo.gif","width":89,"height":84,"caption":"Abc-latina"},"image":{"@id":"https:\/\/abc-latina.com\/#\/schema\/logo\/image\/"}}]}},"_links":{"self":[{"href":"https:\/\/abc-latina.com\/wp-json\/wp\/v2\/pages\/286","targetHints":{"allow":["GET"]}}],"collection":[{"href":"https:\/\/abc-latina.com\/wp-json\/wp\/v2\/pages"}],"about":[{"href":"https:\/\/abc-latina.com\/wp-json\/wp\/v2\/types\/page"}],"author":[{"embeddable":true,"href":"https:\/\/abc-latina.com\/wp-json\/wp\/v2\/users\/3"}],"replies":[{"embeddable":true,"href":"https:\/\/abc-latina.com\/wp-json\/wp\/v2\/comments?post=286"}],"version-history":[{"count":0,"href":"https:\/\/abc-latina.com\/wp-json\/wp\/v2\/pages\/286\/revisions"}],"up":[{"embeddable":true,"href":"https:\/\/abc-latina.com\/wp-json\/wp\/v2\/pages\/2303"}],"wp:featuredmedia":[{"embeddable":true,"href":"https:\/\/abc-latina.com\/wp-json\/wp\/v2\/media\/41"}],"wp:attachment":[{"href":"https:\/\/abc-latina.com\/wp-json\/wp\/v2\/media?parent=286"}],"curies":[{"name":"wp","href":"https:\/\/api.w.org\/{rel}","templated":true}]}}