{"id":2862,"date":"2012-10-05T04:06:52","date_gmt":"2012-10-05T02:06:52","guid":{"rendered":"http:\/\/abc-latina.com\/plongee-sous-marine-en-colombie\/"},"modified":"2026-04-30T18:24:59","modified_gmt":"2026-04-30T16:24:59","slug":"plongee-sous-marine-en-colombie","status":"publish","type":"page","link":"https:\/\/abc-latina.com\/colombie\/plongee-sous-marine-en-colombie\/","title":{"rendered":"La PLONGEE en COLOMBIE"},"content":{"rendered":"<p>&nbsp;La c\u00f4te cara\u00efbe et ses iles sont l&rsquo;endroit r\u00eav\u00e9 pour s&rsquo;adonner aux plaisirs de la <span class=\"tourisme-chapitre\">pong\u00e9e sous marine<\/span>.<\/p>\n<div>Les barri\u00e8res de corail et les eaux transparentes des iles de <a href=\"san_andres\">San Andr\u00e9s<\/a> et Providencia attirent les plongeurs du monde entier.<\/div>\n<div>San Andr\u00e9s compte \u00e0 elle seule plus de 40 sites de pong\u00e9e. Ne manquez pas les extraordinaires r\u00e9cifs de corail de Old providence Mc Bean Lagoon, sur Providencia.<\/div>\n<div>Non loin de <a href=\"cartagena\">Cartagena<\/a>, le Parque natural Corales del Rosario abrite 43 iles coralliennes. Les r\u00e9cifs, \u00e0 30 m de profondeur, sont un pr\u00e9cieux conservatoire de la faune marine, de la fragile crevette aux tortues de mer g\u00e9antes.<\/div>\n<div>Moins connues, les islas San Bernardo, au large de Tolu, m\u00e9ritent aussi une plong\u00e9e. Sans oublier les merveilles qui sommeillent \u00e0 quelques kilom\u00e8tres de Capurgana et Sapzurro : un \u00e9tonnant jardin sous-marin.<\/div>\n<div>Sur la cote pacifique, initiez-vous \u00e0 la plong\u00e9e sur \u00e9paves au large de la c\u00f4te de Bahia Solano.&nbsp;<\/div>\n<div>&nbsp;<\/div>\n<div>Les iles volcaniques du Pacifique ne sont pas aussi paradisiaques que celles des Caribes, mais la faune marine y abonde : requins par milliers au large d&rsquo;isla Malpelo ; baleines \u00e0 bosse autour d&rsquo;isla Gorgona.<\/div>\n<div>&nbsp;<\/div>\n","protected":false},"excerpt":{"rendered":"<p>&nbsp;La c\u00f4te cara\u00efbe et ses iles sont l&rsquo;endroit r\u00eav\u00e9 pour s&rsquo;adonner aux plaisirs de la pong\u00e9e sous marine. Les barri\u00e8res [&hellip;]<\/p>\n","protected":false},"author":3,"featured_media":0,"parent":2299,"menu_order":0,"comment_status":"closed","ping_status":"closed","template":"","meta":{"site-sidebar-layout":"default","site-content-layout":"","ast-site-content-layout":"default","site-content-style":"default","site-sidebar-style":"default","ast-global-header-display":"","ast-banner-title-visibility":"","ast-main-header-display":"","ast-hfb-above-header-display":"","ast-hfb-below-header-display":"","ast-hfb-mobile-header-display":"","site-post-title":"","ast-breadcrumbs-content":"","ast-featured-img":"","footer-sml-layout":"","ast-disable-related-posts":"","theme-transparent-header-meta":"","adv-header-id-meta":"","stick-header-meta":"","header-above-stick-meta":"","header-main-stick-meta":"","header-below-stick-meta":"","astra-migrate-meta-layouts":"default","ast-page-background-enabled":"default","ast-page-background-meta":{"desktop":{"background-color":"var(--ast-global-color-5)","background-image":"","background-repeat":"repeat","background-position":"center center","background-size":"auto","background-attachment":"scroll","background-type":"","background-media":"","overlay-type":"","overlay-color":"","overlay-opacity":"","overlay-gradient":""},"tablet":{"background-color":"","background-image":"","background-repeat":"repeat","background-position":"center center","background-size":"auto","background-attachment":"scroll","background-type":"","background-media":"","overlay-type":"","overlay-color":"","overlay-opacity":"","overlay-gradient":""},"mobile":{"background-color":"","background-image":"","background-repeat":"repeat","background-position":"center center","background-size":"auto","background-attachment":"scroll","background-type":"","background-media":"","overlay-type":"","overlay-color":"","overlay-opacity":"","overlay-gradient":""}},"ast-content-background-meta":{"desktop":{"background-color":"var(--ast-global-color-4)","background-image":"","background-repeat":"repeat","background-position":"center center","background-size":"auto","background-attachment":"scroll","background-type":"","background-media":"","overlay-type":"","overlay-color":"","overlay-opacity":"","overlay-gradient":""},"tablet":{"background-color":"var(--ast-global-color-4)","background-image":"","background-repeat":"repeat","background-position":"center center","background-size":"auto","background-attachment":"scroll","background-type":"","background-media":"","overlay-type":"","overlay-color":"","overlay-opacity":"","overlay-gradient":""},"mobile":{"background-color":"var(--ast-global-color-4)","background-image":"","background-repeat":"repeat","background-position":"center center","background-size":"auto","background-attachment":"scroll","background-type":"","background-media":"","overlay-type":"","overlay-color":"","overlay-opacity":"","overlay-gradient":""}},"footnotes":""},"class_list":["post-2862","page","type-page","status-publish","hentry"],"yoast_head":"<!-- This site is optimized with the Yoast SEO plugin v27.5 - https:\/\/yoast.com\/product\/yoast-seo-wordpress\/ -->\n<title>La PLONGEE en COLOMBIE - Abc-latina<\/title>\n<meta name=\"description\" content=\"La pratique de la plong\u00e9e sous-marine en Colombie.\" \/>\n<meta name=\"robots\" content=\"index, follow, max-snippet:-1, max-image-preview:large, max-video-preview:-1\" \/>\n<link rel=\"canonical\" href=\"https:\/\/abc-latina.com\/colombie\/plongee-sous-marine-en-colombie\/\" \/>\n<meta property=\"og:locale\" content=\"fr_FR\" \/>\n<meta property=\"og:type\" content=\"article\" \/>\n<meta property=\"og:title\" content=\"La PLONGEE en COLOMBIE - Abc-latina\" \/>\n<meta property=\"og:description\" content=\"La pratique de la plong\u00e9e sous-marine en Colombie.\" \/>\n<meta property=\"og:url\" content=\"https:\/\/abc-latina.com\/colombie\/plongee-sous-marine-en-colombie\/\" \/>\n<meta property=\"og:site_name\" content=\"Abc-latina\" \/>\n<meta property=\"article:modified_time\" content=\"2026-04-30T16:24:59+00:00\" \/>\n<meta name=\"twitter:card\" content=\"summary_large_image\" \/>\n<meta name=\"twitter:label1\" content=\"Dur\u00e9e de lecture estim\u00e9e\" \/>\n\t<meta name=\"twitter:data1\" content=\"1 minute\" \/>\n<script type=\"application\/ld+json\" class=\"yoast-schema-graph\">{\"@context\":\"https:\\\/\\\/schema.org\",\"@graph\":[{\"@type\":\"WebPage\",\"@id\":\"https:\\\/\\\/abc-latina.com\\\/colombie\\\/plongee-sous-marine-en-colombie\\\/\",\"url\":\"https:\\\/\\\/abc-latina.com\\\/colombie\\\/plongee-sous-marine-en-colombie\\\/\",\"name\":\"La PLONGEE en COLOMBIE - Abc-latina\",\"isPartOf\":{\"@id\":\"https:\\\/\\\/abc-latina.com\\\/#website\"},\"datePublished\":\"2012-10-05T02:06:52+00:00\",\"dateModified\":\"2026-04-30T16:24:59+00:00\",\"description\":\"La pratique de la plong\u00e9e sous-marine en Colombie.\",\"breadcrumb\":{\"@id\":\"https:\\\/\\\/abc-latina.com\\\/colombie\\\/plongee-sous-marine-en-colombie\\\/#breadcrumb\"},\"inLanguage\":\"fr-FR\",\"potentialAction\":[{\"@type\":\"ReadAction\",\"target\":[\"https:\\\/\\\/abc-latina.com\\\/colombie\\\/plongee-sous-marine-en-colombie\\\/\"]}]},{\"@type\":\"BreadcrumbList\",\"@id\":\"https:\\\/\\\/abc-latina.com\\\/colombie\\\/plongee-sous-marine-en-colombie\\\/#breadcrumb\",\"itemListElement\":[{\"@type\":\"ListItem\",\"position\":1,\"name\":\"Accueil\",\"item\":\"https:\\\/\\\/abc-latina.com\\\/\"},{\"@type\":\"ListItem\",\"position\":2,\"name\":\"La PLONGEE en COLOMBIE\"}]},{\"@type\":\"WebSite\",\"@id\":\"https:\\\/\\\/abc-latina.com\\\/#website\",\"url\":\"https:\\\/\\\/abc-latina.com\\\/\",\"name\":\"Abc-latina\",\"description\":\"\",\"publisher\":{\"@id\":\"https:\\\/\\\/abc-latina.com\\\/#organization\"},\"potentialAction\":[{\"@type\":\"SearchAction\",\"target\":{\"@type\":\"EntryPoint\",\"urlTemplate\":\"https:\\\/\\\/abc-latina.com\\\/?s={search_term_string}\"},\"query-input\":{\"@type\":\"PropertyValueSpecification\",\"valueRequired\":true,\"valueName\":\"search_term_string\"}}],\"inLanguage\":\"fr-FR\"},{\"@type\":\"Organization\",\"@id\":\"https:\\\/\\\/abc-latina.com\\\/#organization\",\"name\":\"Abc-latina\",\"url\":\"https:\\\/\\\/abc-latina.com\\\/\",\"logo\":{\"@type\":\"ImageObject\",\"inLanguage\":\"fr-FR\",\"@id\":\"https:\\\/\\\/abc-latina.com\\\/#\\\/schema\\\/logo\\\/image\\\/\",\"url\":\"https:\\\/\\\/abc-latina.com\\\/wp-content\\\/uploads\\\/2026\\\/05\\\/cropped-logo.gif\",\"contentUrl\":\"https:\\\/\\\/abc-latina.com\\\/wp-content\\\/uploads\\\/2026\\\/05\\\/cropped-logo.gif\",\"width\":89,\"height\":84,\"caption\":\"Abc-latina\"},\"image\":{\"@id\":\"https:\\\/\\\/abc-latina.com\\\/#\\\/schema\\\/logo\\\/image\\\/\"}}]}<\/script>\n<!-- \/ Yoast SEO plugin. -->","yoast_head_json":{"title":"La PLONGEE en COLOMBIE - Abc-latina","description":"La pratique de la plong\u00e9e sous-marine en Colombie.","robots":{"index":"index","follow":"follow","max-snippet":"max-snippet:-1","max-image-preview":"max-image-preview:large","max-video-preview":"max-video-preview:-1"},"canonical":"https:\/\/abc-latina.com\/colombie\/plongee-sous-marine-en-colombie\/","og_locale":"fr_FR","og_type":"article","og_title":"La PLONGEE en COLOMBIE - Abc-latina","og_description":"La pratique de la plong\u00e9e sous-marine en Colombie.","og_url":"https:\/\/abc-latina.com\/colombie\/plongee-sous-marine-en-colombie\/","og_site_name":"Abc-latina","article_modified_time":"2026-04-30T16:24:59+00:00","twitter_card":"summary_large_image","twitter_misc":{"Dur\u00e9e de lecture estim\u00e9e":"1 minute"},"schema":{"@context":"https:\/\/schema.org","@graph":[{"@type":"WebPage","@id":"https:\/\/abc-latina.com\/colombie\/plongee-sous-marine-en-colombie\/","url":"https:\/\/abc-latina.com\/colombie\/plongee-sous-marine-en-colombie\/","name":"La PLONGEE en COLOMBIE - Abc-latina","isPartOf":{"@id":"https:\/\/abc-latina.com\/#website"},"datePublished":"2012-10-05T02:06:52+00:00","dateModified":"2026-04-30T16:24:59+00:00","description":"La pratique de la plong\u00e9e sous-marine en Colombie.","breadcrumb":{"@id":"https:\/\/abc-latina.com\/colombie\/plongee-sous-marine-en-colombie\/#breadcrumb"},"inLanguage":"fr-FR","potentialAction":[{"@type":"ReadAction","target":["https:\/\/abc-latina.com\/colombie\/plongee-sous-marine-en-colombie\/"]}]},{"@type":"BreadcrumbList","@id":"https:\/\/abc-latina.com\/colombie\/plongee-sous-marine-en-colombie\/#breadcrumb","itemListElement":[{"@type":"ListItem","position":1,"name":"Accueil","item":"https:\/\/abc-latina.com\/"},{"@type":"ListItem","position":2,"name":"La PLONGEE en COLOMBIE"}]},{"@type":"WebSite","@id":"https:\/\/abc-latina.com\/#website","url":"https:\/\/abc-latina.com\/","name":"Abc-latina","description":"","publisher":{"@id":"https:\/\/abc-latina.com\/#organization"},"potentialAction":[{"@type":"SearchAction","target":{"@type":"EntryPoint","urlTemplate":"https:\/\/abc-latina.com\/?s={search_term_string}"},"query-input":{"@type":"PropertyValueSpecification","valueRequired":true,"valueName":"search_term_string"}}],"inLanguage":"fr-FR"},{"@type":"Organization","@id":"https:\/\/abc-latina.com\/#organization","name":"Abc-latina","url":"https:\/\/abc-latina.com\/","logo":{"@type":"ImageObject","inLanguage":"fr-FR","@id":"https:\/\/abc-latina.com\/#\/schema\/logo\/image\/","url":"https:\/\/abc-latina.com\/wp-content\/uploads\/2026\/05\/cropped-logo.gif","contentUrl":"https:\/\/abc-latina.com\/wp-content\/uploads\/2026\/05\/cropped-logo.gif","width":89,"height":84,"caption":"Abc-latina"},"image":{"@id":"https:\/\/abc-latina.com\/#\/schema\/logo\/image\/"}}]}},"_links":{"self":[{"href":"https:\/\/abc-latina.com\/wp-json\/wp\/v2\/pages\/2862","targetHints":{"allow":["GET"]}}],"collection":[{"href":"https:\/\/abc-latina.com\/wp-json\/wp\/v2\/pages"}],"about":[{"href":"https:\/\/abc-latina.com\/wp-json\/wp\/v2\/types\/page"}],"author":[{"embeddable":true,"href":"https:\/\/abc-latina.com\/wp-json\/wp\/v2\/users\/3"}],"replies":[{"embeddable":true,"href":"https:\/\/abc-latina.com\/wp-json\/wp\/v2\/comments?post=2862"}],"version-history":[{"count":1,"href":"https:\/\/abc-latina.com\/wp-json\/wp\/v2\/pages\/2862\/revisions"}],"predecessor-version":[{"id":3353,"href":"https:\/\/abc-latina.com\/wp-json\/wp\/v2\/pages\/2862\/revisions\/3353"}],"up":[{"embeddable":true,"href":"https:\/\/abc-latina.com\/wp-json\/wp\/v2\/pages\/2299"}],"wp:attachment":[{"href":"https:\/\/abc-latina.com\/wp-json\/wp\/v2\/media?parent=2862"}],"curies":[{"name":"wp","href":"https:\/\/api.w.org\/{rel}","templated":true}]}}