{"id":287,"date":"2010-06-04T17:09:56","date_gmt":"2010-06-04T15:09:56","guid":{"rendered":"http:\/\/abc-latina.com\/ingapirca-htm\/"},"modified":"2018-06-10T16:22:49","modified_gmt":"2018-06-10T14:22:49","slug":"ingapirca","status":"publish","type":"page","link":"https:\/\/abc-latina.com\/equateur\/ingapirca\/","title":{"rendered":"INGAPIRCA"},"content":{"rendered":"<div>Se trouvant \u00e0 85 km de Cuenca et datant de plus de 500 ans, <span class=\"tourisme-chapitre\">Ingapirca <\/span>s&rsquo;\u00e9l\u00e8ve \u00e0 3 200 m au-dessus du niveau de la mer sur les flancs d&rsquo;une montagne qui surplombe quelques maisons et de vastes terrains consacr\u00e9s \u00e0 l&rsquo;agriculture et \u00e0 l&rsquo;\u00e9levage. L&rsquo;histoire raconte que c&rsquo;est \u00e0 Huayna C\u00e1pac que revient l&rsquo;honneur d&rsquo;avoir construit Ingapirca. Le site arch\u00e9ologique d&rsquo;Ingapirca fut jadis un lieu remarquable o\u00f9 s&rsquo;exerc\u00e8rent \u00e0 la fois l&rsquo;influence des Ca\u00f1aris, des Am\u00e9rindiens qui vivaient autrefois sur ces terres, et celle des Incas, qui s&rsquo;y install\u00e8rent un peu plus tard. Toutefois, apr\u00e8s l&rsquo;arriv\u00e9e des Incas, ces lieux furent fortement marqu\u00e9s par leur pr\u00e9sence. Bien que ce site arch\u00e9ologique inca ne soit accessible aux touristes que depuis 1966, il fut d\u00e9crit pour la premi\u00e8re fois en 1739 par Charles Marie de La Condamine.<\/div>\n<div>&nbsp;<\/div>\n<div>De dimensions modestes, Ingapirca n&rsquo;en constitue pas moins le t\u00e9moin muet le plus important de la pr\u00e9sence inca en \u00c9quateur. Les ruines s&rsquo;articulent autour d&rsquo;une plate-forme centrale qui servait probablement de lieu de culte et qui, pour cette raison, est d\u00e9sign\u00e9e sous le nom de Temple du Soleil. Tout autour se dressent les ruines de nombreux \u00e9difices, entre lesquels on peut apercevoir des escaliers et des portes de forme trap\u00e9zo\u00efdale, typiques de l&rsquo;architecture inca. En effet, ces portes r\u00e9sistent mieux aux s\u00e9ismes que les formes rectangulaires. Toutes les pierres du site sont si minutieusement agenc\u00e9es les unes contre les autres que les visiteurs croient qu&rsquo;elles se soutiennent sans aucun liant entre elles. Cependant, en y regardant de pr\u00e8s, vous constaterez qu&rsquo;une substance excessivement mince est plac\u00e9e entre les pierres pour les assembler.<\/div>\n<div>&nbsp;<\/div>\n<div><a href=\"..\/tour_operateur\" target=\"_blank\"><img loading=\"lazy\" decoding=\"async\" class=\" size-full wp-image-41\" alt=\"\" class=\"touroperateur\" src=\"http:\/\/abc-latina.com\/wp-content\/uploads\/2010\/04\/timbre_to.gif\" width=\"125\" height=\"90\" \/><\/a>Seul le Temple du Soleil a surv\u00e9cu au poids des ann\u00e9es, et l&rsquo;on peut appr\u00e9cier l&rsquo;exceptionnelle solidit\u00e9 de cette construction en remarquant qu&rsquo;une bonne couche de mortier existe entre les pierres des autres vestiges qui composent ce site aujourd&rsquo;hui restaur\u00e9. Tout autour, on a d\u00e9couvert depuis peu les vestiges de s\u00e9pultures datant de cette \u00e9poque, et les fouilles qui se poursuivent \u00e9pisodiquement permettront sans doute d&rsquo;en d\u00e9couvrir d&rsquo;autres. Ces ruines font penser \u00e0 une forteresse militaire ou \u00e0 un site religieux, mais leur signification r\u00e9elle \u00e9chappe encore aux historiens et arch\u00e9ologues qui demeurent perplexes et confus \u00e0 leur sujet. Celles-ci ne se comparent nullement aux c\u00e9l\u00e8bres ruines de Machu Picchu, au P\u00e9rou, mais elles enchanteront les amateurs d&rsquo;histoire et de vieilles pierres. Pour ceux qui ne se contentent pas de jeter un coup d&rsquo;oeil rapide et veulent comprendre davantage l&rsquo;architecture et le symbolisme des lieux, il est pr\u00e9f\u00e9rable de s&rsquo;y rendre accompagn\u00e9 d&rsquo;un guide.&nbsp;<\/div>\n<h3>Pr\u00e9parez votre voyage \u00e0 Ingapirca:<\/h3>\n<div><a href=\"https:\/\/www.abc-latina.com\/equateur\/agence_de_voyages\">Agences de voyage g\u00e9n\u00e9ralistes et discounteurs<\/a><\/div>\n<div><a href=\"https:\/\/www.abc-latina.com\/equateur\/tour_operateur\">Tours Op\u00e9rateurs sp\u00e9cialistes de l&rsquo;Equateur<\/a><\/div>\n<div><a href=\"https:\/\/www.abc-latina.com\/to\/reservation_billet_avion\" target=\"_blank\">R\u00e9servez votre billet d&rsquo;avion<\/a><\/div>\n<div><a href=\"https:\/\/www.abc-latina.com\/equateur\/hotels\">R\u00e9servez votre h\u00f4tel \u00e0 Ingapirca<\/a>&nbsp;<\/div>\n<div><a href=\"https:\/\/www.abc-latina.com\/to\/location_de_voiture_equateur\" target=\"_blank\">Location de voiture<\/a><\/div>\n<p>&nbsp;<\/p>\n","protected":false},"excerpt":{"rendered":"<p>Se trouvant \u00e0 85 km de Cuenca et datant de plus de 500 ans, Ingapirca s&rsquo;\u00e9l\u00e8ve \u00e0 3 200 m [&hellip;]<\/p>\n","protected":false},"author":3,"featured_media":41,"parent":2303,"menu_order":0,"comment_status":"closed","ping_status":"closed","template":"","meta":{"site-sidebar-layout":"default","site-content-layout":"","ast-site-content-layout":"default","site-content-style":"default","site-sidebar-style":"default","ast-global-header-display":"","ast-banner-title-visibility":"","ast-main-header-display":"","ast-hfb-above-header-display":"","ast-hfb-below-header-display":"","ast-hfb-mobile-header-display":"","site-post-title":"","ast-breadcrumbs-content":"","ast-featured-img":"","footer-sml-layout":"","ast-disable-related-posts":"","theme-transparent-header-meta":"","adv-header-id-meta":"","stick-header-meta":"","header-above-stick-meta":"","header-main-stick-meta":"","header-below-stick-meta":"","astra-migrate-meta-layouts":"default","ast-page-background-enabled":"default","ast-page-background-meta":{"desktop":{"background-color":"var(--ast-global-color-5)","background-image":"","background-repeat":"repeat","background-position":"center center","background-size":"auto","background-attachment":"scroll","background-type":"","background-media":"","overlay-type":"","overlay-color":"","overlay-opacity":"","overlay-gradient":""},"tablet":{"background-color":"","background-image":"","background-repeat":"repeat","background-position":"center center","background-size":"auto","background-attachment":"scroll","background-type":"","background-media":"","overlay-type":"","overlay-color":"","overlay-opacity":"","overlay-gradient":""},"mobile":{"background-color":"","background-image":"","background-repeat":"repeat","background-position":"center center","background-size":"auto","background-attachment":"scroll","background-type":"","background-media":"","overlay-type":"","overlay-color":"","overlay-opacity":"","overlay-gradient":""}},"ast-content-background-meta":{"desktop":{"background-color":"var(--ast-global-color-4)","background-image":"","background-repeat":"repeat","background-position":"center center","background-size":"auto","background-attachment":"scroll","background-type":"","background-media":"","overlay-type":"","overlay-color":"","overlay-opacity":"","overlay-gradient":""},"tablet":{"background-color":"var(--ast-global-color-4)","background-image":"","background-repeat":"repeat","background-position":"center center","background-size":"auto","background-attachment":"scroll","background-type":"","background-media":"","overlay-type":"","overlay-color":"","overlay-opacity":"","overlay-gradient":""},"mobile":{"background-color":"var(--ast-global-color-4)","background-image":"","background-repeat":"repeat","background-position":"center center","background-size":"auto","background-attachment":"scroll","background-type":"","background-media":"","overlay-type":"","overlay-color":"","overlay-opacity":"","overlay-gradient":""}},"footnotes":""},"class_list":["post-287","page","type-page","status-publish","has-post-thumbnail","hentry"],"yoast_head":"<!-- This site is optimized with the Yoast SEO plugin v27.5 - https:\/\/yoast.com\/product\/yoast-seo-wordpress\/ -->\n<title>INGAPIRCA - Abc-latina<\/title>\n<meta name=\"description\" content=\"De dimensions modestes, Ingapirca n&#039;en constitue pas moins le t\u00e9moin muet le plus important de la pr\u00e9sence inca en \u00c9quateur.\" \/>\n<meta name=\"robots\" content=\"index, follow, max-snippet:-1, max-image-preview:large, max-video-preview:-1\" \/>\n<link rel=\"canonical\" href=\"https:\/\/abc-latina.com\/equateur\/ingapirca\/\" \/>\n<meta property=\"og:locale\" content=\"fr_FR\" \/>\n<meta property=\"og:type\" content=\"article\" \/>\n<meta property=\"og:title\" content=\"INGAPIRCA - Abc-latina\" \/>\n<meta property=\"og:description\" content=\"De dimensions modestes, Ingapirca n&#039;en constitue pas moins le t\u00e9moin muet le plus important de la pr\u00e9sence inca en \u00c9quateur.\" \/>\n<meta property=\"og:url\" content=\"https:\/\/abc-latina.com\/equateur\/ingapirca\/\" \/>\n<meta property=\"og:site_name\" content=\"Abc-latina\" \/>\n<meta property=\"article:modified_time\" content=\"2018-06-10T14:22:49+00:00\" \/>\n<meta property=\"og:image\" content=\"https:\/\/abc-latina.com\/wp-content\/uploads\/2010\/04\/timbre_to.gif\" \/>\n\t<meta property=\"og:image:width\" content=\"125\" \/>\n\t<meta property=\"og:image:height\" content=\"90\" \/>\n\t<meta property=\"og:image:type\" content=\"image\/gif\" \/>\n<meta name=\"twitter:card\" content=\"summary_large_image\" \/>\n<meta name=\"twitter:label1\" content=\"Dur\u00e9e de lecture estim\u00e9e\" \/>\n\t<meta name=\"twitter:data1\" content=\"2 minutes\" \/>\n<script type=\"application\/ld+json\" class=\"yoast-schema-graph\">{\"@context\":\"https:\\\/\\\/schema.org\",\"@graph\":[{\"@type\":\"WebPage\",\"@id\":\"https:\\\/\\\/abc-latina.com\\\/equateur\\\/ingapirca\\\/\",\"url\":\"https:\\\/\\\/abc-latina.com\\\/equateur\\\/ingapirca\\\/\",\"name\":\"INGAPIRCA - Abc-latina\",\"isPartOf\":{\"@id\":\"https:\\\/\\\/abc-latina.com\\\/#website\"},\"primaryImageOfPage\":{\"@id\":\"https:\\\/\\\/abc-latina.com\\\/equateur\\\/ingapirca\\\/#primaryimage\"},\"image\":{\"@id\":\"https:\\\/\\\/abc-latina.com\\\/equateur\\\/ingapirca\\\/#primaryimage\"},\"thumbnailUrl\":\"https:\\\/\\\/abc-latina.com\\\/wp-content\\\/uploads\\\/2010\\\/04\\\/timbre_to.gif\",\"datePublished\":\"2010-06-04T15:09:56+00:00\",\"dateModified\":\"2018-06-10T14:22:49+00:00\",\"description\":\"De dimensions modestes, Ingapirca n'en constitue pas moins le t\u00e9moin muet le plus important de la pr\u00e9sence inca en \u00c9quateur.\",\"breadcrumb\":{\"@id\":\"https:\\\/\\\/abc-latina.com\\\/equateur\\\/ingapirca\\\/#breadcrumb\"},\"inLanguage\":\"fr-FR\",\"potentialAction\":[{\"@type\":\"ReadAction\",\"target\":[\"https:\\\/\\\/abc-latina.com\\\/equateur\\\/ingapirca\\\/\"]}]},{\"@type\":\"ImageObject\",\"inLanguage\":\"fr-FR\",\"@id\":\"https:\\\/\\\/abc-latina.com\\\/equateur\\\/ingapirca\\\/#primaryimage\",\"url\":\"https:\\\/\\\/abc-latina.com\\\/wp-content\\\/uploads\\\/2010\\\/04\\\/timbre_to.gif\",\"contentUrl\":\"https:\\\/\\\/abc-latina.com\\\/wp-content\\\/uploads\\\/2010\\\/04\\\/timbre_to.gif\",\"width\":125,\"height\":90},{\"@type\":\"BreadcrumbList\",\"@id\":\"https:\\\/\\\/abc-latina.com\\\/equateur\\\/ingapirca\\\/#breadcrumb\",\"itemListElement\":[{\"@type\":\"ListItem\",\"position\":1,\"name\":\"Accueil\",\"item\":\"https:\\\/\\\/abc-latina.com\\\/\"},{\"@type\":\"ListItem\",\"position\":2,\"name\":\"INGAPIRCA\"}]},{\"@type\":\"WebSite\",\"@id\":\"https:\\\/\\\/abc-latina.com\\\/#website\",\"url\":\"https:\\\/\\\/abc-latina.com\\\/\",\"name\":\"Abc-latina\",\"description\":\"\",\"publisher\":{\"@id\":\"https:\\\/\\\/abc-latina.com\\\/#organization\"},\"potentialAction\":[{\"@type\":\"SearchAction\",\"target\":{\"@type\":\"EntryPoint\",\"urlTemplate\":\"https:\\\/\\\/abc-latina.com\\\/?s={search_term_string}\"},\"query-input\":{\"@type\":\"PropertyValueSpecification\",\"valueRequired\":true,\"valueName\":\"search_term_string\"}}],\"inLanguage\":\"fr-FR\"},{\"@type\":\"Organization\",\"@id\":\"https:\\\/\\\/abc-latina.com\\\/#organization\",\"name\":\"Abc-latina\",\"url\":\"https:\\\/\\\/abc-latina.com\\\/\",\"logo\":{\"@type\":\"ImageObject\",\"inLanguage\":\"fr-FR\",\"@id\":\"https:\\\/\\\/abc-latina.com\\\/#\\\/schema\\\/logo\\\/image\\\/\",\"url\":\"https:\\\/\\\/abc-latina.com\\\/wp-content\\\/uploads\\\/2026\\\/05\\\/cropped-logo.gif\",\"contentUrl\":\"https:\\\/\\\/abc-latina.com\\\/wp-content\\\/uploads\\\/2026\\\/05\\\/cropped-logo.gif\",\"width\":89,\"height\":84,\"caption\":\"Abc-latina\"},\"image\":{\"@id\":\"https:\\\/\\\/abc-latina.com\\\/#\\\/schema\\\/logo\\\/image\\\/\"}}]}<\/script>\n<!-- \/ Yoast SEO plugin. -->","yoast_head_json":{"title":"INGAPIRCA - Abc-latina","description":"De dimensions modestes, Ingapirca n'en constitue pas moins le t\u00e9moin muet le plus important de la pr\u00e9sence inca en \u00c9quateur.","robots":{"index":"index","follow":"follow","max-snippet":"max-snippet:-1","max-image-preview":"max-image-preview:large","max-video-preview":"max-video-preview:-1"},"canonical":"https:\/\/abc-latina.com\/equateur\/ingapirca\/","og_locale":"fr_FR","og_type":"article","og_title":"INGAPIRCA - Abc-latina","og_description":"De dimensions modestes, Ingapirca n'en constitue pas moins le t\u00e9moin muet le plus important de la pr\u00e9sence inca en \u00c9quateur.","og_url":"https:\/\/abc-latina.com\/equateur\/ingapirca\/","og_site_name":"Abc-latina","article_modified_time":"2018-06-10T14:22:49+00:00","og_image":[{"width":125,"height":90,"url":"https:\/\/abc-latina.com\/wp-content\/uploads\/2010\/04\/timbre_to.gif","type":"image\/gif"}],"twitter_card":"summary_large_image","twitter_misc":{"Dur\u00e9e de lecture estim\u00e9e":"2 minutes"},"schema":{"@context":"https:\/\/schema.org","@graph":[{"@type":"WebPage","@id":"https:\/\/abc-latina.com\/equateur\/ingapirca\/","url":"https:\/\/abc-latina.com\/equateur\/ingapirca\/","name":"INGAPIRCA - Abc-latina","isPartOf":{"@id":"https:\/\/abc-latina.com\/#website"},"primaryImageOfPage":{"@id":"https:\/\/abc-latina.com\/equateur\/ingapirca\/#primaryimage"},"image":{"@id":"https:\/\/abc-latina.com\/equateur\/ingapirca\/#primaryimage"},"thumbnailUrl":"https:\/\/abc-latina.com\/wp-content\/uploads\/2010\/04\/timbre_to.gif","datePublished":"2010-06-04T15:09:56+00:00","dateModified":"2018-06-10T14:22:49+00:00","description":"De dimensions modestes, Ingapirca n'en constitue pas moins le t\u00e9moin muet le plus important de la pr\u00e9sence inca en \u00c9quateur.","breadcrumb":{"@id":"https:\/\/abc-latina.com\/equateur\/ingapirca\/#breadcrumb"},"inLanguage":"fr-FR","potentialAction":[{"@type":"ReadAction","target":["https:\/\/abc-latina.com\/equateur\/ingapirca\/"]}]},{"@type":"ImageObject","inLanguage":"fr-FR","@id":"https:\/\/abc-latina.com\/equateur\/ingapirca\/#primaryimage","url":"https:\/\/abc-latina.com\/wp-content\/uploads\/2010\/04\/timbre_to.gif","contentUrl":"https:\/\/abc-latina.com\/wp-content\/uploads\/2010\/04\/timbre_to.gif","width":125,"height":90},{"@type":"BreadcrumbList","@id":"https:\/\/abc-latina.com\/equateur\/ingapirca\/#breadcrumb","itemListElement":[{"@type":"ListItem","position":1,"name":"Accueil","item":"https:\/\/abc-latina.com\/"},{"@type":"ListItem","position":2,"name":"INGAPIRCA"}]},{"@type":"WebSite","@id":"https:\/\/abc-latina.com\/#website","url":"https:\/\/abc-latina.com\/","name":"Abc-latina","description":"","publisher":{"@id":"https:\/\/abc-latina.com\/#organization"},"potentialAction":[{"@type":"SearchAction","target":{"@type":"EntryPoint","urlTemplate":"https:\/\/abc-latina.com\/?s={search_term_string}"},"query-input":{"@type":"PropertyValueSpecification","valueRequired":true,"valueName":"search_term_string"}}],"inLanguage":"fr-FR"},{"@type":"Organization","@id":"https:\/\/abc-latina.com\/#organization","name":"Abc-latina","url":"https:\/\/abc-latina.com\/","logo":{"@type":"ImageObject","inLanguage":"fr-FR","@id":"https:\/\/abc-latina.com\/#\/schema\/logo\/image\/","url":"https:\/\/abc-latina.com\/wp-content\/uploads\/2026\/05\/cropped-logo.gif","contentUrl":"https:\/\/abc-latina.com\/wp-content\/uploads\/2026\/05\/cropped-logo.gif","width":89,"height":84,"caption":"Abc-latina"},"image":{"@id":"https:\/\/abc-latina.com\/#\/schema\/logo\/image\/"}}]}},"_links":{"self":[{"href":"https:\/\/abc-latina.com\/wp-json\/wp\/v2\/pages\/287","targetHints":{"allow":["GET"]}}],"collection":[{"href":"https:\/\/abc-latina.com\/wp-json\/wp\/v2\/pages"}],"about":[{"href":"https:\/\/abc-latina.com\/wp-json\/wp\/v2\/types\/page"}],"author":[{"embeddable":true,"href":"https:\/\/abc-latina.com\/wp-json\/wp\/v2\/users\/3"}],"replies":[{"embeddable":true,"href":"https:\/\/abc-latina.com\/wp-json\/wp\/v2\/comments?post=287"}],"version-history":[{"count":0,"href":"https:\/\/abc-latina.com\/wp-json\/wp\/v2\/pages\/287\/revisions"}],"up":[{"embeddable":true,"href":"https:\/\/abc-latina.com\/wp-json\/wp\/v2\/pages\/2303"}],"wp:featuredmedia":[{"embeddable":true,"href":"https:\/\/abc-latina.com\/wp-json\/wp\/v2\/media\/41"}],"wp:attachment":[{"href":"https:\/\/abc-latina.com\/wp-json\/wp\/v2\/media?parent=287"}],"curies":[{"name":"wp","href":"https:\/\/api.w.org\/{rel}","templated":true}]}}