{"id":2876,"date":"2013-07-28T23:30:01","date_gmt":"2013-07-28T21:30:01","guid":{"rendered":"http:\/\/abc-latina.com\/cordoba-argentine\/"},"modified":"2026-04-30T18:24:44","modified_gmt":"2026-04-30T16:24:44","slug":"cordoba-argentine","status":"publish","type":"page","link":"https:\/\/abc-latina.com\/argentine\/cordoba-argentine\/","title":{"rendered":"CORDOBA"},"content":{"rendered":"<p><img loading=\"lazy\" decoding=\"async\" class=\" size-full wp-image-481\" src=\"http:\/\/abc-latina.com\/wp-content\/uploads\/2010\/06\/cordoba-3.jpg\" title=\"VOYAGE \u00e0 CORDOBA - ARGENTINE\" alt=\"VOYAGE \u00e0 CORDOBA - ARGENTINE\" width=\"480\" height=\"360\" srcset=\"https:\/\/abc-latina.com\/wp-content\/uploads\/2010\/06\/cordoba-3.jpg 620w, https:\/\/abc-latina.com\/wp-content\/uploads\/2010\/06\/cordoba-3-300x225.jpg 300w\" sizes=\"auto, (max-width: 480px) 100vw, 480px\" \/><\/p>\n<p>&nbsp;<span class=\"tourisme-chapitre\">Un peu d&rsquo;histoire<\/span><\/p>\n<div>Cordoba fut cr\u00e9\u00e9 en 1573 et jusqu&rsquo;\u00e0 la fin du 18\u00e9me si\u00e8cle, elle fut une ville plus prosp\u00e8re que Buenos Aires. Son &nbsp;d\u00e9veloppement fut rapide et en 1614 y fut fond\u00e9e par les J\u00e9suites l&rsquo;universit\u00e9, la plus ancienne d&rsquo;Am\u00e9rique du Sud &nbsp;apr\u00e8s celle de Lima. La ville joua \u00e9galement plusieurs fois un r\u00f4le politique et militaire important pour le pays.<\/div>\n<div>&nbsp;<\/div>\n<div><span class=\"tourisme-chapitre\">Description<\/span><\/div>\n<div>Le centre de Cordoba a \u00e9t\u00e9 particuli\u00e8rement prot\u00e9g\u00e9 de l&rsquo;app\u00e9tit des sp\u00e9culateurs, et un ensemble architectural assez homog\u00e8ne bien restaur\u00e9 donne une id\u00e9e de ce que pouvait \u00eatre Cordoba \u00e0 l&rsquo;\u00e9poque coloniale, dans le quartier de la cath\u00e9drale.<\/div>\n<div><img loading=\"lazy\" decoding=\"async\" class=\" alignright size-full wp-image-110\" src=\"http:\/\/abc-latina.com\/wp-content\/uploads\/2010\/06\/cordoba.jpg\" title=\"CORDOBA\" alt=\"\" width=\"220\" vspace=\"9\" hspace=\"15\" height=\"220\" align=\"right\" \/>Cordoba n&rsquo;est pas repli\u00e9e sur ce pass\u00e9 glorieux de l&rsquo;\u00e9poque coloniale. C&rsquo;est au contraire, une ville moderne et dynamique, la deuxi\u00e8me d&rsquo;Argentine avec plus d&rsquo;un million d&rsquo;habitants, dans une province de 170.000 km&sup2;.<\/div>\n<div>Immeuble moderne, grandes et larges avenues, universit\u00e9 prestigieuse, Cordoba est devenue un p\u00f4le \u00e9conomique et intellectuel important.<\/div>\n<div>Dans les environs de Cordoba, les sierras de Cordoba attire de nombreux touristes du \u00e0 leurs relatives proximit\u00e9s de Buenos Aires, \u00e0 700 km tout de m\u00eame !<\/div>\n<div>La richesse touristique des sierras de Cordoba r\u00e9side dans leurs montagnes qui peuvent atteindre 2.800m, leurs rivi\u00e8res et les majestueux lacs form\u00e9s par les barrages hydro\u00e9lectriques.<\/div>\n<div>&nbsp;<\/div>\n<p><a href=\"https:\/\/www.abc-latina.com\/argentine\/photos\/photos_cordoba\">Photos de Cordoba<\/a><\/p>\n","protected":false},"excerpt":{"rendered":"<p>&nbsp;Un peu d&rsquo;histoire Cordoba fut cr\u00e9\u00e9 en 1573 et jusqu&rsquo;\u00e0 la fin du 18\u00e9me si\u00e8cle, elle fut une ville plus [&hellip;]<\/p>\n","protected":false},"author":3,"featured_media":481,"parent":39,"menu_order":0,"comment_status":"closed","ping_status":"closed","template":"","meta":{"site-sidebar-layout":"default","site-content-layout":"","ast-site-content-layout":"default","site-content-style":"default","site-sidebar-style":"default","ast-global-header-display":"","ast-banner-title-visibility":"","ast-main-header-display":"","ast-hfb-above-header-display":"","ast-hfb-below-header-display":"","ast-hfb-mobile-header-display":"","site-post-title":"","ast-breadcrumbs-content":"","ast-featured-img":"","footer-sml-layout":"","ast-disable-related-posts":"","theme-transparent-header-meta":"","adv-header-id-meta":"","stick-header-meta":"","header-above-stick-meta":"","header-main-stick-meta":"","header-below-stick-meta":"","astra-migrate-meta-layouts":"default","ast-page-background-enabled":"default","ast-page-background-meta":{"desktop":{"background-color":"var(--ast-global-color-5)","background-image":"","background-repeat":"repeat","background-position":"center center","background-size":"auto","background-attachment":"scroll","background-type":"","background-media":"","overlay-type":"","overlay-color":"","overlay-opacity":"","overlay-gradient":""},"tablet":{"background-color":"","background-image":"","background-repeat":"repeat","background-position":"center center","background-size":"auto","background-attachment":"scroll","background-type":"","background-media":"","overlay-type":"","overlay-color":"","overlay-opacity":"","overlay-gradient":""},"mobile":{"background-color":"","background-image":"","background-repeat":"repeat","background-position":"center center","background-size":"auto","background-attachment":"scroll","background-type":"","background-media":"","overlay-type":"","overlay-color":"","overlay-opacity":"","overlay-gradient":""}},"ast-content-background-meta":{"desktop":{"background-color":"var(--ast-global-color-4)","background-image":"","background-repeat":"repeat","background-position":"center center","background-size":"auto","background-attachment":"scroll","background-type":"","background-media":"","overlay-type":"","overlay-color":"","overlay-opacity":"","overlay-gradient":""},"tablet":{"background-color":"var(--ast-global-color-4)","background-image":"","background-repeat":"repeat","background-position":"center center","background-size":"auto","background-attachment":"scroll","background-type":"","background-media":"","overlay-type":"","overlay-color":"","overlay-opacity":"","overlay-gradient":""},"mobile":{"background-color":"var(--ast-global-color-4)","background-image":"","background-repeat":"repeat","background-position":"center center","background-size":"auto","background-attachment":"scroll","background-type":"","background-media":"","overlay-type":"","overlay-color":"","overlay-opacity":"","overlay-gradient":""}},"footnotes":""},"class_list":["post-2876","page","type-page","status-publish","has-post-thumbnail","hentry"],"yoast_head":"<!-- This site is optimized with the Yoast SEO plugin v27.5 - https:\/\/yoast.com\/product\/yoast-seo-wordpress\/ -->\n<title>CORDOBA - Abc-latina<\/title>\n<meta name=\"description\" content=\"Le centre de Cordoba a \u00e9t\u00e9 particuli\u00e8rement prot\u00e9g\u00e9 de l\u2019app\u00e9tit des sp\u00e9culateurs, son ensemble architectural assez homog\u00e8ne donne une id\u00e9e de ce que pouvait \u00eatre Cordoba \u00e0 l\u2019\u00e9poque coloniale...\" \/>\n<meta name=\"robots\" content=\"index, follow, max-snippet:-1, max-image-preview:large, max-video-preview:-1\" \/>\n<link rel=\"canonical\" href=\"https:\/\/abc-latina.com\/argentine\/cordoba-argentine\/\" \/>\n<meta property=\"og:locale\" content=\"fr_FR\" \/>\n<meta property=\"og:type\" content=\"article\" \/>\n<meta property=\"og:title\" content=\"CORDOBA - Abc-latina\" \/>\n<meta property=\"og:description\" content=\"Le centre de Cordoba a \u00e9t\u00e9 particuli\u00e8rement prot\u00e9g\u00e9 de l\u2019app\u00e9tit des sp\u00e9culateurs, son ensemble architectural assez homog\u00e8ne donne une id\u00e9e de ce que pouvait \u00eatre Cordoba \u00e0 l\u2019\u00e9poque coloniale...\" \/>\n<meta property=\"og:url\" content=\"https:\/\/abc-latina.com\/argentine\/cordoba-argentine\/\" \/>\n<meta property=\"og:site_name\" content=\"Abc-latina\" \/>\n<meta property=\"article:modified_time\" content=\"2026-04-30T16:24:44+00:00\" \/>\n<meta property=\"og:image\" content=\"https:\/\/abc-latina.com\/wp-content\/uploads\/2010\/06\/cordoba-3.jpg\" \/>\n\t<meta property=\"og:image:width\" content=\"620\" \/>\n\t<meta property=\"og:image:height\" content=\"465\" \/>\n\t<meta property=\"og:image:type\" content=\"image\/jpeg\" \/>\n<meta name=\"twitter:card\" content=\"summary_large_image\" \/>\n<meta name=\"twitter:label1\" content=\"Dur\u00e9e de lecture estim\u00e9e\" \/>\n\t<meta name=\"twitter:data1\" content=\"1 minute\" \/>\n<script type=\"application\/ld+json\" class=\"yoast-schema-graph\">{\"@context\":\"https:\\\/\\\/schema.org\",\"@graph\":[{\"@type\":\"WebPage\",\"@id\":\"https:\\\/\\\/abc-latina.com\\\/argentine\\\/cordoba-argentine\\\/\",\"url\":\"https:\\\/\\\/abc-latina.com\\\/argentine\\\/cordoba-argentine\\\/\",\"name\":\"CORDOBA - Abc-latina\",\"isPartOf\":{\"@id\":\"https:\\\/\\\/abc-latina.com\\\/#website\"},\"primaryImageOfPage\":{\"@id\":\"https:\\\/\\\/abc-latina.com\\\/argentine\\\/cordoba-argentine\\\/#primaryimage\"},\"image\":{\"@id\":\"https:\\\/\\\/abc-latina.com\\\/argentine\\\/cordoba-argentine\\\/#primaryimage\"},\"thumbnailUrl\":\"https:\\\/\\\/abc-latina.com\\\/wp-content\\\/uploads\\\/2010\\\/06\\\/cordoba-3.jpg\",\"datePublished\":\"2013-07-28T21:30:01+00:00\",\"dateModified\":\"2026-04-30T16:24:44+00:00\",\"description\":\"Le centre de Cordoba a \u00e9t\u00e9 particuli\u00e8rement prot\u00e9g\u00e9 de l\u2019app\u00e9tit des sp\u00e9culateurs, son ensemble architectural assez homog\u00e8ne donne une id\u00e9e de ce que pouvait \u00eatre Cordoba \u00e0 l\u2019\u00e9poque coloniale...\",\"breadcrumb\":{\"@id\":\"https:\\\/\\\/abc-latina.com\\\/argentine\\\/cordoba-argentine\\\/#breadcrumb\"},\"inLanguage\":\"fr-FR\",\"potentialAction\":[{\"@type\":\"ReadAction\",\"target\":[\"https:\\\/\\\/abc-latina.com\\\/argentine\\\/cordoba-argentine\\\/\"]}]},{\"@type\":\"ImageObject\",\"inLanguage\":\"fr-FR\",\"@id\":\"https:\\\/\\\/abc-latina.com\\\/argentine\\\/cordoba-argentine\\\/#primaryimage\",\"url\":\"https:\\\/\\\/abc-latina.com\\\/wp-content\\\/uploads\\\/2010\\\/06\\\/cordoba-3.jpg\",\"contentUrl\":\"https:\\\/\\\/abc-latina.com\\\/wp-content\\\/uploads\\\/2010\\\/06\\\/cordoba-3.jpg\",\"width\":620,\"height\":465,\"caption\":\"CORDOBA - ARGENTINE\"},{\"@type\":\"BreadcrumbList\",\"@id\":\"https:\\\/\\\/abc-latina.com\\\/argentine\\\/cordoba-argentine\\\/#breadcrumb\",\"itemListElement\":[{\"@type\":\"ListItem\",\"position\":1,\"name\":\"Accueil\",\"item\":\"https:\\\/\\\/abc-latina.com\\\/\"},{\"@type\":\"ListItem\",\"position\":2,\"name\":\"CORDOBA\"}]},{\"@type\":\"WebSite\",\"@id\":\"https:\\\/\\\/abc-latina.com\\\/#website\",\"url\":\"https:\\\/\\\/abc-latina.com\\\/\",\"name\":\"Abc-latina\",\"description\":\"\",\"publisher\":{\"@id\":\"https:\\\/\\\/abc-latina.com\\\/#organization\"},\"potentialAction\":[{\"@type\":\"SearchAction\",\"target\":{\"@type\":\"EntryPoint\",\"urlTemplate\":\"https:\\\/\\\/abc-latina.com\\\/?s={search_term_string}\"},\"query-input\":{\"@type\":\"PropertyValueSpecification\",\"valueRequired\":true,\"valueName\":\"search_term_string\"}}],\"inLanguage\":\"fr-FR\"},{\"@type\":\"Organization\",\"@id\":\"https:\\\/\\\/abc-latina.com\\\/#organization\",\"name\":\"Abc-latina\",\"url\":\"https:\\\/\\\/abc-latina.com\\\/\",\"logo\":{\"@type\":\"ImageObject\",\"inLanguage\":\"fr-FR\",\"@id\":\"https:\\\/\\\/abc-latina.com\\\/#\\\/schema\\\/logo\\\/image\\\/\",\"url\":\"https:\\\/\\\/abc-latina.com\\\/wp-content\\\/uploads\\\/2026\\\/05\\\/cropped-logo.gif\",\"contentUrl\":\"https:\\\/\\\/abc-latina.com\\\/wp-content\\\/uploads\\\/2026\\\/05\\\/cropped-logo.gif\",\"width\":89,\"height\":84,\"caption\":\"Abc-latina\"},\"image\":{\"@id\":\"https:\\\/\\\/abc-latina.com\\\/#\\\/schema\\\/logo\\\/image\\\/\"}}]}<\/script>\n<!-- \/ Yoast SEO plugin. -->","yoast_head_json":{"title":"CORDOBA - Abc-latina","description":"Le centre de Cordoba a \u00e9t\u00e9 particuli\u00e8rement prot\u00e9g\u00e9 de l\u2019app\u00e9tit des sp\u00e9culateurs, son ensemble architectural assez homog\u00e8ne donne une id\u00e9e de ce que pouvait \u00eatre Cordoba \u00e0 l\u2019\u00e9poque coloniale...","robots":{"index":"index","follow":"follow","max-snippet":"max-snippet:-1","max-image-preview":"max-image-preview:large","max-video-preview":"max-video-preview:-1"},"canonical":"https:\/\/abc-latina.com\/argentine\/cordoba-argentine\/","og_locale":"fr_FR","og_type":"article","og_title":"CORDOBA - Abc-latina","og_description":"Le centre de Cordoba a \u00e9t\u00e9 particuli\u00e8rement prot\u00e9g\u00e9 de l\u2019app\u00e9tit des sp\u00e9culateurs, son ensemble architectural assez homog\u00e8ne donne une id\u00e9e de ce que pouvait \u00eatre Cordoba \u00e0 l\u2019\u00e9poque coloniale...","og_url":"https:\/\/abc-latina.com\/argentine\/cordoba-argentine\/","og_site_name":"Abc-latina","article_modified_time":"2026-04-30T16:24:44+00:00","og_image":[{"width":620,"height":465,"url":"https:\/\/abc-latina.com\/wp-content\/uploads\/2010\/06\/cordoba-3.jpg","type":"image\/jpeg"}],"twitter_card":"summary_large_image","twitter_misc":{"Dur\u00e9e de lecture estim\u00e9e":"1 minute"},"schema":{"@context":"https:\/\/schema.org","@graph":[{"@type":"WebPage","@id":"https:\/\/abc-latina.com\/argentine\/cordoba-argentine\/","url":"https:\/\/abc-latina.com\/argentine\/cordoba-argentine\/","name":"CORDOBA - Abc-latina","isPartOf":{"@id":"https:\/\/abc-latina.com\/#website"},"primaryImageOfPage":{"@id":"https:\/\/abc-latina.com\/argentine\/cordoba-argentine\/#primaryimage"},"image":{"@id":"https:\/\/abc-latina.com\/argentine\/cordoba-argentine\/#primaryimage"},"thumbnailUrl":"https:\/\/abc-latina.com\/wp-content\/uploads\/2010\/06\/cordoba-3.jpg","datePublished":"2013-07-28T21:30:01+00:00","dateModified":"2026-04-30T16:24:44+00:00","description":"Le centre de Cordoba a \u00e9t\u00e9 particuli\u00e8rement prot\u00e9g\u00e9 de l\u2019app\u00e9tit des sp\u00e9culateurs, son ensemble architectural assez homog\u00e8ne donne une id\u00e9e de ce que pouvait \u00eatre Cordoba \u00e0 l\u2019\u00e9poque coloniale...","breadcrumb":{"@id":"https:\/\/abc-latina.com\/argentine\/cordoba-argentine\/#breadcrumb"},"inLanguage":"fr-FR","potentialAction":[{"@type":"ReadAction","target":["https:\/\/abc-latina.com\/argentine\/cordoba-argentine\/"]}]},{"@type":"ImageObject","inLanguage":"fr-FR","@id":"https:\/\/abc-latina.com\/argentine\/cordoba-argentine\/#primaryimage","url":"https:\/\/abc-latina.com\/wp-content\/uploads\/2010\/06\/cordoba-3.jpg","contentUrl":"https:\/\/abc-latina.com\/wp-content\/uploads\/2010\/06\/cordoba-3.jpg","width":620,"height":465,"caption":"CORDOBA - ARGENTINE"},{"@type":"BreadcrumbList","@id":"https:\/\/abc-latina.com\/argentine\/cordoba-argentine\/#breadcrumb","itemListElement":[{"@type":"ListItem","position":1,"name":"Accueil","item":"https:\/\/abc-latina.com\/"},{"@type":"ListItem","position":2,"name":"CORDOBA"}]},{"@type":"WebSite","@id":"https:\/\/abc-latina.com\/#website","url":"https:\/\/abc-latina.com\/","name":"Abc-latina","description":"","publisher":{"@id":"https:\/\/abc-latina.com\/#organization"},"potentialAction":[{"@type":"SearchAction","target":{"@type":"EntryPoint","urlTemplate":"https:\/\/abc-latina.com\/?s={search_term_string}"},"query-input":{"@type":"PropertyValueSpecification","valueRequired":true,"valueName":"search_term_string"}}],"inLanguage":"fr-FR"},{"@type":"Organization","@id":"https:\/\/abc-latina.com\/#organization","name":"Abc-latina","url":"https:\/\/abc-latina.com\/","logo":{"@type":"ImageObject","inLanguage":"fr-FR","@id":"https:\/\/abc-latina.com\/#\/schema\/logo\/image\/","url":"https:\/\/abc-latina.com\/wp-content\/uploads\/2026\/05\/cropped-logo.gif","contentUrl":"https:\/\/abc-latina.com\/wp-content\/uploads\/2026\/05\/cropped-logo.gif","width":89,"height":84,"caption":"Abc-latina"},"image":{"@id":"https:\/\/abc-latina.com\/#\/schema\/logo\/image\/"}}]}},"_links":{"self":[{"href":"https:\/\/abc-latina.com\/wp-json\/wp\/v2\/pages\/2876","targetHints":{"allow":["GET"]}}],"collection":[{"href":"https:\/\/abc-latina.com\/wp-json\/wp\/v2\/pages"}],"about":[{"href":"https:\/\/abc-latina.com\/wp-json\/wp\/v2\/types\/page"}],"author":[{"embeddable":true,"href":"https:\/\/abc-latina.com\/wp-json\/wp\/v2\/users\/3"}],"replies":[{"embeddable":true,"href":"https:\/\/abc-latina.com\/wp-json\/wp\/v2\/comments?post=2876"}],"version-history":[{"count":1,"href":"https:\/\/abc-latina.com\/wp-json\/wp\/v2\/pages\/2876\/revisions"}],"predecessor-version":[{"id":3047,"href":"https:\/\/abc-latina.com\/wp-json\/wp\/v2\/pages\/2876\/revisions\/3047"}],"up":[{"embeddable":true,"href":"https:\/\/abc-latina.com\/wp-json\/wp\/v2\/pages\/39"}],"wp:featuredmedia":[{"embeddable":true,"href":"https:\/\/abc-latina.com\/wp-json\/wp\/v2\/media\/481"}],"wp:attachment":[{"href":"https:\/\/abc-latina.com\/wp-json\/wp\/v2\/media?parent=2876"}],"curies":[{"name":"wp","href":"https:\/\/api.w.org\/{rel}","templated":true}]}}