{"id":2886,"date":"2016-05-05T06:06:35","date_gmt":"2016-05-05T04:06:35","guid":{"rendered":"http:\/\/abc-latina.com\/tresors-naturels-du-costa-rica\/"},"modified":"2026-04-30T18:25:01","modified_gmt":"2026-04-30T16:25:01","slug":"tresors-naturels-du-costa-rica","status":"publish","type":"page","link":"https:\/\/abc-latina.com\/?page_id=2886","title":{"rendered":"Les TRESORS NATURELS du COSTA RICA"},"content":{"rendered":"<h3>Costa Rica : &laquo; Les tr\u00e9sors naturels du Costa Rica &raquo; <\/p>\n<p>&nbsp;<\/h3>\n<p>Depuis son ouverture au tourisme dans les ann\u00e9es 80, le Costa Rica s&rsquo;est orient\u00e9 vers l&rsquo;\u00e9cotourisme et la protection de l&rsquo;environnement. Il existe aujourd&rsquo;hui 28 parcs nationaux sur ce territoire de 51 000 km&sup2; et environ 30 % de la surface du territoire est prot\u00e9g\u00e9e. Le Costa Rica contient tout de m\u00eame environ 5% de la biodiversit\u00e9 mondiale !<\/p>\n<p>Au-del\u00e0 de la mise en valeur de sa faune et sa flore uniques, le Costa Rica s&rsquo;est aussi engag\u00e9 dans l&rsquo;utilisation des \u00e9nergies renouvelables, plus de 95 % de sa consommation provient de ce type d&rsquo;\u00e9nergie.<\/p>\n<p>On peut citer comme sites \u00e9cotouristiques importants, le <a target=\"_blank\" href=\"http:\/\/www.altiplano-voyage.com\/voyage-costa-rica\/sites-a-visiter-costa-rica\/visiter-parc-corcovado\/tous-les-sites\/?reference=abclatina\">parc Corcovado<\/a>, la <a target=\"_blank\" href=\"http:\/\/www.altiplano-voyage.com\/voyage-costa-rica\/sites-a-visiter-costa-rica\/visiter-reserve-monteverde\/tous-les-sites\/?reference=abclatina\">r\u00e9serve de Monteverde<\/a>, ou encore le <a target=\"_blank\" href=\"http:\/\/www.altiplano-voyage.com\/voyage-costa-rica\/sites-a-visiter-costa-rica\/visiter-parc-arenal\/tous-les-sites\/?reference=abclatina\">parc Arenal<\/a>.<\/p>\n<p style=\"text-align: center;\">\n<p>&nbsp;<img loading=\"lazy\" decoding=\"async\" class=\" size-full wp-image-36\" alt=\"\" src=\"http:\/\/abc-latina.com\/wp-content\/uploads\/2010\/04\/cheval-monteverde.jpg\" width=\"460\" height=\"305\" align=\"middle\" srcset=\"https:\/\/abc-latina.com\/wp-content\/uploads\/2010\/04\/cheval-monteverde.jpg 460w, https:\/\/abc-latina.com\/wp-content\/uploads\/2010\/04\/cheval-monteverde-300x199.jpg 300w\" sizes=\"auto, (max-width: 460px) 100vw, 460px\" \/><\/p>\n<p>&nbsp;<\/p>\n","protected":false},"excerpt":{"rendered":"<p>Costa Rica : &laquo; Les tr\u00e9sors naturels du Costa Rica &raquo; &nbsp; Depuis son ouverture au tourisme dans les ann\u00e9es [&hellip;]<\/p>\n","protected":false},"author":3,"featured_media":36,"parent":2300,"menu_order":0,"comment_status":"closed","ping_status":"closed","template":"","meta":{"site-sidebar-layout":"default","site-content-layout":"","ast-site-content-layout":"default","site-content-style":"default","site-sidebar-style":"default","ast-global-header-display":"","ast-banner-title-visibility":"","ast-main-header-display":"","ast-hfb-above-header-display":"","ast-hfb-below-header-display":"","ast-hfb-mobile-header-display":"","site-post-title":"","ast-breadcrumbs-content":"","ast-featured-img":"","footer-sml-layout":"","ast-disable-related-posts":"","theme-transparent-header-meta":"","adv-header-id-meta":"","stick-header-meta":"","header-above-stick-meta":"","header-main-stick-meta":"","header-below-stick-meta":"","astra-migrate-meta-layouts":"default","ast-page-background-enabled":"default","ast-page-background-meta":{"desktop":{"background-color":"var(--ast-global-color-5)","background-image":"","background-repeat":"repeat","background-position":"center center","background-size":"auto","background-attachment":"scroll","background-type":"","background-media":"","overlay-type":"","overlay-color":"","overlay-opacity":"","overlay-gradient":""},"tablet":{"background-color":"","background-image":"","background-repeat":"repeat","background-position":"center center","background-size":"auto","background-attachment":"scroll","background-type":"","background-media":"","overlay-type":"","overlay-color":"","overlay-opacity":"","overlay-gradient":""},"mobile":{"background-color":"","background-image":"","background-repeat":"repeat","background-position":"center center","background-size":"auto","background-attachment":"scroll","background-type":"","background-media":"","overlay-type":"","overlay-color":"","overlay-opacity":"","overlay-gradient":""}},"ast-content-background-meta":{"desktop":{"background-color":"var(--ast-global-color-4)","background-image":"","background-repeat":"repeat","background-position":"center center","background-size":"auto","background-attachment":"scroll","background-type":"","background-media":"","overlay-type":"","overlay-color":"","overlay-opacity":"","overlay-gradient":""},"tablet":{"background-color":"var(--ast-global-color-4)","background-image":"","background-repeat":"repeat","background-position":"center center","background-size":"auto","background-attachment":"scroll","background-type":"","background-media":"","overlay-type":"","overlay-color":"","overlay-opacity":"","overlay-gradient":""},"mobile":{"background-color":"var(--ast-global-color-4)","background-image":"","background-repeat":"repeat","background-position":"center center","background-size":"auto","background-attachment":"scroll","background-type":"","background-media":"","overlay-type":"","overlay-color":"","overlay-opacity":"","overlay-gradient":""}},"footnotes":""},"class_list":["post-2886","page","type-page","status-publish","has-post-thumbnail","hentry"],"yoast_head":"<!-- This site is optimized with the Yoast SEO plugin v27.5 - https:\/\/yoast.com\/product\/yoast-seo-wordpress\/ -->\n<title>Les TRESORS NATURELS du COSTA RICA - Abc-latina<\/title>\n<meta name=\"robots\" content=\"noindex, follow\" \/>\n<meta property=\"og:locale\" content=\"fr_FR\" \/>\n<meta property=\"og:type\" content=\"article\" \/>\n<meta property=\"og:title\" content=\"Les TRESORS NATURELS du COSTA RICA - Abc-latina\" \/>\n<meta property=\"og:description\" content=\"Costa Rica : &laquo; Les tr\u00e9sors naturels du Costa Rica &raquo; &nbsp; Depuis son ouverture au tourisme dans les ann\u00e9es [&hellip;]\" \/>\n<meta property=\"og:url\" content=\"https:\/\/abc-latina.com\/?page_id=2886\" \/>\n<meta property=\"og:site_name\" content=\"Abc-latina\" \/>\n<meta property=\"article:modified_time\" content=\"2026-04-30T16:25:01+00:00\" \/>\n<meta property=\"og:image\" content=\"https:\/\/abc-latina.com\/wp-content\/uploads\/2010\/04\/cheval-monteverde.jpg\" \/>\n\t<meta property=\"og:image:width\" content=\"460\" \/>\n\t<meta property=\"og:image:height\" content=\"305\" \/>\n\t<meta property=\"og:image:type\" content=\"image\/jpeg\" \/>\n<meta name=\"twitter:card\" content=\"summary_large_image\" \/>\n<meta name=\"twitter:label1\" content=\"Dur\u00e9e de lecture estim\u00e9e\" \/>\n\t<meta name=\"twitter:data1\" content=\"1 minute\" \/>\n<script type=\"application\/ld+json\" class=\"yoast-schema-graph\">{\"@context\":\"https:\\\/\\\/schema.org\",\"@graph\":[{\"@type\":\"WebPage\",\"@id\":\"https:\\\/\\\/abc-latina.com\\\/?page_id=2886\",\"url\":\"https:\\\/\\\/abc-latina.com\\\/?page_id=2886\",\"name\":\"Les TRESORS NATURELS du COSTA RICA - Abc-latina\",\"isPartOf\":{\"@id\":\"https:\\\/\\\/abc-latina.com\\\/#website\"},\"primaryImageOfPage\":{\"@id\":\"https:\\\/\\\/abc-latina.com\\\/?page_id=2886#primaryimage\"},\"image\":{\"@id\":\"https:\\\/\\\/abc-latina.com\\\/?page_id=2886#primaryimage\"},\"thumbnailUrl\":\"https:\\\/\\\/abc-latina.com\\\/wp-content\\\/uploads\\\/2010\\\/04\\\/cheval-monteverde.jpg\",\"datePublished\":\"2016-05-05T04:06:35+00:00\",\"dateModified\":\"2026-04-30T16:25:01+00:00\",\"breadcrumb\":{\"@id\":\"https:\\\/\\\/abc-latina.com\\\/?page_id=2886#breadcrumb\"},\"inLanguage\":\"fr-FR\",\"potentialAction\":[{\"@type\":\"ReadAction\",\"target\":[\"https:\\\/\\\/abc-latina.com\\\/?page_id=2886\"]}]},{\"@type\":\"ImageObject\",\"inLanguage\":\"fr-FR\",\"@id\":\"https:\\\/\\\/abc-latina.com\\\/?page_id=2886#primaryimage\",\"url\":\"https:\\\/\\\/abc-latina.com\\\/wp-content\\\/uploads\\\/2010\\\/04\\\/cheval-monteverde.jpg\",\"contentUrl\":\"https:\\\/\\\/abc-latina.com\\\/wp-content\\\/uploads\\\/2010\\\/04\\\/cheval-monteverde.jpg\",\"width\":460,\"height\":305,\"caption\":\"L&rsquo;\u00eele de P\u00e2ques a encore des secrets \u00e0 r\u00e9v\u00e9ler\"},{\"@type\":\"BreadcrumbList\",\"@id\":\"https:\\\/\\\/abc-latina.com\\\/?page_id=2886#breadcrumb\",\"itemListElement\":[{\"@type\":\"ListItem\",\"position\":1,\"name\":\"Accueil\",\"item\":\"https:\\\/\\\/abc-latina.com\\\/\"},{\"@type\":\"ListItem\",\"position\":2,\"name\":\"Les TRESORS NATURELS du COSTA RICA\"}]},{\"@type\":\"WebSite\",\"@id\":\"https:\\\/\\\/abc-latina.com\\\/#website\",\"url\":\"https:\\\/\\\/abc-latina.com\\\/\",\"name\":\"Abc-latina\",\"description\":\"\",\"publisher\":{\"@id\":\"https:\\\/\\\/abc-latina.com\\\/#organization\"},\"potentialAction\":[{\"@type\":\"SearchAction\",\"target\":{\"@type\":\"EntryPoint\",\"urlTemplate\":\"https:\\\/\\\/abc-latina.com\\\/?s={search_term_string}\"},\"query-input\":{\"@type\":\"PropertyValueSpecification\",\"valueRequired\":true,\"valueName\":\"search_term_string\"}}],\"inLanguage\":\"fr-FR\"},{\"@type\":\"Organization\",\"@id\":\"https:\\\/\\\/abc-latina.com\\\/#organization\",\"name\":\"Abc-latina\",\"url\":\"https:\\\/\\\/abc-latina.com\\\/\",\"logo\":{\"@type\":\"ImageObject\",\"inLanguage\":\"fr-FR\",\"@id\":\"https:\\\/\\\/abc-latina.com\\\/#\\\/schema\\\/logo\\\/image\\\/\",\"url\":\"https:\\\/\\\/abc-latina.com\\\/wp-content\\\/uploads\\\/2026\\\/05\\\/cropped-logo.gif\",\"contentUrl\":\"https:\\\/\\\/abc-latina.com\\\/wp-content\\\/uploads\\\/2026\\\/05\\\/cropped-logo.gif\",\"width\":89,\"height\":84,\"caption\":\"Abc-latina\"},\"image\":{\"@id\":\"https:\\\/\\\/abc-latina.com\\\/#\\\/schema\\\/logo\\\/image\\\/\"}}]}<\/script>\n<!-- \/ Yoast SEO plugin. -->","yoast_head_json":{"title":"Les TRESORS NATURELS du COSTA RICA - Abc-latina","robots":{"index":"noindex","follow":"follow"},"og_locale":"fr_FR","og_type":"article","og_title":"Les TRESORS NATURELS du COSTA RICA - Abc-latina","og_description":"Costa Rica : &laquo; Les tr\u00e9sors naturels du Costa Rica &raquo; &nbsp; Depuis son ouverture au tourisme dans les ann\u00e9es [&hellip;]","og_url":"https:\/\/abc-latina.com\/?page_id=2886","og_site_name":"Abc-latina","article_modified_time":"2026-04-30T16:25:01+00:00","og_image":[{"width":460,"height":305,"url":"https:\/\/abc-latina.com\/wp-content\/uploads\/2010\/04\/cheval-monteverde.jpg","type":"image\/jpeg"}],"twitter_card":"summary_large_image","twitter_misc":{"Dur\u00e9e de lecture estim\u00e9e":"1 minute"},"schema":{"@context":"https:\/\/schema.org","@graph":[{"@type":"WebPage","@id":"https:\/\/abc-latina.com\/?page_id=2886","url":"https:\/\/abc-latina.com\/?page_id=2886","name":"Les TRESORS NATURELS du COSTA RICA - Abc-latina","isPartOf":{"@id":"https:\/\/abc-latina.com\/#website"},"primaryImageOfPage":{"@id":"https:\/\/abc-latina.com\/?page_id=2886#primaryimage"},"image":{"@id":"https:\/\/abc-latina.com\/?page_id=2886#primaryimage"},"thumbnailUrl":"https:\/\/abc-latina.com\/wp-content\/uploads\/2010\/04\/cheval-monteverde.jpg","datePublished":"2016-05-05T04:06:35+00:00","dateModified":"2026-04-30T16:25:01+00:00","breadcrumb":{"@id":"https:\/\/abc-latina.com\/?page_id=2886#breadcrumb"},"inLanguage":"fr-FR","potentialAction":[{"@type":"ReadAction","target":["https:\/\/abc-latina.com\/?page_id=2886"]}]},{"@type":"ImageObject","inLanguage":"fr-FR","@id":"https:\/\/abc-latina.com\/?page_id=2886#primaryimage","url":"https:\/\/abc-latina.com\/wp-content\/uploads\/2010\/04\/cheval-monteverde.jpg","contentUrl":"https:\/\/abc-latina.com\/wp-content\/uploads\/2010\/04\/cheval-monteverde.jpg","width":460,"height":305,"caption":"L&rsquo;\u00eele de P\u00e2ques a encore des secrets \u00e0 r\u00e9v\u00e9ler"},{"@type":"BreadcrumbList","@id":"https:\/\/abc-latina.com\/?page_id=2886#breadcrumb","itemListElement":[{"@type":"ListItem","position":1,"name":"Accueil","item":"https:\/\/abc-latina.com\/"},{"@type":"ListItem","position":2,"name":"Les TRESORS NATURELS du COSTA RICA"}]},{"@type":"WebSite","@id":"https:\/\/abc-latina.com\/#website","url":"https:\/\/abc-latina.com\/","name":"Abc-latina","description":"","publisher":{"@id":"https:\/\/abc-latina.com\/#organization"},"potentialAction":[{"@type":"SearchAction","target":{"@type":"EntryPoint","urlTemplate":"https:\/\/abc-latina.com\/?s={search_term_string}"},"query-input":{"@type":"PropertyValueSpecification","valueRequired":true,"valueName":"search_term_string"}}],"inLanguage":"fr-FR"},{"@type":"Organization","@id":"https:\/\/abc-latina.com\/#organization","name":"Abc-latina","url":"https:\/\/abc-latina.com\/","logo":{"@type":"ImageObject","inLanguage":"fr-FR","@id":"https:\/\/abc-latina.com\/#\/schema\/logo\/image\/","url":"https:\/\/abc-latina.com\/wp-content\/uploads\/2026\/05\/cropped-logo.gif","contentUrl":"https:\/\/abc-latina.com\/wp-content\/uploads\/2026\/05\/cropped-logo.gif","width":89,"height":84,"caption":"Abc-latina"},"image":{"@id":"https:\/\/abc-latina.com\/#\/schema\/logo\/image\/"}}]}},"_links":{"self":[{"href":"https:\/\/abc-latina.com\/index.php?rest_route=\/wp\/v2\/pages\/2886","targetHints":{"allow":["GET"]}}],"collection":[{"href":"https:\/\/abc-latina.com\/index.php?rest_route=\/wp\/v2\/pages"}],"about":[{"href":"https:\/\/abc-latina.com\/index.php?rest_route=\/wp\/v2\/types\/page"}],"author":[{"embeddable":true,"href":"https:\/\/abc-latina.com\/index.php?rest_route=\/wp\/v2\/users\/3"}],"replies":[{"embeddable":true,"href":"https:\/\/abc-latina.com\/index.php?rest_route=%2Fwp%2Fv2%2Fcomments&post=2886"}],"version-history":[{"count":1,"href":"https:\/\/abc-latina.com\/index.php?rest_route=\/wp\/v2\/pages\/2886\/revisions"}],"predecessor-version":[{"id":3395,"href":"https:\/\/abc-latina.com\/index.php?rest_route=\/wp\/v2\/pages\/2886\/revisions\/3395"}],"up":[{"embeddable":true,"href":"https:\/\/abc-latina.com\/index.php?rest_route=\/wp\/v2\/pages\/2300"}],"wp:featuredmedia":[{"embeddable":true,"href":"https:\/\/abc-latina.com\/index.php?rest_route=\/wp\/v2\/media\/36"}],"wp:attachment":[{"href":"https:\/\/abc-latina.com\/index.php?rest_route=%2Fwp%2Fv2%2Fmedia&parent=2886"}],"curies":[{"name":"wp","href":"https:\/\/api.w.org\/{rel}","templated":true}]}}