{"id":2887,"date":"2016-05-05T06:34:03","date_gmt":"2016-05-05T04:34:03","guid":{"rendered":"http:\/\/abc-latina.com\/spectaculaires-paysages-salar-uyuni\/"},"modified":"2026-04-30T18:24:49","modified_gmt":"2026-04-30T16:24:49","slug":"spectaculaires-paysages-salar-uyuni","status":"publish","type":"page","link":"https:\/\/abc-latina.com\/bolivie\/spectaculaires-paysages-salar-uyuni\/","title":{"rendered":"Les SPECTACULAIRES PAYSAGES du SALAR D&rsquo;UYUNI"},"content":{"rendered":"<h3>Les spectaculaires paysages du Salar d&rsquo;Uyuni <br \/>&nbsp;<\/h3>\n<p>D\u00e9couvrez l&rsquo;une des merveilles de la Bolivie, le d\u00e9sert de sel de <a target=\"_blank\" href=\"http:\/\/www.altiplano-voyage.com\/voyage-bolivie\/sites-a-visiter-bolivie\/visiter-uyuni-et-sud-lipez\/tous-les-sites\/?  reference=abclatina\">Salar d&rsquo;Uyuni<\/a> . Situ\u00e9 \u00e0 plus de 3600 m\u00e8tres d&rsquo;altitude, cet ancien lac ass\u00e9ch\u00e9 a laiss\u00e9 derri\u00e8re lui une couche de sel blanc sur 12 500 km&sup2;. La vue est exceptionnelle, le blanc s&rsquo;impose \u00e0 perte de vue et nous plonge dans un sentiment d&rsquo;irr\u00e9alit\u00e9. Quelques cactus s&rsquo;\u00e9l\u00e8vent ici et l\u00e0 et sont les seules formes de relief \u00e0 l&rsquo;horizon.<\/p>\n<p>La saison des pluies entre janvier et mars modifie profond\u00e9ment le site. Les pluies recouvrent le terrain sur une profondeur de 30 centim\u00e8tres au maximum et donnent un effet miroir. Le sol se confond alors avec le ciel et les nuages. Sensations r\u00eaveuses et inspirations po\u00e9tiques garanties ! Il est possible de se rendre sur place au travers d&rsquo;<a target=\"_blank\" href=\"http:\/\/www.altiplano-voyage.com\/voyage-bolivie\/circuits-bolivie\/decouverte-du-sud-lipez-et-du-salar-d-uyuni-service-prive\/?reference=abclatina\">excursions en 4&#215;4<\/a> , il est aussi possible de loger dans des &laquo; h\u00f4tels de sel &raquo;. Du fait de l&rsquo;altitude, il fait assez froid ; les temp\u00e9ratures pouvant baisser \u00e0 -25&deg;C.<\/p>\n<p>Le site contient aussi l&rsquo;une des plus importante r\u00e9serve de lithium au monde, avec presque la moiti\u00e9 du stock mondial disponible. Le lithium est notamment utilis\u00e9 dans le montage de voitures \u00e9lectriques. La demande \u00e9tant encore relativement faible, les r\u00e9serves ne sont pour le moment pas exploit\u00e9es et ne d\u00e9naturent heureusement pas, la beaut\u00e9 des paysages.<\/p>\n<p>&nbsp;<\/p>\n<p style=\"text-align: center;\"><img loading=\"lazy\" decoding=\"async\" class=\" size-full wp-image-2294\" alt=\"\" src=\"http:\/\/abc-latina.com\/wp-content\/uploads\/2010\/10\/uyuni-bolivie.jpg\" width=\"460\" height=\"307\" srcset=\"https:\/\/abc-latina.com\/wp-content\/uploads\/2010\/10\/uyuni-bolivie.jpg 460w, https:\/\/abc-latina.com\/wp-content\/uploads\/2010\/10\/uyuni-bolivie-300x200.jpg 300w\" sizes=\"auto, (max-width: 460px) 100vw, 460px\" \/><\/p>\n","protected":false},"excerpt":{"rendered":"<p>Les spectaculaires paysages du Salar d&rsquo;Uyuni &nbsp; D\u00e9couvrez l&rsquo;une des merveilles de la Bolivie, le d\u00e9sert de sel de Salar [&hellip;]<\/p>\n","protected":false},"author":3,"featured_media":2294,"parent":2295,"menu_order":0,"comment_status":"closed","ping_status":"closed","template":"","meta":{"site-sidebar-layout":"default","site-content-layout":"","ast-site-content-layout":"default","site-content-style":"default","site-sidebar-style":"default","ast-global-header-display":"","ast-banner-title-visibility":"","ast-main-header-display":"","ast-hfb-above-header-display":"","ast-hfb-below-header-display":"","ast-hfb-mobile-header-display":"","site-post-title":"","ast-breadcrumbs-content":"","ast-featured-img":"","footer-sml-layout":"","ast-disable-related-posts":"","theme-transparent-header-meta":"","adv-header-id-meta":"","stick-header-meta":"","header-above-stick-meta":"","header-main-stick-meta":"","header-below-stick-meta":"","astra-migrate-meta-layouts":"default","ast-page-background-enabled":"default","ast-page-background-meta":{"desktop":{"background-color":"var(--ast-global-color-5)","background-image":"","background-repeat":"repeat","background-position":"center center","background-size":"auto","background-attachment":"scroll","background-type":"","background-media":"","overlay-type":"","overlay-color":"","overlay-opacity":"","overlay-gradient":""},"tablet":{"background-color":"","background-image":"","background-repeat":"repeat","background-position":"center center","background-size":"auto","background-attachment":"scroll","background-type":"","background-media":"","overlay-type":"","overlay-color":"","overlay-opacity":"","overlay-gradient":""},"mobile":{"background-color":"","background-image":"","background-repeat":"repeat","background-position":"center center","background-size":"auto","background-attachment":"scroll","background-type":"","background-media":"","overlay-type":"","overlay-color":"","overlay-opacity":"","overlay-gradient":""}},"ast-content-background-meta":{"desktop":{"background-color":"var(--ast-global-color-4)","background-image":"","background-repeat":"repeat","background-position":"center center","background-size":"auto","background-attachment":"scroll","background-type":"","background-media":"","overlay-type":"","overlay-color":"","overlay-opacity":"","overlay-gradient":""},"tablet":{"background-color":"var(--ast-global-color-4)","background-image":"","background-repeat":"repeat","background-position":"center center","background-size":"auto","background-attachment":"scroll","background-type":"","background-media":"","overlay-type":"","overlay-color":"","overlay-opacity":"","overlay-gradient":""},"mobile":{"background-color":"var(--ast-global-color-4)","background-image":"","background-repeat":"repeat","background-position":"center center","background-size":"auto","background-attachment":"scroll","background-type":"","background-media":"","overlay-type":"","overlay-color":"","overlay-opacity":"","overlay-gradient":""}},"footnotes":""},"class_list":["post-2887","page","type-page","status-publish","has-post-thumbnail","hentry"],"yoast_head":"<!-- This site is optimized with the Yoast SEO plugin v27.5 - https:\/\/yoast.com\/product\/yoast-seo-wordpress\/ -->\n<title>Les SPECTACULAIRES PAYSAGES du SALAR D&#039;UYUNI - Abc-latina<\/title>\n<meta name=\"robots\" content=\"index, follow, max-snippet:-1, max-image-preview:large, max-video-preview:-1\" \/>\n<link rel=\"canonical\" href=\"https:\/\/abc-latina.com\/bolivie\/spectaculaires-paysages-salar-uyuni\/\" \/>\n<meta property=\"og:locale\" content=\"fr_FR\" \/>\n<meta property=\"og:type\" content=\"article\" \/>\n<meta property=\"og:title\" content=\"Les SPECTACULAIRES PAYSAGES du SALAR D&#039;UYUNI - Abc-latina\" \/>\n<meta property=\"og:description\" content=\"Les spectaculaires paysages du Salar d&rsquo;Uyuni &nbsp; D\u00e9couvrez l&rsquo;une des merveilles de la Bolivie, le d\u00e9sert de sel de Salar [&hellip;]\" \/>\n<meta property=\"og:url\" content=\"https:\/\/abc-latina.com\/bolivie\/spectaculaires-paysages-salar-uyuni\/\" \/>\n<meta property=\"og:site_name\" content=\"Abc-latina\" \/>\n<meta property=\"article:modified_time\" content=\"2026-04-30T16:24:49+00:00\" \/>\n<meta property=\"og:image\" content=\"https:\/\/abc-latina.com\/wp-content\/uploads\/2010\/10\/uyuni-bolivie.jpg\" \/>\n\t<meta property=\"og:image:width\" content=\"460\" \/>\n\t<meta property=\"og:image:height\" content=\"307\" \/>\n\t<meta property=\"og:image:type\" content=\"image\/jpeg\" \/>\n<meta name=\"twitter:card\" content=\"summary_large_image\" \/>\n<meta name=\"twitter:label1\" content=\"Dur\u00e9e de lecture estim\u00e9e\" \/>\n\t<meta name=\"twitter:data1\" content=\"1 minute\" \/>\n<script type=\"application\/ld+json\" class=\"yoast-schema-graph\">{\"@context\":\"https:\\\/\\\/schema.org\",\"@graph\":[{\"@type\":\"WebPage\",\"@id\":\"https:\\\/\\\/abc-latina.com\\\/bolivie\\\/spectaculaires-paysages-salar-uyuni\\\/\",\"url\":\"https:\\\/\\\/abc-latina.com\\\/bolivie\\\/spectaculaires-paysages-salar-uyuni\\\/\",\"name\":\"Les SPECTACULAIRES PAYSAGES du SALAR D'UYUNI - Abc-latina\",\"isPartOf\":{\"@id\":\"https:\\\/\\\/abc-latina.com\\\/#website\"},\"primaryImageOfPage\":{\"@id\":\"https:\\\/\\\/abc-latina.com\\\/bolivie\\\/spectaculaires-paysages-salar-uyuni\\\/#primaryimage\"},\"image\":{\"@id\":\"https:\\\/\\\/abc-latina.com\\\/bolivie\\\/spectaculaires-paysages-salar-uyuni\\\/#primaryimage\"},\"thumbnailUrl\":\"https:\\\/\\\/abc-latina.com\\\/wp-content\\\/uploads\\\/2010\\\/10\\\/uyuni-bolivie.jpg\",\"datePublished\":\"2016-05-05T04:34:03+00:00\",\"dateModified\":\"2026-04-30T16:24:49+00:00\",\"breadcrumb\":{\"@id\":\"https:\\\/\\\/abc-latina.com\\\/bolivie\\\/spectaculaires-paysages-salar-uyuni\\\/#breadcrumb\"},\"inLanguage\":\"fr-FR\",\"potentialAction\":[{\"@type\":\"ReadAction\",\"target\":[\"https:\\\/\\\/abc-latina.com\\\/bolivie\\\/spectaculaires-paysages-salar-uyuni\\\/\"]}]},{\"@type\":\"ImageObject\",\"inLanguage\":\"fr-FR\",\"@id\":\"https:\\\/\\\/abc-latina.com\\\/bolivie\\\/spectaculaires-paysages-salar-uyuni\\\/#primaryimage\",\"url\":\"https:\\\/\\\/abc-latina.com\\\/wp-content\\\/uploads\\\/2010\\\/10\\\/uyuni-bolivie.jpg\",\"contentUrl\":\"https:\\\/\\\/abc-latina.com\\\/wp-content\\\/uploads\\\/2010\\\/10\\\/uyuni-bolivie.jpg\",\"width\":460,\"height\":307},{\"@type\":\"BreadcrumbList\",\"@id\":\"https:\\\/\\\/abc-latina.com\\\/bolivie\\\/spectaculaires-paysages-salar-uyuni\\\/#breadcrumb\",\"itemListElement\":[{\"@type\":\"ListItem\",\"position\":1,\"name\":\"Accueil\",\"item\":\"https:\\\/\\\/abc-latina.com\\\/\"},{\"@type\":\"ListItem\",\"position\":2,\"name\":\"Les SPECTACULAIRES PAYSAGES du SALAR D&rsquo;UYUNI\"}]},{\"@type\":\"WebSite\",\"@id\":\"https:\\\/\\\/abc-latina.com\\\/#website\",\"url\":\"https:\\\/\\\/abc-latina.com\\\/\",\"name\":\"Abc-latina\",\"description\":\"\",\"publisher\":{\"@id\":\"https:\\\/\\\/abc-latina.com\\\/#organization\"},\"potentialAction\":[{\"@type\":\"SearchAction\",\"target\":{\"@type\":\"EntryPoint\",\"urlTemplate\":\"https:\\\/\\\/abc-latina.com\\\/?s={search_term_string}\"},\"query-input\":{\"@type\":\"PropertyValueSpecification\",\"valueRequired\":true,\"valueName\":\"search_term_string\"}}],\"inLanguage\":\"fr-FR\"},{\"@type\":\"Organization\",\"@id\":\"https:\\\/\\\/abc-latina.com\\\/#organization\",\"name\":\"Abc-latina\",\"url\":\"https:\\\/\\\/abc-latina.com\\\/\",\"logo\":{\"@type\":\"ImageObject\",\"inLanguage\":\"fr-FR\",\"@id\":\"https:\\\/\\\/abc-latina.com\\\/#\\\/schema\\\/logo\\\/image\\\/\",\"url\":\"https:\\\/\\\/abc-latina.com\\\/wp-content\\\/uploads\\\/2026\\\/05\\\/cropped-logo.gif\",\"contentUrl\":\"https:\\\/\\\/abc-latina.com\\\/wp-content\\\/uploads\\\/2026\\\/05\\\/cropped-logo.gif\",\"width\":89,\"height\":84,\"caption\":\"Abc-latina\"},\"image\":{\"@id\":\"https:\\\/\\\/abc-latina.com\\\/#\\\/schema\\\/logo\\\/image\\\/\"}}]}<\/script>\n<!-- \/ Yoast SEO plugin. -->","yoast_head_json":{"title":"Les SPECTACULAIRES PAYSAGES du SALAR D'UYUNI - Abc-latina","robots":{"index":"index","follow":"follow","max-snippet":"max-snippet:-1","max-image-preview":"max-image-preview:large","max-video-preview":"max-video-preview:-1"},"canonical":"https:\/\/abc-latina.com\/bolivie\/spectaculaires-paysages-salar-uyuni\/","og_locale":"fr_FR","og_type":"article","og_title":"Les SPECTACULAIRES PAYSAGES du SALAR D'UYUNI - Abc-latina","og_description":"Les spectaculaires paysages du Salar d&rsquo;Uyuni &nbsp; D\u00e9couvrez l&rsquo;une des merveilles de la Bolivie, le d\u00e9sert de sel de Salar [&hellip;]","og_url":"https:\/\/abc-latina.com\/bolivie\/spectaculaires-paysages-salar-uyuni\/","og_site_name":"Abc-latina","article_modified_time":"2026-04-30T16:24:49+00:00","og_image":[{"width":460,"height":307,"url":"https:\/\/abc-latina.com\/wp-content\/uploads\/2010\/10\/uyuni-bolivie.jpg","type":"image\/jpeg"}],"twitter_card":"summary_large_image","twitter_misc":{"Dur\u00e9e de lecture estim\u00e9e":"1 minute"},"schema":{"@context":"https:\/\/schema.org","@graph":[{"@type":"WebPage","@id":"https:\/\/abc-latina.com\/bolivie\/spectaculaires-paysages-salar-uyuni\/","url":"https:\/\/abc-latina.com\/bolivie\/spectaculaires-paysages-salar-uyuni\/","name":"Les SPECTACULAIRES PAYSAGES du SALAR D'UYUNI - Abc-latina","isPartOf":{"@id":"https:\/\/abc-latina.com\/#website"},"primaryImageOfPage":{"@id":"https:\/\/abc-latina.com\/bolivie\/spectaculaires-paysages-salar-uyuni\/#primaryimage"},"image":{"@id":"https:\/\/abc-latina.com\/bolivie\/spectaculaires-paysages-salar-uyuni\/#primaryimage"},"thumbnailUrl":"https:\/\/abc-latina.com\/wp-content\/uploads\/2010\/10\/uyuni-bolivie.jpg","datePublished":"2016-05-05T04:34:03+00:00","dateModified":"2026-04-30T16:24:49+00:00","breadcrumb":{"@id":"https:\/\/abc-latina.com\/bolivie\/spectaculaires-paysages-salar-uyuni\/#breadcrumb"},"inLanguage":"fr-FR","potentialAction":[{"@type":"ReadAction","target":["https:\/\/abc-latina.com\/bolivie\/spectaculaires-paysages-salar-uyuni\/"]}]},{"@type":"ImageObject","inLanguage":"fr-FR","@id":"https:\/\/abc-latina.com\/bolivie\/spectaculaires-paysages-salar-uyuni\/#primaryimage","url":"https:\/\/abc-latina.com\/wp-content\/uploads\/2010\/10\/uyuni-bolivie.jpg","contentUrl":"https:\/\/abc-latina.com\/wp-content\/uploads\/2010\/10\/uyuni-bolivie.jpg","width":460,"height":307},{"@type":"BreadcrumbList","@id":"https:\/\/abc-latina.com\/bolivie\/spectaculaires-paysages-salar-uyuni\/#breadcrumb","itemListElement":[{"@type":"ListItem","position":1,"name":"Accueil","item":"https:\/\/abc-latina.com\/"},{"@type":"ListItem","position":2,"name":"Les SPECTACULAIRES PAYSAGES du SALAR D&rsquo;UYUNI"}]},{"@type":"WebSite","@id":"https:\/\/abc-latina.com\/#website","url":"https:\/\/abc-latina.com\/","name":"Abc-latina","description":"","publisher":{"@id":"https:\/\/abc-latina.com\/#organization"},"potentialAction":[{"@type":"SearchAction","target":{"@type":"EntryPoint","urlTemplate":"https:\/\/abc-latina.com\/?s={search_term_string}"},"query-input":{"@type":"PropertyValueSpecification","valueRequired":true,"valueName":"search_term_string"}}],"inLanguage":"fr-FR"},{"@type":"Organization","@id":"https:\/\/abc-latina.com\/#organization","name":"Abc-latina","url":"https:\/\/abc-latina.com\/","logo":{"@type":"ImageObject","inLanguage":"fr-FR","@id":"https:\/\/abc-latina.com\/#\/schema\/logo\/image\/","url":"https:\/\/abc-latina.com\/wp-content\/uploads\/2026\/05\/cropped-logo.gif","contentUrl":"https:\/\/abc-latina.com\/wp-content\/uploads\/2026\/05\/cropped-logo.gif","width":89,"height":84,"caption":"Abc-latina"},"image":{"@id":"https:\/\/abc-latina.com\/#\/schema\/logo\/image\/"}}]}},"_links":{"self":[{"href":"https:\/\/abc-latina.com\/wp-json\/wp\/v2\/pages\/2887","targetHints":{"allow":["GET"]}}],"collection":[{"href":"https:\/\/abc-latina.com\/wp-json\/wp\/v2\/pages"}],"about":[{"href":"https:\/\/abc-latina.com\/wp-json\/wp\/v2\/types\/page"}],"author":[{"embeddable":true,"href":"https:\/\/abc-latina.com\/wp-json\/wp\/v2\/users\/3"}],"replies":[{"embeddable":true,"href":"https:\/\/abc-latina.com\/wp-json\/wp\/v2\/comments?post=2887"}],"version-history":[{"count":1,"href":"https:\/\/abc-latina.com\/wp-json\/wp\/v2\/pages\/2887\/revisions"}],"predecessor-version":[{"id":3149,"href":"https:\/\/abc-latina.com\/wp-json\/wp\/v2\/pages\/2887\/revisions\/3149"}],"up":[{"embeddable":true,"href":"https:\/\/abc-latina.com\/wp-json\/wp\/v2\/pages\/2295"}],"wp:featuredmedia":[{"embeddable":true,"href":"https:\/\/abc-latina.com\/wp-json\/wp\/v2\/media\/2294"}],"wp:attachment":[{"href":"https:\/\/abc-latina.com\/wp-json\/wp\/v2\/media?parent=2887"}],"curies":[{"name":"wp","href":"https:\/\/api.w.org\/{rel}","templated":true}]}}