{"id":2888,"date":"2016-07-01T20:05:17","date_gmt":"2016-07-01T18:05:17","guid":{"rendered":"http:\/\/abc-latina.com\/ile-de-paques-des-secrets-a-reveler\/"},"modified":"2026-04-30T18:24:54","modified_gmt":"2026-04-30T16:24:54","slug":"ile-de-paques-des-secrets-a-reveler","status":"publish","type":"page","link":"https:\/\/abc-latina.com\/chili\/ile-de-paques-des-secrets-a-reveler\/","title":{"rendered":"L\u2019\u00eele de P\u00e2ques a encore des secrets \u00e0 r\u00e9v\u00e9ler"},"content":{"rendered":"<h3>Chili: L&rsquo;\u00eele de P\u00e2ques a encore des secrets \u00e0 r\u00e9v\u00e9ler<\/h3>\n<p>&nbsp;<\/p>\n<p>S&rsquo;il y a bien une \u00eele du Pacifique qui n&rsquo;est plus \u00e0 pr\u00e9senter, c&rsquo;est bien l&rsquo;<a target=\"_blank\" href=\"http:\/\/www.altiplano-voyage.com\/voyage-chili\/sites-a-visiter-chili\/visiter-ile-de-paques\/tous-les-sites\/?reference=abclatina\">\u00eele de P\u00e2ques<\/a> ! Le myst\u00e8re de ses quelques 900 statues achev\u00e9es et inachev\u00e9es, a toujours passionn\u00e9 historiens et arch\u00e9ologues ; tous se demandaient comment de tels monuments ont pu \u00eatre \u00e9rig\u00e9s, et quelles raisons ont pouss\u00e9es un peuple \u00e0 se lancer dans un tel chantier.<br \/>Etant situ\u00e9e \u00e0 plus de 2 000 kilom\u00e8tres de la pr\u00e9sence humaine la plus proche, l&rsquo;\u00eele de P\u00e2ques est la seconde \u00eele la plus isol\u00e9e du monde. D&rsquo;une superficie de 163 km&sup2;, elle compte aujourd&rsquo;hui 4 000 habitants environ. Son patrimoine est entr\u00e9 \u00e0 l&rsquo;UNESCO en 1995.<\/p>\n<p>Les fameuses sculptures allant de 4 \u00e0 21 m\u00e8tres, aussi appel\u00e9es Moa\u00efs, ont fait la r\u00e9putation de l&rsquo;\u00eele et les th\u00e9ories sur leur montage sont nombreuses.<br \/>La civilisation Pascuane aurait connu son apog\u00e9e entre le 16\u00e8me et le 17\u00e8me si\u00e8cle. Ce peuple, originaire de la Polyn\u00e9sie, aurait d\u00e9barqu\u00e9 sur l&rsquo;\u00eele entre 800 et 1 200 o\u00f9 un roi d\u00e9chu se serait install\u00e9 avec quelques familles sur ces terres. Les d\u00e9couvreurs de l&rsquo;\u00eele, des \u00e9claireurs charg\u00e9s par le roi de trouver une terre hospitali\u00e8re, re\u00e7urent un hommage unique puisque les 7 premiers <a target=\"_blank\" href=\"http:\/\/www.altiplano-voyage.com\/voyage-chili\/sites-a-visiter-chili\/visiter-ile-de-paques\/ahu-akivi-et-les-7-moais\/?reference=abclatina\/#liste-sites \">Moa\u00efs<\/a> furent \u00e9rig\u00e9s en leur honneur. Ceux-ci ont pour principale caract\u00e9ristique d&rsquo;avoir la t\u00eate tourn\u00e9e vers l&rsquo;oc\u00e9an, contrairement aux autres Moa\u00efs b\u00e2tis plus tard dont leur regard est tourn\u00e9 vers les terres.<\/p>\n<p>De plus, ces statues ont la particularit\u00e9 d&rsquo;avoir le visage parfaitement orient\u00e9 sur le coucher du soleil durant l&rsquo;\u00e9quinoxe de printemps, et au contraire, de tourner le dos au lever du soleil durant l&rsquo;\u00e9quinoxe d&rsquo;automne.<br \/>Au fil des ann\u00e9es, la civilisation a d\u00e9velopp\u00e9 un attrait pour le culte des anc\u00eatres et des dieux. De nombreux Moa\u00efs ont \u00e9t\u00e9 mont\u00e9s, et m\u00eame si l&rsquo;incertitude plane encore quant aux moyens utilis\u00e9s pour y parvenir, quelques th\u00e9ories ressortent parmi les chercheurs.<br \/>Le peuple Pascuan aurait utilis\u00e9 le bois pour transporter les statues, l&rsquo;\u00eele de Paques poss\u00e9dant en effet une importante quantit\u00e9 de for\u00eats \u00e0 l&rsquo;\u00e9poque. En pla\u00e7ant les colosses sur des rondins, les habitants auraient pu les transporter sur les diff\u00e9rents emplacements et les auraient soulev\u00e9s gr\u00e2ce \u00e0 un syst\u00e8me de leviers.<\/p>\n<p>Une autre th\u00e9orie appr\u00e9ci\u00e9e est l&rsquo;utilisation de cordes qui, reli\u00e9es aux statues et combin\u00e9s \u00e0 des mouvements de balancement, auraient permis aux habitants de d\u00e9placer ces monuments.<br \/>La principale difficult\u00e9 pour comprendre la pass\u00e9 de l&rsquo;\u00eele vient du fait que la civilisation Pascuane a disparu et pour ne pas changer les bonnes habitudes, plusieurs th\u00e9ories ont \u00e9t\u00e9 \u00e9voqu\u00e9es pour l&rsquo;expliquer. La premi\u00e8re raison est la d\u00e9forestation intensive provoqu\u00e9e par l&rsquo;industrie des Mao\u00efs. Les habitants ont tout simplement trop coup\u00e9 les arbres, d\u00e9truisant tout un \u00e9cosyst\u00e8me. Ajout\u00e9 \u00e0 cela, de fortes s\u00e9cheresses auraient accentu\u00e9 les difficult\u00e9s de production de nourriture en quantit\u00e9 suffisante. En r\u00e9ponse, le peuple aurait tent\u00e9 dans un premier temps d&rsquo;augmenter ses pri\u00e8res aux dieux, coupant plus d&rsquo;arbres encore pour \u00e9riger leurs statues colossales. Voyant que leurs pri\u00e8res restaient sans r\u00e9ponse, il y aurait alors eu une perte de leur foi suivie d&rsquo;une importante guerre entre les diff\u00e9rents clans de l&rsquo;\u00eele pour les quelques ressources restantes.<\/p>\n<p>Tous ses soucis auraient r\u00e9duit la population locale \u00e0 2 000 &#8211; 3 000 repr\u00e9sentants lors de l&rsquo;arriv\u00e9e des premiers europ\u00e9ens aux 18\u00e8me et 19\u00e8me si\u00e8cles. S&rsquo;en est suivie une p\u00e9riode tr\u00e8s difficile pour la population locale qui a subit les ravages des maladies des colons ainsi que la d\u00e9portation des esclavagistes p\u00e9ruviens. Tant et si bien qu&rsquo;en 1877, il ne restait que 111 habitants sur l&rsquo;\u00eele.<br \/>Le dernier repr\u00e9sentant de cette civilisation qui pouvait lire et parler l&rsquo;ancienne langue est mort au d\u00e9but du 20\u00e8me si\u00e8cle sans avoir pu transmettre son savoir.<\/p>\n<p>Aujourd&rsquo;hui, l&rsquo;\u00eele de P\u00e2ques est rattach\u00e9e au Chili et est au contact avec le reste du monde gr\u00e2ce \u00e0 un a\u00e9roport. La population locale vie surtout de l&rsquo;activit\u00e9 touristique, suffisamment importante gr\u00e2ce \u00e0 l&rsquo;aura d&rsquo;incertitudes qui enrobe encore cette petite terre, perdue au c\u0153ur de l&rsquo;oc\u00e9an Pacifique.<\/p>\n<p>&nbsp;<img loading=\"lazy\" decoding=\"async\" class=\" size-full wp-image-35\" alt=\"\" src=\"http:\/\/abc-latina.com\/wp-content\/uploads\/2010\/04\/chili-iledepaques.jpg\" width=\"480\" height=\"360\" srcset=\"https:\/\/abc-latina.com\/wp-content\/uploads\/2010\/04\/chili-iledepaques.jpg 1280w, https:\/\/abc-latina.com\/wp-content\/uploads\/2010\/04\/chili-iledepaques-300x225.jpg 300w, https:\/\/abc-latina.com\/wp-content\/uploads\/2010\/04\/chili-iledepaques-1024x768.jpg 1024w, https:\/\/abc-latina.com\/wp-content\/uploads\/2010\/04\/chili-iledepaques-768x576.jpg 768w\" sizes=\"auto, (max-width: 480px) 100vw, 480px\" \/><\/p>\n","protected":false},"excerpt":{"rendered":"<p>Chili: L&rsquo;\u00eele de P\u00e2ques a encore des secrets \u00e0 r\u00e9v\u00e9ler &nbsp; S&rsquo;il y a bien une \u00eele du Pacifique qui [&hellip;]<\/p>\n","protected":false},"author":3,"featured_media":35,"parent":2293,"menu_order":0,"comment_status":"closed","ping_status":"closed","template":"","meta":{"site-sidebar-layout":"default","site-content-layout":"","ast-site-content-layout":"default","site-content-style":"default","site-sidebar-style":"default","ast-global-header-display":"","ast-banner-title-visibility":"","ast-main-header-display":"","ast-hfb-above-header-display":"","ast-hfb-below-header-display":"","ast-hfb-mobile-header-display":"","site-post-title":"","ast-breadcrumbs-content":"","ast-featured-img":"","footer-sml-layout":"","ast-disable-related-posts":"","theme-transparent-header-meta":"","adv-header-id-meta":"","stick-header-meta":"","header-above-stick-meta":"","header-main-stick-meta":"","header-below-stick-meta":"","astra-migrate-meta-layouts":"default","ast-page-background-enabled":"default","ast-page-background-meta":{"desktop":{"background-color":"var(--ast-global-color-5)","background-image":"","background-repeat":"repeat","background-position":"center center","background-size":"auto","background-attachment":"scroll","background-type":"","background-media":"","overlay-type":"","overlay-color":"","overlay-opacity":"","overlay-gradient":""},"tablet":{"background-color":"","background-image":"","background-repeat":"repeat","background-position":"center center","background-size":"auto","background-attachment":"scroll","background-type":"","background-media":"","overlay-type":"","overlay-color":"","overlay-opacity":"","overlay-gradient":""},"mobile":{"background-color":"","background-image":"","background-repeat":"repeat","background-position":"center center","background-size":"auto","background-attachment":"scroll","background-type":"","background-media":"","overlay-type":"","overlay-color":"","overlay-opacity":"","overlay-gradient":""}},"ast-content-background-meta":{"desktop":{"background-color":"var(--ast-global-color-4)","background-image":"","background-repeat":"repeat","background-position":"center center","background-size":"auto","background-attachment":"scroll","background-type":"","background-media":"","overlay-type":"","overlay-color":"","overlay-opacity":"","overlay-gradient":""},"tablet":{"background-color":"var(--ast-global-color-4)","background-image":"","background-repeat":"repeat","background-position":"center center","background-size":"auto","background-attachment":"scroll","background-type":"","background-media":"","overlay-type":"","overlay-color":"","overlay-opacity":"","overlay-gradient":""},"mobile":{"background-color":"var(--ast-global-color-4)","background-image":"","background-repeat":"repeat","background-position":"center center","background-size":"auto","background-attachment":"scroll","background-type":"","background-media":"","overlay-type":"","overlay-color":"","overlay-opacity":"","overlay-gradient":""}},"footnotes":""},"class_list":["post-2888","page","type-page","status-publish","has-post-thumbnail","hentry"],"yoast_head":"<!-- This site is optimized with the Yoast SEO plugin v27.5 - https:\/\/yoast.com\/product\/yoast-seo-wordpress\/ -->\n<title>L\u2019\u00eele de P\u00e2ques a encore des secrets \u00e0 r\u00e9v\u00e9ler - Abc-latina<\/title>\n<meta name=\"robots\" content=\"index, follow, max-snippet:-1, max-image-preview:large, max-video-preview:-1\" \/>\n<link rel=\"canonical\" href=\"https:\/\/abc-latina.com\/chili\/ile-de-paques-des-secrets-a-reveler\/\" \/>\n<meta property=\"og:locale\" content=\"fr_FR\" \/>\n<meta property=\"og:type\" content=\"article\" \/>\n<meta property=\"og:title\" content=\"L\u2019\u00eele de P\u00e2ques a encore des secrets \u00e0 r\u00e9v\u00e9ler - Abc-latina\" \/>\n<meta property=\"og:description\" content=\"Chili: L&rsquo;\u00eele de P\u00e2ques a encore des secrets \u00e0 r\u00e9v\u00e9ler &nbsp; S&rsquo;il y a bien une \u00eele du Pacifique qui [&hellip;]\" \/>\n<meta property=\"og:url\" content=\"https:\/\/abc-latina.com\/chili\/ile-de-paques-des-secrets-a-reveler\/\" \/>\n<meta property=\"og:site_name\" content=\"Abc-latina\" \/>\n<meta property=\"article:modified_time\" content=\"2026-04-30T16:24:54+00:00\" \/>\n<meta property=\"og:image\" content=\"https:\/\/abc-latina.com\/wp-content\/uploads\/2010\/04\/chili-iledepaques.jpg\" \/>\n\t<meta property=\"og:image:width\" content=\"1280\" \/>\n\t<meta property=\"og:image:height\" content=\"960\" \/>\n\t<meta property=\"og:image:type\" content=\"image\/jpeg\" \/>\n<meta name=\"twitter:card\" content=\"summary_large_image\" \/>\n<meta name=\"twitter:label1\" content=\"Dur\u00e9e de lecture estim\u00e9e\" \/>\n\t<meta name=\"twitter:data1\" content=\"4 minutes\" \/>\n<script type=\"application\/ld+json\" class=\"yoast-schema-graph\">{\"@context\":\"https:\\\/\\\/schema.org\",\"@graph\":[{\"@type\":\"WebPage\",\"@id\":\"https:\\\/\\\/abc-latina.com\\\/chili\\\/ile-de-paques-des-secrets-a-reveler\\\/\",\"url\":\"https:\\\/\\\/abc-latina.com\\\/chili\\\/ile-de-paques-des-secrets-a-reveler\\\/\",\"name\":\"L\u2019\u00eele de P\u00e2ques a encore des secrets \u00e0 r\u00e9v\u00e9ler - Abc-latina\",\"isPartOf\":{\"@id\":\"https:\\\/\\\/abc-latina.com\\\/#website\"},\"primaryImageOfPage\":{\"@id\":\"https:\\\/\\\/abc-latina.com\\\/chili\\\/ile-de-paques-des-secrets-a-reveler\\\/#primaryimage\"},\"image\":{\"@id\":\"https:\\\/\\\/abc-latina.com\\\/chili\\\/ile-de-paques-des-secrets-a-reveler\\\/#primaryimage\"},\"thumbnailUrl\":\"https:\\\/\\\/abc-latina.com\\\/wp-content\\\/uploads\\\/2010\\\/04\\\/chili-iledepaques.jpg\",\"datePublished\":\"2016-07-01T18:05:17+00:00\",\"dateModified\":\"2026-04-30T16:24:54+00:00\",\"breadcrumb\":{\"@id\":\"https:\\\/\\\/abc-latina.com\\\/chili\\\/ile-de-paques-des-secrets-a-reveler\\\/#breadcrumb\"},\"inLanguage\":\"fr-FR\",\"potentialAction\":[{\"@type\":\"ReadAction\",\"target\":[\"https:\\\/\\\/abc-latina.com\\\/chili\\\/ile-de-paques-des-secrets-a-reveler\\\/\"]}]},{\"@type\":\"ImageObject\",\"inLanguage\":\"fr-FR\",\"@id\":\"https:\\\/\\\/abc-latina.com\\\/chili\\\/ile-de-paques-des-secrets-a-reveler\\\/#primaryimage\",\"url\":\"https:\\\/\\\/abc-latina.com\\\/wp-content\\\/uploads\\\/2010\\\/04\\\/chili-iledepaques.jpg\",\"contentUrl\":\"https:\\\/\\\/abc-latina.com\\\/wp-content\\\/uploads\\\/2010\\\/04\\\/chili-iledepaques.jpg\",\"width\":1280,\"height\":960,\"caption\":\"L&rsquo;\u00eele de P\u00e2ques a encore des secrets \u00e0 r\u00e9v\u00e9ler\"},{\"@type\":\"BreadcrumbList\",\"@id\":\"https:\\\/\\\/abc-latina.com\\\/chili\\\/ile-de-paques-des-secrets-a-reveler\\\/#breadcrumb\",\"itemListElement\":[{\"@type\":\"ListItem\",\"position\":1,\"name\":\"Accueil\",\"item\":\"https:\\\/\\\/abc-latina.com\\\/\"},{\"@type\":\"ListItem\",\"position\":2,\"name\":\"L\u2019\u00eele de P\u00e2ques a encore des secrets \u00e0 r\u00e9v\u00e9ler\"}]},{\"@type\":\"WebSite\",\"@id\":\"https:\\\/\\\/abc-latina.com\\\/#website\",\"url\":\"https:\\\/\\\/abc-latina.com\\\/\",\"name\":\"Abc-latina\",\"description\":\"\",\"publisher\":{\"@id\":\"https:\\\/\\\/abc-latina.com\\\/#organization\"},\"potentialAction\":[{\"@type\":\"SearchAction\",\"target\":{\"@type\":\"EntryPoint\",\"urlTemplate\":\"https:\\\/\\\/abc-latina.com\\\/?s={search_term_string}\"},\"query-input\":{\"@type\":\"PropertyValueSpecification\",\"valueRequired\":true,\"valueName\":\"search_term_string\"}}],\"inLanguage\":\"fr-FR\"},{\"@type\":\"Organization\",\"@id\":\"https:\\\/\\\/abc-latina.com\\\/#organization\",\"name\":\"Abc-latina\",\"url\":\"https:\\\/\\\/abc-latina.com\\\/\",\"logo\":{\"@type\":\"ImageObject\",\"inLanguage\":\"fr-FR\",\"@id\":\"https:\\\/\\\/abc-latina.com\\\/#\\\/schema\\\/logo\\\/image\\\/\",\"url\":\"https:\\\/\\\/abc-latina.com\\\/wp-content\\\/uploads\\\/2026\\\/05\\\/cropped-logo.gif\",\"contentUrl\":\"https:\\\/\\\/abc-latina.com\\\/wp-content\\\/uploads\\\/2026\\\/05\\\/cropped-logo.gif\",\"width\":89,\"height\":84,\"caption\":\"Abc-latina\"},\"image\":{\"@id\":\"https:\\\/\\\/abc-latina.com\\\/#\\\/schema\\\/logo\\\/image\\\/\"}}]}<\/script>\n<!-- \/ Yoast SEO plugin. -->","yoast_head_json":{"title":"L\u2019\u00eele de P\u00e2ques a encore des secrets \u00e0 r\u00e9v\u00e9ler - Abc-latina","robots":{"index":"index","follow":"follow","max-snippet":"max-snippet:-1","max-image-preview":"max-image-preview:large","max-video-preview":"max-video-preview:-1"},"canonical":"https:\/\/abc-latina.com\/chili\/ile-de-paques-des-secrets-a-reveler\/","og_locale":"fr_FR","og_type":"article","og_title":"L\u2019\u00eele de P\u00e2ques a encore des secrets \u00e0 r\u00e9v\u00e9ler - Abc-latina","og_description":"Chili: L&rsquo;\u00eele de P\u00e2ques a encore des secrets \u00e0 r\u00e9v\u00e9ler &nbsp; S&rsquo;il y a bien une \u00eele du Pacifique qui [&hellip;]","og_url":"https:\/\/abc-latina.com\/chili\/ile-de-paques-des-secrets-a-reveler\/","og_site_name":"Abc-latina","article_modified_time":"2026-04-30T16:24:54+00:00","og_image":[{"width":1280,"height":960,"url":"https:\/\/abc-latina.com\/wp-content\/uploads\/2010\/04\/chili-iledepaques.jpg","type":"image\/jpeg"}],"twitter_card":"summary_large_image","twitter_misc":{"Dur\u00e9e de lecture estim\u00e9e":"4 minutes"},"schema":{"@context":"https:\/\/schema.org","@graph":[{"@type":"WebPage","@id":"https:\/\/abc-latina.com\/chili\/ile-de-paques-des-secrets-a-reveler\/","url":"https:\/\/abc-latina.com\/chili\/ile-de-paques-des-secrets-a-reveler\/","name":"L\u2019\u00eele de P\u00e2ques a encore des secrets \u00e0 r\u00e9v\u00e9ler - Abc-latina","isPartOf":{"@id":"https:\/\/abc-latina.com\/#website"},"primaryImageOfPage":{"@id":"https:\/\/abc-latina.com\/chili\/ile-de-paques-des-secrets-a-reveler\/#primaryimage"},"image":{"@id":"https:\/\/abc-latina.com\/chili\/ile-de-paques-des-secrets-a-reveler\/#primaryimage"},"thumbnailUrl":"https:\/\/abc-latina.com\/wp-content\/uploads\/2010\/04\/chili-iledepaques.jpg","datePublished":"2016-07-01T18:05:17+00:00","dateModified":"2026-04-30T16:24:54+00:00","breadcrumb":{"@id":"https:\/\/abc-latina.com\/chili\/ile-de-paques-des-secrets-a-reveler\/#breadcrumb"},"inLanguage":"fr-FR","potentialAction":[{"@type":"ReadAction","target":["https:\/\/abc-latina.com\/chili\/ile-de-paques-des-secrets-a-reveler\/"]}]},{"@type":"ImageObject","inLanguage":"fr-FR","@id":"https:\/\/abc-latina.com\/chili\/ile-de-paques-des-secrets-a-reveler\/#primaryimage","url":"https:\/\/abc-latina.com\/wp-content\/uploads\/2010\/04\/chili-iledepaques.jpg","contentUrl":"https:\/\/abc-latina.com\/wp-content\/uploads\/2010\/04\/chili-iledepaques.jpg","width":1280,"height":960,"caption":"L&rsquo;\u00eele de P\u00e2ques a encore des secrets \u00e0 r\u00e9v\u00e9ler"},{"@type":"BreadcrumbList","@id":"https:\/\/abc-latina.com\/chili\/ile-de-paques-des-secrets-a-reveler\/#breadcrumb","itemListElement":[{"@type":"ListItem","position":1,"name":"Accueil","item":"https:\/\/abc-latina.com\/"},{"@type":"ListItem","position":2,"name":"L\u2019\u00eele de P\u00e2ques a encore des secrets \u00e0 r\u00e9v\u00e9ler"}]},{"@type":"WebSite","@id":"https:\/\/abc-latina.com\/#website","url":"https:\/\/abc-latina.com\/","name":"Abc-latina","description":"","publisher":{"@id":"https:\/\/abc-latina.com\/#organization"},"potentialAction":[{"@type":"SearchAction","target":{"@type":"EntryPoint","urlTemplate":"https:\/\/abc-latina.com\/?s={search_term_string}"},"query-input":{"@type":"PropertyValueSpecification","valueRequired":true,"valueName":"search_term_string"}}],"inLanguage":"fr-FR"},{"@type":"Organization","@id":"https:\/\/abc-latina.com\/#organization","name":"Abc-latina","url":"https:\/\/abc-latina.com\/","logo":{"@type":"ImageObject","inLanguage":"fr-FR","@id":"https:\/\/abc-latina.com\/#\/schema\/logo\/image\/","url":"https:\/\/abc-latina.com\/wp-content\/uploads\/2026\/05\/cropped-logo.gif","contentUrl":"https:\/\/abc-latina.com\/wp-content\/uploads\/2026\/05\/cropped-logo.gif","width":89,"height":84,"caption":"Abc-latina"},"image":{"@id":"https:\/\/abc-latina.com\/#\/schema\/logo\/image\/"}}]}},"_links":{"self":[{"href":"https:\/\/abc-latina.com\/wp-json\/wp\/v2\/pages\/2888","targetHints":{"allow":["GET"]}}],"collection":[{"href":"https:\/\/abc-latina.com\/wp-json\/wp\/v2\/pages"}],"about":[{"href":"https:\/\/abc-latina.com\/wp-json\/wp\/v2\/types\/page"}],"author":[{"embeddable":true,"href":"https:\/\/abc-latina.com\/wp-json\/wp\/v2\/users\/3"}],"replies":[{"embeddable":true,"href":"https:\/\/abc-latina.com\/wp-json\/wp\/v2\/comments?post=2888"}],"version-history":[{"count":1,"href":"https:\/\/abc-latina.com\/wp-json\/wp\/v2\/pages\/2888\/revisions"}],"predecessor-version":[{"id":3242,"href":"https:\/\/abc-latina.com\/wp-json\/wp\/v2\/pages\/2888\/revisions\/3242"}],"up":[{"embeddable":true,"href":"https:\/\/abc-latina.com\/wp-json\/wp\/v2\/pages\/2293"}],"wp:featuredmedia":[{"embeddable":true,"href":"https:\/\/abc-latina.com\/wp-json\/wp\/v2\/media\/35"}],"wp:attachment":[{"href":"https:\/\/abc-latina.com\/wp-json\/wp\/v2\/media?parent=2888"}],"curies":[{"name":"wp","href":"https:\/\/api.w.org\/{rel}","templated":true}]}}