{"id":294,"date":"2010-06-04T17:37:02","date_gmt":"2010-06-04T15:37:02","guid":{"rendered":"http:\/\/abc-latina.com\/quito-htm\/"},"modified":"2018-06-10T16:19:12","modified_gmt":"2018-06-10T14:19:12","slug":"quito","status":"publish","type":"page","link":"https:\/\/abc-latina.com\/equateur\/quito\/","title":{"rendered":"QUITO"},"content":{"rendered":"<div><img loading=\"lazy\" decoding=\"async\" class=\" size-full wp-image-292\" src=\"http:\/\/abc-latina.com\/wp-content\/uploads\/2010\/06\/quito_1.jpg\" title=\"VOYAGE \u00e0 QUITO\" alt=\"VOYAGE \u00e0 QUITO\" width=\"480\" height=\"339\" srcset=\"https:\/\/abc-latina.com\/wp-content\/uploads\/2010\/06\/quito_1.jpg 620w, https:\/\/abc-latina.com\/wp-content\/uploads\/2010\/06\/quito_1-300x212.jpg 300w\" sizes=\"auto, (max-width: 480px) 100vw, 480px\" \/><\/div>\n<div>&nbsp;<\/div>\n<div>Malgr\u00e9 son visage \u00e0 caract\u00e8re espagnol, <span class=\"tourisme-chapitre\">Quito<\/span> a d&rsquo;abord \u00e9t\u00e9 habit\u00e9e par de nombreuses tribus dont les Incas, mais ceux-ci d\u00e9cid\u00e8rent de la d\u00e9truire compl\u00e8tement avant l&rsquo;arriv\u00e9e des conquistadors. En effet les Incas livr\u00e8rent une lutte sans merci aux Espagnols et pr\u00e9f\u00e9r\u00e8rent raser leur ville au lieu de la livrer aux mains des envahisseurs.<\/div>\n<div>M\u00eame si la ville de Quito fut an\u00e9antie par les Incas, son centre colonial fut cependant reconstruit avec opulence et une certaine splendeur.<\/div>\n<div>Quito fut donc officiellement fond\u00e9e le 6 d\u00e9cembre 1534.&nbsp;<\/div>\n<div>Perch\u00e9e \u00e0 2850m d&rsquo;altitude, entour\u00e9e de superbes volcans qui semblent la prot\u00e9ger, Quito est la deuxi\u00e8me capitale la plus haute d&rsquo;Am\u00e9rique du Sud apr\u00e8s La Paz (en Bolivie).<\/div>\n<div>La ville de Quito s&rsquo;\u00e9tire sur plus de 30km, sur une largeur d&rsquo;environ 10 km et divise en deux quartiers distincts :<\/div>\n<div>Le Quito moderne dresse ses hautes silhouettes regroupant de riches demeures bourgeoises tr\u00e8s prot\u00e9g\u00e9es, des centres commerciaux, des banques, restaurants, h\u00f4tels, bars &#8230;<\/div>\n<div>Le Quito colonial, le centre historique de la ville, abrite surtout les quartiers pauvres.&nbsp;<\/div>\n<div>&nbsp;<\/div>\n<div><span class=\"tourisme-unesco\"><a target=\"_blank\" href=\"..\/tour_operateur\"><img loading=\"lazy\" decoding=\"async\" class=\" size-full wp-image-41\" src=\"http:\/\/abc-latina.com\/wp-content\/uploads\/2010\/04\/timbre_to.gif\" class=\"touroperateur\" alt=\"\" width=\"125\" height=\"90\" \/><\/a>Au nord de Quito<\/span><\/div>\n<div>La Mitad del Mundo (le milieu du Monde), marque l&#8217;emplacement de la ligne \u00e9quinoxiale tel que calcul\u00e9 par Charles Marie de la Condamine vers le milieu du 18\u00e9me si\u00e8cle.&nbsp;<\/div>\n<div>Le visiteurs peuvent y vivre une exp\u00e9rience unique en mettant un pied dans l&rsquo;h\u00e9misph\u00e8re Sud et l&rsquo;autre dans l&rsquo;h\u00e9misph\u00e8re Nord.<\/div>\n<div>Le crat\u00e8re du Pululahua, situ\u00e9 \u00e0 environ 5 km de la Mitad del Mundo, impressionne par ses 8 km de diam\u00e8tre.<\/div>\n<div>Le site arch\u00e9ologique de Cochasqu\u00ed, dont les origines remontent \u00e0 l&rsquo;an 150 de notre \u00e8re fut vraisemblablement construit par la civilisation Quitus-Cara, on y trouve 15 pyramides tronqu\u00e9es, dont 9 poss\u00e8dent une rampe permettant d&rsquo;acc\u00e9der au sommet.<\/div>\n<div><a href=\"https:\/\/www.abc-latina.com\/equateur\/photos\/photos_quito\"><img loading=\"lazy\" decoding=\"async\" class=\" alignright size-full wp-image-293\" style=\"margin: 5px 22px; float: right;\" src=\"http:\/\/abc-latina.com\/wp-content\/uploads\/2010\/06\/quito-cathedrale.jpg\" title=\"QUITO\" alt=\"\" width=\"250\" height=\"164\" \/><\/a><\/div>\n<div>Situ\u00e9 dans la Reserva Ecol\u00f3gica Cayambbe-Coca, le volcan Cayambe repr\u00e9sente un d\u00e9fi int\u00e9ressant pour les amateurs d&rsquo;andisme exp\u00e9riment\u00e9s.<\/div>\n<div>Tous les samedis Otavalo devient un des villages les plus anim\u00e9s de l&rsquo;Equateur gr\u00e2ce \u00e0 son c\u00e9l\u00e8bre march\u00e9. Les autres jours de la semaine, les artisans, quoique moins nombreux, demeurent n\u00e9ammoins pr\u00e9sents. Une succession de comptoirs aux couleurs \u00e9clatantes o\u00f9 sont vendus les nombreux lainages et produits textiles identifi\u00e9s \u00e0 Otavalo. Outre les textiles, on y trouve un choix illimit\u00e9 de produits d&rsquo;artisanat \u00e0 prix modiques tels que panamas, bijoux, poteries diverses et autres bibelots.<\/div>\n<div>&nbsp;<\/div>\n<div><a href=\"https:\/\/www.abc-latina.com\/equateur\/musee\/quito\">Les mus\u00e9es de Quito<\/a><a target=\"_blank\" href=\"http:\/\/voyage.abc-latina.com\/voyage_equateur\/equateur\"><span class=\"sejour-circuit\"><br \/><\/span><\/a><\/div>\n<h3>Pr\u00e9parez votre voyage \u00e0 Quito:<\/h3>\n<div><a href=\"https:\/\/www.abc-latina.com\/equateur\/agence_de_voyages\">Agences de voyage g\u00e9n\u00e9ralistes et discounteurs<\/a><\/div>\n<div><a href=\"https:\/\/www.abc-latina.com\/equateur\/tour_operateur\">Tours Op\u00e9rateurs sp\u00e9cialistes de l&rsquo;Equateur<\/a><\/div>\n<div><a target=\"_blank\" href=\"https:\/\/www.abc-latina.com\/to\/reservation_billet_avion\">R\u00e9servez votre billet d&rsquo;avion<\/a><\/div>\n<div><a href=\"https:\/\/www.abc-latina.com\/equateur\/hotels\">R\u00e9servez votre h\u00f4tel \u00e0 Quito<\/a>&nbsp;<\/div>\n<div><a target=\"_blank\" href=\"https:\/\/www.abc-latina.com\/to\/location_de_voiture_equateur\">Location de voiture<\/a><\/div>\n<p>&nbsp;<\/p>\n","protected":false},"excerpt":{"rendered":"<p>&nbsp; Malgr\u00e9 son visage \u00e0 caract\u00e8re espagnol, Quito a d&rsquo;abord \u00e9t\u00e9 habit\u00e9e par de nombreuses tribus dont les Incas, mais [&hellip;]<\/p>\n","protected":false},"author":3,"featured_media":292,"parent":2303,"menu_order":0,"comment_status":"closed","ping_status":"closed","template":"","meta":{"site-sidebar-layout":"default","site-content-layout":"","ast-site-content-layout":"default","site-content-style":"default","site-sidebar-style":"default","ast-global-header-display":"","ast-banner-title-visibility":"","ast-main-header-display":"","ast-hfb-above-header-display":"","ast-hfb-below-header-display":"","ast-hfb-mobile-header-display":"","site-post-title":"","ast-breadcrumbs-content":"","ast-featured-img":"","footer-sml-layout":"","ast-disable-related-posts":"","theme-transparent-header-meta":"","adv-header-id-meta":"","stick-header-meta":"","header-above-stick-meta":"","header-main-stick-meta":"","header-below-stick-meta":"","astra-migrate-meta-layouts":"default","ast-page-background-enabled":"default","ast-page-background-meta":{"desktop":{"background-color":"var(--ast-global-color-5)","background-image":"","background-repeat":"repeat","background-position":"center center","background-size":"auto","background-attachment":"scroll","background-type":"","background-media":"","overlay-type":"","overlay-color":"","overlay-opacity":"","overlay-gradient":""},"tablet":{"background-color":"","background-image":"","background-repeat":"repeat","background-position":"center center","background-size":"auto","background-attachment":"scroll","background-type":"","background-media":"","overlay-type":"","overlay-color":"","overlay-opacity":"","overlay-gradient":""},"mobile":{"background-color":"","background-image":"","background-repeat":"repeat","background-position":"center center","background-size":"auto","background-attachment":"scroll","background-type":"","background-media":"","overlay-type":"","overlay-color":"","overlay-opacity":"","overlay-gradient":""}},"ast-content-background-meta":{"desktop":{"background-color":"var(--ast-global-color-4)","background-image":"","background-repeat":"repeat","background-position":"center center","background-size":"auto","background-attachment":"scroll","background-type":"","background-media":"","overlay-type":"","overlay-color":"","overlay-opacity":"","overlay-gradient":""},"tablet":{"background-color":"var(--ast-global-color-4)","background-image":"","background-repeat":"repeat","background-position":"center center","background-size":"auto","background-attachment":"scroll","background-type":"","background-media":"","overlay-type":"","overlay-color":"","overlay-opacity":"","overlay-gradient":""},"mobile":{"background-color":"var(--ast-global-color-4)","background-image":"","background-repeat":"repeat","background-position":"center center","background-size":"auto","background-attachment":"scroll","background-type":"","background-media":"","overlay-type":"","overlay-color":"","overlay-opacity":"","overlay-gradient":""}},"footnotes":""},"class_list":["post-294","page","type-page","status-publish","has-post-thumbnail","hentry"],"yoast_head":"<!-- This site is optimized with the Yoast SEO plugin v27.5 - https:\/\/yoast.com\/product\/yoast-seo-wordpress\/ -->\n<title>QUITO - Abc-latina<\/title>\n<meta name=\"description\" content=\"M\u00eame an\u00e9antie par les Incas, Quito fut cependant reconstruit avec opulence et une certaine splendeur.\" \/>\n<meta name=\"robots\" content=\"index, follow, max-snippet:-1, max-image-preview:large, max-video-preview:-1\" \/>\n<link rel=\"canonical\" href=\"https:\/\/abc-latina.com\/equateur\/quito\/\" \/>\n<meta property=\"og:locale\" content=\"fr_FR\" \/>\n<meta property=\"og:type\" content=\"article\" \/>\n<meta property=\"og:title\" content=\"QUITO - Abc-latina\" \/>\n<meta property=\"og:description\" content=\"M\u00eame an\u00e9antie par les Incas, Quito fut cependant reconstruit avec opulence et une certaine splendeur.\" \/>\n<meta property=\"og:url\" content=\"https:\/\/abc-latina.com\/equateur\/quito\/\" \/>\n<meta property=\"og:site_name\" content=\"Abc-latina\" \/>\n<meta property=\"article:modified_time\" content=\"2018-06-10T14:19:12+00:00\" \/>\n<meta property=\"og:image\" content=\"https:\/\/abc-latina.com\/wp-content\/uploads\/2010\/06\/quito_1.jpg\" \/>\n\t<meta property=\"og:image:width\" content=\"620\" \/>\n\t<meta property=\"og:image:height\" content=\"438\" \/>\n\t<meta property=\"og:image:type\" content=\"image\/jpeg\" \/>\n<meta name=\"twitter:card\" content=\"summary_large_image\" \/>\n<meta name=\"twitter:label1\" content=\"Dur\u00e9e de lecture estim\u00e9e\" \/>\n\t<meta name=\"twitter:data1\" content=\"2 minutes\" \/>\n<script type=\"application\/ld+json\" class=\"yoast-schema-graph\">{\"@context\":\"https:\\\/\\\/schema.org\",\"@graph\":[{\"@type\":\"WebPage\",\"@id\":\"https:\\\/\\\/abc-latina.com\\\/equateur\\\/quito\\\/\",\"url\":\"https:\\\/\\\/abc-latina.com\\\/equateur\\\/quito\\\/\",\"name\":\"QUITO - Abc-latina\",\"isPartOf\":{\"@id\":\"https:\\\/\\\/abc-latina.com\\\/#website\"},\"primaryImageOfPage\":{\"@id\":\"https:\\\/\\\/abc-latina.com\\\/equateur\\\/quito\\\/#primaryimage\"},\"image\":{\"@id\":\"https:\\\/\\\/abc-latina.com\\\/equateur\\\/quito\\\/#primaryimage\"},\"thumbnailUrl\":\"https:\\\/\\\/abc-latina.com\\\/wp-content\\\/uploads\\\/2010\\\/06\\\/quito_1.jpg\",\"datePublished\":\"2010-06-04T15:37:02+00:00\",\"dateModified\":\"2018-06-10T14:19:12+00:00\",\"description\":\"M\u00eame an\u00e9antie par les Incas, Quito fut cependant reconstruit avec opulence et une certaine splendeur.\",\"breadcrumb\":{\"@id\":\"https:\\\/\\\/abc-latina.com\\\/equateur\\\/quito\\\/#breadcrumb\"},\"inLanguage\":\"fr-FR\",\"potentialAction\":[{\"@type\":\"ReadAction\",\"target\":[\"https:\\\/\\\/abc-latina.com\\\/equateur\\\/quito\\\/\"]}]},{\"@type\":\"ImageObject\",\"inLanguage\":\"fr-FR\",\"@id\":\"https:\\\/\\\/abc-latina.com\\\/equateur\\\/quito\\\/#primaryimage\",\"url\":\"https:\\\/\\\/abc-latina.com\\\/wp-content\\\/uploads\\\/2010\\\/06\\\/quito_1.jpg\",\"contentUrl\":\"https:\\\/\\\/abc-latina.com\\\/wp-content\\\/uploads\\\/2010\\\/06\\\/quito_1.jpg\",\"width\":620,\"height\":438,\"caption\":\"VOYAGE \u00e0 QUITO\"},{\"@type\":\"BreadcrumbList\",\"@id\":\"https:\\\/\\\/abc-latina.com\\\/equateur\\\/quito\\\/#breadcrumb\",\"itemListElement\":[{\"@type\":\"ListItem\",\"position\":1,\"name\":\"Accueil\",\"item\":\"https:\\\/\\\/abc-latina.com\\\/\"},{\"@type\":\"ListItem\",\"position\":2,\"name\":\"QUITO\"}]},{\"@type\":\"WebSite\",\"@id\":\"https:\\\/\\\/abc-latina.com\\\/#website\",\"url\":\"https:\\\/\\\/abc-latina.com\\\/\",\"name\":\"Abc-latina\",\"description\":\"\",\"publisher\":{\"@id\":\"https:\\\/\\\/abc-latina.com\\\/#organization\"},\"potentialAction\":[{\"@type\":\"SearchAction\",\"target\":{\"@type\":\"EntryPoint\",\"urlTemplate\":\"https:\\\/\\\/abc-latina.com\\\/?s={search_term_string}\"},\"query-input\":{\"@type\":\"PropertyValueSpecification\",\"valueRequired\":true,\"valueName\":\"search_term_string\"}}],\"inLanguage\":\"fr-FR\"},{\"@type\":\"Organization\",\"@id\":\"https:\\\/\\\/abc-latina.com\\\/#organization\",\"name\":\"Abc-latina\",\"url\":\"https:\\\/\\\/abc-latina.com\\\/\",\"logo\":{\"@type\":\"ImageObject\",\"inLanguage\":\"fr-FR\",\"@id\":\"https:\\\/\\\/abc-latina.com\\\/#\\\/schema\\\/logo\\\/image\\\/\",\"url\":\"https:\\\/\\\/abc-latina.com\\\/wp-content\\\/uploads\\\/2026\\\/05\\\/cropped-logo.gif\",\"contentUrl\":\"https:\\\/\\\/abc-latina.com\\\/wp-content\\\/uploads\\\/2026\\\/05\\\/cropped-logo.gif\",\"width\":89,\"height\":84,\"caption\":\"Abc-latina\"},\"image\":{\"@id\":\"https:\\\/\\\/abc-latina.com\\\/#\\\/schema\\\/logo\\\/image\\\/\"}}]}<\/script>\n<!-- \/ Yoast SEO plugin. -->","yoast_head_json":{"title":"QUITO - Abc-latina","description":"M\u00eame an\u00e9antie par les Incas, Quito fut cependant reconstruit avec opulence et une certaine splendeur.","robots":{"index":"index","follow":"follow","max-snippet":"max-snippet:-1","max-image-preview":"max-image-preview:large","max-video-preview":"max-video-preview:-1"},"canonical":"https:\/\/abc-latina.com\/equateur\/quito\/","og_locale":"fr_FR","og_type":"article","og_title":"QUITO - Abc-latina","og_description":"M\u00eame an\u00e9antie par les Incas, Quito fut cependant reconstruit avec opulence et une certaine splendeur.","og_url":"https:\/\/abc-latina.com\/equateur\/quito\/","og_site_name":"Abc-latina","article_modified_time":"2018-06-10T14:19:12+00:00","og_image":[{"width":620,"height":438,"url":"https:\/\/abc-latina.com\/wp-content\/uploads\/2010\/06\/quito_1.jpg","type":"image\/jpeg"}],"twitter_card":"summary_large_image","twitter_misc":{"Dur\u00e9e de lecture estim\u00e9e":"2 minutes"},"schema":{"@context":"https:\/\/schema.org","@graph":[{"@type":"WebPage","@id":"https:\/\/abc-latina.com\/equateur\/quito\/","url":"https:\/\/abc-latina.com\/equateur\/quito\/","name":"QUITO - Abc-latina","isPartOf":{"@id":"https:\/\/abc-latina.com\/#website"},"primaryImageOfPage":{"@id":"https:\/\/abc-latina.com\/equateur\/quito\/#primaryimage"},"image":{"@id":"https:\/\/abc-latina.com\/equateur\/quito\/#primaryimage"},"thumbnailUrl":"https:\/\/abc-latina.com\/wp-content\/uploads\/2010\/06\/quito_1.jpg","datePublished":"2010-06-04T15:37:02+00:00","dateModified":"2018-06-10T14:19:12+00:00","description":"M\u00eame an\u00e9antie par les Incas, Quito fut cependant reconstruit avec opulence et une certaine splendeur.","breadcrumb":{"@id":"https:\/\/abc-latina.com\/equateur\/quito\/#breadcrumb"},"inLanguage":"fr-FR","potentialAction":[{"@type":"ReadAction","target":["https:\/\/abc-latina.com\/equateur\/quito\/"]}]},{"@type":"ImageObject","inLanguage":"fr-FR","@id":"https:\/\/abc-latina.com\/equateur\/quito\/#primaryimage","url":"https:\/\/abc-latina.com\/wp-content\/uploads\/2010\/06\/quito_1.jpg","contentUrl":"https:\/\/abc-latina.com\/wp-content\/uploads\/2010\/06\/quito_1.jpg","width":620,"height":438,"caption":"VOYAGE \u00e0 QUITO"},{"@type":"BreadcrumbList","@id":"https:\/\/abc-latina.com\/equateur\/quito\/#breadcrumb","itemListElement":[{"@type":"ListItem","position":1,"name":"Accueil","item":"https:\/\/abc-latina.com\/"},{"@type":"ListItem","position":2,"name":"QUITO"}]},{"@type":"WebSite","@id":"https:\/\/abc-latina.com\/#website","url":"https:\/\/abc-latina.com\/","name":"Abc-latina","description":"","publisher":{"@id":"https:\/\/abc-latina.com\/#organization"},"potentialAction":[{"@type":"SearchAction","target":{"@type":"EntryPoint","urlTemplate":"https:\/\/abc-latina.com\/?s={search_term_string}"},"query-input":{"@type":"PropertyValueSpecification","valueRequired":true,"valueName":"search_term_string"}}],"inLanguage":"fr-FR"},{"@type":"Organization","@id":"https:\/\/abc-latina.com\/#organization","name":"Abc-latina","url":"https:\/\/abc-latina.com\/","logo":{"@type":"ImageObject","inLanguage":"fr-FR","@id":"https:\/\/abc-latina.com\/#\/schema\/logo\/image\/","url":"https:\/\/abc-latina.com\/wp-content\/uploads\/2026\/05\/cropped-logo.gif","contentUrl":"https:\/\/abc-latina.com\/wp-content\/uploads\/2026\/05\/cropped-logo.gif","width":89,"height":84,"caption":"Abc-latina"},"image":{"@id":"https:\/\/abc-latina.com\/#\/schema\/logo\/image\/"}}]}},"_links":{"self":[{"href":"https:\/\/abc-latina.com\/wp-json\/wp\/v2\/pages\/294","targetHints":{"allow":["GET"]}}],"collection":[{"href":"https:\/\/abc-latina.com\/wp-json\/wp\/v2\/pages"}],"about":[{"href":"https:\/\/abc-latina.com\/wp-json\/wp\/v2\/types\/page"}],"author":[{"embeddable":true,"href":"https:\/\/abc-latina.com\/wp-json\/wp\/v2\/users\/3"}],"replies":[{"embeddable":true,"href":"https:\/\/abc-latina.com\/wp-json\/wp\/v2\/comments?post=294"}],"version-history":[{"count":0,"href":"https:\/\/abc-latina.com\/wp-json\/wp\/v2\/pages\/294\/revisions"}],"up":[{"embeddable":true,"href":"https:\/\/abc-latina.com\/wp-json\/wp\/v2\/pages\/2303"}],"wp:featuredmedia":[{"embeddable":true,"href":"https:\/\/abc-latina.com\/wp-json\/wp\/v2\/media\/292"}],"wp:attachment":[{"href":"https:\/\/abc-latina.com\/wp-json\/wp\/v2\/media?parent=294"}],"curies":[{"name":"wp","href":"https:\/\/api.w.org\/{rel}","templated":true}]}}