{"id":295,"date":"2010-06-04T17:42:00","date_gmt":"2010-06-04T15:42:00","guid":{"rendered":"http:\/\/abc-latina.com\/riobamba-htm\/"},"modified":"2018-06-10T16:21:20","modified_gmt":"2018-06-10T14:21:20","slug":"riobamba","status":"publish","type":"page","link":"https:\/\/abc-latina.com\/equateur\/riobamba\/","title":{"rendered":"RIOBAMBA"},"content":{"rendered":"<div>Avant l&rsquo;arriv\u00e9 des <a href=\"https:\/\/www.abc-latina.com\/civilisations\/Inca\" target=\"_blank\">Incas<\/a>, le bassin de <span class=\"tourisme-chapitre\">Riobamba<\/span> \u00e9tait habit\u00e9 par les Indiens Puruhaes qui deviendront des bergers quand les Espagnols introduiront les moutons dans la r\u00e9gion. Dans les montagnes voisines, on rencontre encore des membres de cette communaut\u00e9 menac\u00e9e, v\u00eatus de leurs \u00e9normes pantalons en laine de mouton. Apr\u00e8s la destruction de &nbsp;l&rsquo;ancienne ville indienne de Cajabamba par un tremblement de terre \u00e0 la fin du XVIII\u00e8 si\u00e8cle, sa population choisit un site plus tranquille pour reconstruire la Riobamba que nous connaissons. Au pied du g\u00e9ant Chimborazo, entour\u00e9e de montagnes enneig\u00e9es, La ville de Riobamba n&rsquo;est peut \u00eatre pas la ville la plus s\u00e9duisante d&rsquo;Equateur, mais son environnent fut merveilleusement choisi. Au c\u0153ur de l&rsquo;Equateur, sa situation de carrefour entre <a href=\"quito\">Quito<\/a>, <a href=\"guayaquil.php\">Guayaquil<\/a> et <a href=\"cuenca\">Cuenca<\/a> lui a donn\u00e9 une vocation commerciale. Plus de 100.000 habitants vivent aujourd&rsquo;hui dans cette ville relativement moderne. D\u00e9j\u00e0 tr\u00e8s annim\u00e9es en semaine, les rues et places de Riobamba sont envahies par le march\u00e9 du samedi, fr\u00e9quent\u00e9 par quelques Puruhaes. La grande rue Primera Constituyente est bord\u00e9e de nombreuses places : l&rsquo;agr\u00e9able parque Maldonado et sa cath\u00e9drale dont il ne reste que la fa\u00e7ade, celui de la Libertad avec sa curieuse \u00e9glise ronde achev\u00e9e au d\u00e9but du si\u00e8cle. En face du parque Sucre, dans le coll\u00e8ge Maldonado, s&rsquo;est r\u00e9unie la premi\u00e8re assembl\u00e9e constituante d&rsquo;Equateur en 1830.<\/p>\n<p><a href=\"https:\/\/www.abc-latina.com\/bresil\/tour_operateur\" target=\"_blank\" style=\"text-decoration: none;\"><img loading=\"lazy\" decoding=\"async\" class=\"touroperateur size-full wp-image-41\" src=\"http:\/\/abc-latina.com\/wp-content\/uploads\/2010\/04\/timbre_to.gif\" alt=\"\" width=\"125\" height=\"90\" \/><\/a><\/p>\n<div>Sur la place du 21 de abril, plusieurs mosa\u00efques retracent les grands moments de l&rsquo;histoire du pays. La sympathique petite gare d\u00e9saffect\u00e9e derri\u00e8re laquelle tr\u00f4ne le majestueux Chimborazo m\u00e9rite&nbsp;une visite tout autant que le mus\u00e9e d&rsquo;art religieux du Couvent de la Conception.<\/div>\n<h3>Pr\u00e9parez votre voyage \u00e0 Riobamba:<\/h3>\n<div><a href=\"https:\/\/www.abc-latina.com\/equateur\/agence_de_voyages\">Agences de voyage g\u00e9n\u00e9ralistes et discounteurs<\/a><\/div>\n<div><a href=\"https:\/\/www.abc-latina.com\/equateur\/tour_operateur\">Tours Op\u00e9rateurs sp\u00e9cialistes de l&rsquo;Equateur<\/a><\/div>\n<div><a href=\"https:\/\/www.abc-latina.com\/to\/reservation_billet_avion\" target=\"_blank\">R\u00e9servez votre billet d&rsquo;avion<\/a><\/div>\n<div><a href=\"https:\/\/www.abc-latina.com\/equateur\/hotels\">R\u00e9servez votre h\u00f4tel \u00e0 Riobamba<\/a>&nbsp;<\/div>\n<div><a href=\"https:\/\/www.abc-latina.com\/to\/location_de_voiture_equateur\" target=\"_blank\">Location de voiture<\/a><\/div>\n<p>&nbsp;<\/p>\n<\/div>\n","protected":false},"excerpt":{"rendered":"<p>Avant l&rsquo;arriv\u00e9 des Incas, le bassin de Riobamba \u00e9tait habit\u00e9 par les Indiens Puruhaes qui deviendront des bergers quand les [&hellip;]<\/p>\n","protected":false},"author":3,"featured_media":41,"parent":2303,"menu_order":0,"comment_status":"closed","ping_status":"closed","template":"","meta":{"site-sidebar-layout":"default","site-content-layout":"","ast-site-content-layout":"default","site-content-style":"default","site-sidebar-style":"default","ast-global-header-display":"","ast-banner-title-visibility":"","ast-main-header-display":"","ast-hfb-above-header-display":"","ast-hfb-below-header-display":"","ast-hfb-mobile-header-display":"","site-post-title":"","ast-breadcrumbs-content":"","ast-featured-img":"","footer-sml-layout":"","ast-disable-related-posts":"","theme-transparent-header-meta":"","adv-header-id-meta":"","stick-header-meta":"","header-above-stick-meta":"","header-main-stick-meta":"","header-below-stick-meta":"","astra-migrate-meta-layouts":"default","ast-page-background-enabled":"default","ast-page-background-meta":{"desktop":{"background-color":"var(--ast-global-color-5)","background-image":"","background-repeat":"repeat","background-position":"center center","background-size":"auto","background-attachment":"scroll","background-type":"","background-media":"","overlay-type":"","overlay-color":"","overlay-opacity":"","overlay-gradient":""},"tablet":{"background-color":"","background-image":"","background-repeat":"repeat","background-position":"center center","background-size":"auto","background-attachment":"scroll","background-type":"","background-media":"","overlay-type":"","overlay-color":"","overlay-opacity":"","overlay-gradient":""},"mobile":{"background-color":"","background-image":"","background-repeat":"repeat","background-position":"center center","background-size":"auto","background-attachment":"scroll","background-type":"","background-media":"","overlay-type":"","overlay-color":"","overlay-opacity":"","overlay-gradient":""}},"ast-content-background-meta":{"desktop":{"background-color":"var(--ast-global-color-4)","background-image":"","background-repeat":"repeat","background-position":"center center","background-size":"auto","background-attachment":"scroll","background-type":"","background-media":"","overlay-type":"","overlay-color":"","overlay-opacity":"","overlay-gradient":""},"tablet":{"background-color":"var(--ast-global-color-4)","background-image":"","background-repeat":"repeat","background-position":"center center","background-size":"auto","background-attachment":"scroll","background-type":"","background-media":"","overlay-type":"","overlay-color":"","overlay-opacity":"","overlay-gradient":""},"mobile":{"background-color":"var(--ast-global-color-4)","background-image":"","background-repeat":"repeat","background-position":"center center","background-size":"auto","background-attachment":"scroll","background-type":"","background-media":"","overlay-type":"","overlay-color":"","overlay-opacity":"","overlay-gradient":""}},"footnotes":""},"class_list":["post-295","page","type-page","status-publish","has-post-thumbnail","hentry"],"yoast_head":"<!-- This site is optimized with the Yoast SEO plugin v27.5 - https:\/\/yoast.com\/product\/yoast-seo-wordpress\/ -->\n<title>RIOBAMBA - Abc-latina<\/title>\n<meta name=\"description\" content=\"L&#039;Equateur vu sous l&#039;angle touristique: RIOBAMBA.\" \/>\n<meta name=\"robots\" content=\"index, follow, max-snippet:-1, max-image-preview:large, max-video-preview:-1\" \/>\n<link rel=\"canonical\" href=\"https:\/\/abc-latina.com\/equateur\/riobamba\/\" \/>\n<meta property=\"og:locale\" content=\"fr_FR\" \/>\n<meta property=\"og:type\" content=\"article\" \/>\n<meta property=\"og:title\" content=\"RIOBAMBA - Abc-latina\" \/>\n<meta property=\"og:description\" content=\"L&#039;Equateur vu sous l&#039;angle touristique: RIOBAMBA.\" \/>\n<meta property=\"og:url\" content=\"https:\/\/abc-latina.com\/equateur\/riobamba\/\" \/>\n<meta property=\"og:site_name\" content=\"Abc-latina\" \/>\n<meta property=\"article:modified_time\" content=\"2018-06-10T14:21:20+00:00\" \/>\n<meta property=\"og:image\" content=\"https:\/\/abc-latina.com\/wp-content\/uploads\/2010\/04\/timbre_to.gif\" \/>\n\t<meta property=\"og:image:width\" content=\"125\" \/>\n\t<meta property=\"og:image:height\" content=\"90\" \/>\n\t<meta property=\"og:image:type\" content=\"image\/gif\" \/>\n<meta name=\"twitter:card\" content=\"summary_large_image\" \/>\n<meta name=\"twitter:label1\" content=\"Dur\u00e9e de lecture estim\u00e9e\" \/>\n\t<meta name=\"twitter:data1\" content=\"2 minutes\" \/>\n<script type=\"application\/ld+json\" class=\"yoast-schema-graph\">{\"@context\":\"https:\\\/\\\/schema.org\",\"@graph\":[{\"@type\":\"WebPage\",\"@id\":\"https:\\\/\\\/abc-latina.com\\\/equateur\\\/riobamba\\\/\",\"url\":\"https:\\\/\\\/abc-latina.com\\\/equateur\\\/riobamba\\\/\",\"name\":\"RIOBAMBA - Abc-latina\",\"isPartOf\":{\"@id\":\"https:\\\/\\\/abc-latina.com\\\/#website\"},\"primaryImageOfPage\":{\"@id\":\"https:\\\/\\\/abc-latina.com\\\/equateur\\\/riobamba\\\/#primaryimage\"},\"image\":{\"@id\":\"https:\\\/\\\/abc-latina.com\\\/equateur\\\/riobamba\\\/#primaryimage\"},\"thumbnailUrl\":\"https:\\\/\\\/abc-latina.com\\\/wp-content\\\/uploads\\\/2010\\\/04\\\/timbre_to.gif\",\"datePublished\":\"2010-06-04T15:42:00+00:00\",\"dateModified\":\"2018-06-10T14:21:20+00:00\",\"description\":\"L'Equateur vu sous l'angle touristique: RIOBAMBA.\",\"breadcrumb\":{\"@id\":\"https:\\\/\\\/abc-latina.com\\\/equateur\\\/riobamba\\\/#breadcrumb\"},\"inLanguage\":\"fr-FR\",\"potentialAction\":[{\"@type\":\"ReadAction\",\"target\":[\"https:\\\/\\\/abc-latina.com\\\/equateur\\\/riobamba\\\/\"]}]},{\"@type\":\"ImageObject\",\"inLanguage\":\"fr-FR\",\"@id\":\"https:\\\/\\\/abc-latina.com\\\/equateur\\\/riobamba\\\/#primaryimage\",\"url\":\"https:\\\/\\\/abc-latina.com\\\/wp-content\\\/uploads\\\/2010\\\/04\\\/timbre_to.gif\",\"contentUrl\":\"https:\\\/\\\/abc-latina.com\\\/wp-content\\\/uploads\\\/2010\\\/04\\\/timbre_to.gif\",\"width\":125,\"height\":90},{\"@type\":\"BreadcrumbList\",\"@id\":\"https:\\\/\\\/abc-latina.com\\\/equateur\\\/riobamba\\\/#breadcrumb\",\"itemListElement\":[{\"@type\":\"ListItem\",\"position\":1,\"name\":\"Accueil\",\"item\":\"https:\\\/\\\/abc-latina.com\\\/\"},{\"@type\":\"ListItem\",\"position\":2,\"name\":\"RIOBAMBA\"}]},{\"@type\":\"WebSite\",\"@id\":\"https:\\\/\\\/abc-latina.com\\\/#website\",\"url\":\"https:\\\/\\\/abc-latina.com\\\/\",\"name\":\"Abc-latina\",\"description\":\"\",\"publisher\":{\"@id\":\"https:\\\/\\\/abc-latina.com\\\/#organization\"},\"potentialAction\":[{\"@type\":\"SearchAction\",\"target\":{\"@type\":\"EntryPoint\",\"urlTemplate\":\"https:\\\/\\\/abc-latina.com\\\/?s={search_term_string}\"},\"query-input\":{\"@type\":\"PropertyValueSpecification\",\"valueRequired\":true,\"valueName\":\"search_term_string\"}}],\"inLanguage\":\"fr-FR\"},{\"@type\":\"Organization\",\"@id\":\"https:\\\/\\\/abc-latina.com\\\/#organization\",\"name\":\"Abc-latina\",\"url\":\"https:\\\/\\\/abc-latina.com\\\/\",\"logo\":{\"@type\":\"ImageObject\",\"inLanguage\":\"fr-FR\",\"@id\":\"https:\\\/\\\/abc-latina.com\\\/#\\\/schema\\\/logo\\\/image\\\/\",\"url\":\"https:\\\/\\\/abc-latina.com\\\/wp-content\\\/uploads\\\/2026\\\/05\\\/cropped-logo.gif\",\"contentUrl\":\"https:\\\/\\\/abc-latina.com\\\/wp-content\\\/uploads\\\/2026\\\/05\\\/cropped-logo.gif\",\"width\":89,\"height\":84,\"caption\":\"Abc-latina\"},\"image\":{\"@id\":\"https:\\\/\\\/abc-latina.com\\\/#\\\/schema\\\/logo\\\/image\\\/\"}}]}<\/script>\n<!-- \/ Yoast SEO plugin. -->","yoast_head_json":{"title":"RIOBAMBA - Abc-latina","description":"L'Equateur vu sous l'angle touristique: RIOBAMBA.","robots":{"index":"index","follow":"follow","max-snippet":"max-snippet:-1","max-image-preview":"max-image-preview:large","max-video-preview":"max-video-preview:-1"},"canonical":"https:\/\/abc-latina.com\/equateur\/riobamba\/","og_locale":"fr_FR","og_type":"article","og_title":"RIOBAMBA - Abc-latina","og_description":"L'Equateur vu sous l'angle touristique: RIOBAMBA.","og_url":"https:\/\/abc-latina.com\/equateur\/riobamba\/","og_site_name":"Abc-latina","article_modified_time":"2018-06-10T14:21:20+00:00","og_image":[{"width":125,"height":90,"url":"https:\/\/abc-latina.com\/wp-content\/uploads\/2010\/04\/timbre_to.gif","type":"image\/gif"}],"twitter_card":"summary_large_image","twitter_misc":{"Dur\u00e9e de lecture estim\u00e9e":"2 minutes"},"schema":{"@context":"https:\/\/schema.org","@graph":[{"@type":"WebPage","@id":"https:\/\/abc-latina.com\/equateur\/riobamba\/","url":"https:\/\/abc-latina.com\/equateur\/riobamba\/","name":"RIOBAMBA - Abc-latina","isPartOf":{"@id":"https:\/\/abc-latina.com\/#website"},"primaryImageOfPage":{"@id":"https:\/\/abc-latina.com\/equateur\/riobamba\/#primaryimage"},"image":{"@id":"https:\/\/abc-latina.com\/equateur\/riobamba\/#primaryimage"},"thumbnailUrl":"https:\/\/abc-latina.com\/wp-content\/uploads\/2010\/04\/timbre_to.gif","datePublished":"2010-06-04T15:42:00+00:00","dateModified":"2018-06-10T14:21:20+00:00","description":"L'Equateur vu sous l'angle touristique: RIOBAMBA.","breadcrumb":{"@id":"https:\/\/abc-latina.com\/equateur\/riobamba\/#breadcrumb"},"inLanguage":"fr-FR","potentialAction":[{"@type":"ReadAction","target":["https:\/\/abc-latina.com\/equateur\/riobamba\/"]}]},{"@type":"ImageObject","inLanguage":"fr-FR","@id":"https:\/\/abc-latina.com\/equateur\/riobamba\/#primaryimage","url":"https:\/\/abc-latina.com\/wp-content\/uploads\/2010\/04\/timbre_to.gif","contentUrl":"https:\/\/abc-latina.com\/wp-content\/uploads\/2010\/04\/timbre_to.gif","width":125,"height":90},{"@type":"BreadcrumbList","@id":"https:\/\/abc-latina.com\/equateur\/riobamba\/#breadcrumb","itemListElement":[{"@type":"ListItem","position":1,"name":"Accueil","item":"https:\/\/abc-latina.com\/"},{"@type":"ListItem","position":2,"name":"RIOBAMBA"}]},{"@type":"WebSite","@id":"https:\/\/abc-latina.com\/#website","url":"https:\/\/abc-latina.com\/","name":"Abc-latina","description":"","publisher":{"@id":"https:\/\/abc-latina.com\/#organization"},"potentialAction":[{"@type":"SearchAction","target":{"@type":"EntryPoint","urlTemplate":"https:\/\/abc-latina.com\/?s={search_term_string}"},"query-input":{"@type":"PropertyValueSpecification","valueRequired":true,"valueName":"search_term_string"}}],"inLanguage":"fr-FR"},{"@type":"Organization","@id":"https:\/\/abc-latina.com\/#organization","name":"Abc-latina","url":"https:\/\/abc-latina.com\/","logo":{"@type":"ImageObject","inLanguage":"fr-FR","@id":"https:\/\/abc-latina.com\/#\/schema\/logo\/image\/","url":"https:\/\/abc-latina.com\/wp-content\/uploads\/2026\/05\/cropped-logo.gif","contentUrl":"https:\/\/abc-latina.com\/wp-content\/uploads\/2026\/05\/cropped-logo.gif","width":89,"height":84,"caption":"Abc-latina"},"image":{"@id":"https:\/\/abc-latina.com\/#\/schema\/logo\/image\/"}}]}},"_links":{"self":[{"href":"https:\/\/abc-latina.com\/wp-json\/wp\/v2\/pages\/295","targetHints":{"allow":["GET"]}}],"collection":[{"href":"https:\/\/abc-latina.com\/wp-json\/wp\/v2\/pages"}],"about":[{"href":"https:\/\/abc-latina.com\/wp-json\/wp\/v2\/types\/page"}],"author":[{"embeddable":true,"href":"https:\/\/abc-latina.com\/wp-json\/wp\/v2\/users\/3"}],"replies":[{"embeddable":true,"href":"https:\/\/abc-latina.com\/wp-json\/wp\/v2\/comments?post=295"}],"version-history":[{"count":0,"href":"https:\/\/abc-latina.com\/wp-json\/wp\/v2\/pages\/295\/revisions"}],"up":[{"embeddable":true,"href":"https:\/\/abc-latina.com\/wp-json\/wp\/v2\/pages\/2303"}],"wp:featuredmedia":[{"embeddable":true,"href":"https:\/\/abc-latina.com\/wp-json\/wp\/v2\/media\/41"}],"wp:attachment":[{"href":"https:\/\/abc-latina.com\/wp-json\/wp\/v2\/media?parent=295"}],"curies":[{"name":"wp","href":"https:\/\/api.w.org\/{rel}","templated":true}]}}