{"id":298,"date":"2010-06-04T18:03:22","date_gmt":"2010-06-04T16:03:22","guid":{"rendered":"http:\/\/abc-latina.com\/antigua-htm\/"},"modified":"2018-06-12T12:28:59","modified_gmt":"2018-06-12T10:28:59","slug":"antigua","status":"publish","type":"page","link":"https:\/\/abc-latina.com\/guatemala\/antigua\/","title":{"rendered":"ANTIGUA"},"content":{"rendered":"<p><img loading=\"lazy\" decoding=\"async\" class=\" size-full wp-image-297\" src=\"http:\/\/abc-latina.com\/wp-content\/uploads\/2010\/06\/antigua_carrefour.jpg\" title=\"VOYAGE \u00e0 ANTIGUA\" alt=\"VOYAGE \u00e0 ANTIGUA\" width=\"480\" height=\"321\" srcset=\"https:\/\/abc-latina.com\/wp-content\/uploads\/2010\/06\/antigua_carrefour.jpg 628w, https:\/\/abc-latina.com\/wp-content\/uploads\/2010\/06\/antigua_carrefour-300x201.jpg 300w\" sizes=\"auto, (max-width: 480px) 100vw, 480px\" \/><\/p>\n<div>\n<div>&nbsp;<\/div>\n<div>Il y a un peu plus de 200 ans encore, l&rsquo;ancienne capitale guat\u00e9malt\u00e8que pouvait se mesurer avec la ville de <a href=\"https:\/\/www.abc-latina.com\/mexique\/voyages\/mexico\" target=\"_blank\">Mexico<\/a> ou celle de <a href=\"https:\/\/www.abc-latina.com\/perou\/lima\" target=\"_blank\">Lima<\/a> en ce qui concerne l&rsquo;architecture coloniale.&nbsp;<\/div>\n<div>Elle fut fond\u00e9e en 1543, elle \u00e9tait l&rsquo;une des villes les plus grandes et les plus belles du Nouveau Monde, mais un tremblement de terre la d\u00e9truisit compl\u00e8tement en 1773 et les habitants durent reconstruire la capitale 50 km plus loin.<\/div>\n<div>&nbsp;<\/div>\n<div>La vie a peu \u00e0 peu repris parmi les ruines coloniales et de nos jours, <span class=\"tourisme-chapitre\">Antigua<\/span> se veut aujourd&rsquo;hui une ville agr\u00e9able et pittoresque avec ses rues pav\u00e9es, ses toits de tuiles et ses monuments coloniaux dont certains sont en ruines et recouverts d&rsquo;une douce v\u00e9g\u00e9tation.&nbsp;<\/div>\n<div>Connue sous le nom de Santiago de los Caballeros \u00e0 l&rsquo;\u00e9poque coloniale, la ville d&rsquo;Antigua est pos\u00e9e dans une vall\u00e9e verdoyante et est entour\u00e9e de montagnes. Les \u00e9difices sont bas et massifs, avec des murs \u00e9pais pour r\u00e9sister aux tremblements de terre.<\/div>\n<div>Le Mus\u00e9e de Santiago, situ\u00e9 dans L&rsquo;ancienne mairie, en face du parc central, pr\u00e9sente une collection d&rsquo;objets de l&rsquo;\u00e9poque coloniale. A proximit\u00e9 se trouve le Mus\u00e9e del Libro Antiguo, qui pr\u00e9sente des expositions sur l&rsquo;histoire de l&rsquo;imprimerie. Le palais des capitaines g\u00e9n\u00e9raux, de l&rsquo;autre c\u00f4t\u00e9 du parc, est un \u00e9difice monumental qui abrite aujourd&rsquo;hui des bureaux gouvernementaux, y compris l&rsquo;office de tourisme. Aux abords du parc, on verra \u00e9galement les ruines d&rsquo;une ancienne cath\u00e9drale. Le Mus\u00e9e Colonial, occupant un bel \u00e9difice de style mauresque qui fut jadis le si\u00e8ge d&rsquo;une universit\u00e9 religieuse, expose des oeuvres d&rsquo;art de l&rsquo;\u00e9poque coloniale ainsi que des dioramas de la vie au XVIII&rsquo; si\u00e8cle. <a href=\"..\/tour_operateur\" target=\"_blank\"><img loading=\"lazy\" decoding=\"async\" class=\" size-full wp-image-41\" alt=\"\" class=\"touroperateur\" src=\"http:\/\/abc-latina.com\/wp-content\/uploads\/2010\/04\/timbre_to.gif\" width=\"125\" height=\"90\" \/><\/a>En se promenant dans les agr\u00e9ables rues de la ville, on peut remarquer de nombreuses \u00e9glises anciennes dont certaines ont \u00e9t\u00e9 restaur\u00e9es. L&rsquo;\u00e9glise La Merced compte parmi les plus belles avec sa facade churrigueresque et son joli petit parc frontal.<\/div>\n<div>&nbsp;<\/div>\n<h3>Pr\u00e9parez votre voyage \u00e0 Antigua:<\/h3>\n<div><a href=\"https:\/\/www.abc-latina.com\/guatemala\/agence_de_voyages\">Agences de voyage g\u00e9n\u00e9ralistes et discounteurs<\/a><\/div>\n<div><a href=\"https:\/\/www.abc-latina.com\/guatemala\/tour_operateur\">Tours Op\u00e9rateurs sp\u00e9cialistes du Guatemala<\/a><\/div>\n<div><a href=\"https:\/\/www.abc-latina.com\/to\/reservation_billet_avion\" target=\"_blank\">R\u00e9servez votre billet d&rsquo;avion<\/a><\/div>\n<div><a href=\"https:\/\/www.abc-latina.com\/guatemala\/hotels\">R\u00e9servez votre h\u00f4tel \u00e0 Antigua<\/a>&nbsp;<\/div>\n<div><a href=\"https:\/\/www.abc-latina.com\/to\/location_de_voiture_guatemala\" target=\"_blank\">Location de voiture<\/a><\/div>\n<p>&nbsp;<\/p>\n<\/div>\n","protected":false},"excerpt":{"rendered":"<p>&nbsp; Il y a un peu plus de 200 ans encore, l&rsquo;ancienne capitale guat\u00e9malt\u00e8que pouvait se mesurer avec la ville [&hellip;]<\/p>\n","protected":false},"author":3,"featured_media":297,"parent":2305,"menu_order":0,"comment_status":"closed","ping_status":"closed","template":"","meta":{"site-sidebar-layout":"default","site-content-layout":"","ast-site-content-layout":"default","site-content-style":"default","site-sidebar-style":"default","ast-global-header-display":"","ast-banner-title-visibility":"","ast-main-header-display":"","ast-hfb-above-header-display":"","ast-hfb-below-header-display":"","ast-hfb-mobile-header-display":"","site-post-title":"","ast-breadcrumbs-content":"","ast-featured-img":"","footer-sml-layout":"","ast-disable-related-posts":"","theme-transparent-header-meta":"","adv-header-id-meta":"","stick-header-meta":"","header-above-stick-meta":"","header-main-stick-meta":"","header-below-stick-meta":"","astra-migrate-meta-layouts":"default","ast-page-background-enabled":"default","ast-page-background-meta":{"desktop":{"background-color":"var(--ast-global-color-5)","background-image":"","background-repeat":"repeat","background-position":"center center","background-size":"auto","background-attachment":"scroll","background-type":"","background-media":"","overlay-type":"","overlay-color":"","overlay-opacity":"","overlay-gradient":""},"tablet":{"background-color":"","background-image":"","background-repeat":"repeat","background-position":"center center","background-size":"auto","background-attachment":"scroll","background-type":"","background-media":"","overlay-type":"","overlay-color":"","overlay-opacity":"","overlay-gradient":""},"mobile":{"background-color":"","background-image":"","background-repeat":"repeat","background-position":"center center","background-size":"auto","background-attachment":"scroll","background-type":"","background-media":"","overlay-type":"","overlay-color":"","overlay-opacity":"","overlay-gradient":""}},"ast-content-background-meta":{"desktop":{"background-color":"var(--ast-global-color-4)","background-image":"","background-repeat":"repeat","background-position":"center center","background-size":"auto","background-attachment":"scroll","background-type":"","background-media":"","overlay-type":"","overlay-color":"","overlay-opacity":"","overlay-gradient":""},"tablet":{"background-color":"var(--ast-global-color-4)","background-image":"","background-repeat":"repeat","background-position":"center center","background-size":"auto","background-attachment":"scroll","background-type":"","background-media":"","overlay-type":"","overlay-color":"","overlay-opacity":"","overlay-gradient":""},"mobile":{"background-color":"var(--ast-global-color-4)","background-image":"","background-repeat":"repeat","background-position":"center center","background-size":"auto","background-attachment":"scroll","background-type":"","background-media":"","overlay-type":"","overlay-color":"","overlay-opacity":"","overlay-gradient":""}},"footnotes":""},"class_list":["post-298","page","type-page","status-publish","has-post-thumbnail","hentry"],"yoast_head":"<!-- This site is optimized with the Yoast SEO plugin v27.5 - https:\/\/yoast.com\/product\/yoast-seo-wordpress\/ -->\n<title>ANTIGUA - Abc-latina<\/title>\n<meta name=\"description\" content=\"Ancienne capitale guat\u00e9malt\u00e8que, Antigua se veut aujourd&#039;hui une ville agr\u00e9able et pittoresque avec ses rues pav\u00e9es, ses toits de tuiles et ses monuments coloniaux.\" \/>\n<meta name=\"robots\" content=\"index, follow, max-snippet:-1, max-image-preview:large, max-video-preview:-1\" \/>\n<link rel=\"canonical\" href=\"https:\/\/abc-latina.com\/guatemala\/antigua\/\" \/>\n<meta property=\"og:locale\" content=\"fr_FR\" \/>\n<meta property=\"og:type\" content=\"article\" \/>\n<meta property=\"og:title\" content=\"ANTIGUA - Abc-latina\" \/>\n<meta property=\"og:description\" content=\"Ancienne capitale guat\u00e9malt\u00e8que, Antigua se veut aujourd&#039;hui une ville agr\u00e9able et pittoresque avec ses rues pav\u00e9es, ses toits de tuiles et ses monuments coloniaux.\" \/>\n<meta property=\"og:url\" content=\"https:\/\/abc-latina.com\/guatemala\/antigua\/\" \/>\n<meta property=\"og:site_name\" content=\"Abc-latina\" \/>\n<meta property=\"article:modified_time\" content=\"2018-06-12T10:28:59+00:00\" \/>\n<meta property=\"og:image\" content=\"https:\/\/abc-latina.com\/wp-content\/uploads\/2010\/06\/antigua_carrefour.jpg\" \/>\n\t<meta property=\"og:image:width\" content=\"628\" \/>\n\t<meta property=\"og:image:height\" content=\"420\" \/>\n\t<meta property=\"og:image:type\" content=\"image\/jpeg\" \/>\n<meta name=\"twitter:card\" content=\"summary_large_image\" \/>\n<meta name=\"twitter:label1\" content=\"Dur\u00e9e de lecture estim\u00e9e\" \/>\n\t<meta name=\"twitter:data1\" content=\"2 minutes\" \/>\n<script type=\"application\/ld+json\" class=\"yoast-schema-graph\">{\"@context\":\"https:\\\/\\\/schema.org\",\"@graph\":[{\"@type\":\"WebPage\",\"@id\":\"https:\\\/\\\/abc-latina.com\\\/guatemala\\\/antigua\\\/\",\"url\":\"https:\\\/\\\/abc-latina.com\\\/guatemala\\\/antigua\\\/\",\"name\":\"ANTIGUA - Abc-latina\",\"isPartOf\":{\"@id\":\"https:\\\/\\\/abc-latina.com\\\/#website\"},\"primaryImageOfPage\":{\"@id\":\"https:\\\/\\\/abc-latina.com\\\/guatemala\\\/antigua\\\/#primaryimage\"},\"image\":{\"@id\":\"https:\\\/\\\/abc-latina.com\\\/guatemala\\\/antigua\\\/#primaryimage\"},\"thumbnailUrl\":\"https:\\\/\\\/abc-latina.com\\\/wp-content\\\/uploads\\\/2010\\\/06\\\/antigua_carrefour.jpg\",\"datePublished\":\"2010-06-04T16:03:22+00:00\",\"dateModified\":\"2018-06-12T10:28:59+00:00\",\"description\":\"Ancienne capitale guat\u00e9malt\u00e8que, Antigua se veut aujourd'hui une ville agr\u00e9able et pittoresque avec ses rues pav\u00e9es, ses toits de tuiles et ses monuments coloniaux.\",\"breadcrumb\":{\"@id\":\"https:\\\/\\\/abc-latina.com\\\/guatemala\\\/antigua\\\/#breadcrumb\"},\"inLanguage\":\"fr-FR\",\"potentialAction\":[{\"@type\":\"ReadAction\",\"target\":[\"https:\\\/\\\/abc-latina.com\\\/guatemala\\\/antigua\\\/\"]}]},{\"@type\":\"ImageObject\",\"inLanguage\":\"fr-FR\",\"@id\":\"https:\\\/\\\/abc-latina.com\\\/guatemala\\\/antigua\\\/#primaryimage\",\"url\":\"https:\\\/\\\/abc-latina.com\\\/wp-content\\\/uploads\\\/2010\\\/06\\\/antigua_carrefour.jpg\",\"contentUrl\":\"https:\\\/\\\/abc-latina.com\\\/wp-content\\\/uploads\\\/2010\\\/06\\\/antigua_carrefour.jpg\",\"width\":628,\"height\":420,\"caption\":\"VOYAGE \u00e0 ANTIGUA\"},{\"@type\":\"BreadcrumbList\",\"@id\":\"https:\\\/\\\/abc-latina.com\\\/guatemala\\\/antigua\\\/#breadcrumb\",\"itemListElement\":[{\"@type\":\"ListItem\",\"position\":1,\"name\":\"Accueil\",\"item\":\"https:\\\/\\\/abc-latina.com\\\/\"},{\"@type\":\"ListItem\",\"position\":2,\"name\":\"ANTIGUA\"}]},{\"@type\":\"WebSite\",\"@id\":\"https:\\\/\\\/abc-latina.com\\\/#website\",\"url\":\"https:\\\/\\\/abc-latina.com\\\/\",\"name\":\"Abc-latina\",\"description\":\"\",\"publisher\":{\"@id\":\"https:\\\/\\\/abc-latina.com\\\/#organization\"},\"potentialAction\":[{\"@type\":\"SearchAction\",\"target\":{\"@type\":\"EntryPoint\",\"urlTemplate\":\"https:\\\/\\\/abc-latina.com\\\/?s={search_term_string}\"},\"query-input\":{\"@type\":\"PropertyValueSpecification\",\"valueRequired\":true,\"valueName\":\"search_term_string\"}}],\"inLanguage\":\"fr-FR\"},{\"@type\":\"Organization\",\"@id\":\"https:\\\/\\\/abc-latina.com\\\/#organization\",\"name\":\"Abc-latina\",\"url\":\"https:\\\/\\\/abc-latina.com\\\/\",\"logo\":{\"@type\":\"ImageObject\",\"inLanguage\":\"fr-FR\",\"@id\":\"https:\\\/\\\/abc-latina.com\\\/#\\\/schema\\\/logo\\\/image\\\/\",\"url\":\"https:\\\/\\\/abc-latina.com\\\/wp-content\\\/uploads\\\/2026\\\/05\\\/cropped-logo.gif\",\"contentUrl\":\"https:\\\/\\\/abc-latina.com\\\/wp-content\\\/uploads\\\/2026\\\/05\\\/cropped-logo.gif\",\"width\":89,\"height\":84,\"caption\":\"Abc-latina\"},\"image\":{\"@id\":\"https:\\\/\\\/abc-latina.com\\\/#\\\/schema\\\/logo\\\/image\\\/\"}}]}<\/script>\n<!-- \/ Yoast SEO plugin. -->","yoast_head_json":{"title":"ANTIGUA - Abc-latina","description":"Ancienne capitale guat\u00e9malt\u00e8que, Antigua se veut aujourd'hui une ville agr\u00e9able et pittoresque avec ses rues pav\u00e9es, ses toits de tuiles et ses monuments coloniaux.","robots":{"index":"index","follow":"follow","max-snippet":"max-snippet:-1","max-image-preview":"max-image-preview:large","max-video-preview":"max-video-preview:-1"},"canonical":"https:\/\/abc-latina.com\/guatemala\/antigua\/","og_locale":"fr_FR","og_type":"article","og_title":"ANTIGUA - Abc-latina","og_description":"Ancienne capitale guat\u00e9malt\u00e8que, Antigua se veut aujourd'hui une ville agr\u00e9able et pittoresque avec ses rues pav\u00e9es, ses toits de tuiles et ses monuments coloniaux.","og_url":"https:\/\/abc-latina.com\/guatemala\/antigua\/","og_site_name":"Abc-latina","article_modified_time":"2018-06-12T10:28:59+00:00","og_image":[{"width":628,"height":420,"url":"https:\/\/abc-latina.com\/wp-content\/uploads\/2010\/06\/antigua_carrefour.jpg","type":"image\/jpeg"}],"twitter_card":"summary_large_image","twitter_misc":{"Dur\u00e9e de lecture estim\u00e9e":"2 minutes"},"schema":{"@context":"https:\/\/schema.org","@graph":[{"@type":"WebPage","@id":"https:\/\/abc-latina.com\/guatemala\/antigua\/","url":"https:\/\/abc-latina.com\/guatemala\/antigua\/","name":"ANTIGUA - Abc-latina","isPartOf":{"@id":"https:\/\/abc-latina.com\/#website"},"primaryImageOfPage":{"@id":"https:\/\/abc-latina.com\/guatemala\/antigua\/#primaryimage"},"image":{"@id":"https:\/\/abc-latina.com\/guatemala\/antigua\/#primaryimage"},"thumbnailUrl":"https:\/\/abc-latina.com\/wp-content\/uploads\/2010\/06\/antigua_carrefour.jpg","datePublished":"2010-06-04T16:03:22+00:00","dateModified":"2018-06-12T10:28:59+00:00","description":"Ancienne capitale guat\u00e9malt\u00e8que, Antigua se veut aujourd'hui une ville agr\u00e9able et pittoresque avec ses rues pav\u00e9es, ses toits de tuiles et ses monuments coloniaux.","breadcrumb":{"@id":"https:\/\/abc-latina.com\/guatemala\/antigua\/#breadcrumb"},"inLanguage":"fr-FR","potentialAction":[{"@type":"ReadAction","target":["https:\/\/abc-latina.com\/guatemala\/antigua\/"]}]},{"@type":"ImageObject","inLanguage":"fr-FR","@id":"https:\/\/abc-latina.com\/guatemala\/antigua\/#primaryimage","url":"https:\/\/abc-latina.com\/wp-content\/uploads\/2010\/06\/antigua_carrefour.jpg","contentUrl":"https:\/\/abc-latina.com\/wp-content\/uploads\/2010\/06\/antigua_carrefour.jpg","width":628,"height":420,"caption":"VOYAGE \u00e0 ANTIGUA"},{"@type":"BreadcrumbList","@id":"https:\/\/abc-latina.com\/guatemala\/antigua\/#breadcrumb","itemListElement":[{"@type":"ListItem","position":1,"name":"Accueil","item":"https:\/\/abc-latina.com\/"},{"@type":"ListItem","position":2,"name":"ANTIGUA"}]},{"@type":"WebSite","@id":"https:\/\/abc-latina.com\/#website","url":"https:\/\/abc-latina.com\/","name":"Abc-latina","description":"","publisher":{"@id":"https:\/\/abc-latina.com\/#organization"},"potentialAction":[{"@type":"SearchAction","target":{"@type":"EntryPoint","urlTemplate":"https:\/\/abc-latina.com\/?s={search_term_string}"},"query-input":{"@type":"PropertyValueSpecification","valueRequired":true,"valueName":"search_term_string"}}],"inLanguage":"fr-FR"},{"@type":"Organization","@id":"https:\/\/abc-latina.com\/#organization","name":"Abc-latina","url":"https:\/\/abc-latina.com\/","logo":{"@type":"ImageObject","inLanguage":"fr-FR","@id":"https:\/\/abc-latina.com\/#\/schema\/logo\/image\/","url":"https:\/\/abc-latina.com\/wp-content\/uploads\/2026\/05\/cropped-logo.gif","contentUrl":"https:\/\/abc-latina.com\/wp-content\/uploads\/2026\/05\/cropped-logo.gif","width":89,"height":84,"caption":"Abc-latina"},"image":{"@id":"https:\/\/abc-latina.com\/#\/schema\/logo\/image\/"}}]}},"_links":{"self":[{"href":"https:\/\/abc-latina.com\/wp-json\/wp\/v2\/pages\/298","targetHints":{"allow":["GET"]}}],"collection":[{"href":"https:\/\/abc-latina.com\/wp-json\/wp\/v2\/pages"}],"about":[{"href":"https:\/\/abc-latina.com\/wp-json\/wp\/v2\/types\/page"}],"author":[{"embeddable":true,"href":"https:\/\/abc-latina.com\/wp-json\/wp\/v2\/users\/3"}],"replies":[{"embeddable":true,"href":"https:\/\/abc-latina.com\/wp-json\/wp\/v2\/comments?post=298"}],"version-history":[{"count":0,"href":"https:\/\/abc-latina.com\/wp-json\/wp\/v2\/pages\/298\/revisions"}],"up":[{"embeddable":true,"href":"https:\/\/abc-latina.com\/wp-json\/wp\/v2\/pages\/2305"}],"wp:featuredmedia":[{"embeddable":true,"href":"https:\/\/abc-latina.com\/wp-json\/wp\/v2\/media\/297"}],"wp:attachment":[{"href":"https:\/\/abc-latina.com\/wp-json\/wp\/v2\/media?parent=298"}],"curies":[{"name":"wp","href":"https:\/\/api.w.org\/{rel}","templated":true}]}}