{"id":300,"date":"2010-06-04T18:05:47","date_gmt":"2010-06-04T16:05:47","guid":{"rendered":"http:\/\/abc-latina.com\/atitlan-htm\/"},"modified":"2018-06-12T12:28:14","modified_gmt":"2018-06-12T10:28:14","slug":"atitlan","status":"publish","type":"page","link":"https:\/\/abc-latina.com\/guatemala\/atitlan\/","title":{"rendered":"ATITLAN"},"content":{"rendered":"<div><img loading=\"lazy\" decoding=\"async\" class=\" size-full wp-image-299\" src=\"http:\/\/abc-latina.com\/wp-content\/uploads\/2010\/06\/lac_atitlan_2.jpg\" title=\"VOYAGE au LAC ATITLAN\" alt=\"VOYAGE au LAC ATITLAN\" width=\"480\" height=\"321\" srcset=\"https:\/\/abc-latina.com\/wp-content\/uploads\/2010\/06\/lac_atitlan_2.jpg 628w, https:\/\/abc-latina.com\/wp-content\/uploads\/2010\/06\/lac_atitlan_2-300x201.jpg 300w\" sizes=\"auto, (max-width: 480px) 100vw, 480px\" \/><\/div>\n<div>&nbsp;<\/div>\n<div>Le <span class=\"tourisme-chapitre\">lac Atitlan<\/span>, des plus beaux lacs du monde, est situ\u00e9 \u00e0 1500 m\u00e8tres d&rsquo;altitude au creux d&rsquo;une d\u00e9pression, o\u00f9 dans ses eaux gris-bleu se refl\u00e8tent deux immenses c\u00f4nes volcaniques (l&rsquo;Atitlan et le Toliman).<\/div>\n<div>Tout autour du lac, se trouvent nombre de villages \u00e0 forte majorit\u00e9 maya qu&rsquo;ont atteint qu&rsquo;en bateau. Ces villages portent tous des noms d&rsquo;ap\u00f4tres. Le plus grand et le plus pittoresque et celui de <a href=\"santiago_atitlan\">Santiago de Atitlan<\/a>, en face de <a href=\"panajachel\">Panajachel<\/a>.<\/div>\n<div>Le dimanche, le march\u00e9 en plein air et les indiens en habit du dimanche offrent des motifs d&rsquo;une gr\u00e2ce toute exotique avec des coloris une grande richesse.<\/div>\n<div>&nbsp;<\/div>\n<div>Autrefois un endroit assez paisible, Panajachel s&rsquo;est transform\u00e9e, au cours des derni\u00e8res ann\u00e9es, en une ville touristique et commerciale qui a tout de m\u00eame su garder une certaine partie de son charme ant\u00e9rieur, surtout dans les zones p\u00e9riph\u00e9riques, o\u00f9 les habitants suivent un mode de vie semblable \u00e0 celui de leurs anc\u00eatres.&nbsp;<\/div>\n<div>L&rsquo;ampleur qu&rsquo;a prise le tourisme a sans doute rendu l&rsquo;ambiance moins captivante que par le pass\u00e9 aux yeux des visiteurs, mais Panajachel demeure un endroit des plus agr\u00e9ables.<\/div>\n<div>&nbsp;<\/div>\n<div><a href=\"..\/tour_operateur\" target=\"_blank\"><img loading=\"lazy\" decoding=\"async\" class=\" size-full wp-image-41\" alt=\"\" class=\"touroperateur\" src=\"http:\/\/abc-latina.com\/wp-content\/uploads\/2010\/04\/timbre_to.gif\" width=\"125\" height=\"90\" \/><\/a><\/div>\n<h3>Pr\u00e9parez votre voyage \u00e0 Atitlan:<\/h3>\n<div><a href=\"https:\/\/www.abc-latina.com\/guatemala\/agence_de_voyages\">Agences de voyage g\u00e9n\u00e9ralistes et discounteurs<\/a><\/div>\n<div><a href=\"https:\/\/www.abc-latina.com\/guatemala\/tour_operateur\">Tours Op\u00e9rateurs sp\u00e9cialistes du Guatemala<\/a><\/div>\n<div><a href=\"https:\/\/www.abc-latina.com\/to\/reservation_billet_avion\" target=\"_blank\">R\u00e9servez votre billet d&rsquo;avion<\/a><\/div>\n<div><a href=\"https:\/\/www.abc-latina.com\/guatemala\/hotels\">R\u00e9servez votre h\u00f4tel \u00e0 Atitlan<\/a>&nbsp;<\/div>\n<div><a href=\"https:\/\/www.abc-latina.com\/to\/location_de_voiture_guatemala\" target=\"_blank\">Location de voiture<\/a><\/div>\n","protected":false},"excerpt":{"rendered":"<p>&nbsp; Le lac Atitlan, des plus beaux lacs du monde, est situ\u00e9 \u00e0 1500 m\u00e8tres d&rsquo;altitude au creux d&rsquo;une d\u00e9pression, [&hellip;]<\/p>\n","protected":false},"author":3,"featured_media":299,"parent":2305,"menu_order":0,"comment_status":"closed","ping_status":"closed","template":"","meta":{"site-sidebar-layout":"default","site-content-layout":"","ast-site-content-layout":"default","site-content-style":"default","site-sidebar-style":"default","ast-global-header-display":"","ast-banner-title-visibility":"","ast-main-header-display":"","ast-hfb-above-header-display":"","ast-hfb-below-header-display":"","ast-hfb-mobile-header-display":"","site-post-title":"","ast-breadcrumbs-content":"","ast-featured-img":"","footer-sml-layout":"","ast-disable-related-posts":"","theme-transparent-header-meta":"","adv-header-id-meta":"","stick-header-meta":"","header-above-stick-meta":"","header-main-stick-meta":"","header-below-stick-meta":"","astra-migrate-meta-layouts":"default","ast-page-background-enabled":"default","ast-page-background-meta":{"desktop":{"background-color":"var(--ast-global-color-5)","background-image":"","background-repeat":"repeat","background-position":"center center","background-size":"auto","background-attachment":"scroll","background-type":"","background-media":"","overlay-type":"","overlay-color":"","overlay-opacity":"","overlay-gradient":""},"tablet":{"background-color":"","background-image":"","background-repeat":"repeat","background-position":"center center","background-size":"auto","background-attachment":"scroll","background-type":"","background-media":"","overlay-type":"","overlay-color":"","overlay-opacity":"","overlay-gradient":""},"mobile":{"background-color":"","background-image":"","background-repeat":"repeat","background-position":"center center","background-size":"auto","background-attachment":"scroll","background-type":"","background-media":"","overlay-type":"","overlay-color":"","overlay-opacity":"","overlay-gradient":""}},"ast-content-background-meta":{"desktop":{"background-color":"var(--ast-global-color-4)","background-image":"","background-repeat":"repeat","background-position":"center center","background-size":"auto","background-attachment":"scroll","background-type":"","background-media":"","overlay-type":"","overlay-color":"","overlay-opacity":"","overlay-gradient":""},"tablet":{"background-color":"var(--ast-global-color-4)","background-image":"","background-repeat":"repeat","background-position":"center center","background-size":"auto","background-attachment":"scroll","background-type":"","background-media":"","overlay-type":"","overlay-color":"","overlay-opacity":"","overlay-gradient":""},"mobile":{"background-color":"var(--ast-global-color-4)","background-image":"","background-repeat":"repeat","background-position":"center center","background-size":"auto","background-attachment":"scroll","background-type":"","background-media":"","overlay-type":"","overlay-color":"","overlay-opacity":"","overlay-gradient":""}},"footnotes":""},"class_list":["post-300","page","type-page","status-publish","has-post-thumbnail","hentry"],"yoast_head":"<!-- This site is optimized with the Yoast SEO plugin v27.5 - https:\/\/yoast.com\/product\/yoast-seo-wordpress\/ -->\n<title>ATITLAN - Abc-latina<\/title>\n<meta name=\"description\" content=\"Tourisme et voyage au Guatemala: d\u00e9couverte d&#039;Atitlan.\" \/>\n<meta name=\"robots\" content=\"index, follow, max-snippet:-1, max-image-preview:large, max-video-preview:-1\" \/>\n<link rel=\"canonical\" href=\"https:\/\/abc-latina.com\/guatemala\/atitlan\/\" \/>\n<meta property=\"og:locale\" content=\"fr_FR\" \/>\n<meta property=\"og:type\" content=\"article\" \/>\n<meta property=\"og:title\" content=\"ATITLAN - Abc-latina\" \/>\n<meta property=\"og:description\" content=\"Tourisme et voyage au Guatemala: d\u00e9couverte d&#039;Atitlan.\" \/>\n<meta property=\"og:url\" content=\"https:\/\/abc-latina.com\/guatemala\/atitlan\/\" \/>\n<meta property=\"og:site_name\" content=\"Abc-latina\" \/>\n<meta property=\"article:modified_time\" content=\"2018-06-12T10:28:14+00:00\" \/>\n<meta property=\"og:image\" content=\"https:\/\/abc-latina.com\/wp-content\/uploads\/2010\/06\/lac_atitlan_2.jpg\" \/>\n\t<meta property=\"og:image:width\" content=\"628\" \/>\n\t<meta property=\"og:image:height\" content=\"420\" \/>\n\t<meta property=\"og:image:type\" content=\"image\/jpeg\" \/>\n<meta name=\"twitter:card\" content=\"summary_large_image\" \/>\n<meta name=\"twitter:label1\" content=\"Dur\u00e9e de lecture estim\u00e9e\" \/>\n\t<meta name=\"twitter:data1\" content=\"1 minute\" \/>\n<script type=\"application\/ld+json\" class=\"yoast-schema-graph\">{\"@context\":\"https:\\\/\\\/schema.org\",\"@graph\":[{\"@type\":\"WebPage\",\"@id\":\"https:\\\/\\\/abc-latina.com\\\/guatemala\\\/atitlan\\\/\",\"url\":\"https:\\\/\\\/abc-latina.com\\\/guatemala\\\/atitlan\\\/\",\"name\":\"ATITLAN - Abc-latina\",\"isPartOf\":{\"@id\":\"https:\\\/\\\/abc-latina.com\\\/#website\"},\"primaryImageOfPage\":{\"@id\":\"https:\\\/\\\/abc-latina.com\\\/guatemala\\\/atitlan\\\/#primaryimage\"},\"image\":{\"@id\":\"https:\\\/\\\/abc-latina.com\\\/guatemala\\\/atitlan\\\/#primaryimage\"},\"thumbnailUrl\":\"https:\\\/\\\/abc-latina.com\\\/wp-content\\\/uploads\\\/2010\\\/06\\\/lac_atitlan_2.jpg\",\"datePublished\":\"2010-06-04T16:05:47+00:00\",\"dateModified\":\"2018-06-12T10:28:14+00:00\",\"description\":\"Tourisme et voyage au Guatemala: d\u00e9couverte d'Atitlan.\",\"breadcrumb\":{\"@id\":\"https:\\\/\\\/abc-latina.com\\\/guatemala\\\/atitlan\\\/#breadcrumb\"},\"inLanguage\":\"fr-FR\",\"potentialAction\":[{\"@type\":\"ReadAction\",\"target\":[\"https:\\\/\\\/abc-latina.com\\\/guatemala\\\/atitlan\\\/\"]}]},{\"@type\":\"ImageObject\",\"inLanguage\":\"fr-FR\",\"@id\":\"https:\\\/\\\/abc-latina.com\\\/guatemala\\\/atitlan\\\/#primaryimage\",\"url\":\"https:\\\/\\\/abc-latina.com\\\/wp-content\\\/uploads\\\/2010\\\/06\\\/lac_atitlan_2.jpg\",\"contentUrl\":\"https:\\\/\\\/abc-latina.com\\\/wp-content\\\/uploads\\\/2010\\\/06\\\/lac_atitlan_2.jpg\",\"width\":628,\"height\":420,\"caption\":\"VOYAGE au LAC ATITLAN\"},{\"@type\":\"BreadcrumbList\",\"@id\":\"https:\\\/\\\/abc-latina.com\\\/guatemala\\\/atitlan\\\/#breadcrumb\",\"itemListElement\":[{\"@type\":\"ListItem\",\"position\":1,\"name\":\"Accueil\",\"item\":\"https:\\\/\\\/abc-latina.com\\\/\"},{\"@type\":\"ListItem\",\"position\":2,\"name\":\"ATITLAN\"}]},{\"@type\":\"WebSite\",\"@id\":\"https:\\\/\\\/abc-latina.com\\\/#website\",\"url\":\"https:\\\/\\\/abc-latina.com\\\/\",\"name\":\"Abc-latina\",\"description\":\"\",\"publisher\":{\"@id\":\"https:\\\/\\\/abc-latina.com\\\/#organization\"},\"potentialAction\":[{\"@type\":\"SearchAction\",\"target\":{\"@type\":\"EntryPoint\",\"urlTemplate\":\"https:\\\/\\\/abc-latina.com\\\/?s={search_term_string}\"},\"query-input\":{\"@type\":\"PropertyValueSpecification\",\"valueRequired\":true,\"valueName\":\"search_term_string\"}}],\"inLanguage\":\"fr-FR\"},{\"@type\":\"Organization\",\"@id\":\"https:\\\/\\\/abc-latina.com\\\/#organization\",\"name\":\"Abc-latina\",\"url\":\"https:\\\/\\\/abc-latina.com\\\/\",\"logo\":{\"@type\":\"ImageObject\",\"inLanguage\":\"fr-FR\",\"@id\":\"https:\\\/\\\/abc-latina.com\\\/#\\\/schema\\\/logo\\\/image\\\/\",\"url\":\"https:\\\/\\\/abc-latina.com\\\/wp-content\\\/uploads\\\/2026\\\/05\\\/cropped-logo.gif\",\"contentUrl\":\"https:\\\/\\\/abc-latina.com\\\/wp-content\\\/uploads\\\/2026\\\/05\\\/cropped-logo.gif\",\"width\":89,\"height\":84,\"caption\":\"Abc-latina\"},\"image\":{\"@id\":\"https:\\\/\\\/abc-latina.com\\\/#\\\/schema\\\/logo\\\/image\\\/\"}}]}<\/script>\n<!-- \/ Yoast SEO plugin. -->","yoast_head_json":{"title":"ATITLAN - Abc-latina","description":"Tourisme et voyage au Guatemala: d\u00e9couverte d'Atitlan.","robots":{"index":"index","follow":"follow","max-snippet":"max-snippet:-1","max-image-preview":"max-image-preview:large","max-video-preview":"max-video-preview:-1"},"canonical":"https:\/\/abc-latina.com\/guatemala\/atitlan\/","og_locale":"fr_FR","og_type":"article","og_title":"ATITLAN - Abc-latina","og_description":"Tourisme et voyage au Guatemala: d\u00e9couverte d'Atitlan.","og_url":"https:\/\/abc-latina.com\/guatemala\/atitlan\/","og_site_name":"Abc-latina","article_modified_time":"2018-06-12T10:28:14+00:00","og_image":[{"width":628,"height":420,"url":"https:\/\/abc-latina.com\/wp-content\/uploads\/2010\/06\/lac_atitlan_2.jpg","type":"image\/jpeg"}],"twitter_card":"summary_large_image","twitter_misc":{"Dur\u00e9e de lecture estim\u00e9e":"1 minute"},"schema":{"@context":"https:\/\/schema.org","@graph":[{"@type":"WebPage","@id":"https:\/\/abc-latina.com\/guatemala\/atitlan\/","url":"https:\/\/abc-latina.com\/guatemala\/atitlan\/","name":"ATITLAN - Abc-latina","isPartOf":{"@id":"https:\/\/abc-latina.com\/#website"},"primaryImageOfPage":{"@id":"https:\/\/abc-latina.com\/guatemala\/atitlan\/#primaryimage"},"image":{"@id":"https:\/\/abc-latina.com\/guatemala\/atitlan\/#primaryimage"},"thumbnailUrl":"https:\/\/abc-latina.com\/wp-content\/uploads\/2010\/06\/lac_atitlan_2.jpg","datePublished":"2010-06-04T16:05:47+00:00","dateModified":"2018-06-12T10:28:14+00:00","description":"Tourisme et voyage au Guatemala: d\u00e9couverte d'Atitlan.","breadcrumb":{"@id":"https:\/\/abc-latina.com\/guatemala\/atitlan\/#breadcrumb"},"inLanguage":"fr-FR","potentialAction":[{"@type":"ReadAction","target":["https:\/\/abc-latina.com\/guatemala\/atitlan\/"]}]},{"@type":"ImageObject","inLanguage":"fr-FR","@id":"https:\/\/abc-latina.com\/guatemala\/atitlan\/#primaryimage","url":"https:\/\/abc-latina.com\/wp-content\/uploads\/2010\/06\/lac_atitlan_2.jpg","contentUrl":"https:\/\/abc-latina.com\/wp-content\/uploads\/2010\/06\/lac_atitlan_2.jpg","width":628,"height":420,"caption":"VOYAGE au LAC ATITLAN"},{"@type":"BreadcrumbList","@id":"https:\/\/abc-latina.com\/guatemala\/atitlan\/#breadcrumb","itemListElement":[{"@type":"ListItem","position":1,"name":"Accueil","item":"https:\/\/abc-latina.com\/"},{"@type":"ListItem","position":2,"name":"ATITLAN"}]},{"@type":"WebSite","@id":"https:\/\/abc-latina.com\/#website","url":"https:\/\/abc-latina.com\/","name":"Abc-latina","description":"","publisher":{"@id":"https:\/\/abc-latina.com\/#organization"},"potentialAction":[{"@type":"SearchAction","target":{"@type":"EntryPoint","urlTemplate":"https:\/\/abc-latina.com\/?s={search_term_string}"},"query-input":{"@type":"PropertyValueSpecification","valueRequired":true,"valueName":"search_term_string"}}],"inLanguage":"fr-FR"},{"@type":"Organization","@id":"https:\/\/abc-latina.com\/#organization","name":"Abc-latina","url":"https:\/\/abc-latina.com\/","logo":{"@type":"ImageObject","inLanguage":"fr-FR","@id":"https:\/\/abc-latina.com\/#\/schema\/logo\/image\/","url":"https:\/\/abc-latina.com\/wp-content\/uploads\/2026\/05\/cropped-logo.gif","contentUrl":"https:\/\/abc-latina.com\/wp-content\/uploads\/2026\/05\/cropped-logo.gif","width":89,"height":84,"caption":"Abc-latina"},"image":{"@id":"https:\/\/abc-latina.com\/#\/schema\/logo\/image\/"}}]}},"_links":{"self":[{"href":"https:\/\/abc-latina.com\/wp-json\/wp\/v2\/pages\/300","targetHints":{"allow":["GET"]}}],"collection":[{"href":"https:\/\/abc-latina.com\/wp-json\/wp\/v2\/pages"}],"about":[{"href":"https:\/\/abc-latina.com\/wp-json\/wp\/v2\/types\/page"}],"author":[{"embeddable":true,"href":"https:\/\/abc-latina.com\/wp-json\/wp\/v2\/users\/3"}],"replies":[{"embeddable":true,"href":"https:\/\/abc-latina.com\/wp-json\/wp\/v2\/comments?post=300"}],"version-history":[{"count":0,"href":"https:\/\/abc-latina.com\/wp-json\/wp\/v2\/pages\/300\/revisions"}],"up":[{"embeddable":true,"href":"https:\/\/abc-latina.com\/wp-json\/wp\/v2\/pages\/2305"}],"wp:featuredmedia":[{"embeddable":true,"href":"https:\/\/abc-latina.com\/wp-json\/wp\/v2\/media\/299"}],"wp:attachment":[{"href":"https:\/\/abc-latina.com\/wp-json\/wp\/v2\/media?parent=300"}],"curies":[{"name":"wp","href":"https:\/\/api.w.org\/{rel}","templated":true}]}}