{"id":303,"date":"2010-06-04T18:32:35","date_gmt":"2010-06-04T16:32:35","guid":{"rendered":"http:\/\/abc-latina.com\/ciudad_guatemala-htm\/"},"modified":"2018-06-12T12:30:15","modified_gmt":"2018-06-12T10:30:15","slug":"ciudad_guatemala","status":"publish","type":"page","link":"https:\/\/abc-latina.com\/guatemala\/ciudad_guatemala\/","title":{"rendered":"CIUDAD GUATEMALA"},"content":{"rendered":"<div>La capitale guatemalt\u00e8que est une ville de plus de deux millions d&rsquo;habitants affect\u00e9e par de nombreux maux urbains, embouteillages qui la paralysent r\u00e9guli\u00e8rement et provoquent des niveaux \u00e9lev\u00e9s de pollution, de criminalit\u00e9 et de d\u00e9t\u00e9rioration de la zone centrale. Malgr\u00e9 cet aspect inhospitalier, l&rsquo;agglom\u00e9ration compte quelques monuments int\u00e9ressants et aussi les principaux mus\u00e9es du pays.<\/div>\n<div>&nbsp;Le parc central (qu&rsquo;il est conseill\u00e9 d&rsquo;\u00e9viter le soir) est bord\u00e9 par la cath\u00e9drale m\u00e9tropolitaine, construite entre 1782 et 1815, et par le palais national, b\u00e2ti entre 1939 et 1943, avec sa fa\u00e7ade verd\u00e2tre, ses beaux jardins int\u00e9rieurs et ses peintures murales dans les escaliers.&nbsp;<\/div>\n<div>Derri\u00e8re la cath\u00e9drale se trouve le Mercado central, qui, \u00e0 son \u00e9tage sup\u00e9rieur, offre une excellente s\u00e9lection d&rsquo;artisanat. La 6&prime; Avenida est la principale art\u00e8re commercante du centre-ville, mais elle a connu de meilleurs jours.&nbsp;<\/div>\n<div>&nbsp;<\/div>\n<div><a href=\"..\/tour_operateur\" target=\"_blank\"><img loading=\"lazy\" decoding=\"async\" class=\" size-full wp-image-41\" alt=\"\" class=\"touroperateur\" src=\"http:\/\/abc-latina.com\/wp-content\/uploads\/2010\/04\/timbre_to.gif\" width=\"125\" height=\"90\" \/><\/a>En banlieue, dans les Zones 9 et 10 (comme on appelle ici les arrondissements), en plus de nombreux h\u00f4tels, restaurants et boutiques, vous trouverez, au dernier \u00e9tage d&rsquo;un \u00e9difice \u00e0 bureau, le Museo Popoi Vuh, qui renferme une collection de sculptures et poteries de diff\u00e9rentes r\u00e9gions du pays, ainsi que des objets d&rsquo;art sacr\u00e9 et des costumes traditionnels.<\/div>\n<div>Au Museo lxchel sont pr\u00e9sent\u00e9es une superbe collection de tissus et de costumes traditionnels, ainsi que des vitrines sur le tissage.&nbsp;<\/div>\n<div>&nbsp;<\/div>\n<h3>Pr\u00e9parez votre voyage \u00e0 Ciudad Guatemala:<\/h3>\n<div><a href=\"https:\/\/www.abc-latina.com\/guatemala\/agence_de_voyages\">Agences de voyage g\u00e9n\u00e9ralistes et discounteurs<\/a><\/div>\n<div><a href=\"https:\/\/www.abc-latina.com\/guatemala\/tour_operateur\">Tours Op\u00e9rateurs sp\u00e9cialistes du Guatemala<\/a><\/div>\n<div><a href=\"https:\/\/www.abc-latina.com\/to\/reservation_billet_avion\" target=\"_blank\">R\u00e9servez votre billet d&rsquo;avion<\/a><\/div>\n<div><a href=\"https:\/\/www.abc-latina.com\/guatemala\/hotels\">R\u00e9servez votre h\u00f4tel \u00e0 Ciudad Guatemala<\/a>&nbsp;<\/div>\n<div><a href=\"https:\/\/www.abc-latina.com\/to\/location_de_voiture_guatemala\" target=\"_blank\">Location de voiture<\/a><\/div>\n","protected":false},"excerpt":{"rendered":"<p>La capitale guatemalt\u00e8que est une ville de plus de deux millions d&rsquo;habitants affect\u00e9e par de nombreux maux urbains, embouteillages qui [&hellip;]<\/p>\n","protected":false},"author":3,"featured_media":41,"parent":2305,"menu_order":0,"comment_status":"closed","ping_status":"closed","template":"","meta":{"site-sidebar-layout":"default","site-content-layout":"","ast-site-content-layout":"default","site-content-style":"default","site-sidebar-style":"default","ast-global-header-display":"","ast-banner-title-visibility":"","ast-main-header-display":"","ast-hfb-above-header-display":"","ast-hfb-below-header-display":"","ast-hfb-mobile-header-display":"","site-post-title":"","ast-breadcrumbs-content":"","ast-featured-img":"","footer-sml-layout":"","ast-disable-related-posts":"","theme-transparent-header-meta":"","adv-header-id-meta":"","stick-header-meta":"","header-above-stick-meta":"","header-main-stick-meta":"","header-below-stick-meta":"","astra-migrate-meta-layouts":"default","ast-page-background-enabled":"default","ast-page-background-meta":{"desktop":{"background-color":"var(--ast-global-color-5)","background-image":"","background-repeat":"repeat","background-position":"center center","background-size":"auto","background-attachment":"scroll","background-type":"","background-media":"","overlay-type":"","overlay-color":"","overlay-opacity":"","overlay-gradient":""},"tablet":{"background-color":"","background-image":"","background-repeat":"repeat","background-position":"center center","background-size":"auto","background-attachment":"scroll","background-type":"","background-media":"","overlay-type":"","overlay-color":"","overlay-opacity":"","overlay-gradient":""},"mobile":{"background-color":"","background-image":"","background-repeat":"repeat","background-position":"center center","background-size":"auto","background-attachment":"scroll","background-type":"","background-media":"","overlay-type":"","overlay-color":"","overlay-opacity":"","overlay-gradient":""}},"ast-content-background-meta":{"desktop":{"background-color":"var(--ast-global-color-4)","background-image":"","background-repeat":"repeat","background-position":"center center","background-size":"auto","background-attachment":"scroll","background-type":"","background-media":"","overlay-type":"","overlay-color":"","overlay-opacity":"","overlay-gradient":""},"tablet":{"background-color":"var(--ast-global-color-4)","background-image":"","background-repeat":"repeat","background-position":"center center","background-size":"auto","background-attachment":"scroll","background-type":"","background-media":"","overlay-type":"","overlay-color":"","overlay-opacity":"","overlay-gradient":""},"mobile":{"background-color":"var(--ast-global-color-4)","background-image":"","background-repeat":"repeat","background-position":"center center","background-size":"auto","background-attachment":"scroll","background-type":"","background-media":"","overlay-type":"","overlay-color":"","overlay-opacity":"","overlay-gradient":""}},"footnotes":""},"class_list":["post-303","page","type-page","status-publish","has-post-thumbnail","hentry"],"yoast_head":"<!-- This site is optimized with the Yoast SEO plugin v27.5 - https:\/\/yoast.com\/product\/yoast-seo-wordpress\/ -->\n<title>CIUDAD GUATEMALA - Abc-latina<\/title>\n<meta name=\"description\" content=\"Tourisme et voyage \u00e0 Ciudad Guatemala, d\u00e9couverte de la capitale guatemalt\u00e8que: Ciudad Guatemala.\" \/>\n<meta name=\"robots\" content=\"index, follow, max-snippet:-1, max-image-preview:large, max-video-preview:-1\" \/>\n<link rel=\"canonical\" href=\"https:\/\/abc-latina.com\/guatemala\/ciudad_guatemala\/\" \/>\n<meta property=\"og:locale\" content=\"fr_FR\" \/>\n<meta property=\"og:type\" content=\"article\" \/>\n<meta property=\"og:title\" content=\"CIUDAD GUATEMALA - Abc-latina\" \/>\n<meta property=\"og:description\" content=\"Tourisme et voyage \u00e0 Ciudad Guatemala, d\u00e9couverte de la capitale guatemalt\u00e8que: Ciudad Guatemala.\" \/>\n<meta property=\"og:url\" content=\"https:\/\/abc-latina.com\/guatemala\/ciudad_guatemala\/\" \/>\n<meta property=\"og:site_name\" content=\"Abc-latina\" \/>\n<meta property=\"article:modified_time\" content=\"2018-06-12T10:30:15+00:00\" \/>\n<meta property=\"og:image\" content=\"https:\/\/abc-latina.com\/wp-content\/uploads\/2010\/04\/timbre_to.gif\" \/>\n\t<meta property=\"og:image:width\" content=\"125\" \/>\n\t<meta property=\"og:image:height\" content=\"90\" \/>\n\t<meta property=\"og:image:type\" content=\"image\/gif\" \/>\n<meta name=\"twitter:card\" content=\"summary_large_image\" \/>\n<meta name=\"twitter:label1\" content=\"Dur\u00e9e de lecture estim\u00e9e\" \/>\n\t<meta name=\"twitter:data1\" content=\"1 minute\" \/>\n<script type=\"application\/ld+json\" class=\"yoast-schema-graph\">{\"@context\":\"https:\\\/\\\/schema.org\",\"@graph\":[{\"@type\":\"WebPage\",\"@id\":\"https:\\\/\\\/abc-latina.com\\\/guatemala\\\/ciudad_guatemala\\\/\",\"url\":\"https:\\\/\\\/abc-latina.com\\\/guatemala\\\/ciudad_guatemala\\\/\",\"name\":\"CIUDAD GUATEMALA - Abc-latina\",\"isPartOf\":{\"@id\":\"https:\\\/\\\/abc-latina.com\\\/#website\"},\"primaryImageOfPage\":{\"@id\":\"https:\\\/\\\/abc-latina.com\\\/guatemala\\\/ciudad_guatemala\\\/#primaryimage\"},\"image\":{\"@id\":\"https:\\\/\\\/abc-latina.com\\\/guatemala\\\/ciudad_guatemala\\\/#primaryimage\"},\"thumbnailUrl\":\"https:\\\/\\\/abc-latina.com\\\/wp-content\\\/uploads\\\/2010\\\/04\\\/timbre_to.gif\",\"datePublished\":\"2010-06-04T16:32:35+00:00\",\"dateModified\":\"2018-06-12T10:30:15+00:00\",\"description\":\"Tourisme et voyage \u00e0 Ciudad Guatemala, d\u00e9couverte de la capitale guatemalt\u00e8que: Ciudad Guatemala.\",\"breadcrumb\":{\"@id\":\"https:\\\/\\\/abc-latina.com\\\/guatemala\\\/ciudad_guatemala\\\/#breadcrumb\"},\"inLanguage\":\"fr-FR\",\"potentialAction\":[{\"@type\":\"ReadAction\",\"target\":[\"https:\\\/\\\/abc-latina.com\\\/guatemala\\\/ciudad_guatemala\\\/\"]}]},{\"@type\":\"ImageObject\",\"inLanguage\":\"fr-FR\",\"@id\":\"https:\\\/\\\/abc-latina.com\\\/guatemala\\\/ciudad_guatemala\\\/#primaryimage\",\"url\":\"https:\\\/\\\/abc-latina.com\\\/wp-content\\\/uploads\\\/2010\\\/04\\\/timbre_to.gif\",\"contentUrl\":\"https:\\\/\\\/abc-latina.com\\\/wp-content\\\/uploads\\\/2010\\\/04\\\/timbre_to.gif\",\"width\":125,\"height\":90},{\"@type\":\"BreadcrumbList\",\"@id\":\"https:\\\/\\\/abc-latina.com\\\/guatemala\\\/ciudad_guatemala\\\/#breadcrumb\",\"itemListElement\":[{\"@type\":\"ListItem\",\"position\":1,\"name\":\"Accueil\",\"item\":\"https:\\\/\\\/abc-latina.com\\\/\"},{\"@type\":\"ListItem\",\"position\":2,\"name\":\"CIUDAD GUATEMALA\"}]},{\"@type\":\"WebSite\",\"@id\":\"https:\\\/\\\/abc-latina.com\\\/#website\",\"url\":\"https:\\\/\\\/abc-latina.com\\\/\",\"name\":\"Abc-latina\",\"description\":\"\",\"publisher\":{\"@id\":\"https:\\\/\\\/abc-latina.com\\\/#organization\"},\"potentialAction\":[{\"@type\":\"SearchAction\",\"target\":{\"@type\":\"EntryPoint\",\"urlTemplate\":\"https:\\\/\\\/abc-latina.com\\\/?s={search_term_string}\"},\"query-input\":{\"@type\":\"PropertyValueSpecification\",\"valueRequired\":true,\"valueName\":\"search_term_string\"}}],\"inLanguage\":\"fr-FR\"},{\"@type\":\"Organization\",\"@id\":\"https:\\\/\\\/abc-latina.com\\\/#organization\",\"name\":\"Abc-latina\",\"url\":\"https:\\\/\\\/abc-latina.com\\\/\",\"logo\":{\"@type\":\"ImageObject\",\"inLanguage\":\"fr-FR\",\"@id\":\"https:\\\/\\\/abc-latina.com\\\/#\\\/schema\\\/logo\\\/image\\\/\",\"url\":\"https:\\\/\\\/abc-latina.com\\\/wp-content\\\/uploads\\\/2026\\\/05\\\/cropped-logo.gif\",\"contentUrl\":\"https:\\\/\\\/abc-latina.com\\\/wp-content\\\/uploads\\\/2026\\\/05\\\/cropped-logo.gif\",\"width\":89,\"height\":84,\"caption\":\"Abc-latina\"},\"image\":{\"@id\":\"https:\\\/\\\/abc-latina.com\\\/#\\\/schema\\\/logo\\\/image\\\/\"}}]}<\/script>\n<!-- \/ Yoast SEO plugin. -->","yoast_head_json":{"title":"CIUDAD GUATEMALA - Abc-latina","description":"Tourisme et voyage \u00e0 Ciudad Guatemala, d\u00e9couverte de la capitale guatemalt\u00e8que: Ciudad Guatemala.","robots":{"index":"index","follow":"follow","max-snippet":"max-snippet:-1","max-image-preview":"max-image-preview:large","max-video-preview":"max-video-preview:-1"},"canonical":"https:\/\/abc-latina.com\/guatemala\/ciudad_guatemala\/","og_locale":"fr_FR","og_type":"article","og_title":"CIUDAD GUATEMALA - Abc-latina","og_description":"Tourisme et voyage \u00e0 Ciudad Guatemala, d\u00e9couverte de la capitale guatemalt\u00e8que: Ciudad Guatemala.","og_url":"https:\/\/abc-latina.com\/guatemala\/ciudad_guatemala\/","og_site_name":"Abc-latina","article_modified_time":"2018-06-12T10:30:15+00:00","og_image":[{"width":125,"height":90,"url":"https:\/\/abc-latina.com\/wp-content\/uploads\/2010\/04\/timbre_to.gif","type":"image\/gif"}],"twitter_card":"summary_large_image","twitter_misc":{"Dur\u00e9e de lecture estim\u00e9e":"1 minute"},"schema":{"@context":"https:\/\/schema.org","@graph":[{"@type":"WebPage","@id":"https:\/\/abc-latina.com\/guatemala\/ciudad_guatemala\/","url":"https:\/\/abc-latina.com\/guatemala\/ciudad_guatemala\/","name":"CIUDAD GUATEMALA - Abc-latina","isPartOf":{"@id":"https:\/\/abc-latina.com\/#website"},"primaryImageOfPage":{"@id":"https:\/\/abc-latina.com\/guatemala\/ciudad_guatemala\/#primaryimage"},"image":{"@id":"https:\/\/abc-latina.com\/guatemala\/ciudad_guatemala\/#primaryimage"},"thumbnailUrl":"https:\/\/abc-latina.com\/wp-content\/uploads\/2010\/04\/timbre_to.gif","datePublished":"2010-06-04T16:32:35+00:00","dateModified":"2018-06-12T10:30:15+00:00","description":"Tourisme et voyage \u00e0 Ciudad Guatemala, d\u00e9couverte de la capitale guatemalt\u00e8que: Ciudad Guatemala.","breadcrumb":{"@id":"https:\/\/abc-latina.com\/guatemala\/ciudad_guatemala\/#breadcrumb"},"inLanguage":"fr-FR","potentialAction":[{"@type":"ReadAction","target":["https:\/\/abc-latina.com\/guatemala\/ciudad_guatemala\/"]}]},{"@type":"ImageObject","inLanguage":"fr-FR","@id":"https:\/\/abc-latina.com\/guatemala\/ciudad_guatemala\/#primaryimage","url":"https:\/\/abc-latina.com\/wp-content\/uploads\/2010\/04\/timbre_to.gif","contentUrl":"https:\/\/abc-latina.com\/wp-content\/uploads\/2010\/04\/timbre_to.gif","width":125,"height":90},{"@type":"BreadcrumbList","@id":"https:\/\/abc-latina.com\/guatemala\/ciudad_guatemala\/#breadcrumb","itemListElement":[{"@type":"ListItem","position":1,"name":"Accueil","item":"https:\/\/abc-latina.com\/"},{"@type":"ListItem","position":2,"name":"CIUDAD GUATEMALA"}]},{"@type":"WebSite","@id":"https:\/\/abc-latina.com\/#website","url":"https:\/\/abc-latina.com\/","name":"Abc-latina","description":"","publisher":{"@id":"https:\/\/abc-latina.com\/#organization"},"potentialAction":[{"@type":"SearchAction","target":{"@type":"EntryPoint","urlTemplate":"https:\/\/abc-latina.com\/?s={search_term_string}"},"query-input":{"@type":"PropertyValueSpecification","valueRequired":true,"valueName":"search_term_string"}}],"inLanguage":"fr-FR"},{"@type":"Organization","@id":"https:\/\/abc-latina.com\/#organization","name":"Abc-latina","url":"https:\/\/abc-latina.com\/","logo":{"@type":"ImageObject","inLanguage":"fr-FR","@id":"https:\/\/abc-latina.com\/#\/schema\/logo\/image\/","url":"https:\/\/abc-latina.com\/wp-content\/uploads\/2026\/05\/cropped-logo.gif","contentUrl":"https:\/\/abc-latina.com\/wp-content\/uploads\/2026\/05\/cropped-logo.gif","width":89,"height":84,"caption":"Abc-latina"},"image":{"@id":"https:\/\/abc-latina.com\/#\/schema\/logo\/image\/"}}]}},"_links":{"self":[{"href":"https:\/\/abc-latina.com\/wp-json\/wp\/v2\/pages\/303","targetHints":{"allow":["GET"]}}],"collection":[{"href":"https:\/\/abc-latina.com\/wp-json\/wp\/v2\/pages"}],"about":[{"href":"https:\/\/abc-latina.com\/wp-json\/wp\/v2\/types\/page"}],"author":[{"embeddable":true,"href":"https:\/\/abc-latina.com\/wp-json\/wp\/v2\/users\/3"}],"replies":[{"embeddable":true,"href":"https:\/\/abc-latina.com\/wp-json\/wp\/v2\/comments?post=303"}],"version-history":[{"count":0,"href":"https:\/\/abc-latina.com\/wp-json\/wp\/v2\/pages\/303\/revisions"}],"up":[{"embeddable":true,"href":"https:\/\/abc-latina.com\/wp-json\/wp\/v2\/pages\/2305"}],"wp:featuredmedia":[{"embeddable":true,"href":"https:\/\/abc-latina.com\/wp-json\/wp\/v2\/media\/41"}],"wp:attachment":[{"href":"https:\/\/abc-latina.com\/wp-json\/wp\/v2\/media?parent=303"}],"curies":[{"name":"wp","href":"https:\/\/api.w.org\/{rel}","templated":true}]}}