{"id":309,"date":"2010-06-04T18:47:55","date_gmt":"2010-06-04T16:47:55","guid":{"rendered":"http:\/\/abc-latina.com\/acapulco-htm\/"},"modified":"2018-06-11T08:15:04","modified_gmt":"2018-06-11T06:15:04","slug":"acapulco","status":"publish","type":"page","link":"https:\/\/abc-latina.com\/mexique\/acapulco\/","title":{"rendered":"ACAPULCO"},"content":{"rendered":"<div><img loading=\"lazy\" decoding=\"async\" class=\" size-full wp-image-308\" src=\"http:\/\/abc-latina.com\/wp-content\/uploads\/2010\/06\/acapulco-1.jpg\" title=\"TOURISME ET VOYAGE A ACAPULCO\" alt=\"TOURISME ET VOYAGE A ACAPULCO\" width=\"480\" height=\"358\" srcset=\"https:\/\/abc-latina.com\/wp-content\/uploads\/2010\/06\/acapulco-1.jpg 620w, https:\/\/abc-latina.com\/wp-content\/uploads\/2010\/06\/acapulco-1-300x224.jpg 300w\" sizes=\"auto, (max-width: 480px) 100vw, 480px\" \/><\/div>\n<div>&nbsp;<\/div>\n<div>Depuis 1532, <span class=\"tourisme-chapitre\">Acapulco <\/span>est un port important, point de d\u00e9part des exp\u00e9ditions espagnoles sur la c\u00f4te du Pacifique.<\/div>\n<div>Ce n&rsquo;est qu&rsquo;au cours des ann\u00e9es 30 et 60 qu&rsquo; Acapulco devint le premier centre de distraction du Mexique. Acapulco est une machine touristique bien huil\u00e9e, le rendez-vous des amateurs de soleil, dans l&rsquo;un des plus beaux sites du globe ; c&rsquo;est un paradis de vacances, avec ses plages de sable blanc. Des yachts battant pavillons exotiques s&rsquo;arrachent les places dans le port,o\u00f9 toutes les normes de la terre se parlent.<\/div>\n<div>&nbsp;<\/div>\n<div>La Costera, large avenue, longe toute la baie d&rsquo; Acapulco, au bord de laquelle s&rsquo;aligne une s\u00e9rie impressionnante de plages au sable fin pour le plus grand plaisir des vacanciers. La Costera est une art\u00e8re tr\u00e8s fr\u00e9quent\u00e9e, les personnes appr\u00e9ciant l&rsquo;animation seront ravis d&rsquo;y trouver une succession de bars, restaurants, discoth\u00e8ques et de magasins. Parcourir cette longue avenue \u00e0 pied, constitue l&rsquo;un des meilleurs moyens de d\u00e9couvrir Acapulco.<\/div>\n<div>&nbsp;<\/div>\n<div>Le Fuerte San Diego constitue le plus imposant vestige colonial de la ville, il permit aux Espagnols de d\u00e9fendre leurs pr\u00e9cieuses marchandises en provenance d&rsquo;Asie. \u00c0 l&rsquo;int\u00e9rieur de la forteresse, se trouve le Mus\u00e9e Historique d&rsquo; Acapulco. Il est fort int\u00e9ressant \u00e0 propos l&rsquo;histoire de la ville et \u00e0 ses activit\u00e9s commerciales avec l&rsquo;Asie.<\/div>\n<div>&nbsp;<\/div>\n<div><a target=\"_blank\" href=\"..\/tour_operateur\"><img loading=\"lazy\" decoding=\"async\" class=\" size-full wp-image-41\" src=\"http:\/\/abc-latina.com\/wp-content\/uploads\/2010\/04\/timbre_to.gif\" class=\"touroperateur\" alt=\"\" width=\"125\" height=\"90\" \/><\/a>La place centrale de la vieille ville, le Zocalo, vaut surtout pour son atmosph\u00e8re conviviale. Une balade dans les quartiers environnants permet d&rsquo;appr\u00e9cier les authentiques quartiers populaires, ainsi que son march\u00e9 municipal haut en couleur.<\/div>\n<div>&nbsp;<\/div>\n<div>L&rsquo;une des grandes attractions d&rsquo; Acapulco et de contempler les fameux plongeurs de la Quebrada qui, apr\u00e8s une pri\u00e8re devant le reliquaire illumin\u00e9, attendent une lame pour plonger la t\u00eate la premi\u00e8re, \u00e0 flanc de falaise depuis une hauteur de 35 m\u00e8tres. Impr\u00e9ssionnant !<\/div>\n<div>&nbsp;<\/div>\n<div>Pour voir tout le panorama d&rsquo; Acapulco, prenez le bateau pour l&rsquo;\u00eele de La Roqueta et montez jusqu&rsquo;au phare, inoubliable ! Surtout le soir.&nbsp;<\/div>\n<div>&nbsp;<\/div>\n<div><img loading=\"lazy\" decoding=\"async\" class=\" size-full wp-image-46\" src=\"http:\/\/abc-latina.com\/wp-content\/uploads\/2010\/04\/pages-associes.gif\" alt=\"\" width=\"120\" height=\"10\" \/><br \/><a href=\"https:\/\/www.abc-latina.com\/mexique\/photos\/photos_acapulco.php\">Photos d&rsquo;Acapulco<\/a>&nbsp;<\/div>\n<div><a href=\"https:\/\/www.abc-latina.com\/mexique\/cartes-plans\/plan-carte-acapulco.php\">Plan de la ville<\/a><\/div>\n<div><a href=\"https:\/\/www.abc-latina.com\/mexique\/tourisme\">Tourisme au Mexique<\/a><\/div>\n<div>&nbsp;<\/div>\n<h3>Pr\u00e9parez votre voyage \u00e0 Acapulco:<\/h3>\n<div><a href=\"https:\/\/www.abc-latina.com\/mexique\/agence_de_voyages\">Agences de voyage g\u00e9n\u00e9ralistes et discounteurs<\/a><\/div>\n<div><a href=\"https:\/\/www.abc-latina.com\/mexique\/tour_operateur\">Tours Op\u00e9rateurs sp\u00e9cialistes du Mexique<\/a><\/div>\n<div><a target=\"_blank\" href=\"https:\/\/www.abc-latina.com\/to\/reservation_billet_avion\">R\u00e9servez votre billet d&rsquo;avion<\/a><\/div>\n<div><a href=\"https:\/\/www.abc-latina.com\/mexique\/hotels\">R\u00e9servez votre h\u00f4tel \u00e0 Acapulco<\/a>&nbsp;<\/div>\n<div><a target=\"_blank\" href=\"https:\/\/www.abc-latina.com\/to\/location_de_voiture_mexique\">Location de voiture<\/a><\/div>\n<p>&nbsp;<\/p>\n","protected":false},"excerpt":{"rendered":"<p>&nbsp; Depuis 1532, Acapulco est un port important, point de d\u00e9part des exp\u00e9ditions espagnoles sur la c\u00f4te du Pacifique. Ce [&hellip;]<\/p>\n","protected":false},"author":3,"featured_media":308,"parent":2308,"menu_order":0,"comment_status":"closed","ping_status":"closed","template":"","meta":{"site-sidebar-layout":"default","site-content-layout":"","ast-site-content-layout":"default","site-content-style":"default","site-sidebar-style":"default","ast-global-header-display":"","ast-banner-title-visibility":"","ast-main-header-display":"","ast-hfb-above-header-display":"","ast-hfb-below-header-display":"","ast-hfb-mobile-header-display":"","site-post-title":"","ast-breadcrumbs-content":"","ast-featured-img":"","footer-sml-layout":"","ast-disable-related-posts":"","theme-transparent-header-meta":"","adv-header-id-meta":"","stick-header-meta":"","header-above-stick-meta":"","header-main-stick-meta":"","header-below-stick-meta":"","astra-migrate-meta-layouts":"default","ast-page-background-enabled":"default","ast-page-background-meta":{"desktop":{"background-color":"var(--ast-global-color-5)","background-image":"","background-repeat":"repeat","background-position":"center center","background-size":"auto","background-attachment":"scroll","background-type":"","background-media":"","overlay-type":"","overlay-color":"","overlay-opacity":"","overlay-gradient":""},"tablet":{"background-color":"","background-image":"","background-repeat":"repeat","background-position":"center center","background-size":"auto","background-attachment":"scroll","background-type":"","background-media":"","overlay-type":"","overlay-color":"","overlay-opacity":"","overlay-gradient":""},"mobile":{"background-color":"","background-image":"","background-repeat":"repeat","background-position":"center center","background-size":"auto","background-attachment":"scroll","background-type":"","background-media":"","overlay-type":"","overlay-color":"","overlay-opacity":"","overlay-gradient":""}},"ast-content-background-meta":{"desktop":{"background-color":"var(--ast-global-color-4)","background-image":"","background-repeat":"repeat","background-position":"center center","background-size":"auto","background-attachment":"scroll","background-type":"","background-media":"","overlay-type":"","overlay-color":"","overlay-opacity":"","overlay-gradient":""},"tablet":{"background-color":"var(--ast-global-color-4)","background-image":"","background-repeat":"repeat","background-position":"center center","background-size":"auto","background-attachment":"scroll","background-type":"","background-media":"","overlay-type":"","overlay-color":"","overlay-opacity":"","overlay-gradient":""},"mobile":{"background-color":"var(--ast-global-color-4)","background-image":"","background-repeat":"repeat","background-position":"center center","background-size":"auto","background-attachment":"scroll","background-type":"","background-media":"","overlay-type":"","overlay-color":"","overlay-opacity":"","overlay-gradient":""}},"footnotes":""},"class_list":["post-309","page","type-page","status-publish","has-post-thumbnail","hentry"],"yoast_head":"<!-- This site is optimized with the Yoast SEO plugin v27.5 - https:\/\/yoast.com\/product\/yoast-seo-wordpress\/ -->\n<title>ACAPULCO - Abc-latina<\/title>\n<meta name=\"description\" content=\"Acapulco est une machine touristique bien huil\u00e9e, le rendez-vous des amateurs de soleil, dans l&#039;un des plus beaux sites du globe...\" \/>\n<meta name=\"robots\" content=\"index, follow, max-snippet:-1, max-image-preview:large, max-video-preview:-1\" \/>\n<link rel=\"canonical\" href=\"https:\/\/abc-latina.com\/mexique\/acapulco\/\" \/>\n<meta property=\"og:locale\" content=\"fr_FR\" \/>\n<meta property=\"og:type\" content=\"article\" \/>\n<meta property=\"og:title\" content=\"ACAPULCO - Abc-latina\" \/>\n<meta property=\"og:description\" content=\"Acapulco est une machine touristique bien huil\u00e9e, le rendez-vous des amateurs de soleil, dans l&#039;un des plus beaux sites du globe...\" \/>\n<meta property=\"og:url\" content=\"https:\/\/abc-latina.com\/mexique\/acapulco\/\" \/>\n<meta property=\"og:site_name\" content=\"Abc-latina\" \/>\n<meta property=\"article:modified_time\" content=\"2018-06-11T06:15:04+00:00\" \/>\n<meta property=\"og:image\" content=\"https:\/\/abc-latina.com\/wp-content\/uploads\/2010\/06\/acapulco-1.jpg\" \/>\n\t<meta property=\"og:image:width\" content=\"620\" \/>\n\t<meta property=\"og:image:height\" content=\"463\" \/>\n\t<meta property=\"og:image:type\" content=\"image\/jpeg\" \/>\n<meta name=\"twitter:card\" content=\"summary_large_image\" \/>\n<meta name=\"twitter:label1\" content=\"Dur\u00e9e de lecture estim\u00e9e\" \/>\n\t<meta name=\"twitter:data1\" content=\"2 minutes\" \/>\n<script type=\"application\/ld+json\" class=\"yoast-schema-graph\">{\"@context\":\"https:\\\/\\\/schema.org\",\"@graph\":[{\"@type\":\"WebPage\",\"@id\":\"https:\\\/\\\/abc-latina.com\\\/mexique\\\/acapulco\\\/\",\"url\":\"https:\\\/\\\/abc-latina.com\\\/mexique\\\/acapulco\\\/\",\"name\":\"ACAPULCO - Abc-latina\",\"isPartOf\":{\"@id\":\"https:\\\/\\\/abc-latina.com\\\/#website\"},\"primaryImageOfPage\":{\"@id\":\"https:\\\/\\\/abc-latina.com\\\/mexique\\\/acapulco\\\/#primaryimage\"},\"image\":{\"@id\":\"https:\\\/\\\/abc-latina.com\\\/mexique\\\/acapulco\\\/#primaryimage\"},\"thumbnailUrl\":\"https:\\\/\\\/abc-latina.com\\\/wp-content\\\/uploads\\\/2010\\\/06\\\/acapulco-1.jpg\",\"datePublished\":\"2010-06-04T16:47:55+00:00\",\"dateModified\":\"2018-06-11T06:15:04+00:00\",\"description\":\"Acapulco est une machine touristique bien huil\u00e9e, le rendez-vous des amateurs de soleil, dans l'un des plus beaux sites du globe...\",\"breadcrumb\":{\"@id\":\"https:\\\/\\\/abc-latina.com\\\/mexique\\\/acapulco\\\/#breadcrumb\"},\"inLanguage\":\"fr-FR\",\"potentialAction\":[{\"@type\":\"ReadAction\",\"target\":[\"https:\\\/\\\/abc-latina.com\\\/mexique\\\/acapulco\\\/\"]}]},{\"@type\":\"ImageObject\",\"inLanguage\":\"fr-FR\",\"@id\":\"https:\\\/\\\/abc-latina.com\\\/mexique\\\/acapulco\\\/#primaryimage\",\"url\":\"https:\\\/\\\/abc-latina.com\\\/wp-content\\\/uploads\\\/2010\\\/06\\\/acapulco-1.jpg\",\"contentUrl\":\"https:\\\/\\\/abc-latina.com\\\/wp-content\\\/uploads\\\/2010\\\/06\\\/acapulco-1.jpg\",\"width\":620,\"height\":463,\"caption\":\"TOURISME ET VOYAGE A ACAPULCO\"},{\"@type\":\"BreadcrumbList\",\"@id\":\"https:\\\/\\\/abc-latina.com\\\/mexique\\\/acapulco\\\/#breadcrumb\",\"itemListElement\":[{\"@type\":\"ListItem\",\"position\":1,\"name\":\"Accueil\",\"item\":\"https:\\\/\\\/abc-latina.com\\\/\"},{\"@type\":\"ListItem\",\"position\":2,\"name\":\"ACAPULCO\"}]},{\"@type\":\"WebSite\",\"@id\":\"https:\\\/\\\/abc-latina.com\\\/#website\",\"url\":\"https:\\\/\\\/abc-latina.com\\\/\",\"name\":\"Abc-latina\",\"description\":\"\",\"publisher\":{\"@id\":\"https:\\\/\\\/abc-latina.com\\\/#organization\"},\"potentialAction\":[{\"@type\":\"SearchAction\",\"target\":{\"@type\":\"EntryPoint\",\"urlTemplate\":\"https:\\\/\\\/abc-latina.com\\\/?s={search_term_string}\"},\"query-input\":{\"@type\":\"PropertyValueSpecification\",\"valueRequired\":true,\"valueName\":\"search_term_string\"}}],\"inLanguage\":\"fr-FR\"},{\"@type\":\"Organization\",\"@id\":\"https:\\\/\\\/abc-latina.com\\\/#organization\",\"name\":\"Abc-latina\",\"url\":\"https:\\\/\\\/abc-latina.com\\\/\",\"logo\":{\"@type\":\"ImageObject\",\"inLanguage\":\"fr-FR\",\"@id\":\"https:\\\/\\\/abc-latina.com\\\/#\\\/schema\\\/logo\\\/image\\\/\",\"url\":\"https:\\\/\\\/abc-latina.com\\\/wp-content\\\/uploads\\\/2026\\\/05\\\/cropped-logo.gif\",\"contentUrl\":\"https:\\\/\\\/abc-latina.com\\\/wp-content\\\/uploads\\\/2026\\\/05\\\/cropped-logo.gif\",\"width\":89,\"height\":84,\"caption\":\"Abc-latina\"},\"image\":{\"@id\":\"https:\\\/\\\/abc-latina.com\\\/#\\\/schema\\\/logo\\\/image\\\/\"}}]}<\/script>\n<!-- \/ Yoast SEO plugin. -->","yoast_head_json":{"title":"ACAPULCO - Abc-latina","description":"Acapulco est une machine touristique bien huil\u00e9e, le rendez-vous des amateurs de soleil, dans l'un des plus beaux sites du globe...","robots":{"index":"index","follow":"follow","max-snippet":"max-snippet:-1","max-image-preview":"max-image-preview:large","max-video-preview":"max-video-preview:-1"},"canonical":"https:\/\/abc-latina.com\/mexique\/acapulco\/","og_locale":"fr_FR","og_type":"article","og_title":"ACAPULCO - Abc-latina","og_description":"Acapulco est une machine touristique bien huil\u00e9e, le rendez-vous des amateurs de soleil, dans l'un des plus beaux sites du globe...","og_url":"https:\/\/abc-latina.com\/mexique\/acapulco\/","og_site_name":"Abc-latina","article_modified_time":"2018-06-11T06:15:04+00:00","og_image":[{"width":620,"height":463,"url":"https:\/\/abc-latina.com\/wp-content\/uploads\/2010\/06\/acapulco-1.jpg","type":"image\/jpeg"}],"twitter_card":"summary_large_image","twitter_misc":{"Dur\u00e9e de lecture estim\u00e9e":"2 minutes"},"schema":{"@context":"https:\/\/schema.org","@graph":[{"@type":"WebPage","@id":"https:\/\/abc-latina.com\/mexique\/acapulco\/","url":"https:\/\/abc-latina.com\/mexique\/acapulco\/","name":"ACAPULCO - Abc-latina","isPartOf":{"@id":"https:\/\/abc-latina.com\/#website"},"primaryImageOfPage":{"@id":"https:\/\/abc-latina.com\/mexique\/acapulco\/#primaryimage"},"image":{"@id":"https:\/\/abc-latina.com\/mexique\/acapulco\/#primaryimage"},"thumbnailUrl":"https:\/\/abc-latina.com\/wp-content\/uploads\/2010\/06\/acapulco-1.jpg","datePublished":"2010-06-04T16:47:55+00:00","dateModified":"2018-06-11T06:15:04+00:00","description":"Acapulco est une machine touristique bien huil\u00e9e, le rendez-vous des amateurs de soleil, dans l'un des plus beaux sites du globe...","breadcrumb":{"@id":"https:\/\/abc-latina.com\/mexique\/acapulco\/#breadcrumb"},"inLanguage":"fr-FR","potentialAction":[{"@type":"ReadAction","target":["https:\/\/abc-latina.com\/mexique\/acapulco\/"]}]},{"@type":"ImageObject","inLanguage":"fr-FR","@id":"https:\/\/abc-latina.com\/mexique\/acapulco\/#primaryimage","url":"https:\/\/abc-latina.com\/wp-content\/uploads\/2010\/06\/acapulco-1.jpg","contentUrl":"https:\/\/abc-latina.com\/wp-content\/uploads\/2010\/06\/acapulco-1.jpg","width":620,"height":463,"caption":"TOURISME ET VOYAGE A ACAPULCO"},{"@type":"BreadcrumbList","@id":"https:\/\/abc-latina.com\/mexique\/acapulco\/#breadcrumb","itemListElement":[{"@type":"ListItem","position":1,"name":"Accueil","item":"https:\/\/abc-latina.com\/"},{"@type":"ListItem","position":2,"name":"ACAPULCO"}]},{"@type":"WebSite","@id":"https:\/\/abc-latina.com\/#website","url":"https:\/\/abc-latina.com\/","name":"Abc-latina","description":"","publisher":{"@id":"https:\/\/abc-latina.com\/#organization"},"potentialAction":[{"@type":"SearchAction","target":{"@type":"EntryPoint","urlTemplate":"https:\/\/abc-latina.com\/?s={search_term_string}"},"query-input":{"@type":"PropertyValueSpecification","valueRequired":true,"valueName":"search_term_string"}}],"inLanguage":"fr-FR"},{"@type":"Organization","@id":"https:\/\/abc-latina.com\/#organization","name":"Abc-latina","url":"https:\/\/abc-latina.com\/","logo":{"@type":"ImageObject","inLanguage":"fr-FR","@id":"https:\/\/abc-latina.com\/#\/schema\/logo\/image\/","url":"https:\/\/abc-latina.com\/wp-content\/uploads\/2026\/05\/cropped-logo.gif","contentUrl":"https:\/\/abc-latina.com\/wp-content\/uploads\/2026\/05\/cropped-logo.gif","width":89,"height":84,"caption":"Abc-latina"},"image":{"@id":"https:\/\/abc-latina.com\/#\/schema\/logo\/image\/"}}]}},"_links":{"self":[{"href":"https:\/\/abc-latina.com\/wp-json\/wp\/v2\/pages\/309","targetHints":{"allow":["GET"]}}],"collection":[{"href":"https:\/\/abc-latina.com\/wp-json\/wp\/v2\/pages"}],"about":[{"href":"https:\/\/abc-latina.com\/wp-json\/wp\/v2\/types\/page"}],"author":[{"embeddable":true,"href":"https:\/\/abc-latina.com\/wp-json\/wp\/v2\/users\/3"}],"replies":[{"embeddable":true,"href":"https:\/\/abc-latina.com\/wp-json\/wp\/v2\/comments?post=309"}],"version-history":[{"count":0,"href":"https:\/\/abc-latina.com\/wp-json\/wp\/v2\/pages\/309\/revisions"}],"up":[{"embeddable":true,"href":"https:\/\/abc-latina.com\/wp-json\/wp\/v2\/pages\/2308"}],"wp:featuredmedia":[{"embeddable":true,"href":"https:\/\/abc-latina.com\/wp-json\/wp\/v2\/media\/308"}],"wp:attachment":[{"href":"https:\/\/abc-latina.com\/wp-json\/wp\/v2\/media?parent=309"}],"curies":[{"name":"wp","href":"https:\/\/api.w.org\/{rel}","templated":true}]}}