{"id":311,"date":"2010-06-04T18:50:23","date_gmt":"2010-06-04T16:50:23","guid":{"rendered":"http:\/\/abc-latina.com\/cancun-htm\/"},"modified":"2018-06-11T08:13:48","modified_gmt":"2018-06-11T06:13:48","slug":"cancun","status":"publish","type":"page","link":"https:\/\/abc-latina.com\/mexique\/cancun\/","title":{"rendered":"CANCUN"},"content":{"rendered":"<div><img loading=\"lazy\" decoding=\"async\" class=\" size-full wp-image-310\" src=\"http:\/\/abc-latina.com\/wp-content\/uploads\/2010\/06\/044-cancun-mexique.jpg\" title=\"CANCUN - MEXIQUE\" alt=\"VOYAGE A CANCUN\" width=\"480\" height=\"270\" srcset=\"https:\/\/abc-latina.com\/wp-content\/uploads\/2010\/06\/044-cancun-mexique.jpg 700w, https:\/\/abc-latina.com\/wp-content\/uploads\/2010\/06\/044-cancun-mexique-300x169.jpg 300w\" sizes=\"auto, (max-width: 480px) 100vw, 480px\" \/><\/div>\n<div>&nbsp;<\/div>\n<div><span class=\"tourisme-chapitre\">Canc\u00fan <\/span>est une ville jeune, tellement jeune que tout r\u00e9sidant n\u00e9 avant 1974 est venu d&rsquo;ailleurs! Vous avez ici la cit\u00e9 baln\u00e9aire par excellence. Sur le plan \u00e9conomique, ses 350 000 habitants d\u00e9pendent presque exclusivement du tourisme et des activit\u00e9s connexes. Il s&rsquo;agit d&rsquo;une ville soigneusement planifi\u00e9e, dont la construction n&rsquo;a d\u00e9but\u00e9 qu&rsquo;en 1969 sous les directives d&rsquo;une agence gouvernementale du nom de Fonatur (acronyme pour Fonds national du tourisme), qui en reste le ma\u00eetre d&rsquo;oeuvre m\u00eame aujourd&rsquo;hui, avec un r\u00e8glement assez strict quant \u00e0 l&rsquo;affectation des terrains.<\/div>\n<div>&nbsp;<\/div>\n<div>Il existe une s\u00e9paration rigide entre la zone h\u00f4teli\u00e8re, le long des plages, sur un isthme long et \u00e9troit en forme de &laquo;7&raquo; avec des ponts aux deux extr\u00e9mit\u00e9s, et la ville comme telle, situ\u00e9e sur ce qu&rsquo;il est convenu d&rsquo;appeler le continent. Le boulevard Kukulc\u00e1n (mal con\u00e7u pour les pi\u00e9tons) traverse toute la zone h\u00f4teli\u00e8re et m\u00e8ne au centre-ville; le service d&rsquo;autobus y est fr\u00e9quent et efficace (jusqu&rsquo;en milieu de soir\u00e9e, moins fr\u00e9quent par la suite), et les taxis ont des tarifs abordables. La voie la plus importante du centre-ville est l&rsquo;Avenida Tulum, bord\u00e9e de restaurants, boutiques, supermarch\u00e9s et banques.<\/div>\n<div>&nbsp;<\/div>\n<div>Avant 1969, il n&rsquo;y avait que le village de p\u00eacheurs de Puerto Ju\u00e1rez, dans la banlieue nord de ce qui est maintenant Canc\u00fan. Aujourd&rsquo;hui, en plus d&rsquo;une ville moderne et prosp\u00e8re en regard des normes mexicaines, on trouve un long collier d&rsquo;h\u00f4tels \u00e0 multiples \u00e9toiles en face de jolies plages d&rsquo;une blancheur \u00e9tincelante aux eaux turquoise. Plusieurs h\u00f4tels sont d&rsquo;une architecture fantaisiste, souvent en forme de pyramide; le tout peut sembler venir tout droit d&rsquo;une autre plan\u00e8te! Tout est con\u00e7u pour le confort et le repos des visiteurs, et la majorit\u00e9 d&rsquo;entre eux y viennent dans le simple but de se pr\u00e9lasser sous le soleil tropical, ou de prendre part \u00e0 quelques activit\u00e9s sportives, ou encore de se rendre \u00e0 la discoth\u00e8que la nuit venue (\u00e0 condition de ne pas avoir les oreilles trop fragiles).&nbsp;<\/div>\n<div>&nbsp;<\/div>\n<div>Si vous \u00eates \u00e0 la recherche d&rsquo;activit\u00e9s r\u00e9cr\u00e9atives sachez que certains h\u00f4tels proposent des soir\u00e9es avec musique et repas typiques, parfois m\u00eame des spectacles de ballet folklorique local. Quelques bo\u00eetes de nuit, soit dans les h\u00f4tels, soit dans le centre-ville, pr\u00e9sentent \u00e9galement des orchestres de salsa et d&rsquo;autres rythmes tropicaux. La derni\u00e8re semaine de mai s&rsquo;y tient un festival de jazz.<\/div>\n<div>&nbsp;<\/div>\n<div><a target=\"_blank\" href=\"..\/tour_operateur\"><img loading=\"lazy\" decoding=\"async\" class=\" size-full wp-image-41\" src=\"http:\/\/abc-latina.com\/wp-content\/uploads\/2010\/04\/timbre_to.gif\" class=\"touroperateur\" alt=\"\" width=\"125\" height=\"90\" \/><\/a>Sur place, les attraits touristiques comme tels se limitent aux plages, aux installations sportives des h\u00f4tels et aux galeries marchandes. Toutefois on peut \u00e9galement faire une excursion \u00e0 l&rsquo;<a href=\"https:\/\/www.abc-latina.com\/mexique\/voyages\/cozumel\">\u00eele de Cozumel<\/a> pour la plong\u00e9e, ou visiter les sites arch\u00e9ologiques de <a href=\"https:\/\/www.abc-latina.com\/mexique\/voyages\/chichen_itza\">Chich\u00e9n Itz\u00e1<\/a>, \u00e0 l&rsquo;ouest, ou de Tulum et de Cob\u00e1, au sud (ce dernier est plus int\u00e9ressant mais plus loin aussi).<\/div>\n<div>&nbsp;<\/div>\n<div>Les avis sont partag\u00e9s sur Canc\u00fan. Certains y voient un paradis terrestre (le tr\u00e8s grand nombre de visiteurs et d&rsquo;h\u00f4tels indique qu&rsquo;ils ne sont pas les seuls), d&rsquo;autres, un endroit artificiel et anodin. \u00c0 vous de d\u00e9cider. Il faut noter que l&rsquo;\u00e9chelle des prix est plus \u00e9lev\u00e9e \u00e0 Canc\u00fan qu&rsquo;ailleurs au Mexique. Pour un d\u00e9jeuner d&rsquo;ambiance \u00e0 l&rsquo;ext\u00e9rieur de l&rsquo;h\u00f4tel, songez au Mercado 28 (se prononce &laquo;mer-CA-do bein-ti-0-tcho&raquo;), un march\u00e9 public situ\u00e9 dans une zone r\u00e9sidentielle, pr\u00e8s du centre-ville (tous les chauffeurs de taxi connaissent cet endroit), qui compte plusieurs restaurants avec terrasse proposant des repas typiques \u00e0 des prix tr\u00e8s raisonnables. A ne pas manquer : les pr\u00e9parations de fruits de mer \u00e0 la mode de Veracruz.<a target=\"_blank\" href=\"http:\/\/voyage.abc-latina.com\/voyage_mexique\/cancun\"><span class=\"sejour-circuit\"><br \/><\/span><\/a><\/div>\n<h3>Pr\u00e9parez votre voyage \u00e0 Cancun:<\/h3>\n<div><a href=\"https:\/\/www.abc-latina.com\/mexique\/agence_de_voyages\">Agences de voyage g\u00e9n\u00e9ralistes et discounteurs<\/a><\/div>\n<div><a href=\"https:\/\/www.abc-latina.com\/mexique\/tour_operateur\">Tours Op\u00e9rateurs sp\u00e9cialistes du Mexique<\/a><\/div>\n<div><a target=\"_blank\" href=\"https:\/\/www.abc-latina.com\/to\/reservation_billet_avion\">R\u00e9servez votre billet d&rsquo;avion<\/a><\/div>\n<div><a href=\"https:\/\/www.abc-latina.com\/mexique\/hotels\">R\u00e9servez votre h\u00f4tel \u00e0 Cancun<\/a>&nbsp;<\/div>\n<div><a target=\"_blank\" href=\"https:\/\/www.abc-latina.com\/to\/location_de_voiture_mexique\">Location de voiture<\/a><\/div>\n<p>&nbsp;<\/p>\n","protected":false},"excerpt":{"rendered":"<p>&nbsp; Canc\u00fan est une ville jeune, tellement jeune que tout r\u00e9sidant n\u00e9 avant 1974 est venu d&rsquo;ailleurs! Vous avez ici [&hellip;]<\/p>\n","protected":false},"author":3,"featured_media":310,"parent":2308,"menu_order":0,"comment_status":"closed","ping_status":"closed","template":"","meta":{"site-sidebar-layout":"default","site-content-layout":"","ast-site-content-layout":"default","site-content-style":"default","site-sidebar-style":"default","ast-global-header-display":"","ast-banner-title-visibility":"","ast-main-header-display":"","ast-hfb-above-header-display":"","ast-hfb-below-header-display":"","ast-hfb-mobile-header-display":"","site-post-title":"","ast-breadcrumbs-content":"","ast-featured-img":"","footer-sml-layout":"","ast-disable-related-posts":"","theme-transparent-header-meta":"","adv-header-id-meta":"","stick-header-meta":"","header-above-stick-meta":"","header-main-stick-meta":"","header-below-stick-meta":"","astra-migrate-meta-layouts":"default","ast-page-background-enabled":"default","ast-page-background-meta":{"desktop":{"background-color":"var(--ast-global-color-5)","background-image":"","background-repeat":"repeat","background-position":"center center","background-size":"auto","background-attachment":"scroll","background-type":"","background-media":"","overlay-type":"","overlay-color":"","overlay-opacity":"","overlay-gradient":""},"tablet":{"background-color":"","background-image":"","background-repeat":"repeat","background-position":"center center","background-size":"auto","background-attachment":"scroll","background-type":"","background-media":"","overlay-type":"","overlay-color":"","overlay-opacity":"","overlay-gradient":""},"mobile":{"background-color":"","background-image":"","background-repeat":"repeat","background-position":"center center","background-size":"auto","background-attachment":"scroll","background-type":"","background-media":"","overlay-type":"","overlay-color":"","overlay-opacity":"","overlay-gradient":""}},"ast-content-background-meta":{"desktop":{"background-color":"var(--ast-global-color-4)","background-image":"","background-repeat":"repeat","background-position":"center center","background-size":"auto","background-attachment":"scroll","background-type":"","background-media":"","overlay-type":"","overlay-color":"","overlay-opacity":"","overlay-gradient":""},"tablet":{"background-color":"var(--ast-global-color-4)","background-image":"","background-repeat":"repeat","background-position":"center center","background-size":"auto","background-attachment":"scroll","background-type":"","background-media":"","overlay-type":"","overlay-color":"","overlay-opacity":"","overlay-gradient":""},"mobile":{"background-color":"var(--ast-global-color-4)","background-image":"","background-repeat":"repeat","background-position":"center center","background-size":"auto","background-attachment":"scroll","background-type":"","background-media":"","overlay-type":"","overlay-color":"","overlay-opacity":"","overlay-gradient":""}},"footnotes":""},"class_list":["post-311","page","type-page","status-publish","has-post-thumbnail","hentry"],"yoast_head":"<!-- This site is optimized with the Yoast SEO plugin v27.5 - https:\/\/yoast.com\/product\/yoast-seo-wordpress\/ -->\n<title>CANCUN - Abc-latina<\/title>\n<meta name=\"description\" content=\"Canc\u00fan est une ville jeune, tellement jeune que tout r\u00e9sidant n\u00e9 avant 1974 est venu d&#039;ailleurs! Vous avez ici la cit\u00e9 baln\u00e9aire par excellence.\" \/>\n<meta name=\"robots\" content=\"index, follow, max-snippet:-1, max-image-preview:large, max-video-preview:-1\" \/>\n<link rel=\"canonical\" href=\"https:\/\/abc-latina.com\/mexique\/cancun\/\" \/>\n<meta property=\"og:locale\" content=\"fr_FR\" \/>\n<meta property=\"og:type\" content=\"article\" \/>\n<meta property=\"og:title\" content=\"CANCUN - Abc-latina\" \/>\n<meta property=\"og:description\" content=\"Canc\u00fan est une ville jeune, tellement jeune que tout r\u00e9sidant n\u00e9 avant 1974 est venu d&#039;ailleurs! Vous avez ici la cit\u00e9 baln\u00e9aire par excellence.\" \/>\n<meta property=\"og:url\" content=\"https:\/\/abc-latina.com\/mexique\/cancun\/\" \/>\n<meta property=\"og:site_name\" content=\"Abc-latina\" \/>\n<meta property=\"article:modified_time\" content=\"2018-06-11T06:13:48+00:00\" \/>\n<meta property=\"og:image\" content=\"https:\/\/abc-latina.com\/wp-content\/uploads\/2010\/06\/044-cancun-mexique.jpg\" \/>\n\t<meta property=\"og:image:width\" content=\"700\" \/>\n\t<meta property=\"og:image:height\" content=\"394\" \/>\n\t<meta property=\"og:image:type\" content=\"image\/jpeg\" \/>\n<meta name=\"twitter:card\" content=\"summary_large_image\" \/>\n<meta name=\"twitter:label1\" content=\"Dur\u00e9e de lecture estim\u00e9e\" \/>\n\t<meta name=\"twitter:data1\" content=\"3 minutes\" \/>\n<script type=\"application\/ld+json\" class=\"yoast-schema-graph\">{\"@context\":\"https:\\\/\\\/schema.org\",\"@graph\":[{\"@type\":\"WebPage\",\"@id\":\"https:\\\/\\\/abc-latina.com\\\/mexique\\\/cancun\\\/\",\"url\":\"https:\\\/\\\/abc-latina.com\\\/mexique\\\/cancun\\\/\",\"name\":\"CANCUN - Abc-latina\",\"isPartOf\":{\"@id\":\"https:\\\/\\\/abc-latina.com\\\/#website\"},\"primaryImageOfPage\":{\"@id\":\"https:\\\/\\\/abc-latina.com\\\/mexique\\\/cancun\\\/#primaryimage\"},\"image\":{\"@id\":\"https:\\\/\\\/abc-latina.com\\\/mexique\\\/cancun\\\/#primaryimage\"},\"thumbnailUrl\":\"https:\\\/\\\/abc-latina.com\\\/wp-content\\\/uploads\\\/2010\\\/06\\\/044-cancun-mexique.jpg\",\"datePublished\":\"2010-06-04T16:50:23+00:00\",\"dateModified\":\"2018-06-11T06:13:48+00:00\",\"description\":\"Canc\u00fan est une ville jeune, tellement jeune que tout r\u00e9sidant n\u00e9 avant 1974 est venu d'ailleurs! Vous avez ici la cit\u00e9 baln\u00e9aire par excellence.\",\"breadcrumb\":{\"@id\":\"https:\\\/\\\/abc-latina.com\\\/mexique\\\/cancun\\\/#breadcrumb\"},\"inLanguage\":\"fr-FR\",\"potentialAction\":[{\"@type\":\"ReadAction\",\"target\":[\"https:\\\/\\\/abc-latina.com\\\/mexique\\\/cancun\\\/\"]}]},{\"@type\":\"ImageObject\",\"inLanguage\":\"fr-FR\",\"@id\":\"https:\\\/\\\/abc-latina.com\\\/mexique\\\/cancun\\\/#primaryimage\",\"url\":\"https:\\\/\\\/abc-latina.com\\\/wp-content\\\/uploads\\\/2010\\\/06\\\/044-cancun-mexique.jpg\",\"contentUrl\":\"https:\\\/\\\/abc-latina.com\\\/wp-content\\\/uploads\\\/2010\\\/06\\\/044-cancun-mexique.jpg\",\"width\":700,\"height\":394,\"caption\":\"CANCUN - MEXIQUE\"},{\"@type\":\"BreadcrumbList\",\"@id\":\"https:\\\/\\\/abc-latina.com\\\/mexique\\\/cancun\\\/#breadcrumb\",\"itemListElement\":[{\"@type\":\"ListItem\",\"position\":1,\"name\":\"Accueil\",\"item\":\"https:\\\/\\\/abc-latina.com\\\/\"},{\"@type\":\"ListItem\",\"position\":2,\"name\":\"CANCUN\"}]},{\"@type\":\"WebSite\",\"@id\":\"https:\\\/\\\/abc-latina.com\\\/#website\",\"url\":\"https:\\\/\\\/abc-latina.com\\\/\",\"name\":\"Abc-latina\",\"description\":\"\",\"publisher\":{\"@id\":\"https:\\\/\\\/abc-latina.com\\\/#organization\"},\"potentialAction\":[{\"@type\":\"SearchAction\",\"target\":{\"@type\":\"EntryPoint\",\"urlTemplate\":\"https:\\\/\\\/abc-latina.com\\\/?s={search_term_string}\"},\"query-input\":{\"@type\":\"PropertyValueSpecification\",\"valueRequired\":true,\"valueName\":\"search_term_string\"}}],\"inLanguage\":\"fr-FR\"},{\"@type\":\"Organization\",\"@id\":\"https:\\\/\\\/abc-latina.com\\\/#organization\",\"name\":\"Abc-latina\",\"url\":\"https:\\\/\\\/abc-latina.com\\\/\",\"logo\":{\"@type\":\"ImageObject\",\"inLanguage\":\"fr-FR\",\"@id\":\"https:\\\/\\\/abc-latina.com\\\/#\\\/schema\\\/logo\\\/image\\\/\",\"url\":\"https:\\\/\\\/abc-latina.com\\\/wp-content\\\/uploads\\\/2026\\\/05\\\/cropped-logo.gif\",\"contentUrl\":\"https:\\\/\\\/abc-latina.com\\\/wp-content\\\/uploads\\\/2026\\\/05\\\/cropped-logo.gif\",\"width\":89,\"height\":84,\"caption\":\"Abc-latina\"},\"image\":{\"@id\":\"https:\\\/\\\/abc-latina.com\\\/#\\\/schema\\\/logo\\\/image\\\/\"}}]}<\/script>\n<!-- \/ Yoast SEO plugin. -->","yoast_head_json":{"title":"CANCUN - Abc-latina","description":"Canc\u00fan est une ville jeune, tellement jeune que tout r\u00e9sidant n\u00e9 avant 1974 est venu d'ailleurs! Vous avez ici la cit\u00e9 baln\u00e9aire par excellence.","robots":{"index":"index","follow":"follow","max-snippet":"max-snippet:-1","max-image-preview":"max-image-preview:large","max-video-preview":"max-video-preview:-1"},"canonical":"https:\/\/abc-latina.com\/mexique\/cancun\/","og_locale":"fr_FR","og_type":"article","og_title":"CANCUN - Abc-latina","og_description":"Canc\u00fan est une ville jeune, tellement jeune que tout r\u00e9sidant n\u00e9 avant 1974 est venu d'ailleurs! Vous avez ici la cit\u00e9 baln\u00e9aire par excellence.","og_url":"https:\/\/abc-latina.com\/mexique\/cancun\/","og_site_name":"Abc-latina","article_modified_time":"2018-06-11T06:13:48+00:00","og_image":[{"width":700,"height":394,"url":"https:\/\/abc-latina.com\/wp-content\/uploads\/2010\/06\/044-cancun-mexique.jpg","type":"image\/jpeg"}],"twitter_card":"summary_large_image","twitter_misc":{"Dur\u00e9e de lecture estim\u00e9e":"3 minutes"},"schema":{"@context":"https:\/\/schema.org","@graph":[{"@type":"WebPage","@id":"https:\/\/abc-latina.com\/mexique\/cancun\/","url":"https:\/\/abc-latina.com\/mexique\/cancun\/","name":"CANCUN - Abc-latina","isPartOf":{"@id":"https:\/\/abc-latina.com\/#website"},"primaryImageOfPage":{"@id":"https:\/\/abc-latina.com\/mexique\/cancun\/#primaryimage"},"image":{"@id":"https:\/\/abc-latina.com\/mexique\/cancun\/#primaryimage"},"thumbnailUrl":"https:\/\/abc-latina.com\/wp-content\/uploads\/2010\/06\/044-cancun-mexique.jpg","datePublished":"2010-06-04T16:50:23+00:00","dateModified":"2018-06-11T06:13:48+00:00","description":"Canc\u00fan est une ville jeune, tellement jeune que tout r\u00e9sidant n\u00e9 avant 1974 est venu d'ailleurs! Vous avez ici la cit\u00e9 baln\u00e9aire par excellence.","breadcrumb":{"@id":"https:\/\/abc-latina.com\/mexique\/cancun\/#breadcrumb"},"inLanguage":"fr-FR","potentialAction":[{"@type":"ReadAction","target":["https:\/\/abc-latina.com\/mexique\/cancun\/"]}]},{"@type":"ImageObject","inLanguage":"fr-FR","@id":"https:\/\/abc-latina.com\/mexique\/cancun\/#primaryimage","url":"https:\/\/abc-latina.com\/wp-content\/uploads\/2010\/06\/044-cancun-mexique.jpg","contentUrl":"https:\/\/abc-latina.com\/wp-content\/uploads\/2010\/06\/044-cancun-mexique.jpg","width":700,"height":394,"caption":"CANCUN - MEXIQUE"},{"@type":"BreadcrumbList","@id":"https:\/\/abc-latina.com\/mexique\/cancun\/#breadcrumb","itemListElement":[{"@type":"ListItem","position":1,"name":"Accueil","item":"https:\/\/abc-latina.com\/"},{"@type":"ListItem","position":2,"name":"CANCUN"}]},{"@type":"WebSite","@id":"https:\/\/abc-latina.com\/#website","url":"https:\/\/abc-latina.com\/","name":"Abc-latina","description":"","publisher":{"@id":"https:\/\/abc-latina.com\/#organization"},"potentialAction":[{"@type":"SearchAction","target":{"@type":"EntryPoint","urlTemplate":"https:\/\/abc-latina.com\/?s={search_term_string}"},"query-input":{"@type":"PropertyValueSpecification","valueRequired":true,"valueName":"search_term_string"}}],"inLanguage":"fr-FR"},{"@type":"Organization","@id":"https:\/\/abc-latina.com\/#organization","name":"Abc-latina","url":"https:\/\/abc-latina.com\/","logo":{"@type":"ImageObject","inLanguage":"fr-FR","@id":"https:\/\/abc-latina.com\/#\/schema\/logo\/image\/","url":"https:\/\/abc-latina.com\/wp-content\/uploads\/2026\/05\/cropped-logo.gif","contentUrl":"https:\/\/abc-latina.com\/wp-content\/uploads\/2026\/05\/cropped-logo.gif","width":89,"height":84,"caption":"Abc-latina"},"image":{"@id":"https:\/\/abc-latina.com\/#\/schema\/logo\/image\/"}}]}},"_links":{"self":[{"href":"https:\/\/abc-latina.com\/wp-json\/wp\/v2\/pages\/311","targetHints":{"allow":["GET"]}}],"collection":[{"href":"https:\/\/abc-latina.com\/wp-json\/wp\/v2\/pages"}],"about":[{"href":"https:\/\/abc-latina.com\/wp-json\/wp\/v2\/types\/page"}],"author":[{"embeddable":true,"href":"https:\/\/abc-latina.com\/wp-json\/wp\/v2\/users\/3"}],"replies":[{"embeddable":true,"href":"https:\/\/abc-latina.com\/wp-json\/wp\/v2\/comments?post=311"}],"version-history":[{"count":0,"href":"https:\/\/abc-latina.com\/wp-json\/wp\/v2\/pages\/311\/revisions"}],"up":[{"embeddable":true,"href":"https:\/\/abc-latina.com\/wp-json\/wp\/v2\/pages\/2308"}],"wp:featuredmedia":[{"embeddable":true,"href":"https:\/\/abc-latina.com\/wp-json\/wp\/v2\/media\/310"}],"wp:attachment":[{"href":"https:\/\/abc-latina.com\/wp-json\/wp\/v2\/media?parent=311"}],"curies":[{"name":"wp","href":"https:\/\/api.w.org\/{rel}","templated":true}]}}