{"id":314,"date":"2010-06-04T18:53:20","date_gmt":"2010-06-04T16:53:20","guid":{"rendered":"http:\/\/abc-latina.com\/chichen_itza-htm\/"},"modified":"2018-06-11T08:12:57","modified_gmt":"2018-06-11T06:12:57","slug":"chichen_itza","status":"publish","type":"page","link":"https:\/\/abc-latina.com\/mexique\/chichen_itza\/","title":{"rendered":"CHICHEN ITZA"},"content":{"rendered":"<p><img loading=\"lazy\" decoding=\"async\" class=\" size-full wp-image-312\" src=\"http:\/\/abc-latina.com\/wp-content\/uploads\/2010\/06\/045-chichen-itza-mexique.jpg\" title=\"CHICHEN ITZA - MEXIQUE\" alt=\"CHICHEN ITZA - MEXIQUE\" width=\"480\" height=\"306\" srcset=\"https:\/\/abc-latina.com\/wp-content\/uploads\/2010\/06\/045-chichen-itza-mexique.jpg 620w, https:\/\/abc-latina.com\/wp-content\/uploads\/2010\/06\/045-chichen-itza-mexique-300x191.jpg 300w\" sizes=\"auto, (max-width: 480px) 100vw, 480px\" \/><\/p>\n<div>\n<div>&nbsp;<\/div>\n<div>Les ruines de <span class=\"tourisme-chapitre\">Chich\u00e9n ltz\u00e1<\/span> illustrent la gloire et la majest\u00e9 de l&rsquo;une des plus imposantes cit\u00e9s construites par les <a href=\"https:\/\/www.abc-latina.com\/civilisations\/maya\" target=\"_blank\">Mayas<\/a>. Ces ruines sont aussi empreintes des influences attribuables aux <a href=\"https:\/\/www.abc-latina.com\/civilisations\/tolteque.php\" target=\"_blank\">Tolt\u00e8ques<\/a>, venus de la partie centrale du Mexique. Le site pr\u00e9sente un ensemble de pyramides, de temples et de terrasses remarquablement bien conserv\u00e9s. Chich\u00e9n Itz\u00e1 connut une grande croissance entre les VIIe et IXe si\u00e8cles ap. J.-C., mais fut abandonn\u00e9e peu apr\u00e8s. La cit\u00e9 se repeupla au XIIe si\u00e8cle, au moment o\u00f9 des Tolt\u00e8ques du centre du Mexique envahirent le Yucat\u00e1n et se mirent \u00e0 m\u00ealer leur culture \u00e0 celle des Mayas.&nbsp;<\/div>\n<div>&nbsp;<\/div>\n<div>Des dieux et des guerriers des deux cultures sont repr\u00e9sent\u00e9s dans des sculptures en pierre qui restent visibles \u00e0 ce jour. La cit\u00e9 fut abandonn\u00e9e de nouveau au XIVe si\u00e8cle, mais sans toutefois perdre son statut de haut lieu de p\u00e8lerinage.<\/div>\n<div>&nbsp;<\/div>\n<div>Un petit mus\u00e9e, \u00e0 l&rsquo;entr\u00e9e principale, pr\u00e9sente des sculptures, des bas-reliefs et des vitrines sur l&rsquo;histoire maya.L&rsquo;un des premiers \u00e9difices que vous verrez en p\u00e9n\u00e9trant sur le site a nom El Castillo et fait 24 m de hauteur. Au sommet, vous jouirez d&rsquo;excellents points de vue sur tout le site. Cette pyramide fut \u00e9rig\u00e9e au VIIIe si\u00e8cle, bien avant l&rsquo;arriv\u00e9e des Tolt\u00e8ques, mais elle fut modifi\u00e9e par la suite pour incorporer des th\u00e8mes tolt\u00e8ques. Le temple, au sommet, est consacr\u00e9 \u00e0 Kukulc\u00e1n, le serpent \u00e0 plumes qui fut l&rsquo;un des dieux les plus importants de la culture tolt\u00e8que.&nbsp;<\/div>\n<div>&nbsp;<\/div>\n<div>Des arch\u00e9ologues et num\u00e9rologues ont \u00e9mis l&rsquo;hypoth\u00e8se que cette pyramide pouvait repr\u00e9senter le calendrier maya sculpt\u00e9 dans la pierre. Quatre escaliers orient\u00e9s en direction des points cardinaux comptent chacun 91 marches. En ajoutant la plateforme sup\u00e9rieure, nous obtenons un total de 365, soit une marche pour chaque jour du calendrier solaire.<\/div>\n<div>&nbsp;<\/div>\n<div><a href=\"https:\/\/www.abc-latina.com\/mexique\/photos\/photos_chichen_itza.php\"><img loading=\"lazy\" decoding=\"async\" class=\" alignright size-full wp-image-313\" src=\"http:\/\/abc-latina.com\/wp-content\/uploads\/2010\/06\/chichen_itza.jpg\" style=\"margin: 5px 22px; float: right;\" alt=\"\" width=\"150\" height=\"276\" \/><\/a>A l&rsquo;ouest d&rsquo;El Castillo se trouve l&rsquo;un des sept terrains de balle o\u00f9 l&rsquo;on pratiquait un jeu \u00e0 caract\u00e8re religieux qui se terminait parfois par des sacrifices humains. Des sculptures se trouvant pr\u00e8s de cet endroit repr\u00e9sentent d&rsquo;ailleurs des joueurs d\u00e9capit\u00e9s. Cette cour, longue de 135 m et large de 65 m, est ceintur\u00e9e de murailles en pierre et poss\u00e8de des propri\u00e9t\u00e9s acoustiques surprenantes, le son y portant assez loin.<\/div>\n<div>&nbsp;<\/div>\n<div>Le temple de l&rsquo;Homme barbu, ainsi nomm\u00e9 d&rsquo;apr\u00e8s une image qui appara\u00eet sur l&rsquo;un de ses murs, compte plusieurs colonnes sculpt\u00e9es et des bas-reliefs. Le temple des Jaguars, tout pr\u00e8s, r\u00e9v\u00e8le des colonnes et tableaux entour\u00e9s de sculptures repr\u00e9sentant des serpents et des jaguars. Au temple des Cr\u00e2nes, situ\u00e9 entre le temple des Jaguars et El Castillo, vous verrez une plate-forme en pierre affichant des rang\u00e9es de cr\u00e2nes humains et des aigles d\u00e9chirant des coeurs humains. Des images tout aussi horribles se pr\u00e9sentent sur une autre plate-forme voisine.<\/div>\n<div>&nbsp;<\/div>\n<div><a href=\"..\/tour_operateur\" target=\"_blank\"><img loading=\"lazy\" decoding=\"async\" class=\" size-full wp-image-41\" alt=\"\" class=\"touroperateur\" src=\"http:\/\/abc-latina.com\/wp-content\/uploads\/2010\/04\/timbre_to.gif\" width=\"125\" height=\"90\" \/><\/a>Le Cenote sacr\u00e9 se pr\u00e9sente comme un puits naturel, assez large et profond, situ\u00e9 environ 300 m plus au nord et accessible par un sentier en terre battue. Des objets sacrificiels, allant des parures de jade aux restes humains, y ont \u00e9t\u00e9 trouv\u00e9s par des plongeurs.<\/div>\n<div>&nbsp;<\/div>\n<div>De retour au site principal, vous verrez la plateforme de V\u00e9nus, symbolis\u00e9e dans la tradition tolt\u00e8que par des serpents \u00e0 plumes. Un peu plus loin, vous atteindrez le groupe des Mille Colonnes, qui comprend le temple des Guerriers. Les tr\u00e8s nombreux piliers qui font face \u00e0 ce dernier donnent leur nom \u00e0 ce complexe; ils soutenaient autrefois le toit du temple, qui s&rsquo;est effondr\u00e9 depuis. Tout pr\u00e8s, vous apercevrez les vestiges de ce qui pouvait \u00eatre une sorte de sauna, comportant un four souterrain et des conduites d&rsquo;eau.<\/div>\n<div>&nbsp;<\/div>\n<div>Vers l&rsquo;extr\u00e9mit\u00e9 du site, vous verrez la Casa de las monjas, qui aurait vraisemblablement \u00e9t\u00e9 un palais royal, bien que ses nombreuses salles aient d&rsquo;abord fait croire aux premiers visiteurs espagnols qu&rsquo;il s&rsquo;agissait d&rsquo;un couvent. Cet \u00e9difice \u00e9norme, ainsi que son annexe, affichent des tableaux sculpt\u00e9s \u00e0 l&rsquo;image d&rsquo;animaux, de fleurs et de masques humains. \u00c0 gauche se dressent La Iglesia, o\u00f9 vous verrez des animaux sculpt\u00e9s dans la partie sup\u00e9rieure de la fa\u00e7ade, et Aka-Dzib, tenu pour l&rsquo;\u00e9difice le plus ancien que l&rsquo;on ait jamais mis au jour sur ce site; on n&rsquo;a jamais r\u00e9ussi \u00e0 interpr\u00e9ter certains des hi\u00e9roglyphes trouv\u00e9s ici.<\/div>\n<div>&nbsp;<\/div>\n<div><a href=\"https:\/\/www.abc-latina.com\/mexique\/plan_chichen_itza.php\" target=\"_blank\">Plan du site arch\u00e9ologique de Chichen Itza<\/a><\/div>\n<h3>Pr\u00e9parez votre voyage \u00e0 Chichen Itza:<\/h3>\n<div><a href=\"https:\/\/www.abc-latina.com\/mexique\/agence_de_voyages\">Agences de voyage g\u00e9n\u00e9ralistes et discounteurs<\/a><\/div>\n<div><a href=\"https:\/\/www.abc-latina.com\/mexique\/tour_operateur\">Tours Op\u00e9rateurs sp\u00e9cialistes du Mexique<\/a><\/div>\n<div><a href=\"https:\/\/www.abc-latina.com\/to\/reservation_billet_avion\" target=\"_blank\">R\u00e9servez votre billet d&rsquo;avion<\/a><\/div>\n<div><a href=\"https:\/\/www.abc-latina.com\/mexique\/hotels\">R\u00e9servez votre h\u00f4tel \u00e0 Chichen Itza<\/a>&nbsp;<\/div>\n<div><a href=\"https:\/\/www.abc-latina.com\/to\/location_de_voiture_mexique\" target=\"_blank\">Location de voiture<\/a><\/div>\n<p>&nbsp;<\/p>\n<\/div>\n","protected":false},"excerpt":{"rendered":"<p>&nbsp; Les ruines de Chich\u00e9n ltz\u00e1 illustrent la gloire et la majest\u00e9 de l&rsquo;une des plus imposantes cit\u00e9s construites par [&hellip;]<\/p>\n","protected":false},"author":3,"featured_media":312,"parent":2308,"menu_order":0,"comment_status":"closed","ping_status":"closed","template":"","meta":{"site-sidebar-layout":"default","site-content-layout":"","ast-site-content-layout":"default","site-content-style":"default","site-sidebar-style":"default","ast-global-header-display":"","ast-banner-title-visibility":"","ast-main-header-display":"","ast-hfb-above-header-display":"","ast-hfb-below-header-display":"","ast-hfb-mobile-header-display":"","site-post-title":"","ast-breadcrumbs-content":"","ast-featured-img":"","footer-sml-layout":"","ast-disable-related-posts":"","theme-transparent-header-meta":"","adv-header-id-meta":"","stick-header-meta":"","header-above-stick-meta":"","header-main-stick-meta":"","header-below-stick-meta":"","astra-migrate-meta-layouts":"default","ast-page-background-enabled":"default","ast-page-background-meta":{"desktop":{"background-color":"var(--ast-global-color-5)","background-image":"","background-repeat":"repeat","background-position":"center center","background-size":"auto","background-attachment":"scroll","background-type":"","background-media":"","overlay-type":"","overlay-color":"","overlay-opacity":"","overlay-gradient":""},"tablet":{"background-color":"","background-image":"","background-repeat":"repeat","background-position":"center center","background-size":"auto","background-attachment":"scroll","background-type":"","background-media":"","overlay-type":"","overlay-color":"","overlay-opacity":"","overlay-gradient":""},"mobile":{"background-color":"","background-image":"","background-repeat":"repeat","background-position":"center center","background-size":"auto","background-attachment":"scroll","background-type":"","background-media":"","overlay-type":"","overlay-color":"","overlay-opacity":"","overlay-gradient":""}},"ast-content-background-meta":{"desktop":{"background-color":"var(--ast-global-color-4)","background-image":"","background-repeat":"repeat","background-position":"center center","background-size":"auto","background-attachment":"scroll","background-type":"","background-media":"","overlay-type":"","overlay-color":"","overlay-opacity":"","overlay-gradient":""},"tablet":{"background-color":"var(--ast-global-color-4)","background-image":"","background-repeat":"repeat","background-position":"center center","background-size":"auto","background-attachment":"scroll","background-type":"","background-media":"","overlay-type":"","overlay-color":"","overlay-opacity":"","overlay-gradient":""},"mobile":{"background-color":"var(--ast-global-color-4)","background-image":"","background-repeat":"repeat","background-position":"center center","background-size":"auto","background-attachment":"scroll","background-type":"","background-media":"","overlay-type":"","overlay-color":"","overlay-opacity":"","overlay-gradient":""}},"footnotes":""},"class_list":["post-314","page","type-page","status-publish","has-post-thumbnail","hentry"],"yoast_head":"<!-- This site is optimized with the Yoast SEO plugin v27.5 - https:\/\/yoast.com\/product\/yoast-seo-wordpress\/ -->\n<title>CHICHEN ITZA - Abc-latina<\/title>\n<meta name=\"description\" content=\"Les ruines de Chich\u00e9n ltz\u00e1 illustrent la gloire et la majest\u00e9 de l&#039;une des plus imposantes cit\u00e9s construites par les Mayas.\" \/>\n<meta name=\"robots\" content=\"index, follow, max-snippet:-1, max-image-preview:large, max-video-preview:-1\" \/>\n<link rel=\"canonical\" href=\"https:\/\/abc-latina.com\/mexique\/chichen_itza\/\" \/>\n<meta property=\"og:locale\" content=\"fr_FR\" \/>\n<meta property=\"og:type\" content=\"article\" \/>\n<meta property=\"og:title\" content=\"CHICHEN ITZA - Abc-latina\" \/>\n<meta property=\"og:description\" content=\"Les ruines de Chich\u00e9n ltz\u00e1 illustrent la gloire et la majest\u00e9 de l&#039;une des plus imposantes cit\u00e9s construites par les Mayas.\" \/>\n<meta property=\"og:url\" content=\"https:\/\/abc-latina.com\/mexique\/chichen_itza\/\" \/>\n<meta property=\"og:site_name\" content=\"Abc-latina\" \/>\n<meta property=\"article:modified_time\" content=\"2018-06-11T06:12:57+00:00\" \/>\n<meta property=\"og:image\" content=\"https:\/\/abc-latina.com\/wp-content\/uploads\/2010\/06\/045-chichen-itza-mexique.jpg\" \/>\n\t<meta property=\"og:image:width\" content=\"620\" \/>\n\t<meta property=\"og:image:height\" content=\"395\" \/>\n\t<meta property=\"og:image:type\" content=\"image\/jpeg\" \/>\n<meta name=\"twitter:card\" content=\"summary_large_image\" \/>\n<meta name=\"twitter:label1\" content=\"Dur\u00e9e de lecture estim\u00e9e\" \/>\n\t<meta name=\"twitter:data1\" content=\"4 minutes\" \/>\n<script type=\"application\/ld+json\" class=\"yoast-schema-graph\">{\"@context\":\"https:\\\/\\\/schema.org\",\"@graph\":[{\"@type\":\"WebPage\",\"@id\":\"https:\\\/\\\/abc-latina.com\\\/mexique\\\/chichen_itza\\\/\",\"url\":\"https:\\\/\\\/abc-latina.com\\\/mexique\\\/chichen_itza\\\/\",\"name\":\"CHICHEN ITZA - Abc-latina\",\"isPartOf\":{\"@id\":\"https:\\\/\\\/abc-latina.com\\\/#website\"},\"primaryImageOfPage\":{\"@id\":\"https:\\\/\\\/abc-latina.com\\\/mexique\\\/chichen_itza\\\/#primaryimage\"},\"image\":{\"@id\":\"https:\\\/\\\/abc-latina.com\\\/mexique\\\/chichen_itza\\\/#primaryimage\"},\"thumbnailUrl\":\"https:\\\/\\\/abc-latina.com\\\/wp-content\\\/uploads\\\/2010\\\/06\\\/045-chichen-itza-mexique.jpg\",\"datePublished\":\"2010-06-04T16:53:20+00:00\",\"dateModified\":\"2018-06-11T06:12:57+00:00\",\"description\":\"Les ruines de Chich\u00e9n ltz\u00e1 illustrent la gloire et la majest\u00e9 de l'une des plus imposantes cit\u00e9s construites par les Mayas.\",\"breadcrumb\":{\"@id\":\"https:\\\/\\\/abc-latina.com\\\/mexique\\\/chichen_itza\\\/#breadcrumb\"},\"inLanguage\":\"fr-FR\",\"potentialAction\":[{\"@type\":\"ReadAction\",\"target\":[\"https:\\\/\\\/abc-latina.com\\\/mexique\\\/chichen_itza\\\/\"]}]},{\"@type\":\"ImageObject\",\"inLanguage\":\"fr-FR\",\"@id\":\"https:\\\/\\\/abc-latina.com\\\/mexique\\\/chichen_itza\\\/#primaryimage\",\"url\":\"https:\\\/\\\/abc-latina.com\\\/wp-content\\\/uploads\\\/2010\\\/06\\\/045-chichen-itza-mexique.jpg\",\"contentUrl\":\"https:\\\/\\\/abc-latina.com\\\/wp-content\\\/uploads\\\/2010\\\/06\\\/045-chichen-itza-mexique.jpg\",\"width\":620,\"height\":395,\"caption\":\"CHICHEN ITZA - MEXIQUE\"},{\"@type\":\"BreadcrumbList\",\"@id\":\"https:\\\/\\\/abc-latina.com\\\/mexique\\\/chichen_itza\\\/#breadcrumb\",\"itemListElement\":[{\"@type\":\"ListItem\",\"position\":1,\"name\":\"Accueil\",\"item\":\"https:\\\/\\\/abc-latina.com\\\/\"},{\"@type\":\"ListItem\",\"position\":2,\"name\":\"CHICHEN ITZA\"}]},{\"@type\":\"WebSite\",\"@id\":\"https:\\\/\\\/abc-latina.com\\\/#website\",\"url\":\"https:\\\/\\\/abc-latina.com\\\/\",\"name\":\"Abc-latina\",\"description\":\"\",\"publisher\":{\"@id\":\"https:\\\/\\\/abc-latina.com\\\/#organization\"},\"potentialAction\":[{\"@type\":\"SearchAction\",\"target\":{\"@type\":\"EntryPoint\",\"urlTemplate\":\"https:\\\/\\\/abc-latina.com\\\/?s={search_term_string}\"},\"query-input\":{\"@type\":\"PropertyValueSpecification\",\"valueRequired\":true,\"valueName\":\"search_term_string\"}}],\"inLanguage\":\"fr-FR\"},{\"@type\":\"Organization\",\"@id\":\"https:\\\/\\\/abc-latina.com\\\/#organization\",\"name\":\"Abc-latina\",\"url\":\"https:\\\/\\\/abc-latina.com\\\/\",\"logo\":{\"@type\":\"ImageObject\",\"inLanguage\":\"fr-FR\",\"@id\":\"https:\\\/\\\/abc-latina.com\\\/#\\\/schema\\\/logo\\\/image\\\/\",\"url\":\"https:\\\/\\\/abc-latina.com\\\/wp-content\\\/uploads\\\/2026\\\/05\\\/cropped-logo.gif\",\"contentUrl\":\"https:\\\/\\\/abc-latina.com\\\/wp-content\\\/uploads\\\/2026\\\/05\\\/cropped-logo.gif\",\"width\":89,\"height\":84,\"caption\":\"Abc-latina\"},\"image\":{\"@id\":\"https:\\\/\\\/abc-latina.com\\\/#\\\/schema\\\/logo\\\/image\\\/\"}}]}<\/script>\n<!-- \/ Yoast SEO plugin. -->","yoast_head_json":{"title":"CHICHEN ITZA - Abc-latina","description":"Les ruines de Chich\u00e9n ltz\u00e1 illustrent la gloire et la majest\u00e9 de l'une des plus imposantes cit\u00e9s construites par les Mayas.","robots":{"index":"index","follow":"follow","max-snippet":"max-snippet:-1","max-image-preview":"max-image-preview:large","max-video-preview":"max-video-preview:-1"},"canonical":"https:\/\/abc-latina.com\/mexique\/chichen_itza\/","og_locale":"fr_FR","og_type":"article","og_title":"CHICHEN ITZA - Abc-latina","og_description":"Les ruines de Chich\u00e9n ltz\u00e1 illustrent la gloire et la majest\u00e9 de l'une des plus imposantes cit\u00e9s construites par les Mayas.","og_url":"https:\/\/abc-latina.com\/mexique\/chichen_itza\/","og_site_name":"Abc-latina","article_modified_time":"2018-06-11T06:12:57+00:00","og_image":[{"width":620,"height":395,"url":"https:\/\/abc-latina.com\/wp-content\/uploads\/2010\/06\/045-chichen-itza-mexique.jpg","type":"image\/jpeg"}],"twitter_card":"summary_large_image","twitter_misc":{"Dur\u00e9e de lecture estim\u00e9e":"4 minutes"},"schema":{"@context":"https:\/\/schema.org","@graph":[{"@type":"WebPage","@id":"https:\/\/abc-latina.com\/mexique\/chichen_itza\/","url":"https:\/\/abc-latina.com\/mexique\/chichen_itza\/","name":"CHICHEN ITZA - Abc-latina","isPartOf":{"@id":"https:\/\/abc-latina.com\/#website"},"primaryImageOfPage":{"@id":"https:\/\/abc-latina.com\/mexique\/chichen_itza\/#primaryimage"},"image":{"@id":"https:\/\/abc-latina.com\/mexique\/chichen_itza\/#primaryimage"},"thumbnailUrl":"https:\/\/abc-latina.com\/wp-content\/uploads\/2010\/06\/045-chichen-itza-mexique.jpg","datePublished":"2010-06-04T16:53:20+00:00","dateModified":"2018-06-11T06:12:57+00:00","description":"Les ruines de Chich\u00e9n ltz\u00e1 illustrent la gloire et la majest\u00e9 de l'une des plus imposantes cit\u00e9s construites par les Mayas.","breadcrumb":{"@id":"https:\/\/abc-latina.com\/mexique\/chichen_itza\/#breadcrumb"},"inLanguage":"fr-FR","potentialAction":[{"@type":"ReadAction","target":["https:\/\/abc-latina.com\/mexique\/chichen_itza\/"]}]},{"@type":"ImageObject","inLanguage":"fr-FR","@id":"https:\/\/abc-latina.com\/mexique\/chichen_itza\/#primaryimage","url":"https:\/\/abc-latina.com\/wp-content\/uploads\/2010\/06\/045-chichen-itza-mexique.jpg","contentUrl":"https:\/\/abc-latina.com\/wp-content\/uploads\/2010\/06\/045-chichen-itza-mexique.jpg","width":620,"height":395,"caption":"CHICHEN ITZA - MEXIQUE"},{"@type":"BreadcrumbList","@id":"https:\/\/abc-latina.com\/mexique\/chichen_itza\/#breadcrumb","itemListElement":[{"@type":"ListItem","position":1,"name":"Accueil","item":"https:\/\/abc-latina.com\/"},{"@type":"ListItem","position":2,"name":"CHICHEN ITZA"}]},{"@type":"WebSite","@id":"https:\/\/abc-latina.com\/#website","url":"https:\/\/abc-latina.com\/","name":"Abc-latina","description":"","publisher":{"@id":"https:\/\/abc-latina.com\/#organization"},"potentialAction":[{"@type":"SearchAction","target":{"@type":"EntryPoint","urlTemplate":"https:\/\/abc-latina.com\/?s={search_term_string}"},"query-input":{"@type":"PropertyValueSpecification","valueRequired":true,"valueName":"search_term_string"}}],"inLanguage":"fr-FR"},{"@type":"Organization","@id":"https:\/\/abc-latina.com\/#organization","name":"Abc-latina","url":"https:\/\/abc-latina.com\/","logo":{"@type":"ImageObject","inLanguage":"fr-FR","@id":"https:\/\/abc-latina.com\/#\/schema\/logo\/image\/","url":"https:\/\/abc-latina.com\/wp-content\/uploads\/2026\/05\/cropped-logo.gif","contentUrl":"https:\/\/abc-latina.com\/wp-content\/uploads\/2026\/05\/cropped-logo.gif","width":89,"height":84,"caption":"Abc-latina"},"image":{"@id":"https:\/\/abc-latina.com\/#\/schema\/logo\/image\/"}}]}},"_links":{"self":[{"href":"https:\/\/abc-latina.com\/wp-json\/wp\/v2\/pages\/314","targetHints":{"allow":["GET"]}}],"collection":[{"href":"https:\/\/abc-latina.com\/wp-json\/wp\/v2\/pages"}],"about":[{"href":"https:\/\/abc-latina.com\/wp-json\/wp\/v2\/types\/page"}],"author":[{"embeddable":true,"href":"https:\/\/abc-latina.com\/wp-json\/wp\/v2\/users\/3"}],"replies":[{"embeddable":true,"href":"https:\/\/abc-latina.com\/wp-json\/wp\/v2\/comments?post=314"}],"version-history":[{"count":0,"href":"https:\/\/abc-latina.com\/wp-json\/wp\/v2\/pages\/314\/revisions"}],"up":[{"embeddable":true,"href":"https:\/\/abc-latina.com\/wp-json\/wp\/v2\/pages\/2308"}],"wp:featuredmedia":[{"embeddable":true,"href":"https:\/\/abc-latina.com\/wp-json\/wp\/v2\/media\/312"}],"wp:attachment":[{"href":"https:\/\/abc-latina.com\/wp-json\/wp\/v2\/media?parent=314"}],"curies":[{"name":"wp","href":"https:\/\/api.w.org\/{rel}","templated":true}]}}