{"id":317,"date":"2010-06-04T18:55:37","date_gmt":"2010-06-04T16:55:37","guid":{"rendered":"http:\/\/abc-latina.com\/cozumel-htm\/"},"modified":"2018-06-10T19:42:24","modified_gmt":"2018-06-10T17:42:24","slug":"cozumel","status":"publish","type":"page","link":"https:\/\/abc-latina.com\/mexique\/cozumel\/","title":{"rendered":"COZUMEL"},"content":{"rendered":"<div><span class=\"tourisme-chapitre\"><img loading=\"lazy\" decoding=\"async\" class=\" size-full wp-image-315\" src=\"http:\/\/abc-latina.com\/wp-content\/uploads\/2010\/06\/046-cozumel-mexique.jpg\" title=\"COZUMEL - MEXIQUE\" alt=\"COZUMEL - MEXIQUE\" width=\"480\" height=\"195\" srcset=\"https:\/\/abc-latina.com\/wp-content\/uploads\/2010\/06\/046-cozumel-mexique.jpg 700w, https:\/\/abc-latina.com\/wp-content\/uploads\/2010\/06\/046-cozumel-mexique-300x122.jpg 300w\" sizes=\"auto, (max-width: 480px) 100vw, 480px\" \/><\/span><\/div>\n<div>&nbsp;<\/div>\n<div><span class=\"tourisme-chapitre\">Cozumel <\/span>est la plus grande \u00eele du Mexique, entour\u00e9e d&rsquo;un spectaculaire chapelet de r\u00e9cifs coralliens, un paradis pour les plongeurs. Depuis le documentaire r\u00e9alis\u00e9 par l&rsquo;explorateur oc\u00e9anographique Jacques Cousteau en 1961, Cozumel est devenue un lieu de pr\u00e9dilection visit\u00e9 par des milliers de <a href=\"https:\/\/www.abc-latina.com\/mexique\/tourisme\/plongee\" target=\"_blank\">plongeurs<\/a> chaque ann\u00e9e.<\/div>\n<div>&nbsp;<\/div>\n<div>Des centaines de bateaux de croisi\u00e8re y font escale. La mer qui baigne l&rsquo;\u00eele foisonne d&rsquo;innombrables esp\u00e8ces sous-marines, de r\u00e9cifs color\u00e9s et d&rsquo;\u00e9paves de galions espagnols. En fait, plus de 30 % des visiteurs de Cozumel sont des plongeurs, ou veulent le devenir! Les autres peuvent observer une \u00e9tonnante vari\u00e9t\u00e9 d&rsquo;oiseaux migrateurs qui y s\u00e9journent pendant une partie de l&rsquo;ann\u00e9e, visiter le parc national Chankanaab, faire du magasinage, aller p\u00eacher ou encore, tout simplement, se reposer sur l&rsquo;une des magnifiques plages.<\/div>\n<div>&nbsp;<\/div>\n<div>D\u00e8s l&rsquo;an 300, l&rsquo;\u00eele \u00e9tait occup\u00e9e par une tribu <a href=\"https:\/\/www.abc-latina.com\/civilisations\/maya\" target=\"_blank\">maya<\/a>. Elle devint par la suite un important port de commerce et un grand centre c\u00e9r\u00e9moniel. Les femmes de la c\u00f4te venaient en pirogue \u00e0 Cozumel pour y adorer Ixchel, la d\u00e9esse de la F\u00e9condit\u00e9. Plus de 35 sites arch\u00e9ologiques sont diss\u00e9min\u00e9s dans l&rsquo;\u00eele, mais seulement une poign\u00e9e est actuellement mise au jour. Curieusement, c&rsquo;est la popularit\u00e9 du chewing-gum aux \u00c9tats-Unis qui est \u00e0 l&rsquo;origine de la renaissance \u00e9conomique de Cozumel au d\u00e9but du si\u00e8cle. Cozumel \u00e9tait en effet une escale vers l&rsquo;Am\u00e9rique du Sud sur la route d&rsquo;importation du chicle, le produit de base de la gomme \u00e0 m\u00e2cher, extrait du sapotier.<\/div>\n<div>&nbsp;<\/div>\n<div>Apr\u00e8s une courte fl\u00e2nerie au centre de San Miguel, sur la tr\u00e8s anim\u00e9e Plaza del Sol, o\u00f9 vous aurez le bonheur d&rsquo;entendre des mariachis les dimanches soirs, vous pourrez aller admirer d&rsquo;int\u00e9ressants vestiges, comme une statue de la d\u00e9esse Ixchel et des t\u00eates de serpent en pierre, ainsi qu&rsquo;une grosse t\u00eate olm\u00e8que en jade au Museo de la Isla de Cozumel.&nbsp;<\/div>\n<div>&nbsp;<\/div>\n<div>Les ruines de l&rsquo;\u00eele t\u00e9moignent de l&rsquo;importance de Cozumel en tant que centre c\u00e9r\u00e9moniel. La plupart des vestiges sont de petits \u00e9difices carr\u00e9s de faible hauteur. Depuis la quasi-destruction d&rsquo; El Cedral, San Gervasio est devenu le groupe de ruines le plus important de l&rsquo;\u00eele. On y retrouve un groupe de petits sanctuaires et de temples \u00e9rig\u00e9s en l&rsquo;honneur d&rsquo;Ixchel, d\u00e9esse maya de la Fertilit\u00e9.<\/div>\n<div>&nbsp;<\/div>\n<div><span class=\"tourisme-chapitre\"><img loading=\"lazy\" decoding=\"async\" class=\" alignright size-full wp-image-316\" src=\"http:\/\/abc-latina.com\/wp-content\/uploads\/2010\/06\/cozumel.jpg\" alt=\"\" width=\"250\" vspace=\"9\" hspace=\"9\" height=\"250\" align=\"right\" srcset=\"https:\/\/abc-latina.com\/wp-content\/uploads\/2010\/06\/cozumel.jpg 250w, https:\/\/abc-latina.com\/wp-content\/uploads\/2010\/06\/cozumel-150x150.jpg 150w\" sizes=\"auto, (max-width: 250px) 100vw, 250px\" \/><\/span>Au sud de la plage San Francisco, une route rev\u00eatue m\u00e8ne \u00e0 la plus ancienne construction de l&rsquo;\u00eele, El Cedral. Avant l&rsquo;ouragan Roxanne (1995), on pouvait encore voir \u00e0 El Cedral des traces de fresques peintes par les Mayas. Comme si ce site n&rsquo;avait pas d\u00e9j\u00e0 assez souffert: en 1518, les Espagnols l&rsquo;ont presque r\u00e9duit \u00e0 n\u00e9ant. Ce fut ensuite au tour des Am\u00e9ricains, durant la Seconde Guerre mondiale, de le raser pour faire place \u00e0 une piste d&rsquo;atterrissage.<\/div>\n<div>&nbsp;<\/div>\n<div>A l&rsquo;extr\u00e9mit\u00e9 sud de l&rsquo;\u00eele cette fois, les ruines de Tumba del Caracol tirent leur nom d&rsquo;un temple dont la base carr\u00e9e est surmont\u00e9e d&rsquo;une coupole en forme d&rsquo;escargot (en espagnol: caracol), aujourd&rsquo;hui \u00e0 moiti\u00e9 d\u00e9truite. On croit que ce site fut construit en hommage au vent ou encore au dieu maya Kukulc\u00e1n.<\/div>\n<div>&nbsp;<\/div>\n<div>Enfin, sur la c\u00f4te nord-est de l&rsquo;\u00eele, le Castillo Real pr\u00e9sente un petit groupe de ruines qui comprend une tour, les restes d&rsquo;une pyramide et un temple carr\u00e9, fissur\u00e9 dans le milieu. On distingue encore, \u00e0 l&rsquo;int\u00e9rieur, des fresques color\u00e9es.<\/div>\n<div>&nbsp;<\/div>\n<div><a href=\"..\/tour_operateur\" target=\"_blank\"><img loading=\"lazy\" decoding=\"async\" class=\" size-full wp-image-41\" alt=\"\" class=\"touroperateur\" src=\"http:\/\/abc-latina.com\/wp-content\/uploads\/2010\/04\/timbre_to.gif\" width=\"125\" height=\"90\" \/><\/a>Les passionn\u00e9s d&rsquo;exotisme ne manqueront pas de se rendre au parc de Chankanaab, un des plus beaux sites de l&rsquo;\u00eele. La lagune de Chankanaab est un aquarium naturel aliment\u00e9 en eau de mer par des tunnels souterrains. On peut y observer une cinquantaine d&rsquo;esp\u00e8ces de poissons, de crustac\u00e9s et de coraux. Dans le parc m\u00eame, un sentier permet de d\u00e9couvrir 350 types de plantes et d&rsquo;arbres tropicaux provenant de 22 pays. Un mus\u00e9e consacr\u00e9 \u00e0 la vie des Mayas y a \u00e9galement \u00e9t\u00e9 am\u00e9nag\u00e9. A 320 m au large, le r\u00e9cif de corail de Chankanaab attire des foules de plongeurs avec ses mille esp\u00e8ces color\u00e9es.<\/div>\n<h3>Pr\u00e9parez votre voyage \u00e0 Cozumel:<\/h3>\n<div><a href=\"https:\/\/www.abc-latina.com\/mexique\/agence_de_voyages\">Agences de voyage g\u00e9n\u00e9ralistes et discounteurs<\/a><\/div>\n<div><a href=\"https:\/\/www.abc-latina.com\/mexique\/tour_operateur\">Tours Op\u00e9rateurs sp\u00e9cialistes du Mexique<\/a><\/div>\n<div><a href=\"https:\/\/www.abc-latina.com\/to\/reservation_billet_avion\" target=\"_blank\">R\u00e9servez votre billet d&rsquo;avion<\/a><\/div>\n<div><a href=\"https:\/\/www.abc-latina.com\/mexique\/hotels\">R\u00e9servez votre h\u00f4tel \u00e0 Cozumel<\/a>&nbsp;<\/div>\n<div><a href=\"https:\/\/www.abc-latina.com\/to\/location_de_voiture_mexique\" target=\"_blank\">Location de voiture<\/a><\/div>\n<p>&nbsp;<\/p>\n","protected":false},"excerpt":{"rendered":"<p>&nbsp; Cozumel est la plus grande \u00eele du Mexique, entour\u00e9e d&rsquo;un spectaculaire chapelet de r\u00e9cifs coralliens, un paradis pour les [&hellip;]<\/p>\n","protected":false},"author":3,"featured_media":315,"parent":2308,"menu_order":0,"comment_status":"closed","ping_status":"closed","template":"","meta":{"site-sidebar-layout":"default","site-content-layout":"","ast-site-content-layout":"default","site-content-style":"default","site-sidebar-style":"default","ast-global-header-display":"","ast-banner-title-visibility":"","ast-main-header-display":"","ast-hfb-above-header-display":"","ast-hfb-below-header-display":"","ast-hfb-mobile-header-display":"","site-post-title":"","ast-breadcrumbs-content":"","ast-featured-img":"","footer-sml-layout":"","ast-disable-related-posts":"","theme-transparent-header-meta":"","adv-header-id-meta":"","stick-header-meta":"","header-above-stick-meta":"","header-main-stick-meta":"","header-below-stick-meta":"","astra-migrate-meta-layouts":"default","ast-page-background-enabled":"default","ast-page-background-meta":{"desktop":{"background-color":"var(--ast-global-color-5)","background-image":"","background-repeat":"repeat","background-position":"center center","background-size":"auto","background-attachment":"scroll","background-type":"","background-media":"","overlay-type":"","overlay-color":"","overlay-opacity":"","overlay-gradient":""},"tablet":{"background-color":"","background-image":"","background-repeat":"repeat","background-position":"center center","background-size":"auto","background-attachment":"scroll","background-type":"","background-media":"","overlay-type":"","overlay-color":"","overlay-opacity":"","overlay-gradient":""},"mobile":{"background-color":"","background-image":"","background-repeat":"repeat","background-position":"center center","background-size":"auto","background-attachment":"scroll","background-type":"","background-media":"","overlay-type":"","overlay-color":"","overlay-opacity":"","overlay-gradient":""}},"ast-content-background-meta":{"desktop":{"background-color":"var(--ast-global-color-4)","background-image":"","background-repeat":"repeat","background-position":"center center","background-size":"auto","background-attachment":"scroll","background-type":"","background-media":"","overlay-type":"","overlay-color":"","overlay-opacity":"","overlay-gradient":""},"tablet":{"background-color":"var(--ast-global-color-4)","background-image":"","background-repeat":"repeat","background-position":"center center","background-size":"auto","background-attachment":"scroll","background-type":"","background-media":"","overlay-type":"","overlay-color":"","overlay-opacity":"","overlay-gradient":""},"mobile":{"background-color":"var(--ast-global-color-4)","background-image":"","background-repeat":"repeat","background-position":"center center","background-size":"auto","background-attachment":"scroll","background-type":"","background-media":"","overlay-type":"","overlay-color":"","overlay-opacity":"","overlay-gradient":""}},"footnotes":""},"class_list":["post-317","page","type-page","status-publish","has-post-thumbnail","hentry"],"yoast_head":"<!-- This site is optimized with the Yoast SEO plugin v27.5 - https:\/\/yoast.com\/product\/yoast-seo-wordpress\/ -->\n<title>COZUMEL - Abc-latina<\/title>\n<meta name=\"description\" content=\"Cozumel est la plus grande \u00eele du Mexique, entour\u00e9e d&#039;un spectaculaire chapelet de r\u00e9cifs coralliens, un paradis pour les plongeurs.\" \/>\n<meta name=\"robots\" content=\"index, follow, max-snippet:-1, max-image-preview:large, max-video-preview:-1\" \/>\n<link rel=\"canonical\" href=\"https:\/\/abc-latina.com\/mexique\/cozumel\/\" \/>\n<meta property=\"og:locale\" content=\"fr_FR\" \/>\n<meta property=\"og:type\" content=\"article\" \/>\n<meta property=\"og:title\" content=\"COZUMEL - Abc-latina\" \/>\n<meta property=\"og:description\" content=\"Cozumel est la plus grande \u00eele du Mexique, entour\u00e9e d&#039;un spectaculaire chapelet de r\u00e9cifs coralliens, un paradis pour les plongeurs.\" \/>\n<meta property=\"og:url\" content=\"https:\/\/abc-latina.com\/mexique\/cozumel\/\" \/>\n<meta property=\"og:site_name\" content=\"Abc-latina\" \/>\n<meta property=\"article:modified_time\" content=\"2018-06-10T17:42:24+00:00\" \/>\n<meta property=\"og:image\" content=\"https:\/\/abc-latina.com\/wp-content\/uploads\/2010\/06\/046-cozumel-mexique.jpg\" \/>\n\t<meta property=\"og:image:width\" content=\"700\" \/>\n\t<meta property=\"og:image:height\" content=\"285\" \/>\n\t<meta property=\"og:image:type\" content=\"image\/jpeg\" \/>\n<meta name=\"twitter:card\" content=\"summary_large_image\" \/>\n<meta name=\"twitter:label1\" content=\"Dur\u00e9e de lecture estim\u00e9e\" \/>\n\t<meta name=\"twitter:data1\" content=\"4 minutes\" \/>\n<script type=\"application\/ld+json\" class=\"yoast-schema-graph\">{\"@context\":\"https:\\\/\\\/schema.org\",\"@graph\":[{\"@type\":\"WebPage\",\"@id\":\"https:\\\/\\\/abc-latina.com\\\/mexique\\\/cozumel\\\/\",\"url\":\"https:\\\/\\\/abc-latina.com\\\/mexique\\\/cozumel\\\/\",\"name\":\"COZUMEL - Abc-latina\",\"isPartOf\":{\"@id\":\"https:\\\/\\\/abc-latina.com\\\/#website\"},\"primaryImageOfPage\":{\"@id\":\"https:\\\/\\\/abc-latina.com\\\/mexique\\\/cozumel\\\/#primaryimage\"},\"image\":{\"@id\":\"https:\\\/\\\/abc-latina.com\\\/mexique\\\/cozumel\\\/#primaryimage\"},\"thumbnailUrl\":\"https:\\\/\\\/abc-latina.com\\\/wp-content\\\/uploads\\\/2010\\\/06\\\/046-cozumel-mexique.jpg\",\"datePublished\":\"2010-06-04T16:55:37+00:00\",\"dateModified\":\"2018-06-10T17:42:24+00:00\",\"description\":\"Cozumel est la plus grande \u00eele du Mexique, entour\u00e9e d'un spectaculaire chapelet de r\u00e9cifs coralliens, un paradis pour les plongeurs.\",\"breadcrumb\":{\"@id\":\"https:\\\/\\\/abc-latina.com\\\/mexique\\\/cozumel\\\/#breadcrumb\"},\"inLanguage\":\"fr-FR\",\"potentialAction\":[{\"@type\":\"ReadAction\",\"target\":[\"https:\\\/\\\/abc-latina.com\\\/mexique\\\/cozumel\\\/\"]}]},{\"@type\":\"ImageObject\",\"inLanguage\":\"fr-FR\",\"@id\":\"https:\\\/\\\/abc-latina.com\\\/mexique\\\/cozumel\\\/#primaryimage\",\"url\":\"https:\\\/\\\/abc-latina.com\\\/wp-content\\\/uploads\\\/2010\\\/06\\\/046-cozumel-mexique.jpg\",\"contentUrl\":\"https:\\\/\\\/abc-latina.com\\\/wp-content\\\/uploads\\\/2010\\\/06\\\/046-cozumel-mexique.jpg\",\"width\":700,\"height\":285,\"caption\":\"COZUMEL - MEXIQUE\"},{\"@type\":\"BreadcrumbList\",\"@id\":\"https:\\\/\\\/abc-latina.com\\\/mexique\\\/cozumel\\\/#breadcrumb\",\"itemListElement\":[{\"@type\":\"ListItem\",\"position\":1,\"name\":\"Accueil\",\"item\":\"https:\\\/\\\/abc-latina.com\\\/\"},{\"@type\":\"ListItem\",\"position\":2,\"name\":\"COZUMEL\"}]},{\"@type\":\"WebSite\",\"@id\":\"https:\\\/\\\/abc-latina.com\\\/#website\",\"url\":\"https:\\\/\\\/abc-latina.com\\\/\",\"name\":\"Abc-latina\",\"description\":\"\",\"publisher\":{\"@id\":\"https:\\\/\\\/abc-latina.com\\\/#organization\"},\"potentialAction\":[{\"@type\":\"SearchAction\",\"target\":{\"@type\":\"EntryPoint\",\"urlTemplate\":\"https:\\\/\\\/abc-latina.com\\\/?s={search_term_string}\"},\"query-input\":{\"@type\":\"PropertyValueSpecification\",\"valueRequired\":true,\"valueName\":\"search_term_string\"}}],\"inLanguage\":\"fr-FR\"},{\"@type\":\"Organization\",\"@id\":\"https:\\\/\\\/abc-latina.com\\\/#organization\",\"name\":\"Abc-latina\",\"url\":\"https:\\\/\\\/abc-latina.com\\\/\",\"logo\":{\"@type\":\"ImageObject\",\"inLanguage\":\"fr-FR\",\"@id\":\"https:\\\/\\\/abc-latina.com\\\/#\\\/schema\\\/logo\\\/image\\\/\",\"url\":\"https:\\\/\\\/abc-latina.com\\\/wp-content\\\/uploads\\\/2026\\\/05\\\/cropped-logo.gif\",\"contentUrl\":\"https:\\\/\\\/abc-latina.com\\\/wp-content\\\/uploads\\\/2026\\\/05\\\/cropped-logo.gif\",\"width\":89,\"height\":84,\"caption\":\"Abc-latina\"},\"image\":{\"@id\":\"https:\\\/\\\/abc-latina.com\\\/#\\\/schema\\\/logo\\\/image\\\/\"}}]}<\/script>\n<!-- \/ Yoast SEO plugin. -->","yoast_head_json":{"title":"COZUMEL - Abc-latina","description":"Cozumel est la plus grande \u00eele du Mexique, entour\u00e9e d'un spectaculaire chapelet de r\u00e9cifs coralliens, un paradis pour les plongeurs.","robots":{"index":"index","follow":"follow","max-snippet":"max-snippet:-1","max-image-preview":"max-image-preview:large","max-video-preview":"max-video-preview:-1"},"canonical":"https:\/\/abc-latina.com\/mexique\/cozumel\/","og_locale":"fr_FR","og_type":"article","og_title":"COZUMEL - Abc-latina","og_description":"Cozumel est la plus grande \u00eele du Mexique, entour\u00e9e d'un spectaculaire chapelet de r\u00e9cifs coralliens, un paradis pour les plongeurs.","og_url":"https:\/\/abc-latina.com\/mexique\/cozumel\/","og_site_name":"Abc-latina","article_modified_time":"2018-06-10T17:42:24+00:00","og_image":[{"width":700,"height":285,"url":"https:\/\/abc-latina.com\/wp-content\/uploads\/2010\/06\/046-cozumel-mexique.jpg","type":"image\/jpeg"}],"twitter_card":"summary_large_image","twitter_misc":{"Dur\u00e9e de lecture estim\u00e9e":"4 minutes"},"schema":{"@context":"https:\/\/schema.org","@graph":[{"@type":"WebPage","@id":"https:\/\/abc-latina.com\/mexique\/cozumel\/","url":"https:\/\/abc-latina.com\/mexique\/cozumel\/","name":"COZUMEL - Abc-latina","isPartOf":{"@id":"https:\/\/abc-latina.com\/#website"},"primaryImageOfPage":{"@id":"https:\/\/abc-latina.com\/mexique\/cozumel\/#primaryimage"},"image":{"@id":"https:\/\/abc-latina.com\/mexique\/cozumel\/#primaryimage"},"thumbnailUrl":"https:\/\/abc-latina.com\/wp-content\/uploads\/2010\/06\/046-cozumel-mexique.jpg","datePublished":"2010-06-04T16:55:37+00:00","dateModified":"2018-06-10T17:42:24+00:00","description":"Cozumel est la plus grande \u00eele du Mexique, entour\u00e9e d'un spectaculaire chapelet de r\u00e9cifs coralliens, un paradis pour les plongeurs.","breadcrumb":{"@id":"https:\/\/abc-latina.com\/mexique\/cozumel\/#breadcrumb"},"inLanguage":"fr-FR","potentialAction":[{"@type":"ReadAction","target":["https:\/\/abc-latina.com\/mexique\/cozumel\/"]}]},{"@type":"ImageObject","inLanguage":"fr-FR","@id":"https:\/\/abc-latina.com\/mexique\/cozumel\/#primaryimage","url":"https:\/\/abc-latina.com\/wp-content\/uploads\/2010\/06\/046-cozumel-mexique.jpg","contentUrl":"https:\/\/abc-latina.com\/wp-content\/uploads\/2010\/06\/046-cozumel-mexique.jpg","width":700,"height":285,"caption":"COZUMEL - MEXIQUE"},{"@type":"BreadcrumbList","@id":"https:\/\/abc-latina.com\/mexique\/cozumel\/#breadcrumb","itemListElement":[{"@type":"ListItem","position":1,"name":"Accueil","item":"https:\/\/abc-latina.com\/"},{"@type":"ListItem","position":2,"name":"COZUMEL"}]},{"@type":"WebSite","@id":"https:\/\/abc-latina.com\/#website","url":"https:\/\/abc-latina.com\/","name":"Abc-latina","description":"","publisher":{"@id":"https:\/\/abc-latina.com\/#organization"},"potentialAction":[{"@type":"SearchAction","target":{"@type":"EntryPoint","urlTemplate":"https:\/\/abc-latina.com\/?s={search_term_string}"},"query-input":{"@type":"PropertyValueSpecification","valueRequired":true,"valueName":"search_term_string"}}],"inLanguage":"fr-FR"},{"@type":"Organization","@id":"https:\/\/abc-latina.com\/#organization","name":"Abc-latina","url":"https:\/\/abc-latina.com\/","logo":{"@type":"ImageObject","inLanguage":"fr-FR","@id":"https:\/\/abc-latina.com\/#\/schema\/logo\/image\/","url":"https:\/\/abc-latina.com\/wp-content\/uploads\/2026\/05\/cropped-logo.gif","contentUrl":"https:\/\/abc-latina.com\/wp-content\/uploads\/2026\/05\/cropped-logo.gif","width":89,"height":84,"caption":"Abc-latina"},"image":{"@id":"https:\/\/abc-latina.com\/#\/schema\/logo\/image\/"}}]}},"_links":{"self":[{"href":"https:\/\/abc-latina.com\/wp-json\/wp\/v2\/pages\/317","targetHints":{"allow":["GET"]}}],"collection":[{"href":"https:\/\/abc-latina.com\/wp-json\/wp\/v2\/pages"}],"about":[{"href":"https:\/\/abc-latina.com\/wp-json\/wp\/v2\/types\/page"}],"author":[{"embeddable":true,"href":"https:\/\/abc-latina.com\/wp-json\/wp\/v2\/users\/3"}],"replies":[{"embeddable":true,"href":"https:\/\/abc-latina.com\/wp-json\/wp\/v2\/comments?post=317"}],"version-history":[{"count":0,"href":"https:\/\/abc-latina.com\/wp-json\/wp\/v2\/pages\/317\/revisions"}],"up":[{"embeddable":true,"href":"https:\/\/abc-latina.com\/wp-json\/wp\/v2\/pages\/2308"}],"wp:featuredmedia":[{"embeddable":true,"href":"https:\/\/abc-latina.com\/wp-json\/wp\/v2\/media\/315"}],"wp:attachment":[{"href":"https:\/\/abc-latina.com\/wp-json\/wp\/v2\/media?parent=317"}],"curies":[{"name":"wp","href":"https:\/\/api.w.org\/{rel}","templated":true}]}}