{"id":321,"date":"2010-06-04T19:00:06","date_gmt":"2010-06-04T17:00:06","guid":{"rendered":"http:\/\/abc-latina.com\/guadalajara-htm\/"},"modified":"2018-06-10T19:41:17","modified_gmt":"2018-06-10T17:41:17","slug":"guadalajara","status":"publish","type":"page","link":"https:\/\/abc-latina.com\/mexique\/guadalajara\/","title":{"rendered":"GUADALAJARA"},"content":{"rendered":"<div><span class=\"tourisme-chapitre\"><img loading=\"lazy\" decoding=\"async\" class=\" alignright size-full wp-image-320\" src=\"http:\/\/abc-latina.com\/wp-content\/uploads\/2010\/06\/guadalajara.jpg\" title=\"GUADALAJARA\" alt=\"\" width=\"250\" vspace=\"9\" hspace=\"9\" height=\"250\" align=\"right\" srcset=\"https:\/\/abc-latina.com\/wp-content\/uploads\/2010\/06\/guadalajara.jpg 250w, https:\/\/abc-latina.com\/wp-content\/uploads\/2010\/06\/guadalajara-150x150.jpg 150w\" sizes=\"auto, (max-width: 250px) 100vw, 250px\" \/>Guadalajara<\/span>, capitale de Jalisco, est avec plus de 3 millions d&rsquo;habitants, la deuxi\u00e8me ville du Mexique. Cette cit\u00e9 moderne qui a su conserver son charme, a \u00e9t\u00e9 fond\u00e9e en 1542 par les colons espagnols.&nbsp;<\/div>\n<div>Le centre historique est toujours un lieu fascinant plein d&rsquo;animation et de liesse bruyante<\/div>\n<div>les habitants de Guadalajara sont pour la plupart des colons.<\/div>\n<div>Au cours des ann\u00e9es, la ville a vu s&rsquo;\u00e9riger de magnifiques \u00e9glises et des maisons patriciennes orn\u00e9es de fa\u00efences, se b\u00e2tir une c\u00e9l\u00e8bre universit\u00e9. La ville est agr\u00e9ment\u00e9e de parcs ombrag\u00e9s, et d&rsquo;arbres le long des avenues.<\/div>\n<div>Guadalajara et la patrie des <a href=\"https:\/\/www.abc-latina.com\/mexique\/div\/mariachi\">mariachis<\/a>, des rod\u00e9os, de la <a href=\"https:\/\/www.abc-latina.com\/mexique\/div\/tequila\">tequila<\/a> et de la bonne humeur.<\/div>\n<div>La ville s\u00e9duit par son ciel toujours bleu, son climat id\u00e9al, sa beaut\u00e9 et surtout par cette atmosph\u00e8re d\u00e9tendue<\/div>\n<div>&nbsp;<\/div>\n<div>Il ne faut pas manquer pas de visiter la cath\u00e9drale, dont l&rsquo;architecture pr\u00e9sente divers style puis l&rsquo;imposant palais du gouvernement avec sa fa\u00e7ade churrigueresque, l&rsquo;hospice Cabanas avec ses patios fleuris et les fa\u00efences des all\u00e9es, la splendide \u00e9glise Santa Monica, le mus\u00e9e National qui abrite une riche collection de tableaux et naturellement le march\u00e9 de la Libertad, un d\u00e9dale de ruelles et de halles.<\/div>\n<div>&nbsp;<\/div>\n<div><span class=\"tourisme-unesco\"><a href=\"..\/tour_operateur\" target=\"_blank\"><img loading=\"lazy\" decoding=\"async\" class=\" size-full wp-image-41\" alt=\"\" class=\"touroperateur\" src=\"http:\/\/abc-latina.com\/wp-content\/uploads\/2010\/04\/timbre_to.gif\" width=\"125\" height=\"90\" \/><\/a>Les environs de Guadalajara et de l&rsquo;Etat de Jalisco:<\/span><\/div>\n<div>&#8211; Puerto Vallarta est une station baln\u00e9aire, luxueuse dans une vaste baie du Pacifique.<\/div>\n<div><a href=\"https:\/\/www.abc-latina.com\/mexique\/voyages\/puerto_vallarta\">En savoir plus sur Puerto Vallarta &hellip;<\/a><\/div>\n<div>&#8211; Juanacatlan, o\u00f9 pendant la saison des pluies on peut y voir les plus grandes cascades du Mexique.<\/div>\n<div>&#8211; Les gorges du Rio Lerma, profondes de 700 m\u00e8tres, au fond desquelles poussent des arbres tropicaux dont les fruits sont vendus sur le march\u00e9 de Guadalajara.<\/div>\n<div>&#8211; Manzanillo, Port et station baln\u00e9aire sur le Pacifique, avec de jolies baies.<\/div>\n<h3>Pr\u00e9parez votre voyage \u00e0 guadalajara:<\/h3>\n<div><a href=\"https:\/\/www.abc-latina.com\/mexique\/agence_de_voyages\">Agences de voyage g\u00e9n\u00e9ralistes et discounteurs<\/a><\/div>\n<div><a href=\"https:\/\/www.abc-latina.com\/mexique\/tour_operateur\">Tours Op\u00e9rateurs sp\u00e9cialistes du Mexique<\/a><\/div>\n<div><a href=\"https:\/\/www.abc-latina.com\/to\/reservation_billet_avion\" target=\"_blank\">R\u00e9servez votre billet d&rsquo;avion<\/a><\/div>\n<div><a href=\"https:\/\/www.abc-latina.com\/mexique\/hotels\">R\u00e9servez votre h\u00f4tel \u00e0 Guadalajara<\/a>&nbsp;<\/div>\n<div><a href=\"https:\/\/www.abc-latina.com\/to\/location_de_voiture_mexique\" target=\"_blank\">Location de voiture<\/a><\/div>\n<p>&nbsp;<\/p>\n","protected":false},"excerpt":{"rendered":"<p>Guadalajara, capitale de Jalisco, est avec plus de 3 millions d&rsquo;habitants, la deuxi\u00e8me ville du Mexique. Cette cit\u00e9 moderne qui [&hellip;]<\/p>\n","protected":false},"author":3,"featured_media":320,"parent":2308,"menu_order":0,"comment_status":"closed","ping_status":"closed","template":"","meta":{"site-sidebar-layout":"default","site-content-layout":"","ast-site-content-layout":"default","site-content-style":"default","site-sidebar-style":"default","ast-global-header-display":"","ast-banner-title-visibility":"","ast-main-header-display":"","ast-hfb-above-header-display":"","ast-hfb-below-header-display":"","ast-hfb-mobile-header-display":"","site-post-title":"","ast-breadcrumbs-content":"","ast-featured-img":"","footer-sml-layout":"","ast-disable-related-posts":"","theme-transparent-header-meta":"","adv-header-id-meta":"","stick-header-meta":"","header-above-stick-meta":"","header-main-stick-meta":"","header-below-stick-meta":"","astra-migrate-meta-layouts":"default","ast-page-background-enabled":"default","ast-page-background-meta":{"desktop":{"background-color":"var(--ast-global-color-5)","background-image":"","background-repeat":"repeat","background-position":"center center","background-size":"auto","background-attachment":"scroll","background-type":"","background-media":"","overlay-type":"","overlay-color":"","overlay-opacity":"","overlay-gradient":""},"tablet":{"background-color":"","background-image":"","background-repeat":"repeat","background-position":"center center","background-size":"auto","background-attachment":"scroll","background-type":"","background-media":"","overlay-type":"","overlay-color":"","overlay-opacity":"","overlay-gradient":""},"mobile":{"background-color":"","background-image":"","background-repeat":"repeat","background-position":"center center","background-size":"auto","background-attachment":"scroll","background-type":"","background-media":"","overlay-type":"","overlay-color":"","overlay-opacity":"","overlay-gradient":""}},"ast-content-background-meta":{"desktop":{"background-color":"var(--ast-global-color-4)","background-image":"","background-repeat":"repeat","background-position":"center center","background-size":"auto","background-attachment":"scroll","background-type":"","background-media":"","overlay-type":"","overlay-color":"","overlay-opacity":"","overlay-gradient":""},"tablet":{"background-color":"var(--ast-global-color-4)","background-image":"","background-repeat":"repeat","background-position":"center center","background-size":"auto","background-attachment":"scroll","background-type":"","background-media":"","overlay-type":"","overlay-color":"","overlay-opacity":"","overlay-gradient":""},"mobile":{"background-color":"var(--ast-global-color-4)","background-image":"","background-repeat":"repeat","background-position":"center center","background-size":"auto","background-attachment":"scroll","background-type":"","background-media":"","overlay-type":"","overlay-color":"","overlay-opacity":"","overlay-gradient":""}},"footnotes":""},"class_list":["post-321","page","type-page","status-publish","has-post-thumbnail","hentry"],"yoast_head":"<!-- This site is optimized with the Yoast SEO plugin v27.5 - https:\/\/yoast.com\/product\/yoast-seo-wordpress\/ -->\n<title>GUADALAJARA - Abc-latina<\/title>\n<meta name=\"description\" content=\"Cit\u00e9 moderne qui a su conserver son charme. Le centre historique de Guadalajara est toujours un lieu fascinant plein d&#039;animation et de liesse bruyante.\" \/>\n<meta name=\"robots\" content=\"index, follow, max-snippet:-1, max-image-preview:large, max-video-preview:-1\" \/>\n<link rel=\"canonical\" href=\"https:\/\/abc-latina.com\/mexique\/guadalajara\/\" \/>\n<meta property=\"og:locale\" content=\"fr_FR\" \/>\n<meta property=\"og:type\" content=\"article\" \/>\n<meta property=\"og:title\" content=\"GUADALAJARA - Abc-latina\" \/>\n<meta property=\"og:description\" content=\"Cit\u00e9 moderne qui a su conserver son charme. Le centre historique de Guadalajara est toujours un lieu fascinant plein d&#039;animation et de liesse bruyante.\" \/>\n<meta property=\"og:url\" content=\"https:\/\/abc-latina.com\/mexique\/guadalajara\/\" \/>\n<meta property=\"og:site_name\" content=\"Abc-latina\" \/>\n<meta property=\"article:modified_time\" content=\"2018-06-10T17:41:17+00:00\" \/>\n<meta property=\"og:image\" content=\"https:\/\/abc-latina.com\/wp-content\/uploads\/2010\/06\/guadalajara.jpg\" \/>\n\t<meta property=\"og:image:width\" content=\"250\" \/>\n\t<meta property=\"og:image:height\" content=\"250\" \/>\n\t<meta property=\"og:image:type\" content=\"image\/jpeg\" \/>\n<meta name=\"twitter:card\" content=\"summary_large_image\" \/>\n<meta name=\"twitter:label1\" content=\"Dur\u00e9e de lecture estim\u00e9e\" \/>\n\t<meta name=\"twitter:data1\" content=\"2 minutes\" \/>\n<script type=\"application\/ld+json\" class=\"yoast-schema-graph\">{\"@context\":\"https:\\\/\\\/schema.org\",\"@graph\":[{\"@type\":\"WebPage\",\"@id\":\"https:\\\/\\\/abc-latina.com\\\/mexique\\\/guadalajara\\\/\",\"url\":\"https:\\\/\\\/abc-latina.com\\\/mexique\\\/guadalajara\\\/\",\"name\":\"GUADALAJARA - Abc-latina\",\"isPartOf\":{\"@id\":\"https:\\\/\\\/abc-latina.com\\\/#website\"},\"primaryImageOfPage\":{\"@id\":\"https:\\\/\\\/abc-latina.com\\\/mexique\\\/guadalajara\\\/#primaryimage\"},\"image\":{\"@id\":\"https:\\\/\\\/abc-latina.com\\\/mexique\\\/guadalajara\\\/#primaryimage\"},\"thumbnailUrl\":\"https:\\\/\\\/abc-latina.com\\\/wp-content\\\/uploads\\\/2010\\\/06\\\/guadalajara.jpg\",\"datePublished\":\"2010-06-04T17:00:06+00:00\",\"dateModified\":\"2018-06-10T17:41:17+00:00\",\"description\":\"Cit\u00e9 moderne qui a su conserver son charme. Le centre historique de Guadalajara est toujours un lieu fascinant plein d'animation et de liesse bruyante.\",\"breadcrumb\":{\"@id\":\"https:\\\/\\\/abc-latina.com\\\/mexique\\\/guadalajara\\\/#breadcrumb\"},\"inLanguage\":\"fr-FR\",\"potentialAction\":[{\"@type\":\"ReadAction\",\"target\":[\"https:\\\/\\\/abc-latina.com\\\/mexique\\\/guadalajara\\\/\"]}]},{\"@type\":\"ImageObject\",\"inLanguage\":\"fr-FR\",\"@id\":\"https:\\\/\\\/abc-latina.com\\\/mexique\\\/guadalajara\\\/#primaryimage\",\"url\":\"https:\\\/\\\/abc-latina.com\\\/wp-content\\\/uploads\\\/2010\\\/06\\\/guadalajara.jpg\",\"contentUrl\":\"https:\\\/\\\/abc-latina.com\\\/wp-content\\\/uploads\\\/2010\\\/06\\\/guadalajara.jpg\",\"width\":250,\"height\":250,\"caption\":\"GUADALAJARA\"},{\"@type\":\"BreadcrumbList\",\"@id\":\"https:\\\/\\\/abc-latina.com\\\/mexique\\\/guadalajara\\\/#breadcrumb\",\"itemListElement\":[{\"@type\":\"ListItem\",\"position\":1,\"name\":\"Accueil\",\"item\":\"https:\\\/\\\/abc-latina.com\\\/\"},{\"@type\":\"ListItem\",\"position\":2,\"name\":\"GUADALAJARA\"}]},{\"@type\":\"WebSite\",\"@id\":\"https:\\\/\\\/abc-latina.com\\\/#website\",\"url\":\"https:\\\/\\\/abc-latina.com\\\/\",\"name\":\"Abc-latina\",\"description\":\"\",\"publisher\":{\"@id\":\"https:\\\/\\\/abc-latina.com\\\/#organization\"},\"potentialAction\":[{\"@type\":\"SearchAction\",\"target\":{\"@type\":\"EntryPoint\",\"urlTemplate\":\"https:\\\/\\\/abc-latina.com\\\/?s={search_term_string}\"},\"query-input\":{\"@type\":\"PropertyValueSpecification\",\"valueRequired\":true,\"valueName\":\"search_term_string\"}}],\"inLanguage\":\"fr-FR\"},{\"@type\":\"Organization\",\"@id\":\"https:\\\/\\\/abc-latina.com\\\/#organization\",\"name\":\"Abc-latina\",\"url\":\"https:\\\/\\\/abc-latina.com\\\/\",\"logo\":{\"@type\":\"ImageObject\",\"inLanguage\":\"fr-FR\",\"@id\":\"https:\\\/\\\/abc-latina.com\\\/#\\\/schema\\\/logo\\\/image\\\/\",\"url\":\"https:\\\/\\\/abc-latina.com\\\/wp-content\\\/uploads\\\/2026\\\/05\\\/cropped-logo.gif\",\"contentUrl\":\"https:\\\/\\\/abc-latina.com\\\/wp-content\\\/uploads\\\/2026\\\/05\\\/cropped-logo.gif\",\"width\":89,\"height\":84,\"caption\":\"Abc-latina\"},\"image\":{\"@id\":\"https:\\\/\\\/abc-latina.com\\\/#\\\/schema\\\/logo\\\/image\\\/\"}}]}<\/script>\n<!-- \/ Yoast SEO plugin. -->","yoast_head_json":{"title":"GUADALAJARA - Abc-latina","description":"Cit\u00e9 moderne qui a su conserver son charme. Le centre historique de Guadalajara est toujours un lieu fascinant plein d'animation et de liesse bruyante.","robots":{"index":"index","follow":"follow","max-snippet":"max-snippet:-1","max-image-preview":"max-image-preview:large","max-video-preview":"max-video-preview:-1"},"canonical":"https:\/\/abc-latina.com\/mexique\/guadalajara\/","og_locale":"fr_FR","og_type":"article","og_title":"GUADALAJARA - Abc-latina","og_description":"Cit\u00e9 moderne qui a su conserver son charme. Le centre historique de Guadalajara est toujours un lieu fascinant plein d'animation et de liesse bruyante.","og_url":"https:\/\/abc-latina.com\/mexique\/guadalajara\/","og_site_name":"Abc-latina","article_modified_time":"2018-06-10T17:41:17+00:00","og_image":[{"width":250,"height":250,"url":"https:\/\/abc-latina.com\/wp-content\/uploads\/2010\/06\/guadalajara.jpg","type":"image\/jpeg"}],"twitter_card":"summary_large_image","twitter_misc":{"Dur\u00e9e de lecture estim\u00e9e":"2 minutes"},"schema":{"@context":"https:\/\/schema.org","@graph":[{"@type":"WebPage","@id":"https:\/\/abc-latina.com\/mexique\/guadalajara\/","url":"https:\/\/abc-latina.com\/mexique\/guadalajara\/","name":"GUADALAJARA - Abc-latina","isPartOf":{"@id":"https:\/\/abc-latina.com\/#website"},"primaryImageOfPage":{"@id":"https:\/\/abc-latina.com\/mexique\/guadalajara\/#primaryimage"},"image":{"@id":"https:\/\/abc-latina.com\/mexique\/guadalajara\/#primaryimage"},"thumbnailUrl":"https:\/\/abc-latina.com\/wp-content\/uploads\/2010\/06\/guadalajara.jpg","datePublished":"2010-06-04T17:00:06+00:00","dateModified":"2018-06-10T17:41:17+00:00","description":"Cit\u00e9 moderne qui a su conserver son charme. Le centre historique de Guadalajara est toujours un lieu fascinant plein d'animation et de liesse bruyante.","breadcrumb":{"@id":"https:\/\/abc-latina.com\/mexique\/guadalajara\/#breadcrumb"},"inLanguage":"fr-FR","potentialAction":[{"@type":"ReadAction","target":["https:\/\/abc-latina.com\/mexique\/guadalajara\/"]}]},{"@type":"ImageObject","inLanguage":"fr-FR","@id":"https:\/\/abc-latina.com\/mexique\/guadalajara\/#primaryimage","url":"https:\/\/abc-latina.com\/wp-content\/uploads\/2010\/06\/guadalajara.jpg","contentUrl":"https:\/\/abc-latina.com\/wp-content\/uploads\/2010\/06\/guadalajara.jpg","width":250,"height":250,"caption":"GUADALAJARA"},{"@type":"BreadcrumbList","@id":"https:\/\/abc-latina.com\/mexique\/guadalajara\/#breadcrumb","itemListElement":[{"@type":"ListItem","position":1,"name":"Accueil","item":"https:\/\/abc-latina.com\/"},{"@type":"ListItem","position":2,"name":"GUADALAJARA"}]},{"@type":"WebSite","@id":"https:\/\/abc-latina.com\/#website","url":"https:\/\/abc-latina.com\/","name":"Abc-latina","description":"","publisher":{"@id":"https:\/\/abc-latina.com\/#organization"},"potentialAction":[{"@type":"SearchAction","target":{"@type":"EntryPoint","urlTemplate":"https:\/\/abc-latina.com\/?s={search_term_string}"},"query-input":{"@type":"PropertyValueSpecification","valueRequired":true,"valueName":"search_term_string"}}],"inLanguage":"fr-FR"},{"@type":"Organization","@id":"https:\/\/abc-latina.com\/#organization","name":"Abc-latina","url":"https:\/\/abc-latina.com\/","logo":{"@type":"ImageObject","inLanguage":"fr-FR","@id":"https:\/\/abc-latina.com\/#\/schema\/logo\/image\/","url":"https:\/\/abc-latina.com\/wp-content\/uploads\/2026\/05\/cropped-logo.gif","contentUrl":"https:\/\/abc-latina.com\/wp-content\/uploads\/2026\/05\/cropped-logo.gif","width":89,"height":84,"caption":"Abc-latina"},"image":{"@id":"https:\/\/abc-latina.com\/#\/schema\/logo\/image\/"}}]}},"_links":{"self":[{"href":"https:\/\/abc-latina.com\/wp-json\/wp\/v2\/pages\/321","targetHints":{"allow":["GET"]}}],"collection":[{"href":"https:\/\/abc-latina.com\/wp-json\/wp\/v2\/pages"}],"about":[{"href":"https:\/\/abc-latina.com\/wp-json\/wp\/v2\/types\/page"}],"author":[{"embeddable":true,"href":"https:\/\/abc-latina.com\/wp-json\/wp\/v2\/users\/3"}],"replies":[{"embeddable":true,"href":"https:\/\/abc-latina.com\/wp-json\/wp\/v2\/comments?post=321"}],"version-history":[{"count":0,"href":"https:\/\/abc-latina.com\/wp-json\/wp\/v2\/pages\/321\/revisions"}],"up":[{"embeddable":true,"href":"https:\/\/abc-latina.com\/wp-json\/wp\/v2\/pages\/2308"}],"wp:featuredmedia":[{"embeddable":true,"href":"https:\/\/abc-latina.com\/wp-json\/wp\/v2\/media\/320"}],"wp:attachment":[{"href":"https:\/\/abc-latina.com\/wp-json\/wp\/v2\/media?parent=321"}],"curies":[{"name":"wp","href":"https:\/\/api.w.org\/{rel}","templated":true}]}}