{"id":323,"date":"2010-06-04T19:02:52","date_gmt":"2010-06-04T17:02:52","guid":{"rendered":"http:\/\/abc-latina.com\/isla_mujeres-htm\/"},"modified":"2018-06-10T19:40:41","modified_gmt":"2018-06-10T17:40:41","slug":"isla_mujeres","status":"publish","type":"page","link":"https:\/\/abc-latina.com\/mexique\/isla_mujeres\/","title":{"rendered":"ISLA MUJERES"},"content":{"rendered":"<div><img loading=\"lazy\" decoding=\"async\" class=\" alignright size-full wp-image-322\" src=\"http:\/\/abc-latina.com\/wp-content\/uploads\/2010\/06\/isla-mujeres.jpg\" style=\"margin: 5px 22px; float: right;\" alt=\"\" width=\"180\" height=\"250\" \/><span class=\"tourisme-chapitre\">Isla Mujeres<\/span>, ou l&rsquo;\u00eele des femmes, mesure 8 km de long, et son point le plus large est de 800 m. Son nom lui aurait \u00e9t\u00e9 donn\u00e9 en 1517 par Francisco Hern\u00e1ndez de C\u00f3rdoba, qui dirigeait une exp\u00e9dition espagnole \u00e0 la recherche de main-d&rsquo;oeuvre pour exploiter les mines d&rsquo;or de <a href=\"https:\/\/www.abc-latina.com\/cuba\/\" target=\"_blank\">Cuba<\/a>. Les nombreuses statues repr\u00e9sentant des femmes qui se trouvaient dans les temples mayas de l&rsquo;\u00eele auraient inspir\u00e9 ce nom \u00e0 C\u00f3rdoba. La majorit\u00e9 de ces temples avaient sans doute \u00e9t\u00e9 construits en hommage \u00e0 Ix-Chel, la d\u00e9esse de la Lune et de la F\u00e9condit\u00e9. Il semble que les <a href=\"https:\/\/www.abc-latina.com\/civilisations\/maya\" target=\"_blank\">Mayas<\/a> n&rsquo;ont jamais habit\u00e9 Isla Mujeres. L&rsquo;\u00eele leur servait sans doute uniquement de lieu de p\u00e8lerinage. Aujourd&rsquo;hui l&rsquo;\u00eele est tr\u00e8s appr\u00e9ci\u00e9e pour la beaut\u00e9 de ses plages, ses r\u00e9cifs de corail, ses temples et son paysage. De plus, on y trouve de tr\u00e8s bons restaurants, des h\u00f4tels offrant un bon rapport qualit\u00e9\/prix et de nombreuses boutiques d&rsquo;artisanat.&nbsp;<\/p>\n<div>&nbsp;<\/div>\n<div>La ville d&rsquo;Isla Mujeres, avec ses 10 000 habitants, s&rsquo;\u00e9tend au nord de l&rsquo;\u00eele compte une quinzaine de rues qui s&rsquo;entrecoupent. Les balcons en fer forg\u00e9 et les murs blanchis \u00e0 la chaux lui donnent un petit air tout \u00e0 fait mexicain. L&rsquo;essentiel des restaurants, h\u00f4tels et boutiques de l&rsquo;\u00eele se situe dans cette petite ville, o\u00f9 il fait bon se promener en dehors des heures d&rsquo;affluence.Quant \u00e0 ceux qui sont \u00e0 la recherche d&rsquo;animation, ils ne manqueront pas de se rendre \u00e0 la Casa de la Cultura (Av. Guerrero), o\u00f9, deux fois par jour, la musique bat son plein et o\u00f9 musiciens, danseurs, peintres et autres artistes locaux s&rsquo;expriment de mille et une fa\u00e7ons.<\/div>\n<div>&nbsp;<\/div>\n<div>Dans le sud de l&rsquo;\u00eele, vous pourrez visiter la ferme Tortugranja, une ferme d&rsquo;\u00e9levage de tortues. \u00c9tant donn\u00e9 le d\u00e9clin rapide de la population des tortues dans les Cara\u00efbes, l&rsquo;organisme environnemental Eco Caribe a pris la responsabilit\u00e9 de proc\u00e9der \u00e0 l&rsquo;\u00e9levage, \u00e0 l&rsquo;\u00e9tude et \u00e0 la sauvegarde des esp\u00e8ces menac\u00e9es.<\/div>\n<div>&nbsp;<\/div>\n<div><a href=\"..\/tour_operateur\" target=\"_blank\"><img loading=\"lazy\" decoding=\"async\" class=\" size-full wp-image-41\" alt=\"\" class=\"touroperateur\" src=\"http:\/\/abc-latina.com\/wp-content\/uploads\/2010\/04\/timbre_to.gif\" width=\"125\" height=\"90\" \/><\/a>Autre attrait incontournable \u00e0 ne pas manquer, les ruines du temple de la d\u00e9esse Ix-Chel. Situ\u00e9es \u00e0 la pointe sud de l&rsquo;\u00eele, sur une falaise pr\u00e8s du phare, les ruines ont malheureusement presque \u00e9t\u00e9 enti\u00e8rement balay\u00e9es par le terrible ouragan Gilbert en 1988. Toutefois, on y devine encore aujourd&rsquo;hui les murs et l&rsquo;architecture. En plus d&rsquo;\u00eatre un lieu de p\u00e8lerinage, le temple servait \u00e9galement autrefois de poste d&rsquo;observation astronomique.<\/div>\n<div>&nbsp;<\/div>\n<div>Enfin, tr\u00e8s populaire aupr\u00e8s des plongeurs, le parc national El Garraf\u00f3n est un endroit couru par les d\u00e9butants pour la plong\u00e9e-tuba en raison de ses eaux calmes. Dans le parc, vous trouverez \u00e9galement un aquarium, un petit mus\u00e9e, un restaurant de fruits de mer, un vestiaire, des casiers et des douches.<\/div>\n<h3>Pr\u00e9parez votre voyage \u00e0 la Isla mujeres:<\/h3>\n<div><a href=\"https:\/\/www.abc-latina.com\/mexique\/agence_de_voyages\">Agences de voyage g\u00e9n\u00e9ralistes et discounteurs<\/a><\/div>\n<div><a href=\"https:\/\/www.abc-latina.com\/mexique\/tour_operateur\">Tours Op\u00e9rateurs sp\u00e9cialistes du Mexique<\/a><\/div>\n<div><a href=\"https:\/\/www.abc-latina.com\/to\/reservation_billet_avion\" target=\"_blank\">R\u00e9servez votre billet d&rsquo;avion<\/a><\/div>\n<div><a href=\"https:\/\/www.abc-latina.com\/mexique\/hotels\">R\u00e9servez votre h\u00f4tel \u00e0 la Isla mujeres<\/a>&nbsp;<\/div>\n<div><a href=\"https:\/\/www.abc-latina.com\/to\/location_de_voiture_mexique\" target=\"_blank\">Location de voiture<\/a><\/div>\n<p>&nbsp;<\/p>\n<\/div>\n","protected":false},"excerpt":{"rendered":"<p>Isla Mujeres, ou l&rsquo;\u00eele des femmes, mesure 8 km de long, et son point le plus large est de 800 [&hellip;]<\/p>\n","protected":false},"author":3,"featured_media":322,"parent":2308,"menu_order":0,"comment_status":"closed","ping_status":"closed","template":"","meta":{"site-sidebar-layout":"default","site-content-layout":"","ast-site-content-layout":"default","site-content-style":"default","site-sidebar-style":"default","ast-global-header-display":"","ast-banner-title-visibility":"","ast-main-header-display":"","ast-hfb-above-header-display":"","ast-hfb-below-header-display":"","ast-hfb-mobile-header-display":"","site-post-title":"","ast-breadcrumbs-content":"","ast-featured-img":"","footer-sml-layout":"","ast-disable-related-posts":"","theme-transparent-header-meta":"","adv-header-id-meta":"","stick-header-meta":"","header-above-stick-meta":"","header-main-stick-meta":"","header-below-stick-meta":"","astra-migrate-meta-layouts":"default","ast-page-background-enabled":"default","ast-page-background-meta":{"desktop":{"background-color":"var(--ast-global-color-5)","background-image":"","background-repeat":"repeat","background-position":"center center","background-size":"auto","background-attachment":"scroll","background-type":"","background-media":"","overlay-type":"","overlay-color":"","overlay-opacity":"","overlay-gradient":""},"tablet":{"background-color":"","background-image":"","background-repeat":"repeat","background-position":"center center","background-size":"auto","background-attachment":"scroll","background-type":"","background-media":"","overlay-type":"","overlay-color":"","overlay-opacity":"","overlay-gradient":""},"mobile":{"background-color":"","background-image":"","background-repeat":"repeat","background-position":"center center","background-size":"auto","background-attachment":"scroll","background-type":"","background-media":"","overlay-type":"","overlay-color":"","overlay-opacity":"","overlay-gradient":""}},"ast-content-background-meta":{"desktop":{"background-color":"var(--ast-global-color-4)","background-image":"","background-repeat":"repeat","background-position":"center center","background-size":"auto","background-attachment":"scroll","background-type":"","background-media":"","overlay-type":"","overlay-color":"","overlay-opacity":"","overlay-gradient":""},"tablet":{"background-color":"var(--ast-global-color-4)","background-image":"","background-repeat":"repeat","background-position":"center center","background-size":"auto","background-attachment":"scroll","background-type":"","background-media":"","overlay-type":"","overlay-color":"","overlay-opacity":"","overlay-gradient":""},"mobile":{"background-color":"var(--ast-global-color-4)","background-image":"","background-repeat":"repeat","background-position":"center center","background-size":"auto","background-attachment":"scroll","background-type":"","background-media":"","overlay-type":"","overlay-color":"","overlay-opacity":"","overlay-gradient":""}},"footnotes":""},"class_list":["post-323","page","type-page","status-publish","has-post-thumbnail","hentry"],"yoast_head":"<!-- This site is optimized with the Yoast SEO plugin v27.5 - https:\/\/yoast.com\/product\/yoast-seo-wordpress\/ -->\n<title>ISLA MUJERES - Abc-latina<\/title>\n<meta name=\"description\" content=\"Isla Mujeres est tr\u00e8s appr\u00e9ci\u00e9e pour la beaut\u00e9 de ses plages, ses r\u00e9cifs de corail, ses temples et son paysage.\" \/>\n<meta name=\"robots\" content=\"index, follow, max-snippet:-1, max-image-preview:large, max-video-preview:-1\" \/>\n<link rel=\"canonical\" href=\"https:\/\/abc-latina.com\/mexique\/isla_mujeres\/\" \/>\n<meta property=\"og:locale\" content=\"fr_FR\" \/>\n<meta property=\"og:type\" content=\"article\" \/>\n<meta property=\"og:title\" content=\"ISLA MUJERES - Abc-latina\" \/>\n<meta property=\"og:description\" content=\"Isla Mujeres est tr\u00e8s appr\u00e9ci\u00e9e pour la beaut\u00e9 de ses plages, ses r\u00e9cifs de corail, ses temples et son paysage.\" \/>\n<meta property=\"og:url\" content=\"https:\/\/abc-latina.com\/mexique\/isla_mujeres\/\" \/>\n<meta property=\"og:site_name\" content=\"Abc-latina\" \/>\n<meta property=\"article:modified_time\" content=\"2018-06-10T17:40:41+00:00\" \/>\n<meta property=\"og:image\" content=\"https:\/\/abc-latina.com\/wp-content\/uploads\/2010\/06\/isla-mujeres.jpg\" \/>\n\t<meta property=\"og:image:width\" content=\"180\" \/>\n\t<meta property=\"og:image:height\" content=\"250\" \/>\n\t<meta property=\"og:image:type\" content=\"image\/jpeg\" \/>\n<meta name=\"twitter:card\" content=\"summary_large_image\" \/>\n<meta name=\"twitter:label1\" content=\"Dur\u00e9e de lecture estim\u00e9e\" \/>\n\t<meta name=\"twitter:data1\" content=\"3 minutes\" \/>\n<script type=\"application\/ld+json\" class=\"yoast-schema-graph\">{\"@context\":\"https:\\\/\\\/schema.org\",\"@graph\":[{\"@type\":\"WebPage\",\"@id\":\"https:\\\/\\\/abc-latina.com\\\/mexique\\\/isla_mujeres\\\/\",\"url\":\"https:\\\/\\\/abc-latina.com\\\/mexique\\\/isla_mujeres\\\/\",\"name\":\"ISLA MUJERES - Abc-latina\",\"isPartOf\":{\"@id\":\"https:\\\/\\\/abc-latina.com\\\/#website\"},\"primaryImageOfPage\":{\"@id\":\"https:\\\/\\\/abc-latina.com\\\/mexique\\\/isla_mujeres\\\/#primaryimage\"},\"image\":{\"@id\":\"https:\\\/\\\/abc-latina.com\\\/mexique\\\/isla_mujeres\\\/#primaryimage\"},\"thumbnailUrl\":\"https:\\\/\\\/abc-latina.com\\\/wp-content\\\/uploads\\\/2010\\\/06\\\/isla-mujeres.jpg\",\"datePublished\":\"2010-06-04T17:02:52+00:00\",\"dateModified\":\"2018-06-10T17:40:41+00:00\",\"description\":\"Isla Mujeres est tr\u00e8s appr\u00e9ci\u00e9e pour la beaut\u00e9 de ses plages, ses r\u00e9cifs de corail, ses temples et son paysage.\",\"breadcrumb\":{\"@id\":\"https:\\\/\\\/abc-latina.com\\\/mexique\\\/isla_mujeres\\\/#breadcrumb\"},\"inLanguage\":\"fr-FR\",\"potentialAction\":[{\"@type\":\"ReadAction\",\"target\":[\"https:\\\/\\\/abc-latina.com\\\/mexique\\\/isla_mujeres\\\/\"]}]},{\"@type\":\"ImageObject\",\"inLanguage\":\"fr-FR\",\"@id\":\"https:\\\/\\\/abc-latina.com\\\/mexique\\\/isla_mujeres\\\/#primaryimage\",\"url\":\"https:\\\/\\\/abc-latina.com\\\/wp-content\\\/uploads\\\/2010\\\/06\\\/isla-mujeres.jpg\",\"contentUrl\":\"https:\\\/\\\/abc-latina.com\\\/wp-content\\\/uploads\\\/2010\\\/06\\\/isla-mujeres.jpg\",\"width\":180,\"height\":250},{\"@type\":\"BreadcrumbList\",\"@id\":\"https:\\\/\\\/abc-latina.com\\\/mexique\\\/isla_mujeres\\\/#breadcrumb\",\"itemListElement\":[{\"@type\":\"ListItem\",\"position\":1,\"name\":\"Accueil\",\"item\":\"https:\\\/\\\/abc-latina.com\\\/\"},{\"@type\":\"ListItem\",\"position\":2,\"name\":\"ISLA MUJERES\"}]},{\"@type\":\"WebSite\",\"@id\":\"https:\\\/\\\/abc-latina.com\\\/#website\",\"url\":\"https:\\\/\\\/abc-latina.com\\\/\",\"name\":\"Abc-latina\",\"description\":\"\",\"publisher\":{\"@id\":\"https:\\\/\\\/abc-latina.com\\\/#organization\"},\"potentialAction\":[{\"@type\":\"SearchAction\",\"target\":{\"@type\":\"EntryPoint\",\"urlTemplate\":\"https:\\\/\\\/abc-latina.com\\\/?s={search_term_string}\"},\"query-input\":{\"@type\":\"PropertyValueSpecification\",\"valueRequired\":true,\"valueName\":\"search_term_string\"}}],\"inLanguage\":\"fr-FR\"},{\"@type\":\"Organization\",\"@id\":\"https:\\\/\\\/abc-latina.com\\\/#organization\",\"name\":\"Abc-latina\",\"url\":\"https:\\\/\\\/abc-latina.com\\\/\",\"logo\":{\"@type\":\"ImageObject\",\"inLanguage\":\"fr-FR\",\"@id\":\"https:\\\/\\\/abc-latina.com\\\/#\\\/schema\\\/logo\\\/image\\\/\",\"url\":\"https:\\\/\\\/abc-latina.com\\\/wp-content\\\/uploads\\\/2026\\\/05\\\/cropped-logo.gif\",\"contentUrl\":\"https:\\\/\\\/abc-latina.com\\\/wp-content\\\/uploads\\\/2026\\\/05\\\/cropped-logo.gif\",\"width\":89,\"height\":84,\"caption\":\"Abc-latina\"},\"image\":{\"@id\":\"https:\\\/\\\/abc-latina.com\\\/#\\\/schema\\\/logo\\\/image\\\/\"}}]}<\/script>\n<!-- \/ Yoast SEO plugin. -->","yoast_head_json":{"title":"ISLA MUJERES - Abc-latina","description":"Isla Mujeres est tr\u00e8s appr\u00e9ci\u00e9e pour la beaut\u00e9 de ses plages, ses r\u00e9cifs de corail, ses temples et son paysage.","robots":{"index":"index","follow":"follow","max-snippet":"max-snippet:-1","max-image-preview":"max-image-preview:large","max-video-preview":"max-video-preview:-1"},"canonical":"https:\/\/abc-latina.com\/mexique\/isla_mujeres\/","og_locale":"fr_FR","og_type":"article","og_title":"ISLA MUJERES - Abc-latina","og_description":"Isla Mujeres est tr\u00e8s appr\u00e9ci\u00e9e pour la beaut\u00e9 de ses plages, ses r\u00e9cifs de corail, ses temples et son paysage.","og_url":"https:\/\/abc-latina.com\/mexique\/isla_mujeres\/","og_site_name":"Abc-latina","article_modified_time":"2018-06-10T17:40:41+00:00","og_image":[{"width":180,"height":250,"url":"https:\/\/abc-latina.com\/wp-content\/uploads\/2010\/06\/isla-mujeres.jpg","type":"image\/jpeg"}],"twitter_card":"summary_large_image","twitter_misc":{"Dur\u00e9e de lecture estim\u00e9e":"3 minutes"},"schema":{"@context":"https:\/\/schema.org","@graph":[{"@type":"WebPage","@id":"https:\/\/abc-latina.com\/mexique\/isla_mujeres\/","url":"https:\/\/abc-latina.com\/mexique\/isla_mujeres\/","name":"ISLA MUJERES - Abc-latina","isPartOf":{"@id":"https:\/\/abc-latina.com\/#website"},"primaryImageOfPage":{"@id":"https:\/\/abc-latina.com\/mexique\/isla_mujeres\/#primaryimage"},"image":{"@id":"https:\/\/abc-latina.com\/mexique\/isla_mujeres\/#primaryimage"},"thumbnailUrl":"https:\/\/abc-latina.com\/wp-content\/uploads\/2010\/06\/isla-mujeres.jpg","datePublished":"2010-06-04T17:02:52+00:00","dateModified":"2018-06-10T17:40:41+00:00","description":"Isla Mujeres est tr\u00e8s appr\u00e9ci\u00e9e pour la beaut\u00e9 de ses plages, ses r\u00e9cifs de corail, ses temples et son paysage.","breadcrumb":{"@id":"https:\/\/abc-latina.com\/mexique\/isla_mujeres\/#breadcrumb"},"inLanguage":"fr-FR","potentialAction":[{"@type":"ReadAction","target":["https:\/\/abc-latina.com\/mexique\/isla_mujeres\/"]}]},{"@type":"ImageObject","inLanguage":"fr-FR","@id":"https:\/\/abc-latina.com\/mexique\/isla_mujeres\/#primaryimage","url":"https:\/\/abc-latina.com\/wp-content\/uploads\/2010\/06\/isla-mujeres.jpg","contentUrl":"https:\/\/abc-latina.com\/wp-content\/uploads\/2010\/06\/isla-mujeres.jpg","width":180,"height":250},{"@type":"BreadcrumbList","@id":"https:\/\/abc-latina.com\/mexique\/isla_mujeres\/#breadcrumb","itemListElement":[{"@type":"ListItem","position":1,"name":"Accueil","item":"https:\/\/abc-latina.com\/"},{"@type":"ListItem","position":2,"name":"ISLA MUJERES"}]},{"@type":"WebSite","@id":"https:\/\/abc-latina.com\/#website","url":"https:\/\/abc-latina.com\/","name":"Abc-latina","description":"","publisher":{"@id":"https:\/\/abc-latina.com\/#organization"},"potentialAction":[{"@type":"SearchAction","target":{"@type":"EntryPoint","urlTemplate":"https:\/\/abc-latina.com\/?s={search_term_string}"},"query-input":{"@type":"PropertyValueSpecification","valueRequired":true,"valueName":"search_term_string"}}],"inLanguage":"fr-FR"},{"@type":"Organization","@id":"https:\/\/abc-latina.com\/#organization","name":"Abc-latina","url":"https:\/\/abc-latina.com\/","logo":{"@type":"ImageObject","inLanguage":"fr-FR","@id":"https:\/\/abc-latina.com\/#\/schema\/logo\/image\/","url":"https:\/\/abc-latina.com\/wp-content\/uploads\/2026\/05\/cropped-logo.gif","contentUrl":"https:\/\/abc-latina.com\/wp-content\/uploads\/2026\/05\/cropped-logo.gif","width":89,"height":84,"caption":"Abc-latina"},"image":{"@id":"https:\/\/abc-latina.com\/#\/schema\/logo\/image\/"}}]}},"_links":{"self":[{"href":"https:\/\/abc-latina.com\/wp-json\/wp\/v2\/pages\/323","targetHints":{"allow":["GET"]}}],"collection":[{"href":"https:\/\/abc-latina.com\/wp-json\/wp\/v2\/pages"}],"about":[{"href":"https:\/\/abc-latina.com\/wp-json\/wp\/v2\/types\/page"}],"author":[{"embeddable":true,"href":"https:\/\/abc-latina.com\/wp-json\/wp\/v2\/users\/3"}],"replies":[{"embeddable":true,"href":"https:\/\/abc-latina.com\/wp-json\/wp\/v2\/comments?post=323"}],"version-history":[{"count":0,"href":"https:\/\/abc-latina.com\/wp-json\/wp\/v2\/pages\/323\/revisions"}],"up":[{"embeddable":true,"href":"https:\/\/abc-latina.com\/wp-json\/wp\/v2\/pages\/2308"}],"wp:featuredmedia":[{"embeddable":true,"href":"https:\/\/abc-latina.com\/wp-json\/wp\/v2\/media\/322"}],"wp:attachment":[{"href":"https:\/\/abc-latina.com\/wp-json\/wp\/v2\/media?parent=323"}],"curies":[{"name":"wp","href":"https:\/\/api.w.org\/{rel}","templated":true}]}}