{"id":325,"date":"2010-06-04T22:46:41","date_gmt":"2010-06-04T20:46:41","guid":{"rendered":"http:\/\/abc-latina.com\/merida-htm\/"},"modified":"2018-06-10T19:39:54","modified_gmt":"2018-06-10T17:39:54","slug":"merida","status":"publish","type":"page","link":"https:\/\/abc-latina.com\/mexique\/merida\/","title":{"rendered":"MERIDA"},"content":{"rendered":"<div><span class=\"tourisme-chapitre\"><img loading=\"lazy\" decoding=\"async\" class=\" alignright size-full wp-image-324\" src=\"http:\/\/abc-latina.com\/wp-content\/uploads\/2010\/06\/merida.jpg\" title=\"MERIDA\" alt=\"\" width=\"250\" vspace=\"9\" hspace=\"9\" height=\"250\" align=\"right\" srcset=\"https:\/\/abc-latina.com\/wp-content\/uploads\/2010\/06\/merida.jpg 273w, https:\/\/abc-latina.com\/wp-content\/uploads\/2010\/06\/merida-150x150.jpg 150w\" sizes=\"auto, (max-width: 250px) 100vw, 250px\" \/>M\u00e9rida<\/span> capitale de l&rsquo;\u00e9tat du Yucatan, a \u00e9t\u00e9 construite sur les fondements de la cit\u00e9 maya de T&rsquo;ho.&nbsp;<\/div>\n<div>M\u00e9rida est une ville bruyante qui ne retrouve le calme que le dimanche (jour o\u00f9 le centre-ville est ferm\u00e9 \u00e0 la circulation automobile), mais m\u00eame avec ce tumulte, et malgr\u00e9 l&rsquo;\u00e9troitesse des trottoirs et une chaleur parfois accablante, il est agr\u00e9able de se promener dans les rues et sur les places publiques de cette ville charmante.<\/div>\n<div>L&rsquo;une des rues les plus int\u00e9ressantes est la Calle 60, entre la plaza grande et la Calle 55, o\u00f9 l&rsquo;on peut d\u00e9couvrir quelques petits parcs, \u00e9glises et th\u00e9\u00e2tres.&nbsp;<\/div>\n<div>Le mus\u00e9e le plus int\u00e9ressant de la ville est le Museo Nacional de Arte Popular, situ\u00e9 \u00e0 quelques minutes de marche de la plaza grande. On y pr\u00e9sente de belles oeuvres tiss\u00e9es, des poteries et des c\u00e9ramiques, ainsi que les instruments servant \u00e0 leur production. Vous verrez \u00e9galement des masques, des objets en bois peints \u00e0 la main, de la verrerie et des objets en cuivre.<\/div>\n<div>Parmi les autres mus\u00e9es \u00e0 signaler, il y a le Museo de Arte Contempor\u00e1neo Ateneo de Yucat\u00e1n situ\u00e9 dans le passage qui longe la cath\u00e9drale, en face de la plaza grande. On y pr\u00e9sente peintures, lithographies, tissus et c\u00e9ramiques.<\/div>\n<div>&nbsp;<\/div>\n<div><span class=\"tourisme-unesco\">Dans les environs :<\/span><\/div>\n<div><a href=\"..\/tour_operateur\" target=\"_blank\"><img loading=\"lazy\" decoding=\"async\" class=\" size-full wp-image-41\" alt=\"\" class=\"touroperateur\" src=\"http:\/\/abc-latina.com\/wp-content\/uploads\/2010\/04\/timbre_to.gif\" width=\"125\" height=\"90\" \/><\/a>A 90 km de M\u00e9rida, sur la c\u00f4te du golfe du Mexique, la r\u00e9serve d&rsquo;oiseaux de Celestun est un but de promenade agr\u00e9able. Des milliers de flamants roses occupent la lagune, de m\u00eame que des p\u00e9licans et des aigrettes.<\/div>\n<div><a href=\"https:\/\/www.abc-latina.com\/mexique\/voyages\/chichen_itza\">Chichen Itza<\/a> \u00e0 120 km de M\u00e9rida, est un site arch\u00e9ologique maya, tr\u00e8s vaste qu&rsquo;il faut voir absolument.<\/div>\n<div>Le site arch\u00e9ologique de Dzibilchaltun semble avoir \u00e9t\u00e9 l&rsquo;une des cit\u00e9s <a href=\"https:\/\/www.abc-latina.com\/civilisations\/maya\" target=\"_blank\">mayas<\/a> les plus importantes du Mexique.&nbsp;<\/div>\n<h3>Pr\u00e9parez votre voyage \u00e0 Merida:<\/h3>\n<div><a href=\"https:\/\/www.abc-latina.com\/mexique\/agence_de_voyages\">Agences de voyage g\u00e9n\u00e9ralistes et discounteurs<\/a><\/div>\n<div><a href=\"https:\/\/www.abc-latina.com\/mexique\/tour_operateur\">Tours Op\u00e9rateurs sp\u00e9cialistes du Mexique<\/a><\/div>\n<div><a href=\"https:\/\/www.abc-latina.com\/to\/reservation_billet_avion\" target=\"_blank\">R\u00e9servez votre billet d&rsquo;avion<\/a><\/div>\n<div><a href=\"https:\/\/www.abc-latina.com\/mexique\/hotels\">R\u00e9servez votre h\u00f4tel \u00e0 Merida<\/a>&nbsp;<\/div>\n<div><a href=\"https:\/\/www.abc-latina.com\/to\/location_de_voiture_mexique\" target=\"_blank\">Location de voiture<\/a><\/div>\n<p>&nbsp;<\/p>\n","protected":false},"excerpt":{"rendered":"<p>M\u00e9rida capitale de l&rsquo;\u00e9tat du Yucatan, a \u00e9t\u00e9 construite sur les fondements de la cit\u00e9 maya de T&rsquo;ho.&nbsp; M\u00e9rida est [&hellip;]<\/p>\n","protected":false},"author":3,"featured_media":324,"parent":2308,"menu_order":0,"comment_status":"closed","ping_status":"closed","template":"","meta":{"site-sidebar-layout":"default","site-content-layout":"","ast-site-content-layout":"default","site-content-style":"default","site-sidebar-style":"default","ast-global-header-display":"","ast-banner-title-visibility":"","ast-main-header-display":"","ast-hfb-above-header-display":"","ast-hfb-below-header-display":"","ast-hfb-mobile-header-display":"","site-post-title":"","ast-breadcrumbs-content":"","ast-featured-img":"","footer-sml-layout":"","ast-disable-related-posts":"","theme-transparent-header-meta":"","adv-header-id-meta":"","stick-header-meta":"","header-above-stick-meta":"","header-main-stick-meta":"","header-below-stick-meta":"","astra-migrate-meta-layouts":"default","ast-page-background-enabled":"default","ast-page-background-meta":{"desktop":{"background-color":"var(--ast-global-color-5)","background-image":"","background-repeat":"repeat","background-position":"center center","background-size":"auto","background-attachment":"scroll","background-type":"","background-media":"","overlay-type":"","overlay-color":"","overlay-opacity":"","overlay-gradient":""},"tablet":{"background-color":"","background-image":"","background-repeat":"repeat","background-position":"center center","background-size":"auto","background-attachment":"scroll","background-type":"","background-media":"","overlay-type":"","overlay-color":"","overlay-opacity":"","overlay-gradient":""},"mobile":{"background-color":"","background-image":"","background-repeat":"repeat","background-position":"center center","background-size":"auto","background-attachment":"scroll","background-type":"","background-media":"","overlay-type":"","overlay-color":"","overlay-opacity":"","overlay-gradient":""}},"ast-content-background-meta":{"desktop":{"background-color":"var(--ast-global-color-4)","background-image":"","background-repeat":"repeat","background-position":"center center","background-size":"auto","background-attachment":"scroll","background-type":"","background-media":"","overlay-type":"","overlay-color":"","overlay-opacity":"","overlay-gradient":""},"tablet":{"background-color":"var(--ast-global-color-4)","background-image":"","background-repeat":"repeat","background-position":"center center","background-size":"auto","background-attachment":"scroll","background-type":"","background-media":"","overlay-type":"","overlay-color":"","overlay-opacity":"","overlay-gradient":""},"mobile":{"background-color":"var(--ast-global-color-4)","background-image":"","background-repeat":"repeat","background-position":"center center","background-size":"auto","background-attachment":"scroll","background-type":"","background-media":"","overlay-type":"","overlay-color":"","overlay-opacity":"","overlay-gradient":""}},"footnotes":""},"class_list":["post-325","page","type-page","status-publish","has-post-thumbnail","hentry"],"yoast_head":"<!-- This site is optimized with the Yoast SEO plugin v27.5 - https:\/\/yoast.com\/product\/yoast-seo-wordpress\/ -->\n<title>MERIDA - Abc-latina<\/title>\n<meta name=\"description\" content=\"Le Mexique vu sous l&#039;angle touristique, visite de Merida.\" \/>\n<meta name=\"robots\" content=\"index, follow, max-snippet:-1, max-image-preview:large, max-video-preview:-1\" \/>\n<link rel=\"canonical\" href=\"https:\/\/abc-latina.com\/mexique\/merida\/\" \/>\n<meta property=\"og:locale\" content=\"fr_FR\" \/>\n<meta property=\"og:type\" content=\"article\" \/>\n<meta property=\"og:title\" content=\"MERIDA - Abc-latina\" \/>\n<meta property=\"og:description\" content=\"Le Mexique vu sous l&#039;angle touristique, visite de Merida.\" \/>\n<meta property=\"og:url\" content=\"https:\/\/abc-latina.com\/mexique\/merida\/\" \/>\n<meta property=\"og:site_name\" content=\"Abc-latina\" \/>\n<meta property=\"article:modified_time\" content=\"2018-06-10T17:39:54+00:00\" \/>\n<meta property=\"og:image\" content=\"https:\/\/abc-latina.com\/wp-content\/uploads\/2010\/06\/merida.jpg\" \/>\n\t<meta property=\"og:image:width\" content=\"273\" \/>\n\t<meta property=\"og:image:height\" content=\"273\" \/>\n\t<meta property=\"og:image:type\" content=\"image\/jpeg\" \/>\n<meta name=\"twitter:card\" content=\"summary_large_image\" \/>\n<meta name=\"twitter:label1\" content=\"Dur\u00e9e de lecture estim\u00e9e\" \/>\n\t<meta name=\"twitter:data1\" content=\"2 minutes\" \/>\n<script type=\"application\/ld+json\" class=\"yoast-schema-graph\">{\"@context\":\"https:\\\/\\\/schema.org\",\"@graph\":[{\"@type\":\"WebPage\",\"@id\":\"https:\\\/\\\/abc-latina.com\\\/mexique\\\/merida\\\/\",\"url\":\"https:\\\/\\\/abc-latina.com\\\/mexique\\\/merida\\\/\",\"name\":\"MERIDA - Abc-latina\",\"isPartOf\":{\"@id\":\"https:\\\/\\\/abc-latina.com\\\/#website\"},\"primaryImageOfPage\":{\"@id\":\"https:\\\/\\\/abc-latina.com\\\/mexique\\\/merida\\\/#primaryimage\"},\"image\":{\"@id\":\"https:\\\/\\\/abc-latina.com\\\/mexique\\\/merida\\\/#primaryimage\"},\"thumbnailUrl\":\"https:\\\/\\\/abc-latina.com\\\/wp-content\\\/uploads\\\/2010\\\/06\\\/merida.jpg\",\"datePublished\":\"2010-06-04T20:46:41+00:00\",\"dateModified\":\"2018-06-10T17:39:54+00:00\",\"description\":\"Le Mexique vu sous l'angle touristique, visite de Merida.\",\"breadcrumb\":{\"@id\":\"https:\\\/\\\/abc-latina.com\\\/mexique\\\/merida\\\/#breadcrumb\"},\"inLanguage\":\"fr-FR\",\"potentialAction\":[{\"@type\":\"ReadAction\",\"target\":[\"https:\\\/\\\/abc-latina.com\\\/mexique\\\/merida\\\/\"]}]},{\"@type\":\"ImageObject\",\"inLanguage\":\"fr-FR\",\"@id\":\"https:\\\/\\\/abc-latina.com\\\/mexique\\\/merida\\\/#primaryimage\",\"url\":\"https:\\\/\\\/abc-latina.com\\\/wp-content\\\/uploads\\\/2010\\\/06\\\/merida.jpg\",\"contentUrl\":\"https:\\\/\\\/abc-latina.com\\\/wp-content\\\/uploads\\\/2010\\\/06\\\/merida.jpg\",\"width\":273,\"height\":273,\"caption\":\"MERIDA\"},{\"@type\":\"BreadcrumbList\",\"@id\":\"https:\\\/\\\/abc-latina.com\\\/mexique\\\/merida\\\/#breadcrumb\",\"itemListElement\":[{\"@type\":\"ListItem\",\"position\":1,\"name\":\"Accueil\",\"item\":\"https:\\\/\\\/abc-latina.com\\\/\"},{\"@type\":\"ListItem\",\"position\":2,\"name\":\"MERIDA\"}]},{\"@type\":\"WebSite\",\"@id\":\"https:\\\/\\\/abc-latina.com\\\/#website\",\"url\":\"https:\\\/\\\/abc-latina.com\\\/\",\"name\":\"Abc-latina\",\"description\":\"\",\"publisher\":{\"@id\":\"https:\\\/\\\/abc-latina.com\\\/#organization\"},\"potentialAction\":[{\"@type\":\"SearchAction\",\"target\":{\"@type\":\"EntryPoint\",\"urlTemplate\":\"https:\\\/\\\/abc-latina.com\\\/?s={search_term_string}\"},\"query-input\":{\"@type\":\"PropertyValueSpecification\",\"valueRequired\":true,\"valueName\":\"search_term_string\"}}],\"inLanguage\":\"fr-FR\"},{\"@type\":\"Organization\",\"@id\":\"https:\\\/\\\/abc-latina.com\\\/#organization\",\"name\":\"Abc-latina\",\"url\":\"https:\\\/\\\/abc-latina.com\\\/\",\"logo\":{\"@type\":\"ImageObject\",\"inLanguage\":\"fr-FR\",\"@id\":\"https:\\\/\\\/abc-latina.com\\\/#\\\/schema\\\/logo\\\/image\\\/\",\"url\":\"https:\\\/\\\/abc-latina.com\\\/wp-content\\\/uploads\\\/2026\\\/05\\\/cropped-logo.gif\",\"contentUrl\":\"https:\\\/\\\/abc-latina.com\\\/wp-content\\\/uploads\\\/2026\\\/05\\\/cropped-logo.gif\",\"width\":89,\"height\":84,\"caption\":\"Abc-latina\"},\"image\":{\"@id\":\"https:\\\/\\\/abc-latina.com\\\/#\\\/schema\\\/logo\\\/image\\\/\"}}]}<\/script>\n<!-- \/ Yoast SEO plugin. -->","yoast_head_json":{"title":"MERIDA - Abc-latina","description":"Le Mexique vu sous l'angle touristique, visite de Merida.","robots":{"index":"index","follow":"follow","max-snippet":"max-snippet:-1","max-image-preview":"max-image-preview:large","max-video-preview":"max-video-preview:-1"},"canonical":"https:\/\/abc-latina.com\/mexique\/merida\/","og_locale":"fr_FR","og_type":"article","og_title":"MERIDA - Abc-latina","og_description":"Le Mexique vu sous l'angle touristique, visite de Merida.","og_url":"https:\/\/abc-latina.com\/mexique\/merida\/","og_site_name":"Abc-latina","article_modified_time":"2018-06-10T17:39:54+00:00","og_image":[{"width":273,"height":273,"url":"https:\/\/abc-latina.com\/wp-content\/uploads\/2010\/06\/merida.jpg","type":"image\/jpeg"}],"twitter_card":"summary_large_image","twitter_misc":{"Dur\u00e9e de lecture estim\u00e9e":"2 minutes"},"schema":{"@context":"https:\/\/schema.org","@graph":[{"@type":"WebPage","@id":"https:\/\/abc-latina.com\/mexique\/merida\/","url":"https:\/\/abc-latina.com\/mexique\/merida\/","name":"MERIDA - Abc-latina","isPartOf":{"@id":"https:\/\/abc-latina.com\/#website"},"primaryImageOfPage":{"@id":"https:\/\/abc-latina.com\/mexique\/merida\/#primaryimage"},"image":{"@id":"https:\/\/abc-latina.com\/mexique\/merida\/#primaryimage"},"thumbnailUrl":"https:\/\/abc-latina.com\/wp-content\/uploads\/2010\/06\/merida.jpg","datePublished":"2010-06-04T20:46:41+00:00","dateModified":"2018-06-10T17:39:54+00:00","description":"Le Mexique vu sous l'angle touristique, visite de Merida.","breadcrumb":{"@id":"https:\/\/abc-latina.com\/mexique\/merida\/#breadcrumb"},"inLanguage":"fr-FR","potentialAction":[{"@type":"ReadAction","target":["https:\/\/abc-latina.com\/mexique\/merida\/"]}]},{"@type":"ImageObject","inLanguage":"fr-FR","@id":"https:\/\/abc-latina.com\/mexique\/merida\/#primaryimage","url":"https:\/\/abc-latina.com\/wp-content\/uploads\/2010\/06\/merida.jpg","contentUrl":"https:\/\/abc-latina.com\/wp-content\/uploads\/2010\/06\/merida.jpg","width":273,"height":273,"caption":"MERIDA"},{"@type":"BreadcrumbList","@id":"https:\/\/abc-latina.com\/mexique\/merida\/#breadcrumb","itemListElement":[{"@type":"ListItem","position":1,"name":"Accueil","item":"https:\/\/abc-latina.com\/"},{"@type":"ListItem","position":2,"name":"MERIDA"}]},{"@type":"WebSite","@id":"https:\/\/abc-latina.com\/#website","url":"https:\/\/abc-latina.com\/","name":"Abc-latina","description":"","publisher":{"@id":"https:\/\/abc-latina.com\/#organization"},"potentialAction":[{"@type":"SearchAction","target":{"@type":"EntryPoint","urlTemplate":"https:\/\/abc-latina.com\/?s={search_term_string}"},"query-input":{"@type":"PropertyValueSpecification","valueRequired":true,"valueName":"search_term_string"}}],"inLanguage":"fr-FR"},{"@type":"Organization","@id":"https:\/\/abc-latina.com\/#organization","name":"Abc-latina","url":"https:\/\/abc-latina.com\/","logo":{"@type":"ImageObject","inLanguage":"fr-FR","@id":"https:\/\/abc-latina.com\/#\/schema\/logo\/image\/","url":"https:\/\/abc-latina.com\/wp-content\/uploads\/2026\/05\/cropped-logo.gif","contentUrl":"https:\/\/abc-latina.com\/wp-content\/uploads\/2026\/05\/cropped-logo.gif","width":89,"height":84,"caption":"Abc-latina"},"image":{"@id":"https:\/\/abc-latina.com\/#\/schema\/logo\/image\/"}}]}},"_links":{"self":[{"href":"https:\/\/abc-latina.com\/wp-json\/wp\/v2\/pages\/325","targetHints":{"allow":["GET"]}}],"collection":[{"href":"https:\/\/abc-latina.com\/wp-json\/wp\/v2\/pages"}],"about":[{"href":"https:\/\/abc-latina.com\/wp-json\/wp\/v2\/types\/page"}],"author":[{"embeddable":true,"href":"https:\/\/abc-latina.com\/wp-json\/wp\/v2\/users\/3"}],"replies":[{"embeddable":true,"href":"https:\/\/abc-latina.com\/wp-json\/wp\/v2\/comments?post=325"}],"version-history":[{"count":0,"href":"https:\/\/abc-latina.com\/wp-json\/wp\/v2\/pages\/325\/revisions"}],"up":[{"embeddable":true,"href":"https:\/\/abc-latina.com\/wp-json\/wp\/v2\/pages\/2308"}],"wp:featuredmedia":[{"embeddable":true,"href":"https:\/\/abc-latina.com\/wp-json\/wp\/v2\/media\/324"}],"wp:attachment":[{"href":"https:\/\/abc-latina.com\/wp-json\/wp\/v2\/media?parent=325"}],"curies":[{"name":"wp","href":"https:\/\/api.w.org\/{rel}","templated":true}]}}