{"id":328,"date":"2010-06-04T22:48:24","date_gmt":"2010-06-04T20:48:24","guid":{"rendered":"http:\/\/abc-latina.com\/mexico-htm\/"},"modified":"2018-06-10T19:38:54","modified_gmt":"2018-06-10T17:38:54","slug":"mexico","status":"publish","type":"page","link":"https:\/\/abc-latina.com\/mexique\/mexico\/","title":{"rendered":"MEXICO"},"content":{"rendered":"<p><img loading=\"lazy\" decoding=\"async\" class=\" size-full wp-image-326\" src=\"http:\/\/abc-latina.com\/wp-content\/uploads\/2010\/06\/mexico_7.jpg\" title=\"VOYAGE A MEXICO\" alt=\"VOYAGE A MEXICO\" width=\"480\" height=\"287\" srcset=\"https:\/\/abc-latina.com\/wp-content\/uploads\/2010\/06\/mexico_7.jpg 620w, https:\/\/abc-latina.com\/wp-content\/uploads\/2010\/06\/mexico_7-300x180.jpg 300w\" sizes=\"auto, (max-width: 480px) 100vw, 480px\" \/><\/p>\n<div>\n<div>&nbsp;<\/div>\n<div>L\u00e0 o\u00f9 \u00e0 2400 m\u00e8tres d&rsquo;altitude s&rsquo;\u00e9tale aujourd&rsquo;hui la ville de <span class=\"tourisme-chapitre\">Mexico<\/span>, s&rsquo;\u00e9tendait il y a 500 ans le lac Texcoco o\u00f9 sur une \u00eele fut construite la somptueuse Tenochtitlan, capitale de l&#8217;empire <a target=\"_blank\" href=\"https:\/\/www.abc-latina.com\/civilisations\/azteque\">azt\u00e8que<\/a>. De ce lac progressivement ass\u00e9ch\u00e9 il ne reste pratiquement que les jardins de Xochimilco.<\/div>\n<div>Aujourd&rsquo;hui, v\u00e9ritable m\u00e9galopole s&rsquo;\u00e9tirant sur pr\u00e8s de 2000 km&sup2;, Mexico est devenu, avec ses 20 millions d&rsquo;habitants, l&rsquo;une des villes les plus peupl\u00e9es et les plus bruyantes du monde. Mais la Ciudad de M\u00e9xico, centre du gouvernement et de la vie commerciale, financi\u00e8re, intellectuelle et artistique du pays, sait fasciner les visiteurs par ses nombreux tr\u00e9sors historiques et culturels, ainsi que par sa grande vitalit\u00e9 et les charmes de certains de ses quartiers.&nbsp;<\/div>\n<div>&nbsp;<\/div>\n<div><strong>Attraits touristi<\/strong><a href=\"https:\/\/www.abc-latina.com\/mexique\/photos\/photos_mexico\"><img loading=\"lazy\" decoding=\"async\" class=\" alignright size-full wp-image-327\" style=\"margin: 5px 22px; float: right;\" src=\"http:\/\/abc-latina.com\/wp-content\/uploads\/2010\/06\/mexico.jpg\" alt=\"\" width=\"158\" height=\"256\" \/><\/a><strong>ques :<\/strong><\/div>\n<div><span class=\"tourisme-unesco\">El Zocalo<\/span><\/div>\n<div>Cette immense place tr\u00e8s r\u00e9ussie est le centre de la ville de Mexico, elle porte ce nom (le socle) \u00e0 cause d&rsquo;un socle destin\u00e9 \u00e0 porter la statue d&rsquo;une personnalit\u00e9 historique. De toute \u00e9vidence, celle-ci ne peut \u00eatre d\u00e9termin\u00e9e, et le socle est rest\u00e9 inoccup\u00e9. Cette place centrale fut donc appel\u00e9e &quot; socle &quot;. Elle a toujours form\u00e9 le coeur de la ville puisqu&rsquo;elle constituait d\u00e9j\u00e0 celui de Tenochtitlan, portant alors en son centre le Teocalli, le temple principal des Azt\u00e8ques.&nbsp;<\/div>\n<div>&nbsp;<\/div>\n<div><span class=\"tourisme-unesco\">La cath\u00e9drale<\/span><\/div>\n<div>Le Zocalo est domin\u00e9 par la cath\u00e9drale, la deuxi\u00e8me d&rsquo;Am\u00e9rique en dimensions. Elle fut commenc\u00e9e en 1573 et achev\u00e9e seulement 250 ans plus tard. Par ce fait, elle combine les styles baroque et renaissance.<\/div>\n<div>&nbsp;<\/div>\n<div><span class=\"tourisme-unesco\">Le Palais National<\/span><\/div>\n<div>Lui aussi situ\u00e9 sur le Zocalo, il fut construit sur l&#8217;emplacement du palais de Moctezuma, en 1523 sur l&rsquo;ordre de <a target=\"_blank\" href=\"https:\/\/www.abc-latina.com\/personnalites\/herman_cortes\">Cort\u00e9s<\/a>. Ce b\u00e2timent imposant, avec ses 14 cours int\u00e9rieures, abrite de nombreux tr\u00e9sors artistiques de l&rsquo;\u00e9poque coloniale. Il faut surtout y voir les fresques \u00e9piques du peintre mexicain Diego Rivera qui, en seize ann\u00e9es, peignit sur 450 m&sup2; l&rsquo;histoire du Mexique.<\/div>\n<div>C&rsquo;est depuis le balcon du palais national, que le pr\u00e9sident crie chaque 15 septembre, jour de la f\u00eate nationale, les m\u00eames paroles que le P\u00e8re Hidalgo en 1810 dans le village de Dolores : &quot; Mexicain, vive le Mexique ! &quot;<\/div>\n<div>&nbsp;<\/div>\n<div><a target=\"_blank\" href=\"..\/tour_operateur\"><img loading=\"lazy\" decoding=\"async\" class=\" size-full wp-image-41\" src=\"http:\/\/abc-latina.com\/wp-content\/uploads\/2010\/04\/timbre_to.gif\" class=\"touroperateur\" alt=\"\" width=\"125\" height=\"90\" \/><\/a><\/p>\n<div>Si l&rsquo;on ne visite qu&rsquo;un seul mus\u00e9e pendant son s\u00e9jour au Mexique, ce doit \u00eatre le <span class=\"tourisme-unesco\">Museo Nacional de Antropolog\u00eda<\/span>. Ce mus\u00e9e absolument superbe abrite une importante collection de tr\u00e9sors inestimables provenant de sites arch\u00e9ologiques r\u00e9partis \u00e0 travers le Mexique ainsi que quelques expositions. Vous y verrez des objets marquants de la p\u00e9riode pr\u00e9hispanique comme, par exemple, le calendrier azt\u00e8que en pierre et des peintures mayas du site de Bonampak.<\/div>\n<div>&nbsp;<\/div>\n<div>A proximit\u00e9 du Palacio de Belles Artes se trouve le <span class=\"tourisme-unesco\">Parque Alameda<\/span>, l&rsquo;un des parcs les plus agr\u00e9ables du Mexique, am\u00e9nag\u00e9 selon un simple concept g\u00e9om\u00e9trique. Environ 2 km plus \u00e0 l&rsquo;ouest, pass\u00e9 le Paseo de la Reforma, un boulevard important et \u00e9l\u00e9gant par endroits, vous entrerez dans la <span class=\"tourisme-unesco\">zona rosa<\/span>, un quartier des plus touristiques avec de tr\u00e8s nombreux h\u00f4tels, restaurants, boutiques et bo\u00eetes de nuit. En poursuivant votre chemin le long du Paseo de la Reforma, vous d\u00e9couvrirez le <span class=\"tourisme-unesco\">Bosque de Chapultepec<\/span>, un immense parc avec bosquets, \u00e9tangs, jardins fleuris, jardin zoologique et plusieurs mus\u00e9es.<\/div>\n<div>&nbsp;<\/div>\n<div>Un autre secteur du sud de la ville qui offre une ambiance particuli\u00e8re est <span class=\"tourisme-unesco\">Coyoac\u00e1n<\/span>, un vieux quartier r\u00e9sidentiel qui \u00e9tait autrefois un village ind\u00e9pendant. L\u00e0, vous pourrez joyeusement fl\u00e2ner sur deux jolies grandes places, l&rsquo;une face \u00e0 l&rsquo;autre, tr\u00e8s anim\u00e9es jour et soir.<\/div>\n<div>Autour de ces places, ainsi que sur les rues avoisinantes, vous trouverez une s\u00e9lection int\u00e9ressante de restaurants dont quelques-uns avec terrasse ainsi que des bars, caf\u00e9s, magasins et boutiques, sans oublier un march\u00e9 public.&nbsp;<\/div>\n<div>&nbsp;<\/div>\n<div>Pour la vie nocturne, un autre endroit \u00e0 sugg\u00e9rer est la <span class=\"tourisme-unesco\">Plaza Garibaldi<\/span>, \u00e0 quelques centaines de m\u00e8tres au nord du Palacio de Bellas Artes. Sur la place elle-m\u00eame, ainsi que dans les nombreux bars et restaurants qui l&rsquo;entourent, des <a target=\"_blank\" href=\"https:\/\/www.abc-latina.com\/mexique\/div\/mariachi\">mariachis<\/a> se prom\u00e8nent et offrent leurs chansons sur demande.<\/div>\n<div>&nbsp;<\/div>\n<div><strong>Dans les environs de Mexico :<\/strong><\/div>\n<div><span class=\"tourisme-unesco\">Teotihuacan<\/span><\/div>\n<div>A 50 kilom\u00e8tres de Mexico, <a target=\"_blank\" href=\"https:\/\/www.abc-latina.com\/mexique\/voyages\/teotihuacan\">Teotihuacan<\/a> (l&rsquo;endroit des dieux) fut b\u00e2tie est abandonn\u00e9e par un peuple inconnu. Le site fut occup\u00e9 d\u00e8s 600 av. J.-C. La ville monumentale, \u00e9rig\u00e9e vers 200 av. J.-C., atteignait la superficie de 20 km&sup2; (ce qui en faisait la plus grande cit\u00e9 m\u00e9so-am\u00e9ricaine) tandis que sa population d\u00e9passait les 200 000 habitants.<\/div>\n<div>&nbsp;<\/div>\n<h3>Pr\u00e9parez votre voyage \u00e0 Mexico:<\/h3>\n<div><a href=\"https:\/\/www.abc-latina.com\/mexique\/agence_de_voyages\">Agences de voyage g\u00e9n\u00e9ralistes et discounteurs<\/a><\/div>\n<div><a href=\"https:\/\/www.abc-latina.com\/mexique\/tour_operateur\">Tours Op\u00e9rateurs sp\u00e9cialistes du Mexique<\/a><\/div>\n<div><a target=\"_blank\" href=\"https:\/\/www.abc-latina.com\/to\/reservation_billet_avion\">R\u00e9servez votre billet d&rsquo;avion<\/a><\/div>\n<div><a href=\"https:\/\/www.abc-latina.com\/mexique\/hotels\">R\u00e9servez votre h\u00f4tel \u00e0 Mexico<\/a>&nbsp;<\/div>\n<div><a target=\"_blank\" href=\"https:\/\/www.abc-latina.com\/to\/location_de_voiture_mexique\">Location de voiture<\/a><\/div>\n<p>&nbsp;<\/p>\n<\/div>\n<\/div>\n","protected":false},"excerpt":{"rendered":"<p>&nbsp; L\u00e0 o\u00f9 \u00e0 2400 m\u00e8tres d&rsquo;altitude s&rsquo;\u00e9tale aujourd&rsquo;hui la ville de Mexico, s&rsquo;\u00e9tendait il y a 500 ans le [&hellip;]<\/p>\n","protected":false},"author":3,"featured_media":326,"parent":2308,"menu_order":0,"comment_status":"closed","ping_status":"closed","template":"","meta":{"site-sidebar-layout":"default","site-content-layout":"","ast-site-content-layout":"default","site-content-style":"default","site-sidebar-style":"default","ast-global-header-display":"","ast-banner-title-visibility":"","ast-main-header-display":"","ast-hfb-above-header-display":"","ast-hfb-below-header-display":"","ast-hfb-mobile-header-display":"","site-post-title":"","ast-breadcrumbs-content":"","ast-featured-img":"","footer-sml-layout":"","ast-disable-related-posts":"","theme-transparent-header-meta":"","adv-header-id-meta":"","stick-header-meta":"","header-above-stick-meta":"","header-main-stick-meta":"","header-below-stick-meta":"","astra-migrate-meta-layouts":"default","ast-page-background-enabled":"default","ast-page-background-meta":{"desktop":{"background-color":"var(--ast-global-color-5)","background-image":"","background-repeat":"repeat","background-position":"center center","background-size":"auto","background-attachment":"scroll","background-type":"","background-media":"","overlay-type":"","overlay-color":"","overlay-opacity":"","overlay-gradient":""},"tablet":{"background-color":"","background-image":"","background-repeat":"repeat","background-position":"center center","background-size":"auto","background-attachment":"scroll","background-type":"","background-media":"","overlay-type":"","overlay-color":"","overlay-opacity":"","overlay-gradient":""},"mobile":{"background-color":"","background-image":"","background-repeat":"repeat","background-position":"center center","background-size":"auto","background-attachment":"scroll","background-type":"","background-media":"","overlay-type":"","overlay-color":"","overlay-opacity":"","overlay-gradient":""}},"ast-content-background-meta":{"desktop":{"background-color":"var(--ast-global-color-4)","background-image":"","background-repeat":"repeat","background-position":"center center","background-size":"auto","background-attachment":"scroll","background-type":"","background-media":"","overlay-type":"","overlay-color":"","overlay-opacity":"","overlay-gradient":""},"tablet":{"background-color":"var(--ast-global-color-4)","background-image":"","background-repeat":"repeat","background-position":"center center","background-size":"auto","background-attachment":"scroll","background-type":"","background-media":"","overlay-type":"","overlay-color":"","overlay-opacity":"","overlay-gradient":""},"mobile":{"background-color":"var(--ast-global-color-4)","background-image":"","background-repeat":"repeat","background-position":"center center","background-size":"auto","background-attachment":"scroll","background-type":"","background-media":"","overlay-type":"","overlay-color":"","overlay-opacity":"","overlay-gradient":""}},"footnotes":""},"class_list":["post-328","page","type-page","status-publish","has-post-thumbnail","hentry"],"yoast_head":"<!-- This site is optimized with the Yoast SEO plugin v27.5 - https:\/\/yoast.com\/product\/yoast-seo-wordpress\/ -->\n<title>MEXICO - Abc-latina<\/title>\n<meta name=\"description\" content=\"L\u00e0 o\u00f9 \u00e0 2400 m\u00e8tres s&#039;\u00e9tale aujourd&#039;hui la ville de Mexico, on trouvait il y a 500 ans le lac Texcoco o\u00f9 sur une \u00eele fut construite la somptueuse Tenochtitlan.\" \/>\n<meta name=\"robots\" content=\"index, follow, max-snippet:-1, max-image-preview:large, max-video-preview:-1\" \/>\n<link rel=\"canonical\" href=\"https:\/\/abc-latina.com\/mexique\/mexico\/\" \/>\n<meta property=\"og:locale\" content=\"fr_FR\" \/>\n<meta property=\"og:type\" content=\"article\" \/>\n<meta property=\"og:title\" content=\"MEXICO - Abc-latina\" \/>\n<meta property=\"og:description\" content=\"L\u00e0 o\u00f9 \u00e0 2400 m\u00e8tres s&#039;\u00e9tale aujourd&#039;hui la ville de Mexico, on trouvait il y a 500 ans le lac Texcoco o\u00f9 sur une \u00eele fut construite la somptueuse Tenochtitlan.\" \/>\n<meta property=\"og:url\" content=\"https:\/\/abc-latina.com\/mexique\/mexico\/\" \/>\n<meta property=\"og:site_name\" content=\"Abc-latina\" \/>\n<meta property=\"article:modified_time\" content=\"2018-06-10T17:38:54+00:00\" \/>\n<meta property=\"og:image\" content=\"https:\/\/abc-latina.com\/wp-content\/uploads\/2010\/06\/mexico_7.jpg\" \/>\n\t<meta property=\"og:image:width\" content=\"620\" \/>\n\t<meta property=\"og:image:height\" content=\"371\" \/>\n\t<meta property=\"og:image:type\" content=\"image\/jpeg\" \/>\n<meta name=\"twitter:card\" content=\"summary_large_image\" \/>\n<meta name=\"twitter:label1\" content=\"Dur\u00e9e de lecture estim\u00e9e\" \/>\n\t<meta name=\"twitter:data1\" content=\"4 minutes\" \/>\n<script type=\"application\/ld+json\" class=\"yoast-schema-graph\">{\"@context\":\"https:\\\/\\\/schema.org\",\"@graph\":[{\"@type\":\"WebPage\",\"@id\":\"https:\\\/\\\/abc-latina.com\\\/mexique\\\/mexico\\\/\",\"url\":\"https:\\\/\\\/abc-latina.com\\\/mexique\\\/mexico\\\/\",\"name\":\"MEXICO - Abc-latina\",\"isPartOf\":{\"@id\":\"https:\\\/\\\/abc-latina.com\\\/#website\"},\"primaryImageOfPage\":{\"@id\":\"https:\\\/\\\/abc-latina.com\\\/mexique\\\/mexico\\\/#primaryimage\"},\"image\":{\"@id\":\"https:\\\/\\\/abc-latina.com\\\/mexique\\\/mexico\\\/#primaryimage\"},\"thumbnailUrl\":\"https:\\\/\\\/abc-latina.com\\\/wp-content\\\/uploads\\\/2010\\\/06\\\/mexico_7.jpg\",\"datePublished\":\"2010-06-04T20:48:24+00:00\",\"dateModified\":\"2018-06-10T17:38:54+00:00\",\"description\":\"L\u00e0 o\u00f9 \u00e0 2400 m\u00e8tres s'\u00e9tale aujourd'hui la ville de Mexico, on trouvait il y a 500 ans le lac Texcoco o\u00f9 sur une \u00eele fut construite la somptueuse Tenochtitlan.\",\"breadcrumb\":{\"@id\":\"https:\\\/\\\/abc-latina.com\\\/mexique\\\/mexico\\\/#breadcrumb\"},\"inLanguage\":\"fr-FR\",\"potentialAction\":[{\"@type\":\"ReadAction\",\"target\":[\"https:\\\/\\\/abc-latina.com\\\/mexique\\\/mexico\\\/\"]}]},{\"@type\":\"ImageObject\",\"inLanguage\":\"fr-FR\",\"@id\":\"https:\\\/\\\/abc-latina.com\\\/mexique\\\/mexico\\\/#primaryimage\",\"url\":\"https:\\\/\\\/abc-latina.com\\\/wp-content\\\/uploads\\\/2010\\\/06\\\/mexico_7.jpg\",\"contentUrl\":\"https:\\\/\\\/abc-latina.com\\\/wp-content\\\/uploads\\\/2010\\\/06\\\/mexico_7.jpg\",\"width\":620,\"height\":371,\"caption\":\"VOYAGE A MEXICO\"},{\"@type\":\"BreadcrumbList\",\"@id\":\"https:\\\/\\\/abc-latina.com\\\/mexique\\\/mexico\\\/#breadcrumb\",\"itemListElement\":[{\"@type\":\"ListItem\",\"position\":1,\"name\":\"Accueil\",\"item\":\"https:\\\/\\\/abc-latina.com\\\/\"},{\"@type\":\"ListItem\",\"position\":2,\"name\":\"MEXICO\"}]},{\"@type\":\"WebSite\",\"@id\":\"https:\\\/\\\/abc-latina.com\\\/#website\",\"url\":\"https:\\\/\\\/abc-latina.com\\\/\",\"name\":\"Abc-latina\",\"description\":\"\",\"publisher\":{\"@id\":\"https:\\\/\\\/abc-latina.com\\\/#organization\"},\"potentialAction\":[{\"@type\":\"SearchAction\",\"target\":{\"@type\":\"EntryPoint\",\"urlTemplate\":\"https:\\\/\\\/abc-latina.com\\\/?s={search_term_string}\"},\"query-input\":{\"@type\":\"PropertyValueSpecification\",\"valueRequired\":true,\"valueName\":\"search_term_string\"}}],\"inLanguage\":\"fr-FR\"},{\"@type\":\"Organization\",\"@id\":\"https:\\\/\\\/abc-latina.com\\\/#organization\",\"name\":\"Abc-latina\",\"url\":\"https:\\\/\\\/abc-latina.com\\\/\",\"logo\":{\"@type\":\"ImageObject\",\"inLanguage\":\"fr-FR\",\"@id\":\"https:\\\/\\\/abc-latina.com\\\/#\\\/schema\\\/logo\\\/image\\\/\",\"url\":\"https:\\\/\\\/abc-latina.com\\\/wp-content\\\/uploads\\\/2026\\\/05\\\/cropped-logo.gif\",\"contentUrl\":\"https:\\\/\\\/abc-latina.com\\\/wp-content\\\/uploads\\\/2026\\\/05\\\/cropped-logo.gif\",\"width\":89,\"height\":84,\"caption\":\"Abc-latina\"},\"image\":{\"@id\":\"https:\\\/\\\/abc-latina.com\\\/#\\\/schema\\\/logo\\\/image\\\/\"}}]}<\/script>\n<!-- \/ Yoast SEO plugin. -->","yoast_head_json":{"title":"MEXICO - Abc-latina","description":"L\u00e0 o\u00f9 \u00e0 2400 m\u00e8tres s'\u00e9tale aujourd'hui la ville de Mexico, on trouvait il y a 500 ans le lac Texcoco o\u00f9 sur une \u00eele fut construite la somptueuse Tenochtitlan.","robots":{"index":"index","follow":"follow","max-snippet":"max-snippet:-1","max-image-preview":"max-image-preview:large","max-video-preview":"max-video-preview:-1"},"canonical":"https:\/\/abc-latina.com\/mexique\/mexico\/","og_locale":"fr_FR","og_type":"article","og_title":"MEXICO - Abc-latina","og_description":"L\u00e0 o\u00f9 \u00e0 2400 m\u00e8tres s'\u00e9tale aujourd'hui la ville de Mexico, on trouvait il y a 500 ans le lac Texcoco o\u00f9 sur une \u00eele fut construite la somptueuse Tenochtitlan.","og_url":"https:\/\/abc-latina.com\/mexique\/mexico\/","og_site_name":"Abc-latina","article_modified_time":"2018-06-10T17:38:54+00:00","og_image":[{"width":620,"height":371,"url":"https:\/\/abc-latina.com\/wp-content\/uploads\/2010\/06\/mexico_7.jpg","type":"image\/jpeg"}],"twitter_card":"summary_large_image","twitter_misc":{"Dur\u00e9e de lecture estim\u00e9e":"4 minutes"},"schema":{"@context":"https:\/\/schema.org","@graph":[{"@type":"WebPage","@id":"https:\/\/abc-latina.com\/mexique\/mexico\/","url":"https:\/\/abc-latina.com\/mexique\/mexico\/","name":"MEXICO - Abc-latina","isPartOf":{"@id":"https:\/\/abc-latina.com\/#website"},"primaryImageOfPage":{"@id":"https:\/\/abc-latina.com\/mexique\/mexico\/#primaryimage"},"image":{"@id":"https:\/\/abc-latina.com\/mexique\/mexico\/#primaryimage"},"thumbnailUrl":"https:\/\/abc-latina.com\/wp-content\/uploads\/2010\/06\/mexico_7.jpg","datePublished":"2010-06-04T20:48:24+00:00","dateModified":"2018-06-10T17:38:54+00:00","description":"L\u00e0 o\u00f9 \u00e0 2400 m\u00e8tres s'\u00e9tale aujourd'hui la ville de Mexico, on trouvait il y a 500 ans le lac Texcoco o\u00f9 sur une \u00eele fut construite la somptueuse Tenochtitlan.","breadcrumb":{"@id":"https:\/\/abc-latina.com\/mexique\/mexico\/#breadcrumb"},"inLanguage":"fr-FR","potentialAction":[{"@type":"ReadAction","target":["https:\/\/abc-latina.com\/mexique\/mexico\/"]}]},{"@type":"ImageObject","inLanguage":"fr-FR","@id":"https:\/\/abc-latina.com\/mexique\/mexico\/#primaryimage","url":"https:\/\/abc-latina.com\/wp-content\/uploads\/2010\/06\/mexico_7.jpg","contentUrl":"https:\/\/abc-latina.com\/wp-content\/uploads\/2010\/06\/mexico_7.jpg","width":620,"height":371,"caption":"VOYAGE A MEXICO"},{"@type":"BreadcrumbList","@id":"https:\/\/abc-latina.com\/mexique\/mexico\/#breadcrumb","itemListElement":[{"@type":"ListItem","position":1,"name":"Accueil","item":"https:\/\/abc-latina.com\/"},{"@type":"ListItem","position":2,"name":"MEXICO"}]},{"@type":"WebSite","@id":"https:\/\/abc-latina.com\/#website","url":"https:\/\/abc-latina.com\/","name":"Abc-latina","description":"","publisher":{"@id":"https:\/\/abc-latina.com\/#organization"},"potentialAction":[{"@type":"SearchAction","target":{"@type":"EntryPoint","urlTemplate":"https:\/\/abc-latina.com\/?s={search_term_string}"},"query-input":{"@type":"PropertyValueSpecification","valueRequired":true,"valueName":"search_term_string"}}],"inLanguage":"fr-FR"},{"@type":"Organization","@id":"https:\/\/abc-latina.com\/#organization","name":"Abc-latina","url":"https:\/\/abc-latina.com\/","logo":{"@type":"ImageObject","inLanguage":"fr-FR","@id":"https:\/\/abc-latina.com\/#\/schema\/logo\/image\/","url":"https:\/\/abc-latina.com\/wp-content\/uploads\/2026\/05\/cropped-logo.gif","contentUrl":"https:\/\/abc-latina.com\/wp-content\/uploads\/2026\/05\/cropped-logo.gif","width":89,"height":84,"caption":"Abc-latina"},"image":{"@id":"https:\/\/abc-latina.com\/#\/schema\/logo\/image\/"}}]}},"_links":{"self":[{"href":"https:\/\/abc-latina.com\/wp-json\/wp\/v2\/pages\/328","targetHints":{"allow":["GET"]}}],"collection":[{"href":"https:\/\/abc-latina.com\/wp-json\/wp\/v2\/pages"}],"about":[{"href":"https:\/\/abc-latina.com\/wp-json\/wp\/v2\/types\/page"}],"author":[{"embeddable":true,"href":"https:\/\/abc-latina.com\/wp-json\/wp\/v2\/users\/3"}],"replies":[{"embeddable":true,"href":"https:\/\/abc-latina.com\/wp-json\/wp\/v2\/comments?post=328"}],"version-history":[{"count":0,"href":"https:\/\/abc-latina.com\/wp-json\/wp\/v2\/pages\/328\/revisions"}],"up":[{"embeddable":true,"href":"https:\/\/abc-latina.com\/wp-json\/wp\/v2\/pages\/2308"}],"wp:featuredmedia":[{"embeddable":true,"href":"https:\/\/abc-latina.com\/wp-json\/wp\/v2\/media\/326"}],"wp:attachment":[{"href":"https:\/\/abc-latina.com\/wp-json\/wp\/v2\/media?parent=328"}],"curies":[{"name":"wp","href":"https:\/\/api.w.org\/{rel}","templated":true}]}}