{"id":330,"date":"2010-06-04T22:51:32","date_gmt":"2010-06-04T20:51:32","guid":{"rendered":"http:\/\/abc-latina.com\/monte_alban-php\/"},"modified":"2018-06-10T19:38:03","modified_gmt":"2018-06-10T17:38:03","slug":"monte_alban","status":"publish","type":"page","link":"https:\/\/abc-latina.com\/mexique\/monte_alban\/","title":{"rendered":"MONTE ALBAN"},"content":{"rendered":"<div><img loading=\"lazy\" decoding=\"async\" class=\" alignright size-full wp-image-329\" src=\"http:\/\/abc-latina.com\/wp-content\/uploads\/2010\/06\/monte-alban.jpg\" title=\"MONTE ALBAN\" alt=\"\" width=\"250\" vspace=\"9\" hspace=\"9\" height=\"250\" align=\"right\" srcset=\"https:\/\/abc-latina.com\/wp-content\/uploads\/2010\/06\/monte-alban.jpg 250w, https:\/\/abc-latina.com\/wp-content\/uploads\/2010\/06\/monte-alban-150x150.jpg 150w\" sizes=\"auto, (max-width: 250px) 100vw, 250px\" \/>Le site le plus fascinant de l&rsquo;Etat d&rsquo;Oaxaca est sans conteste celui de <span class=\"tourisme-chapitre\">Monte Alban<\/span> (la montagne blanche), \u00e0 9km de la ville. Ce grand centre de c\u00e9r\u00e9monie <a href=\"https:\/\/www.abc-latina.com\/civilisations\/zapoteque.php\" target=\"_blank\">zapot\u00e8que<\/a> s&rsquo;\u00e9l\u00e8ve sur une vaste esplanade (une montagne dont le sommet a \u00e9t\u00e9 aras\u00e9), \u00e0 2.000 m d&rsquo;altitude ; dans leur isolement, ces ruines grandioses dominent le paysage. La premi\u00e8re installation sur le site remonte aux environs de 500 av J-C, et la ville connut son apog\u00e9e entre 250 et 800 ap J-C. C&rsquo;est de cette p\u00e9riode que datent la majorit\u00e9 des \u00e9difices visibles aujourd&rsquo;hui. La ville comptait alors 25.000 habitants. Le lieu fut ensuite abandonn\u00e9 et tomba peu \u00e0 peu en ruine.<\/div>\n<div>&nbsp;<\/div>\n<div>L&rsquo;acc\u00e8s \u00e0 la Gran Plaza se fait par l&rsquo;angle nord-est, entre le jeu de balle et la plate-forme Nord.<\/div>\n<div>Au centre se dresse l&rsquo;\u00e9difice J, qui accuse une forme \u00e9trange en pointe de fl\u00e8che, Sa disposition exceptionnelle (il forme un angle \u00e0 45&deg; par rapport aux autres \u00e9difices de la Gran Plaza) laisse supposer qu&rsquo;il s&rsquo;agissait d&rsquo;un observatoire.<\/div>\n<div>A l&rsquo;oppos\u00e9, la plate-forme Sud est dot\u00e9e d&rsquo;un imposant escalier.<\/div>\n<div>Le palacio de los Danzantes, sur le c\u00f4t\u00e9 ouest de la Gran Plaza, est orn\u00e9 de bas-reliefs \u00e9nigmatiques : les personnages qui y sont repr\u00e9sent\u00e9s, aux pauses contorsionn\u00e9es, ont longtemps \u00e9t\u00e9 interpr\u00e9t\u00e9s comme des danseurs (d&rsquo;o\u00f9 le nom donn\u00e9 \u00e0 l&rsquo;\u00e9difice). Il pourrait s&rsquo;agir en fait de prisonniers victimes de sacrifices.<\/div>\n<div>&nbsp;<\/div>\n<div><a href=\"..\/tour_operateur\" target=\"_blank\"><img loading=\"lazy\" decoding=\"async\" class=\" size-full wp-image-41\" alt=\"\" class=\"touroperateur\" src=\"http:\/\/abc-latina.com\/wp-content\/uploads\/2010\/04\/timbre_to.gif\" width=\"125\" height=\"90\" \/><\/a>Certaines tombes se visitent, comme la tombe 104, situ\u00e9e au nord-ouest de la plate-forme nord. Elle abrite une tr\u00e8s belle repr\u00e9sentation de Cocibo, le dieu de la pluie, dont la langue fourchue figure les \u00e9clairs.<\/div>\n<div>Dans la tombe 7 a \u00e9t\u00e9 retrouv\u00e9 un fabuleux tr\u00e9sor mixt\u00e8que<\/div>\n<div>(16\u00e9me si\u00e8cle) conserv\u00e9 au museo r\u00e9gional de Oaxaca.<\/div>\n<h3>Pr\u00e9parez votre voyage \u00e0 Monte Alban:<\/h3>\n<div><a href=\"https:\/\/www.abc-latina.com\/mexique\/agence_de_voyages\">Agences de voyage g\u00e9n\u00e9ralistes et discounteurs<\/a><\/div>\n<div><a href=\"https:\/\/www.abc-latina.com\/mexique\/tour_operateur\">Tours Op\u00e9rateurs sp\u00e9cialistes du Mexique<\/a><\/div>\n<div><a href=\"https:\/\/www.abc-latina.com\/to\/reservation_billet_avion\" target=\"_blank\">R\u00e9servez votre billet d&rsquo;avion<\/a><\/div>\n<div><a href=\"https:\/\/www.abc-latina.com\/mexique\/hotels\">R\u00e9servez votre h\u00f4tel \u00e0 Monte Alban<\/a>&nbsp;<\/div>\n<div><a href=\"https:\/\/www.abc-latina.com\/to\/location_de_voiture_mexique\" target=\"_blank\">Location de voiture<\/a><\/div>\n<p>&nbsp;<\/p>\n","protected":false},"excerpt":{"rendered":"<p>Le site le plus fascinant de l&rsquo;Etat d&rsquo;Oaxaca est sans conteste celui de Monte Alban (la montagne blanche), \u00e0 9km [&hellip;]<\/p>\n","protected":false},"author":3,"featured_media":329,"parent":2308,"menu_order":0,"comment_status":"closed","ping_status":"closed","template":"","meta":{"site-sidebar-layout":"default","site-content-layout":"","ast-site-content-layout":"default","site-content-style":"default","site-sidebar-style":"default","ast-global-header-display":"","ast-banner-title-visibility":"","ast-main-header-display":"","ast-hfb-above-header-display":"","ast-hfb-below-header-display":"","ast-hfb-mobile-header-display":"","site-post-title":"","ast-breadcrumbs-content":"","ast-featured-img":"","footer-sml-layout":"","ast-disable-related-posts":"","theme-transparent-header-meta":"","adv-header-id-meta":"","stick-header-meta":"","header-above-stick-meta":"","header-main-stick-meta":"","header-below-stick-meta":"","astra-migrate-meta-layouts":"default","ast-page-background-enabled":"default","ast-page-background-meta":{"desktop":{"background-color":"var(--ast-global-color-5)","background-image":"","background-repeat":"repeat","background-position":"center center","background-size":"auto","background-attachment":"scroll","background-type":"","background-media":"","overlay-type":"","overlay-color":"","overlay-opacity":"","overlay-gradient":""},"tablet":{"background-color":"","background-image":"","background-repeat":"repeat","background-position":"center center","background-size":"auto","background-attachment":"scroll","background-type":"","background-media":"","overlay-type":"","overlay-color":"","overlay-opacity":"","overlay-gradient":""},"mobile":{"background-color":"","background-image":"","background-repeat":"repeat","background-position":"center center","background-size":"auto","background-attachment":"scroll","background-type":"","background-media":"","overlay-type":"","overlay-color":"","overlay-opacity":"","overlay-gradient":""}},"ast-content-background-meta":{"desktop":{"background-color":"var(--ast-global-color-4)","background-image":"","background-repeat":"repeat","background-position":"center center","background-size":"auto","background-attachment":"scroll","background-type":"","background-media":"","overlay-type":"","overlay-color":"","overlay-opacity":"","overlay-gradient":""},"tablet":{"background-color":"var(--ast-global-color-4)","background-image":"","background-repeat":"repeat","background-position":"center center","background-size":"auto","background-attachment":"scroll","background-type":"","background-media":"","overlay-type":"","overlay-color":"","overlay-opacity":"","overlay-gradient":""},"mobile":{"background-color":"var(--ast-global-color-4)","background-image":"","background-repeat":"repeat","background-position":"center center","background-size":"auto","background-attachment":"scroll","background-type":"","background-media":"","overlay-type":"","overlay-color":"","overlay-opacity":"","overlay-gradient":""}},"footnotes":""},"class_list":["post-330","page","type-page","status-publish","has-post-thumbnail","hentry"],"yoast_head":"<!-- This site is optimized with the Yoast SEO plugin v27.5 - https:\/\/yoast.com\/product\/yoast-seo-wordpress\/ -->\n<title>MONTE ALBAN - Abc-latina<\/title>\n<meta name=\"description\" content=\"Le Mexique vu sous l&#039;angle touristique, visite de Monte Alban.\" \/>\n<meta name=\"robots\" content=\"index, follow, max-snippet:-1, max-image-preview:large, max-video-preview:-1\" \/>\n<link rel=\"canonical\" href=\"https:\/\/abc-latina.com\/mexique\/monte_alban\/\" \/>\n<meta property=\"og:locale\" content=\"fr_FR\" \/>\n<meta property=\"og:type\" content=\"article\" \/>\n<meta property=\"og:title\" content=\"MONTE ALBAN - Abc-latina\" \/>\n<meta property=\"og:description\" content=\"Le Mexique vu sous l&#039;angle touristique, visite de Monte Alban.\" \/>\n<meta property=\"og:url\" content=\"https:\/\/abc-latina.com\/mexique\/monte_alban\/\" \/>\n<meta property=\"og:site_name\" content=\"Abc-latina\" \/>\n<meta property=\"article:modified_time\" content=\"2018-06-10T17:38:03+00:00\" \/>\n<meta property=\"og:image\" content=\"https:\/\/abc-latina.com\/wp-content\/uploads\/2010\/06\/monte-alban.jpg\" \/>\n\t<meta property=\"og:image:width\" content=\"250\" \/>\n\t<meta property=\"og:image:height\" content=\"250\" \/>\n\t<meta property=\"og:image:type\" content=\"image\/jpeg\" \/>\n<meta name=\"twitter:card\" content=\"summary_large_image\" \/>\n<meta name=\"twitter:label1\" content=\"Dur\u00e9e de lecture estim\u00e9e\" \/>\n\t<meta name=\"twitter:data1\" content=\"2 minutes\" \/>\n<script type=\"application\/ld+json\" class=\"yoast-schema-graph\">{\"@context\":\"https:\\\/\\\/schema.org\",\"@graph\":[{\"@type\":\"WebPage\",\"@id\":\"https:\\\/\\\/abc-latina.com\\\/mexique\\\/monte_alban\\\/\",\"url\":\"https:\\\/\\\/abc-latina.com\\\/mexique\\\/monte_alban\\\/\",\"name\":\"MONTE ALBAN - Abc-latina\",\"isPartOf\":{\"@id\":\"https:\\\/\\\/abc-latina.com\\\/#website\"},\"primaryImageOfPage\":{\"@id\":\"https:\\\/\\\/abc-latina.com\\\/mexique\\\/monte_alban\\\/#primaryimage\"},\"image\":{\"@id\":\"https:\\\/\\\/abc-latina.com\\\/mexique\\\/monte_alban\\\/#primaryimage\"},\"thumbnailUrl\":\"https:\\\/\\\/abc-latina.com\\\/wp-content\\\/uploads\\\/2010\\\/06\\\/monte-alban.jpg\",\"datePublished\":\"2010-06-04T20:51:32+00:00\",\"dateModified\":\"2018-06-10T17:38:03+00:00\",\"description\":\"Le Mexique vu sous l'angle touristique, visite de Monte Alban.\",\"breadcrumb\":{\"@id\":\"https:\\\/\\\/abc-latina.com\\\/mexique\\\/monte_alban\\\/#breadcrumb\"},\"inLanguage\":\"fr-FR\",\"potentialAction\":[{\"@type\":\"ReadAction\",\"target\":[\"https:\\\/\\\/abc-latina.com\\\/mexique\\\/monte_alban\\\/\"]}]},{\"@type\":\"ImageObject\",\"inLanguage\":\"fr-FR\",\"@id\":\"https:\\\/\\\/abc-latina.com\\\/mexique\\\/monte_alban\\\/#primaryimage\",\"url\":\"https:\\\/\\\/abc-latina.com\\\/wp-content\\\/uploads\\\/2010\\\/06\\\/monte-alban.jpg\",\"contentUrl\":\"https:\\\/\\\/abc-latina.com\\\/wp-content\\\/uploads\\\/2010\\\/06\\\/monte-alban.jpg\",\"width\":250,\"height\":250,\"caption\":\"MONTE ALBAN\"},{\"@type\":\"BreadcrumbList\",\"@id\":\"https:\\\/\\\/abc-latina.com\\\/mexique\\\/monte_alban\\\/#breadcrumb\",\"itemListElement\":[{\"@type\":\"ListItem\",\"position\":1,\"name\":\"Accueil\",\"item\":\"https:\\\/\\\/abc-latina.com\\\/\"},{\"@type\":\"ListItem\",\"position\":2,\"name\":\"MONTE ALBAN\"}]},{\"@type\":\"WebSite\",\"@id\":\"https:\\\/\\\/abc-latina.com\\\/#website\",\"url\":\"https:\\\/\\\/abc-latina.com\\\/\",\"name\":\"Abc-latina\",\"description\":\"\",\"publisher\":{\"@id\":\"https:\\\/\\\/abc-latina.com\\\/#organization\"},\"potentialAction\":[{\"@type\":\"SearchAction\",\"target\":{\"@type\":\"EntryPoint\",\"urlTemplate\":\"https:\\\/\\\/abc-latina.com\\\/?s={search_term_string}\"},\"query-input\":{\"@type\":\"PropertyValueSpecification\",\"valueRequired\":true,\"valueName\":\"search_term_string\"}}],\"inLanguage\":\"fr-FR\"},{\"@type\":\"Organization\",\"@id\":\"https:\\\/\\\/abc-latina.com\\\/#organization\",\"name\":\"Abc-latina\",\"url\":\"https:\\\/\\\/abc-latina.com\\\/\",\"logo\":{\"@type\":\"ImageObject\",\"inLanguage\":\"fr-FR\",\"@id\":\"https:\\\/\\\/abc-latina.com\\\/#\\\/schema\\\/logo\\\/image\\\/\",\"url\":\"https:\\\/\\\/abc-latina.com\\\/wp-content\\\/uploads\\\/2026\\\/05\\\/cropped-logo.gif\",\"contentUrl\":\"https:\\\/\\\/abc-latina.com\\\/wp-content\\\/uploads\\\/2026\\\/05\\\/cropped-logo.gif\",\"width\":89,\"height\":84,\"caption\":\"Abc-latina\"},\"image\":{\"@id\":\"https:\\\/\\\/abc-latina.com\\\/#\\\/schema\\\/logo\\\/image\\\/\"}}]}<\/script>\n<!-- \/ Yoast SEO plugin. -->","yoast_head_json":{"title":"MONTE ALBAN - Abc-latina","description":"Le Mexique vu sous l'angle touristique, visite de Monte Alban.","robots":{"index":"index","follow":"follow","max-snippet":"max-snippet:-1","max-image-preview":"max-image-preview:large","max-video-preview":"max-video-preview:-1"},"canonical":"https:\/\/abc-latina.com\/mexique\/monte_alban\/","og_locale":"fr_FR","og_type":"article","og_title":"MONTE ALBAN - Abc-latina","og_description":"Le Mexique vu sous l'angle touristique, visite de Monte Alban.","og_url":"https:\/\/abc-latina.com\/mexique\/monte_alban\/","og_site_name":"Abc-latina","article_modified_time":"2018-06-10T17:38:03+00:00","og_image":[{"width":250,"height":250,"url":"https:\/\/abc-latina.com\/wp-content\/uploads\/2010\/06\/monte-alban.jpg","type":"image\/jpeg"}],"twitter_card":"summary_large_image","twitter_misc":{"Dur\u00e9e de lecture estim\u00e9e":"2 minutes"},"schema":{"@context":"https:\/\/schema.org","@graph":[{"@type":"WebPage","@id":"https:\/\/abc-latina.com\/mexique\/monte_alban\/","url":"https:\/\/abc-latina.com\/mexique\/monte_alban\/","name":"MONTE ALBAN - Abc-latina","isPartOf":{"@id":"https:\/\/abc-latina.com\/#website"},"primaryImageOfPage":{"@id":"https:\/\/abc-latina.com\/mexique\/monte_alban\/#primaryimage"},"image":{"@id":"https:\/\/abc-latina.com\/mexique\/monte_alban\/#primaryimage"},"thumbnailUrl":"https:\/\/abc-latina.com\/wp-content\/uploads\/2010\/06\/monte-alban.jpg","datePublished":"2010-06-04T20:51:32+00:00","dateModified":"2018-06-10T17:38:03+00:00","description":"Le Mexique vu sous l'angle touristique, visite de Monte Alban.","breadcrumb":{"@id":"https:\/\/abc-latina.com\/mexique\/monte_alban\/#breadcrumb"},"inLanguage":"fr-FR","potentialAction":[{"@type":"ReadAction","target":["https:\/\/abc-latina.com\/mexique\/monte_alban\/"]}]},{"@type":"ImageObject","inLanguage":"fr-FR","@id":"https:\/\/abc-latina.com\/mexique\/monte_alban\/#primaryimage","url":"https:\/\/abc-latina.com\/wp-content\/uploads\/2010\/06\/monte-alban.jpg","contentUrl":"https:\/\/abc-latina.com\/wp-content\/uploads\/2010\/06\/monte-alban.jpg","width":250,"height":250,"caption":"MONTE ALBAN"},{"@type":"BreadcrumbList","@id":"https:\/\/abc-latina.com\/mexique\/monte_alban\/#breadcrumb","itemListElement":[{"@type":"ListItem","position":1,"name":"Accueil","item":"https:\/\/abc-latina.com\/"},{"@type":"ListItem","position":2,"name":"MONTE ALBAN"}]},{"@type":"WebSite","@id":"https:\/\/abc-latina.com\/#website","url":"https:\/\/abc-latina.com\/","name":"Abc-latina","description":"","publisher":{"@id":"https:\/\/abc-latina.com\/#organization"},"potentialAction":[{"@type":"SearchAction","target":{"@type":"EntryPoint","urlTemplate":"https:\/\/abc-latina.com\/?s={search_term_string}"},"query-input":{"@type":"PropertyValueSpecification","valueRequired":true,"valueName":"search_term_string"}}],"inLanguage":"fr-FR"},{"@type":"Organization","@id":"https:\/\/abc-latina.com\/#organization","name":"Abc-latina","url":"https:\/\/abc-latina.com\/","logo":{"@type":"ImageObject","inLanguage":"fr-FR","@id":"https:\/\/abc-latina.com\/#\/schema\/logo\/image\/","url":"https:\/\/abc-latina.com\/wp-content\/uploads\/2026\/05\/cropped-logo.gif","contentUrl":"https:\/\/abc-latina.com\/wp-content\/uploads\/2026\/05\/cropped-logo.gif","width":89,"height":84,"caption":"Abc-latina"},"image":{"@id":"https:\/\/abc-latina.com\/#\/schema\/logo\/image\/"}}]}},"_links":{"self":[{"href":"https:\/\/abc-latina.com\/wp-json\/wp\/v2\/pages\/330","targetHints":{"allow":["GET"]}}],"collection":[{"href":"https:\/\/abc-latina.com\/wp-json\/wp\/v2\/pages"}],"about":[{"href":"https:\/\/abc-latina.com\/wp-json\/wp\/v2\/types\/page"}],"author":[{"embeddable":true,"href":"https:\/\/abc-latina.com\/wp-json\/wp\/v2\/users\/3"}],"replies":[{"embeddable":true,"href":"https:\/\/abc-latina.com\/wp-json\/wp\/v2\/comments?post=330"}],"version-history":[{"count":0,"href":"https:\/\/abc-latina.com\/wp-json\/wp\/v2\/pages\/330\/revisions"}],"up":[{"embeddable":true,"href":"https:\/\/abc-latina.com\/wp-json\/wp\/v2\/pages\/2308"}],"wp:featuredmedia":[{"embeddable":true,"href":"https:\/\/abc-latina.com\/wp-json\/wp\/v2\/media\/329"}],"wp:attachment":[{"href":"https:\/\/abc-latina.com\/wp-json\/wp\/v2\/media?parent=330"}],"curies":[{"name":"wp","href":"https:\/\/api.w.org\/{rel}","templated":true}]}}