{"id":334,"date":"2010-06-04T22:59:15","date_gmt":"2010-06-04T20:59:15","guid":{"rendered":"http:\/\/abc-latina.com\/palenque-htm\/"},"modified":"2018-06-10T19:36:52","modified_gmt":"2018-06-10T17:36:52","slug":"palenque","status":"publish","type":"page","link":"https:\/\/abc-latina.com\/mexique\/palenque\/","title":{"rendered":"PALENQUE"},"content":{"rendered":"<div><img loading=\"lazy\" decoding=\"async\" class=\" size-full wp-image-333\" src=\"http:\/\/abc-latina.com\/wp-content\/uploads\/2010\/06\/047-palenque-mexique.jpg\" title=\"PALENQUE - MEXIQUE\" alt=\"\" width=\"480\" height=\"320\" srcset=\"https:\/\/abc-latina.com\/wp-content\/uploads\/2010\/06\/047-palenque-mexique.jpg 700w, https:\/\/abc-latina.com\/wp-content\/uploads\/2010\/06\/047-palenque-mexique-300x200.jpg 300w\" sizes=\"auto, (max-width: 480px) 100vw, 480px\" \/><\/div>\n<div>&nbsp;<\/div>\n<div>Au coeur de la for\u00eat tropicale, les ruines mayas de <span class=\"tourisme-chapitre\">Palenque <\/span>sont situ\u00e9es \u00e0 8 km de la ville du m\u00eame nom. Ce site myst\u00e9rieux dress\u00e9 dans un cadre enchanteur offre les plus belles r\u00e9alisations en pierre ou en stuc de l&rsquo;architecture pyramidale et de la statuaire maya. Si le site fut occup\u00e9 d\u00e8s 1500 av. J.-C. il ne connut la prosp\u00e9rit\u00e9 qu&rsquo;aux VIIe et IXe si\u00e8cle apr\u00e8s J.-C. Les b\u00e2timents se caract\u00e9risent par des toits surmont\u00e9s de lucarnes et orn\u00e9s de tr\u00e8s beaux reliefs en stuc.&nbsp;<\/div>\n<div>&nbsp;<\/div>\n<div>Le temple des inscriptions et le plus \u00e9lev\u00e9 et le plus grandiose du site. Il s&rsquo;agit d&rsquo;une pyramide construite sur huit niveaux, au sommet de laquelle se dresse un petit temple. L&rsquo;arch\u00e9ologue Alberto Ruiz Lhuillier y d\u00e9couvrit en 1952 une lourde pierre qui scellait un escalier de 22 m s&rsquo;enfon\u00e7ant au coeur de la pyramide et aboutissant \u00e0 une salle vo\u00fbt\u00e9e, occup\u00e9e en son centre par une dalle calcaire sculpt\u00e9e de 2 m sur 3 m. Sous cette dalle qui pesait quatre tonnes, un sarcophage contenait les restes du pr\u00eatre-roi Pakal, portant un masque en mosa\u00efque et entour\u00e9 de nombreux bijoux de jade. Ces vestiges et la tombe reconstitu\u00e9e ont \u00e9t\u00e9 transf\u00e9r\u00e9s au mus\u00e9e d&rsquo;Anthropologie de <a href=\"https:\/\/www.abc-latina.com\/mexique\/voyages\/mexico\" target=\"_blank\">Mexico<\/a>. Les murs du sanctuaire \u00e0 portique sont recouverts de dalles calcaires grav\u00e9es d&rsquo;innombrables glyphes.<\/div>\n<div>&nbsp;<\/div>\n<div><a href=\"..\/tour_operateur\" target=\"_blank\"><img loading=\"lazy\" decoding=\"async\" class=\" size-full wp-image-41\" alt=\"\" class=\"touroperateur\" src=\"http:\/\/abc-latina.com\/wp-content\/uploads\/2010\/04\/timbre_to.gif\" width=\"125\" height=\"90\" \/><\/a>El Palacio (le palais), construit sur l&rsquo;esplanade de 100 m sur 80 m\u00e8tres, est un ensemble architectural constitu\u00e9 d&rsquo;une tour \u00e0 quatre \u00e9tages, qui servait peut-\u00eatre d&rsquo;observatoire astronomique, entour\u00e9e de patios, de b\u00e2timents et de galeries dont les murs int\u00e9rieurs en stuc sont d\u00e9cor\u00e9s de personnage myst\u00e9rieux.<\/div>\n<div>Au nord du Palacio, on a mis au jour un jeu de balle est un ensemble de temples.<\/div>\n<div>Palenque r\u00e9serve encore bien des tr\u00e9sors aux arch\u00e9ologues, seuls 10 % des \u00e9difices ayant \u00e9t\u00e9 mis au jour.<\/div>\n<div>&nbsp;<\/div>\n<div>Deux autres grands sites mayas du Chiapas sont aussi dignes d&rsquo;int\u00e9r\u00eat, il s&rsquo;agit de Yaxchilan et Bonampak qui se trouvent au coeur de la for\u00eat tropicale.<\/div>\n<h3>Pr\u00e9parez votre voyage \u00e0 Palenque:<\/h3>\n<div><a href=\"https:\/\/www.abc-latina.com\/mexique\/agence_de_voyages\">Agences de voyage g\u00e9n\u00e9ralistes et discounteurs<\/a><\/div>\n<div><a href=\"https:\/\/www.abc-latina.com\/mexique\/tour_operateur\">Tours Op\u00e9rateurs sp\u00e9cialistes du Mexique<\/a><\/div>\n<div><a href=\"https:\/\/www.abc-latina.com\/to\/reservation_billet_avion\" target=\"_blank\">R\u00e9servez votre billet d&rsquo;avion<\/a><\/div>\n<div><a href=\"https:\/\/www.abc-latina.com\/mexique\/hotels\">R\u00e9servez votre h\u00f4tel \u00e0 Palenque<\/a>&nbsp;<\/div>\n<div><a href=\"https:\/\/www.abc-latina.com\/to\/location_de_voiture_mexique\" target=\"_blank\">Location de voiture<\/a><\/div>\n<p>&nbsp;<\/p>\n","protected":false},"excerpt":{"rendered":"<p>&nbsp; Au coeur de la for\u00eat tropicale, les ruines mayas de Palenque sont situ\u00e9es \u00e0 8 km de la ville [&hellip;]<\/p>\n","protected":false},"author":3,"featured_media":333,"parent":2308,"menu_order":0,"comment_status":"closed","ping_status":"closed","template":"","meta":{"site-sidebar-layout":"default","site-content-layout":"","ast-site-content-layout":"default","site-content-style":"default","site-sidebar-style":"default","ast-global-header-display":"","ast-banner-title-visibility":"","ast-main-header-display":"","ast-hfb-above-header-display":"","ast-hfb-below-header-display":"","ast-hfb-mobile-header-display":"","site-post-title":"","ast-breadcrumbs-content":"","ast-featured-img":"","footer-sml-layout":"","ast-disable-related-posts":"","theme-transparent-header-meta":"","adv-header-id-meta":"","stick-header-meta":"","header-above-stick-meta":"","header-main-stick-meta":"","header-below-stick-meta":"","astra-migrate-meta-layouts":"default","ast-page-background-enabled":"default","ast-page-background-meta":{"desktop":{"background-color":"var(--ast-global-color-5)","background-image":"","background-repeat":"repeat","background-position":"center center","background-size":"auto","background-attachment":"scroll","background-type":"","background-media":"","overlay-type":"","overlay-color":"","overlay-opacity":"","overlay-gradient":""},"tablet":{"background-color":"","background-image":"","background-repeat":"repeat","background-position":"center center","background-size":"auto","background-attachment":"scroll","background-type":"","background-media":"","overlay-type":"","overlay-color":"","overlay-opacity":"","overlay-gradient":""},"mobile":{"background-color":"","background-image":"","background-repeat":"repeat","background-position":"center center","background-size":"auto","background-attachment":"scroll","background-type":"","background-media":"","overlay-type":"","overlay-color":"","overlay-opacity":"","overlay-gradient":""}},"ast-content-background-meta":{"desktop":{"background-color":"var(--ast-global-color-4)","background-image":"","background-repeat":"repeat","background-position":"center center","background-size":"auto","background-attachment":"scroll","background-type":"","background-media":"","overlay-type":"","overlay-color":"","overlay-opacity":"","overlay-gradient":""},"tablet":{"background-color":"var(--ast-global-color-4)","background-image":"","background-repeat":"repeat","background-position":"center center","background-size":"auto","background-attachment":"scroll","background-type":"","background-media":"","overlay-type":"","overlay-color":"","overlay-opacity":"","overlay-gradient":""},"mobile":{"background-color":"var(--ast-global-color-4)","background-image":"","background-repeat":"repeat","background-position":"center center","background-size":"auto","background-attachment":"scroll","background-type":"","background-media":"","overlay-type":"","overlay-color":"","overlay-opacity":"","overlay-gradient":""}},"footnotes":""},"class_list":["post-334","page","type-page","status-publish","has-post-thumbnail","hentry"],"yoast_head":"<!-- This site is optimized with the Yoast SEO plugin v27.5 - https:\/\/yoast.com\/product\/yoast-seo-wordpress\/ -->\n<title>PALENQUE - Abc-latina<\/title>\n<meta name=\"description\" content=\"Au coeur de la for\u00eat tropicale, le site myst\u00e9rieux dress\u00e9 dans un cadre enchanteur offre les plus belles r\u00e9alisations pyramidale maya.\" \/>\n<meta name=\"robots\" content=\"index, follow, max-snippet:-1, max-image-preview:large, max-video-preview:-1\" \/>\n<link rel=\"canonical\" href=\"https:\/\/abc-latina.com\/mexique\/palenque\/\" \/>\n<meta property=\"og:locale\" content=\"fr_FR\" \/>\n<meta property=\"og:type\" content=\"article\" \/>\n<meta property=\"og:title\" content=\"PALENQUE - Abc-latina\" \/>\n<meta property=\"og:description\" content=\"Au coeur de la for\u00eat tropicale, le site myst\u00e9rieux dress\u00e9 dans un cadre enchanteur offre les plus belles r\u00e9alisations pyramidale maya.\" \/>\n<meta property=\"og:url\" content=\"https:\/\/abc-latina.com\/mexique\/palenque\/\" \/>\n<meta property=\"og:site_name\" content=\"Abc-latina\" \/>\n<meta property=\"article:modified_time\" content=\"2018-06-10T17:36:52+00:00\" \/>\n<meta property=\"og:image\" content=\"https:\/\/abc-latina.com\/wp-content\/uploads\/2010\/06\/047-palenque-mexique.jpg\" \/>\n\t<meta property=\"og:image:width\" content=\"700\" \/>\n\t<meta property=\"og:image:height\" content=\"467\" \/>\n\t<meta property=\"og:image:type\" content=\"image\/jpeg\" \/>\n<meta name=\"twitter:card\" content=\"summary_large_image\" \/>\n<meta name=\"twitter:label1\" content=\"Dur\u00e9e de lecture estim\u00e9e\" \/>\n\t<meta name=\"twitter:data1\" content=\"2 minutes\" \/>\n<script type=\"application\/ld+json\" class=\"yoast-schema-graph\">{\"@context\":\"https:\\\/\\\/schema.org\",\"@graph\":[{\"@type\":\"WebPage\",\"@id\":\"https:\\\/\\\/abc-latina.com\\\/mexique\\\/palenque\\\/\",\"url\":\"https:\\\/\\\/abc-latina.com\\\/mexique\\\/palenque\\\/\",\"name\":\"PALENQUE - Abc-latina\",\"isPartOf\":{\"@id\":\"https:\\\/\\\/abc-latina.com\\\/#website\"},\"primaryImageOfPage\":{\"@id\":\"https:\\\/\\\/abc-latina.com\\\/mexique\\\/palenque\\\/#primaryimage\"},\"image\":{\"@id\":\"https:\\\/\\\/abc-latina.com\\\/mexique\\\/palenque\\\/#primaryimage\"},\"thumbnailUrl\":\"https:\\\/\\\/abc-latina.com\\\/wp-content\\\/uploads\\\/2010\\\/06\\\/047-palenque-mexique.jpg\",\"datePublished\":\"2010-06-04T20:59:15+00:00\",\"dateModified\":\"2018-06-10T17:36:52+00:00\",\"description\":\"Au coeur de la for\u00eat tropicale, le site myst\u00e9rieux dress\u00e9 dans un cadre enchanteur offre les plus belles r\u00e9alisations pyramidale maya.\",\"breadcrumb\":{\"@id\":\"https:\\\/\\\/abc-latina.com\\\/mexique\\\/palenque\\\/#breadcrumb\"},\"inLanguage\":\"fr-FR\",\"potentialAction\":[{\"@type\":\"ReadAction\",\"target\":[\"https:\\\/\\\/abc-latina.com\\\/mexique\\\/palenque\\\/\"]}]},{\"@type\":\"ImageObject\",\"inLanguage\":\"fr-FR\",\"@id\":\"https:\\\/\\\/abc-latina.com\\\/mexique\\\/palenque\\\/#primaryimage\",\"url\":\"https:\\\/\\\/abc-latina.com\\\/wp-content\\\/uploads\\\/2010\\\/06\\\/047-palenque-mexique.jpg\",\"contentUrl\":\"https:\\\/\\\/abc-latina.com\\\/wp-content\\\/uploads\\\/2010\\\/06\\\/047-palenque-mexique.jpg\",\"width\":700,\"height\":467,\"caption\":\"PALENQUE - MEXIQUE\"},{\"@type\":\"BreadcrumbList\",\"@id\":\"https:\\\/\\\/abc-latina.com\\\/mexique\\\/palenque\\\/#breadcrumb\",\"itemListElement\":[{\"@type\":\"ListItem\",\"position\":1,\"name\":\"Accueil\",\"item\":\"https:\\\/\\\/abc-latina.com\\\/\"},{\"@type\":\"ListItem\",\"position\":2,\"name\":\"PALENQUE\"}]},{\"@type\":\"WebSite\",\"@id\":\"https:\\\/\\\/abc-latina.com\\\/#website\",\"url\":\"https:\\\/\\\/abc-latina.com\\\/\",\"name\":\"Abc-latina\",\"description\":\"\",\"publisher\":{\"@id\":\"https:\\\/\\\/abc-latina.com\\\/#organization\"},\"potentialAction\":[{\"@type\":\"SearchAction\",\"target\":{\"@type\":\"EntryPoint\",\"urlTemplate\":\"https:\\\/\\\/abc-latina.com\\\/?s={search_term_string}\"},\"query-input\":{\"@type\":\"PropertyValueSpecification\",\"valueRequired\":true,\"valueName\":\"search_term_string\"}}],\"inLanguage\":\"fr-FR\"},{\"@type\":\"Organization\",\"@id\":\"https:\\\/\\\/abc-latina.com\\\/#organization\",\"name\":\"Abc-latina\",\"url\":\"https:\\\/\\\/abc-latina.com\\\/\",\"logo\":{\"@type\":\"ImageObject\",\"inLanguage\":\"fr-FR\",\"@id\":\"https:\\\/\\\/abc-latina.com\\\/#\\\/schema\\\/logo\\\/image\\\/\",\"url\":\"https:\\\/\\\/abc-latina.com\\\/wp-content\\\/uploads\\\/2026\\\/05\\\/cropped-logo.gif\",\"contentUrl\":\"https:\\\/\\\/abc-latina.com\\\/wp-content\\\/uploads\\\/2026\\\/05\\\/cropped-logo.gif\",\"width\":89,\"height\":84,\"caption\":\"Abc-latina\"},\"image\":{\"@id\":\"https:\\\/\\\/abc-latina.com\\\/#\\\/schema\\\/logo\\\/image\\\/\"}}]}<\/script>\n<!-- \/ Yoast SEO plugin. -->","yoast_head_json":{"title":"PALENQUE - Abc-latina","description":"Au coeur de la for\u00eat tropicale, le site myst\u00e9rieux dress\u00e9 dans un cadre enchanteur offre les plus belles r\u00e9alisations pyramidale maya.","robots":{"index":"index","follow":"follow","max-snippet":"max-snippet:-1","max-image-preview":"max-image-preview:large","max-video-preview":"max-video-preview:-1"},"canonical":"https:\/\/abc-latina.com\/mexique\/palenque\/","og_locale":"fr_FR","og_type":"article","og_title":"PALENQUE - Abc-latina","og_description":"Au coeur de la for\u00eat tropicale, le site myst\u00e9rieux dress\u00e9 dans un cadre enchanteur offre les plus belles r\u00e9alisations pyramidale maya.","og_url":"https:\/\/abc-latina.com\/mexique\/palenque\/","og_site_name":"Abc-latina","article_modified_time":"2018-06-10T17:36:52+00:00","og_image":[{"width":700,"height":467,"url":"https:\/\/abc-latina.com\/wp-content\/uploads\/2010\/06\/047-palenque-mexique.jpg","type":"image\/jpeg"}],"twitter_card":"summary_large_image","twitter_misc":{"Dur\u00e9e de lecture estim\u00e9e":"2 minutes"},"schema":{"@context":"https:\/\/schema.org","@graph":[{"@type":"WebPage","@id":"https:\/\/abc-latina.com\/mexique\/palenque\/","url":"https:\/\/abc-latina.com\/mexique\/palenque\/","name":"PALENQUE - Abc-latina","isPartOf":{"@id":"https:\/\/abc-latina.com\/#website"},"primaryImageOfPage":{"@id":"https:\/\/abc-latina.com\/mexique\/palenque\/#primaryimage"},"image":{"@id":"https:\/\/abc-latina.com\/mexique\/palenque\/#primaryimage"},"thumbnailUrl":"https:\/\/abc-latina.com\/wp-content\/uploads\/2010\/06\/047-palenque-mexique.jpg","datePublished":"2010-06-04T20:59:15+00:00","dateModified":"2018-06-10T17:36:52+00:00","description":"Au coeur de la for\u00eat tropicale, le site myst\u00e9rieux dress\u00e9 dans un cadre enchanteur offre les plus belles r\u00e9alisations pyramidale maya.","breadcrumb":{"@id":"https:\/\/abc-latina.com\/mexique\/palenque\/#breadcrumb"},"inLanguage":"fr-FR","potentialAction":[{"@type":"ReadAction","target":["https:\/\/abc-latina.com\/mexique\/palenque\/"]}]},{"@type":"ImageObject","inLanguage":"fr-FR","@id":"https:\/\/abc-latina.com\/mexique\/palenque\/#primaryimage","url":"https:\/\/abc-latina.com\/wp-content\/uploads\/2010\/06\/047-palenque-mexique.jpg","contentUrl":"https:\/\/abc-latina.com\/wp-content\/uploads\/2010\/06\/047-palenque-mexique.jpg","width":700,"height":467,"caption":"PALENQUE - MEXIQUE"},{"@type":"BreadcrumbList","@id":"https:\/\/abc-latina.com\/mexique\/palenque\/#breadcrumb","itemListElement":[{"@type":"ListItem","position":1,"name":"Accueil","item":"https:\/\/abc-latina.com\/"},{"@type":"ListItem","position":2,"name":"PALENQUE"}]},{"@type":"WebSite","@id":"https:\/\/abc-latina.com\/#website","url":"https:\/\/abc-latina.com\/","name":"Abc-latina","description":"","publisher":{"@id":"https:\/\/abc-latina.com\/#organization"},"potentialAction":[{"@type":"SearchAction","target":{"@type":"EntryPoint","urlTemplate":"https:\/\/abc-latina.com\/?s={search_term_string}"},"query-input":{"@type":"PropertyValueSpecification","valueRequired":true,"valueName":"search_term_string"}}],"inLanguage":"fr-FR"},{"@type":"Organization","@id":"https:\/\/abc-latina.com\/#organization","name":"Abc-latina","url":"https:\/\/abc-latina.com\/","logo":{"@type":"ImageObject","inLanguage":"fr-FR","@id":"https:\/\/abc-latina.com\/#\/schema\/logo\/image\/","url":"https:\/\/abc-latina.com\/wp-content\/uploads\/2026\/05\/cropped-logo.gif","contentUrl":"https:\/\/abc-latina.com\/wp-content\/uploads\/2026\/05\/cropped-logo.gif","width":89,"height":84,"caption":"Abc-latina"},"image":{"@id":"https:\/\/abc-latina.com\/#\/schema\/logo\/image\/"}}]}},"_links":{"self":[{"href":"https:\/\/abc-latina.com\/wp-json\/wp\/v2\/pages\/334","targetHints":{"allow":["GET"]}}],"collection":[{"href":"https:\/\/abc-latina.com\/wp-json\/wp\/v2\/pages"}],"about":[{"href":"https:\/\/abc-latina.com\/wp-json\/wp\/v2\/types\/page"}],"author":[{"embeddable":true,"href":"https:\/\/abc-latina.com\/wp-json\/wp\/v2\/users\/3"}],"replies":[{"embeddable":true,"href":"https:\/\/abc-latina.com\/wp-json\/wp\/v2\/comments?post=334"}],"version-history":[{"count":0,"href":"https:\/\/abc-latina.com\/wp-json\/wp\/v2\/pages\/334\/revisions"}],"up":[{"embeddable":true,"href":"https:\/\/abc-latina.com\/wp-json\/wp\/v2\/pages\/2308"}],"wp:featuredmedia":[{"embeddable":true,"href":"https:\/\/abc-latina.com\/wp-json\/wp\/v2\/media\/333"}],"wp:attachment":[{"href":"https:\/\/abc-latina.com\/wp-json\/wp\/v2\/media?parent=334"}],"curies":[{"name":"wp","href":"https:\/\/api.w.org\/{rel}","templated":true}]}}