{"id":336,"date":"2010-06-05T23:33:47","date_gmt":"2010-06-05T21:33:47","guid":{"rendered":"http:\/\/abc-latina.com\/puebla-htm\/"},"modified":"2018-06-10T19:35:04","modified_gmt":"2018-06-10T17:35:04","slug":"puebla","status":"publish","type":"page","link":"https:\/\/abc-latina.com\/mexique\/puebla\/","title":{"rendered":"PUEBLA"},"content":{"rendered":"<div style=\"text-align: center;\"><span class=\"tourisme-chapitre\"><img loading=\"lazy\" decoding=\"async\" class=\" size-full wp-image-335\" src=\"http:\/\/abc-latina.com\/wp-content\/uploads\/2010\/06\/puebla_fenetre_1.jpg\" title=\"VOYAGE A PUEBLA\" alt=\"VOYAGE A PUEBLA\" width=\"480\" height=\"320\" align=\"absMiddle\" srcset=\"https:\/\/abc-latina.com\/wp-content\/uploads\/2010\/06\/puebla_fenetre_1.jpg 590w, https:\/\/abc-latina.com\/wp-content\/uploads\/2010\/06\/puebla_fenetre_1-300x200.jpg 300w\" sizes=\"auto, (max-width: 480px) 100vw, 480px\" \/><\/span><\/div>\n<div style=\"text-align: justify;\"><span class=\"tourisme-chapitre\"><br \/>Puebla<\/span>, ville fond\u00e9e en 1532, situ\u00e9e \u00e0 2 162 m\u00e8tres d&rsquo;altitude, dans une r\u00e9gion admirable, compte maintenant un peu plus d&rsquo;un million d&rsquo;habitants et, est la quatri\u00e8me ville du pays.<\/div>\n<div style=\"text-align: justify;\">Le centre de la ville est constitu\u00e9 de maisons patriciennes de l&rsquo;\u00e9poque coloniale dont certaines fa\u00e7ades sont orn\u00e9es, sur toute la hauteur, de fa\u00efences multicolores. Ces fa\u00efences ont fait la r\u00e9putation de Puebla dans le monde entier. Si Puebla ne poss\u00e8de pas 400 \u00e9glises, il en existe suffisamment pour qu&rsquo;on appelle &quot; la Rome des Am\u00e9riques &quot;.&nbsp;<\/div>\n<div style=\"text-align: justify;\">&nbsp;<\/div>\n<div style=\"text-align: justify;\"><strong>Attraits touristiques.<\/strong><\/div>\n<div style=\"text-align: justify;\">&#8211; <span class=\"tourisme-unesco\">Plazuela de los Sapos<\/span>,ici se sont install\u00e9s les antiquaires il y a une vingtaine d&rsquo;ann\u00e9es, et le soir, les nombreux bars, caf\u00e9s et restaurants y font r\u00e9gner une ambiance familiale et d\u00e9contract\u00e9e.<\/div>\n<div style=\"text-align: justify;\">&#8211; L&rsquo;immense <span class=\"tourisme-unesco\">cath\u00e9drale<\/span>, la deuxi\u00e8me en grandeur apr\u00e8s celle de Mexico City, avec sa fa\u00e7ade baroque, ses sculptures en bois et son h\u00f4tel n\u00e9oclassique.&nbsp;<\/div>\n<div style=\"text-align: justify;\">&#8211; La plus belle \u00e9glise de Puebla :<span class=\"tourisme-unesco\">Santo Domingo<\/span> avec sa Chapelle du Rosaire. Le baroque y est devenu exub\u00e9rant. Il n&rsquo;y a pas un m\u00e8tre carr\u00e9 sans ornement, v\u00e9g\u00e9taux, effigies de saints, anges, musiciens, ap\u00f4tres, qui sont de toutes les couleurs.<\/div>\n<div style=\"text-align: justify;\">&#8211; La <span class=\"tourisme-unesco\">Casa del Alfenique<\/span>, litt\u00e9ralement : la maison du Petit Poucet, construction par\u00e9e de fa\u00efence bleu blanc rouge et d&rsquo;ornements baroques, elle abrite le mus\u00e9e r\u00e9gional.<\/div>\n<div style=\"text-align: justify;\">&nbsp;<\/div>\n<div style=\"text-align: justify;\"><strong>Dans les environs de Puebla :<\/strong><\/div>\n<div style=\"text-align: justify;\"><a target=\"_blank\" href=\"..\/tour_operateur\"><img loading=\"lazy\" decoding=\"async\" class=\"touroperateur size-full wp-image-41\" alt=\"\" src=\"http:\/\/abc-latina.com\/wp-content\/uploads\/2010\/04\/timbre_to.gif\" width=\"125\" height=\"90\" \/><\/a>Le paysage au nord de Puebla poss\u00e8de un charme particulier. De vieilles routes, bord\u00e9es de vieux eucalyptus, et de petites villes et villages o\u00f9 l&rsquo;on trouve de nombreuses oeuvres d&rsquo;art colonial.<\/div>\n<div style=\"text-align: justify;\">Le paysage au sud de Puebla est insolite, avec ses collines d\u00e9nud\u00e9es, marqu\u00e9es par l&rsquo;\u00e9rosion du vent et de l&rsquo;eau. Le seul v\u00e9g\u00e9tal qui r\u00e9ussisse \u00e0 pousser dans cet environnement est un long cactus fait d&rsquo;un tronc unique, des millions de ses cactus recouvrent les collines.<\/div>\n<div style=\"text-align: justify;\">&#8211; Le site arch\u00e9ologique de <span class=\"tourisme-unesco\">Cacaxtla <\/span>\u00e9tend ses plates-formes et ses structures sur plus de un kilom\u00e8tre et demi. Le site a \u00e9t\u00e9 habit\u00e9 de 1700 av. J.-C. jusqu&rsquo;\u00e0 environ 850 apr. J.-C. Des fouilles ex\u00e9cut\u00e9es depuis le d\u00e9but des ann\u00e9es 70 ont permis de d\u00e9celer des fresques bien conserv\u00e9es et tr\u00e8s r\u00e9alistes (600 \u00e0 800 apr\u00e8s J.-C.)<\/div>\n<div>&nbsp;<\/div>\n<blockquote style=\"text-align: center\"><p><iframe loading=\"lazy\" src=\"http:\/\/www.youtube.com\/embed\/KobcPaYyxtc?rel=0\" allowfullscreen=\"\" width=\"420\" height=\"315\" frameborder=\"0\"><\/iframe><\/p><\/blockquote>\n<h3>Pr\u00e9parez votre voyage \u00e0 Puebla:<\/h3>\n<div><a href=\"https:\/\/www.abc-latina.com\/mexique\/agence_de_voyages\">Agences de voyage g\u00e9n\u00e9ralistes et discounteurs<\/a><\/div>\n<div><a href=\"https:\/\/www.abc-latina.com\/mexique\/tour_operateur\">Tours Op\u00e9rateurs sp\u00e9cialistes du Mexique<\/a><\/div>\n<div><a href=\"https:\/\/www.abc-latina.com\/to\/reservation_billet_avion\" target=\"_blank\">R\u00e9servez votre billet d&rsquo;avion<\/a><\/div>\n<div><a href=\"https:\/\/www.abc-latina.com\/mexique\/hotels\">R\u00e9servez votre h\u00f4tel \u00e0 Puebla<\/a>&nbsp;<\/div>\n<div><a href=\"https:\/\/www.abc-latina.com\/to\/location_de_voiture_mexique\" target=\"_blank\">Location de voiture<\/a><\/div>\n<p>&nbsp;<\/p>\n","protected":false},"excerpt":{"rendered":"<p>Puebla, ville fond\u00e9e en 1532, situ\u00e9e \u00e0 2 162 m\u00e8tres d&rsquo;altitude, dans une r\u00e9gion admirable, compte maintenant un peu plus [&hellip;]<\/p>\n","protected":false},"author":3,"featured_media":335,"parent":2308,"menu_order":0,"comment_status":"closed","ping_status":"closed","template":"","meta":{"site-sidebar-layout":"default","site-content-layout":"","ast-site-content-layout":"default","site-content-style":"default","site-sidebar-style":"default","ast-global-header-display":"","ast-banner-title-visibility":"","ast-main-header-display":"","ast-hfb-above-header-display":"","ast-hfb-below-header-display":"","ast-hfb-mobile-header-display":"","site-post-title":"","ast-breadcrumbs-content":"","ast-featured-img":"","footer-sml-layout":"","ast-disable-related-posts":"","theme-transparent-header-meta":"","adv-header-id-meta":"","stick-header-meta":"","header-above-stick-meta":"","header-main-stick-meta":"","header-below-stick-meta":"","astra-migrate-meta-layouts":"default","ast-page-background-enabled":"default","ast-page-background-meta":{"desktop":{"background-color":"var(--ast-global-color-5)","background-image":"","background-repeat":"repeat","background-position":"center center","background-size":"auto","background-attachment":"scroll","background-type":"","background-media":"","overlay-type":"","overlay-color":"","overlay-opacity":"","overlay-gradient":""},"tablet":{"background-color":"","background-image":"","background-repeat":"repeat","background-position":"center center","background-size":"auto","background-attachment":"scroll","background-type":"","background-media":"","overlay-type":"","overlay-color":"","overlay-opacity":"","overlay-gradient":""},"mobile":{"background-color":"","background-image":"","background-repeat":"repeat","background-position":"center center","background-size":"auto","background-attachment":"scroll","background-type":"","background-media":"","overlay-type":"","overlay-color":"","overlay-opacity":"","overlay-gradient":""}},"ast-content-background-meta":{"desktop":{"background-color":"var(--ast-global-color-4)","background-image":"","background-repeat":"repeat","background-position":"center center","background-size":"auto","background-attachment":"scroll","background-type":"","background-media":"","overlay-type":"","overlay-color":"","overlay-opacity":"","overlay-gradient":""},"tablet":{"background-color":"var(--ast-global-color-4)","background-image":"","background-repeat":"repeat","background-position":"center center","background-size":"auto","background-attachment":"scroll","background-type":"","background-media":"","overlay-type":"","overlay-color":"","overlay-opacity":"","overlay-gradient":""},"mobile":{"background-color":"var(--ast-global-color-4)","background-image":"","background-repeat":"repeat","background-position":"center center","background-size":"auto","background-attachment":"scroll","background-type":"","background-media":"","overlay-type":"","overlay-color":"","overlay-opacity":"","overlay-gradient":""}},"footnotes":""},"class_list":["post-336","page","type-page","status-publish","has-post-thumbnail","hentry"],"yoast_head":"<!-- This site is optimized with the Yoast SEO plugin v27.5 - https:\/\/yoast.com\/product\/yoast-seo-wordpress\/ -->\n<title>PUEBLA - Abc-latina<\/title>\n<meta name=\"description\" content=\"Puebla, ville fond\u00e9e en 1532, situ\u00e9e \u00e0 2 162 m\u00e8tres d&#039;altitude, dans une r\u00e9gion admirable. Le centre de la ville est constitu\u00e9 de maisons patriciennes de l&#039;\u00e9poque coloniale...\" \/>\n<meta name=\"robots\" content=\"index, follow, max-snippet:-1, max-image-preview:large, max-video-preview:-1\" \/>\n<link rel=\"canonical\" href=\"https:\/\/abc-latina.com\/mexique\/puebla\/\" \/>\n<meta property=\"og:locale\" content=\"fr_FR\" \/>\n<meta property=\"og:type\" content=\"article\" \/>\n<meta property=\"og:title\" content=\"PUEBLA - Abc-latina\" \/>\n<meta property=\"og:description\" content=\"Puebla, ville fond\u00e9e en 1532, situ\u00e9e \u00e0 2 162 m\u00e8tres d&#039;altitude, dans une r\u00e9gion admirable. Le centre de la ville est constitu\u00e9 de maisons patriciennes de l&#039;\u00e9poque coloniale...\" \/>\n<meta property=\"og:url\" content=\"https:\/\/abc-latina.com\/mexique\/puebla\/\" \/>\n<meta property=\"og:site_name\" content=\"Abc-latina\" \/>\n<meta property=\"article:modified_time\" content=\"2018-06-10T17:35:04+00:00\" \/>\n<meta property=\"og:image\" content=\"https:\/\/abc-latina.com\/wp-content\/uploads\/2010\/06\/puebla_fenetre_1.jpg\" \/>\n\t<meta property=\"og:image:width\" content=\"590\" \/>\n\t<meta property=\"og:image:height\" content=\"393\" \/>\n\t<meta property=\"og:image:type\" content=\"image\/jpeg\" \/>\n<meta name=\"twitter:card\" content=\"summary_large_image\" \/>\n<meta name=\"twitter:label1\" content=\"Dur\u00e9e de lecture estim\u00e9e\" \/>\n\t<meta name=\"twitter:data1\" content=\"2 minutes\" \/>\n<script type=\"application\/ld+json\" class=\"yoast-schema-graph\">{\"@context\":\"https:\\\/\\\/schema.org\",\"@graph\":[{\"@type\":\"WebPage\",\"@id\":\"https:\\\/\\\/abc-latina.com\\\/mexique\\\/puebla\\\/\",\"url\":\"https:\\\/\\\/abc-latina.com\\\/mexique\\\/puebla\\\/\",\"name\":\"PUEBLA - Abc-latina\",\"isPartOf\":{\"@id\":\"https:\\\/\\\/abc-latina.com\\\/#website\"},\"primaryImageOfPage\":{\"@id\":\"https:\\\/\\\/abc-latina.com\\\/mexique\\\/puebla\\\/#primaryimage\"},\"image\":{\"@id\":\"https:\\\/\\\/abc-latina.com\\\/mexique\\\/puebla\\\/#primaryimage\"},\"thumbnailUrl\":\"https:\\\/\\\/abc-latina.com\\\/wp-content\\\/uploads\\\/2010\\\/06\\\/puebla_fenetre_1.jpg\",\"datePublished\":\"2010-06-05T21:33:47+00:00\",\"dateModified\":\"2018-06-10T17:35:04+00:00\",\"description\":\"Puebla, ville fond\u00e9e en 1532, situ\u00e9e \u00e0 2 162 m\u00e8tres d'altitude, dans une r\u00e9gion admirable. Le centre de la ville est constitu\u00e9 de maisons patriciennes de l'\u00e9poque coloniale...\",\"breadcrumb\":{\"@id\":\"https:\\\/\\\/abc-latina.com\\\/mexique\\\/puebla\\\/#breadcrumb\"},\"inLanguage\":\"fr-FR\",\"potentialAction\":[{\"@type\":\"ReadAction\",\"target\":[\"https:\\\/\\\/abc-latina.com\\\/mexique\\\/puebla\\\/\"]}]},{\"@type\":\"ImageObject\",\"inLanguage\":\"fr-FR\",\"@id\":\"https:\\\/\\\/abc-latina.com\\\/mexique\\\/puebla\\\/#primaryimage\",\"url\":\"https:\\\/\\\/abc-latina.com\\\/wp-content\\\/uploads\\\/2010\\\/06\\\/puebla_fenetre_1.jpg\",\"contentUrl\":\"https:\\\/\\\/abc-latina.com\\\/wp-content\\\/uploads\\\/2010\\\/06\\\/puebla_fenetre_1.jpg\",\"width\":590,\"height\":393,\"caption\":\"VOYAGE A PUEBLA\"},{\"@type\":\"BreadcrumbList\",\"@id\":\"https:\\\/\\\/abc-latina.com\\\/mexique\\\/puebla\\\/#breadcrumb\",\"itemListElement\":[{\"@type\":\"ListItem\",\"position\":1,\"name\":\"Accueil\",\"item\":\"https:\\\/\\\/abc-latina.com\\\/\"},{\"@type\":\"ListItem\",\"position\":2,\"name\":\"PUEBLA\"}]},{\"@type\":\"WebSite\",\"@id\":\"https:\\\/\\\/abc-latina.com\\\/#website\",\"url\":\"https:\\\/\\\/abc-latina.com\\\/\",\"name\":\"Abc-latina\",\"description\":\"\",\"publisher\":{\"@id\":\"https:\\\/\\\/abc-latina.com\\\/#organization\"},\"potentialAction\":[{\"@type\":\"SearchAction\",\"target\":{\"@type\":\"EntryPoint\",\"urlTemplate\":\"https:\\\/\\\/abc-latina.com\\\/?s={search_term_string}\"},\"query-input\":{\"@type\":\"PropertyValueSpecification\",\"valueRequired\":true,\"valueName\":\"search_term_string\"}}],\"inLanguage\":\"fr-FR\"},{\"@type\":\"Organization\",\"@id\":\"https:\\\/\\\/abc-latina.com\\\/#organization\",\"name\":\"Abc-latina\",\"url\":\"https:\\\/\\\/abc-latina.com\\\/\",\"logo\":{\"@type\":\"ImageObject\",\"inLanguage\":\"fr-FR\",\"@id\":\"https:\\\/\\\/abc-latina.com\\\/#\\\/schema\\\/logo\\\/image\\\/\",\"url\":\"https:\\\/\\\/abc-latina.com\\\/wp-content\\\/uploads\\\/2026\\\/05\\\/cropped-logo.gif\",\"contentUrl\":\"https:\\\/\\\/abc-latina.com\\\/wp-content\\\/uploads\\\/2026\\\/05\\\/cropped-logo.gif\",\"width\":89,\"height\":84,\"caption\":\"Abc-latina\"},\"image\":{\"@id\":\"https:\\\/\\\/abc-latina.com\\\/#\\\/schema\\\/logo\\\/image\\\/\"}}]}<\/script>\n<!-- \/ Yoast SEO plugin. -->","yoast_head_json":{"title":"PUEBLA - Abc-latina","description":"Puebla, ville fond\u00e9e en 1532, situ\u00e9e \u00e0 2 162 m\u00e8tres d'altitude, dans une r\u00e9gion admirable. Le centre de la ville est constitu\u00e9 de maisons patriciennes de l'\u00e9poque coloniale...","robots":{"index":"index","follow":"follow","max-snippet":"max-snippet:-1","max-image-preview":"max-image-preview:large","max-video-preview":"max-video-preview:-1"},"canonical":"https:\/\/abc-latina.com\/mexique\/puebla\/","og_locale":"fr_FR","og_type":"article","og_title":"PUEBLA - Abc-latina","og_description":"Puebla, ville fond\u00e9e en 1532, situ\u00e9e \u00e0 2 162 m\u00e8tres d'altitude, dans une r\u00e9gion admirable. Le centre de la ville est constitu\u00e9 de maisons patriciennes de l'\u00e9poque coloniale...","og_url":"https:\/\/abc-latina.com\/mexique\/puebla\/","og_site_name":"Abc-latina","article_modified_time":"2018-06-10T17:35:04+00:00","og_image":[{"width":590,"height":393,"url":"https:\/\/abc-latina.com\/wp-content\/uploads\/2010\/06\/puebla_fenetre_1.jpg","type":"image\/jpeg"}],"twitter_card":"summary_large_image","twitter_misc":{"Dur\u00e9e de lecture estim\u00e9e":"2 minutes"},"schema":{"@context":"https:\/\/schema.org","@graph":[{"@type":"WebPage","@id":"https:\/\/abc-latina.com\/mexique\/puebla\/","url":"https:\/\/abc-latina.com\/mexique\/puebla\/","name":"PUEBLA - Abc-latina","isPartOf":{"@id":"https:\/\/abc-latina.com\/#website"},"primaryImageOfPage":{"@id":"https:\/\/abc-latina.com\/mexique\/puebla\/#primaryimage"},"image":{"@id":"https:\/\/abc-latina.com\/mexique\/puebla\/#primaryimage"},"thumbnailUrl":"https:\/\/abc-latina.com\/wp-content\/uploads\/2010\/06\/puebla_fenetre_1.jpg","datePublished":"2010-06-05T21:33:47+00:00","dateModified":"2018-06-10T17:35:04+00:00","description":"Puebla, ville fond\u00e9e en 1532, situ\u00e9e \u00e0 2 162 m\u00e8tres d'altitude, dans une r\u00e9gion admirable. Le centre de la ville est constitu\u00e9 de maisons patriciennes de l'\u00e9poque coloniale...","breadcrumb":{"@id":"https:\/\/abc-latina.com\/mexique\/puebla\/#breadcrumb"},"inLanguage":"fr-FR","potentialAction":[{"@type":"ReadAction","target":["https:\/\/abc-latina.com\/mexique\/puebla\/"]}]},{"@type":"ImageObject","inLanguage":"fr-FR","@id":"https:\/\/abc-latina.com\/mexique\/puebla\/#primaryimage","url":"https:\/\/abc-latina.com\/wp-content\/uploads\/2010\/06\/puebla_fenetre_1.jpg","contentUrl":"https:\/\/abc-latina.com\/wp-content\/uploads\/2010\/06\/puebla_fenetre_1.jpg","width":590,"height":393,"caption":"VOYAGE A PUEBLA"},{"@type":"BreadcrumbList","@id":"https:\/\/abc-latina.com\/mexique\/puebla\/#breadcrumb","itemListElement":[{"@type":"ListItem","position":1,"name":"Accueil","item":"https:\/\/abc-latina.com\/"},{"@type":"ListItem","position":2,"name":"PUEBLA"}]},{"@type":"WebSite","@id":"https:\/\/abc-latina.com\/#website","url":"https:\/\/abc-latina.com\/","name":"Abc-latina","description":"","publisher":{"@id":"https:\/\/abc-latina.com\/#organization"},"potentialAction":[{"@type":"SearchAction","target":{"@type":"EntryPoint","urlTemplate":"https:\/\/abc-latina.com\/?s={search_term_string}"},"query-input":{"@type":"PropertyValueSpecification","valueRequired":true,"valueName":"search_term_string"}}],"inLanguage":"fr-FR"},{"@type":"Organization","@id":"https:\/\/abc-latina.com\/#organization","name":"Abc-latina","url":"https:\/\/abc-latina.com\/","logo":{"@type":"ImageObject","inLanguage":"fr-FR","@id":"https:\/\/abc-latina.com\/#\/schema\/logo\/image\/","url":"https:\/\/abc-latina.com\/wp-content\/uploads\/2026\/05\/cropped-logo.gif","contentUrl":"https:\/\/abc-latina.com\/wp-content\/uploads\/2026\/05\/cropped-logo.gif","width":89,"height":84,"caption":"Abc-latina"},"image":{"@id":"https:\/\/abc-latina.com\/#\/schema\/logo\/image\/"}}]}},"_links":{"self":[{"href":"https:\/\/abc-latina.com\/wp-json\/wp\/v2\/pages\/336","targetHints":{"allow":["GET"]}}],"collection":[{"href":"https:\/\/abc-latina.com\/wp-json\/wp\/v2\/pages"}],"about":[{"href":"https:\/\/abc-latina.com\/wp-json\/wp\/v2\/types\/page"}],"author":[{"embeddable":true,"href":"https:\/\/abc-latina.com\/wp-json\/wp\/v2\/users\/3"}],"replies":[{"embeddable":true,"href":"https:\/\/abc-latina.com\/wp-json\/wp\/v2\/comments?post=336"}],"version-history":[{"count":0,"href":"https:\/\/abc-latina.com\/wp-json\/wp\/v2\/pages\/336\/revisions"}],"up":[{"embeddable":true,"href":"https:\/\/abc-latina.com\/wp-json\/wp\/v2\/pages\/2308"}],"wp:featuredmedia":[{"embeddable":true,"href":"https:\/\/abc-latina.com\/wp-json\/wp\/v2\/media\/335"}],"wp:attachment":[{"href":"https:\/\/abc-latina.com\/wp-json\/wp\/v2\/media?parent=336"}],"curies":[{"name":"wp","href":"https:\/\/api.w.org\/{rel}","templated":true}]}}