{"id":341,"date":"2010-06-05T23:35:55","date_gmt":"2010-06-05T21:35:55","guid":{"rendered":"http:\/\/abc-latina.com\/puerto_vallarta-htm\/"},"modified":"2018-06-19T14:29:36","modified_gmt":"2018-06-19T12:29:36","slug":"puerto_vallarta","status":"publish","type":"page","link":"https:\/\/abc-latina.com\/mexique\/puerto_vallarta\/","title":{"rendered":"PUERTO VALLARTA"},"content":{"rendered":"<p style=\"text-align: justify;\"><img loading=\"lazy\" decoding=\"async\" class=\" size-full wp-image-337\" src=\"http:\/\/abc-latina.com\/wp-content\/uploads\/2010\/06\/puerto-vallarta.jpg\" alt=\"PUERTO VALLARTA\" title=\"PUERTO VALLARTA\" width=\"480\" height=\"202\" srcset=\"https:\/\/abc-latina.com\/wp-content\/uploads\/2010\/06\/puerto-vallarta.jpg 641w, https:\/\/abc-latina.com\/wp-content\/uploads\/2010\/06\/puerto-vallarta-300x126.jpg 300w\" sizes=\"auto, (max-width: 480px) 100vw, 480px\" \/><br \/>&nbsp;<br \/>La ville de Puerto Vallarta est quasiment inconnue des touristes Europ\u00e9ens <br \/>alors qu&rsquo;elle est tr\u00e8s pris\u00e9e par les touristes nord-am\u00e9ricains.<br \/>En effet, il y a 50 ans \u00e0 peine, Puerto Vallarta n&rsquo;\u00e9tait qu&rsquo;un petit village de <br \/>p\u00eacheurs \u00e9loign\u00e9 des centres culturels historiques du Mexique. Village alors sans grand int\u00e9r\u00eat sinon ses plages de sables fin, sa c\u00f4te sauvage et ses montagnes l&rsquo;enfermant comme dans un \u00e9crin.<br \/>C&rsquo;est le film la Nuit de l&rsquo;Iguane, sorti en 1964 dans lequel jouaient les stars <br \/>du cin\u00e9ma de l&rsquo;\u00e9poque qui fait d\u00e9couvrir ce joyau de la nature au grand <br \/>public am\u00e9ricain. <br \/>C&rsquo;est alors le d\u00e9but de la ru\u00e9e am\u00e9ricaine vers Puerto Vallarta, la jet-set <br \/>d&rsquo;abord puis le grand public.<br \/><a href=\"https:\/\/www.abc-latina.com\/mexique\/tour_operateur\"><img loading=\"lazy\" decoding=\"async\" class=\" alignright size-full wp-image-41\" src=\"http:\/\/abc-latina.com\/wp-content\/uploads\/2010\/04\/timbre_to.gif\" alt=\"\" align=\"right\" width=\"125\" height=\"90\" \/><\/a>Aucun am\u00e9ricain n&rsquo;ignore maintenant cette ville qui reste de petite taille <br \/>compar\u00e9e aux autres villes Mexicaines avec ses 300 000 habitants.<br \/>Hollywood vient y tourner des films, Ricky Martin y tourne des clips, et <br \/>nombreux sont les hommes d&rsquo;affaires ou c\u00e9l\u00e9brit\u00e9s ayant un pied-\u00e0-terre <br \/>dans la ville ou ses alentours.<\/p>\n<h3>La ville<\/h3>\n<p>Ce qui n&rsquo;\u00e9tait qu&rsquo;un petit village de p\u00eacheur s&rsquo;est maintenant converti en <br \/>centre-ville o\u00f9 le nouveau Malec\u00f3n attire les touristes le soir.<br \/>La ville est construite autour d&rsquo;un centre historique constitu\u00e9 par la <br \/>cath\u00e9drale Notre Dame de Guadeloupe et la place centrale ainsi que deux <br \/>axes principaux dans le centre ville qui longent la plage.<br \/>La ville est construite entre la plage et la montagne. <br \/>Sa g\u00e9ographie offre aux touristes qui s&rsquo;aventurent sur les hauteurs ou bien <br \/>aux locataires des logements sur les collines une vue imprenable sur la baie <br \/>qui fait 40 kilom\u00e8tres de large.<br \/>Puerto Vallarta a connu un d\u00e9veloppement \u00e9conomique et surtout immobilier tr\u00e8s important au d\u00e9but des ann\u00e9es 2000, d\u00e9veloppement stopp\u00e9 lors de la crise de 2008.<br \/>Depuis 2015, le rythme de croissance immobili\u00e8re de la ville a repris de plus belle. On ne compte plus les \u00e9difices, immeubles de luxe et magasins en cours de construction dans la ville aujourd&rsquo;hui.<br \/>La ville vie au rythme du climat de la c\u00f4te pacifique Mexicaine.<\/p>\n<p style=\"text-align: justify;\">La saison humide s&rsquo;\u00e9tend de Mai \u00e0 Octobre et apporte de fortes chaleurs et <br \/>de fortes pluies, c&rsquo;est aussi la saison des ouragans dont la ville est prot\u00e9g\u00e9e <br \/>par sa baie et les montagnes l&rsquo;environnant.<br \/>De novembre \u00e0 Avril, le climat devient sec et la temp\u00e9rature moyenne le jour oscille entre 25 et 30&deg;C. <br \/>C&rsquo;est donc en hiver qu&rsquo;affluent les touristes d&rsquo;Am\u00e9rique du Nord pour fuir les vagues de froid du nord du continent.<\/p>\n<p style=\"text-align: justify;\"><img loading=\"lazy\" decoding=\"async\" class=\" size-full wp-image-338\" src=\"http:\/\/abc-latina.com\/wp-content\/uploads\/2010\/06\/cote_puerto_vallarta.jpg\" alt=\"LA COTE DE PUERTO VALLARTA\" title=\"LA COTE DE PUERTO VALLARTA\" width=\"480\" height=\"270\" srcset=\"https:\/\/abc-latina.com\/wp-content\/uploads\/2010\/06\/cote_puerto_vallarta.jpg 600w, https:\/\/abc-latina.com\/wp-content\/uploads\/2010\/06\/cote_puerto_vallarta-300x169.jpg 300w\" sizes=\"auto, (max-width: 480px) 100vw, 480px\" \/><\/p>\n<p style=\"text-align: justify;\">Puerto Vallarta est donc une ville cosmopolite o\u00f9 se parle aussi bien <br \/>l&rsquo;espagnol que l&rsquo;anglais et qui attirent de nombreux mexicains et homme <br \/>d&rsquo;affaires internationaux.<br \/>Plus de 5 millions de nuits d&rsquo;h\u00f4tels sont vendues chaque ann\u00e9e, la ville <br \/>compte sur un \u00e9norme parc h\u00f4telier qui fait vivre la ville et d&rsquo;innombrables <br \/>restaurants et bars pars\u00e8ment la ville pour accueillir les touristes.<br \/>La zone romantique situ\u00e9e au sud de la ville accueille une communaut\u00e9 gay <br \/>am\u00e9ricaine importante et stimule le d\u00e9veloppement immobilier du centre <br \/>ville.<\/p>\n<h3>Activit\u00e9s et Shopping<\/h3>\n<p style=\"text-align: justify;\">La ville et ses alentours n&rsquo;offrent que peu d&rsquo;activit\u00e9s culturelles. En effet, la <br \/>r\u00e9gion n&rsquo;\u00e9tait peupl\u00e9 ni par les Azt\u00e8ques ou les Mayas et la ville n&rsquo;est pas non plus une ancienne ville coloniale.<br \/>Vous pourrez n\u00e9anmoins admirer Los voladores de Papantla sur le Malec\u00f3n <br \/>les soirs d&rsquo;hiver vers 18h.<\/p>\n<p style=\"text-align: justify;\">De nombreuses galeries dans le centre-ville et la zone romantique expose les travaux d&rsquo;artistes mexicains modernes ou bien l&rsquo;artisanat de communaut\u00e9s indig\u00e8nes vivant dans la Sierra.<br \/>L&rsquo;art Huitchol (ces derniers vivant dans la r\u00e9gion) est le plus repr\u00e9sent\u00e9.<br \/>Ne vous y trompez pas, certains vases faits et peints \u00e0 la main co\u00fbtent plus <br \/>de 2000 euros.<br \/>Vous trouverez ici une liste des magasins exposants ces oeuvres.<br \/>Pour ce qui est des galeries d&rsquo;art, vous en trouverez une liste ici.<br \/>Vous pourrez aussi vous balader sur les diff\u00e9rents march\u00e9s d&rsquo;artisanat de la <br \/>ville.<br \/>L&rsquo;un se trouve \u00e0 Plaza Malec\u00f3n sur le Malec\u00f3n de la ville. Un autre se trouve lui aussi sur le malec\u00f3n \u00e0 l&#8217;embouchure du rio Cuale. Un autre encore, appel\u00e9 mercado municipal et enfin le march\u00e9 qui se trouve sur l&rsquo;\u00eele du rio cuale.<br \/>Les samedi matins d&rsquo;hiver, la place Olas Altas dans la zone romantique <br \/>acceuille un march\u00e9 artisanal et gourmant o\u00f9 vous pourrez d\u00e9couvrir des <br \/>plats typiques et des artisans locaux proposant leur travail et leurs cr\u00e9ations <br \/>aux touristes.<br \/>De nombreux magasins d&rsquo;alcool vous offre des d\u00e9gustations de tequila, le <br \/>mieux \u00e9tant certainement de suivre l&rsquo;activit\u00e9 de d\u00e9couverte de la fabrication <br \/>de la tequila propos\u00e9e par le restaurant Oscar situ\u00e9 sur l&rsquo;\u00eele du rio Cuale.<br \/>Enfin, la ville compte un tr\u00e8s grand nombre de bijouterie localis\u00e9es <br \/>essentiellement entre le centre-ville et la zone romantique. La plupart <br \/>proposent des bijoux en argent provenant des villes de Taxco ou Guadalajara et certains disposent d&rsquo;un atelier pour fabriquer leurs propres cr\u00e9ations.<br \/>Parmi les plus connues citons:<br \/>&bull; Cassandra show jewelry<br \/>&bull; La bijouterie Coral Azul<br \/>&bull; <a href=\"https:\/\/www.vivalatina.fr\/\" target=\"_blank\">La bijouterie Vivalatina<\/a><\/p>\n<h3>Sortir<\/h3>\n<p style=\"text-align: justify;\">Pour sortir, la zone romantique est la plus dense en terme de bars et bo\u00eetes <br \/>de nuit. Ce quartier calme le jour s&rsquo;anime beaucoup la nuit.<br \/>Le Malecon offre une enfilade de bars et bo\u00eetes de nuit dont l&rsquo;activit\u00e9 d\u00e9bute vers 11 heures du soir et se finie aux alentours de 4 heures du matin. <br \/>Ouvertes sur la balade et la plage, vous pouvez danser face \u00e0 l&rsquo;oc\u00e9an.<br \/>Certains bars typiques m\u00e9ritent le d\u00e9tour pour les plus curieux.<br \/>L&rsquo;Ingrata est un bar typique mexicain o\u00f9 vous ne trouverez aucun am\u00e9ricain. Ce bar accueille des groupes de rock locaux, les boissons sont \u00e9conomiques et sa terrasse avec DJ vous permet de danser en regardant les \u00e9toiles.<br \/>Le Morelos est un bar chic \u00e0 mezcal proposant des cocktails \u00e0 base de mezcal en provenance du Oaxaca. Il est un peu cher compar\u00e9 \u00e0 l&rsquo;Ingrata mais l&rsquo;ambiance est agr\u00e9able.<br \/>El ombriglo del diablo est un bar Grunge sur la rue Morelos situ\u00e9 \u00e0 70 m\u00e8tre du bar Morelos et vous pourrez y d\u00e9guster un large panel de Mezcal de qualit\u00e9 et peu connus. Ce bar est bien plus \u00e9conomique que le Morelos mais pr\u00e9f\u00e8rez l&rsquo;ingrata pour l&rsquo;ambiance.<br \/>Bien d&rsquo;autres bars, restaurants et terrasses peuvent vous accueillir, le mieux <br \/>\u00e9tant encore de d\u00e9ambuler dans les rues le soir et d\u00e9couvrir par vous m\u00eame <br \/>tous les lieux de sortie que propose la ville, car ils sont vraiment nombreux. <br \/>&nbsp;<\/p>\n<h3>Les visites<\/h3>\n<p style=\"text-align: justify;\">Les alentours de <a href=\"http:\/\/www.puerto-vallarta.fr\/\" target=\"_blank\">Puerto Vallarta<\/a> sont occup\u00e9s par la baie Bahia de banderas et des montagnes.<br \/>Parmi les visites les plus agr\u00e9ables des alentours, notons:<br \/>&bull; le village de San Sebastian del Oeste, situ\u00e9 \u00e0 1h de route environ \u00e0 l&rsquo;est<br \/>de la ville<br \/>&bull; le village de Sayulita, pris\u00e9 de la jet-set Am\u00e9ricaine qui commence \u00e0 <br \/>\u00eatre d\u00e9pass\u00e9 par sa renomm\u00e9e.<br \/>&bull; San Pancho, situ\u00e9 \u00e0 20 minutes apr\u00e8s Sayulita en venant de Puerto <br \/>Vallarta est un village mexicain qui vous accueille avec ses Palapas en <br \/>bord de mer et une plage qui s&rsquo;\u00e9tend jusqu&rsquo;\u00e0 l&rsquo;infini.<br \/>&bull; Boca de Tomatl\u00e1n est un petit village situ\u00e9 \u00e0 l&#8217;embouchure d&rsquo;un fleuve. <br \/>L&rsquo;endroit est paradisiaque et vous pourrez y faire une randonn\u00e9e de 2 <br \/>kilom\u00e8tres pour aller \u00e0 la plage de Colomitos.<br \/>&bull; Punta de mita, la pointe nord de la baie est un petit village offrant une <br \/>multitude de bars en bord de plage avec une vue imprenable sur la baie.<br \/>&bull;&nbsp; Mayto, au sud de la ville, par del\u00e0 les montagnes est un hameau en <br \/>bord de plage id\u00e9al pour se retirer du monde. Le village de Tehualmixtle<br \/>avec ses hu\u00eetres sauvages n&rsquo;est situ\u00e9 qu&rsquo;\u00e0 deux kilom\u00e8tres.<br \/>&bull; Yelapa est une plage sur la c\u00f4te sur de la baie, coup\u00e9e du monde, il <br \/>vous faudra vous y rendre en bateau.<br \/>&bull; Magdalena de los opalos est un petit village \u00e0 4 heures de route de <br \/>Puerto Vallarta qui vit de l&rsquo;exploitation des opales. Vous pouvez y visiter<br \/>des mines et visiter des ateliers de taille d&rsquo;opales.<br \/>&bull; La ville de Tequila n&rsquo;est qu&rsquo;\u00e0 3h30 de route et vous permet de profiter <br \/>de ce village colonial tout en d\u00e9couvrant le mode d&rsquo;\u00e9laboration de la <br \/>tequila<br \/>&bull; Las islas Marietas offrent une sortie en mer pour visiter la c\u00e9l\u00e8bre \u00eele <br \/>creuse au large de la baie.<\/p>\n<p style=\"text-align: justify;\"><img loading=\"lazy\" decoding=\"async\" class=\" size-full wp-image-339\" src=\"http:\/\/abc-latina.com\/wp-content\/uploads\/2010\/06\/iles_marietas.jpg\" alt=\"ILES MARIETAS\" title=\"ILES MARIETAS\" width=\"480\" height=\"320\" srcset=\"https:\/\/abc-latina.com\/wp-content\/uploads\/2010\/06\/iles_marietas.jpg 509w, https:\/\/abc-latina.com\/wp-content\/uploads\/2010\/06\/iles_marietas-300x200.jpg 300w\" sizes=\"auto, (max-width: 480px) 100vw, 480px\" \/><\/p>\n<h3>Les activit\u00e9s sportives<\/h3>\n<p style=\"text-align: justify;\">La baie offre une multitude d&rsquo;activit\u00e9s possibles, et ravira les amateurs <br \/>d&rsquo;activit\u00e9s en plein air.<br \/>Vous pouvez seul ou bien avec une agence faire les activit\u00e9s suivantes:<br \/>&bull; Surf sur les plages de Burros, La lancha, Pared\u00f3n, Punta de mita et <br \/>d&rsquo;autres spots localis\u00e9s sur la partie nord de la baie.<br \/>&bull; Paddle en centre ville ou sur les plages des alentours.<br \/>&bull; Snorkeling ou plong\u00e9e sous-marine sur diff\u00e9rents sites dont Los arcos <br \/>est le plus connu.<br \/>&bull; Kite-surf \u00e0 Bucerias, en raison de son exposition aux vents. Une \u00e9tape <br \/>du championnat mondial y a lieu chaque ann\u00e9e.<br \/>&bull; Bateau \u00e0 voile, vous pourrrez en louer un avec ou sans skipper \u00e0 la <br \/>Marina de Puerto Vallarta ou bien La crus de Huanacaxtle.<br \/>&bull; P\u00eache au gros, il vous faudra louer le bateau et l&rsquo;\u00e9quipage pour vous <br \/>emmener p\u00eacher le thon ou bien l&rsquo;espadon.<br \/>&bull; Saut en parachute.<br \/>&bull; Jet-ski et parachute ascensionnel sur la plage.<br \/>&bull; Randonn\u00e9es \u00e0 pied ou \u00e0 VTT.<br \/>&bull; Tyrolienne, quad, cheval et buggy avec les tours op\u00e9rateurs sp\u00e9cialis\u00e9s <br \/>de la ville.<br \/>&bull; Sortie en mer pour voir les baleines de novembre \u00e0 avril lorsque ces <br \/>derni\u00e8res viennent mettre bas dans la baie.<\/p>\n<p style=\"text-align: justify;\"><img loading=\"lazy\" decoding=\"async\" class=\" size-full wp-image-340\" src=\"http:\/\/abc-latina.com\/wp-content\/uploads\/2010\/06\/baleine.jpg\" alt=\"\" width=\"480\" height=\"320\" srcset=\"https:\/\/abc-latina.com\/wp-content\/uploads\/2010\/06\/baleine.jpg 500w, https:\/\/abc-latina.com\/wp-content\/uploads\/2010\/06\/baleine-300x200.jpg 300w\" sizes=\"auto, (max-width: 480px) 100vw, 480px\" \/><\/p>\n","protected":false},"excerpt":{"rendered":"<p>&nbsp;La ville de Puerto Vallarta est quasiment inconnue des touristes Europ\u00e9ens alors qu&rsquo;elle est tr\u00e8s pris\u00e9e par les touristes nord-am\u00e9ricains.En [&hellip;]<\/p>\n","protected":false},"author":3,"featured_media":337,"parent":2308,"menu_order":0,"comment_status":"closed","ping_status":"closed","template":"","meta":{"site-sidebar-layout":"default","site-content-layout":"","ast-site-content-layout":"default","site-content-style":"default","site-sidebar-style":"default","ast-global-header-display":"","ast-banner-title-visibility":"","ast-main-header-display":"","ast-hfb-above-header-display":"","ast-hfb-below-header-display":"","ast-hfb-mobile-header-display":"","site-post-title":"","ast-breadcrumbs-content":"","ast-featured-img":"","footer-sml-layout":"","ast-disable-related-posts":"","theme-transparent-header-meta":"","adv-header-id-meta":"","stick-header-meta":"","header-above-stick-meta":"","header-main-stick-meta":"","header-below-stick-meta":"","astra-migrate-meta-layouts":"default","ast-page-background-enabled":"default","ast-page-background-meta":{"desktop":{"background-color":"var(--ast-global-color-5)","background-image":"","background-repeat":"repeat","background-position":"center center","background-size":"auto","background-attachment":"scroll","background-type":"","background-media":"","overlay-type":"","overlay-color":"","overlay-opacity":"","overlay-gradient":""},"tablet":{"background-color":"","background-image":"","background-repeat":"repeat","background-position":"center center","background-size":"auto","background-attachment":"scroll","background-type":"","background-media":"","overlay-type":"","overlay-color":"","overlay-opacity":"","overlay-gradient":""},"mobile":{"background-color":"","background-image":"","background-repeat":"repeat","background-position":"center center","background-size":"auto","background-attachment":"scroll","background-type":"","background-media":"","overlay-type":"","overlay-color":"","overlay-opacity":"","overlay-gradient":""}},"ast-content-background-meta":{"desktop":{"background-color":"var(--ast-global-color-4)","background-image":"","background-repeat":"repeat","background-position":"center center","background-size":"auto","background-attachment":"scroll","background-type":"","background-media":"","overlay-type":"","overlay-color":"","overlay-opacity":"","overlay-gradient":""},"tablet":{"background-color":"var(--ast-global-color-4)","background-image":"","background-repeat":"repeat","background-position":"center center","background-size":"auto","background-attachment":"scroll","background-type":"","background-media":"","overlay-type":"","overlay-color":"","overlay-opacity":"","overlay-gradient":""},"mobile":{"background-color":"var(--ast-global-color-4)","background-image":"","background-repeat":"repeat","background-position":"center center","background-size":"auto","background-attachment":"scroll","background-type":"","background-media":"","overlay-type":"","overlay-color":"","overlay-opacity":"","overlay-gradient":""}},"footnotes":""},"class_list":["post-341","page","type-page","status-publish","has-post-thumbnail","hentry"],"yoast_head":"<!-- This site is optimized with the Yoast SEO plugin v27.5 - https:\/\/yoast.com\/product\/yoast-seo-wordpress\/ -->\n<title>PUERTO VALLARTA - Abc-latina<\/title>\n<meta name=\"description\" content=\"Visite et d\u00e9couverte du Mexique: Puerto Vallarta.\" \/>\n<meta name=\"robots\" content=\"index, follow, max-snippet:-1, max-image-preview:large, max-video-preview:-1\" \/>\n<link rel=\"canonical\" href=\"https:\/\/abc-latina.com\/mexique\/puerto_vallarta\/\" \/>\n<meta property=\"og:locale\" content=\"fr_FR\" \/>\n<meta property=\"og:type\" content=\"article\" \/>\n<meta property=\"og:title\" content=\"PUERTO VALLARTA - Abc-latina\" \/>\n<meta property=\"og:description\" content=\"Visite et d\u00e9couverte du Mexique: Puerto Vallarta.\" \/>\n<meta property=\"og:url\" content=\"https:\/\/abc-latina.com\/mexique\/puerto_vallarta\/\" \/>\n<meta property=\"og:site_name\" content=\"Abc-latina\" \/>\n<meta property=\"article:modified_time\" content=\"2018-06-19T12:29:36+00:00\" \/>\n<meta property=\"og:image\" content=\"https:\/\/abc-latina.com\/wp-content\/uploads\/2010\/06\/puerto-vallarta.jpg\" \/>\n\t<meta property=\"og:image:width\" content=\"641\" \/>\n\t<meta property=\"og:image:height\" content=\"270\" \/>\n\t<meta property=\"og:image:type\" content=\"image\/jpeg\" \/>\n<meta name=\"twitter:card\" content=\"summary_large_image\" \/>\n<meta name=\"twitter:label1\" content=\"Dur\u00e9e de lecture estim\u00e9e\" \/>\n\t<meta name=\"twitter:data1\" content=\"8 minutes\" \/>\n<script type=\"application\/ld+json\" class=\"yoast-schema-graph\">{\"@context\":\"https:\\\/\\\/schema.org\",\"@graph\":[{\"@type\":\"WebPage\",\"@id\":\"https:\\\/\\\/abc-latina.com\\\/mexique\\\/puerto_vallarta\\\/\",\"url\":\"https:\\\/\\\/abc-latina.com\\\/mexique\\\/puerto_vallarta\\\/\",\"name\":\"PUERTO VALLARTA - Abc-latina\",\"isPartOf\":{\"@id\":\"https:\\\/\\\/abc-latina.com\\\/#website\"},\"primaryImageOfPage\":{\"@id\":\"https:\\\/\\\/abc-latina.com\\\/mexique\\\/puerto_vallarta\\\/#primaryimage\"},\"image\":{\"@id\":\"https:\\\/\\\/abc-latina.com\\\/mexique\\\/puerto_vallarta\\\/#primaryimage\"},\"thumbnailUrl\":\"https:\\\/\\\/abc-latina.com\\\/wp-content\\\/uploads\\\/2010\\\/06\\\/puerto-vallarta.jpg\",\"datePublished\":\"2010-06-05T21:35:55+00:00\",\"dateModified\":\"2018-06-19T12:29:36+00:00\",\"description\":\"Visite et d\u00e9couverte du Mexique: Puerto Vallarta.\",\"breadcrumb\":{\"@id\":\"https:\\\/\\\/abc-latina.com\\\/mexique\\\/puerto_vallarta\\\/#breadcrumb\"},\"inLanguage\":\"fr-FR\",\"potentialAction\":[{\"@type\":\"ReadAction\",\"target\":[\"https:\\\/\\\/abc-latina.com\\\/mexique\\\/puerto_vallarta\\\/\"]}]},{\"@type\":\"ImageObject\",\"inLanguage\":\"fr-FR\",\"@id\":\"https:\\\/\\\/abc-latina.com\\\/mexique\\\/puerto_vallarta\\\/#primaryimage\",\"url\":\"https:\\\/\\\/abc-latina.com\\\/wp-content\\\/uploads\\\/2010\\\/06\\\/puerto-vallarta.jpg\",\"contentUrl\":\"https:\\\/\\\/abc-latina.com\\\/wp-content\\\/uploads\\\/2010\\\/06\\\/puerto-vallarta.jpg\",\"width\":641,\"height\":270,\"caption\":\"PUERTO VALLARTA\"},{\"@type\":\"BreadcrumbList\",\"@id\":\"https:\\\/\\\/abc-latina.com\\\/mexique\\\/puerto_vallarta\\\/#breadcrumb\",\"itemListElement\":[{\"@type\":\"ListItem\",\"position\":1,\"name\":\"Accueil\",\"item\":\"https:\\\/\\\/abc-latina.com\\\/\"},{\"@type\":\"ListItem\",\"position\":2,\"name\":\"PUERTO VALLARTA\"}]},{\"@type\":\"WebSite\",\"@id\":\"https:\\\/\\\/abc-latina.com\\\/#website\",\"url\":\"https:\\\/\\\/abc-latina.com\\\/\",\"name\":\"Abc-latina\",\"description\":\"\",\"publisher\":{\"@id\":\"https:\\\/\\\/abc-latina.com\\\/#organization\"},\"potentialAction\":[{\"@type\":\"SearchAction\",\"target\":{\"@type\":\"EntryPoint\",\"urlTemplate\":\"https:\\\/\\\/abc-latina.com\\\/?s={search_term_string}\"},\"query-input\":{\"@type\":\"PropertyValueSpecification\",\"valueRequired\":true,\"valueName\":\"search_term_string\"}}],\"inLanguage\":\"fr-FR\"},{\"@type\":\"Organization\",\"@id\":\"https:\\\/\\\/abc-latina.com\\\/#organization\",\"name\":\"Abc-latina\",\"url\":\"https:\\\/\\\/abc-latina.com\\\/\",\"logo\":{\"@type\":\"ImageObject\",\"inLanguage\":\"fr-FR\",\"@id\":\"https:\\\/\\\/abc-latina.com\\\/#\\\/schema\\\/logo\\\/image\\\/\",\"url\":\"https:\\\/\\\/abc-latina.com\\\/wp-content\\\/uploads\\\/2026\\\/05\\\/cropped-logo.gif\",\"contentUrl\":\"https:\\\/\\\/abc-latina.com\\\/wp-content\\\/uploads\\\/2026\\\/05\\\/cropped-logo.gif\",\"width\":89,\"height\":84,\"caption\":\"Abc-latina\"},\"image\":{\"@id\":\"https:\\\/\\\/abc-latina.com\\\/#\\\/schema\\\/logo\\\/image\\\/\"}}]}<\/script>\n<!-- \/ Yoast SEO plugin. -->","yoast_head_json":{"title":"PUERTO VALLARTA - Abc-latina","description":"Visite et d\u00e9couverte du Mexique: Puerto Vallarta.","robots":{"index":"index","follow":"follow","max-snippet":"max-snippet:-1","max-image-preview":"max-image-preview:large","max-video-preview":"max-video-preview:-1"},"canonical":"https:\/\/abc-latina.com\/mexique\/puerto_vallarta\/","og_locale":"fr_FR","og_type":"article","og_title":"PUERTO VALLARTA - Abc-latina","og_description":"Visite et d\u00e9couverte du Mexique: Puerto Vallarta.","og_url":"https:\/\/abc-latina.com\/mexique\/puerto_vallarta\/","og_site_name":"Abc-latina","article_modified_time":"2018-06-19T12:29:36+00:00","og_image":[{"width":641,"height":270,"url":"https:\/\/abc-latina.com\/wp-content\/uploads\/2010\/06\/puerto-vallarta.jpg","type":"image\/jpeg"}],"twitter_card":"summary_large_image","twitter_misc":{"Dur\u00e9e de lecture estim\u00e9e":"8 minutes"},"schema":{"@context":"https:\/\/schema.org","@graph":[{"@type":"WebPage","@id":"https:\/\/abc-latina.com\/mexique\/puerto_vallarta\/","url":"https:\/\/abc-latina.com\/mexique\/puerto_vallarta\/","name":"PUERTO VALLARTA - Abc-latina","isPartOf":{"@id":"https:\/\/abc-latina.com\/#website"},"primaryImageOfPage":{"@id":"https:\/\/abc-latina.com\/mexique\/puerto_vallarta\/#primaryimage"},"image":{"@id":"https:\/\/abc-latina.com\/mexique\/puerto_vallarta\/#primaryimage"},"thumbnailUrl":"https:\/\/abc-latina.com\/wp-content\/uploads\/2010\/06\/puerto-vallarta.jpg","datePublished":"2010-06-05T21:35:55+00:00","dateModified":"2018-06-19T12:29:36+00:00","description":"Visite et d\u00e9couverte du Mexique: Puerto Vallarta.","breadcrumb":{"@id":"https:\/\/abc-latina.com\/mexique\/puerto_vallarta\/#breadcrumb"},"inLanguage":"fr-FR","potentialAction":[{"@type":"ReadAction","target":["https:\/\/abc-latina.com\/mexique\/puerto_vallarta\/"]}]},{"@type":"ImageObject","inLanguage":"fr-FR","@id":"https:\/\/abc-latina.com\/mexique\/puerto_vallarta\/#primaryimage","url":"https:\/\/abc-latina.com\/wp-content\/uploads\/2010\/06\/puerto-vallarta.jpg","contentUrl":"https:\/\/abc-latina.com\/wp-content\/uploads\/2010\/06\/puerto-vallarta.jpg","width":641,"height":270,"caption":"PUERTO VALLARTA"},{"@type":"BreadcrumbList","@id":"https:\/\/abc-latina.com\/mexique\/puerto_vallarta\/#breadcrumb","itemListElement":[{"@type":"ListItem","position":1,"name":"Accueil","item":"https:\/\/abc-latina.com\/"},{"@type":"ListItem","position":2,"name":"PUERTO VALLARTA"}]},{"@type":"WebSite","@id":"https:\/\/abc-latina.com\/#website","url":"https:\/\/abc-latina.com\/","name":"Abc-latina","description":"","publisher":{"@id":"https:\/\/abc-latina.com\/#organization"},"potentialAction":[{"@type":"SearchAction","target":{"@type":"EntryPoint","urlTemplate":"https:\/\/abc-latina.com\/?s={search_term_string}"},"query-input":{"@type":"PropertyValueSpecification","valueRequired":true,"valueName":"search_term_string"}}],"inLanguage":"fr-FR"},{"@type":"Organization","@id":"https:\/\/abc-latina.com\/#organization","name":"Abc-latina","url":"https:\/\/abc-latina.com\/","logo":{"@type":"ImageObject","inLanguage":"fr-FR","@id":"https:\/\/abc-latina.com\/#\/schema\/logo\/image\/","url":"https:\/\/abc-latina.com\/wp-content\/uploads\/2026\/05\/cropped-logo.gif","contentUrl":"https:\/\/abc-latina.com\/wp-content\/uploads\/2026\/05\/cropped-logo.gif","width":89,"height":84,"caption":"Abc-latina"},"image":{"@id":"https:\/\/abc-latina.com\/#\/schema\/logo\/image\/"}}]}},"_links":{"self":[{"href":"https:\/\/abc-latina.com\/wp-json\/wp\/v2\/pages\/341","targetHints":{"allow":["GET"]}}],"collection":[{"href":"https:\/\/abc-latina.com\/wp-json\/wp\/v2\/pages"}],"about":[{"href":"https:\/\/abc-latina.com\/wp-json\/wp\/v2\/types\/page"}],"author":[{"embeddable":true,"href":"https:\/\/abc-latina.com\/wp-json\/wp\/v2\/users\/3"}],"replies":[{"embeddable":true,"href":"https:\/\/abc-latina.com\/wp-json\/wp\/v2\/comments?post=341"}],"version-history":[{"count":0,"href":"https:\/\/abc-latina.com\/wp-json\/wp\/v2\/pages\/341\/revisions"}],"up":[{"embeddable":true,"href":"https:\/\/abc-latina.com\/wp-json\/wp\/v2\/pages\/2308"}],"wp:featuredmedia":[{"embeddable":true,"href":"https:\/\/abc-latina.com\/wp-json\/wp\/v2\/media\/337"}],"wp:attachment":[{"href":"https:\/\/abc-latina.com\/wp-json\/wp\/v2\/media?parent=341"}],"curies":[{"name":"wp","href":"https:\/\/api.w.org\/{rel}","templated":true}]}}