{"id":343,"date":"2010-06-05T23:38:19","date_gmt":"2010-06-05T21:38:19","guid":{"rendered":"http:\/\/abc-latina.com\/san_cristobal-htm\/"},"modified":"2018-06-10T19:33:19","modified_gmt":"2018-06-10T17:33:19","slug":"san_cristobal","status":"publish","type":"page","link":"https:\/\/abc-latina.com\/mexique\/san_cristobal\/","title":{"rendered":"SAN CRISTOBAL de LAS CASAS"},"content":{"rendered":"<div><img loading=\"lazy\" decoding=\"async\" class=\" alignright size-full wp-image-342\" src=\"http:\/\/abc-latina.com\/wp-content\/uploads\/2010\/06\/san-cristobal.jpg\" title=\"SAN CRISTOBAL de LAS CASAS\" alt=\"\" width=\"250\" vspace=\"9\" hspace=\"9\" height=\"250\" align=\"right\" srcset=\"https:\/\/abc-latina.com\/wp-content\/uploads\/2010\/06\/san-cristobal.jpg 250w, https:\/\/abc-latina.com\/wp-content\/uploads\/2010\/06\/san-cristobal-150x150.jpg 150w\" sizes=\"auto, (max-width: 250px) 100vw, 250px\" \/>Situ\u00e9e \u00e0 2300 m d&rsquo;altitude dans les montagnes verdoyantes du Chiapas, <span class=\"tourisme-chapitre\">San Cristobal de las Casas<\/span> b\u00e9n\u00e9ficie d&rsquo;un climat frais. Fond\u00e9e en 1528, la ville devint la capital de l&rsquo;\u00e9tat du Chiapas de 1824 \u00e0 1892. Elle doit son nom au dominicain Bartolom\u00e9 de Las Casas, qui d\u00e9fendit les Indiens contre les exc\u00e8s des colons.<\/div>\n<div>Les riches h\u00e9ritages am\u00e9rindien et espagnol, ont \u00e9t\u00e9 peu modifi\u00e9s au cours des si\u00e8cles. L&rsquo;h\u00e9ritage am\u00e9rindien se fait visible sur les visages, dans les langues et sur les costumes souvent tr\u00e8s color\u00e9s dans les rues et les march\u00e9s. L&rsquo;h\u00e9ritage espagnol de l&rsquo;\u00e9poque coloniale se d\u00e9note quant \u00e0 lui un peu partout, que ce soit dans les pav\u00e9s typiques ou les clochers d&rsquo;\u00e9glise. Les villages environnants sont surtout peupl\u00e9s de Mayas appartenant aux groupes tzotzil et tzettal.<\/div>\n<div>&nbsp;<\/div>\n<div>L&rsquo;atmosph\u00e8re d\u00e9tendue et particuli\u00e8re de cet endroit s&rsquo;appr\u00e9cie en se promenant dans ses rues bord\u00e9es de bas \u00e9difices en stuc aux toits recouverts de tuiles rouges. Depuis le z\u00f3calo, on peut observer les \u00e9difices majestueux, dont entre autres la tr\u00e8s grande cath\u00e9drale d&rsquo;inspiration baroque. L&rsquo;atmosph\u00e8re devient plus anim\u00e9e \u00e0 mesure qu&rsquo;on remonte l&rsquo;avenue du General Utrilla, bord\u00e9e de boutiques et de kiosques d&rsquo;artisanat, \u00e0 l&rsquo;approche de l&rsquo;\u00e9glise de Santo Domingo, dont la fa\u00e7ade ros\u00e2tre richement orn\u00e9e est superbement illumin\u00e9e le soir venu. Son int\u00e9rieur d&rsquo;inspiration rococo, rehauss\u00e9e d&rsquo;une abondance de feuilles d&rsquo;or et d&rsquo;un ma\u00eetre-autel arrondi en bois, en fait l&rsquo;une des plus jolies \u00e9glises du Mexique.<\/div>\n<div>Autour de l&rsquo;\u00e9glise de Santo Domingo, des indiens \u00e9talent des objets d&rsquo;artisanat dans un march\u00e9 de fortune. Le march\u00e9 principal, avec sa profusion de produits alimentaires color\u00e9s et sa faune humaine tout aussi bigarr\u00e9e, se trouve un peu plus loin vers le nord. Si vous d\u00e9sirez faire des achats, vous pouvez vous tourner vers les march\u00e9s ainsi que vers les boutiques de la rue Real de Guadalupe, \u00e0 l&rsquo;est du z\u00f3calo, ou de l&rsquo;avenue General Utrilla, o\u00f9 vous trouverez de beaux tissus typiques de cette r\u00e9gion, souvent agr\u00e9ment\u00e9s de couleurs tr\u00e8s vives : huipites (blouses brod\u00e9es), ch\u00e2les, vestes, k\u00e9pis, mouchoirs, couvertures, nappes et serviettes. Vous vous verrez aussi proposer des objets en cuir, des c\u00e9ramiques et des bijoux (surtout d&rsquo;ambre).<\/div>\n<div>Parmi les sites d&rsquo;int\u00e9r\u00eat, il convient de mentionner le mus\u00e9e San Jolobil, \u00e0 c\u00f4t\u00e9 de l&rsquo;\u00e9glise de Santo Domingo. Au rez-de-chauss\u00e9e sont pr\u00e9sent\u00e9s des objets et des vitrines traitant des \u00e9poques pr\u00e9colombienne et coloniale. Au premier \u00e9tage sont expos\u00e9es des uvres d&rsquo;art de l&rsquo;\u00e9poque coloniale et le vrai tr\u00e9sor de ce mus\u00e9e, soit une collection de costumes traditionnels des hautes terres du Chiapas. Na-Bolom, rue Vicente Guerrero, se pr\u00e9sente comme un mus\u00e9e et un centre de recherche fond\u00e9 par deux arch\u00e9ologues danois, Frans et Trudi Blom. Ce couple s&rsquo;est charg\u00e9, durant plusieurs d\u00e9cennies, de contrer les fl\u00e9aux menacent la jungle Lacandon et ses habitants am\u00e9rindiens, une lutte qui se poursuit encore aujourd&rsquo;hui avec l&rsquo;aide de b\u00e9n\u00e9voles venus de plusieurs pays. Le mus\u00e9e pr\u00e9sente la collection d&rsquo;objets pr\u00e9hispaniques recueillis par Frans Blom ainsi que divers objets et photos illustrant la vie de leurs contemporains.&nbsp;<\/div>\n<div>&nbsp;<\/div>\n<div><span class=\"tourisme-unesco\">Dans les environs :<\/span><\/div>\n<div><a href=\"..\/tour_operateur\" target=\"_blank\"><img loading=\"lazy\" decoding=\"async\" class=\" size-full wp-image-41\" alt=\"\" class=\"touroperateur\" src=\"http:\/\/abc-latina.com\/wp-content\/uploads\/2010\/04\/timbre_to.gif\" width=\"125\" height=\"90\" \/><\/a>A une dizaine de kilom\u00e8tres au nord de San Cristobal se trouve le village de <a href=\"https:\/\/www.abc-latina.com\/mexique\/voyages\/san_juan_chamula.php\" target=\"_blank\">San Juan Chamula<\/a> qui abrite une communaut\u00e9 am\u00e9rindienne. L&rsquo;\u00e9glise, centre de culte pour les Indiens chamulas est un parfait exemple du syncr\u00e9tisme entre croyances catholiques et Mayas.<\/div>\n<div>&nbsp;<\/div>\n<div>A deux heures de route Tuxtla Guti\u00e9rrez, qui se trouve seulement \u00e0 532 m d&rsquo;altitude et \u00e0 quelques kilom\u00e8tres de l\u00e0 le fameux canyon del Sumidero, s&rsquo;enfonce entre ses parois d&rsquo;une hauteur de 1000 m.<\/div>\n<div>A trois heures de route de San Cristobal de las Casas, pr\u00e8s de la fronti\u00e8re guat\u00e9malt\u00e8que, s&rsquo;\u00e9tendent les lacs Montebello.<\/div>\n<div>A quatre heures de route les cascades Agua Azul passent pour \u00eatre les plus impressionnantes du Mexique.<\/div>\n<div>On pourra aussi visiter les sites arch\u00e9ologiques Mayas de Palenque et Bonampak ainsi que l&rsquo;extraordinaire jungle des Lancandons.<\/div>\n<div>&nbsp;<\/div>\n<div><span class=\"tourisme-unesco\">Remarques sur les \u00e9venements recents<\/span><\/div>\n<div>Aux premi\u00e8res heures de l&rsquo;ann\u00e9e 1994, la ville de San Crist\u00f3bal de las Casas a fait la une des r\u00e9dactions lorsqu&rsquo;une petite bande de gu\u00e9rilleros en a pris durant une trentaine d&rsquo;heures le contr\u00f4le par les armes. l&rsquo;Arm\u00e9e zapatiste de lib\u00e9ration nationale (EZLN) a depuis d\u00e9laiss\u00e9 l&rsquo;action militaire pour lui substituer une campagne de propagande beaucoup plus efficace. Peu \u00e0 peu, la vie a repris son cours normal \u00e0 San Crist\u00f3bal, ville tranquille et agr\u00e9able.<\/div>\n<h3>Pr\u00e9parez votre voyage \u00e0 San Cristobal:<\/h3>\n<div><a href=\"https:\/\/www.abc-latina.com\/mexique\/agence_de_voyages\">Agences de voyage g\u00e9n\u00e9ralistes et discounteurs<\/a><\/div>\n<div><a href=\"https:\/\/www.abc-latina.com\/mexique\/tour_operateur\">Tours Op\u00e9rateurs sp\u00e9cialistes du Mexique<\/a><\/div>\n<div><a href=\"https:\/\/www.abc-latina.com\/to\/reservation_billet_avion\" target=\"_blank\">R\u00e9servez votre billet d&rsquo;avion<\/a><\/div>\n<div><a href=\"https:\/\/www.abc-latina.com\/mexique\/hotels\">R\u00e9servez votre h\u00f4tel \u00e0 San Cristobal<\/a>&nbsp;<\/div>\n<div><a href=\"https:\/\/www.abc-latina.com\/to\/location_de_voiture_mexique\" target=\"_blank\">Location de voiture<\/a><\/div>\n<p>&nbsp;<\/p>\n","protected":false},"excerpt":{"rendered":"<p>Situ\u00e9e \u00e0 2300 m d&rsquo;altitude dans les montagnes verdoyantes du Chiapas, San Cristobal de las Casas b\u00e9n\u00e9ficie d&rsquo;un climat frais. [&hellip;]<\/p>\n","protected":false},"author":3,"featured_media":342,"parent":2308,"menu_order":0,"comment_status":"closed","ping_status":"closed","template":"","meta":{"site-sidebar-layout":"default","site-content-layout":"","ast-site-content-layout":"default","site-content-style":"default","site-sidebar-style":"default","ast-global-header-display":"","ast-banner-title-visibility":"","ast-main-header-display":"","ast-hfb-above-header-display":"","ast-hfb-below-header-display":"","ast-hfb-mobile-header-display":"","site-post-title":"","ast-breadcrumbs-content":"","ast-featured-img":"","footer-sml-layout":"","ast-disable-related-posts":"","theme-transparent-header-meta":"","adv-header-id-meta":"","stick-header-meta":"","header-above-stick-meta":"","header-main-stick-meta":"","header-below-stick-meta":"","astra-migrate-meta-layouts":"default","ast-page-background-enabled":"default","ast-page-background-meta":{"desktop":{"background-color":"var(--ast-global-color-5)","background-image":"","background-repeat":"repeat","background-position":"center center","background-size":"auto","background-attachment":"scroll","background-type":"","background-media":"","overlay-type":"","overlay-color":"","overlay-opacity":"","overlay-gradient":""},"tablet":{"background-color":"","background-image":"","background-repeat":"repeat","background-position":"center center","background-size":"auto","background-attachment":"scroll","background-type":"","background-media":"","overlay-type":"","overlay-color":"","overlay-opacity":"","overlay-gradient":""},"mobile":{"background-color":"","background-image":"","background-repeat":"repeat","background-position":"center center","background-size":"auto","background-attachment":"scroll","background-type":"","background-media":"","overlay-type":"","overlay-color":"","overlay-opacity":"","overlay-gradient":""}},"ast-content-background-meta":{"desktop":{"background-color":"var(--ast-global-color-4)","background-image":"","background-repeat":"repeat","background-position":"center center","background-size":"auto","background-attachment":"scroll","background-type":"","background-media":"","overlay-type":"","overlay-color":"","overlay-opacity":"","overlay-gradient":""},"tablet":{"background-color":"var(--ast-global-color-4)","background-image":"","background-repeat":"repeat","background-position":"center center","background-size":"auto","background-attachment":"scroll","background-type":"","background-media":"","overlay-type":"","overlay-color":"","overlay-opacity":"","overlay-gradient":""},"mobile":{"background-color":"var(--ast-global-color-4)","background-image":"","background-repeat":"repeat","background-position":"center center","background-size":"auto","background-attachment":"scroll","background-type":"","background-media":"","overlay-type":"","overlay-color":"","overlay-opacity":"","overlay-gradient":""}},"footnotes":""},"class_list":["post-343","page","type-page","status-publish","has-post-thumbnail","hentry"],"yoast_head":"<!-- This site is optimized with the Yoast SEO plugin v27.5 - https:\/\/yoast.com\/product\/yoast-seo-wordpress\/ -->\n<title>SAN CRISTOBAL de LAS CASAS - Abc-latina<\/title>\n<meta name=\"description\" content=\"L&#039;atmosph\u00e8re d\u00e9tendue de San Cristobal de las Casas s&#039;appr\u00e9cie en se promenant dans ses rues bord\u00e9es de bas \u00e9difices en stuc aux toits recouverts de tuiles rouges.\" \/>\n<meta name=\"robots\" content=\"index, follow, max-snippet:-1, max-image-preview:large, max-video-preview:-1\" \/>\n<link rel=\"canonical\" href=\"https:\/\/abc-latina.com\/mexique\/san_cristobal\/\" \/>\n<meta property=\"og:locale\" content=\"fr_FR\" \/>\n<meta property=\"og:type\" content=\"article\" \/>\n<meta property=\"og:title\" content=\"SAN CRISTOBAL de LAS CASAS - Abc-latina\" \/>\n<meta property=\"og:description\" content=\"L&#039;atmosph\u00e8re d\u00e9tendue de San Cristobal de las Casas s&#039;appr\u00e9cie en se promenant dans ses rues bord\u00e9es de bas \u00e9difices en stuc aux toits recouverts de tuiles rouges.\" \/>\n<meta property=\"og:url\" content=\"https:\/\/abc-latina.com\/mexique\/san_cristobal\/\" \/>\n<meta property=\"og:site_name\" content=\"Abc-latina\" \/>\n<meta property=\"article:modified_time\" content=\"2018-06-10T17:33:19+00:00\" \/>\n<meta property=\"og:image\" content=\"https:\/\/abc-latina.com\/wp-content\/uploads\/2010\/06\/san-cristobal.jpg\" \/>\n\t<meta property=\"og:image:width\" content=\"250\" \/>\n\t<meta property=\"og:image:height\" content=\"250\" \/>\n\t<meta property=\"og:image:type\" content=\"image\/jpeg\" \/>\n<meta name=\"twitter:card\" content=\"summary_large_image\" \/>\n<meta name=\"twitter:label1\" content=\"Dur\u00e9e de lecture estim\u00e9e\" \/>\n\t<meta name=\"twitter:data1\" content=\"4 minutes\" \/>\n<script type=\"application\/ld+json\" class=\"yoast-schema-graph\">{\"@context\":\"https:\\\/\\\/schema.org\",\"@graph\":[{\"@type\":\"WebPage\",\"@id\":\"https:\\\/\\\/abc-latina.com\\\/mexique\\\/san_cristobal\\\/\",\"url\":\"https:\\\/\\\/abc-latina.com\\\/mexique\\\/san_cristobal\\\/\",\"name\":\"SAN CRISTOBAL de LAS CASAS - Abc-latina\",\"isPartOf\":{\"@id\":\"https:\\\/\\\/abc-latina.com\\\/#website\"},\"primaryImageOfPage\":{\"@id\":\"https:\\\/\\\/abc-latina.com\\\/mexique\\\/san_cristobal\\\/#primaryimage\"},\"image\":{\"@id\":\"https:\\\/\\\/abc-latina.com\\\/mexique\\\/san_cristobal\\\/#primaryimage\"},\"thumbnailUrl\":\"https:\\\/\\\/abc-latina.com\\\/wp-content\\\/uploads\\\/2010\\\/06\\\/san-cristobal.jpg\",\"datePublished\":\"2010-06-05T21:38:19+00:00\",\"dateModified\":\"2018-06-10T17:33:19+00:00\",\"description\":\"L'atmosph\u00e8re d\u00e9tendue de San Cristobal de las Casas s'appr\u00e9cie en se promenant dans ses rues bord\u00e9es de bas \u00e9difices en stuc aux toits recouverts de tuiles rouges.\",\"breadcrumb\":{\"@id\":\"https:\\\/\\\/abc-latina.com\\\/mexique\\\/san_cristobal\\\/#breadcrumb\"},\"inLanguage\":\"fr-FR\",\"potentialAction\":[{\"@type\":\"ReadAction\",\"target\":[\"https:\\\/\\\/abc-latina.com\\\/mexique\\\/san_cristobal\\\/\"]}]},{\"@type\":\"ImageObject\",\"inLanguage\":\"fr-FR\",\"@id\":\"https:\\\/\\\/abc-latina.com\\\/mexique\\\/san_cristobal\\\/#primaryimage\",\"url\":\"https:\\\/\\\/abc-latina.com\\\/wp-content\\\/uploads\\\/2010\\\/06\\\/san-cristobal.jpg\",\"contentUrl\":\"https:\\\/\\\/abc-latina.com\\\/wp-content\\\/uploads\\\/2010\\\/06\\\/san-cristobal.jpg\",\"width\":250,\"height\":250,\"caption\":\"SAN CRISTOBAL de LAS CASAS\"},{\"@type\":\"BreadcrumbList\",\"@id\":\"https:\\\/\\\/abc-latina.com\\\/mexique\\\/san_cristobal\\\/#breadcrumb\",\"itemListElement\":[{\"@type\":\"ListItem\",\"position\":1,\"name\":\"Accueil\",\"item\":\"https:\\\/\\\/abc-latina.com\\\/\"},{\"@type\":\"ListItem\",\"position\":2,\"name\":\"SAN CRISTOBAL de LAS CASAS\"}]},{\"@type\":\"WebSite\",\"@id\":\"https:\\\/\\\/abc-latina.com\\\/#website\",\"url\":\"https:\\\/\\\/abc-latina.com\\\/\",\"name\":\"Abc-latina\",\"description\":\"\",\"publisher\":{\"@id\":\"https:\\\/\\\/abc-latina.com\\\/#organization\"},\"potentialAction\":[{\"@type\":\"SearchAction\",\"target\":{\"@type\":\"EntryPoint\",\"urlTemplate\":\"https:\\\/\\\/abc-latina.com\\\/?s={search_term_string}\"},\"query-input\":{\"@type\":\"PropertyValueSpecification\",\"valueRequired\":true,\"valueName\":\"search_term_string\"}}],\"inLanguage\":\"fr-FR\"},{\"@type\":\"Organization\",\"@id\":\"https:\\\/\\\/abc-latina.com\\\/#organization\",\"name\":\"Abc-latina\",\"url\":\"https:\\\/\\\/abc-latina.com\\\/\",\"logo\":{\"@type\":\"ImageObject\",\"inLanguage\":\"fr-FR\",\"@id\":\"https:\\\/\\\/abc-latina.com\\\/#\\\/schema\\\/logo\\\/image\\\/\",\"url\":\"https:\\\/\\\/abc-latina.com\\\/wp-content\\\/uploads\\\/2026\\\/05\\\/cropped-logo.gif\",\"contentUrl\":\"https:\\\/\\\/abc-latina.com\\\/wp-content\\\/uploads\\\/2026\\\/05\\\/cropped-logo.gif\",\"width\":89,\"height\":84,\"caption\":\"Abc-latina\"},\"image\":{\"@id\":\"https:\\\/\\\/abc-latina.com\\\/#\\\/schema\\\/logo\\\/image\\\/\"}}]}<\/script>\n<!-- \/ Yoast SEO plugin. -->","yoast_head_json":{"title":"SAN CRISTOBAL de LAS CASAS - Abc-latina","description":"L'atmosph\u00e8re d\u00e9tendue de San Cristobal de las Casas s'appr\u00e9cie en se promenant dans ses rues bord\u00e9es de bas \u00e9difices en stuc aux toits recouverts de tuiles rouges.","robots":{"index":"index","follow":"follow","max-snippet":"max-snippet:-1","max-image-preview":"max-image-preview:large","max-video-preview":"max-video-preview:-1"},"canonical":"https:\/\/abc-latina.com\/mexique\/san_cristobal\/","og_locale":"fr_FR","og_type":"article","og_title":"SAN CRISTOBAL de LAS CASAS - Abc-latina","og_description":"L'atmosph\u00e8re d\u00e9tendue de San Cristobal de las Casas s'appr\u00e9cie en se promenant dans ses rues bord\u00e9es de bas \u00e9difices en stuc aux toits recouverts de tuiles rouges.","og_url":"https:\/\/abc-latina.com\/mexique\/san_cristobal\/","og_site_name":"Abc-latina","article_modified_time":"2018-06-10T17:33:19+00:00","og_image":[{"width":250,"height":250,"url":"https:\/\/abc-latina.com\/wp-content\/uploads\/2010\/06\/san-cristobal.jpg","type":"image\/jpeg"}],"twitter_card":"summary_large_image","twitter_misc":{"Dur\u00e9e de lecture estim\u00e9e":"4 minutes"},"schema":{"@context":"https:\/\/schema.org","@graph":[{"@type":"WebPage","@id":"https:\/\/abc-latina.com\/mexique\/san_cristobal\/","url":"https:\/\/abc-latina.com\/mexique\/san_cristobal\/","name":"SAN CRISTOBAL de LAS CASAS - Abc-latina","isPartOf":{"@id":"https:\/\/abc-latina.com\/#website"},"primaryImageOfPage":{"@id":"https:\/\/abc-latina.com\/mexique\/san_cristobal\/#primaryimage"},"image":{"@id":"https:\/\/abc-latina.com\/mexique\/san_cristobal\/#primaryimage"},"thumbnailUrl":"https:\/\/abc-latina.com\/wp-content\/uploads\/2010\/06\/san-cristobal.jpg","datePublished":"2010-06-05T21:38:19+00:00","dateModified":"2018-06-10T17:33:19+00:00","description":"L'atmosph\u00e8re d\u00e9tendue de San Cristobal de las Casas s'appr\u00e9cie en se promenant dans ses rues bord\u00e9es de bas \u00e9difices en stuc aux toits recouverts de tuiles rouges.","breadcrumb":{"@id":"https:\/\/abc-latina.com\/mexique\/san_cristobal\/#breadcrumb"},"inLanguage":"fr-FR","potentialAction":[{"@type":"ReadAction","target":["https:\/\/abc-latina.com\/mexique\/san_cristobal\/"]}]},{"@type":"ImageObject","inLanguage":"fr-FR","@id":"https:\/\/abc-latina.com\/mexique\/san_cristobal\/#primaryimage","url":"https:\/\/abc-latina.com\/wp-content\/uploads\/2010\/06\/san-cristobal.jpg","contentUrl":"https:\/\/abc-latina.com\/wp-content\/uploads\/2010\/06\/san-cristobal.jpg","width":250,"height":250,"caption":"SAN CRISTOBAL de LAS CASAS"},{"@type":"BreadcrumbList","@id":"https:\/\/abc-latina.com\/mexique\/san_cristobal\/#breadcrumb","itemListElement":[{"@type":"ListItem","position":1,"name":"Accueil","item":"https:\/\/abc-latina.com\/"},{"@type":"ListItem","position":2,"name":"SAN CRISTOBAL de LAS CASAS"}]},{"@type":"WebSite","@id":"https:\/\/abc-latina.com\/#website","url":"https:\/\/abc-latina.com\/","name":"Abc-latina","description":"","publisher":{"@id":"https:\/\/abc-latina.com\/#organization"},"potentialAction":[{"@type":"SearchAction","target":{"@type":"EntryPoint","urlTemplate":"https:\/\/abc-latina.com\/?s={search_term_string}"},"query-input":{"@type":"PropertyValueSpecification","valueRequired":true,"valueName":"search_term_string"}}],"inLanguage":"fr-FR"},{"@type":"Organization","@id":"https:\/\/abc-latina.com\/#organization","name":"Abc-latina","url":"https:\/\/abc-latina.com\/","logo":{"@type":"ImageObject","inLanguage":"fr-FR","@id":"https:\/\/abc-latina.com\/#\/schema\/logo\/image\/","url":"https:\/\/abc-latina.com\/wp-content\/uploads\/2026\/05\/cropped-logo.gif","contentUrl":"https:\/\/abc-latina.com\/wp-content\/uploads\/2026\/05\/cropped-logo.gif","width":89,"height":84,"caption":"Abc-latina"},"image":{"@id":"https:\/\/abc-latina.com\/#\/schema\/logo\/image\/"}}]}},"_links":{"self":[{"href":"https:\/\/abc-latina.com\/wp-json\/wp\/v2\/pages\/343","targetHints":{"allow":["GET"]}}],"collection":[{"href":"https:\/\/abc-latina.com\/wp-json\/wp\/v2\/pages"}],"about":[{"href":"https:\/\/abc-latina.com\/wp-json\/wp\/v2\/types\/page"}],"author":[{"embeddable":true,"href":"https:\/\/abc-latina.com\/wp-json\/wp\/v2\/users\/3"}],"replies":[{"embeddable":true,"href":"https:\/\/abc-latina.com\/wp-json\/wp\/v2\/comments?post=343"}],"version-history":[{"count":0,"href":"https:\/\/abc-latina.com\/wp-json\/wp\/v2\/pages\/343\/revisions"}],"up":[{"embeddable":true,"href":"https:\/\/abc-latina.com\/wp-json\/wp\/v2\/pages\/2308"}],"wp:featuredmedia":[{"embeddable":true,"href":"https:\/\/abc-latina.com\/wp-json\/wp\/v2\/media\/342"}],"wp:attachment":[{"href":"https:\/\/abc-latina.com\/wp-json\/wp\/v2\/media?parent=343"}],"curies":[{"name":"wp","href":"https:\/\/api.w.org\/{rel}","templated":true}]}}